{"id":874,"date":"2014-10-25T09:16:00","date_gmt":"2014-10-25T06:16:00","guid":{"rendered":"https:\/\/blogit.gradia.fi\/sahkonet\/?page_id=874"},"modified":"2015-01-12T20:17:55","modified_gmt":"2015-01-12T18:17:55","slug":"seot50_sahkontuotanto","status":"publish","type":"page","link":"https:\/\/blogit.gradia.fi\/sahkonet\/sahko-ja-energiatekniikka\/oppimistehtavat\/sahkontuotanto-ja-jakelujarjestelmat-seka-pienjanniteverkostot-1kv\/aineistotehtavat\/seot50_sahkontuotanto\/","title":{"rendered":"SEOT50, S\u00e4hk\u00f6n tuotanto"},"content":{"rendered":"<p>25.10.2014<br \/>\nJari Peura<\/p>\n<pre>T\u00e4ss\u00e4 oppimisteht\u00e4v\u00e4ss\u00e4 perehdyt energial\u00e4hteisiin, s\u00e4hk\u00f6markkinoihin sek\u00e4 s\u00e4hk\u00f6verkkoon.<\/pre>\n<h3><span style=\"text-decoration: underline\">Oppimisteht\u00e4v\u00e4:<\/span><\/h3>\n<pre><a href=\"https:\/\/blogit.gradia.fi\/sahkonet\/wp-content\/uploads\/sites\/80\/2014\/10\/SEOT50_Sahkon_tuotanto_its_opt.pdf\">SEOT50 S\u00e4hk\u00f6n tuotanto<\/a><\/pre>\n<h3><span style=\"text-decoration: underline\"><strong>Tausta materiaalia:<\/strong><\/span><\/h3>\n<pre><strong>Energial\u00e4hteet:\r\n<a href=\"http:\/\/energia.fi\/energia-ja-ymparisto\/energialahteet\" target=\"_blank\">http:\/\/energia.fi\/energia-ja-ymparisto\/energialahteet<\/a>\r\n<\/strong><\/pre>\n<pre><strong>S\u00e4hk\u00f6n tuotanto:\r\n<a href=\"http:\/\/energia.fi\/energia-ja-ymparisto\/sahkontuotanto\" target=\"_blank\">http:\/\/energia.fi\/energia-ja-ymparisto\/sahkontuotanto<\/a>\r\n<\/strong><\/pre>\n<pre><strong>S\u00e4hk\u00f6markkinat:\r\n<a href=\"http:\/\/energia.fi\/sahkomarkkinat\/\" target=\"_blank\">http:\/\/energia.fi\/sahkomarkkinat\/<\/a>\r\n\r\n<a href=\"http:\/\/www.fingrid.fi\/fi\/sahkomarkkinat\/Sivut\/default.aspx\" target=\"_blank\">http:\/\/www.fingrid.fi\/fi\/sahkomarkkinat\/Sivut\/default.aspx<\/a>\r\n\r\n<a href=\"https:\/\/www.youtube.com\/watch?v=po1G-vP7_Ew\" target=\"_blank\">https:\/\/www.youtube.com\/watch?v=po1G-vP7_Ew<\/a>\r\n<\/strong><\/pre>\n<pre><strong>S\u00e4hk\u00f6n hinta ja sopimukset:\r\n<a href=\"http:\/\/energia.fi\/sahkomarkkinat\/sahkon-hinta-ja-sopimukset\" target=\"_blank\">http:\/\/energia.fi\/sahkomarkkinat\/sahkon-hinta-ja-sopimukset<\/a>\r\n<\/strong><\/pre>\n<pre><strong>S\u00e4hk\u00f6lasku:\r\n<a href=\"http:\/\/energia.fi\/sahkomarkkinat\/sahkon-hinta-ja-sopimukset\/sahkolasku\/mita-sahkolaskuun-sisaltyy\" target=\"_blank\">http:\/\/energia.fi\/sahkomarkkinat\/sahkon-hinta-ja-sopimukset\/sahkolasku\/mita-sahkolaskuun-sisaltyy<\/a>\r\n<\/strong><\/pre>\n<pre><strong>Kuluttajan energiahinnan muodostuminen:\r\n<a href=\"http:\/\/energia.fi\/sahkomarkkinat\/sahkon-hinta-ja-sopimukset\/mista-sahkon-hinta-muodostuu\" target=\"_blank\">http:\/\/energia.fi\/sahkomarkkinat\/sahkon-hinta-ja-sopimukset\/mista-sahkon-hinta-muodostuu<\/a>\r\n<\/strong><\/pre>\n<pre><strong>S\u00e4hk\u00f6verkko:\r\n<a href=\"http:\/\/energia.fi\/sahkomarkkinat\/sahkoverkko\" target=\"_blank\">http:\/\/energia.fi\/sahkomarkkinat\/sahkoverkko<\/a>\r\n\r\n<a href=\"http:\/\/www.fingrid.fi\/fi\/sahkomarkkinat\/voimajarjestelman-tila\/Sivut\/default.aspx\" target=\"_blank\">http:\/\/www.fingrid.fi\/fi\/sahkomarkkinat\r\n\/voimajarjestelman-tila\/Sivut\/default.aspx<\/a>\r\n\r\n<a href=\"http:\/\/www.fingrid.fi\/fi\/voimajarjestelma\/Sivut\/default.aspx\" target=\"_blank\">http:\/\/www.fingrid.fi\/fi\/voimajarjestelma\/Sivut\/default.aspx<\/a>\r\n\r\n<a href=\"https:\/\/www.youtube.com\/watch?v=BrE1Wir1o7o&amp;feature=plcp\" target=\"_blank\">https:\/\/www.youtube.com\/watch?v=BrE1Wir1o7o&amp;feature=plcp<\/a><\/strong><\/pre>\n","protected":false},"excerpt":{"rendered":"<p>25.10.2014 Jari Peura T\u00e4ss\u00e4 oppimisteht\u00e4v\u00e4ss\u00e4 perehdyt energial\u00e4hteisiin, s\u00e4hk\u00f6markkinoihin sek\u00e4 s\u00e4hk\u00f6verkkoon. Oppimisteht\u00e4v\u00e4: SEOT50 S\u00e4hk\u00f6n tuotanto Tausta materiaalia: Energial\u00e4hteet: http:\/\/energia.fi\/energia-ja-ymparisto\/energialahteet S\u00e4hk\u00f6n tuotanto: http:\/\/energia.fi\/energia-ja-ymparisto\/sahkontuotanto S\u00e4hk\u00f6markkinat: http:\/\/energia.fi\/sahkomarkkinat\/ http:\/\/www.fingrid.fi\/fi\/sahkomarkkinat\/Sivut\/default.aspx https:\/\/www.youtube.com\/watch?v=po1G-vP7_Ew S\u00e4hk\u00f6n hinta ja sopimukset: http:\/\/energia.fi\/sahkomarkkinat\/sahkon-hinta-ja-sopimukset S\u00e4hk\u00f6lasku: http:\/\/energia.fi\/sahkomarkkinat\/sahkon-hinta-ja-sopimukset\/sahkolasku\/mita-sahkolaskuun-sisaltyy Kuluttajan energiahinnan muodostuminen: http:\/\/energia.fi\/sahkomarkkinat\/sahkon-hinta-ja-sopimukset\/mista-sahkon-hinta-muodostuu S\u00e4hk\u00f6verkko: http:\/\/energia.fi\/sahkomarkkinat\/sahkoverkko http:\/\/www.fingrid.fi\/fi\/sahkomarkkinat \/voimajarjestelman-tila\/Sivut\/default.aspx http:\/\/www.fingrid.fi\/fi\/voimajarjestelma\/Sivut\/default.aspx https:\/\/www.youtube.com\/watch?v=BrE1Wir1o7o&amp;feature=plcp<\/p>\n","protected":false},"author":153,"featured_media":0,"parent":198,"menu_order":1,"comment_status":"closed","ping_status":"closed","template":"","meta":{"_uag_custom_page_level_css":"","footnotes":""},"class_list":["post-874","page","type-page","status-publish","hentry"],"yoast_head":"<!-- This site is optimized with the Yoast SEO plugin v27.4 - https:\/\/yoast.com\/product\/yoast-seo-wordpress\/ -->\n<title>SEOT50, S\u00e4hk\u00f6n tuotanto - S\u00e4hk\u00f6Net<\/title>\n<meta name=\"robots\" content=\"index, follow, max-snippet:-1, max-image-preview:large, max-video-preview:-1\" \/>\n<link rel=\"canonical\" href=\"https:\/\/blogit.gradia.fi\/sahkonet\/sahko-ja-energiatekniikka\/oppimistehtavat\/sahkontuotanto-ja-jakelujarjestelmat-seka-pienjanniteverkostot-1kv\/aineistotehtavat\/seot50_sahkontuotanto\/\" \/>\n<meta property=\"og:locale\" content=\"fi_FI\" \/>\n<meta property=\"og:type\" content=\"article\" \/>\n<meta property=\"og:title\" content=\"SEOT50, S\u00e4hk\u00f6n tuotanto - S\u00e4hk\u00f6Net\" \/>\n<meta property=\"og:description\" content=\"25.10.2014 Jari Peura T\u00e4ss\u00e4 oppimisteht\u00e4v\u00e4ss\u00e4 perehdyt energial\u00e4hteisiin, s\u00e4hk\u00f6markkinoihin sek\u00e4 s\u00e4hk\u00f6verkkoon. Oppimisteht\u00e4v\u00e4: SEOT50 S\u00e4hk\u00f6n tuotanto Tausta materiaalia: Energial\u00e4hteet: http:\/\/energia.fi\/energia-ja-ymparisto\/energialahteet S\u00e4hk\u00f6n tuotanto: http:\/\/energia.fi\/energia-ja-ymparisto\/sahkontuotanto S\u00e4hk\u00f6markkinat: http:\/\/energia.fi\/sahkomarkkinat\/ http:\/\/www.fingrid.fi\/fi\/sahkomarkkinat\/Sivut\/default.aspx https:\/\/www.youtube.com\/watch?v=po1G-vP7_Ew S\u00e4hk\u00f6n hinta ja sopimukset: http:\/\/energia.fi\/sahkomarkkinat\/sahkon-hinta-ja-sopimukset S\u00e4hk\u00f6lasku: http:\/\/energia.fi\/sahkomarkkinat\/sahkon-hinta-ja-sopimukset\/sahkolasku\/mita-sahkolaskuun-sisaltyy Kuluttajan energiahinnan muodostuminen: http:\/\/energia.fi\/sahkomarkkinat\/sahkon-hinta-ja-sopimukset\/mista-sahkon-hinta-muodostuu S\u00e4hk\u00f6verkko: http:\/\/energia.fi\/sahkomarkkinat\/sahkoverkko http:\/\/www.fingrid.fi\/fi\/sahkomarkkinat \/voimajarjestelman-tila\/Sivut\/default.aspx http:\/\/www.fingrid.fi\/fi\/voimajarjestelma\/Sivut\/default.aspx https:\/\/www.youtube.com\/watch?v=BrE1Wir1o7o&amp;feature=plcp\" \/>\n<meta property=\"og:url\" content=\"https:\/\/blogit.gradia.fi\/sahkonet\/sahko-ja-energiatekniikka\/oppimistehtavat\/sahkontuotanto-ja-jakelujarjestelmat-seka-pienjanniteverkostot-1kv\/aineistotehtavat\/seot50_sahkontuotanto\/\" \/>\n<meta property=\"og:site_name\" content=\"S\u00e4hk\u00f6Net\" \/>\n<meta property=\"article:modified_time\" content=\"2015-01-12T18:17:55+00:00\" \/>\n<meta name=\"twitter:card\" content=\"summary_large_image\" \/>\n<meta name=\"twitter:label1\" content=\"Arvioitu lukuaika\" \/>\n\t<meta name=\"twitter:data1\" content=\"1 minuutti\" \/>\n<script type=\"application\/ld+json\" class=\"yoast-schema-graph\">{\"@context\":\"https:\\\/\\\/schema.org\",\"@graph\":[{\"@type\":\"WebPage\",\"@id\":\"https:\\\/\\\/blogit.gradia.fi\\\/sahkonet\\\/sahko-ja-energiatekniikka\\\/oppimistehtavat\\\/sahkontuotanto-ja-jakelujarjestelmat-seka-pienjanniteverkostot-1kv\\\/aineistotehtavat\\\/seot50_sahkontuotanto\\\/\",\"url\":\"https:\\\/\\\/blogit.gradia.fi\\\/sahkonet\\\/sahko-ja-energiatekniikka\\\/oppimistehtavat\\\/sahkontuotanto-ja-jakelujarjestelmat-seka-pienjanniteverkostot-1kv\\\/aineistotehtavat\\\/seot50_sahkontuotanto\\\/\",\"name\":\"SEOT50, S\u00e4hk\u00f6n tuotanto - S\u00e4hk\u00f6Net\",\"isPartOf\":{\"@id\":\"https:\\\/\\\/blogit.gradia.fi\\\/sahkonet\\\/#website\"},\"datePublished\":\"2014-10-25T06:16:00+00:00\",\"dateModified\":\"2015-01-12T18:17:55+00:00\",\"breadcrumb\":{\"@id\":\"https:\\\/\\\/blogit.gradia.fi\\\/sahkonet\\\/sahko-ja-energiatekniikka\\\/oppimistehtavat\\\/sahkontuotanto-ja-jakelujarjestelmat-seka-pienjanniteverkostot-1kv\\\/aineistotehtavat\\\/seot50_sahkontuotanto\\\/#breadcrumb\"},\"inLanguage\":\"fi\",\"potentialAction\":[{\"@type\":\"ReadAction\",\"target\":[\"https:\\\/\\\/blogit.gradia.fi\\\/sahkonet\\\/sahko-ja-energiatekniikka\\\/oppimistehtavat\\\/sahkontuotanto-ja-jakelujarjestelmat-seka-pienjanniteverkostot-1kv\\\/aineistotehtavat\\\/seot50_sahkontuotanto\\\/\"]}]},{\"@type\":\"BreadcrumbList\",\"@id\":\"https:\\\/\\\/blogit.gradia.fi\\\/sahkonet\\\/sahko-ja-energiatekniikka\\\/oppimistehtavat\\\/sahkontuotanto-ja-jakelujarjestelmat-seka-pienjanniteverkostot-1kv\\\/aineistotehtavat\\\/seot50_sahkontuotanto\\\/#breadcrumb\",\"itemListElement\":[{\"@type\":\"ListItem\",\"position\":1,\"name\":\"S\u00e4hk\u00f6- ja energiatekniikka (20ov)\",\"item\":\"https:\\\/\\\/blogit.gradia.fi\\\/sahkonet\\\/sahko-ja-energiatekniikka\\\/\"},{\"@type\":\"ListItem\",\"position\":2,\"name\":\"Oppimisteht\u00e4v\u00e4t\",\"item\":\"https:\\\/\\\/blogit.gradia.fi\\\/sahkonet\\\/sahko-ja-energiatekniikka\\\/oppimistehtavat\\\/\"},{\"@type\":\"ListItem\",\"position\":3,\"name\":\"S\u00e4hk\u00f6ntuotanto ja -jakeluj\u00e4rjestelm\u00e4t sek\u00e4 pienj\u00e4nniteverkostot (&lt;1kV)\",\"item\":\"https:\\\/\\\/blogit.gradia.fi\\\/sahkonet\\\/sahko-ja-energiatekniikka\\\/oppimistehtavat\\\/sahkontuotanto-ja-jakelujarjestelmat-seka-pienjanniteverkostot-1kv\\\/\"},{\"@type\":\"ListItem\",\"position\":4,\"name\":\"Aineistoteht\u00e4v\u00e4t\",\"item\":\"https:\\\/\\\/blogit.gradia.fi\\\/sahkonet\\\/sahko-ja-energiatekniikka\\\/oppimistehtavat\\\/sahkontuotanto-ja-jakelujarjestelmat-seka-pienjanniteverkostot-1kv\\\/aineistotehtavat\\\/\"},{\"@type\":\"ListItem\",\"position\":5,\"name\":\"SEOT50, S\u00e4hk\u00f6n tuotanto\"}]},{\"@type\":\"WebSite\",\"@id\":\"https:\\\/\\\/blogit.gradia.fi\\\/sahkonet\\\/#website\",\"url\":\"https:\\\/\\\/blogit.gradia.fi\\\/sahkonet\\\/\",\"name\":\"S\u00e4hk\u00f6Net\",\"description\":\"S\u00e4hk\u00f6- ja automaatiotekniikan perustutkinto\",\"potentialAction\":[{\"@type\":\"SearchAction\",\"target\":{\"@type\":\"EntryPoint\",\"urlTemplate\":\"https:\\\/\\\/blogit.gradia.fi\\\/sahkonet\\\/?s={search_term_string}\"},\"query-input\":{\"@type\":\"PropertyValueSpecification\",\"valueRequired\":true,\"valueName\":\"search_term_string\"}}],\"inLanguage\":\"fi\"}]}<\/script>\n<!-- \/ Yoast SEO plugin. -->","yoast_head_json":{"title":"SEOT50, S\u00e4hk\u00f6n tuotanto - S\u00e4hk\u00f6Net","robots":{"index":"index","follow":"follow","max-snippet":"max-snippet:-1","max-image-preview":"max-image-preview:large","max-video-preview":"max-video-preview:-1"},"canonical":"https:\/\/blogit.gradia.fi\/sahkonet\/sahko-ja-energiatekniikka\/oppimistehtavat\/sahkontuotanto-ja-jakelujarjestelmat-seka-pienjanniteverkostot-1kv\/aineistotehtavat\/seot50_sahkontuotanto\/","og_locale":"fi_FI","og_type":"article","og_title":"SEOT50, S\u00e4hk\u00f6n tuotanto - S\u00e4hk\u00f6Net","og_description":"25.10.2014 Jari Peura T\u00e4ss\u00e4 oppimisteht\u00e4v\u00e4ss\u00e4 perehdyt energial\u00e4hteisiin, s\u00e4hk\u00f6markkinoihin sek\u00e4 s\u00e4hk\u00f6verkkoon. Oppimisteht\u00e4v\u00e4: SEOT50 S\u00e4hk\u00f6n tuotanto Tausta materiaalia: Energial\u00e4hteet: http:\/\/energia.fi\/energia-ja-ymparisto\/energialahteet S\u00e4hk\u00f6n tuotanto: http:\/\/energia.fi\/energia-ja-ymparisto\/sahkontuotanto S\u00e4hk\u00f6markkinat: http:\/\/energia.fi\/sahkomarkkinat\/ http:\/\/www.fingrid.fi\/fi\/sahkomarkkinat\/Sivut\/default.aspx https:\/\/www.youtube.com\/watch?v=po1G-vP7_Ew S\u00e4hk\u00f6n hinta ja sopimukset: http:\/\/energia.fi\/sahkomarkkinat\/sahkon-hinta-ja-sopimukset S\u00e4hk\u00f6lasku: http:\/\/energia.fi\/sahkomarkkinat\/sahkon-hinta-ja-sopimukset\/sahkolasku\/mita-sahkolaskuun-sisaltyy Kuluttajan energiahinnan muodostuminen: http:\/\/energia.fi\/sahkomarkkinat\/sahkon-hinta-ja-sopimukset\/mista-sahkon-hinta-muodostuu S\u00e4hk\u00f6verkko: http:\/\/energia.fi\/sahkomarkkinat\/sahkoverkko http:\/\/www.fingrid.fi\/fi\/sahkomarkkinat \/voimajarjestelman-tila\/Sivut\/default.aspx http:\/\/www.fingrid.fi\/fi\/voimajarjestelma\/Sivut\/default.aspx https:\/\/www.youtube.com\/watch?v=BrE1Wir1o7o&amp;feature=plcp","og_url":"https:\/\/blogit.gradia.fi\/sahkonet\/sahko-ja-energiatekniikka\/oppimistehtavat\/sahkontuotanto-ja-jakelujarjestelmat-seka-pienjanniteverkostot-1kv\/aineistotehtavat\/seot50_sahkontuotanto\/","og_site_name":"S\u00e4hk\u00f6Net","article_modified_time":"2015-01-12T18:17:55+00:00","twitter_card":"summary_large_image","twitter_misc":{"Arvioitu lukuaika":"1 minuutti"},"schema":{"@context":"https:\/\/schema.org","@graph":[{"@type":"WebPage","@id":"https:\/\/blogit.gradia.fi\/sahkonet\/sahko-ja-energiatekniikka\/oppimistehtavat\/sahkontuotanto-ja-jakelujarjestelmat-seka-pienjanniteverkostot-1kv\/aineistotehtavat\/seot50_sahkontuotanto\/","url":"https:\/\/blogit.gradia.fi\/sahkonet\/sahko-ja-energiatekniikka\/oppimistehtavat\/sahkontuotanto-ja-jakelujarjestelmat-seka-pienjanniteverkostot-1kv\/aineistotehtavat\/seot50_sahkontuotanto\/","name":"SEOT50, S\u00e4hk\u00f6n tuotanto - S\u00e4hk\u00f6Net","isPartOf":{"@id":"https:\/\/blogit.gradia.fi\/sahkonet\/#website"},"datePublished":"2014-10-25T06:16:00+00:00","dateModified":"2015-01-12T18:17:55+00:00","breadcrumb":{"@id":"https:\/\/blogit.gradia.fi\/sahkonet\/sahko-ja-energiatekniikka\/oppimistehtavat\/sahkontuotanto-ja-jakelujarjestelmat-seka-pienjanniteverkostot-1kv\/aineistotehtavat\/seot50_sahkontuotanto\/#breadcrumb"},"inLanguage":"fi","potentialAction":[{"@type":"ReadAction","target":["https:\/\/blogit.gradia.fi\/sahkonet\/sahko-ja-energiatekniikka\/oppimistehtavat\/sahkontuotanto-ja-jakelujarjestelmat-seka-pienjanniteverkostot-1kv\/aineistotehtavat\/seot50_sahkontuotanto\/"]}]},{"@type":"BreadcrumbList","@id":"https:\/\/blogit.gradia.fi\/sahkonet\/sahko-ja-energiatekniikka\/oppimistehtavat\/sahkontuotanto-ja-jakelujarjestelmat-seka-pienjanniteverkostot-1kv\/aineistotehtavat\/seot50_sahkontuotanto\/#breadcrumb","itemListElement":[{"@type":"ListItem","position":1,"name":"S\u00e4hk\u00f6- ja energiatekniikka (20ov)","item":"https:\/\/blogit.gradia.fi\/sahkonet\/sahko-ja-energiatekniikka\/"},{"@type":"ListItem","position":2,"name":"Oppimisteht\u00e4v\u00e4t","item":"https:\/\/blogit.gradia.fi\/sahkonet\/sahko-ja-energiatekniikka\/oppimistehtavat\/"},{"@type":"ListItem","position":3,"name":"S\u00e4hk\u00f6ntuotanto ja -jakeluj\u00e4rjestelm\u00e4t sek\u00e4 pienj\u00e4nniteverkostot (&lt;1kV)","item":"https:\/\/blogit.gradia.fi\/sahkonet\/sahko-ja-energiatekniikka\/oppimistehtavat\/sahkontuotanto-ja-jakelujarjestelmat-seka-pienjanniteverkostot-1kv\/"},{"@type":"ListItem","position":4,"name":"Aineistoteht\u00e4v\u00e4t","item":"https:\/\/blogit.gradia.fi\/sahkonet\/sahko-ja-energiatekniikka\/oppimistehtavat\/sahkontuotanto-ja-jakelujarjestelmat-seka-pienjanniteverkostot-1kv\/aineistotehtavat\/"},{"@type":"ListItem","position":5,"name":"SEOT50, S\u00e4hk\u00f6n tuotanto"}]},{"@type":"WebSite","@id":"https:\/\/blogit.gradia.fi\/sahkonet\/#website","url":"https:\/\/blogit.gradia.fi\/sahkonet\/","name":"S\u00e4hk\u00f6Net","description":"S\u00e4hk\u00f6- ja automaatiotekniikan perustutkinto","potentialAction":[{"@type":"SearchAction","target":{"@type":"EntryPoint","urlTemplate":"https:\/\/blogit.gradia.fi\/sahkonet\/?s={search_term_string}"},"query-input":{"@type":"PropertyValueSpecification","valueRequired":true,"valueName":"search_term_string"}}],"inLanguage":"fi"}]}},"uagb_featured_image_src":{"full":false,"thumbnail":false,"medium":false,"medium_large":false,"large":false,"1536x1536":false,"2048x2048":false,"post-thumbnail":false,"twentyfourteen-full-width":false},"uagb_author_info":{"display_name":"Minna Puoliv\u00e4li","author_link":"https:\/\/blogit.gradia.fi\/sahkonet\/author\/puolimin\/"},"uagb_comment_info":0,"uagb_excerpt":"25.10.2014 Jari Peura T\u00e4ss\u00e4 oppimisteht\u00e4v\u00e4ss\u00e4 perehdyt energial\u00e4hteisiin, s\u00e4hk\u00f6markkinoihin sek\u00e4 s\u00e4hk\u00f6verkkoon. Oppimisteht\u00e4v\u00e4: SEOT50 S\u00e4hk\u00f6n tuotanto Tausta materiaalia: Energial\u00e4hteet: http:\/\/energia.fi\/energia-ja-ymparisto\/energialahteet S\u00e4hk\u00f6n tuotanto: http:\/\/energia.fi\/energia-ja-ymparisto\/sahkontuotanto S\u00e4hk\u00f6markkinat: http:\/\/energia.fi\/sahkomarkkinat\/ http:\/\/www.fingrid.fi\/fi\/sahkomarkkinat\/Sivut\/default.aspx https:\/\/www.youtube.com\/watch?v=po1G-vP7_Ew S\u00e4hk\u00f6n hinta ja sopimukset: http:\/\/energia.fi\/sahkomarkkinat\/sahkon-hinta-ja-sopimukset S\u00e4hk\u00f6lasku: http:\/\/energia.fi\/sahkomarkkinat\/sahkon-hinta-ja-sopimukset\/sahkolasku\/mita-sahkolaskuun-sisaltyy Kuluttajan energiahinnan muodostuminen: http:\/\/energia.fi\/sahkomarkkinat\/sahkon-hinta-ja-sopimukset\/mista-sahkon-hinta-muodostuu S\u00e4hk\u00f6verkko: http:\/\/energia.fi\/sahkomarkkinat\/sahkoverkko http:\/\/www.fingrid.fi\/fi\/sahkomarkkinat \/voimajarjestelman-tila\/Sivut\/default.aspx http:\/\/www.fingrid.fi\/fi\/voimajarjestelma\/Sivut\/default.aspx https:\/\/www.youtube.com\/watch?v=BrE1Wir1o7o&amp;feature=plcp","_links":{"self":[{"href":"https:\/\/blogit.gradia.fi\/sahkonet\/wp-json\/wp\/v2\/pages\/874","targetHints":{"allow":["GET"]}}],"collection":[{"href":"https:\/\/blogit.gradia.fi\/sahkonet\/wp-json\/wp\/v2\/pages"}],"about":[{"href":"https:\/\/blogit.gradia.fi\/sahkonet\/wp-json\/wp\/v2\/types\/page"}],"author":[{"embeddable":true,"href":"https:\/\/blogit.gradia.fi\/sahkonet\/wp-json\/wp\/v2\/users\/153"}],"replies":[{"embeddable":true,"href":"https:\/\/blogit.gradia.fi\/sahkonet\/wp-json\/wp\/v2\/comments?post=874"}],"version-history":[{"count":0,"href":"https:\/\/blogit.gradia.fi\/sahkonet\/wp-json\/wp\/v2\/pages\/874\/revisions"}],"up":[{"embeddable":true,"href":"https:\/\/blogit.gradia.fi\/sahkonet\/wp-json\/wp\/v2\/pages\/198"}],"wp:attachment":[{"href":"https:\/\/blogit.gradia.fi\/sahkonet\/wp-json\/wp\/v2\/media?parent=874"}],"curies":[{"name":"wp","href":"https:\/\/api.w.org\/{rel}","templated":true}]}}