{"id":87,"date":"2014-04-27T19:58:41","date_gmt":"2014-04-27T16:58:41","guid":{"rendered":"https:\/\/blogit.gradia.fi\/sahkonet\/?page_id=87"},"modified":"2014-10-25T09:26:57","modified_gmt":"2014-10-25T06:26:57","slug":"sisajohtoasennukset","status":"publish","type":"page","link":"https:\/\/blogit.gradia.fi\/sahkonet\/sahko-ja-automaatioasennukset\/oppimistehtavat\/kiinteistojen-sahkoasennukset\/sisajohtoasennukset\/","title":{"rendered":"Sis\u00e4johtoasennukset"},"content":{"rendered":"<p>P\u00e4ivitetty 13.10.2014\/JPe<br \/>\n10.8.2014<br \/>\nJari Peura<\/p>\n<p>&nbsp;<\/p>\n<h3><b><span style=\"text-decoration: underline\">Oppimisteht\u00e4v\u00e4t liittyv\u00e4t seuraaviin opintoihin:<\/span><\/b><\/h3>\n<p><b><span style=\"text-decoration: underline\">Tutkinnon osan nimi:<\/span><\/b> S\u00e4hk\u00f6- ja automaatioasennukset<br \/>\n<b><span style=\"text-decoration: underline\">Opintojakson nimi:<\/span><\/b> Kiinteist\u00f6jen s\u00e4hk\u00f6- ja automaatioasennukset<br \/>\n<b><span style=\"text-decoration: underline\">Opintojakson kesto:<\/span><\/b> 3ov<br \/>\n<b><span style=\"text-decoration: underline\">Oppimisteht\u00e4v\u00e4n nimi:<\/span><\/b> Sis\u00e4johtoasennukset<br \/>\n<b><span style=\"text-decoration: underline\">Vastuu opettaja(t):<\/span><\/b> Jari Peura ja Markku H\u00e4nninen<\/p>\n<p><strong><span style=\"text-decoration: underline\">Oppimisteht\u00e4v\u00e4t:<\/span><\/strong><\/p>\n<ul>\n<li>SAOT1, S\u00e4hk\u00f6turvallisuus<\/li>\n<li>SAOT2, Sis\u00e4johtoasennuksien perusteet<\/li>\n<li>SAOT3, Sis\u00e4johtoasennukset, tarvikkeiden tuntemus<\/li>\n<li>SAOT4, Valaistus- ja pistorasiaryhm\u00e4n asennus 1<\/li>\n<li>SAOT5, Valaistus- ja pistorasiaryhm\u00e4n asennus 2<\/li>\n<li>SAOT6, Valojen ohjaus valons\u00e4\u00e4timell\u00e4 ja liiketunnistimella<\/li>\n<li>SAOT7, Valojen ohjaus 230V:n painikkeilla<\/li>\n<li>SAOT8, Valojen ohjaus porrasvaloautomaatilla<\/li>\n<li>SAOT9, Ulkovalon ja pistorasian ohjaus kello- ja h\u00e4m\u00e4r\u00e4kytkimell\u00e4<\/li>\n<li>SAOT10, Valojen ohjaus 24V:n painikkeilla<\/li>\n<li>SAOT11, Lieden asennus<\/li>\n<li>SAOT12, Kiukaan asennus<\/li>\n<\/ul>\n<p>&nbsp;<\/p>\n<h3><b><span style=\"text-decoration: underline\">TAVOITE:<\/span><\/b><\/h3>\n<ul>\n<li>Oppimisteht\u00e4vien j\u00e4lkeen opiskelija:\n<ul>\n<li>kykenee k\u00e4ytt\u00e4m\u00e4\u00e4n ja tulkitsemaan asennusteknisi\u00e4 dokumentteja<\/li>\n<li>kykenee tekem\u00e4\u00e4n huoneiston s\u00e4hk\u00f6asennuksia<\/li>\n<li>tiet\u00e4\u00e4 mist\u00e4 dokumenteista l\u00f6ytyy s\u00e4hk\u00f6alan keskeiset lains\u00e4\u00e4d\u00e4nn\u00f6t, asetukset, normit sek\u00e4 ohjeet<\/li>\n<\/ul>\n<p>&nbsp;<\/li>\n<\/ul>\n<h3><strong><span style=\"text-decoration: underline\">TAUSTA TIETOA:<\/span><\/strong><\/h3>\n<p>Sis\u00e4johtoasennukset kirjassa on kerrottu taustatietoa sis\u00e4johtoasennuksista.<\/p>\n<h3><b><span style=\"text-decoration: underline\">S\u00c4HK\u00d6TURVALLISUUS:<\/span><\/b><\/h3>\n<p>T\u00e4m\u00e4n teht\u00e4v\u00e4n yhteydess\u00e4 tutustutaan s\u00e4hk\u00f6turvallisuuslakiin, -asetuksiin sek\u00e4 keskeisiin ministeri\u00f6iden p\u00e4\u00e4t\u00f6ksiin.<\/p>\n<p>Asennusteht\u00e4vien yhteydess\u00e4 kiinnitett\u00e4\u00e4n erityist\u00e4 huomiota s\u00e4hk\u00f6ty\u00f6turvallisuuteen sek\u00e4 k\u00e4ytt\u00f6\u00f6nottotarkastusten tekoon.<\/p>\n<h3><span style=\"text-decoration: underline\"><strong>TEHT\u00c4VIEN PALAUTUS:<\/strong><\/span><\/h3>\n<h5>S\u00e4hk\u00f6turvallisuuden oppimisteht\u00e4v\u00e4t:<\/h5>\n<ul>\n<li>Teht\u00e4viin vastataan kysymyslomakkeille<\/li>\n<li>Kun tiimi on tehnyt teht\u00e4v\u00e4t h\u00e4n n\u00e4ytt\u00e4\u00e4 ne ohjaavalle opettajalle -&gt; opettaja kirjaa suoritusmerkinn\u00e4n wilmaan.<\/li>\n<\/ul>\n<h5>Itsen\u00e4iset oppimisteht\u00e4v\u00e4t:<\/h5>\n<ul>\n<li>Itsen\u00e4isi\u00e4 oppimisteht\u00e4vi\u00e4 varten opiskelija hankkii kirjan Sis\u00e4johtoasennukset &#8211; Jukka Ahoranta.<\/li>\n<li>Lue ensin kappaleet ja tee sen j\u00e4lkeen teht\u00e4v\u00e4t tehd\u00e4\u00e4n kirjaan.<\/li>\n<li>Kun opiskelija on tehnyt teht\u00e4v\u00e4t h\u00e4n n\u00e4ytt\u00e4\u00e4 ne opettajalle -&gt; opettaja kirjaa suoritusmerkinn\u00e4n wilmaan.<\/li>\n<\/ul>\n<h5>Tiimin oppimisteht\u00e4v\u00e4t:<\/h5>\n<ul>\n<li>Tiimin oppimisteht\u00e4vist\u00e4 jokainen opiskelija tekee blogi p\u00e4ivityksen omaan blogiinsa = oppimisp\u00e4iv\u00e4kirja\n<ul>\n<li>Videoita, kuvia ja teksti\u00e4<\/li>\n<\/ul>\n<\/li>\n<li>Oppimisteht\u00e4vien edetess\u00e4 tehd\u00e4\u00e4n k\u00e4ytt\u00f6\u00f6nottotarkastukset SFS6002 ohjeiden mukaisesti.<\/li>\n<li>Oppimisteht\u00e4v\u00e4n ollessa valmis se tarkastutetaan ohjaavalla opettajalla.<\/li>\n<li>Opettajan annetua lupa, tiimi purkaa asennukset, vie tarviikkeet paikalleen ja siivoa ty\u00f6pisteen -&gt; Lopputarkastus opettajalla -&gt; Opettaja kirjaa t\u00e4ss\u00e4 vaiheessa suoritusmerkinn\u00e4t wilmaan.<\/li>\n<\/ul>\n","protected":false},"excerpt":{"rendered":"<p>P\u00e4ivitetty 13.10.2014\/JPe 10.8.2014 Jari Peura &nbsp; Oppimisteht\u00e4v\u00e4t liittyv\u00e4t seuraaviin opintoihin: Tutkinnon osan nimi: S\u00e4hk\u00f6- ja automaatioasennukset Opintojakson nimi: Kiinteist\u00f6jen s\u00e4hk\u00f6- ja automaatioasennukset Opintojakson kesto: 3ov Oppimisteht\u00e4v\u00e4n nimi: Sis\u00e4johtoasennukset Vastuu opettaja(t): Jari Peura ja Markku H\u00e4nninen Oppimisteht\u00e4v\u00e4t: SAOT1, S\u00e4hk\u00f6turvallisuus SAOT2, Sis\u00e4johtoasennuksien perusteet SAOT3, Sis\u00e4johtoasennukset, tarvikkeiden tuntemus SAOT4, Valaistus- ja pistorasiaryhm\u00e4n asennus 1 SAOT5, Valaistus- ja pistorasiaryhm\u00e4n &hellip; <a href=\"https:\/\/blogit.gradia.fi\/sahkonet\/sahko-ja-automaatioasennukset\/oppimistehtavat\/kiinteistojen-sahkoasennukset\/sisajohtoasennukset\/\" class=\"more-link\">Jatka lukemista <span class=\"screen-reader-text\">Sis\u00e4johtoasennukset<\/span> <span class=\"meta-nav\">&rarr;<\/span><\/a><\/p>\n","protected":false},"author":153,"featured_media":0,"parent":70,"menu_order":0,"comment_status":"closed","ping_status":"closed","template":"","meta":{"_uag_custom_page_level_css":"","footnotes":""},"class_list":["post-87","page","type-page","status-publish","hentry"],"yoast_head":"<!-- This site is optimized with the Yoast SEO plugin v27.4 - https:\/\/yoast.com\/product\/yoast-seo-wordpress\/ -->\n<title>Sis\u00e4johtoasennukset - S\u00e4hk\u00f6Net<\/title>\n<meta name=\"robots\" content=\"index, follow, max-snippet:-1, max-image-preview:large, max-video-preview:-1\" \/>\n<link rel=\"canonical\" href=\"https:\/\/blogit.gradia.fi\/sahkonet\/sahko-ja-automaatioasennukset\/oppimistehtavat\/kiinteistojen-sahkoasennukset\/sisajohtoasennukset\/\" \/>\n<meta property=\"og:locale\" content=\"fi_FI\" \/>\n<meta property=\"og:type\" content=\"article\" \/>\n<meta property=\"og:title\" content=\"Sis\u00e4johtoasennukset - S\u00e4hk\u00f6Net\" \/>\n<meta property=\"og:description\" content=\"P\u00e4ivitetty 13.10.2014\/JPe 10.8.2014 Jari Peura &nbsp; Oppimisteht\u00e4v\u00e4t liittyv\u00e4t seuraaviin opintoihin: Tutkinnon osan nimi: S\u00e4hk\u00f6- ja automaatioasennukset Opintojakson nimi: Kiinteist\u00f6jen s\u00e4hk\u00f6- ja automaatioasennukset Opintojakson kesto: 3ov Oppimisteht\u00e4v\u00e4n nimi: Sis\u00e4johtoasennukset Vastuu opettaja(t): Jari Peura ja Markku H\u00e4nninen Oppimisteht\u00e4v\u00e4t: SAOT1, S\u00e4hk\u00f6turvallisuus SAOT2, Sis\u00e4johtoasennuksien perusteet SAOT3, Sis\u00e4johtoasennukset, tarvikkeiden tuntemus SAOT4, Valaistus- ja pistorasiaryhm\u00e4n asennus 1 SAOT5, Valaistus- ja pistorasiaryhm\u00e4n &hellip; Jatka lukemista Sis\u00e4johtoasennukset &rarr;\" \/>\n<meta property=\"og:url\" content=\"https:\/\/blogit.gradia.fi\/sahkonet\/sahko-ja-automaatioasennukset\/oppimistehtavat\/kiinteistojen-sahkoasennukset\/sisajohtoasennukset\/\" \/>\n<meta property=\"og:site_name\" content=\"S\u00e4hk\u00f6Net\" \/>\n<meta property=\"article:modified_time\" content=\"2014-10-25T06:26:57+00:00\" \/>\n<meta name=\"twitter:card\" content=\"summary_large_image\" \/>\n<meta name=\"twitter:label1\" content=\"Arvioitu lukuaika\" \/>\n\t<meta name=\"twitter:data1\" content=\"2 minuuttia\" \/>\n<script type=\"application\/ld+json\" class=\"yoast-schema-graph\">{\"@context\":\"https:\\\/\\\/schema.org\",\"@graph\":[{\"@type\":\"WebPage\",\"@id\":\"https:\\\/\\\/blogit.gradia.fi\\\/sahkonet\\\/sahko-ja-automaatioasennukset\\\/oppimistehtavat\\\/kiinteistojen-sahkoasennukset\\\/sisajohtoasennukset\\\/\",\"url\":\"https:\\\/\\\/blogit.gradia.fi\\\/sahkonet\\\/sahko-ja-automaatioasennukset\\\/oppimistehtavat\\\/kiinteistojen-sahkoasennukset\\\/sisajohtoasennukset\\\/\",\"name\":\"Sis\u00e4johtoasennukset - S\u00e4hk\u00f6Net\",\"isPartOf\":{\"@id\":\"https:\\\/\\\/blogit.gradia.fi\\\/sahkonet\\\/#website\"},\"datePublished\":\"2014-04-27T16:58:41+00:00\",\"dateModified\":\"2014-10-25T06:26:57+00:00\",\"breadcrumb\":{\"@id\":\"https:\\\/\\\/blogit.gradia.fi\\\/sahkonet\\\/sahko-ja-automaatioasennukset\\\/oppimistehtavat\\\/kiinteistojen-sahkoasennukset\\\/sisajohtoasennukset\\\/#breadcrumb\"},\"inLanguage\":\"fi\",\"potentialAction\":[{\"@type\":\"ReadAction\",\"target\":[\"https:\\\/\\\/blogit.gradia.fi\\\/sahkonet\\\/sahko-ja-automaatioasennukset\\\/oppimistehtavat\\\/kiinteistojen-sahkoasennukset\\\/sisajohtoasennukset\\\/\"]}]},{\"@type\":\"BreadcrumbList\",\"@id\":\"https:\\\/\\\/blogit.gradia.fi\\\/sahkonet\\\/sahko-ja-automaatioasennukset\\\/oppimistehtavat\\\/kiinteistojen-sahkoasennukset\\\/sisajohtoasennukset\\\/#breadcrumb\",\"itemListElement\":[{\"@type\":\"ListItem\",\"position\":1,\"name\":\"S\u00e4hk\u00f6- ja automaatioasennukset (20ov)\",\"item\":\"https:\\\/\\\/blogit.gradia.fi\\\/sahkonet\\\/sahko-ja-automaatioasennukset\\\/\"},{\"@type\":\"ListItem\",\"position\":2,\"name\":\"Oppimisteht\u00e4v\u00e4t\",\"item\":\"https:\\\/\\\/blogit.gradia.fi\\\/sahkonet\\\/sahko-ja-automaatioasennukset\\\/oppimistehtavat\\\/\"},{\"@type\":\"ListItem\",\"position\":3,\"name\":\"Kiinteist\u00f6jen s\u00e4hk\u00f6asennukset\",\"item\":\"https:\\\/\\\/blogit.gradia.fi\\\/sahkonet\\\/sahko-ja-automaatioasennukset\\\/oppimistehtavat\\\/kiinteistojen-sahkoasennukset\\\/\"},{\"@type\":\"ListItem\",\"position\":4,\"name\":\"Sis\u00e4johtoasennukset\"}]},{\"@type\":\"WebSite\",\"@id\":\"https:\\\/\\\/blogit.gradia.fi\\\/sahkonet\\\/#website\",\"url\":\"https:\\\/\\\/blogit.gradia.fi\\\/sahkonet\\\/\",\"name\":\"S\u00e4hk\u00f6Net\",\"description\":\"S\u00e4hk\u00f6- ja automaatiotekniikan perustutkinto\",\"potentialAction\":[{\"@type\":\"SearchAction\",\"target\":{\"@type\":\"EntryPoint\",\"urlTemplate\":\"https:\\\/\\\/blogit.gradia.fi\\\/sahkonet\\\/?s={search_term_string}\"},\"query-input\":{\"@type\":\"PropertyValueSpecification\",\"valueRequired\":true,\"valueName\":\"search_term_string\"}}],\"inLanguage\":\"fi\"}]}<\/script>\n<!-- \/ Yoast SEO plugin. -->","yoast_head_json":{"title":"Sis\u00e4johtoasennukset - S\u00e4hk\u00f6Net","robots":{"index":"index","follow":"follow","max-snippet":"max-snippet:-1","max-image-preview":"max-image-preview:large","max-video-preview":"max-video-preview:-1"},"canonical":"https:\/\/blogit.gradia.fi\/sahkonet\/sahko-ja-automaatioasennukset\/oppimistehtavat\/kiinteistojen-sahkoasennukset\/sisajohtoasennukset\/","og_locale":"fi_FI","og_type":"article","og_title":"Sis\u00e4johtoasennukset - S\u00e4hk\u00f6Net","og_description":"P\u00e4ivitetty 13.10.2014\/JPe 10.8.2014 Jari Peura &nbsp; Oppimisteht\u00e4v\u00e4t liittyv\u00e4t seuraaviin opintoihin: Tutkinnon osan nimi: S\u00e4hk\u00f6- ja automaatioasennukset Opintojakson nimi: Kiinteist\u00f6jen s\u00e4hk\u00f6- ja automaatioasennukset Opintojakson kesto: 3ov Oppimisteht\u00e4v\u00e4n nimi: Sis\u00e4johtoasennukset Vastuu opettaja(t): Jari Peura ja Markku H\u00e4nninen Oppimisteht\u00e4v\u00e4t: SAOT1, S\u00e4hk\u00f6turvallisuus SAOT2, Sis\u00e4johtoasennuksien perusteet SAOT3, Sis\u00e4johtoasennukset, tarvikkeiden tuntemus SAOT4, Valaistus- ja pistorasiaryhm\u00e4n asennus 1 SAOT5, Valaistus- ja pistorasiaryhm\u00e4n &hellip; Jatka lukemista Sis\u00e4johtoasennukset &rarr;","og_url":"https:\/\/blogit.gradia.fi\/sahkonet\/sahko-ja-automaatioasennukset\/oppimistehtavat\/kiinteistojen-sahkoasennukset\/sisajohtoasennukset\/","og_site_name":"S\u00e4hk\u00f6Net","article_modified_time":"2014-10-25T06:26:57+00:00","twitter_card":"summary_large_image","twitter_misc":{"Arvioitu lukuaika":"2 minuuttia"},"schema":{"@context":"https:\/\/schema.org","@graph":[{"@type":"WebPage","@id":"https:\/\/blogit.gradia.fi\/sahkonet\/sahko-ja-automaatioasennukset\/oppimistehtavat\/kiinteistojen-sahkoasennukset\/sisajohtoasennukset\/","url":"https:\/\/blogit.gradia.fi\/sahkonet\/sahko-ja-automaatioasennukset\/oppimistehtavat\/kiinteistojen-sahkoasennukset\/sisajohtoasennukset\/","name":"Sis\u00e4johtoasennukset - S\u00e4hk\u00f6Net","isPartOf":{"@id":"https:\/\/blogit.gradia.fi\/sahkonet\/#website"},"datePublished":"2014-04-27T16:58:41+00:00","dateModified":"2014-10-25T06:26:57+00:00","breadcrumb":{"@id":"https:\/\/blogit.gradia.fi\/sahkonet\/sahko-ja-automaatioasennukset\/oppimistehtavat\/kiinteistojen-sahkoasennukset\/sisajohtoasennukset\/#breadcrumb"},"inLanguage":"fi","potentialAction":[{"@type":"ReadAction","target":["https:\/\/blogit.gradia.fi\/sahkonet\/sahko-ja-automaatioasennukset\/oppimistehtavat\/kiinteistojen-sahkoasennukset\/sisajohtoasennukset\/"]}]},{"@type":"BreadcrumbList","@id":"https:\/\/blogit.gradia.fi\/sahkonet\/sahko-ja-automaatioasennukset\/oppimistehtavat\/kiinteistojen-sahkoasennukset\/sisajohtoasennukset\/#breadcrumb","itemListElement":[{"@type":"ListItem","position":1,"name":"S\u00e4hk\u00f6- ja automaatioasennukset (20ov)","item":"https:\/\/blogit.gradia.fi\/sahkonet\/sahko-ja-automaatioasennukset\/"},{"@type":"ListItem","position":2,"name":"Oppimisteht\u00e4v\u00e4t","item":"https:\/\/blogit.gradia.fi\/sahkonet\/sahko-ja-automaatioasennukset\/oppimistehtavat\/"},{"@type":"ListItem","position":3,"name":"Kiinteist\u00f6jen s\u00e4hk\u00f6asennukset","item":"https:\/\/blogit.gradia.fi\/sahkonet\/sahko-ja-automaatioasennukset\/oppimistehtavat\/kiinteistojen-sahkoasennukset\/"},{"@type":"ListItem","position":4,"name":"Sis\u00e4johtoasennukset"}]},{"@type":"WebSite","@id":"https:\/\/blogit.gradia.fi\/sahkonet\/#website","url":"https:\/\/blogit.gradia.fi\/sahkonet\/","name":"S\u00e4hk\u00f6Net","description":"S\u00e4hk\u00f6- ja automaatiotekniikan perustutkinto","potentialAction":[{"@type":"SearchAction","target":{"@type":"EntryPoint","urlTemplate":"https:\/\/blogit.gradia.fi\/sahkonet\/?s={search_term_string}"},"query-input":{"@type":"PropertyValueSpecification","valueRequired":true,"valueName":"search_term_string"}}],"inLanguage":"fi"}]}},"uagb_featured_image_src":{"full":false,"thumbnail":false,"medium":false,"medium_large":false,"large":false,"1536x1536":false,"2048x2048":false,"post-thumbnail":false,"twentyfourteen-full-width":false},"uagb_author_info":{"display_name":"Minna Puoliv\u00e4li","author_link":"https:\/\/blogit.gradia.fi\/sahkonet\/author\/puolimin\/"},"uagb_comment_info":0,"uagb_excerpt":"P\u00e4ivitetty 13.10.2014\/JPe 10.8.2014 Jari Peura &nbsp; Oppimisteht\u00e4v\u00e4t liittyv\u00e4t seuraaviin opintoihin: Tutkinnon osan nimi: S\u00e4hk\u00f6- ja automaatioasennukset Opintojakson nimi: Kiinteist\u00f6jen s\u00e4hk\u00f6- ja automaatioasennukset Opintojakson kesto: 3ov Oppimisteht\u00e4v\u00e4n nimi: Sis\u00e4johtoasennukset Vastuu opettaja(t): Jari Peura ja Markku H\u00e4nninen Oppimisteht\u00e4v\u00e4t: SAOT1, S\u00e4hk\u00f6turvallisuus SAOT2, Sis\u00e4johtoasennuksien perusteet SAOT3, Sis\u00e4johtoasennukset, tarvikkeiden tuntemus SAOT4, Valaistus- ja pistorasiaryhm\u00e4n asennus 1 SAOT5, Valaistus- ja pistorasiaryhm\u00e4n&hellip;","_links":{"self":[{"href":"https:\/\/blogit.gradia.fi\/sahkonet\/wp-json\/wp\/v2\/pages\/87","targetHints":{"allow":["GET"]}}],"collection":[{"href":"https:\/\/blogit.gradia.fi\/sahkonet\/wp-json\/wp\/v2\/pages"}],"about":[{"href":"https:\/\/blogit.gradia.fi\/sahkonet\/wp-json\/wp\/v2\/types\/page"}],"author":[{"embeddable":true,"href":"https:\/\/blogit.gradia.fi\/sahkonet\/wp-json\/wp\/v2\/users\/153"}],"replies":[{"embeddable":true,"href":"https:\/\/blogit.gradia.fi\/sahkonet\/wp-json\/wp\/v2\/comments?post=87"}],"version-history":[{"count":0,"href":"https:\/\/blogit.gradia.fi\/sahkonet\/wp-json\/wp\/v2\/pages\/87\/revisions"}],"up":[{"embeddable":true,"href":"https:\/\/blogit.gradia.fi\/sahkonet\/wp-json\/wp\/v2\/pages\/70"}],"wp:attachment":[{"href":"https:\/\/blogit.gradia.fi\/sahkonet\/wp-json\/wp\/v2\/media?parent=87"}],"curies":[{"name":"wp","href":"https:\/\/api.w.org\/{rel}","templated":true}]}}