{"id":858,"date":"2014-10-15T09:48:37","date_gmt":"2014-10-15T06:48:37","guid":{"rendered":"https:\/\/blogit.gradia.fi\/sahkonet\/?page_id=858"},"modified":"2015-03-23T09:41:56","modified_gmt":"2015-03-23T07:41:56","slug":"saot13-putkitusharjoitus-1","status":"publish","type":"page","link":"https:\/\/blogit.gradia.fi\/sahkonet\/sahko-ja-automaatioasennukset\/oppimistehtavat\/kiinteistojen-sahkoasennukset\/sisajohtoasennukset\/saot13-putkitusharjoitus-1\/","title":{"rendered":"SAOT13, Putkitusharjoitus 1"},"content":{"rendered":"<p>23.3.2015<br \/>\nJari Peura<\/p>\n<h3><span style=\"text-decoration: underline\"><strong>TEHT\u00c4V\u00c4N TAVOITE<\/strong><\/span><\/h3>\n<pre>Oppimisteht\u00e4v\u00e4n tavoitteena on\r\n- oppia tunnistamaan ja valitsemaan oikeat tarvikkeet putkelliseen asennukseen\r\n- oppia tekem\u00e4\u00e4n putkellisia asennuksia\r\n- oppia kytkem\u00e4\u00e4n valaistusohjauksia ja pistorasioita.<\/pre>\n<h3><span style=\"text-decoration: underline\"><b>TIIMIN OPPIMISTEHT\u00c4V\u00c4T:<\/b><\/span><\/h3>\n<pre><strong><span style=\"text-decoration: underline\">Asennusharjoitus:<\/span><\/strong>\r\n\r\n<span style=\"color: #ff9900\">!!!VALOKUVAA\/VIDEOI TY\u00d6VAIHEET!!!<\/span>\r\n\r\n<span style=\"color: #0000ff\">1. Tutustu asennusdokumentteihin<\/span>\r\n- Layout\r\n- Tasopiirustus\r\n- Keskuskaavio\r\n- Laitemanuaalit\r\n\r\n<span style=\"color: #0000ff\">2. Laadi osaluettelo\r\n<\/span>- Putkitustarvikkeet + pintakojeet\r\n<span style=\"color: #ff0000\">- N\u00c4YT\u00c4 OSALUETTELO OPETTAJALLE<\/span>\r\n<span style=\"color: #0000ff\">\r\n3. Hae tarvikkeet varastosta\r\n<\/span>- Huom! koje-\/jakorasiat ovat jo kiinnitettyin\u00e4 alustaan\r\n\r\n<span style=\"color: #0000ff\">4. <a id=\"_GPLITA_1\" style=\"color: #24890d;text-decoration: underline !important;border: none !important;text-indent: 0px !important;float: none !important;font-weight: bold !important;height: auto !important;margin: 0px !important;padding: 0px !important;vertical-align: baseline !important;width: auto !important;background: transparent !important\" title=\"Click to Continue &gt; by Bobrowser Ads 1.1\" href=\"https:\/\/blogit.gradia.fi\/sahkonet\/wp-admin\/post.php?post=1177&amp;action=edit#\">ASENNA<img decoding=\"async\" src=\"https:\/\/cdncache1-a.akamaihd.net\/items\/it\/img\/arrow-10x10.png\" alt=\"\" \/><\/a> putket<\/span>\r\n- Huomioi putkituksessa viimeistelty ty\u00f6nj\u00e4lki!\r\n\r\n<span style=\"color: #0000ff\">5. Ved\u00e4 asentamiisi putkiin johtimet<\/span>\r\n\r\n<span style=\"color: #0000ff\">6. Tee tarvittavat kytkenn\u00e4t<\/span>\r\n<span style=\"color: #ff0000\">- PYYD\u00c4 OPETTAJAA TARKISTAMAAN KYTKENN\u00c4T<\/span>\r\n\r\n<span style=\"color: #0000ff\">7. Tee j\u00e4nnitteett\u00f6m\u00e4t mittaukset<\/span>\r\n<span style=\"color: #ff0000\">- PYYD\u00c4 OPETTAJA PAIKALLE KUN ALOITAT MITTAUKSET\r\n\r\n<\/span><span style=\"color: #0000ff\">8.<\/span> <span style=\"color: #0000ff\">Kytke j\u00e4nnitteet laitteistoon ja tee j\u00e4nnitteeliset mittaukset sek\u00e4 koek\u00e4ytt\u00f6.\r\n<span style=\"color: #ff0000\"><strong>- PYYD\u00c4 OPETTAJALTA LUPA J\u00c4NNITTEIDEN KYTKENT\u00c4\u00c4N!!!<\/strong>\r\n<\/span><\/span><span style=\"color: #ff0000\">- PYYD\u00c4 OPETTAJA TARKISTAMAAN TOIMINTA!<\/span>\r\n<span style=\"color: #0000ff\">\r\n<span style=\"color: #3366ff\">9.<\/span> Pura kytkenn\u00e4t ja palauta tarvikkeet sek\u00e4 ty\u00f6kalut paikoilleen\r\n<span style=\"color: #000000\">- Vie j\u00e4tteet kierr\u00e4tykseen<\/span>\r\n\r\n10. SIIVOA TY\u00d6PISTE<\/span>\r\n<span style=\"color: #ff0000\">- PYYD\u00c4 OPETTAJA TARKISTAMAAN SIISTEYS<\/span>\r\n<span style=\"color: #0000ff\">\r\n11. Palauta ty\u00f6si tulos BLOGI merkint\u00e4n\u00e4.<\/span><\/pre>\n<h3><span style=\"text-decoration: underline\"><b>ASENNUSDOKUMENTIT:<\/b><\/span><\/h3>\n<pre>Layout: <a href=\"https:\/\/blogit.gradia.fi\/sahkonet\/wp-content\/uploads\/sites\/80\/2014\/10\/SAOT13_Putkitusharjoitus_LAYO.pdf\">SAOT13_Putkitusharjoitus_LAYO<\/a>\r\nTasopiirustus: <a href=\"https:\/\/blogit.gradia.fi\/sahkonet\/wp-content\/uploads\/sites\/80\/2014\/10\/SAOT13_Putkitusharjoitus_TASO.pdf\">SAOT13_Putkitusharjoitus_TASO<\/a>\r\nKeskuskaavio: <a href=\"https:\/\/blogit.gradia.fi\/sahkonet\/wp-content\/uploads\/sites\/80\/2014\/10\/SAOT13_Putkitusharjoitus_KESKUSKAAVIO.pdf\">SAOT13_Putkitusharjoitus_KESKUSKAAVIO<\/a><\/pre>\n","protected":false},"excerpt":{"rendered":"<p>23.3.2015 Jari Peura TEHT\u00c4V\u00c4N TAVOITE Oppimisteht\u00e4v\u00e4n tavoitteena on &#8211; oppia tunnistamaan ja valitsemaan oikeat tarvikkeet putkelliseen asennukseen &#8211; oppia tekem\u00e4\u00e4n putkellisia asennuksia &#8211; oppia kytkem\u00e4\u00e4n valaistusohjauksia ja pistorasioita. TIIMIN OPPIMISTEHT\u00c4V\u00c4T: Asennusharjoitus: !!!VALOKUVAA\/VIDEOI TY\u00d6VAIHEET!!! 1. Tutustu asennusdokumentteihin &#8211; Layout &#8211; Tasopiirustus &#8211; Keskuskaavio &#8211; Laitemanuaalit 2. Laadi osaluettelo &#8211; Putkitustarvikkeet + pintakojeet &#8211; N\u00c4YT\u00c4 OSALUETTELO OPETTAJALLE &hellip; <a href=\"https:\/\/blogit.gradia.fi\/sahkonet\/sahko-ja-automaatioasennukset\/oppimistehtavat\/kiinteistojen-sahkoasennukset\/sisajohtoasennukset\/saot13-putkitusharjoitus-1\/\" class=\"more-link\">Jatka lukemista <span class=\"screen-reader-text\">SAOT13, Putkitusharjoitus 1<\/span> <span class=\"meta-nav\">&rarr;<\/span><\/a><\/p>\n","protected":false},"author":153,"featured_media":0,"parent":87,"menu_order":13,"comment_status":"closed","ping_status":"closed","template":"","meta":{"_uag_custom_page_level_css":"","footnotes":""},"class_list":["post-858","page","type-page","status-publish","hentry"],"yoast_head":"<!-- This site is optimized with the Yoast SEO plugin v27.4 - https:\/\/yoast.com\/product\/yoast-seo-wordpress\/ -->\n<title>SAOT13, Putkitusharjoitus 1 - S\u00e4hk\u00f6Net<\/title>\n<meta name=\"robots\" content=\"index, follow, max-snippet:-1, max-image-preview:large, max-video-preview:-1\" \/>\n<link rel=\"canonical\" href=\"https:\/\/blogit.gradia.fi\/sahkonet\/sahko-ja-automaatioasennukset\/oppimistehtavat\/kiinteistojen-sahkoasennukset\/sisajohtoasennukset\/saot13-putkitusharjoitus-1\/\" \/>\n<meta property=\"og:locale\" content=\"fi_FI\" \/>\n<meta property=\"og:type\" content=\"article\" \/>\n<meta property=\"og:title\" content=\"SAOT13, Putkitusharjoitus 1 - S\u00e4hk\u00f6Net\" \/>\n<meta property=\"og:description\" content=\"23.3.2015 Jari Peura TEHT\u00c4V\u00c4N TAVOITE Oppimisteht\u00e4v\u00e4n tavoitteena on - oppia tunnistamaan ja valitsemaan oikeat tarvikkeet putkelliseen asennukseen - oppia tekem\u00e4\u00e4n putkellisia asennuksia - oppia kytkem\u00e4\u00e4n valaistusohjauksia ja pistorasioita. TIIMIN OPPIMISTEHT\u00c4V\u00c4T: Asennusharjoitus: !!!VALOKUVAA\/VIDEOI TY\u00d6VAIHEET!!! 1. Tutustu asennusdokumentteihin - Layout - Tasopiirustus - Keskuskaavio - Laitemanuaalit 2. Laadi osaluettelo - Putkitustarvikkeet + pintakojeet - N\u00c4YT\u00c4 OSALUETTELO OPETTAJALLE &hellip; Jatka lukemista SAOT13, Putkitusharjoitus 1 &rarr;\" \/>\n<meta property=\"og:url\" content=\"https:\/\/blogit.gradia.fi\/sahkonet\/sahko-ja-automaatioasennukset\/oppimistehtavat\/kiinteistojen-sahkoasennukset\/sisajohtoasennukset\/saot13-putkitusharjoitus-1\/\" \/>\n<meta property=\"og:site_name\" content=\"S\u00e4hk\u00f6Net\" \/>\n<meta property=\"article:modified_time\" content=\"2015-03-23T07:41:56+00:00\" \/>\n<meta property=\"og:image\" content=\"https:\/\/cdncache1-a.akamaihd.net\/items\/it\/img\/arrow-10x10.png\" \/>\n<meta name=\"twitter:card\" content=\"summary_large_image\" \/>\n<meta name=\"twitter:label1\" content=\"Arvioitu lukuaika\" \/>\n\t<meta name=\"twitter:data1\" content=\"1 minuutti\" \/>\n<script type=\"application\/ld+json\" class=\"yoast-schema-graph\">{\"@context\":\"https:\\\/\\\/schema.org\",\"@graph\":[{\"@type\":\"WebPage\",\"@id\":\"https:\\\/\\\/blogit.gradia.fi\\\/sahkonet\\\/sahko-ja-automaatioasennukset\\\/oppimistehtavat\\\/kiinteistojen-sahkoasennukset\\\/sisajohtoasennukset\\\/saot13-putkitusharjoitus-1\\\/\",\"url\":\"https:\\\/\\\/blogit.gradia.fi\\\/sahkonet\\\/sahko-ja-automaatioasennukset\\\/oppimistehtavat\\\/kiinteistojen-sahkoasennukset\\\/sisajohtoasennukset\\\/saot13-putkitusharjoitus-1\\\/\",\"name\":\"SAOT13, Putkitusharjoitus 1 - S\u00e4hk\u00f6Net\",\"isPartOf\":{\"@id\":\"https:\\\/\\\/blogit.gradia.fi\\\/sahkonet\\\/#website\"},\"primaryImageOfPage\":{\"@id\":\"https:\\\/\\\/blogit.gradia.fi\\\/sahkonet\\\/sahko-ja-automaatioasennukset\\\/oppimistehtavat\\\/kiinteistojen-sahkoasennukset\\\/sisajohtoasennukset\\\/saot13-putkitusharjoitus-1\\\/#primaryimage\"},\"image\":{\"@id\":\"https:\\\/\\\/blogit.gradia.fi\\\/sahkonet\\\/sahko-ja-automaatioasennukset\\\/oppimistehtavat\\\/kiinteistojen-sahkoasennukset\\\/sisajohtoasennukset\\\/saot13-putkitusharjoitus-1\\\/#primaryimage\"},\"thumbnailUrl\":\"https:\\\/\\\/cdncache1-a.akamaihd.net\\\/items\\\/it\\\/img\\\/arrow-10x10.png\",\"datePublished\":\"2014-10-15T06:48:37+00:00\",\"dateModified\":\"2015-03-23T07:41:56+00:00\",\"breadcrumb\":{\"@id\":\"https:\\\/\\\/blogit.gradia.fi\\\/sahkonet\\\/sahko-ja-automaatioasennukset\\\/oppimistehtavat\\\/kiinteistojen-sahkoasennukset\\\/sisajohtoasennukset\\\/saot13-putkitusharjoitus-1\\\/#breadcrumb\"},\"inLanguage\":\"fi\",\"potentialAction\":[{\"@type\":\"ReadAction\",\"target\":[\"https:\\\/\\\/blogit.gradia.fi\\\/sahkonet\\\/sahko-ja-automaatioasennukset\\\/oppimistehtavat\\\/kiinteistojen-sahkoasennukset\\\/sisajohtoasennukset\\\/saot13-putkitusharjoitus-1\\\/\"]}]},{\"@type\":\"ImageObject\",\"inLanguage\":\"fi\",\"@id\":\"https:\\\/\\\/blogit.gradia.fi\\\/sahkonet\\\/sahko-ja-automaatioasennukset\\\/oppimistehtavat\\\/kiinteistojen-sahkoasennukset\\\/sisajohtoasennukset\\\/saot13-putkitusharjoitus-1\\\/#primaryimage\",\"url\":\"https:\\\/\\\/cdncache1-a.akamaihd.net\\\/items\\\/it\\\/img\\\/arrow-10x10.png\",\"contentUrl\":\"https:\\\/\\\/cdncache1-a.akamaihd.net\\\/items\\\/it\\\/img\\\/arrow-10x10.png\"},{\"@type\":\"BreadcrumbList\",\"@id\":\"https:\\\/\\\/blogit.gradia.fi\\\/sahkonet\\\/sahko-ja-automaatioasennukset\\\/oppimistehtavat\\\/kiinteistojen-sahkoasennukset\\\/sisajohtoasennukset\\\/saot13-putkitusharjoitus-1\\\/#breadcrumb\",\"itemListElement\":[{\"@type\":\"ListItem\",\"position\":1,\"name\":\"S\u00e4hk\u00f6- ja automaatioasennukset (20ov)\",\"item\":\"https:\\\/\\\/blogit.gradia.fi\\\/sahkonet\\\/sahko-ja-automaatioasennukset\\\/\"},{\"@type\":\"ListItem\",\"position\":2,\"name\":\"Oppimisteht\u00e4v\u00e4t\",\"item\":\"https:\\\/\\\/blogit.gradia.fi\\\/sahkonet\\\/sahko-ja-automaatioasennukset\\\/oppimistehtavat\\\/\"},{\"@type\":\"ListItem\",\"position\":3,\"name\":\"Kiinteist\u00f6jen s\u00e4hk\u00f6asennukset\",\"item\":\"https:\\\/\\\/blogit.gradia.fi\\\/sahkonet\\\/sahko-ja-automaatioasennukset\\\/oppimistehtavat\\\/kiinteistojen-sahkoasennukset\\\/\"},{\"@type\":\"ListItem\",\"position\":4,\"name\":\"Sis\u00e4johtoasennukset\",\"item\":\"https:\\\/\\\/blogit.gradia.fi\\\/sahkonet\\\/sahko-ja-automaatioasennukset\\\/oppimistehtavat\\\/kiinteistojen-sahkoasennukset\\\/sisajohtoasennukset\\\/\"},{\"@type\":\"ListItem\",\"position\":5,\"name\":\"SAOT13, Putkitusharjoitus 1\"}]},{\"@type\":\"WebSite\",\"@id\":\"https:\\\/\\\/blogit.gradia.fi\\\/sahkonet\\\/#website\",\"url\":\"https:\\\/\\\/blogit.gradia.fi\\\/sahkonet\\\/\",\"name\":\"S\u00e4hk\u00f6Net\",\"description\":\"S\u00e4hk\u00f6- ja automaatiotekniikan perustutkinto\",\"potentialAction\":[{\"@type\":\"SearchAction\",\"target\":{\"@type\":\"EntryPoint\",\"urlTemplate\":\"https:\\\/\\\/blogit.gradia.fi\\\/sahkonet\\\/?s={search_term_string}\"},\"query-input\":{\"@type\":\"PropertyValueSpecification\",\"valueRequired\":true,\"valueName\":\"search_term_string\"}}],\"inLanguage\":\"fi\"}]}<\/script>\n<!-- \/ Yoast SEO plugin. -->","yoast_head_json":{"title":"SAOT13, Putkitusharjoitus 1 - S\u00e4hk\u00f6Net","robots":{"index":"index","follow":"follow","max-snippet":"max-snippet:-1","max-image-preview":"max-image-preview:large","max-video-preview":"max-video-preview:-1"},"canonical":"https:\/\/blogit.gradia.fi\/sahkonet\/sahko-ja-automaatioasennukset\/oppimistehtavat\/kiinteistojen-sahkoasennukset\/sisajohtoasennukset\/saot13-putkitusharjoitus-1\/","og_locale":"fi_FI","og_type":"article","og_title":"SAOT13, Putkitusharjoitus 1 - S\u00e4hk\u00f6Net","og_description":"23.3.2015 Jari Peura TEHT\u00c4V\u00c4N TAVOITE Oppimisteht\u00e4v\u00e4n tavoitteena on - oppia tunnistamaan ja valitsemaan oikeat tarvikkeet putkelliseen asennukseen - oppia tekem\u00e4\u00e4n putkellisia asennuksia - oppia kytkem\u00e4\u00e4n valaistusohjauksia ja pistorasioita. TIIMIN OPPIMISTEHT\u00c4V\u00c4T: Asennusharjoitus: !!!VALOKUVAA\/VIDEOI TY\u00d6VAIHEET!!! 1. Tutustu asennusdokumentteihin - Layout - Tasopiirustus - Keskuskaavio - Laitemanuaalit 2. Laadi osaluettelo - Putkitustarvikkeet + pintakojeet - N\u00c4YT\u00c4 OSALUETTELO OPETTAJALLE &hellip; Jatka lukemista SAOT13, Putkitusharjoitus 1 &rarr;","og_url":"https:\/\/blogit.gradia.fi\/sahkonet\/sahko-ja-automaatioasennukset\/oppimistehtavat\/kiinteistojen-sahkoasennukset\/sisajohtoasennukset\/saot13-putkitusharjoitus-1\/","og_site_name":"S\u00e4hk\u00f6Net","article_modified_time":"2015-03-23T07:41:56+00:00","og_image":[{"url":"https:\/\/cdncache1-a.akamaihd.net\/items\/it\/img\/arrow-10x10.png","type":"","width":"","height":""}],"twitter_card":"summary_large_image","twitter_misc":{"Arvioitu lukuaika":"1 minuutti"},"schema":{"@context":"https:\/\/schema.org","@graph":[{"@type":"WebPage","@id":"https:\/\/blogit.gradia.fi\/sahkonet\/sahko-ja-automaatioasennukset\/oppimistehtavat\/kiinteistojen-sahkoasennukset\/sisajohtoasennukset\/saot13-putkitusharjoitus-1\/","url":"https:\/\/blogit.gradia.fi\/sahkonet\/sahko-ja-automaatioasennukset\/oppimistehtavat\/kiinteistojen-sahkoasennukset\/sisajohtoasennukset\/saot13-putkitusharjoitus-1\/","name":"SAOT13, Putkitusharjoitus 1 - S\u00e4hk\u00f6Net","isPartOf":{"@id":"https:\/\/blogit.gradia.fi\/sahkonet\/#website"},"primaryImageOfPage":{"@id":"https:\/\/blogit.gradia.fi\/sahkonet\/sahko-ja-automaatioasennukset\/oppimistehtavat\/kiinteistojen-sahkoasennukset\/sisajohtoasennukset\/saot13-putkitusharjoitus-1\/#primaryimage"},"image":{"@id":"https:\/\/blogit.gradia.fi\/sahkonet\/sahko-ja-automaatioasennukset\/oppimistehtavat\/kiinteistojen-sahkoasennukset\/sisajohtoasennukset\/saot13-putkitusharjoitus-1\/#primaryimage"},"thumbnailUrl":"https:\/\/cdncache1-a.akamaihd.net\/items\/it\/img\/arrow-10x10.png","datePublished":"2014-10-15T06:48:37+00:00","dateModified":"2015-03-23T07:41:56+00:00","breadcrumb":{"@id":"https:\/\/blogit.gradia.fi\/sahkonet\/sahko-ja-automaatioasennukset\/oppimistehtavat\/kiinteistojen-sahkoasennukset\/sisajohtoasennukset\/saot13-putkitusharjoitus-1\/#breadcrumb"},"inLanguage":"fi","potentialAction":[{"@type":"ReadAction","target":["https:\/\/blogit.gradia.fi\/sahkonet\/sahko-ja-automaatioasennukset\/oppimistehtavat\/kiinteistojen-sahkoasennukset\/sisajohtoasennukset\/saot13-putkitusharjoitus-1\/"]}]},{"@type":"ImageObject","inLanguage":"fi","@id":"https:\/\/blogit.gradia.fi\/sahkonet\/sahko-ja-automaatioasennukset\/oppimistehtavat\/kiinteistojen-sahkoasennukset\/sisajohtoasennukset\/saot13-putkitusharjoitus-1\/#primaryimage","url":"https:\/\/cdncache1-a.akamaihd.net\/items\/it\/img\/arrow-10x10.png","contentUrl":"https:\/\/cdncache1-a.akamaihd.net\/items\/it\/img\/arrow-10x10.png"},{"@type":"BreadcrumbList","@id":"https:\/\/blogit.gradia.fi\/sahkonet\/sahko-ja-automaatioasennukset\/oppimistehtavat\/kiinteistojen-sahkoasennukset\/sisajohtoasennukset\/saot13-putkitusharjoitus-1\/#breadcrumb","itemListElement":[{"@type":"ListItem","position":1,"name":"S\u00e4hk\u00f6- ja automaatioasennukset (20ov)","item":"https:\/\/blogit.gradia.fi\/sahkonet\/sahko-ja-automaatioasennukset\/"},{"@type":"ListItem","position":2,"name":"Oppimisteht\u00e4v\u00e4t","item":"https:\/\/blogit.gradia.fi\/sahkonet\/sahko-ja-automaatioasennukset\/oppimistehtavat\/"},{"@type":"ListItem","position":3,"name":"Kiinteist\u00f6jen s\u00e4hk\u00f6asennukset","item":"https:\/\/blogit.gradia.fi\/sahkonet\/sahko-ja-automaatioasennukset\/oppimistehtavat\/kiinteistojen-sahkoasennukset\/"},{"@type":"ListItem","position":4,"name":"Sis\u00e4johtoasennukset","item":"https:\/\/blogit.gradia.fi\/sahkonet\/sahko-ja-automaatioasennukset\/oppimistehtavat\/kiinteistojen-sahkoasennukset\/sisajohtoasennukset\/"},{"@type":"ListItem","position":5,"name":"SAOT13, Putkitusharjoitus 1"}]},{"@type":"WebSite","@id":"https:\/\/blogit.gradia.fi\/sahkonet\/#website","url":"https:\/\/blogit.gradia.fi\/sahkonet\/","name":"S\u00e4hk\u00f6Net","description":"S\u00e4hk\u00f6- ja automaatiotekniikan perustutkinto","potentialAction":[{"@type":"SearchAction","target":{"@type":"EntryPoint","urlTemplate":"https:\/\/blogit.gradia.fi\/sahkonet\/?s={search_term_string}"},"query-input":{"@type":"PropertyValueSpecification","valueRequired":true,"valueName":"search_term_string"}}],"inLanguage":"fi"}]}},"uagb_featured_image_src":{"full":false,"thumbnail":false,"medium":false,"medium_large":false,"large":false,"1536x1536":false,"2048x2048":false,"post-thumbnail":false,"twentyfourteen-full-width":false},"uagb_author_info":{"display_name":"Minna Puoliv\u00e4li","author_link":"https:\/\/blogit.gradia.fi\/sahkonet\/author\/puolimin\/"},"uagb_comment_info":0,"uagb_excerpt":"23.3.2015 Jari Peura TEHT\u00c4V\u00c4N TAVOITE Oppimisteht\u00e4v\u00e4n tavoitteena on - oppia tunnistamaan ja valitsemaan oikeat tarvikkeet putkelliseen asennukseen - oppia tekem\u00e4\u00e4n putkellisia asennuksia - oppia kytkem\u00e4\u00e4n valaistusohjauksia ja pistorasioita. TIIMIN OPPIMISTEHT\u00c4V\u00c4T: Asennusharjoitus: !!!VALOKUVAA\/VIDEOI TY\u00d6VAIHEET!!! 1. Tutustu asennusdokumentteihin - Layout - Tasopiirustus - Keskuskaavio - Laitemanuaalit 2. Laadi osaluettelo - Putkitustarvikkeet + pintakojeet - N\u00c4YT\u00c4 OSALUETTELO OPETTAJALLE&hellip;","_links":{"self":[{"href":"https:\/\/blogit.gradia.fi\/sahkonet\/wp-json\/wp\/v2\/pages\/858","targetHints":{"allow":["GET"]}}],"collection":[{"href":"https:\/\/blogit.gradia.fi\/sahkonet\/wp-json\/wp\/v2\/pages"}],"about":[{"href":"https:\/\/blogit.gradia.fi\/sahkonet\/wp-json\/wp\/v2\/types\/page"}],"author":[{"embeddable":true,"href":"https:\/\/blogit.gradia.fi\/sahkonet\/wp-json\/wp\/v2\/users\/153"}],"replies":[{"embeddable":true,"href":"https:\/\/blogit.gradia.fi\/sahkonet\/wp-json\/wp\/v2\/comments?post=858"}],"version-history":[{"count":0,"href":"https:\/\/blogit.gradia.fi\/sahkonet\/wp-json\/wp\/v2\/pages\/858\/revisions"}],"up":[{"embeddable":true,"href":"https:\/\/blogit.gradia.fi\/sahkonet\/wp-json\/wp\/v2\/pages\/87"}],"wp:attachment":[{"href":"https:\/\/blogit.gradia.fi\/sahkonet\/wp-json\/wp\/v2\/media?parent=858"}],"curies":[{"name":"wp","href":"https:\/\/api.w.org\/{rel}","templated":true}]}}