{"id":82,"date":"2014-04-24T13:58:09","date_gmt":"2014-04-24T10:58:09","guid":{"rendered":"https:\/\/blogit.gradia.fi\/sahkonet\/?page_id=82"},"modified":"2015-01-08T09:55:41","modified_gmt":"2015-01-08T07:55:41","slug":"oppimistehtava-ouman-plus-lammityksen-ohjaus","status":"publish","type":"page","link":"https:\/\/blogit.gradia.fi\/sahkonet\/kiinteistoautomaatio\/perusteet\/lammityksen-ohjaus\/oppimistehtava-ouman-plus-lammityksen-ohjaus\/","title":{"rendered":"Ouman Plus l\u00e4mmityksen ohjaus"},"content":{"rendered":"<h1>Ty\u00f6ohje<\/h1>\n<ol start=\"1\">\n<li>Tee lista kaapeleista ja komponenteista, joita asennuksessa k\u00e4yt\u00e4t<\/li>\n<li>Merkitse harjoitusymp\u00e4rist\u00f6n kuvaan kentt\u00e4laitteiden yms. asennettavien komponenttien korkeudet ja et\u00e4isyydet kiinteist\u00e4 rakenteista<\/li>\n<\/ol>\n<pre><strong>N\u00c4YT\u00c4 TEKEM\u00c4SI TY\u00d6T OPETTAJALLE!<\/strong><\/pre>\n<ol start=\"4\">\n<li>Merkitse ja poraa johtokanaviin tarvittavat l\u00e4pivientirei\u00e4t kentt\u00e4laitteiden kaapeleille ja laita reikiin putkisuulakkeet:\n<ul>\n<li>MMJ- kaapelit putkisuulake 20<\/li>\n<li>Heikkovirtakaapelit putkisulake 16<\/li>\n<\/ul>\n<\/li>\n<li>Suorita kaapeliasennukset:\n<ul>\n<li>J\u00e4t\u00e4 kaapeleihin riitt\u00e4v\u00e4sti pituutta<\/li>\n<li>Merkitse kaapeleiden molemmat p\u00e4\u00e4t koje\/kaapelitunnuksella<\/li>\n<li>J\u00e4t\u00e4 kaapeleihin tarvittavat huoltolenkit kentt\u00e4laitteiden p\u00e4\u00e4h\u00e4n (KYSY OPETTAJALTA)<\/li>\n<li>Vie heikkovirtakaapelit kuorimattomana mahdollisimman l\u00e4helle niiden liittimi\u00e4<\/li>\n<\/ul>\n<\/li>\n<\/ol>\n<pre>N\u00c4YT\u00c4 TEKEM\u00c4SI TY\u00d6T OPETTAJALLE!<\/pre>\n<ol start=\"7\">\n<li>Suorita laiteasennukset kent\u00e4lle ja keskuksiin, laita kaikki tekniset dokumentit talteen kuvakansioon<\/li>\n<li>Merkitse kaikki kentt\u00e4laitteet tarrakirjoittimella (kuvissa olevat laitetunnukset)<\/li>\n<li>Tee tarvittavat sis\u00e4iset johdotukset keskuksiin (KYSY OPETTAJALTA)<\/li>\n<li>Kytke kentt\u00e4laitteet<\/li>\n<li>Suorita tarvittavat mittaukset ja testaukset tarvittaviin heikkovirtakaapeleihin (KYSY OPETTAJALTA)<\/li>\n<li>Kytke keskukset<\/li>\n<li>Merkitse keskuksen komponentit tarrakirjoittimella (kuvissa olevat laitetunnukset)<\/li>\n<\/ol>\n<pre>N\u00c4YT\u00c4 TEKEM\u00c4SI TY\u00d6T OPETTAJALLE!<\/pre>\n<ol start=\"15\">\n<li>Suorita k\u00e4ytt\u00f6\u00f6nottotarkastus opettajan kanssa<\/li>\n<li>T\u00e4yt\u00e4 k\u00e4ytt\u00f6\u00f6nottotarkastusp\u00f6yt\u00e4kirja opettajan kanssa<\/li>\n<li>Suorita k\u00e4ytt\u00f6\u00f6notto yhdess\u00e4 opettajan kanssa<\/li>\n<\/ol>\n<pre>S\u00c4HK\u00d6J\u00c4 EI SAA MENN\u00c4 KYTKEM\u00c4\u00c4N P\u00c4\u00c4LLE ILMAN OPETTAJAN LUPAA!!<\/pre>\n<ol start=\"15\">\n<li>T\u00e4ydenn\u00e4 s\u00e4hk\u00f6kuviin mahdolliset puutteet<\/li>\n<li>Esittele j\u00e4rjestelm\u00e4n toimintaa luokan muille oppilaille (asiakkaan k\u00e4ytt\u00f6 koulutus)<\/li>\n<li>Luvan saatuasi pura kentt\u00e4kaapeloinnit pois.<\/li>\n<\/ol>\n<h1>Liitetiedostot<\/h1>\n<p>Ouman plus manuaali:\u00a0<a href=\"https:\/\/blogit.gradia.fi\/sahkonet\/wp-content\/uploads\/sites\/80\/2014\/04\/ouman_plus_v.2.3b_fi_net.pdf\">ouman_plus_v.2.3b_fi_net<\/a><\/p>\n<p><a href=\"https:\/\/blogit.gradia.fi\/sahkonet\/wp-content\/uploads\/sites\/80\/2014\/04\/2_RK_P\u00e4\u00e4kaavio_Plus-l\u00e4mmitys.pdf\" target=\"_blank\">P\u00e4\u00e4kaavio<\/a><\/p>\n<p><a href=\"https:\/\/blogit.gradia.fi\/sahkonet\/wp-content\/uploads\/sites\/80\/2014\/04\/7_PLUS_l\u00e4mmitys_Kytkent\u00e4kuva.pdf\" target=\"_blank\">Kytkent\u00e4kuva<\/a><\/p>\n<p><a href=\"https:\/\/blogit.gradia.fi\/sahkonet\/wp-content\/uploads\/sites\/80\/2014\/04\/5_RK_Ohjausvirtakaavio_Plus-l\u00e4mmitys.pdf\" target=\"_blank\">Ohjausvirtakaavio<\/a><\/p>\n<p><a href=\"https:\/\/blogit.gradia.fi\/sahkonet\/wp-content\/uploads\/sites\/80\/2014\/04\/6_RK_Ohjausvirtakaavio_Plus-l\u00e4mmitys_2.pdf\" target=\"_blank\">Ohjausvirtakaavio 2<\/a><\/p>\n<p>&nbsp;<\/p>\n<p>&nbsp;<\/p>\n<p>&nbsp;<\/p>\n","protected":false},"excerpt":{"rendered":"<p>Ty\u00f6ohje Tee lista kaapeleista ja komponenteista, joita asennuksessa k\u00e4yt\u00e4t Merkitse harjoitusymp\u00e4rist\u00f6n kuvaan kentt\u00e4laitteiden yms. asennettavien komponenttien korkeudet ja et\u00e4isyydet kiinteist\u00e4 rakenteista N\u00c4YT\u00c4 TEKEM\u00c4SI TY\u00d6T OPETTAJALLE! Merkitse ja poraa johtokanaviin tarvittavat l\u00e4pivientirei\u00e4t kentt\u00e4laitteiden kaapeleille ja laita reikiin putkisuulakkeet: MMJ- kaapelit putkisuulake 20 Heikkovirtakaapelit putkisulake 16 Suorita kaapeliasennukset: J\u00e4t\u00e4 kaapeleihin riitt\u00e4v\u00e4sti pituutta Merkitse kaapeleiden molemmat p\u00e4\u00e4t koje\/kaapelitunnuksella &hellip; <a href=\"https:\/\/blogit.gradia.fi\/sahkonet\/kiinteistoautomaatio\/perusteet\/lammityksen-ohjaus\/oppimistehtava-ouman-plus-lammityksen-ohjaus\/\" class=\"more-link\">Jatka lukemista <span class=\"screen-reader-text\">Ouman Plus l\u00e4mmityksen ohjaus<\/span> <span class=\"meta-nav\">&rarr;<\/span><\/a><\/p>\n","protected":false},"author":179,"featured_media":0,"parent":80,"menu_order":3,"comment_status":"closed","ping_status":"closed","template":"","meta":{"_uag_custom_page_level_css":"","footnotes":""},"class_list":["post-82","page","type-page","status-publish","hentry"],"yoast_head":"<!-- This site is optimized with the Yoast SEO plugin v27.4 - https:\/\/yoast.com\/product\/yoast-seo-wordpress\/ -->\n<title>Ouman Plus l\u00e4mmityksen ohjaus - S\u00e4hk\u00f6Net<\/title>\n<meta name=\"robots\" content=\"index, follow, max-snippet:-1, max-image-preview:large, max-video-preview:-1\" \/>\n<link rel=\"canonical\" href=\"https:\/\/blogit.gradia.fi\/sahkonet\/kiinteistoautomaatio\/perusteet\/lammityksen-ohjaus\/oppimistehtava-ouman-plus-lammityksen-ohjaus\/\" \/>\n<meta property=\"og:locale\" content=\"fi_FI\" \/>\n<meta property=\"og:type\" content=\"article\" \/>\n<meta property=\"og:title\" content=\"Ouman Plus l\u00e4mmityksen ohjaus - S\u00e4hk\u00f6Net\" \/>\n<meta property=\"og:description\" content=\"Ty\u00f6ohje Tee lista kaapeleista ja komponenteista, joita asennuksessa k\u00e4yt\u00e4t Merkitse harjoitusymp\u00e4rist\u00f6n kuvaan kentt\u00e4laitteiden yms. asennettavien komponenttien korkeudet ja et\u00e4isyydet kiinteist\u00e4 rakenteista N\u00c4YT\u00c4 TEKEM\u00c4SI TY\u00d6T OPETTAJALLE! Merkitse ja poraa johtokanaviin tarvittavat l\u00e4pivientirei\u00e4t kentt\u00e4laitteiden kaapeleille ja laita reikiin putkisuulakkeet: MMJ- kaapelit putkisuulake 20 Heikkovirtakaapelit putkisulake 16 Suorita kaapeliasennukset: J\u00e4t\u00e4 kaapeleihin riitt\u00e4v\u00e4sti pituutta Merkitse kaapeleiden molemmat p\u00e4\u00e4t koje\/kaapelitunnuksella &hellip; Jatka lukemista Ouman Plus l\u00e4mmityksen ohjaus &rarr;\" \/>\n<meta property=\"og:url\" content=\"https:\/\/blogit.gradia.fi\/sahkonet\/kiinteistoautomaatio\/perusteet\/lammityksen-ohjaus\/oppimistehtava-ouman-plus-lammityksen-ohjaus\/\" \/>\n<meta property=\"og:site_name\" content=\"S\u00e4hk\u00f6Net\" \/>\n<meta property=\"article:modified_time\" content=\"2015-01-08T07:55:41+00:00\" \/>\n<meta name=\"twitter:card\" content=\"summary_large_image\" \/>\n<meta name=\"twitter:label1\" content=\"Arvioitu lukuaika\" \/>\n\t<meta name=\"twitter:data1\" content=\"1 minuutti\" \/>\n<script type=\"application\/ld+json\" class=\"yoast-schema-graph\">{\"@context\":\"https:\\\/\\\/schema.org\",\"@graph\":[{\"@type\":\"WebPage\",\"@id\":\"https:\\\/\\\/blogit.gradia.fi\\\/sahkonet\\\/kiinteistoautomaatio\\\/perusteet\\\/lammityksen-ohjaus\\\/oppimistehtava-ouman-plus-lammityksen-ohjaus\\\/\",\"url\":\"https:\\\/\\\/blogit.gradia.fi\\\/sahkonet\\\/kiinteistoautomaatio\\\/perusteet\\\/lammityksen-ohjaus\\\/oppimistehtava-ouman-plus-lammityksen-ohjaus\\\/\",\"name\":\"Ouman Plus l\u00e4mmityksen ohjaus - S\u00e4hk\u00f6Net\",\"isPartOf\":{\"@id\":\"https:\\\/\\\/blogit.gradia.fi\\\/sahkonet\\\/#website\"},\"datePublished\":\"2014-04-24T10:58:09+00:00\",\"dateModified\":\"2015-01-08T07:55:41+00:00\",\"breadcrumb\":{\"@id\":\"https:\\\/\\\/blogit.gradia.fi\\\/sahkonet\\\/kiinteistoautomaatio\\\/perusteet\\\/lammityksen-ohjaus\\\/oppimistehtava-ouman-plus-lammityksen-ohjaus\\\/#breadcrumb\"},\"inLanguage\":\"fi\",\"potentialAction\":[{\"@type\":\"ReadAction\",\"target\":[\"https:\\\/\\\/blogit.gradia.fi\\\/sahkonet\\\/kiinteistoautomaatio\\\/perusteet\\\/lammityksen-ohjaus\\\/oppimistehtava-ouman-plus-lammityksen-ohjaus\\\/\"]}]},{\"@type\":\"BreadcrumbList\",\"@id\":\"https:\\\/\\\/blogit.gradia.fi\\\/sahkonet\\\/kiinteistoautomaatio\\\/perusteet\\\/lammityksen-ohjaus\\\/oppimistehtava-ouman-plus-lammityksen-ohjaus\\\/#breadcrumb\",\"itemListElement\":[{\"@type\":\"ListItem\",\"position\":1,\"name\":\"Kiinteist\u00f6jen automaatio- ja tietoj\u00e4rjestelm\u00e4t (30 osp)\",\"item\":\"https:\\\/\\\/blogit.gradia.fi\\\/sahkonet\\\/kiinteistoautomaatio\\\/\"},{\"@type\":\"ListItem\",\"position\":2,\"name\":\"Perusteet\",\"item\":\"https:\\\/\\\/blogit.gradia.fi\\\/sahkonet\\\/kiinteistoautomaatio\\\/perusteet\\\/\"},{\"@type\":\"ListItem\",\"position\":3,\"name\":\"Oppimisteht\u00e4v\u00e4t\",\"item\":\"https:\\\/\\\/blogit.gradia.fi\\\/sahkonet\\\/kiinteistoautomaatio\\\/perusteet\\\/lammityksen-ohjaus\\\/\"},{\"@type\":\"ListItem\",\"position\":4,\"name\":\"Ouman Plus l\u00e4mmityksen ohjaus\"}]},{\"@type\":\"WebSite\",\"@id\":\"https:\\\/\\\/blogit.gradia.fi\\\/sahkonet\\\/#website\",\"url\":\"https:\\\/\\\/blogit.gradia.fi\\\/sahkonet\\\/\",\"name\":\"S\u00e4hk\u00f6Net\",\"description\":\"S\u00e4hk\u00f6- ja automaatiotekniikan perustutkinto\",\"potentialAction\":[{\"@type\":\"SearchAction\",\"target\":{\"@type\":\"EntryPoint\",\"urlTemplate\":\"https:\\\/\\\/blogit.gradia.fi\\\/sahkonet\\\/?s={search_term_string}\"},\"query-input\":{\"@type\":\"PropertyValueSpecification\",\"valueRequired\":true,\"valueName\":\"search_term_string\"}}],\"inLanguage\":\"fi\"}]}<\/script>\n<!-- \/ Yoast SEO plugin. -->","yoast_head_json":{"title":"Ouman Plus l\u00e4mmityksen ohjaus - S\u00e4hk\u00f6Net","robots":{"index":"index","follow":"follow","max-snippet":"max-snippet:-1","max-image-preview":"max-image-preview:large","max-video-preview":"max-video-preview:-1"},"canonical":"https:\/\/blogit.gradia.fi\/sahkonet\/kiinteistoautomaatio\/perusteet\/lammityksen-ohjaus\/oppimistehtava-ouman-plus-lammityksen-ohjaus\/","og_locale":"fi_FI","og_type":"article","og_title":"Ouman Plus l\u00e4mmityksen ohjaus - S\u00e4hk\u00f6Net","og_description":"Ty\u00f6ohje Tee lista kaapeleista ja komponenteista, joita asennuksessa k\u00e4yt\u00e4t Merkitse harjoitusymp\u00e4rist\u00f6n kuvaan kentt\u00e4laitteiden yms. asennettavien komponenttien korkeudet ja et\u00e4isyydet kiinteist\u00e4 rakenteista N\u00c4YT\u00c4 TEKEM\u00c4SI TY\u00d6T OPETTAJALLE! Merkitse ja poraa johtokanaviin tarvittavat l\u00e4pivientirei\u00e4t kentt\u00e4laitteiden kaapeleille ja laita reikiin putkisuulakkeet: MMJ- kaapelit putkisuulake 20 Heikkovirtakaapelit putkisulake 16 Suorita kaapeliasennukset: J\u00e4t\u00e4 kaapeleihin riitt\u00e4v\u00e4sti pituutta Merkitse kaapeleiden molemmat p\u00e4\u00e4t koje\/kaapelitunnuksella &hellip; Jatka lukemista Ouman Plus l\u00e4mmityksen ohjaus &rarr;","og_url":"https:\/\/blogit.gradia.fi\/sahkonet\/kiinteistoautomaatio\/perusteet\/lammityksen-ohjaus\/oppimistehtava-ouman-plus-lammityksen-ohjaus\/","og_site_name":"S\u00e4hk\u00f6Net","article_modified_time":"2015-01-08T07:55:41+00:00","twitter_card":"summary_large_image","twitter_misc":{"Arvioitu lukuaika":"1 minuutti"},"schema":{"@context":"https:\/\/schema.org","@graph":[{"@type":"WebPage","@id":"https:\/\/blogit.gradia.fi\/sahkonet\/kiinteistoautomaatio\/perusteet\/lammityksen-ohjaus\/oppimistehtava-ouman-plus-lammityksen-ohjaus\/","url":"https:\/\/blogit.gradia.fi\/sahkonet\/kiinteistoautomaatio\/perusteet\/lammityksen-ohjaus\/oppimistehtava-ouman-plus-lammityksen-ohjaus\/","name":"Ouman Plus l\u00e4mmityksen ohjaus - S\u00e4hk\u00f6Net","isPartOf":{"@id":"https:\/\/blogit.gradia.fi\/sahkonet\/#website"},"datePublished":"2014-04-24T10:58:09+00:00","dateModified":"2015-01-08T07:55:41+00:00","breadcrumb":{"@id":"https:\/\/blogit.gradia.fi\/sahkonet\/kiinteistoautomaatio\/perusteet\/lammityksen-ohjaus\/oppimistehtava-ouman-plus-lammityksen-ohjaus\/#breadcrumb"},"inLanguage":"fi","potentialAction":[{"@type":"ReadAction","target":["https:\/\/blogit.gradia.fi\/sahkonet\/kiinteistoautomaatio\/perusteet\/lammityksen-ohjaus\/oppimistehtava-ouman-plus-lammityksen-ohjaus\/"]}]},{"@type":"BreadcrumbList","@id":"https:\/\/blogit.gradia.fi\/sahkonet\/kiinteistoautomaatio\/perusteet\/lammityksen-ohjaus\/oppimistehtava-ouman-plus-lammityksen-ohjaus\/#breadcrumb","itemListElement":[{"@type":"ListItem","position":1,"name":"Kiinteist\u00f6jen automaatio- ja tietoj\u00e4rjestelm\u00e4t (30 osp)","item":"https:\/\/blogit.gradia.fi\/sahkonet\/kiinteistoautomaatio\/"},{"@type":"ListItem","position":2,"name":"Perusteet","item":"https:\/\/blogit.gradia.fi\/sahkonet\/kiinteistoautomaatio\/perusteet\/"},{"@type":"ListItem","position":3,"name":"Oppimisteht\u00e4v\u00e4t","item":"https:\/\/blogit.gradia.fi\/sahkonet\/kiinteistoautomaatio\/perusteet\/lammityksen-ohjaus\/"},{"@type":"ListItem","position":4,"name":"Ouman Plus l\u00e4mmityksen ohjaus"}]},{"@type":"WebSite","@id":"https:\/\/blogit.gradia.fi\/sahkonet\/#website","url":"https:\/\/blogit.gradia.fi\/sahkonet\/","name":"S\u00e4hk\u00f6Net","description":"S\u00e4hk\u00f6- ja automaatiotekniikan perustutkinto","potentialAction":[{"@type":"SearchAction","target":{"@type":"EntryPoint","urlTemplate":"https:\/\/blogit.gradia.fi\/sahkonet\/?s={search_term_string}"},"query-input":{"@type":"PropertyValueSpecification","valueRequired":true,"valueName":"search_term_string"}}],"inLanguage":"fi"}]}},"uagb_featured_image_src":{"full":false,"thumbnail":false,"medium":false,"medium_large":false,"large":false,"1536x1536":false,"2048x2048":false,"post-thumbnail":false,"twentyfourteen-full-width":false},"uagb_author_info":{"display_name":"Pia Tolonen","author_link":"https:\/\/blogit.gradia.fi\/sahkonet\/author\/halmepia\/"},"uagb_comment_info":0,"uagb_excerpt":"Ty\u00f6ohje Tee lista kaapeleista ja komponenteista, joita asennuksessa k\u00e4yt\u00e4t Merkitse harjoitusymp\u00e4rist\u00f6n kuvaan kentt\u00e4laitteiden yms. asennettavien komponenttien korkeudet ja et\u00e4isyydet kiinteist\u00e4 rakenteista N\u00c4YT\u00c4 TEKEM\u00c4SI TY\u00d6T OPETTAJALLE! Merkitse ja poraa johtokanaviin tarvittavat l\u00e4pivientirei\u00e4t kentt\u00e4laitteiden kaapeleille ja laita reikiin putkisuulakkeet: MMJ- kaapelit putkisuulake 20 Heikkovirtakaapelit putkisulake 16 Suorita kaapeliasennukset: J\u00e4t\u00e4 kaapeleihin riitt\u00e4v\u00e4sti pituutta Merkitse kaapeleiden molemmat p\u00e4\u00e4t koje\/kaapelitunnuksella&hellip;","_links":{"self":[{"href":"https:\/\/blogit.gradia.fi\/sahkonet\/wp-json\/wp\/v2\/pages\/82","targetHints":{"allow":["GET"]}}],"collection":[{"href":"https:\/\/blogit.gradia.fi\/sahkonet\/wp-json\/wp\/v2\/pages"}],"about":[{"href":"https:\/\/blogit.gradia.fi\/sahkonet\/wp-json\/wp\/v2\/types\/page"}],"author":[{"embeddable":true,"href":"https:\/\/blogit.gradia.fi\/sahkonet\/wp-json\/wp\/v2\/users\/179"}],"replies":[{"embeddable":true,"href":"https:\/\/blogit.gradia.fi\/sahkonet\/wp-json\/wp\/v2\/comments?post=82"}],"version-history":[{"count":0,"href":"https:\/\/blogit.gradia.fi\/sahkonet\/wp-json\/wp\/v2\/pages\/82\/revisions"}],"up":[{"embeddable":true,"href":"https:\/\/blogit.gradia.fi\/sahkonet\/wp-json\/wp\/v2\/pages\/80"}],"wp:attachment":[{"href":"https:\/\/blogit.gradia.fi\/sahkonet\/wp-json\/wp\/v2\/media?parent=82"}],"curies":[{"name":"wp","href":"https:\/\/api.w.org\/{rel}","templated":true}]}}