{"id":817,"date":"2014-10-13T19:42:26","date_gmt":"2014-10-13T16:42:26","guid":{"rendered":"https:\/\/blogit.gradia.fi\/sahkonet\/?page_id=817"},"modified":"2014-10-13T20:17:16","modified_gmt":"2014-10-13T17:17:16","slug":"saot1_sahkoturvallisuus","status":"publish","type":"page","link":"https:\/\/blogit.gradia.fi\/sahkonet\/sahko-ja-automaatioasennukset\/oppimistehtavat\/kiinteistojen-sahkoasennukset\/sisajohtoasennukset\/saot1_sahkoturvallisuus\/","title":{"rendered":"SAOT1, S\u00e4hk\u00f6turvallisuus"},"content":{"rendered":"<p>13.10.2014<br \/>\nJari Peura<\/p>\n<p>Suomessa tapahtuva lains\u00e4\u00e4d\u00e4nt\u00f6 on monivaiheinen prosessi, jossa kansalaisten tahto pyrit\u00e4\u00e4n toteuttamaan demokraattisin keinoin huomioiden kokonaisuus ja kaikki muu lains\u00e4\u00e4d\u00e4nt\u00f6. L\u00e4ht\u00f6kohta lains\u00e4\u00e4d\u00e4nn\u00f6lle on ollut &#8221;maantavan&#8221; kirjaaminen lakipyk\u00e4liksi jne.<\/p>\n<p>S\u00e4hk\u00f6alalla keskeinen painopiste lains\u00e4\u00e4d\u00e4nn\u00f6ss\u00e4, asetuksissa, p\u00e4\u00e4t\u00f6ksiss\u00e4 ja ohjeissa on ollut s\u00e4hk\u00f6turvallisuus. On pyritty luomaan sellainen ohjeistus, jossa kaikilla niin k\u00e4ytt\u00e4jill\u00e4, asentajilla, el\u00e4imill\u00e4 kuin materiaalilla olisi turvalliset olosuhteet kaikissa tilanteissa. Jopa s\u00e4hk\u00f6komponentin vioittuessaan tai oikosulun ilmetess\u00e4 pit\u00e4isi s\u00e4hk\u00f6turvallisuuden olla siin\u00e4 tilassa, ett\u00e4 vioittuminen ei aiheuta vaaraa k\u00e4ytt\u00e4jille eik\u00e4 ymp\u00e4rist\u00f6lle.<\/p>\n<p>Suomalaisessa lains\u00e4\u00e4d\u00e4nn\u00f6ss\u00e4 on annettu valtioneuvostolle, ministeri\u00f6ille ja n\u00e4iden alapuolella oleville tahoille mahdollisuus tarkentaa ja t\u00e4sment\u00e4\u00e4 itse lakiteksti\u00e4. N\u00e4in on tehty my\u00f6s s\u00e4hk\u00f6alallakin. Hierarkia on seuraavaa:<\/p>\n<ul>\n<li>S\u00e4hk\u00f6turvallisuuslaki 410\n<ul>\n<li>S\u00e4hk\u00f6turvallisuusasetus 496<\/li>\n<li>Valtioneuvoston asetukset<\/li>\n<li>Ministeri\u00f6iden p\u00e4\u00e4t\u00f6kset (KTMp516, KTMp517 jne.)\n<ul>\n<li>Turvallisuusviranomaisen ohjeet (TUKES, STEK jne.)<\/li>\n<li>Standardit (SFS6000, SFS6002 jne.)\n<ul>\n<li>Ohjeet, kirjat, julkaisu<\/li>\n<\/ul>\n<\/li>\n<\/ul>\n<\/li>\n<\/ul>\n<\/li>\n<\/ul>\n<p><strong>Jotta pystyt toimimaan ty\u00f6mailla ammattitaitoisena s\u00e4hk\u00f6asentajana tulisi sinun ymm\u00e4rt\u00e4\u00e4 s\u00e4hk\u00f6turvallisuuden merkitys niin suunniteltaessa ja asennettaessa ty\u00f6kohdetta kuin my\u00f6s arkiel\u00e4m\u00e4ss\u00e4.<\/strong> Sinun pit\u00e4isi tuntea ja omaksua s\u00e4hk\u00f6turvallisuuden kannalta keskeisimm\u00e4t lait, asetukset, p\u00e4\u00e4t\u00f6kset, standardit sek\u00e4 ohjeet.<\/p>\n<p>Alle on koottu teht\u00e4vi\u00e4, joiden avulla p\u00e4\u00e4set tutustumaan ja omaksumaan<\/p>\n<ul>\n<li>S\u00e4hk\u00f6turvallisuuslakiin 410\/1996<\/li>\n<li>S\u00e4hk\u00f6turvallisuusasetukseen 498\/1996<\/li>\n<li>KTMp 516, 517, 1193 ja 1694<\/li>\n<\/ul>\n<p style=\"text-align: center\"><em><strong><span style=\"color: #ff0000\">Teht\u00e4v\u00e4t tehd\u00e4\u00e4n yhteisty\u00f6ss\u00e4 tiimin kesken<\/span><\/strong><\/em><\/p>\n<p style=\"text-align: center\"><em><strong><span style=\"color: #ff0000\">Teht\u00e4v\u00e4t palautetaan tarkastettavaksi ohjaavalle opettajalle<\/span><\/strong><\/em><\/p>\n<p><strong>S\u00e4hk\u00f6turvallisuuslaki 410\/1996.<\/strong> Tutustut oheiseen lakiin seuraavassa teht\u00e4v\u00e4ss\u00e4<\/p>\n<p>Linkki Tukes\/Edilex tietokantaan <a title=\"S\u00e4hk\u00f6turvallisuuslaki 410\/1996\" href=\"\/\/plus.edilex.fi\/tukes\/fi\/lainsaadanto\/19960410?toc=1\" target=\"_blank\">S\u00e4hk\u00f6turvallisuuslaki 410\/1996<\/a><\/p>\n<p>Lue lakiteksti ja tee teht\u00e4v\u00e4 <a href=\"https:\/\/blogit.gradia.fi\/sahkonet\/wp-content\/uploads\/sites\/80\/2014\/04\/01_STS_sahkoturvallisuuslaki_410_.pdf\">01_STS_sahkoturvallisuuslaki_410_<\/a><\/p>\n<p><strong>S\u00e4hk\u00f6turvallisuusasetus 498\/1996.<\/strong> Tutustut oheiseen asetukseen seuraavassa teht\u00e4v\u00e4ss\u00e4.<\/p>\n<p>Linkki Tukes\/Edilex tietokantaan <a title=\"S\u00e4hk\u00f6turvallisuusasetus 498\/1996\" href=\"http:\/\/plus.edilex.fi\/tukes\/fi\/lainsaadanto\/19960498?toc=1\" target=\"_blank\">S\u00e4hk\u00f6turvallisuusasetus 498\/1996<\/a><\/p>\n<p>Lue asetusteksti ja tee teht\u00e4v\u00e4 <a href=\"https:\/\/blogit.gradia.fi\/sahkonet\/wp-content\/uploads\/sites\/80\/2014\/04\/02_STS_sahkoturvallisuusasetus_498.pdf\">02_STS_sahkoturvallisuusasetus_498<\/a><\/p>\n<p><strong>KTMp 516\/1996.<\/strong> Tutustut oheiseen p\u00e4\u00e4t\u00f6kseen seuraavassa teht\u00e4v\u00e4ss\u00e4.<\/p>\n<p>Linkki Tukes\/Edilex tietokantaan <a title=\"KTMp 516\/1996\" href=\"http:\/\/plus.edilex.fi\/tukes\/fi\/lainsaadanto\/19960516?toc=1\" target=\"_blank\">KTMp 516\/1996<\/a><\/p>\n<p>Lue p\u00e4\u00e4t\u00f6steksti ja tee teht\u00e4v\u00e4 <a href=\"https:\/\/blogit.gradia.fi\/sahkonet\/wp-content\/uploads\/sites\/80\/2014\/04\/03_STS_KTMp_516.pdf\">03_STS_KTMp_516<\/a><\/p>\n<p><strong>KTMp 517\/1996.<\/strong> Tutustut oheiseen p\u00e4\u00e4t\u00f6kseen seuraavassa teht\u00e4v\u00e4ss\u00e4.<\/p>\n<p>Linkki Tukes\/Edilex tietokantaan <a title=\"KTMp 517\/1996\" href=\"http:\/\/plus.edilex.fi\/tukes\/fi\/lainsaadanto\/19960517?toc=1\" target=\"_blank\">KTMp 517\/1996<\/a><\/p>\n<p>Lue p\u00e4\u00e4t\u00f6steksti ja tee teht\u00e4v\u00e4 <a href=\"https:\/\/blogit.gradia.fi\/sahkonet\/wp-content\/uploads\/sites\/80\/2014\/04\/04_STS_KTMp_517.pdf\">04_STS_KTMp_517<\/a><\/p>\n<p><strong>KTMp 1193\/1996.<\/strong> Tutustut oheiseen p\u00e4\u00e4t\u00f6kseen seuraavassa teht\u00e4v\u00e4ss\u00e4.<\/p>\n<p>Linkki Tukes\/Edilex tietokantaan <a title=\"KTMp 1193\/1996\" href=\"http:\/\/plus.edilex.fi\/tukes\/fi\/lainsaadanto\/19991193?toc=1\" target=\"_blank\">KTMp 1193\/1996<\/a><\/p>\n<p>Lue p\u00e4\u00e4t\u00f6steksti ja tee teht\u00e4v\u00e4 <a href=\"https:\/\/blogit.gradia.fi\/sahkonet\/wp-content\/uploads\/sites\/80\/2014\/04\/05_STS_KTMp_1193.pdf\">05_STS_KTMp_1193<\/a><\/p>\n<p><strong>KTMp 1694\/1996.<\/strong> Tutustut oheiseen p\u00e4\u00e4t\u00f6kseen seuraavassa teht\u00e4v\u00e4ss\u00e4.<\/p>\n<p>Linkki Tukes\/Edilex tietokantaan <a title=\"KTMp 1694\/1996\" href=\"http:\/\/plus.edilex.fi\/tukes\/fi\/lainsaadanto\/19931694?toc=1\" target=\"_blank\">KTMp 1694\/1996<\/a><\/p>\n<p>Lue p\u00e4\u00e4t\u00f6steksti ja tee teht\u00e4v\u00e4 <a href=\"https:\/\/blogit.gradia.fi\/sahkonet\/wp-content\/uploads\/sites\/80\/2014\/04\/06_STS_KTMp_1694.pdf\">06_STS_KTMp_1694<\/a><\/p>\n<p>S\u00e4hk\u00f6turvallisuuslaissa, -asetuksessa sek\u00e4 ministeri\u00f6n p\u00e4\u00e4t\u00f6ksess\u00e4 osa valvonnasta ja ohjauksesta on annettu viranomaisille. S\u00e4hk\u00f6alan keskeisi\u00e4 s\u00e4hk\u00f6turvallisuutta ja turvallisia ty\u00f6tapoja edist\u00e4vi\u00e4 tahoja ovat TUKES, STEK, SETI ja S\u00e4hk\u00f6info.<\/p>\n<p>Alle on koottu teht\u00e4vi\u00e4, joiden avulla p\u00e4\u00e4set tutustumaan ja omaksumaan<\/p>\n<ul>\n<li>TUKESiin<\/li>\n<li>STEKiin<\/li>\n<li>SETIiin<\/li>\n<li>S\u00e4hk\u00f6infoon<\/li>\n<\/ul>\n<p style=\"text-align: center\"><span style=\"color: #ff0000\"><em><strong>Teht\u00e4v\u00e4t tehd\u00e4\u00e4n yhteisty\u00f6ss\u00e4 tiimin kesken<\/strong><\/em><\/span><\/p>\n<p style=\"text-align: center\"><span style=\"color: #ff0000\"><em><strong>Teht\u00e4v\u00e4t palautetaan tarkastettavaksi ohjaavalle opettajalle<\/strong><\/em><\/span><\/p>\n<p><strong>TUKES<\/strong><\/p>\n<p>Tutustut TUKESiin oheisen linkin ja teht\u00e4v\u00e4n kautta:<\/p>\n<p>Linkki <a title=\"TUKES\" href=\"http:\/\/www.tukes.fi\/\" target=\"_blank\">TUKESin<\/a> sivuille.<\/p>\n<p>Tutustu TUKESin sivustoihin ja tee teht\u00e4v\u00e4 <a href=\"https:\/\/blogit.gradia.fi\/sahkonet\/wp-content\/uploads\/sites\/80\/2014\/04\/STS_TUKES.pdf\">STS_TUKES<\/a><\/p>\n<p><strong>STEK<\/strong><\/p>\n<p>Tutustut STEKiin oheisen linkin ja teht\u00e4v\u00e4n kautta:<\/p>\n<p>Linkki <a title=\"STEK\" href=\"http:\/\/www.stek.fi\/\" target=\"_blank\">STEKin<\/a> sivuille.<\/p>\n<p>Tutustu STEKin sivustoihin ja tee teht\u00e4v\u00e4 <a href=\"https:\/\/blogit.gradia.fi\/sahkonet\/wp-content\/uploads\/sites\/80\/2014\/04\/STS_STEK.pdf\">STS_STEK<\/a><\/p>\n<p><strong>SETI<\/strong><\/p>\n<p>Tutustut SETIiin oheisen linkin ja teht\u00e4v\u00e4n kautta:<\/p>\n<p>Linkki <a title=\"SETI\" href=\"http:\/\/www.seti.fi\" target=\"_blank\">SETIn<\/a> sivuille.<\/p>\n<p>Tutustu SETIn sivustoihin ja tee teht\u00e4v\u00e4 <a href=\"https:\/\/blogit.gradia.fi\/sahkonet\/wp-content\/uploads\/sites\/80\/2014\/04\/STS_SETI.pdf\">STS_SETI<\/a><\/p>\n<p><strong>S\u00c4HK\u00d6INFO<\/strong><\/p>\n<p>Tutustut S\u00c4HK\u00d6INFOon oheisen linkin ja teht\u00e4v\u00e4n kautta:<\/p>\n<p>Linkki <a title=\"S\u00c4HK\u00d6INFO\" href=\"http:\/\/www.sahkoinfo.fi\" target=\"_blank\">S\u00c4HK\u00d6INFOn<\/a> sivuille.<\/p>\n<p>Tutustu S\u00c4HK\u00d6INFOn sivustoihin ja tee teht\u00e4v\u00e4 <a href=\"https:\/\/blogit.gradia.fi\/sahkonet\/wp-content\/uploads\/sites\/80\/2014\/04\/STS_SAHKOINFO.pdf\">STS_SAHKOINFO<\/a><\/p>\n<h1><span style=\"text-decoration: underline\">TEHT\u00c4VIEN PALAUTUS:<\/span><\/h1>\n<h5>S\u00e4hk\u00f6turvallisuuden oppimisteht\u00e4v\u00e4t:<\/h5>\n<ul>\n<li>Teht\u00e4viin vastataan kysymyslomakkeille<\/li>\n<li>Kun tiimi on tehnyt teht\u00e4v\u00e4t h\u00e4n n\u00e4ytt\u00e4\u00e4 ne ohjaavalle opettajalle -&gt; opettaja kirjaa suoritusmerkinn\u00e4n wilmaan.<\/li>\n<\/ul>\n","protected":false},"excerpt":{"rendered":"<p>13.10.2014 Jari Peura Suomessa tapahtuva lains\u00e4\u00e4d\u00e4nt\u00f6 on monivaiheinen prosessi, jossa kansalaisten tahto pyrit\u00e4\u00e4n toteuttamaan demokraattisin keinoin huomioiden kokonaisuus ja kaikki muu lains\u00e4\u00e4d\u00e4nt\u00f6. L\u00e4ht\u00f6kohta lains\u00e4\u00e4d\u00e4nn\u00f6lle on ollut &#8221;maantavan&#8221; kirjaaminen lakipyk\u00e4liksi jne. S\u00e4hk\u00f6alalla keskeinen painopiste lains\u00e4\u00e4d\u00e4nn\u00f6ss\u00e4, asetuksissa, p\u00e4\u00e4t\u00f6ksiss\u00e4 ja ohjeissa on ollut s\u00e4hk\u00f6turvallisuus. On pyritty luomaan sellainen ohjeistus, jossa kaikilla niin k\u00e4ytt\u00e4jill\u00e4, asentajilla, el\u00e4imill\u00e4 kuin materiaalilla olisi &hellip; <a href=\"https:\/\/blogit.gradia.fi\/sahkonet\/sahko-ja-automaatioasennukset\/oppimistehtavat\/kiinteistojen-sahkoasennukset\/sisajohtoasennukset\/saot1_sahkoturvallisuus\/\" class=\"more-link\">Jatka lukemista <span class=\"screen-reader-text\">SAOT1, S\u00e4hk\u00f6turvallisuus<\/span> <span class=\"meta-nav\">&rarr;<\/span><\/a><\/p>\n","protected":false},"author":153,"featured_media":0,"parent":87,"menu_order":1,"comment_status":"closed","ping_status":"closed","template":"","meta":{"_uag_custom_page_level_css":"","footnotes":""},"class_list":["post-817","page","type-page","status-publish","hentry"],"yoast_head":"<!-- This site is optimized with the Yoast SEO plugin v27.4 - https:\/\/yoast.com\/product\/yoast-seo-wordpress\/ -->\n<title>SAOT1, S\u00e4hk\u00f6turvallisuus - S\u00e4hk\u00f6Net<\/title>\n<meta name=\"robots\" content=\"index, follow, max-snippet:-1, max-image-preview:large, max-video-preview:-1\" \/>\n<link rel=\"canonical\" href=\"https:\/\/blogit.gradia.fi\/sahkonet\/sahko-ja-automaatioasennukset\/oppimistehtavat\/kiinteistojen-sahkoasennukset\/sisajohtoasennukset\/saot1_sahkoturvallisuus\/\" \/>\n<meta property=\"og:locale\" content=\"fi_FI\" \/>\n<meta property=\"og:type\" content=\"article\" \/>\n<meta property=\"og:title\" content=\"SAOT1, S\u00e4hk\u00f6turvallisuus - S\u00e4hk\u00f6Net\" \/>\n<meta property=\"og:description\" content=\"13.10.2014 Jari Peura Suomessa tapahtuva lains\u00e4\u00e4d\u00e4nt\u00f6 on monivaiheinen prosessi, jossa kansalaisten tahto pyrit\u00e4\u00e4n toteuttamaan demokraattisin keinoin huomioiden kokonaisuus ja kaikki muu lains\u00e4\u00e4d\u00e4nt\u00f6. L\u00e4ht\u00f6kohta lains\u00e4\u00e4d\u00e4nn\u00f6lle on ollut &#8221;maantavan&#8221; kirjaaminen lakipyk\u00e4liksi jne. S\u00e4hk\u00f6alalla keskeinen painopiste lains\u00e4\u00e4d\u00e4nn\u00f6ss\u00e4, asetuksissa, p\u00e4\u00e4t\u00f6ksiss\u00e4 ja ohjeissa on ollut s\u00e4hk\u00f6turvallisuus. On pyritty luomaan sellainen ohjeistus, jossa kaikilla niin k\u00e4ytt\u00e4jill\u00e4, asentajilla, el\u00e4imill\u00e4 kuin materiaalilla olisi &hellip; Jatka lukemista SAOT1, S\u00e4hk\u00f6turvallisuus &rarr;\" \/>\n<meta property=\"og:url\" content=\"https:\/\/blogit.gradia.fi\/sahkonet\/sahko-ja-automaatioasennukset\/oppimistehtavat\/kiinteistojen-sahkoasennukset\/sisajohtoasennukset\/saot1_sahkoturvallisuus\/\" \/>\n<meta property=\"og:site_name\" content=\"S\u00e4hk\u00f6Net\" \/>\n<meta property=\"article:modified_time\" content=\"2014-10-13T17:17:16+00:00\" \/>\n<meta name=\"twitter:card\" content=\"summary_large_image\" \/>\n<meta name=\"twitter:label1\" content=\"Arvioitu lukuaika\" \/>\n\t<meta name=\"twitter:data1\" content=\"3 minuuttia\" \/>\n<script type=\"application\/ld+json\" class=\"yoast-schema-graph\">{\"@context\":\"https:\\\/\\\/schema.org\",\"@graph\":[{\"@type\":\"WebPage\",\"@id\":\"https:\\\/\\\/blogit.gradia.fi\\\/sahkonet\\\/sahko-ja-automaatioasennukset\\\/oppimistehtavat\\\/kiinteistojen-sahkoasennukset\\\/sisajohtoasennukset\\\/saot1_sahkoturvallisuus\\\/\",\"url\":\"https:\\\/\\\/blogit.gradia.fi\\\/sahkonet\\\/sahko-ja-automaatioasennukset\\\/oppimistehtavat\\\/kiinteistojen-sahkoasennukset\\\/sisajohtoasennukset\\\/saot1_sahkoturvallisuus\\\/\",\"name\":\"SAOT1, S\u00e4hk\u00f6turvallisuus - S\u00e4hk\u00f6Net\",\"isPartOf\":{\"@id\":\"https:\\\/\\\/blogit.gradia.fi\\\/sahkonet\\\/#website\"},\"datePublished\":\"2014-10-13T16:42:26+00:00\",\"dateModified\":\"2014-10-13T17:17:16+00:00\",\"breadcrumb\":{\"@id\":\"https:\\\/\\\/blogit.gradia.fi\\\/sahkonet\\\/sahko-ja-automaatioasennukset\\\/oppimistehtavat\\\/kiinteistojen-sahkoasennukset\\\/sisajohtoasennukset\\\/saot1_sahkoturvallisuus\\\/#breadcrumb\"},\"inLanguage\":\"fi\",\"potentialAction\":[{\"@type\":\"ReadAction\",\"target\":[\"https:\\\/\\\/blogit.gradia.fi\\\/sahkonet\\\/sahko-ja-automaatioasennukset\\\/oppimistehtavat\\\/kiinteistojen-sahkoasennukset\\\/sisajohtoasennukset\\\/saot1_sahkoturvallisuus\\\/\"]}]},{\"@type\":\"BreadcrumbList\",\"@id\":\"https:\\\/\\\/blogit.gradia.fi\\\/sahkonet\\\/sahko-ja-automaatioasennukset\\\/oppimistehtavat\\\/kiinteistojen-sahkoasennukset\\\/sisajohtoasennukset\\\/saot1_sahkoturvallisuus\\\/#breadcrumb\",\"itemListElement\":[{\"@type\":\"ListItem\",\"position\":1,\"name\":\"S\u00e4hk\u00f6- ja automaatioasennukset (20ov)\",\"item\":\"https:\\\/\\\/blogit.gradia.fi\\\/sahkonet\\\/sahko-ja-automaatioasennukset\\\/\"},{\"@type\":\"ListItem\",\"position\":2,\"name\":\"Oppimisteht\u00e4v\u00e4t\",\"item\":\"https:\\\/\\\/blogit.gradia.fi\\\/sahkonet\\\/sahko-ja-automaatioasennukset\\\/oppimistehtavat\\\/\"},{\"@type\":\"ListItem\",\"position\":3,\"name\":\"Kiinteist\u00f6jen s\u00e4hk\u00f6asennukset\",\"item\":\"https:\\\/\\\/blogit.gradia.fi\\\/sahkonet\\\/sahko-ja-automaatioasennukset\\\/oppimistehtavat\\\/kiinteistojen-sahkoasennukset\\\/\"},{\"@type\":\"ListItem\",\"position\":4,\"name\":\"Sis\u00e4johtoasennukset\",\"item\":\"https:\\\/\\\/blogit.gradia.fi\\\/sahkonet\\\/sahko-ja-automaatioasennukset\\\/oppimistehtavat\\\/kiinteistojen-sahkoasennukset\\\/sisajohtoasennukset\\\/\"},{\"@type\":\"ListItem\",\"position\":5,\"name\":\"SAOT1, S\u00e4hk\u00f6turvallisuus\"}]},{\"@type\":\"WebSite\",\"@id\":\"https:\\\/\\\/blogit.gradia.fi\\\/sahkonet\\\/#website\",\"url\":\"https:\\\/\\\/blogit.gradia.fi\\\/sahkonet\\\/\",\"name\":\"S\u00e4hk\u00f6Net\",\"description\":\"S\u00e4hk\u00f6- ja automaatiotekniikan perustutkinto\",\"potentialAction\":[{\"@type\":\"SearchAction\",\"target\":{\"@type\":\"EntryPoint\",\"urlTemplate\":\"https:\\\/\\\/blogit.gradia.fi\\\/sahkonet\\\/?s={search_term_string}\"},\"query-input\":{\"@type\":\"PropertyValueSpecification\",\"valueRequired\":true,\"valueName\":\"search_term_string\"}}],\"inLanguage\":\"fi\"}]}<\/script>\n<!-- \/ Yoast SEO plugin. -->","yoast_head_json":{"title":"SAOT1, S\u00e4hk\u00f6turvallisuus - S\u00e4hk\u00f6Net","robots":{"index":"index","follow":"follow","max-snippet":"max-snippet:-1","max-image-preview":"max-image-preview:large","max-video-preview":"max-video-preview:-1"},"canonical":"https:\/\/blogit.gradia.fi\/sahkonet\/sahko-ja-automaatioasennukset\/oppimistehtavat\/kiinteistojen-sahkoasennukset\/sisajohtoasennukset\/saot1_sahkoturvallisuus\/","og_locale":"fi_FI","og_type":"article","og_title":"SAOT1, S\u00e4hk\u00f6turvallisuus - S\u00e4hk\u00f6Net","og_description":"13.10.2014 Jari Peura Suomessa tapahtuva lains\u00e4\u00e4d\u00e4nt\u00f6 on monivaiheinen prosessi, jossa kansalaisten tahto pyrit\u00e4\u00e4n toteuttamaan demokraattisin keinoin huomioiden kokonaisuus ja kaikki muu lains\u00e4\u00e4d\u00e4nt\u00f6. L\u00e4ht\u00f6kohta lains\u00e4\u00e4d\u00e4nn\u00f6lle on ollut &#8221;maantavan&#8221; kirjaaminen lakipyk\u00e4liksi jne. S\u00e4hk\u00f6alalla keskeinen painopiste lains\u00e4\u00e4d\u00e4nn\u00f6ss\u00e4, asetuksissa, p\u00e4\u00e4t\u00f6ksiss\u00e4 ja ohjeissa on ollut s\u00e4hk\u00f6turvallisuus. On pyritty luomaan sellainen ohjeistus, jossa kaikilla niin k\u00e4ytt\u00e4jill\u00e4, asentajilla, el\u00e4imill\u00e4 kuin materiaalilla olisi &hellip; Jatka lukemista SAOT1, S\u00e4hk\u00f6turvallisuus &rarr;","og_url":"https:\/\/blogit.gradia.fi\/sahkonet\/sahko-ja-automaatioasennukset\/oppimistehtavat\/kiinteistojen-sahkoasennukset\/sisajohtoasennukset\/saot1_sahkoturvallisuus\/","og_site_name":"S\u00e4hk\u00f6Net","article_modified_time":"2014-10-13T17:17:16+00:00","twitter_card":"summary_large_image","twitter_misc":{"Arvioitu lukuaika":"3 minuuttia"},"schema":{"@context":"https:\/\/schema.org","@graph":[{"@type":"WebPage","@id":"https:\/\/blogit.gradia.fi\/sahkonet\/sahko-ja-automaatioasennukset\/oppimistehtavat\/kiinteistojen-sahkoasennukset\/sisajohtoasennukset\/saot1_sahkoturvallisuus\/","url":"https:\/\/blogit.gradia.fi\/sahkonet\/sahko-ja-automaatioasennukset\/oppimistehtavat\/kiinteistojen-sahkoasennukset\/sisajohtoasennukset\/saot1_sahkoturvallisuus\/","name":"SAOT1, S\u00e4hk\u00f6turvallisuus - S\u00e4hk\u00f6Net","isPartOf":{"@id":"https:\/\/blogit.gradia.fi\/sahkonet\/#website"},"datePublished":"2014-10-13T16:42:26+00:00","dateModified":"2014-10-13T17:17:16+00:00","breadcrumb":{"@id":"https:\/\/blogit.gradia.fi\/sahkonet\/sahko-ja-automaatioasennukset\/oppimistehtavat\/kiinteistojen-sahkoasennukset\/sisajohtoasennukset\/saot1_sahkoturvallisuus\/#breadcrumb"},"inLanguage":"fi","potentialAction":[{"@type":"ReadAction","target":["https:\/\/blogit.gradia.fi\/sahkonet\/sahko-ja-automaatioasennukset\/oppimistehtavat\/kiinteistojen-sahkoasennukset\/sisajohtoasennukset\/saot1_sahkoturvallisuus\/"]}]},{"@type":"BreadcrumbList","@id":"https:\/\/blogit.gradia.fi\/sahkonet\/sahko-ja-automaatioasennukset\/oppimistehtavat\/kiinteistojen-sahkoasennukset\/sisajohtoasennukset\/saot1_sahkoturvallisuus\/#breadcrumb","itemListElement":[{"@type":"ListItem","position":1,"name":"S\u00e4hk\u00f6- ja automaatioasennukset (20ov)","item":"https:\/\/blogit.gradia.fi\/sahkonet\/sahko-ja-automaatioasennukset\/"},{"@type":"ListItem","position":2,"name":"Oppimisteht\u00e4v\u00e4t","item":"https:\/\/blogit.gradia.fi\/sahkonet\/sahko-ja-automaatioasennukset\/oppimistehtavat\/"},{"@type":"ListItem","position":3,"name":"Kiinteist\u00f6jen s\u00e4hk\u00f6asennukset","item":"https:\/\/blogit.gradia.fi\/sahkonet\/sahko-ja-automaatioasennukset\/oppimistehtavat\/kiinteistojen-sahkoasennukset\/"},{"@type":"ListItem","position":4,"name":"Sis\u00e4johtoasennukset","item":"https:\/\/blogit.gradia.fi\/sahkonet\/sahko-ja-automaatioasennukset\/oppimistehtavat\/kiinteistojen-sahkoasennukset\/sisajohtoasennukset\/"},{"@type":"ListItem","position":5,"name":"SAOT1, S\u00e4hk\u00f6turvallisuus"}]},{"@type":"WebSite","@id":"https:\/\/blogit.gradia.fi\/sahkonet\/#website","url":"https:\/\/blogit.gradia.fi\/sahkonet\/","name":"S\u00e4hk\u00f6Net","description":"S\u00e4hk\u00f6- ja automaatiotekniikan perustutkinto","potentialAction":[{"@type":"SearchAction","target":{"@type":"EntryPoint","urlTemplate":"https:\/\/blogit.gradia.fi\/sahkonet\/?s={search_term_string}"},"query-input":{"@type":"PropertyValueSpecification","valueRequired":true,"valueName":"search_term_string"}}],"inLanguage":"fi"}]}},"uagb_featured_image_src":{"full":false,"thumbnail":false,"medium":false,"medium_large":false,"large":false,"1536x1536":false,"2048x2048":false,"post-thumbnail":false,"twentyfourteen-full-width":false},"uagb_author_info":{"display_name":"Minna Puoliv\u00e4li","author_link":"https:\/\/blogit.gradia.fi\/sahkonet\/author\/puolimin\/"},"uagb_comment_info":0,"uagb_excerpt":"13.10.2014 Jari Peura Suomessa tapahtuva lains\u00e4\u00e4d\u00e4nt\u00f6 on monivaiheinen prosessi, jossa kansalaisten tahto pyrit\u00e4\u00e4n toteuttamaan demokraattisin keinoin huomioiden kokonaisuus ja kaikki muu lains\u00e4\u00e4d\u00e4nt\u00f6. L\u00e4ht\u00f6kohta lains\u00e4\u00e4d\u00e4nn\u00f6lle on ollut &#8221;maantavan&#8221; kirjaaminen lakipyk\u00e4liksi jne. S\u00e4hk\u00f6alalla keskeinen painopiste lains\u00e4\u00e4d\u00e4nn\u00f6ss\u00e4, asetuksissa, p\u00e4\u00e4t\u00f6ksiss\u00e4 ja ohjeissa on ollut s\u00e4hk\u00f6turvallisuus. On pyritty luomaan sellainen ohjeistus, jossa kaikilla niin k\u00e4ytt\u00e4jill\u00e4, asentajilla, el\u00e4imill\u00e4 kuin materiaalilla olisi&hellip;","_links":{"self":[{"href":"https:\/\/blogit.gradia.fi\/sahkonet\/wp-json\/wp\/v2\/pages\/817","targetHints":{"allow":["GET"]}}],"collection":[{"href":"https:\/\/blogit.gradia.fi\/sahkonet\/wp-json\/wp\/v2\/pages"}],"about":[{"href":"https:\/\/blogit.gradia.fi\/sahkonet\/wp-json\/wp\/v2\/types\/page"}],"author":[{"embeddable":true,"href":"https:\/\/blogit.gradia.fi\/sahkonet\/wp-json\/wp\/v2\/users\/153"}],"replies":[{"embeddable":true,"href":"https:\/\/blogit.gradia.fi\/sahkonet\/wp-json\/wp\/v2\/comments?post=817"}],"version-history":[{"count":0,"href":"https:\/\/blogit.gradia.fi\/sahkonet\/wp-json\/wp\/v2\/pages\/817\/revisions"}],"up":[{"embeddable":true,"href":"https:\/\/blogit.gradia.fi\/sahkonet\/wp-json\/wp\/v2\/pages\/87"}],"wp:attachment":[{"href":"https:\/\/blogit.gradia.fi\/sahkonet\/wp-json\/wp\/v2\/media?parent=817"}],"curies":[{"name":"wp","href":"https:\/\/api.w.org\/{rel}","templated":true}]}}