{"id":716,"date":"2014-08-28T09:20:07","date_gmt":"2014-08-28T06:20:07","guid":{"rendered":"https:\/\/blogit.gradia.fi\/sahkonet\/?page_id=716"},"modified":"2016-09-07T13:52:40","modified_gmt":"2016-09-07T10:52:40","slug":"knx","status":"publish","type":"page","link":"https:\/\/blogit.gradia.fi\/sahkonet\/kiinteistoautomaatio\/knx\/","title":{"rendered":"KNX-asennukset"},"content":{"rendered":"<p>3. vuoden opiskelijoille suunnattu opintokokonaisuus, jonka sis\u00e4lt\u00f6:<a href=\"https:\/\/blogit.gradia.fi\/sahkonet\/wp-content\/uploads\/sites\/80\/2014\/08\/KNX_TRAINING_RGB.jpg\"><img loading=\"lazy\" decoding=\"async\" class=\"wp-image-1554 alignright\" src=\"https:\/\/blogit.gradia.fi\/sahkonet\/wp-content\/uploads\/sites\/80\/2014\/08\/KNX_TRAINING_RGB.jpg\" width=\"184\" height=\"121\" srcset=\"https:\/\/blogit.gradia.fi\/sahkonet\/wp-content\/uploads\/sites\/80\/2014\/08\/KNX_TRAINING_RGB.jpg 412w, https:\/\/blogit.gradia.fi\/sahkonet\/wp-content\/uploads\/sites\/80\/2014\/08\/KNX_TRAINING_RGB-300x197.jpg 300w\" sizes=\"auto, (max-width: 184px) 100vw, 184px\" \/><\/a><\/p>\n<ul>\n<li>KNX-j\u00e4rjestelm\u00e4<\/li>\n<li>Dali-valaistuksen ohjaus<\/li>\n<li>Rikosilmoituslaitteiden konfigurointi<\/li>\n<\/ul>\n<h1>Ennen oppimisteht\u00e4vien suorittamista<\/h1>\n<p><a href=\"https:\/\/optima.discendum.com\/learning\/id353\/bin\/directURL_use?dval=4c45dfd3dd3fb0c35e8b788a2e9f7ed3430fba76&amp;id=1039948&amp;ws=1037676&amp;ns=31&amp;optimastart=on&amp;backtostart=on\" target=\"_blank\">Valmistavia teht\u00e4vi\u00e4<\/a><\/p>\n<h1>Luennot<\/h1>\n<p>1 <a href=\"https:\/\/optima.discendum.com\/learning\/id353\/bin\/directURL_use?dval=7d2b22e1b35283ac29be77b738ff353b7a1a697c&amp;id=871758&amp;ws=1037676&amp;ns=31&amp;optimastart=on&amp;backtostart=on\" target=\"_blank\">Aloitustoimet<br \/>\n<\/a>2 <a href=\"https:\/\/optima.discendum.com\/learning\/id353\/bin\/directURL_use?dval=e0c15f0d60fd62070555cd15a3ed8ada79abe281&amp;id=871760&amp;ws=1037676&amp;ns=31&amp;optimastart=on&amp;backtostart=on\" target=\"_blank\">Anturin ja toimilaitteen lis\u00e4\u00e4minen struktuuriin<\/a><br \/>\n3 <a href=\"https:\/\/optima.discendum.com\/learning\/id353\/bin\/directURL_use?dval=daf4302d1ff8f35562eed768661d3394c8fbae01&amp;id=871761&amp;ws=1037676&amp;ns=31&amp;optimastart=on&amp;backtostart=on\" target=\"_blank\">Anturin ja toimilaitteen kytkent\u00e4 toimintakuntoon<\/a><br \/>\n4 <a href=\"https:\/\/optima.discendum.com\/learning\/id353\/bin\/directURL_use?dval=f892a881412926e994d84ec3a36d2e0b280f2743&amp;id=871762&amp;ws=1037676&amp;ns=31&amp;optimastart=on&amp;backtostart=on\" target=\"_blank\">Toimintaliput S\u00e4\u00e4dinkytkenn\u00e4t Liiketunnistinkytkent\u00e4<\/a><br \/>\n5 <a href=\"https:\/\/optima.discendum.com\/learning\/id353\/bin\/directURL_use?dval=a3950a18f3fcd3d877f81c414fb4c953ee6ffaa2&amp;id=871763&amp;ws=1037676&amp;ns=31&amp;optimastart=on&amp;backtostart=on\" target=\"_blank\">Bin\u00e4\u00e4riyksik\u00f6n k\u00e4ytt\u00f6 ja Tilanneohjaus<\/a><br \/>\n6 <a href=\"https:\/\/optima.discendum.com\/learning\/id353\/bin\/directURL_use?dval=9f75bb9dc6380e052639b3d2e1d9e8f146e46584&amp;id=871764&amp;ws=1037676&amp;ns=31&amp;optimastart=on&amp;backtostart=on\" target=\"_blank\">L\u00e4mmityksen ohjaus<\/a>\u00a0 \u00a0\u00a0<span style=\"color: #808080\">(<a style=\"color: #808080\" href=\"https:\/\/optima.discendum.com\/learning\/id353\/bin\/directURL_use?dval=fcb14076504aa9d03adf3df67e1179a230562f4e&amp;id=1138023&amp;ws=1037676&amp;ns=31&amp;optimastart=on&amp;backtostart=on\" target=\"_blank\">pikku vinkki<\/a>)<\/span><br \/>\n7 <a href=\"https:\/\/optima.discendum.com\/learning\/id353\/bin\/directURL_use?dval=fd087c23e4f1867e8ee645b8e1673a684bfbcba7&amp;id=871765&amp;ws=1037676&amp;ns=31&amp;optimastart=on&amp;backtostart=on\" target=\"_blank\">Verho- ja kaihdinohjaus, Yhteisk\u00e4ytt\u00f6<\/a><br \/>\n8 <a href=\"https:\/\/optima.discendum.com\/learning\/id353\/bin\/directURL_use?dval=f0ca67225662c010c79d8155814b66c174086630&amp;id=871766&amp;ws=1037676&amp;ns=31&amp;optimastart=on&amp;backtostart=on\" target=\"_blank\">Yhteiset toiminnot. Siirtotiedostot, Varmuuskopiot<\/a><br \/>\n9<a href=\"https:\/\/optima.discendum.com\/learning\/id353\/bin\/directURL_use?dval=f5e292bce0aefbffa74ff4b34fd2437b79718194&amp;id=871767&amp;ws=1037676&amp;ns=31&amp;optimastart=on&amp;backtostart=on\" target=\"_blank\"> Monitorointi ja vikadiagnostiikka<\/a><br \/>\n10 <a href=\"https:\/\/optima.discendum.com\/learning\/id353\/bin\/directURL_use?dval=e2704cdbdcc2c3e3208bf895c77a0d6f59d4fa04&amp;id=871759&amp;ws=1037676&amp;ns=31&amp;optimastart=on&amp;backtostart=on\" target=\"_blank\">Tulostus ja raportointi<\/a><\/p>\n<p><a href=\"https:\/\/optima.discendum.com\/learning\/id353\/bin\/directURL_use?dval=eda3918f596675183f8aca88f9d301e3c934fa44&amp;id=1080800&amp;ws=1037676&amp;ns=31&amp;optimastart=on&amp;backtostart=on\" target=\"_blank\">KNX-perusteet &#8211; JAO<\/a><\/p>\n<h1>Manuaalit<\/h1>\n<p>1 <a href=\"https:\/\/optima.discendum.com\/learning\/id353\/bin\/directURL_use?dval=2ba8f66df5772c08b2e2e8e715577677e33c2587&amp;id=871771&amp;ws=1037676&amp;ns=31&amp;optimastart=on&amp;backtostart=on\" target=\"_blank\">Perusteet<br \/>\n<\/a>2 <a href=\"https:\/\/optima.discendum.com\/learning\/id353\/bin\/directURL_use?dval=aad9a33bf8017238b20385a365fc19b21cb2f0e5&amp;id=871773&amp;ws=1037676&amp;ns=31&amp;optimastart=on&amp;backtostart=on\" target=\"_blank\">Kommunikaatio<\/a><br \/>\n3 <a href=\"https:\/\/optima.discendum.com\/learning\/id353\/bin\/directURL_use?dval=5351714ff7323d22d0bdb5fe5a635244da61d76d&amp;id=871774&amp;ws=1037676&amp;ns=31&amp;optimastart=on&amp;backtostart=on\" target=\"_blank\">Topologia <\/a>(Alueet, Linjat, V\u00e4yl\u00e4t, Osoitteet)<br \/>\n4 <a href=\"https:\/\/optima.discendum.com\/learning\/id353\/bin\/directURL_use?dval=b7f7c5ffdb361440cf8f49301b6f2931c9964c41&amp;id=871775&amp;ws=1037676&amp;ns=31&amp;optimastart=on&amp;backtostart=on\" target=\"_blank\">V\u00e4yl\u00e4laitteet<\/a><br \/>\n5 <a href=\"https:\/\/optima.discendum.com\/learning\/id353\/bin\/directURL_use?dval=0dce763b5677e1a234deae82ffa5030c27f74e0e&amp;id=871776&amp;ws=1037676&amp;ns=31&amp;optimastart=on&amp;backtostart=on\" target=\"_blank\">Asennus<\/a><br \/>\n6\u00a0<a href=\"https:\/\/optima.discendum.com\/learning\/id353\/bin\/directURL_use?dval=f37c7d4a6a98faa9dddefb0281d3f21d1e585aef&amp;id=1040600&amp;ws=1037676&amp;ns=31&amp;optimastart=on&amp;backtostart=on\" target=\"_blank\">Diagnostiikka<br \/>\n<\/a>7 <a href=\"https:\/\/optima.discendum.com\/learning\/id353\/bin\/directURL_use?dval=ad31ee3891016618d2c12d387f27bb153e5b5aec&amp;id=1041882&amp;ws=1037676&amp;ns=31&amp;optimastart=on&amp;backtostart=on\" target=\"_blank\">ETS4 laitteiden k\u00e4ytt\u00f6\u00f6notto<\/a><br \/>\n<a href=\"https:\/\/optima.discendum.com\/learning\/id353\/bin\/directURL_use?dval=d261eab71d7ec2b3249c7eba39fc2c9bfa663667&amp;id=871781&amp;ws=1037676&amp;ns=31&amp;optimastart=on&amp;backtostart=on\" target=\"_blank\">ETS-Ohjelman k\u00e4ytt\u00f6<\/a><br \/>\n<a id=\"ot\"><\/a><\/p>\n<h1>Oppimisteht\u00e4v\u00e4t<\/h1>\n<p>1. <a href=\"https:\/\/optima.discendum.com\/learning\/id353\/bin\/directURL_use?dval=166055f4c0372dff402d08d655c904ae32c11d81&amp;id=996847&amp;ws=371142&amp;ns=31&amp;optimastart=on&amp;backtostart=on\" target=\"_blank\">KNX-osoiteharjoitus<\/a><br \/>\n2. <a href=\"https:\/\/optima.discendum.com\/learning\/id353\/bin\/directURL_use?dval=9f44f4177c71ba5636bb10dc65afd1a329ac73b2&amp;id=996837&amp;ws=1037676&amp;ns=31&amp;optimastart=on&amp;backtostart=on\" target=\"_blank\">KNX-harjoitus 1<\/a>\u00a0(HUOM. <a href=\"https:\/\/optima.discendum.com\/learning\/id353\/bin\/directURL_use?dval=51a2aa4f44de35c3f68af320377e7695b99c119b&amp;id=1078974&amp;ws=1037676&amp;ns=31&amp;optimastart=on&amp;backtostart=on\" target=\"_blank\">Toimilaitteiden ohjaukset<\/a>)<a href=\"https:\/\/optima.discendum.com\/learning\/id353\/bin\/directURL_use?dval=9f44f4177c71ba5636bb10dc65afd1a329ac73b2&amp;id=996837&amp;ws=1037676&amp;ns=31&amp;optimastart=on&amp;backtostart=on\" target=\"_blank\"><br \/>\n<\/a>3.<a href=\"https:\/\/optima.discendum.com\/learning\/id353\/bin\/directURL_use?dval=a7e99930ffbc440ffec8bd6085d788d1b560dca0&amp;id=996839&amp;ws=1037676&amp;ns=31&amp;optimastart=on&amp;backtostart=on\" target=\"_blank\"> KNX-harjoitus 2<br \/>\n<\/a>4. <a href=\"https:\/\/optima.discendum.com\/learning\/id353\/bin\/directURL_use?dval=e2d735ba055739382afba2b8cc2a8313b19667d8&amp;id=996840&amp;ws=1037676&amp;ns=31&amp;optimastart=on&amp;backtostart=on\" target=\"_blank\">KNX-harjoitus 3<br \/>\n<\/a>5. <a href=\"https:\/\/optima.discendum.com\/learning\/id353\/bin\/directURL_use?dval=8622ab79a75e5ea6d144602635c32387f74c5770&amp;id=996841&amp;ws=1037676&amp;ns=31&amp;optimastart=on&amp;backtostart=on\" target=\"_blank\">KNX-harjoitus 4<br \/>\n<\/a>6. <a href=\"https:\/\/optima.discendum.com\/learning\/id353\/bin\/directURL_use?dval=a53eb31eebebb1c59d8b8b34773827fe16a09910&amp;id=996842&amp;ws=1037676&amp;ns=31&amp;optimastart=on&amp;backtostart=on\" target=\"_blank\">KNX-harjoitus 5<br \/>\n<\/a>7. <a href=\"https:\/\/optima.discendum.com\/learning\/id353\/bin\/directURL_use?dval=8561d902e6add5346cc96ee8296d1810c7e74b50&amp;id=996843&amp;ws=1037676&amp;ns=31&amp;optimastart=on&amp;backtostart=on\" target=\"_blank\">KNX-harjoitus 6<\/a> \u00a0<span style=\"color: #999999\"><a style=\"color: #999999\" href=\"https:\/\/optima.discendum.com\/learning\/id353\/bin\/directURL_use?dval=8561d902e6add5346cc96ee8296d1810c7e74b50&amp;id=996843&amp;ws=1037676&amp;ns=31&amp;optimastart=on&amp;backtostart=on\" target=\"_blank\">(<\/a><a style=\"color: #999999\" href=\"https:\/\/optima.discendum.com\/learning\/id353\/bin\/directURL_use?dval=fcb14076504aa9d03adf3df67e1179a230562f4e&amp;id=1138023&amp;ws=1037676&amp;ns=31&amp;optimastart=on&amp;backtostart=on\" target=\"_blank\">pikku vinkki<\/a><\/span><a href=\"https:\/\/optima.discendum.com\/learning\/id353\/bin\/directURL_use?dval=8561d902e6add5346cc96ee8296d1810c7e74b50&amp;id=996843&amp;ws=1037676&amp;ns=31&amp;optimastart=on&amp;backtostart=on\" target=\"_blank\"><span style=\"color: #999999\">)<\/span><br \/>\n<\/a>8. <a href=\"https:\/\/optima.discendum.com\/learning\/id353\/bin\/directURL_use?dval=3204bc5a6b8ba50685e2ea6238ef9599453f7ee4&amp;id=996844&amp;ws=1037676&amp;ns=31&amp;optimastart=on&amp;backtostart=on\" target=\"_blank\">KNX-harjoitus 7<br \/>\n<\/a>9. <a href=\"https:\/\/optima.discendum.com\/learning\/id353\/bin\/directURL_use?dval=6e9d947bea617decf3ec18750723f69bd80a02bf&amp;id=996845&amp;ws=1037676&amp;ns=31&amp;optimastart=on&amp;backtostart=on\" target=\"_blank\">KNX-harjoitus 8<br \/>\n<\/a>10.<a href=\"https:\/\/optima.discendum.com\/learning\/id353\/bin\/directURL_use?dval=1d94f3645ba35849b17b98b6aa0104d3965e6e07&amp;id=996846&amp;ws=1037676&amp;ns=31&amp;optimastart=on&amp;backtostart=on\" target=\"_blank\"> KNX-harjoitus 9<br \/>\n<\/a>11. <a href=\"https:\/\/optima.discendum.com\/learning\/id353\/bin\/directURL_use?dval=37f8ea2d4b4f602678e88dc833027bbff794c3d7&amp;id=996838&amp;ws=1037676&amp;ns=31&amp;optimastart=on&amp;backtostart=on\" target=\"_blank\">KNX-harjoitus 10<br \/>\n<\/a>12. Dali valaistuksen asennusteht\u00e4v\u00e4 ja konfigurointi<br \/>\n13. <a href=\"https:\/\/blogit.gradia.fi\/sahkonet\/kiinteistoautomaatio\/syventava-osa\/rajapinnan-konfigurointi-wago-ip\/\">Liitynt\u00e4rajapinnan konfigurointi Wago-IP<\/a><br \/>\n14.\u00a0<a href=\"https:\/\/blogit.gradia.fi\/sahkonet\/kiinteistoautomaatio\/syventava-osa\/rajapinnat\/\">Liitynt\u00e4rajapinnan konfigurointi \u00e4lyreleell\u00e4<br \/>\n<\/a>15. <a href=\"https:\/\/blogit.gradia.fi\/sahkonet\/kiinteistoautomaatio\/syventava-osa\/ets4-varmuuskopio\/\">Varmuuskopio<\/a><\/p>\n<h1>Ohjelma<\/h1>\n<p><a href=\"https:\/\/optima.discendum.com\/learning\/id353\/bin\/directURL_use?dval=47cb667593841580fadb8ce0344a67cc87c7bce6&amp;id=996836&amp;ws=1037676&amp;ns=31&amp;optimastart=on&amp;backtostart=on\">ETS4 -asennuspaketti<\/a><\/p>\n<h1>Laitetietokannat<\/h1>\n<p><a href=\"https:\/\/onedrive.live.com\/redir?resid=BE97741D135080E3!2273&amp;authkey=!AAU8U6C8OPxQBWY&amp;ithint=folder%2c\" target=\"_blank\">Laitetietokannat\u00a0<\/a><\/p>\n<p>ABB:<\/p>\n<ul>\n<li><a href=\"http:\/\/www.knx-gebaeudesysteme.de\/sto_g\/_All\/SOFTWARE\/AP_PT_1_2_66_ABB.ZIP\" target=\"_blank\">PowerTool lataus<\/a><\/li>\n<li><a href=\"http:\/\/www.knx-gebaeudesysteme.de\/sto_g\/English\/_HTML\/product_9AAC168800.htm\" target=\"_blank\">http:\/\/www.knx-gebaeudesysteme.de\/sto_g\/English\/_HTML\/product_9AAC168800.htm<\/a><\/li>\n<\/ul>\n<h1>Laitteet<\/h1>\n<p style=\"text-align: center\"><a href=\"https:\/\/blogit.gradia.fi\/sahkonet\/wp-content\/uploads\/sites\/80\/2014\/08\/knxtuotteet-1.png\"><img loading=\"lazy\" decoding=\"async\" class=\"alignnone wp-image-1452 size-full\" src=\"https:\/\/blogit.gradia.fi\/sahkonet\/wp-content\/uploads\/sites\/80\/2014\/08\/knxtuotteet-1.png\" alt=\"\" width=\"1109\" height=\"767\" srcset=\"https:\/\/blogit.gradia.fi\/sahkonet\/wp-content\/uploads\/sites\/80\/2014\/08\/knxtuotteet-1.png 1109w, https:\/\/blogit.gradia.fi\/sahkonet\/wp-content\/uploads\/sites\/80\/2014\/08\/knxtuotteet-1-300x207.png 300w, https:\/\/blogit.gradia.fi\/sahkonet\/wp-content\/uploads\/sites\/80\/2014\/08\/knxtuotteet-1-768x531.png 768w, https:\/\/blogit.gradia.fi\/sahkonet\/wp-content\/uploads\/sites\/80\/2014\/08\/knxtuotteet-1-1024x708.png 1024w\" sizes=\"auto, (max-width: 1109px) 100vw, 1109px\" \/><\/a><\/p>\n<h1 style=\"text-align: left\">Projektin vaiheet<\/h1>\n<p><a href=\"https:\/\/blogit.gradia.fi\/sahkonet\/wp-content\/uploads\/sites\/80\/2014\/08\/KNX-Projektin-luonti.pdf\" target=\"_blank\">KNX-Projektin luonti<\/a><\/p>\n<p><span style=\"color: #ffffff\"><a style=\"text-decoration: none\" href=\"http:\/\/1drv.ms\/1xMG4UD\" target=\"_blank\"><span style=\"color: #ffffff;text-decoration: none\">8)<\/span><\/a><\/span><\/p>\n","protected":false},"excerpt":{"rendered":"<p>3. vuoden opiskelijoille suunnattu opintokokonaisuus, jonka sis\u00e4lt\u00f6: KNX-j\u00e4rjestelm\u00e4 Dali-valaistuksen ohjaus Rikosilmoituslaitteiden konfigurointi Ennen oppimisteht\u00e4vien suorittamista Valmistavia teht\u00e4vi\u00e4 Luennot 1 Aloitustoimet 2 Anturin ja toimilaitteen lis\u00e4\u00e4minen struktuuriin 3 Anturin ja toimilaitteen kytkent\u00e4 toimintakuntoon 4 Toimintaliput S\u00e4\u00e4dinkytkenn\u00e4t Liiketunnistinkytkent\u00e4 5 Bin\u00e4\u00e4riyksik\u00f6n k\u00e4ytt\u00f6 ja Tilanneohjaus 6 L\u00e4mmityksen ohjaus\u00a0 \u00a0\u00a0(pikku vinkki) 7 Verho- ja kaihdinohjaus, Yhteisk\u00e4ytt\u00f6 8 Yhteiset toiminnot. Siirtotiedostot, &hellip; <a href=\"https:\/\/blogit.gradia.fi\/sahkonet\/kiinteistoautomaatio\/knx\/\" class=\"more-link\">Jatka lukemista <span class=\"screen-reader-text\">KNX-asennukset<\/span> <span class=\"meta-nav\">&rarr;<\/span><\/a><\/p>\n","protected":false},"author":179,"featured_media":0,"parent":13,"menu_order":2,"comment_status":"closed","ping_status":"closed","template":"","meta":{"_uag_custom_page_level_css":"","footnotes":""},"class_list":["post-716","page","type-page","status-publish","hentry"],"yoast_head":"<!-- This site is optimized with the Yoast SEO plugin v27.4 - https:\/\/yoast.com\/product\/yoast-seo-wordpress\/ -->\n<title>KNX-asennukset - S\u00e4hk\u00f6Net<\/title>\n<meta name=\"robots\" content=\"index, follow, max-snippet:-1, max-image-preview:large, max-video-preview:-1\" \/>\n<link rel=\"canonical\" href=\"https:\/\/blogit.gradia.fi\/sahkonet\/kiinteistoautomaatio\/knx\/\" \/>\n<meta property=\"og:locale\" content=\"fi_FI\" \/>\n<meta property=\"og:type\" content=\"article\" \/>\n<meta property=\"og:title\" content=\"KNX-asennukset - S\u00e4hk\u00f6Net\" \/>\n<meta property=\"og:description\" content=\"3. vuoden opiskelijoille suunnattu opintokokonaisuus, jonka sis\u00e4lt\u00f6: KNX-j\u00e4rjestelm\u00e4 Dali-valaistuksen ohjaus Rikosilmoituslaitteiden konfigurointi Ennen oppimisteht\u00e4vien suorittamista Valmistavia teht\u00e4vi\u00e4 Luennot 1 Aloitustoimet 2 Anturin ja toimilaitteen lis\u00e4\u00e4minen struktuuriin 3 Anturin ja toimilaitteen kytkent\u00e4 toimintakuntoon 4 Toimintaliput S\u00e4\u00e4dinkytkenn\u00e4t Liiketunnistinkytkent\u00e4 5 Bin\u00e4\u00e4riyksik\u00f6n k\u00e4ytt\u00f6 ja Tilanneohjaus 6 L\u00e4mmityksen ohjaus\u00a0 \u00a0\u00a0(pikku vinkki) 7 Verho- ja kaihdinohjaus, Yhteisk\u00e4ytt\u00f6 8 Yhteiset toiminnot. Siirtotiedostot, &hellip; Jatka lukemista KNX-asennukset &rarr;\" \/>\n<meta property=\"og:url\" content=\"https:\/\/blogit.gradia.fi\/sahkonet\/kiinteistoautomaatio\/knx\/\" \/>\n<meta property=\"og:site_name\" content=\"S\u00e4hk\u00f6Net\" \/>\n<meta property=\"article:modified_time\" content=\"2016-09-07T10:52:40+00:00\" \/>\n<meta property=\"og:image\" content=\"https:\/\/blogit.gradia.fi\/sahkonet\/wp-content\/uploads\/sites\/80\/2014\/08\/KNX_TRAINING_RGB.jpg\" \/>\n<meta name=\"twitter:card\" content=\"summary_large_image\" \/>\n<meta name=\"twitter:label1\" content=\"Arvioitu lukuaika\" \/>\n\t<meta name=\"twitter:data1\" content=\"1 minuutti\" \/>\n<script type=\"application\/ld+json\" class=\"yoast-schema-graph\">{\"@context\":\"https:\\\/\\\/schema.org\",\"@graph\":[{\"@type\":\"WebPage\",\"@id\":\"https:\\\/\\\/blogit.gradia.fi\\\/sahkonet\\\/kiinteistoautomaatio\\\/knx\\\/\",\"url\":\"https:\\\/\\\/blogit.gradia.fi\\\/sahkonet\\\/kiinteistoautomaatio\\\/knx\\\/\",\"name\":\"KNX-asennukset - S\u00e4hk\u00f6Net\",\"isPartOf\":{\"@id\":\"https:\\\/\\\/blogit.gradia.fi\\\/sahkonet\\\/#website\"},\"primaryImageOfPage\":{\"@id\":\"https:\\\/\\\/blogit.gradia.fi\\\/sahkonet\\\/kiinteistoautomaatio\\\/knx\\\/#primaryimage\"},\"image\":{\"@id\":\"https:\\\/\\\/blogit.gradia.fi\\\/sahkonet\\\/kiinteistoautomaatio\\\/knx\\\/#primaryimage\"},\"thumbnailUrl\":\"https:\\\/\\\/blogit.gradia.fi\\\/sahkonet\\\/wp-content\\\/uploads\\\/sites\\\/80\\\/2014\\\/08\\\/KNX_TRAINING_RGB.jpg\",\"datePublished\":\"2014-08-28T06:20:07+00:00\",\"dateModified\":\"2016-09-07T10:52:40+00:00\",\"breadcrumb\":{\"@id\":\"https:\\\/\\\/blogit.gradia.fi\\\/sahkonet\\\/kiinteistoautomaatio\\\/knx\\\/#breadcrumb\"},\"inLanguage\":\"fi\",\"potentialAction\":[{\"@type\":\"ReadAction\",\"target\":[\"https:\\\/\\\/blogit.gradia.fi\\\/sahkonet\\\/kiinteistoautomaatio\\\/knx\\\/\"]}]},{\"@type\":\"ImageObject\",\"inLanguage\":\"fi\",\"@id\":\"https:\\\/\\\/blogit.gradia.fi\\\/sahkonet\\\/kiinteistoautomaatio\\\/knx\\\/#primaryimage\",\"url\":\"https:\\\/\\\/blogit.gradia.fi\\\/sahkonet\\\/wp-content\\\/uploads\\\/sites\\\/80\\\/2014\\\/08\\\/KNX_TRAINING_RGB.jpg\",\"contentUrl\":\"https:\\\/\\\/blogit.gradia.fi\\\/sahkonet\\\/wp-content\\\/uploads\\\/sites\\\/80\\\/2014\\\/08\\\/KNX_TRAINING_RGB.jpg\",\"width\":412,\"height\":271},{\"@type\":\"BreadcrumbList\",\"@id\":\"https:\\\/\\\/blogit.gradia.fi\\\/sahkonet\\\/kiinteistoautomaatio\\\/knx\\\/#breadcrumb\",\"itemListElement\":[{\"@type\":\"ListItem\",\"position\":1,\"name\":\"Kiinteist\u00f6jen automaatio- ja tietoj\u00e4rjestelm\u00e4t (30 osp)\",\"item\":\"https:\\\/\\\/blogit.gradia.fi\\\/sahkonet\\\/kiinteistoautomaatio\\\/\"},{\"@type\":\"ListItem\",\"position\":2,\"name\":\"KNX-asennukset\"}]},{\"@type\":\"WebSite\",\"@id\":\"https:\\\/\\\/blogit.gradia.fi\\\/sahkonet\\\/#website\",\"url\":\"https:\\\/\\\/blogit.gradia.fi\\\/sahkonet\\\/\",\"name\":\"S\u00e4hk\u00f6Net\",\"description\":\"S\u00e4hk\u00f6- ja automaatiotekniikan perustutkinto\",\"potentialAction\":[{\"@type\":\"SearchAction\",\"target\":{\"@type\":\"EntryPoint\",\"urlTemplate\":\"https:\\\/\\\/blogit.gradia.fi\\\/sahkonet\\\/?s={search_term_string}\"},\"query-input\":{\"@type\":\"PropertyValueSpecification\",\"valueRequired\":true,\"valueName\":\"search_term_string\"}}],\"inLanguage\":\"fi\"}]}<\/script>\n<!-- \/ Yoast SEO plugin. -->","yoast_head_json":{"title":"KNX-asennukset - S\u00e4hk\u00f6Net","robots":{"index":"index","follow":"follow","max-snippet":"max-snippet:-1","max-image-preview":"max-image-preview:large","max-video-preview":"max-video-preview:-1"},"canonical":"https:\/\/blogit.gradia.fi\/sahkonet\/kiinteistoautomaatio\/knx\/","og_locale":"fi_FI","og_type":"article","og_title":"KNX-asennukset - S\u00e4hk\u00f6Net","og_description":"3. vuoden opiskelijoille suunnattu opintokokonaisuus, jonka sis\u00e4lt\u00f6: KNX-j\u00e4rjestelm\u00e4 Dali-valaistuksen ohjaus Rikosilmoituslaitteiden konfigurointi Ennen oppimisteht\u00e4vien suorittamista Valmistavia teht\u00e4vi\u00e4 Luennot 1 Aloitustoimet 2 Anturin ja toimilaitteen lis\u00e4\u00e4minen struktuuriin 3 Anturin ja toimilaitteen kytkent\u00e4 toimintakuntoon 4 Toimintaliput S\u00e4\u00e4dinkytkenn\u00e4t Liiketunnistinkytkent\u00e4 5 Bin\u00e4\u00e4riyksik\u00f6n k\u00e4ytt\u00f6 ja Tilanneohjaus 6 L\u00e4mmityksen ohjaus\u00a0 \u00a0\u00a0(pikku vinkki) 7 Verho- ja kaihdinohjaus, Yhteisk\u00e4ytt\u00f6 8 Yhteiset toiminnot. Siirtotiedostot, &hellip; Jatka lukemista KNX-asennukset &rarr;","og_url":"https:\/\/blogit.gradia.fi\/sahkonet\/kiinteistoautomaatio\/knx\/","og_site_name":"S\u00e4hk\u00f6Net","article_modified_time":"2016-09-07T10:52:40+00:00","og_image":[{"url":"https:\/\/blogit.gradia.fi\/sahkonet\/wp-content\/uploads\/sites\/80\/2014\/08\/KNX_TRAINING_RGB.jpg","type":"","width":"","height":""}],"twitter_card":"summary_large_image","twitter_misc":{"Arvioitu lukuaika":"1 minuutti"},"schema":{"@context":"https:\/\/schema.org","@graph":[{"@type":"WebPage","@id":"https:\/\/blogit.gradia.fi\/sahkonet\/kiinteistoautomaatio\/knx\/","url":"https:\/\/blogit.gradia.fi\/sahkonet\/kiinteistoautomaatio\/knx\/","name":"KNX-asennukset - S\u00e4hk\u00f6Net","isPartOf":{"@id":"https:\/\/blogit.gradia.fi\/sahkonet\/#website"},"primaryImageOfPage":{"@id":"https:\/\/blogit.gradia.fi\/sahkonet\/kiinteistoautomaatio\/knx\/#primaryimage"},"image":{"@id":"https:\/\/blogit.gradia.fi\/sahkonet\/kiinteistoautomaatio\/knx\/#primaryimage"},"thumbnailUrl":"https:\/\/blogit.gradia.fi\/sahkonet\/wp-content\/uploads\/sites\/80\/2014\/08\/KNX_TRAINING_RGB.jpg","datePublished":"2014-08-28T06:20:07+00:00","dateModified":"2016-09-07T10:52:40+00:00","breadcrumb":{"@id":"https:\/\/blogit.gradia.fi\/sahkonet\/kiinteistoautomaatio\/knx\/#breadcrumb"},"inLanguage":"fi","potentialAction":[{"@type":"ReadAction","target":["https:\/\/blogit.gradia.fi\/sahkonet\/kiinteistoautomaatio\/knx\/"]}]},{"@type":"ImageObject","inLanguage":"fi","@id":"https:\/\/blogit.gradia.fi\/sahkonet\/kiinteistoautomaatio\/knx\/#primaryimage","url":"https:\/\/blogit.gradia.fi\/sahkonet\/wp-content\/uploads\/sites\/80\/2014\/08\/KNX_TRAINING_RGB.jpg","contentUrl":"https:\/\/blogit.gradia.fi\/sahkonet\/wp-content\/uploads\/sites\/80\/2014\/08\/KNX_TRAINING_RGB.jpg","width":412,"height":271},{"@type":"BreadcrumbList","@id":"https:\/\/blogit.gradia.fi\/sahkonet\/kiinteistoautomaatio\/knx\/#breadcrumb","itemListElement":[{"@type":"ListItem","position":1,"name":"Kiinteist\u00f6jen automaatio- ja tietoj\u00e4rjestelm\u00e4t (30 osp)","item":"https:\/\/blogit.gradia.fi\/sahkonet\/kiinteistoautomaatio\/"},{"@type":"ListItem","position":2,"name":"KNX-asennukset"}]},{"@type":"WebSite","@id":"https:\/\/blogit.gradia.fi\/sahkonet\/#website","url":"https:\/\/blogit.gradia.fi\/sahkonet\/","name":"S\u00e4hk\u00f6Net","description":"S\u00e4hk\u00f6- ja automaatiotekniikan perustutkinto","potentialAction":[{"@type":"SearchAction","target":{"@type":"EntryPoint","urlTemplate":"https:\/\/blogit.gradia.fi\/sahkonet\/?s={search_term_string}"},"query-input":{"@type":"PropertyValueSpecification","valueRequired":true,"valueName":"search_term_string"}}],"inLanguage":"fi"}]}},"uagb_featured_image_src":{"full":false,"thumbnail":false,"medium":false,"medium_large":false,"large":false,"1536x1536":false,"2048x2048":false,"post-thumbnail":false,"twentyfourteen-full-width":false},"uagb_author_info":{"display_name":"Pia Tolonen","author_link":"https:\/\/blogit.gradia.fi\/sahkonet\/author\/halmepia\/"},"uagb_comment_info":0,"uagb_excerpt":"3. vuoden opiskelijoille suunnattu opintokokonaisuus, jonka sis\u00e4lt\u00f6: KNX-j\u00e4rjestelm\u00e4 Dali-valaistuksen ohjaus Rikosilmoituslaitteiden konfigurointi Ennen oppimisteht\u00e4vien suorittamista Valmistavia teht\u00e4vi\u00e4 Luennot 1 Aloitustoimet 2 Anturin ja toimilaitteen lis\u00e4\u00e4minen struktuuriin 3 Anturin ja toimilaitteen kytkent\u00e4 toimintakuntoon 4 Toimintaliput S\u00e4\u00e4dinkytkenn\u00e4t Liiketunnistinkytkent\u00e4 5 Bin\u00e4\u00e4riyksik\u00f6n k\u00e4ytt\u00f6 ja Tilanneohjaus 6 L\u00e4mmityksen ohjaus\u00a0 \u00a0\u00a0(pikku vinkki) 7 Verho- ja kaihdinohjaus, Yhteisk\u00e4ytt\u00f6 8 Yhteiset toiminnot. Siirtotiedostot,&hellip;","_links":{"self":[{"href":"https:\/\/blogit.gradia.fi\/sahkonet\/wp-json\/wp\/v2\/pages\/716","targetHints":{"allow":["GET"]}}],"collection":[{"href":"https:\/\/blogit.gradia.fi\/sahkonet\/wp-json\/wp\/v2\/pages"}],"about":[{"href":"https:\/\/blogit.gradia.fi\/sahkonet\/wp-json\/wp\/v2\/types\/page"}],"author":[{"embeddable":true,"href":"https:\/\/blogit.gradia.fi\/sahkonet\/wp-json\/wp\/v2\/users\/179"}],"replies":[{"embeddable":true,"href":"https:\/\/blogit.gradia.fi\/sahkonet\/wp-json\/wp\/v2\/comments?post=716"}],"version-history":[{"count":0,"href":"https:\/\/blogit.gradia.fi\/sahkonet\/wp-json\/wp\/v2\/pages\/716\/revisions"}],"up":[{"embeddable":true,"href":"https:\/\/blogit.gradia.fi\/sahkonet\/wp-json\/wp\/v2\/pages\/13"}],"wp:attachment":[{"href":"https:\/\/blogit.gradia.fi\/sahkonet\/wp-json\/wp\/v2\/media?parent=716"}],"curies":[{"name":"wp","href":"https:\/\/api.w.org\/{rel}","templated":true}]}}