{"id":714,"date":"2014-08-28T09:17:59","date_gmt":"2014-08-28T06:17:59","guid":{"rendered":"https:\/\/blogit.gradia.fi\/sahkonet\/?page_id=714"},"modified":"2016-01-20T11:14:20","modified_gmt":"2016-01-20T09:14:20","slug":"perusteet","status":"publish","type":"page","link":"https:\/\/blogit.gradia.fi\/sahkonet\/kiinteistoautomaatio\/perusteet\/","title":{"rendered":"Perusteet"},"content":{"rendered":"<p>2. vuoden opiskelijoille suunnattu opintokokonaisuus, jonka sis\u00e4ll\u00f6t:<\/p>\n<ul>\n<li>Paloilmoitinj\u00e4rjestelm\u00e4t<\/li>\n<li>Antennij\u00e4rjestelm\u00e4t<\/li>\n<li>Yleiskaapelointi<\/li>\n<li>Valaistuksen ohjaus<\/li>\n<li>L\u00e4mmityksen ohjaus<\/li>\n<li>Kulunvalvonta ja rikosilmoitusj\u00e4rjestelm\u00e4t<\/li>\n<\/ul>\n<h1>Kirja<\/h1>\n<p><a href=\"http:\/\/-- Janne R\u00e4is\u00e4nen Opettaja, S\u00e4hk\u00f6 ja automaatiotekniikka Jyv\u00e4skyl\u00e4n ammattiopisto \/ Tekniikka ja liikenne Sep\u00e4nkatu 3 PL 472, 40101 Jyv\u00e4skyl\u00e4 puh. 040 341 5698 www.jao.fi\" target=\"_blank\">Talotekniikan automaatio, Pentti Harju<\/a><\/p>\n<h1><strong>Oppimisteht\u00e4v\u00e4t<\/strong><\/h1>\n<p>1. Aineistoteht\u00e4v\u00e4t (moniste) &#8211; Kirjallisuus: <a href=\"https:\/\/optima.discendum.com\/learning\/id353\/bin\/directURL_use?dval=5eacc311f126c6a1c7f19a07822d00d9fd0f89af&amp;id=1040899&amp;ws=371142&amp;ns=31&amp;optimastart=on&amp;backtostart=on\" target=\"_blank\">Talotekniikan automaatio, Pentti Harju<\/a><\/p>\n<p>2. Paloilmoitinj\u00e4rjestelm\u00e4n asennusteht\u00e4v\u00e4 (Esmi)<\/p>\n<p>3. Palovaroitinj\u00e4rjestelm\u00e4n asennusteht\u00e4v\u00e4 (Smartline)<\/p>\n<p>4. Valaistuksen ohjaus<\/p>\n<ul>\n<li>Siemens Logo 230V<\/li>\n<li>Siemens Logo 24V<\/li>\n<\/ul>\n<p>5. Ouman Plus l\u00e4mmityksen ohjaus asennusteht\u00e4v\u00e4<\/p>\n<p>6. Ouman Plus valvonta asennusteht\u00e4v\u00e4<\/p>\n<p>7. Ouman EH-686 asennusteht\u00e4v\u00e4<\/p>\n<p>8. Siemens S1200 kotiautomaation asennusteht\u00e4v\u00e4<\/p>\n<p>9. Jablotron rikosilmoitusj\u00e4rjestelm\u00e4n asennusteht\u00e4v\u00e4<\/p>\n<p>10. Antennij\u00e4rjestelm\u00e4n asennusteht\u00e4v\u00e4<\/p>\n","protected":false},"excerpt":{"rendered":"<p>2. vuoden opiskelijoille suunnattu opintokokonaisuus, jonka sis\u00e4ll\u00f6t: Paloilmoitinj\u00e4rjestelm\u00e4t Antennij\u00e4rjestelm\u00e4t Yleiskaapelointi Valaistuksen ohjaus L\u00e4mmityksen ohjaus Kulunvalvonta ja rikosilmoitusj\u00e4rjestelm\u00e4t Kirja Talotekniikan automaatio, Pentti Harju Oppimisteht\u00e4v\u00e4t 1. Aineistoteht\u00e4v\u00e4t (moniste) &#8211; Kirjallisuus: Talotekniikan automaatio, Pentti Harju 2. Paloilmoitinj\u00e4rjestelm\u00e4n asennusteht\u00e4v\u00e4 (Esmi) 3. Palovaroitinj\u00e4rjestelm\u00e4n asennusteht\u00e4v\u00e4 (Smartline) 4. Valaistuksen ohjaus Siemens Logo 230V Siemens Logo 24V 5. Ouman Plus l\u00e4mmityksen ohjaus asennusteht\u00e4v\u00e4 &hellip; <a href=\"https:\/\/blogit.gradia.fi\/sahkonet\/kiinteistoautomaatio\/perusteet\/\" class=\"more-link\">Jatka lukemista <span class=\"screen-reader-text\">Perusteet<\/span> <span class=\"meta-nav\">&rarr;<\/span><\/a><\/p>\n","protected":false},"author":179,"featured_media":0,"parent":13,"menu_order":1,"comment_status":"closed","ping_status":"closed","template":"","meta":{"_uag_custom_page_level_css":"","footnotes":""},"class_list":["post-714","page","type-page","status-publish","hentry"],"yoast_head":"<!-- This site is optimized with the Yoast SEO plugin v27.4 - https:\/\/yoast.com\/product\/yoast-seo-wordpress\/ -->\n<title>Perusteet - S\u00e4hk\u00f6Net<\/title>\n<meta name=\"robots\" content=\"index, follow, max-snippet:-1, max-image-preview:large, max-video-preview:-1\" \/>\n<link rel=\"canonical\" href=\"https:\/\/blogit.gradia.fi\/sahkonet\/kiinteistoautomaatio\/perusteet\/\" \/>\n<meta property=\"og:locale\" content=\"fi_FI\" \/>\n<meta property=\"og:type\" content=\"article\" \/>\n<meta property=\"og:title\" content=\"Perusteet - S\u00e4hk\u00f6Net\" \/>\n<meta property=\"og:description\" content=\"2. vuoden opiskelijoille suunnattu opintokokonaisuus, jonka sis\u00e4ll\u00f6t: Paloilmoitinj\u00e4rjestelm\u00e4t Antennij\u00e4rjestelm\u00e4t Yleiskaapelointi Valaistuksen ohjaus L\u00e4mmityksen ohjaus Kulunvalvonta ja rikosilmoitusj\u00e4rjestelm\u00e4t Kirja Talotekniikan automaatio, Pentti Harju Oppimisteht\u00e4v\u00e4t 1. Aineistoteht\u00e4v\u00e4t (moniste) &#8211; Kirjallisuus: Talotekniikan automaatio, Pentti Harju 2. Paloilmoitinj\u00e4rjestelm\u00e4n asennusteht\u00e4v\u00e4 (Esmi) 3. Palovaroitinj\u00e4rjestelm\u00e4n asennusteht\u00e4v\u00e4 (Smartline) 4. Valaistuksen ohjaus Siemens Logo 230V Siemens Logo 24V 5. Ouman Plus l\u00e4mmityksen ohjaus asennusteht\u00e4v\u00e4 &hellip; Jatka lukemista Perusteet &rarr;\" \/>\n<meta property=\"og:url\" content=\"https:\/\/blogit.gradia.fi\/sahkonet\/kiinteistoautomaatio\/perusteet\/\" \/>\n<meta property=\"og:site_name\" content=\"S\u00e4hk\u00f6Net\" \/>\n<meta property=\"article:modified_time\" content=\"2016-01-20T09:14:20+00:00\" \/>\n<meta name=\"twitter:card\" content=\"summary_large_image\" \/>\n<script type=\"application\/ld+json\" class=\"yoast-schema-graph\">{\"@context\":\"https:\\\/\\\/schema.org\",\"@graph\":[{\"@type\":\"WebPage\",\"@id\":\"https:\\\/\\\/blogit.gradia.fi\\\/sahkonet\\\/kiinteistoautomaatio\\\/perusteet\\\/\",\"url\":\"https:\\\/\\\/blogit.gradia.fi\\\/sahkonet\\\/kiinteistoautomaatio\\\/perusteet\\\/\",\"name\":\"Perusteet - S\u00e4hk\u00f6Net\",\"isPartOf\":{\"@id\":\"https:\\\/\\\/blogit.gradia.fi\\\/sahkonet\\\/#website\"},\"datePublished\":\"2014-08-28T06:17:59+00:00\",\"dateModified\":\"2016-01-20T09:14:20+00:00\",\"breadcrumb\":{\"@id\":\"https:\\\/\\\/blogit.gradia.fi\\\/sahkonet\\\/kiinteistoautomaatio\\\/perusteet\\\/#breadcrumb\"},\"inLanguage\":\"fi\",\"potentialAction\":[{\"@type\":\"ReadAction\",\"target\":[\"https:\\\/\\\/blogit.gradia.fi\\\/sahkonet\\\/kiinteistoautomaatio\\\/perusteet\\\/\"]}]},{\"@type\":\"BreadcrumbList\",\"@id\":\"https:\\\/\\\/blogit.gradia.fi\\\/sahkonet\\\/kiinteistoautomaatio\\\/perusteet\\\/#breadcrumb\",\"itemListElement\":[{\"@type\":\"ListItem\",\"position\":1,\"name\":\"Kiinteist\u00f6jen automaatio- ja tietoj\u00e4rjestelm\u00e4t (30 osp)\",\"item\":\"https:\\\/\\\/blogit.gradia.fi\\\/sahkonet\\\/kiinteistoautomaatio\\\/\"},{\"@type\":\"ListItem\",\"position\":2,\"name\":\"Perusteet\"}]},{\"@type\":\"WebSite\",\"@id\":\"https:\\\/\\\/blogit.gradia.fi\\\/sahkonet\\\/#website\",\"url\":\"https:\\\/\\\/blogit.gradia.fi\\\/sahkonet\\\/\",\"name\":\"S\u00e4hk\u00f6Net\",\"description\":\"S\u00e4hk\u00f6- ja automaatiotekniikan perustutkinto\",\"potentialAction\":[{\"@type\":\"SearchAction\",\"target\":{\"@type\":\"EntryPoint\",\"urlTemplate\":\"https:\\\/\\\/blogit.gradia.fi\\\/sahkonet\\\/?s={search_term_string}\"},\"query-input\":{\"@type\":\"PropertyValueSpecification\",\"valueRequired\":true,\"valueName\":\"search_term_string\"}}],\"inLanguage\":\"fi\"}]}<\/script>\n<!-- \/ Yoast SEO plugin. -->","yoast_head_json":{"title":"Perusteet - S\u00e4hk\u00f6Net","robots":{"index":"index","follow":"follow","max-snippet":"max-snippet:-1","max-image-preview":"max-image-preview:large","max-video-preview":"max-video-preview:-1"},"canonical":"https:\/\/blogit.gradia.fi\/sahkonet\/kiinteistoautomaatio\/perusteet\/","og_locale":"fi_FI","og_type":"article","og_title":"Perusteet - S\u00e4hk\u00f6Net","og_description":"2. vuoden opiskelijoille suunnattu opintokokonaisuus, jonka sis\u00e4ll\u00f6t: Paloilmoitinj\u00e4rjestelm\u00e4t Antennij\u00e4rjestelm\u00e4t Yleiskaapelointi Valaistuksen ohjaus L\u00e4mmityksen ohjaus Kulunvalvonta ja rikosilmoitusj\u00e4rjestelm\u00e4t Kirja Talotekniikan automaatio, Pentti Harju Oppimisteht\u00e4v\u00e4t 1. Aineistoteht\u00e4v\u00e4t (moniste) &#8211; Kirjallisuus: Talotekniikan automaatio, Pentti Harju 2. Paloilmoitinj\u00e4rjestelm\u00e4n asennusteht\u00e4v\u00e4 (Esmi) 3. Palovaroitinj\u00e4rjestelm\u00e4n asennusteht\u00e4v\u00e4 (Smartline) 4. Valaistuksen ohjaus Siemens Logo 230V Siemens Logo 24V 5. Ouman Plus l\u00e4mmityksen ohjaus asennusteht\u00e4v\u00e4 &hellip; Jatka lukemista Perusteet &rarr;","og_url":"https:\/\/blogit.gradia.fi\/sahkonet\/kiinteistoautomaatio\/perusteet\/","og_site_name":"S\u00e4hk\u00f6Net","article_modified_time":"2016-01-20T09:14:20+00:00","twitter_card":"summary_large_image","schema":{"@context":"https:\/\/schema.org","@graph":[{"@type":"WebPage","@id":"https:\/\/blogit.gradia.fi\/sahkonet\/kiinteistoautomaatio\/perusteet\/","url":"https:\/\/blogit.gradia.fi\/sahkonet\/kiinteistoautomaatio\/perusteet\/","name":"Perusteet - S\u00e4hk\u00f6Net","isPartOf":{"@id":"https:\/\/blogit.gradia.fi\/sahkonet\/#website"},"datePublished":"2014-08-28T06:17:59+00:00","dateModified":"2016-01-20T09:14:20+00:00","breadcrumb":{"@id":"https:\/\/blogit.gradia.fi\/sahkonet\/kiinteistoautomaatio\/perusteet\/#breadcrumb"},"inLanguage":"fi","potentialAction":[{"@type":"ReadAction","target":["https:\/\/blogit.gradia.fi\/sahkonet\/kiinteistoautomaatio\/perusteet\/"]}]},{"@type":"BreadcrumbList","@id":"https:\/\/blogit.gradia.fi\/sahkonet\/kiinteistoautomaatio\/perusteet\/#breadcrumb","itemListElement":[{"@type":"ListItem","position":1,"name":"Kiinteist\u00f6jen automaatio- ja tietoj\u00e4rjestelm\u00e4t (30 osp)","item":"https:\/\/blogit.gradia.fi\/sahkonet\/kiinteistoautomaatio\/"},{"@type":"ListItem","position":2,"name":"Perusteet"}]},{"@type":"WebSite","@id":"https:\/\/blogit.gradia.fi\/sahkonet\/#website","url":"https:\/\/blogit.gradia.fi\/sahkonet\/","name":"S\u00e4hk\u00f6Net","description":"S\u00e4hk\u00f6- ja automaatiotekniikan perustutkinto","potentialAction":[{"@type":"SearchAction","target":{"@type":"EntryPoint","urlTemplate":"https:\/\/blogit.gradia.fi\/sahkonet\/?s={search_term_string}"},"query-input":{"@type":"PropertyValueSpecification","valueRequired":true,"valueName":"search_term_string"}}],"inLanguage":"fi"}]}},"uagb_featured_image_src":{"full":false,"thumbnail":false,"medium":false,"medium_large":false,"large":false,"1536x1536":false,"2048x2048":false,"post-thumbnail":false,"twentyfourteen-full-width":false},"uagb_author_info":{"display_name":"Pia Tolonen","author_link":"https:\/\/blogit.gradia.fi\/sahkonet\/author\/halmepia\/"},"uagb_comment_info":0,"uagb_excerpt":"2. vuoden opiskelijoille suunnattu opintokokonaisuus, jonka sis\u00e4ll\u00f6t: Paloilmoitinj\u00e4rjestelm\u00e4t Antennij\u00e4rjestelm\u00e4t Yleiskaapelointi Valaistuksen ohjaus L\u00e4mmityksen ohjaus Kulunvalvonta ja rikosilmoitusj\u00e4rjestelm\u00e4t Kirja Talotekniikan automaatio, Pentti Harju Oppimisteht\u00e4v\u00e4t 1. Aineistoteht\u00e4v\u00e4t (moniste) &#8211; Kirjallisuus: Talotekniikan automaatio, Pentti Harju 2. Paloilmoitinj\u00e4rjestelm\u00e4n asennusteht\u00e4v\u00e4 (Esmi) 3. Palovaroitinj\u00e4rjestelm\u00e4n asennusteht\u00e4v\u00e4 (Smartline) 4. Valaistuksen ohjaus Siemens Logo 230V Siemens Logo 24V 5. Ouman Plus l\u00e4mmityksen ohjaus asennusteht\u00e4v\u00e4&hellip;","_links":{"self":[{"href":"https:\/\/blogit.gradia.fi\/sahkonet\/wp-json\/wp\/v2\/pages\/714","targetHints":{"allow":["GET"]}}],"collection":[{"href":"https:\/\/blogit.gradia.fi\/sahkonet\/wp-json\/wp\/v2\/pages"}],"about":[{"href":"https:\/\/blogit.gradia.fi\/sahkonet\/wp-json\/wp\/v2\/types\/page"}],"author":[{"embeddable":true,"href":"https:\/\/blogit.gradia.fi\/sahkonet\/wp-json\/wp\/v2\/users\/179"}],"replies":[{"embeddable":true,"href":"https:\/\/blogit.gradia.fi\/sahkonet\/wp-json\/wp\/v2\/comments?post=714"}],"version-history":[{"count":0,"href":"https:\/\/blogit.gradia.fi\/sahkonet\/wp-json\/wp\/v2\/pages\/714\/revisions"}],"up":[{"embeddable":true,"href":"https:\/\/blogit.gradia.fi\/sahkonet\/wp-json\/wp\/v2\/pages\/13"}],"wp:attachment":[{"href":"https:\/\/blogit.gradia.fi\/sahkonet\/wp-json\/wp\/v2\/media?parent=714"}],"curies":[{"name":"wp","href":"https:\/\/api.w.org\/{rel}","templated":true}]}}