{"id":672,"date":"2014-08-14T15:01:21","date_gmt":"2014-08-14T12:01:21","guid":{"rendered":"https:\/\/blogit.gradia.fi\/sahkonet\/?page_id=672"},"modified":"2015-01-09T13:31:22","modified_gmt":"2015-01-09T11:31:22","slug":"porakaivon-pumpun-kytkenta","status":"publish","type":"page","link":"https:\/\/blogit.gradia.fi\/sahkonet\/kiinteistoautomaatio\/perusteet\/lammityksen-ohjaus\/porakaivon-pumpun-kytkenta\/","title":{"rendered":"Porakaivon pumpun kytkent\u00e4"},"content":{"rendered":"<p>L\u00e4ht\u00f6kohta: Porakaivon pumppu ei toimi.<\/p>\n<p>1. Tunnista ja nime\u00e4 kytkenn\u00e4n komponentit kuvia ja piirikaavioita hy\u00f6dynt\u00e4en.<\/p>\n<p>2. M\u00e4\u00e4rittele kytkenn\u00e4n toiminta ja komponenttien teht\u00e4v\u00e4t.<\/p>\n<p>3. Pohdi todenn\u00e4k\u00f6isimm\u00e4t vian aiheuttaja ja listaa niit\u00e4 ainakin \u00a05.<\/p>\n<p>4. Listaa miten l\u00e4hdet etsim\u00e4\u00e4n vikaa. V\u00e4hint\u00e4\u00e4n 5 erilaista vianhakukohtaa mainittava.<\/p>\n<p><strong>Kuvat<\/strong><\/p>\n<p>Piirikaavio<a href=\"https:\/\/blogit.gradia.fi\/sahkonet\/wp-content\/uploads\/sites\/80\/2014\/08\/IMG_20140728_174540.jpg\"><br \/>\n<img loading=\"lazy\" decoding=\"async\" class=\"alignnone size-medium wp-image-681\" alt=\"IMG_20140728_174540\" src=\"https:\/\/blogit.gradia.fi\/sahkonet\/wp-content\/uploads\/sites\/80\/2014\/08\/IMG_20140728_174540-222x300.jpg\" width=\"222\" height=\"300\" srcset=\"https:\/\/blogit.gradia.fi\/sahkonet\/wp-content\/uploads\/sites\/80\/2014\/08\/IMG_20140728_174540-222x300.jpg 222w, https:\/\/blogit.gradia.fi\/sahkonet\/wp-content\/uploads\/sites\/80\/2014\/08\/IMG_20140728_174540-757x1024.jpg 757w\" sizes=\"auto, (max-width: 222px) 100vw, 222px\" \/><\/a><\/p>\n<p>Kytkent\u00e4laatikko<\/p>\n<p><a href=\"https:\/\/blogit.gradia.fi\/sahkonet\/wp-content\/uploads\/sites\/80\/2014\/08\/IMG_20140718_161756.jpg\"><img loading=\"lazy\" decoding=\"async\" alt=\"IMG_20140718_161756\" src=\"https:\/\/blogit.gradia.fi\/sahkonet\/wp-content\/uploads\/sites\/80\/2014\/08\/IMG_20140718_161756-300x225.jpg\" width=\"300\" height=\"225\" \/><\/a><\/p>\n<p>Komponentti A<\/p>\n<p><a href=\"https:\/\/blogit.gradia.fi\/sahkonet\/wp-content\/uploads\/sites\/80\/2014\/08\/IMG_20140720_154330.jpg\"><img loading=\"lazy\" decoding=\"async\" class=\"alignnone size-medium wp-image-680\" alt=\"IMG_20140720_154330\" src=\"https:\/\/blogit.gradia.fi\/sahkonet\/wp-content\/uploads\/sites\/80\/2014\/08\/IMG_20140720_154330-300x225.jpg\" width=\"300\" height=\"225\" srcset=\"https:\/\/blogit.gradia.fi\/sahkonet\/wp-content\/uploads\/sites\/80\/2014\/08\/IMG_20140720_154330-300x225.jpg 300w, https:\/\/blogit.gradia.fi\/sahkonet\/wp-content\/uploads\/sites\/80\/2014\/08\/IMG_20140720_154330-1024x768.jpg 1024w\" sizes=\"auto, (max-width: 300px) 100vw, 300px\" \/><\/a> <a href=\"https:\/\/blogit.gradia.fi\/sahkonet\/wp-content\/uploads\/sites\/80\/2014\/08\/IMG_20140720_154307.jpg\"><img loading=\"lazy\" decoding=\"async\" class=\"alignnone size-medium wp-image-679\" alt=\"IMG_20140720_154307\" src=\"https:\/\/blogit.gradia.fi\/sahkonet\/wp-content\/uploads\/sites\/80\/2014\/08\/IMG_20140720_154307-300x225.jpg\" width=\"300\" height=\"225\" srcset=\"https:\/\/blogit.gradia.fi\/sahkonet\/wp-content\/uploads\/sites\/80\/2014\/08\/IMG_20140720_154307-300x225.jpg 300w, https:\/\/blogit.gradia.fi\/sahkonet\/wp-content\/uploads\/sites\/80\/2014\/08\/IMG_20140720_154307-1024x768.jpg 1024w\" sizes=\"auto, (max-width: 300px) 100vw, 300px\" \/><\/a> <a href=\"https:\/\/blogit.gradia.fi\/sahkonet\/wp-content\/uploads\/sites\/80\/2014\/08\/IMG_20140720_154210.jpg\"><img loading=\"lazy\" decoding=\"async\" class=\"alignnone size-medium wp-image-678\" alt=\"IMG_20140720_154210\" src=\"https:\/\/blogit.gradia.fi\/sahkonet\/wp-content\/uploads\/sites\/80\/2014\/08\/IMG_20140720_154210-300x225.jpg\" width=\"300\" height=\"225\" srcset=\"https:\/\/blogit.gradia.fi\/sahkonet\/wp-content\/uploads\/sites\/80\/2014\/08\/IMG_20140720_154210-300x225.jpg 300w, https:\/\/blogit.gradia.fi\/sahkonet\/wp-content\/uploads\/sites\/80\/2014\/08\/IMG_20140720_154210-1024x768.jpg 1024w\" sizes=\"auto, (max-width: 300px) 100vw, 300px\" \/><\/a> <a href=\"https:\/\/blogit.gradia.fi\/sahkonet\/wp-content\/uploads\/sites\/80\/2014\/08\/IMG_20140720_154141.jpg\"><img loading=\"lazy\" decoding=\"async\" class=\"alignnone size-medium wp-image-677\" alt=\"IMG_20140720_154141\" src=\"https:\/\/blogit.gradia.fi\/sahkonet\/wp-content\/uploads\/sites\/80\/2014\/08\/IMG_20140720_154141-300x225.jpg\" width=\"300\" height=\"225\" srcset=\"https:\/\/blogit.gradia.fi\/sahkonet\/wp-content\/uploads\/sites\/80\/2014\/08\/IMG_20140720_154141-300x225.jpg 300w, https:\/\/blogit.gradia.fi\/sahkonet\/wp-content\/uploads\/sites\/80\/2014\/08\/IMG_20140720_154141-1024x768.jpg 1024w\" sizes=\"auto, (max-width: 300px) 100vw, 300px\" \/><\/a><\/p>\n<p>Komponentti B<\/p>\n<p><a href=\"https:\/\/blogit.gradia.fi\/sahkonet\/wp-content\/uploads\/sites\/80\/2014\/08\/IMG_20140720_154134.jpg\"><img loading=\"lazy\" decoding=\"async\" class=\"alignnone size-medium wp-image-676\" alt=\"IMG_20140720_154134\" src=\"https:\/\/blogit.gradia.fi\/sahkonet\/wp-content\/uploads\/sites\/80\/2014\/08\/IMG_20140720_154134-300x225.jpg\" width=\"300\" height=\"225\" srcset=\"https:\/\/blogit.gradia.fi\/sahkonet\/wp-content\/uploads\/sites\/80\/2014\/08\/IMG_20140720_154134-300x225.jpg 300w, https:\/\/blogit.gradia.fi\/sahkonet\/wp-content\/uploads\/sites\/80\/2014\/08\/IMG_20140720_154134-1024x768.jpg 1024w\" sizes=\"auto, (max-width: 300px) 100vw, 300px\" \/><\/a><\/p>\n<p>Komponentti C<\/p>\n<p><a href=\"https:\/\/blogit.gradia.fi\/sahkonet\/wp-content\/uploads\/sites\/80\/2014\/08\/IMG_20140720_154119.jpg\"><img loading=\"lazy\" decoding=\"async\" class=\"alignnone size-medium wp-image-675\" alt=\"IMG_20140720_154119\" src=\"https:\/\/blogit.gradia.fi\/sahkonet\/wp-content\/uploads\/sites\/80\/2014\/08\/IMG_20140720_154119-300x225.jpg\" width=\"300\" height=\"225\" srcset=\"https:\/\/blogit.gradia.fi\/sahkonet\/wp-content\/uploads\/sites\/80\/2014\/08\/IMG_20140720_154119-300x225.jpg 300w, https:\/\/blogit.gradia.fi\/sahkonet\/wp-content\/uploads\/sites\/80\/2014\/08\/IMG_20140720_154119-1024x768.jpg 1024w\" sizes=\"auto, (max-width: 300px) 100vw, 300px\" \/><\/a><\/p>\n<p>Komponentti E<\/p>\n<p><a href=\"https:\/\/blogit.gradia.fi\/sahkonet\/wp-content\/uploads\/sites\/80\/2014\/08\/IMG_20140720_154102.jpg\"><img loading=\"lazy\" decoding=\"async\" class=\"alignnone size-medium wp-image-674\" alt=\"IMG_20140720_154102\" src=\"https:\/\/blogit.gradia.fi\/sahkonet\/wp-content\/uploads\/sites\/80\/2014\/08\/IMG_20140720_154102-300x225.jpg\" width=\"300\" height=\"225\" srcset=\"https:\/\/blogit.gradia.fi\/sahkonet\/wp-content\/uploads\/sites\/80\/2014\/08\/IMG_20140720_154102-300x225.jpg 300w, https:\/\/blogit.gradia.fi\/sahkonet\/wp-content\/uploads\/sites\/80\/2014\/08\/IMG_20140720_154102-1024x768.jpg 1024w\" sizes=\"auto, (max-width: 300px) 100vw, 300px\" \/><\/a><\/p>\n","protected":false},"excerpt":{"rendered":"<p>L\u00e4ht\u00f6kohta: Porakaivon pumppu ei toimi. 1. Tunnista ja nime\u00e4 kytkenn\u00e4n komponentit kuvia ja piirikaavioita hy\u00f6dynt\u00e4en. 2. M\u00e4\u00e4rittele kytkenn\u00e4n toiminta ja komponenttien teht\u00e4v\u00e4t. 3. Pohdi todenn\u00e4k\u00f6isimm\u00e4t vian aiheuttaja ja listaa niit\u00e4 ainakin \u00a05. 4. Listaa miten l\u00e4hdet etsim\u00e4\u00e4n vikaa. V\u00e4hint\u00e4\u00e4n 5 erilaista vianhakukohtaa mainittava. Kuvat Piirikaavio Kytkent\u00e4laatikko Komponentti A Komponentti B Komponentti C Komponentti E<\/p>\n","protected":false},"author":179,"featured_media":0,"parent":80,"menu_order":98,"comment_status":"closed","ping_status":"closed","template":"","meta":{"_uag_custom_page_level_css":"","footnotes":""},"class_list":["post-672","page","type-page","status-publish","hentry"],"yoast_head":"<!-- This site is optimized with the Yoast SEO plugin v27.4 - https:\/\/yoast.com\/product\/yoast-seo-wordpress\/ -->\n<title>Porakaivon pumpun kytkent\u00e4 - S\u00e4hk\u00f6Net<\/title>\n<meta name=\"robots\" content=\"index, follow, max-snippet:-1, max-image-preview:large, max-video-preview:-1\" \/>\n<link rel=\"canonical\" href=\"https:\/\/blogit.gradia.fi\/sahkonet\/kiinteistoautomaatio\/perusteet\/lammityksen-ohjaus\/porakaivon-pumpun-kytkenta\/\" \/>\n<meta property=\"og:locale\" content=\"fi_FI\" \/>\n<meta property=\"og:type\" content=\"article\" \/>\n<meta property=\"og:title\" content=\"Porakaivon pumpun kytkent\u00e4 - S\u00e4hk\u00f6Net\" \/>\n<meta property=\"og:description\" content=\"L\u00e4ht\u00f6kohta: Porakaivon pumppu ei toimi. 1. Tunnista ja nime\u00e4 kytkenn\u00e4n komponentit kuvia ja piirikaavioita hy\u00f6dynt\u00e4en. 2. M\u00e4\u00e4rittele kytkenn\u00e4n toiminta ja komponenttien teht\u00e4v\u00e4t. 3. Pohdi todenn\u00e4k\u00f6isimm\u00e4t vian aiheuttaja ja listaa niit\u00e4 ainakin \u00a05. 4. Listaa miten l\u00e4hdet etsim\u00e4\u00e4n vikaa. V\u00e4hint\u00e4\u00e4n 5 erilaista vianhakukohtaa mainittava. Kuvat Piirikaavio Kytkent\u00e4laatikko Komponentti A Komponentti B Komponentti C Komponentti E\" \/>\n<meta property=\"og:url\" content=\"https:\/\/blogit.gradia.fi\/sahkonet\/kiinteistoautomaatio\/perusteet\/lammityksen-ohjaus\/porakaivon-pumpun-kytkenta\/\" \/>\n<meta property=\"og:site_name\" content=\"S\u00e4hk\u00f6Net\" \/>\n<meta property=\"article:modified_time\" content=\"2015-01-09T11:31:22+00:00\" \/>\n<meta property=\"og:image\" content=\"https:\/\/blogit.gradia.fi\/sahkonet\/wp-content\/uploads\/sites\/80\/2014\/08\/IMG_20140728_174540-222x300.jpg\" \/>\n<meta name=\"twitter:card\" content=\"summary_large_image\" \/>\n<script type=\"application\/ld+json\" class=\"yoast-schema-graph\">{\"@context\":\"https:\\\/\\\/schema.org\",\"@graph\":[{\"@type\":\"WebPage\",\"@id\":\"https:\\\/\\\/blogit.gradia.fi\\\/sahkonet\\\/kiinteistoautomaatio\\\/perusteet\\\/lammityksen-ohjaus\\\/porakaivon-pumpun-kytkenta\\\/\",\"url\":\"https:\\\/\\\/blogit.gradia.fi\\\/sahkonet\\\/kiinteistoautomaatio\\\/perusteet\\\/lammityksen-ohjaus\\\/porakaivon-pumpun-kytkenta\\\/\",\"name\":\"Porakaivon pumpun kytkent\u00e4 - S\u00e4hk\u00f6Net\",\"isPartOf\":{\"@id\":\"https:\\\/\\\/blogit.gradia.fi\\\/sahkonet\\\/#website\"},\"primaryImageOfPage\":{\"@id\":\"https:\\\/\\\/blogit.gradia.fi\\\/sahkonet\\\/kiinteistoautomaatio\\\/perusteet\\\/lammityksen-ohjaus\\\/porakaivon-pumpun-kytkenta\\\/#primaryimage\"},\"image\":{\"@id\":\"https:\\\/\\\/blogit.gradia.fi\\\/sahkonet\\\/kiinteistoautomaatio\\\/perusteet\\\/lammityksen-ohjaus\\\/porakaivon-pumpun-kytkenta\\\/#primaryimage\"},\"thumbnailUrl\":\"https:\\\/\\\/blogit.gradia.fi\\\/sahkonet\\\/wp-content\\\/uploads\\\/sites\\\/80\\\/2014\\\/08\\\/IMG_20140728_174540-222x300.jpg\",\"datePublished\":\"2014-08-14T12:01:21+00:00\",\"dateModified\":\"2015-01-09T11:31:22+00:00\",\"breadcrumb\":{\"@id\":\"https:\\\/\\\/blogit.gradia.fi\\\/sahkonet\\\/kiinteistoautomaatio\\\/perusteet\\\/lammityksen-ohjaus\\\/porakaivon-pumpun-kytkenta\\\/#breadcrumb\"},\"inLanguage\":\"fi\",\"potentialAction\":[{\"@type\":\"ReadAction\",\"target\":[\"https:\\\/\\\/blogit.gradia.fi\\\/sahkonet\\\/kiinteistoautomaatio\\\/perusteet\\\/lammityksen-ohjaus\\\/porakaivon-pumpun-kytkenta\\\/\"]}]},{\"@type\":\"ImageObject\",\"inLanguage\":\"fi\",\"@id\":\"https:\\\/\\\/blogit.gradia.fi\\\/sahkonet\\\/kiinteistoautomaatio\\\/perusteet\\\/lammityksen-ohjaus\\\/porakaivon-pumpun-kytkenta\\\/#primaryimage\",\"url\":\"https:\\\/\\\/blogit.gradia.fi\\\/sahkonet\\\/wp-content\\\/uploads\\\/sites\\\/80\\\/2014\\\/08\\\/IMG_20140728_174540.jpg\",\"contentUrl\":\"https:\\\/\\\/blogit.gradia.fi\\\/sahkonet\\\/wp-content\\\/uploads\\\/sites\\\/80\\\/2014\\\/08\\\/IMG_20140728_174540.jpg\",\"width\":2368,\"height\":3200},{\"@type\":\"BreadcrumbList\",\"@id\":\"https:\\\/\\\/blogit.gradia.fi\\\/sahkonet\\\/kiinteistoautomaatio\\\/perusteet\\\/lammityksen-ohjaus\\\/porakaivon-pumpun-kytkenta\\\/#breadcrumb\",\"itemListElement\":[{\"@type\":\"ListItem\",\"position\":1,\"name\":\"Kiinteist\u00f6jen automaatio- ja tietoj\u00e4rjestelm\u00e4t (30 osp)\",\"item\":\"https:\\\/\\\/blogit.gradia.fi\\\/sahkonet\\\/kiinteistoautomaatio\\\/\"},{\"@type\":\"ListItem\",\"position\":2,\"name\":\"Perusteet\",\"item\":\"https:\\\/\\\/blogit.gradia.fi\\\/sahkonet\\\/kiinteistoautomaatio\\\/perusteet\\\/\"},{\"@type\":\"ListItem\",\"position\":3,\"name\":\"Oppimisteht\u00e4v\u00e4t\",\"item\":\"https:\\\/\\\/blogit.gradia.fi\\\/sahkonet\\\/kiinteistoautomaatio\\\/perusteet\\\/lammityksen-ohjaus\\\/\"},{\"@type\":\"ListItem\",\"position\":4,\"name\":\"Porakaivon pumpun kytkent\u00e4\"}]},{\"@type\":\"WebSite\",\"@id\":\"https:\\\/\\\/blogit.gradia.fi\\\/sahkonet\\\/#website\",\"url\":\"https:\\\/\\\/blogit.gradia.fi\\\/sahkonet\\\/\",\"name\":\"S\u00e4hk\u00f6Net\",\"description\":\"S\u00e4hk\u00f6- ja automaatiotekniikan perustutkinto\",\"potentialAction\":[{\"@type\":\"SearchAction\",\"target\":{\"@type\":\"EntryPoint\",\"urlTemplate\":\"https:\\\/\\\/blogit.gradia.fi\\\/sahkonet\\\/?s={search_term_string}\"},\"query-input\":{\"@type\":\"PropertyValueSpecification\",\"valueRequired\":true,\"valueName\":\"search_term_string\"}}],\"inLanguage\":\"fi\"}]}<\/script>\n<!-- \/ Yoast SEO plugin. -->","yoast_head_json":{"title":"Porakaivon pumpun kytkent\u00e4 - S\u00e4hk\u00f6Net","robots":{"index":"index","follow":"follow","max-snippet":"max-snippet:-1","max-image-preview":"max-image-preview:large","max-video-preview":"max-video-preview:-1"},"canonical":"https:\/\/blogit.gradia.fi\/sahkonet\/kiinteistoautomaatio\/perusteet\/lammityksen-ohjaus\/porakaivon-pumpun-kytkenta\/","og_locale":"fi_FI","og_type":"article","og_title":"Porakaivon pumpun kytkent\u00e4 - S\u00e4hk\u00f6Net","og_description":"L\u00e4ht\u00f6kohta: Porakaivon pumppu ei toimi. 1. Tunnista ja nime\u00e4 kytkenn\u00e4n komponentit kuvia ja piirikaavioita hy\u00f6dynt\u00e4en. 2. M\u00e4\u00e4rittele kytkenn\u00e4n toiminta ja komponenttien teht\u00e4v\u00e4t. 3. Pohdi todenn\u00e4k\u00f6isimm\u00e4t vian aiheuttaja ja listaa niit\u00e4 ainakin \u00a05. 4. Listaa miten l\u00e4hdet etsim\u00e4\u00e4n vikaa. V\u00e4hint\u00e4\u00e4n 5 erilaista vianhakukohtaa mainittava. Kuvat Piirikaavio Kytkent\u00e4laatikko Komponentti A Komponentti B Komponentti C Komponentti E","og_url":"https:\/\/blogit.gradia.fi\/sahkonet\/kiinteistoautomaatio\/perusteet\/lammityksen-ohjaus\/porakaivon-pumpun-kytkenta\/","og_site_name":"S\u00e4hk\u00f6Net","article_modified_time":"2015-01-09T11:31:22+00:00","og_image":[{"url":"https:\/\/blogit.gradia.fi\/sahkonet\/wp-content\/uploads\/sites\/80\/2014\/08\/IMG_20140728_174540-222x300.jpg","type":"","width":"","height":""}],"twitter_card":"summary_large_image","schema":{"@context":"https:\/\/schema.org","@graph":[{"@type":"WebPage","@id":"https:\/\/blogit.gradia.fi\/sahkonet\/kiinteistoautomaatio\/perusteet\/lammityksen-ohjaus\/porakaivon-pumpun-kytkenta\/","url":"https:\/\/blogit.gradia.fi\/sahkonet\/kiinteistoautomaatio\/perusteet\/lammityksen-ohjaus\/porakaivon-pumpun-kytkenta\/","name":"Porakaivon pumpun kytkent\u00e4 - S\u00e4hk\u00f6Net","isPartOf":{"@id":"https:\/\/blogit.gradia.fi\/sahkonet\/#website"},"primaryImageOfPage":{"@id":"https:\/\/blogit.gradia.fi\/sahkonet\/kiinteistoautomaatio\/perusteet\/lammityksen-ohjaus\/porakaivon-pumpun-kytkenta\/#primaryimage"},"image":{"@id":"https:\/\/blogit.gradia.fi\/sahkonet\/kiinteistoautomaatio\/perusteet\/lammityksen-ohjaus\/porakaivon-pumpun-kytkenta\/#primaryimage"},"thumbnailUrl":"https:\/\/blogit.gradia.fi\/sahkonet\/wp-content\/uploads\/sites\/80\/2014\/08\/IMG_20140728_174540-222x300.jpg","datePublished":"2014-08-14T12:01:21+00:00","dateModified":"2015-01-09T11:31:22+00:00","breadcrumb":{"@id":"https:\/\/blogit.gradia.fi\/sahkonet\/kiinteistoautomaatio\/perusteet\/lammityksen-ohjaus\/porakaivon-pumpun-kytkenta\/#breadcrumb"},"inLanguage":"fi","potentialAction":[{"@type":"ReadAction","target":["https:\/\/blogit.gradia.fi\/sahkonet\/kiinteistoautomaatio\/perusteet\/lammityksen-ohjaus\/porakaivon-pumpun-kytkenta\/"]}]},{"@type":"ImageObject","inLanguage":"fi","@id":"https:\/\/blogit.gradia.fi\/sahkonet\/kiinteistoautomaatio\/perusteet\/lammityksen-ohjaus\/porakaivon-pumpun-kytkenta\/#primaryimage","url":"https:\/\/blogit.gradia.fi\/sahkonet\/wp-content\/uploads\/sites\/80\/2014\/08\/IMG_20140728_174540.jpg","contentUrl":"https:\/\/blogit.gradia.fi\/sahkonet\/wp-content\/uploads\/sites\/80\/2014\/08\/IMG_20140728_174540.jpg","width":2368,"height":3200},{"@type":"BreadcrumbList","@id":"https:\/\/blogit.gradia.fi\/sahkonet\/kiinteistoautomaatio\/perusteet\/lammityksen-ohjaus\/porakaivon-pumpun-kytkenta\/#breadcrumb","itemListElement":[{"@type":"ListItem","position":1,"name":"Kiinteist\u00f6jen automaatio- ja tietoj\u00e4rjestelm\u00e4t (30 osp)","item":"https:\/\/blogit.gradia.fi\/sahkonet\/kiinteistoautomaatio\/"},{"@type":"ListItem","position":2,"name":"Perusteet","item":"https:\/\/blogit.gradia.fi\/sahkonet\/kiinteistoautomaatio\/perusteet\/"},{"@type":"ListItem","position":3,"name":"Oppimisteht\u00e4v\u00e4t","item":"https:\/\/blogit.gradia.fi\/sahkonet\/kiinteistoautomaatio\/perusteet\/lammityksen-ohjaus\/"},{"@type":"ListItem","position":4,"name":"Porakaivon pumpun kytkent\u00e4"}]},{"@type":"WebSite","@id":"https:\/\/blogit.gradia.fi\/sahkonet\/#website","url":"https:\/\/blogit.gradia.fi\/sahkonet\/","name":"S\u00e4hk\u00f6Net","description":"S\u00e4hk\u00f6- ja automaatiotekniikan perustutkinto","potentialAction":[{"@type":"SearchAction","target":{"@type":"EntryPoint","urlTemplate":"https:\/\/blogit.gradia.fi\/sahkonet\/?s={search_term_string}"},"query-input":{"@type":"PropertyValueSpecification","valueRequired":true,"valueName":"search_term_string"}}],"inLanguage":"fi"}]}},"uagb_featured_image_src":{"full":false,"thumbnail":false,"medium":false,"medium_large":false,"large":false,"1536x1536":false,"2048x2048":false,"post-thumbnail":false,"twentyfourteen-full-width":false},"uagb_author_info":{"display_name":"Pia Tolonen","author_link":"https:\/\/blogit.gradia.fi\/sahkonet\/author\/halmepia\/"},"uagb_comment_info":0,"uagb_excerpt":"L\u00e4ht\u00f6kohta: Porakaivon pumppu ei toimi. 1. Tunnista ja nime\u00e4 kytkenn\u00e4n komponentit kuvia ja piirikaavioita hy\u00f6dynt\u00e4en. 2. M\u00e4\u00e4rittele kytkenn\u00e4n toiminta ja komponenttien teht\u00e4v\u00e4t. 3. Pohdi todenn\u00e4k\u00f6isimm\u00e4t vian aiheuttaja ja listaa niit\u00e4 ainakin \u00a05. 4. Listaa miten l\u00e4hdet etsim\u00e4\u00e4n vikaa. V\u00e4hint\u00e4\u00e4n 5 erilaista vianhakukohtaa mainittava. Kuvat Piirikaavio Kytkent\u00e4laatikko Komponentti A Komponentti B Komponentti C Komponentti E","_links":{"self":[{"href":"https:\/\/blogit.gradia.fi\/sahkonet\/wp-json\/wp\/v2\/pages\/672","targetHints":{"allow":["GET"]}}],"collection":[{"href":"https:\/\/blogit.gradia.fi\/sahkonet\/wp-json\/wp\/v2\/pages"}],"about":[{"href":"https:\/\/blogit.gradia.fi\/sahkonet\/wp-json\/wp\/v2\/types\/page"}],"author":[{"embeddable":true,"href":"https:\/\/blogit.gradia.fi\/sahkonet\/wp-json\/wp\/v2\/users\/179"}],"replies":[{"embeddable":true,"href":"https:\/\/blogit.gradia.fi\/sahkonet\/wp-json\/wp\/v2\/comments?post=672"}],"version-history":[{"count":0,"href":"https:\/\/blogit.gradia.fi\/sahkonet\/wp-json\/wp\/v2\/pages\/672\/revisions"}],"up":[{"embeddable":true,"href":"https:\/\/blogit.gradia.fi\/sahkonet\/wp-json\/wp\/v2\/pages\/80"}],"wp:attachment":[{"href":"https:\/\/blogit.gradia.fi\/sahkonet\/wp-json\/wp\/v2\/media?parent=672"}],"curies":[{"name":"wp","href":"https:\/\/api.w.org\/{rel}","templated":true}]}}