{"id":661,"date":"2014-08-14T12:27:20","date_gmt":"2014-08-14T09:27:20","guid":{"rendered":"https:\/\/blogit.gradia.fi\/sahkonet\/?page_id=661"},"modified":"2015-01-09T13:31:49","modified_gmt":"2015-01-09T11:31:49","slug":"oppimisymparistojen-keskusten-suunnitelma","status":"publish","type":"page","link":"https:\/\/blogit.gradia.fi\/sahkonet\/kiinteistoautomaatio\/perusteet\/lammityksen-ohjaus\/oppimisymparistojen-keskusten-suunnitelma\/","title":{"rendered":"Oppimisymp\u00e4rist\u00f6jen ryhm\u00e4keskusten valinta"},"content":{"rendered":"<p><strong>Oppimisteht\u00e4v\u00e4 a.1<\/strong><\/p>\n<p>1. Laske oppimisymp\u00e4rist\u00f6jen s\u00e4hk\u00f6dokumenteista l\u00f6ytyv\u00e4t k\u00e4yt\u00f6ss\u00e4 olevat keskuskomponentit sek\u00e4 niiden tarvitsema tila (moduulileveys) ryhm\u00e4keskuksessa. Laskette siis johdonsuojakatkaisijat, releet, p\u00e4\u00e4kytkin, 1-0-2-kytkimet, relemodulit, vikavirtasuojakytkimet, jne.<\/p>\n<p>2. Etsi sopiva PINTA-asennettava ryhm\u00e4keskus. Esim:<\/p>\n<ul>\n<li><a href=\"http:\/\/products.onninen.com\/catalog\/196409\/MODUULIKOTELO%20PINTA_FIN1.html\" target=\"_blank\">Onninen &#8211; http:\/\/products.onninen.com\/catalog\/196409\/MODUULIKOTELO%20PINTA_FIN1.html<\/a><\/li>\n<li><a href=\"http:\/\/asennustuotteet.fi\/catalog\/16497\/Ryhm%C3%A4keskukset_FIN1.html\" target=\"_blank\">ABB &#8211; http:\/\/asennustuotteet.fi\/catalog\/16497\/Ryhm%C3%A4keskukset_FIN1.html<\/a><\/li>\n<\/ul>\n<ul>\n<li>Montako modulia (1 johdonsuojakatkaisija = 1 moduuli)<\/li>\n<li>P\u00e4\u00e4kytkin esim 2 moduulin levyinen<\/li>\n<li>Esim 3469008 = 24 moduulia (2 x 12 moduulia)<\/li>\n<li>Ota huomioon esim releyksik\u00f6iden leveys.<\/li>\n<\/ul>\n<p>3. Palauta teht\u00e4v\u00e4 opettajalle s\u00e4hk\u00f6postilla: janne.raisanen@jao.fi<\/p>\n<ul>\n<li>Pit\u00e4\u00e4 olla siis listattuna johdonsuojakatkaisijat, releet, p\u00e4\u00e4kytkin, 1-0-2-kytkimet, relemodulit, vikavirtasuojakytkimet, jne<\/li>\n<li>N\u00e4iden kokonaisleveyden perusteella valitun kotelon tyyppi.<\/li>\n<li>Parannusehdotuksia otetaan vastaan (esim: on mahdollista korvat 4-moduulin levyinen 3-vaiheinen vikavirtasuoja 2-moduulin levyisell\u00e4 1-vaiheisella&#8230;)<\/li>\n<\/ul>\n","protected":false},"excerpt":{"rendered":"<p>Oppimisteht\u00e4v\u00e4 a.1 1. Laske oppimisymp\u00e4rist\u00f6jen s\u00e4hk\u00f6dokumenteista l\u00f6ytyv\u00e4t k\u00e4yt\u00f6ss\u00e4 olevat keskuskomponentit sek\u00e4 niiden tarvitsema tila (moduulileveys) ryhm\u00e4keskuksessa. Laskette siis johdonsuojakatkaisijat, releet, p\u00e4\u00e4kytkin, 1-0-2-kytkimet, relemodulit, vikavirtasuojakytkimet, jne. 2. Etsi sopiva PINTA-asennettava ryhm\u00e4keskus. Esim: Onninen &#8211; http:\/\/products.onninen.com\/catalog\/196409\/MODUULIKOTELO%20PINTA_FIN1.html ABB &#8211; http:\/\/asennustuotteet.fi\/catalog\/16497\/Ryhm%C3%A4keskukset_FIN1.html Montako modulia (1 johdonsuojakatkaisija = 1 moduuli) P\u00e4\u00e4kytkin esim 2 moduulin levyinen Esim 3469008 = 24 moduulia (2 &hellip; <a href=\"https:\/\/blogit.gradia.fi\/sahkonet\/kiinteistoautomaatio\/perusteet\/lammityksen-ohjaus\/oppimisymparistojen-keskusten-suunnitelma\/\" class=\"more-link\">Jatka lukemista <span class=\"screen-reader-text\">Oppimisymp\u00e4rist\u00f6jen ryhm\u00e4keskusten valinta<\/span> <span class=\"meta-nav\">&rarr;<\/span><\/a><\/p>\n","protected":false},"author":179,"featured_media":0,"parent":80,"menu_order":99,"comment_status":"closed","ping_status":"closed","template":"","meta":{"_uag_custom_page_level_css":"","footnotes":""},"class_list":["post-661","page","type-page","status-publish","hentry"],"yoast_head":"<!-- This site is optimized with the Yoast SEO plugin v27.4 - https:\/\/yoast.com\/product\/yoast-seo-wordpress\/ -->\n<title>Oppimisymp\u00e4rist\u00f6jen ryhm\u00e4keskusten valinta - S\u00e4hk\u00f6Net<\/title>\n<meta name=\"robots\" content=\"index, follow, max-snippet:-1, max-image-preview:large, max-video-preview:-1\" \/>\n<link rel=\"canonical\" href=\"https:\/\/blogit.gradia.fi\/sahkonet\/kiinteistoautomaatio\/perusteet\/lammityksen-ohjaus\/oppimisymparistojen-keskusten-suunnitelma\/\" \/>\n<meta property=\"og:locale\" content=\"fi_FI\" \/>\n<meta property=\"og:type\" content=\"article\" \/>\n<meta property=\"og:title\" content=\"Oppimisymp\u00e4rist\u00f6jen ryhm\u00e4keskusten valinta - S\u00e4hk\u00f6Net\" \/>\n<meta property=\"og:description\" content=\"Oppimisteht\u00e4v\u00e4 a.1 1. Laske oppimisymp\u00e4rist\u00f6jen s\u00e4hk\u00f6dokumenteista l\u00f6ytyv\u00e4t k\u00e4yt\u00f6ss\u00e4 olevat keskuskomponentit sek\u00e4 niiden tarvitsema tila (moduulileveys) ryhm\u00e4keskuksessa. Laskette siis johdonsuojakatkaisijat, releet, p\u00e4\u00e4kytkin, 1-0-2-kytkimet, relemodulit, vikavirtasuojakytkimet, jne. 2. Etsi sopiva PINTA-asennettava ryhm\u00e4keskus. Esim: Onninen &#8211; http:\/\/products.onninen.com\/catalog\/196409\/MODUULIKOTELO%20PINTA_FIN1.html ABB &#8211; http:\/\/asennustuotteet.fi\/catalog\/16497\/Ryhm%C3%A4keskukset_FIN1.html Montako modulia (1 johdonsuojakatkaisija = 1 moduuli) P\u00e4\u00e4kytkin esim 2 moduulin levyinen Esim 3469008 = 24 moduulia (2 &hellip; Jatka lukemista Oppimisymp\u00e4rist\u00f6jen ryhm\u00e4keskusten valinta &rarr;\" \/>\n<meta property=\"og:url\" content=\"https:\/\/blogit.gradia.fi\/sahkonet\/kiinteistoautomaatio\/perusteet\/lammityksen-ohjaus\/oppimisymparistojen-keskusten-suunnitelma\/\" \/>\n<meta property=\"og:site_name\" content=\"S\u00e4hk\u00f6Net\" \/>\n<meta property=\"article:modified_time\" content=\"2015-01-09T11:31:49+00:00\" \/>\n<meta name=\"twitter:card\" content=\"summary_large_image\" \/>\n<meta name=\"twitter:label1\" content=\"Arvioitu lukuaika\" \/>\n\t<meta name=\"twitter:data1\" content=\"1 minuutti\" \/>\n<script type=\"application\/ld+json\" class=\"yoast-schema-graph\">{\"@context\":\"https:\\\/\\\/schema.org\",\"@graph\":[{\"@type\":\"WebPage\",\"@id\":\"https:\\\/\\\/blogit.gradia.fi\\\/sahkonet\\\/kiinteistoautomaatio\\\/perusteet\\\/lammityksen-ohjaus\\\/oppimisymparistojen-keskusten-suunnitelma\\\/\",\"url\":\"https:\\\/\\\/blogit.gradia.fi\\\/sahkonet\\\/kiinteistoautomaatio\\\/perusteet\\\/lammityksen-ohjaus\\\/oppimisymparistojen-keskusten-suunnitelma\\\/\",\"name\":\"Oppimisymp\u00e4rist\u00f6jen ryhm\u00e4keskusten valinta - S\u00e4hk\u00f6Net\",\"isPartOf\":{\"@id\":\"https:\\\/\\\/blogit.gradia.fi\\\/sahkonet\\\/#website\"},\"datePublished\":\"2014-08-14T09:27:20+00:00\",\"dateModified\":\"2015-01-09T11:31:49+00:00\",\"breadcrumb\":{\"@id\":\"https:\\\/\\\/blogit.gradia.fi\\\/sahkonet\\\/kiinteistoautomaatio\\\/perusteet\\\/lammityksen-ohjaus\\\/oppimisymparistojen-keskusten-suunnitelma\\\/#breadcrumb\"},\"inLanguage\":\"fi\",\"potentialAction\":[{\"@type\":\"ReadAction\",\"target\":[\"https:\\\/\\\/blogit.gradia.fi\\\/sahkonet\\\/kiinteistoautomaatio\\\/perusteet\\\/lammityksen-ohjaus\\\/oppimisymparistojen-keskusten-suunnitelma\\\/\"]}]},{\"@type\":\"BreadcrumbList\",\"@id\":\"https:\\\/\\\/blogit.gradia.fi\\\/sahkonet\\\/kiinteistoautomaatio\\\/perusteet\\\/lammityksen-ohjaus\\\/oppimisymparistojen-keskusten-suunnitelma\\\/#breadcrumb\",\"itemListElement\":[{\"@type\":\"ListItem\",\"position\":1,\"name\":\"Kiinteist\u00f6jen automaatio- ja tietoj\u00e4rjestelm\u00e4t (30 osp)\",\"item\":\"https:\\\/\\\/blogit.gradia.fi\\\/sahkonet\\\/kiinteistoautomaatio\\\/\"},{\"@type\":\"ListItem\",\"position\":2,\"name\":\"Perusteet\",\"item\":\"https:\\\/\\\/blogit.gradia.fi\\\/sahkonet\\\/kiinteistoautomaatio\\\/perusteet\\\/\"},{\"@type\":\"ListItem\",\"position\":3,\"name\":\"Oppimisteht\u00e4v\u00e4t\",\"item\":\"https:\\\/\\\/blogit.gradia.fi\\\/sahkonet\\\/kiinteistoautomaatio\\\/perusteet\\\/lammityksen-ohjaus\\\/\"},{\"@type\":\"ListItem\",\"position\":4,\"name\":\"Oppimisymp\u00e4rist\u00f6jen ryhm\u00e4keskusten valinta\"}]},{\"@type\":\"WebSite\",\"@id\":\"https:\\\/\\\/blogit.gradia.fi\\\/sahkonet\\\/#website\",\"url\":\"https:\\\/\\\/blogit.gradia.fi\\\/sahkonet\\\/\",\"name\":\"S\u00e4hk\u00f6Net\",\"description\":\"S\u00e4hk\u00f6- ja automaatiotekniikan perustutkinto\",\"potentialAction\":[{\"@type\":\"SearchAction\",\"target\":{\"@type\":\"EntryPoint\",\"urlTemplate\":\"https:\\\/\\\/blogit.gradia.fi\\\/sahkonet\\\/?s={search_term_string}\"},\"query-input\":{\"@type\":\"PropertyValueSpecification\",\"valueRequired\":true,\"valueName\":\"search_term_string\"}}],\"inLanguage\":\"fi\"}]}<\/script>\n<!-- \/ Yoast SEO plugin. -->","yoast_head_json":{"title":"Oppimisymp\u00e4rist\u00f6jen ryhm\u00e4keskusten valinta - S\u00e4hk\u00f6Net","robots":{"index":"index","follow":"follow","max-snippet":"max-snippet:-1","max-image-preview":"max-image-preview:large","max-video-preview":"max-video-preview:-1"},"canonical":"https:\/\/blogit.gradia.fi\/sahkonet\/kiinteistoautomaatio\/perusteet\/lammityksen-ohjaus\/oppimisymparistojen-keskusten-suunnitelma\/","og_locale":"fi_FI","og_type":"article","og_title":"Oppimisymp\u00e4rist\u00f6jen ryhm\u00e4keskusten valinta - S\u00e4hk\u00f6Net","og_description":"Oppimisteht\u00e4v\u00e4 a.1 1. Laske oppimisymp\u00e4rist\u00f6jen s\u00e4hk\u00f6dokumenteista l\u00f6ytyv\u00e4t k\u00e4yt\u00f6ss\u00e4 olevat keskuskomponentit sek\u00e4 niiden tarvitsema tila (moduulileveys) ryhm\u00e4keskuksessa. Laskette siis johdonsuojakatkaisijat, releet, p\u00e4\u00e4kytkin, 1-0-2-kytkimet, relemodulit, vikavirtasuojakytkimet, jne. 2. Etsi sopiva PINTA-asennettava ryhm\u00e4keskus. Esim: Onninen &#8211; http:\/\/products.onninen.com\/catalog\/196409\/MODUULIKOTELO%20PINTA_FIN1.html ABB &#8211; http:\/\/asennustuotteet.fi\/catalog\/16497\/Ryhm%C3%A4keskukset_FIN1.html Montako modulia (1 johdonsuojakatkaisija = 1 moduuli) P\u00e4\u00e4kytkin esim 2 moduulin levyinen Esim 3469008 = 24 moduulia (2 &hellip; Jatka lukemista Oppimisymp\u00e4rist\u00f6jen ryhm\u00e4keskusten valinta &rarr;","og_url":"https:\/\/blogit.gradia.fi\/sahkonet\/kiinteistoautomaatio\/perusteet\/lammityksen-ohjaus\/oppimisymparistojen-keskusten-suunnitelma\/","og_site_name":"S\u00e4hk\u00f6Net","article_modified_time":"2015-01-09T11:31:49+00:00","twitter_card":"summary_large_image","twitter_misc":{"Arvioitu lukuaika":"1 minuutti"},"schema":{"@context":"https:\/\/schema.org","@graph":[{"@type":"WebPage","@id":"https:\/\/blogit.gradia.fi\/sahkonet\/kiinteistoautomaatio\/perusteet\/lammityksen-ohjaus\/oppimisymparistojen-keskusten-suunnitelma\/","url":"https:\/\/blogit.gradia.fi\/sahkonet\/kiinteistoautomaatio\/perusteet\/lammityksen-ohjaus\/oppimisymparistojen-keskusten-suunnitelma\/","name":"Oppimisymp\u00e4rist\u00f6jen ryhm\u00e4keskusten valinta - S\u00e4hk\u00f6Net","isPartOf":{"@id":"https:\/\/blogit.gradia.fi\/sahkonet\/#website"},"datePublished":"2014-08-14T09:27:20+00:00","dateModified":"2015-01-09T11:31:49+00:00","breadcrumb":{"@id":"https:\/\/blogit.gradia.fi\/sahkonet\/kiinteistoautomaatio\/perusteet\/lammityksen-ohjaus\/oppimisymparistojen-keskusten-suunnitelma\/#breadcrumb"},"inLanguage":"fi","potentialAction":[{"@type":"ReadAction","target":["https:\/\/blogit.gradia.fi\/sahkonet\/kiinteistoautomaatio\/perusteet\/lammityksen-ohjaus\/oppimisymparistojen-keskusten-suunnitelma\/"]}]},{"@type":"BreadcrumbList","@id":"https:\/\/blogit.gradia.fi\/sahkonet\/kiinteistoautomaatio\/perusteet\/lammityksen-ohjaus\/oppimisymparistojen-keskusten-suunnitelma\/#breadcrumb","itemListElement":[{"@type":"ListItem","position":1,"name":"Kiinteist\u00f6jen automaatio- ja tietoj\u00e4rjestelm\u00e4t (30 osp)","item":"https:\/\/blogit.gradia.fi\/sahkonet\/kiinteistoautomaatio\/"},{"@type":"ListItem","position":2,"name":"Perusteet","item":"https:\/\/blogit.gradia.fi\/sahkonet\/kiinteistoautomaatio\/perusteet\/"},{"@type":"ListItem","position":3,"name":"Oppimisteht\u00e4v\u00e4t","item":"https:\/\/blogit.gradia.fi\/sahkonet\/kiinteistoautomaatio\/perusteet\/lammityksen-ohjaus\/"},{"@type":"ListItem","position":4,"name":"Oppimisymp\u00e4rist\u00f6jen ryhm\u00e4keskusten valinta"}]},{"@type":"WebSite","@id":"https:\/\/blogit.gradia.fi\/sahkonet\/#website","url":"https:\/\/blogit.gradia.fi\/sahkonet\/","name":"S\u00e4hk\u00f6Net","description":"S\u00e4hk\u00f6- ja automaatiotekniikan perustutkinto","potentialAction":[{"@type":"SearchAction","target":{"@type":"EntryPoint","urlTemplate":"https:\/\/blogit.gradia.fi\/sahkonet\/?s={search_term_string}"},"query-input":{"@type":"PropertyValueSpecification","valueRequired":true,"valueName":"search_term_string"}}],"inLanguage":"fi"}]}},"uagb_featured_image_src":{"full":false,"thumbnail":false,"medium":false,"medium_large":false,"large":false,"1536x1536":false,"2048x2048":false,"post-thumbnail":false,"twentyfourteen-full-width":false},"uagb_author_info":{"display_name":"Pia Tolonen","author_link":"https:\/\/blogit.gradia.fi\/sahkonet\/author\/halmepia\/"},"uagb_comment_info":0,"uagb_excerpt":"Oppimisteht\u00e4v\u00e4 a.1 1. Laske oppimisymp\u00e4rist\u00f6jen s\u00e4hk\u00f6dokumenteista l\u00f6ytyv\u00e4t k\u00e4yt\u00f6ss\u00e4 olevat keskuskomponentit sek\u00e4 niiden tarvitsema tila (moduulileveys) ryhm\u00e4keskuksessa. Laskette siis johdonsuojakatkaisijat, releet, p\u00e4\u00e4kytkin, 1-0-2-kytkimet, relemodulit, vikavirtasuojakytkimet, jne. 2. Etsi sopiva PINTA-asennettava ryhm\u00e4keskus. Esim: Onninen &#8211; http:\/\/products.onninen.com\/catalog\/196409\/MODUULIKOTELO%20PINTA_FIN1.html ABB &#8211; http:\/\/asennustuotteet.fi\/catalog\/16497\/Ryhm%C3%A4keskukset_FIN1.html Montako modulia (1 johdonsuojakatkaisija = 1 moduuli) P\u00e4\u00e4kytkin esim 2 moduulin levyinen Esim 3469008 = 24 moduulia (2&hellip;","_links":{"self":[{"href":"https:\/\/blogit.gradia.fi\/sahkonet\/wp-json\/wp\/v2\/pages\/661","targetHints":{"allow":["GET"]}}],"collection":[{"href":"https:\/\/blogit.gradia.fi\/sahkonet\/wp-json\/wp\/v2\/pages"}],"about":[{"href":"https:\/\/blogit.gradia.fi\/sahkonet\/wp-json\/wp\/v2\/types\/page"}],"author":[{"embeddable":true,"href":"https:\/\/blogit.gradia.fi\/sahkonet\/wp-json\/wp\/v2\/users\/179"}],"replies":[{"embeddable":true,"href":"https:\/\/blogit.gradia.fi\/sahkonet\/wp-json\/wp\/v2\/comments?post=661"}],"version-history":[{"count":0,"href":"https:\/\/blogit.gradia.fi\/sahkonet\/wp-json\/wp\/v2\/pages\/661\/revisions"}],"up":[{"embeddable":true,"href":"https:\/\/blogit.gradia.fi\/sahkonet\/wp-json\/wp\/v2\/pages\/80"}],"wp:attachment":[{"href":"https:\/\/blogit.gradia.fi\/sahkonet\/wp-json\/wp\/v2\/media?parent=661"}],"curies":[{"name":"wp","href":"https:\/\/api.w.org\/{rel}","templated":true}]}}