{"id":623,"date":"2014-08-07T09:02:39","date_gmt":"2014-08-07T06:02:39","guid":{"rendered":"https:\/\/blogit.gradia.fi\/sahkonet\/?page_id=623"},"modified":"2014-08-07T09:04:03","modified_gmt":"2014-08-07T06:04:03","slug":"blogipalvelut","status":"publish","type":"page","link":"https:\/\/blogit.gradia.fi\/sahkonet\/etusivu\/blogi-ohje\/blogipalvelut\/","title":{"rendered":"Blogipalvelut"},"content":{"rendered":"<p><a href=\"https:\/\/blogit.gradia.fi\/\" target=\"_blank\">blogit.jao.fi<\/a><\/p>\n<p><a href=\"http:\/\/www.blogspot.com\" target=\"_blank\">www.blogspot.com<\/a><\/p>\n<p><a href=\"http:\/\/www.wordpress.com\" target=\"_blank\">www.wordpress.com<\/a><\/p>\n<p>&nbsp;<\/p>\n","protected":false},"excerpt":{"rendered":"<p>blogit.jao.fi www.blogspot.com www.wordpress.com &nbsp;<\/p>\n","protected":false},"author":179,"featured_media":0,"parent":617,"menu_order":4,"comment_status":"closed","ping_status":"closed","template":"","meta":{"_uag_custom_page_level_css":"","footnotes":""},"class_list":["post-623","page","type-page","status-publish","hentry"],"yoast_head":"<!-- This site is optimized with the Yoast SEO plugin v27.4 - https:\/\/yoast.com\/product\/yoast-seo-wordpress\/ -->\n<title>Blogipalvelut - S\u00e4hk\u00f6Net<\/title>\n<meta name=\"robots\" content=\"index, follow, max-snippet:-1, max-image-preview:large, max-video-preview:-1\" \/>\n<link rel=\"canonical\" href=\"https:\/\/blogit.gradia.fi\/sahkonet\/etusivu\/blogi-ohje\/blogipalvelut\/\" \/>\n<meta property=\"og:locale\" content=\"fi_FI\" \/>\n<meta property=\"og:type\" content=\"article\" \/>\n<meta property=\"og:title\" content=\"Blogipalvelut - S\u00e4hk\u00f6Net\" \/>\n<meta property=\"og:description\" content=\"blogit.jao.fi www.blogspot.com www.wordpress.com &nbsp;\" \/>\n<meta property=\"og:url\" content=\"https:\/\/blogit.gradia.fi\/sahkonet\/etusivu\/blogi-ohje\/blogipalvelut\/\" \/>\n<meta property=\"og:site_name\" content=\"S\u00e4hk\u00f6Net\" \/>\n<meta property=\"article:modified_time\" content=\"2014-08-07T06:04:03+00:00\" \/>\n<meta name=\"twitter:card\" content=\"summary_large_image\" \/>\n<script type=\"application\/ld+json\" class=\"yoast-schema-graph\">{\"@context\":\"https:\\\/\\\/schema.org\",\"@graph\":[{\"@type\":\"WebPage\",\"@id\":\"https:\\\/\\\/blogit.gradia.fi\\\/sahkonet\\\/etusivu\\\/blogi-ohje\\\/blogipalvelut\\\/\",\"url\":\"https:\\\/\\\/blogit.gradia.fi\\\/sahkonet\\\/etusivu\\\/blogi-ohje\\\/blogipalvelut\\\/\",\"name\":\"Blogipalvelut - S\u00e4hk\u00f6Net\",\"isPartOf\":{\"@id\":\"https:\\\/\\\/blogit.gradia.fi\\\/sahkonet\\\/#website\"},\"datePublished\":\"2014-08-07T06:02:39+00:00\",\"dateModified\":\"2014-08-07T06:04:03+00:00\",\"breadcrumb\":{\"@id\":\"https:\\\/\\\/blogit.gradia.fi\\\/sahkonet\\\/etusivu\\\/blogi-ohje\\\/blogipalvelut\\\/#breadcrumb\"},\"inLanguage\":\"fi\",\"potentialAction\":[{\"@type\":\"ReadAction\",\"target\":[\"https:\\\/\\\/blogit.gradia.fi\\\/sahkonet\\\/etusivu\\\/blogi-ohje\\\/blogipalvelut\\\/\"]}]},{\"@type\":\"BreadcrumbList\",\"@id\":\"https:\\\/\\\/blogit.gradia.fi\\\/sahkonet\\\/etusivu\\\/blogi-ohje\\\/blogipalvelut\\\/#breadcrumb\",\"itemListElement\":[{\"@type\":\"ListItem\",\"position\":1,\"name\":\"P\u00e4\u00e4sivu\",\"item\":\"https:\\\/\\\/blogit.gradia.fi\\\/sahkonet\\\/\"},{\"@type\":\"ListItem\",\"position\":2,\"name\":\"Blogi-ohje\",\"item\":\"https:\\\/\\\/blogit.gradia.fi\\\/sahkonet\\\/etusivu\\\/blogi-ohje\\\/\"},{\"@type\":\"ListItem\",\"position\":3,\"name\":\"Blogipalvelut\"}]},{\"@type\":\"WebSite\",\"@id\":\"https:\\\/\\\/blogit.gradia.fi\\\/sahkonet\\\/#website\",\"url\":\"https:\\\/\\\/blogit.gradia.fi\\\/sahkonet\\\/\",\"name\":\"S\u00e4hk\u00f6Net\",\"description\":\"S\u00e4hk\u00f6- ja automaatiotekniikan perustutkinto\",\"potentialAction\":[{\"@type\":\"SearchAction\",\"target\":{\"@type\":\"EntryPoint\",\"urlTemplate\":\"https:\\\/\\\/blogit.gradia.fi\\\/sahkonet\\\/?s={search_term_string}\"},\"query-input\":{\"@type\":\"PropertyValueSpecification\",\"valueRequired\":true,\"valueName\":\"search_term_string\"}}],\"inLanguage\":\"fi\"}]}<\/script>\n<!-- \/ Yoast SEO plugin. -->","yoast_head_json":{"title":"Blogipalvelut - S\u00e4hk\u00f6Net","robots":{"index":"index","follow":"follow","max-snippet":"max-snippet:-1","max-image-preview":"max-image-preview:large","max-video-preview":"max-video-preview:-1"},"canonical":"https:\/\/blogit.gradia.fi\/sahkonet\/etusivu\/blogi-ohje\/blogipalvelut\/","og_locale":"fi_FI","og_type":"article","og_title":"Blogipalvelut - S\u00e4hk\u00f6Net","og_description":"blogit.jao.fi www.blogspot.com www.wordpress.com &nbsp;","og_url":"https:\/\/blogit.gradia.fi\/sahkonet\/etusivu\/blogi-ohje\/blogipalvelut\/","og_site_name":"S\u00e4hk\u00f6Net","article_modified_time":"2014-08-07T06:04:03+00:00","twitter_card":"summary_large_image","schema":{"@context":"https:\/\/schema.org","@graph":[{"@type":"WebPage","@id":"https:\/\/blogit.gradia.fi\/sahkonet\/etusivu\/blogi-ohje\/blogipalvelut\/","url":"https:\/\/blogit.gradia.fi\/sahkonet\/etusivu\/blogi-ohje\/blogipalvelut\/","name":"Blogipalvelut - S\u00e4hk\u00f6Net","isPartOf":{"@id":"https:\/\/blogit.gradia.fi\/sahkonet\/#website"},"datePublished":"2014-08-07T06:02:39+00:00","dateModified":"2014-08-07T06:04:03+00:00","breadcrumb":{"@id":"https:\/\/blogit.gradia.fi\/sahkonet\/etusivu\/blogi-ohje\/blogipalvelut\/#breadcrumb"},"inLanguage":"fi","potentialAction":[{"@type":"ReadAction","target":["https:\/\/blogit.gradia.fi\/sahkonet\/etusivu\/blogi-ohje\/blogipalvelut\/"]}]},{"@type":"BreadcrumbList","@id":"https:\/\/blogit.gradia.fi\/sahkonet\/etusivu\/blogi-ohje\/blogipalvelut\/#breadcrumb","itemListElement":[{"@type":"ListItem","position":1,"name":"P\u00e4\u00e4sivu","item":"https:\/\/blogit.gradia.fi\/sahkonet\/"},{"@type":"ListItem","position":2,"name":"Blogi-ohje","item":"https:\/\/blogit.gradia.fi\/sahkonet\/etusivu\/blogi-ohje\/"},{"@type":"ListItem","position":3,"name":"Blogipalvelut"}]},{"@type":"WebSite","@id":"https:\/\/blogit.gradia.fi\/sahkonet\/#website","url":"https:\/\/blogit.gradia.fi\/sahkonet\/","name":"S\u00e4hk\u00f6Net","description":"S\u00e4hk\u00f6- ja automaatiotekniikan perustutkinto","potentialAction":[{"@type":"SearchAction","target":{"@type":"EntryPoint","urlTemplate":"https:\/\/blogit.gradia.fi\/sahkonet\/?s={search_term_string}"},"query-input":{"@type":"PropertyValueSpecification","valueRequired":true,"valueName":"search_term_string"}}],"inLanguage":"fi"}]}},"uagb_featured_image_src":{"full":false,"thumbnail":false,"medium":false,"medium_large":false,"large":false,"1536x1536":false,"2048x2048":false,"post-thumbnail":false,"twentyfourteen-full-width":false},"uagb_author_info":{"display_name":"Pia Tolonen","author_link":"https:\/\/blogit.gradia.fi\/sahkonet\/author\/halmepia\/"},"uagb_comment_info":0,"uagb_excerpt":"blogit.jao.fi www.blogspot.com www.wordpress.com &nbsp;","_links":{"self":[{"href":"https:\/\/blogit.gradia.fi\/sahkonet\/wp-json\/wp\/v2\/pages\/623","targetHints":{"allow":["GET"]}}],"collection":[{"href":"https:\/\/blogit.gradia.fi\/sahkonet\/wp-json\/wp\/v2\/pages"}],"about":[{"href":"https:\/\/blogit.gradia.fi\/sahkonet\/wp-json\/wp\/v2\/types\/page"}],"author":[{"embeddable":true,"href":"https:\/\/blogit.gradia.fi\/sahkonet\/wp-json\/wp\/v2\/users\/179"}],"replies":[{"embeddable":true,"href":"https:\/\/blogit.gradia.fi\/sahkonet\/wp-json\/wp\/v2\/comments?post=623"}],"version-history":[{"count":0,"href":"https:\/\/blogit.gradia.fi\/sahkonet\/wp-json\/wp\/v2\/pages\/623\/revisions"}],"up":[{"embeddable":true,"href":"https:\/\/blogit.gradia.fi\/sahkonet\/wp-json\/wp\/v2\/pages\/617"}],"wp:attachment":[{"href":"https:\/\/blogit.gradia.fi\/sahkonet\/wp-json\/wp\/v2\/media?parent=623"}],"curies":[{"name":"wp","href":"https:\/\/api.w.org\/{rel}","templated":true}]}}