{"id":619,"date":"2014-08-07T08:21:18","date_gmt":"2014-08-07T05:21:18","guid":{"rendered":"https:\/\/blogit.gradia.fi\/sahkonet\/?page_id=619"},"modified":"2014-08-07T09:13:52","modified_gmt":"2014-08-07T06:13:52","slug":"blogin-kayttosaannot","status":"publish","type":"page","link":"https:\/\/blogit.gradia.fi\/sahkonet\/etusivu\/blogi-ohje\/blogin-kayttosaannot\/","title":{"rendered":"Blogin k\u00e4ytt\u00f6s\u00e4\u00e4nn\u00f6t"},"content":{"rendered":"<p>Katso: <a href=\"https:\/\/blogit.gradia.fi\/bloggaajan-huoneentaulu\/\" target=\"_blank\">https:\/\/blogit.gradia.fi\/bloggaajan-huoneentaulu\/<\/a><\/p>\n<p>Jyv\u00e4skyl\u00e4n ammattiopiston oppilaiden ja henkil\u00f6kunnan blogien k\u00e4ytt\u00f6s\u00e4\u00e4nn\u00f6t: <a href=\"https:\/\/blogit.gradia.fi\/kayttosaannot\/\" target=\"_blank\">https:\/\/blogit.gradia.fi\/kayttosaannot\/<\/a><\/p>\n<ol start=\"1\">\n<li>Blogit ovat julkisia ja niit\u00e4 koskevat samat s\u00e4\u00e4nn\u00f6t ja lait kuin muitakin julkaisuja. Keskustelun her\u00e4ttely ja mielipiteet ovat osa blogikulttuuria, \u00a0samoin kommentointimahdollisuuden tarjoaminen lukijoille sek\u00e4 kommentteihin vastaaminen. Sen sijaan henkil\u00f6ihin kohdistuvat asiattomuudet ja loukkaukset eiv\u00e4t kuulu blogikirjoitteluun.<\/li>\n<li>Blogien yll\u00e4pit\u00e4j\u00e4t vastaavat sivustojensa sis\u00e4ll\u00f6st\u00e4 itse. Tekij\u00e4noikeudet sis\u00e4lt\u00f6\u00f6n ovat kirjoittajalla. Blogipalvelussa olevia blogeja kirjoitetaan omissa nimiss\u00e4, ei anonyymisti. Muista silti, ett\u00e4 bloggaajana luot osaltasi mielikuvaa Jyv\u00e4skyl\u00e4n ammattiopistosta ja sen toiminnasta, sek\u00e4 itsest\u00e4si.<\/li>\n<li>Vaikka blogissa esitetyt kommentit on selv\u00e4sti erotettu blogin pit\u00e4j\u00e4n omasta tekstist\u00e4, blogin pit\u00e4j\u00e4 on viime k\u00e4dess\u00e4 vastuussa my\u00f6s kommenttien sis\u00e4ll\u00f6st\u00e4. Siksi blogikommentit olisi hyv\u00e4 moderoida eik\u00e4 asiattomia kommentteja tulisi julkaista.<\/li>\n<li>Kunnioita ihmisten yksityisyytt\u00e4. Harkitse, mit\u00e4 on sopivaa kirjoittaa muiden yksityisel\u00e4m\u00e4st\u00e4 heid\u00e4n tiet\u00e4m\u00e4tt\u00e4\u00e4n. T\u00e4m\u00e4 p\u00e4tee erityisesti henkil\u00f6kohtaisiksi tarkoitettujen viestien julkaisuun.<\/li>\n<li>Kunnioita my\u00f6s omaa yksityisyytt\u00e4si. Kaikki, mit\u00e4 julkaiset itsest\u00e4si blogissa on julkista ja on l\u00f6ydett\u00e4viss\u00e4 esimerkiksi nimell\u00e4si hakukoneista vuosienkin per\u00e4st\u00e4.<\/li>\n<li>Muista kysy\u00e4 lupa kollegoiden ja muiden yksityishenkil\u00f6iden yksityistilaisuuksia koskevien kuvien tai videoiden julkaisemiseen.<\/li>\n<li>Varmista, ett\u00e4 sinulla on oikeudet k\u00e4ytt\u00e4\u00e4 julkaisemaasi materiaalia.<\/li>\n<\/ol>\n<p>&nbsp;<\/p>\n<p><strong>Kannattaa tutustua my\u00f6s<\/strong><\/p>\n<p><a href=\"http:\/\/en.wikipedia.org\/wiki\/Blogger%27s_Code_of_Conduct\" target=\"_blank\">http:\/\/en.wikipedia.org\/wiki\/Blogger%27s_Code_of_Conduct<\/a><\/p>\n<p><a href=\"http:\/\/mor10.com\/code-of-ethics-for-bloggers-social-media-and-content-creators\/\" target=\"_blank\">http:\/\/mor10.com\/code-of-ethics-for-bloggers-social-media-and-content-creators\/<\/a><\/p>\n<p><a href=\"http:\/\/pcij.org\/blog\/bloggers-code-of-ethics\" target=\"_blank\">http:\/\/pcij.org\/blog\/bloggers-code-of-ethics<\/a><\/p>\n","protected":false},"excerpt":{"rendered":"<p>Katso: https:\/\/blogit.gradia.fi\/bloggaajan-huoneentaulu\/ Jyv\u00e4skyl\u00e4n ammattiopiston oppilaiden ja henkil\u00f6kunnan blogien k\u00e4ytt\u00f6s\u00e4\u00e4nn\u00f6t: https:\/\/blogit.gradia.fi\/kayttosaannot\/ Blogit ovat julkisia ja niit\u00e4 koskevat samat s\u00e4\u00e4nn\u00f6t ja lait kuin muitakin julkaisuja. Keskustelun her\u00e4ttely ja mielipiteet ovat osa blogikulttuuria, \u00a0samoin kommentointimahdollisuuden tarjoaminen lukijoille sek\u00e4 kommentteihin vastaaminen. Sen sijaan henkil\u00f6ihin kohdistuvat asiattomuudet ja loukkaukset eiv\u00e4t kuulu blogikirjoitteluun. Blogien yll\u00e4pit\u00e4j\u00e4t vastaavat sivustojensa sis\u00e4ll\u00f6st\u00e4 itse. Tekij\u00e4noikeudet sis\u00e4lt\u00f6\u00f6n &hellip; <a href=\"https:\/\/blogit.gradia.fi\/sahkonet\/etusivu\/blogi-ohje\/blogin-kayttosaannot\/\" class=\"more-link\">Jatka lukemista <span class=\"screen-reader-text\">Blogin k\u00e4ytt\u00f6s\u00e4\u00e4nn\u00f6t<\/span> <span class=\"meta-nav\">&rarr;<\/span><\/a><\/p>\n","protected":false},"author":179,"featured_media":0,"parent":617,"menu_order":0,"comment_status":"closed","ping_status":"closed","template":"","meta":{"_uag_custom_page_level_css":"","footnotes":""},"class_list":["post-619","page","type-page","status-publish","hentry"],"yoast_head":"<!-- This site is optimized with the Yoast SEO plugin v27.4 - https:\/\/yoast.com\/product\/yoast-seo-wordpress\/ -->\n<title>Blogin k\u00e4ytt\u00f6s\u00e4\u00e4nn\u00f6t - S\u00e4hk\u00f6Net<\/title>\n<meta name=\"robots\" content=\"index, follow, max-snippet:-1, max-image-preview:large, max-video-preview:-1\" \/>\n<link rel=\"canonical\" href=\"https:\/\/blogit.gradia.fi\/sahkonet\/etusivu\/blogi-ohje\/blogin-kayttosaannot\/\" \/>\n<meta property=\"og:locale\" content=\"fi_FI\" \/>\n<meta property=\"og:type\" content=\"article\" \/>\n<meta property=\"og:title\" content=\"Blogin k\u00e4ytt\u00f6s\u00e4\u00e4nn\u00f6t - S\u00e4hk\u00f6Net\" \/>\n<meta property=\"og:description\" content=\"Katso: https:\/\/blogit.gradia.fi\/bloggaajan-huoneentaulu\/ Jyv\u00e4skyl\u00e4n ammattiopiston oppilaiden ja henkil\u00f6kunnan blogien k\u00e4ytt\u00f6s\u00e4\u00e4nn\u00f6t: https:\/\/blogit.gradia.fi\/kayttosaannot\/ Blogit ovat julkisia ja niit\u00e4 koskevat samat s\u00e4\u00e4nn\u00f6t ja lait kuin muitakin julkaisuja. Keskustelun her\u00e4ttely ja mielipiteet ovat osa blogikulttuuria, \u00a0samoin kommentointimahdollisuuden tarjoaminen lukijoille sek\u00e4 kommentteihin vastaaminen. Sen sijaan henkil\u00f6ihin kohdistuvat asiattomuudet ja loukkaukset eiv\u00e4t kuulu blogikirjoitteluun. Blogien yll\u00e4pit\u00e4j\u00e4t vastaavat sivustojensa sis\u00e4ll\u00f6st\u00e4 itse. Tekij\u00e4noikeudet sis\u00e4lt\u00f6\u00f6n &hellip; Jatka lukemista Blogin k\u00e4ytt\u00f6s\u00e4\u00e4nn\u00f6t &rarr;\" \/>\n<meta property=\"og:url\" content=\"https:\/\/blogit.gradia.fi\/sahkonet\/etusivu\/blogi-ohje\/blogin-kayttosaannot\/\" \/>\n<meta property=\"og:site_name\" content=\"S\u00e4hk\u00f6Net\" \/>\n<meta property=\"article:modified_time\" content=\"2014-08-07T06:13:52+00:00\" \/>\n<meta name=\"twitter:card\" content=\"summary_large_image\" \/>\n<meta name=\"twitter:label1\" content=\"Arvioitu lukuaika\" \/>\n\t<meta name=\"twitter:data1\" content=\"1 minuutti\" \/>\n<script type=\"application\/ld+json\" class=\"yoast-schema-graph\">{\"@context\":\"https:\\\/\\\/schema.org\",\"@graph\":[{\"@type\":\"WebPage\",\"@id\":\"https:\\\/\\\/blogit.gradia.fi\\\/sahkonet\\\/etusivu\\\/blogi-ohje\\\/blogin-kayttosaannot\\\/\",\"url\":\"https:\\\/\\\/blogit.gradia.fi\\\/sahkonet\\\/etusivu\\\/blogi-ohje\\\/blogin-kayttosaannot\\\/\",\"name\":\"Blogin k\u00e4ytt\u00f6s\u00e4\u00e4nn\u00f6t - S\u00e4hk\u00f6Net\",\"isPartOf\":{\"@id\":\"https:\\\/\\\/blogit.gradia.fi\\\/sahkonet\\\/#website\"},\"datePublished\":\"2014-08-07T05:21:18+00:00\",\"dateModified\":\"2014-08-07T06:13:52+00:00\",\"breadcrumb\":{\"@id\":\"https:\\\/\\\/blogit.gradia.fi\\\/sahkonet\\\/etusivu\\\/blogi-ohje\\\/blogin-kayttosaannot\\\/#breadcrumb\"},\"inLanguage\":\"fi\",\"potentialAction\":[{\"@type\":\"ReadAction\",\"target\":[\"https:\\\/\\\/blogit.gradia.fi\\\/sahkonet\\\/etusivu\\\/blogi-ohje\\\/blogin-kayttosaannot\\\/\"]}]},{\"@type\":\"BreadcrumbList\",\"@id\":\"https:\\\/\\\/blogit.gradia.fi\\\/sahkonet\\\/etusivu\\\/blogi-ohje\\\/blogin-kayttosaannot\\\/#breadcrumb\",\"itemListElement\":[{\"@type\":\"ListItem\",\"position\":1,\"name\":\"P\u00e4\u00e4sivu\",\"item\":\"https:\\\/\\\/blogit.gradia.fi\\\/sahkonet\\\/\"},{\"@type\":\"ListItem\",\"position\":2,\"name\":\"Blogi-ohje\",\"item\":\"https:\\\/\\\/blogit.gradia.fi\\\/sahkonet\\\/etusivu\\\/blogi-ohje\\\/\"},{\"@type\":\"ListItem\",\"position\":3,\"name\":\"Blogin k\u00e4ytt\u00f6s\u00e4\u00e4nn\u00f6t\"}]},{\"@type\":\"WebSite\",\"@id\":\"https:\\\/\\\/blogit.gradia.fi\\\/sahkonet\\\/#website\",\"url\":\"https:\\\/\\\/blogit.gradia.fi\\\/sahkonet\\\/\",\"name\":\"S\u00e4hk\u00f6Net\",\"description\":\"S\u00e4hk\u00f6- ja automaatiotekniikan perustutkinto\",\"potentialAction\":[{\"@type\":\"SearchAction\",\"target\":{\"@type\":\"EntryPoint\",\"urlTemplate\":\"https:\\\/\\\/blogit.gradia.fi\\\/sahkonet\\\/?s={search_term_string}\"},\"query-input\":{\"@type\":\"PropertyValueSpecification\",\"valueRequired\":true,\"valueName\":\"search_term_string\"}}],\"inLanguage\":\"fi\"}]}<\/script>\n<!-- \/ Yoast SEO plugin. -->","yoast_head_json":{"title":"Blogin k\u00e4ytt\u00f6s\u00e4\u00e4nn\u00f6t - S\u00e4hk\u00f6Net","robots":{"index":"index","follow":"follow","max-snippet":"max-snippet:-1","max-image-preview":"max-image-preview:large","max-video-preview":"max-video-preview:-1"},"canonical":"https:\/\/blogit.gradia.fi\/sahkonet\/etusivu\/blogi-ohje\/blogin-kayttosaannot\/","og_locale":"fi_FI","og_type":"article","og_title":"Blogin k\u00e4ytt\u00f6s\u00e4\u00e4nn\u00f6t - S\u00e4hk\u00f6Net","og_description":"Katso: https:\/\/blogit.gradia.fi\/bloggaajan-huoneentaulu\/ Jyv\u00e4skyl\u00e4n ammattiopiston oppilaiden ja henkil\u00f6kunnan blogien k\u00e4ytt\u00f6s\u00e4\u00e4nn\u00f6t: https:\/\/blogit.gradia.fi\/kayttosaannot\/ Blogit ovat julkisia ja niit\u00e4 koskevat samat s\u00e4\u00e4nn\u00f6t ja lait kuin muitakin julkaisuja. Keskustelun her\u00e4ttely ja mielipiteet ovat osa blogikulttuuria, \u00a0samoin kommentointimahdollisuuden tarjoaminen lukijoille sek\u00e4 kommentteihin vastaaminen. Sen sijaan henkil\u00f6ihin kohdistuvat asiattomuudet ja loukkaukset eiv\u00e4t kuulu blogikirjoitteluun. Blogien yll\u00e4pit\u00e4j\u00e4t vastaavat sivustojensa sis\u00e4ll\u00f6st\u00e4 itse. Tekij\u00e4noikeudet sis\u00e4lt\u00f6\u00f6n &hellip; Jatka lukemista Blogin k\u00e4ytt\u00f6s\u00e4\u00e4nn\u00f6t &rarr;","og_url":"https:\/\/blogit.gradia.fi\/sahkonet\/etusivu\/blogi-ohje\/blogin-kayttosaannot\/","og_site_name":"S\u00e4hk\u00f6Net","article_modified_time":"2014-08-07T06:13:52+00:00","twitter_card":"summary_large_image","twitter_misc":{"Arvioitu lukuaika":"1 minuutti"},"schema":{"@context":"https:\/\/schema.org","@graph":[{"@type":"WebPage","@id":"https:\/\/blogit.gradia.fi\/sahkonet\/etusivu\/blogi-ohje\/blogin-kayttosaannot\/","url":"https:\/\/blogit.gradia.fi\/sahkonet\/etusivu\/blogi-ohje\/blogin-kayttosaannot\/","name":"Blogin k\u00e4ytt\u00f6s\u00e4\u00e4nn\u00f6t - S\u00e4hk\u00f6Net","isPartOf":{"@id":"https:\/\/blogit.gradia.fi\/sahkonet\/#website"},"datePublished":"2014-08-07T05:21:18+00:00","dateModified":"2014-08-07T06:13:52+00:00","breadcrumb":{"@id":"https:\/\/blogit.gradia.fi\/sahkonet\/etusivu\/blogi-ohje\/blogin-kayttosaannot\/#breadcrumb"},"inLanguage":"fi","potentialAction":[{"@type":"ReadAction","target":["https:\/\/blogit.gradia.fi\/sahkonet\/etusivu\/blogi-ohje\/blogin-kayttosaannot\/"]}]},{"@type":"BreadcrumbList","@id":"https:\/\/blogit.gradia.fi\/sahkonet\/etusivu\/blogi-ohje\/blogin-kayttosaannot\/#breadcrumb","itemListElement":[{"@type":"ListItem","position":1,"name":"P\u00e4\u00e4sivu","item":"https:\/\/blogit.gradia.fi\/sahkonet\/"},{"@type":"ListItem","position":2,"name":"Blogi-ohje","item":"https:\/\/blogit.gradia.fi\/sahkonet\/etusivu\/blogi-ohje\/"},{"@type":"ListItem","position":3,"name":"Blogin k\u00e4ytt\u00f6s\u00e4\u00e4nn\u00f6t"}]},{"@type":"WebSite","@id":"https:\/\/blogit.gradia.fi\/sahkonet\/#website","url":"https:\/\/blogit.gradia.fi\/sahkonet\/","name":"S\u00e4hk\u00f6Net","description":"S\u00e4hk\u00f6- ja automaatiotekniikan perustutkinto","potentialAction":[{"@type":"SearchAction","target":{"@type":"EntryPoint","urlTemplate":"https:\/\/blogit.gradia.fi\/sahkonet\/?s={search_term_string}"},"query-input":{"@type":"PropertyValueSpecification","valueRequired":true,"valueName":"search_term_string"}}],"inLanguage":"fi"}]}},"uagb_featured_image_src":{"full":false,"thumbnail":false,"medium":false,"medium_large":false,"large":false,"1536x1536":false,"2048x2048":false,"post-thumbnail":false,"twentyfourteen-full-width":false},"uagb_author_info":{"display_name":"Pia Tolonen","author_link":"https:\/\/blogit.gradia.fi\/sahkonet\/author\/halmepia\/"},"uagb_comment_info":0,"uagb_excerpt":"Katso: https:\/\/blogit.gradia.fi\/bloggaajan-huoneentaulu\/ Jyv\u00e4skyl\u00e4n ammattiopiston oppilaiden ja henkil\u00f6kunnan blogien k\u00e4ytt\u00f6s\u00e4\u00e4nn\u00f6t: https:\/\/blogit.gradia.fi\/kayttosaannot\/ Blogit ovat julkisia ja niit\u00e4 koskevat samat s\u00e4\u00e4nn\u00f6t ja lait kuin muitakin julkaisuja. Keskustelun her\u00e4ttely ja mielipiteet ovat osa blogikulttuuria, \u00a0samoin kommentointimahdollisuuden tarjoaminen lukijoille sek\u00e4 kommentteihin vastaaminen. Sen sijaan henkil\u00f6ihin kohdistuvat asiattomuudet ja loukkaukset eiv\u00e4t kuulu blogikirjoitteluun. Blogien yll\u00e4pit\u00e4j\u00e4t vastaavat sivustojensa sis\u00e4ll\u00f6st\u00e4 itse. Tekij\u00e4noikeudet sis\u00e4lt\u00f6\u00f6n&hellip;","_links":{"self":[{"href":"https:\/\/blogit.gradia.fi\/sahkonet\/wp-json\/wp\/v2\/pages\/619","targetHints":{"allow":["GET"]}}],"collection":[{"href":"https:\/\/blogit.gradia.fi\/sahkonet\/wp-json\/wp\/v2\/pages"}],"about":[{"href":"https:\/\/blogit.gradia.fi\/sahkonet\/wp-json\/wp\/v2\/types\/page"}],"author":[{"embeddable":true,"href":"https:\/\/blogit.gradia.fi\/sahkonet\/wp-json\/wp\/v2\/users\/179"}],"replies":[{"embeddable":true,"href":"https:\/\/blogit.gradia.fi\/sahkonet\/wp-json\/wp\/v2\/comments?post=619"}],"version-history":[{"count":0,"href":"https:\/\/blogit.gradia.fi\/sahkonet\/wp-json\/wp\/v2\/pages\/619\/revisions"}],"up":[{"embeddable":true,"href":"https:\/\/blogit.gradia.fi\/sahkonet\/wp-json\/wp\/v2\/pages\/617"}],"wp:attachment":[{"href":"https:\/\/blogit.gradia.fi\/sahkonet\/wp-json\/wp\/v2\/media?parent=619"}],"curies":[{"name":"wp","href":"https:\/\/api.w.org\/{rel}","templated":true}]}}