{"id":617,"date":"2014-08-07T08:18:38","date_gmt":"2014-08-07T05:18:38","guid":{"rendered":"https:\/\/blogit.gradia.fi\/sahkonet\/?page_id=617"},"modified":"2014-08-07T09:12:44","modified_gmt":"2014-08-07T06:12:44","slug":"blogi-ohje","status":"publish","type":"page","link":"https:\/\/blogit.gradia.fi\/sahkonet\/etusivu\/blogi-ohje\/","title":{"rendered":"Blogi-ohje"},"content":{"rendered":"<p><b>Blogin tarkoitus<\/b><br \/>\n&#8211;\u00a0\u00a0\u00a0\u00a0\u00a0\u00a0 S\u00e4hk\u00f6inen CV ja Portfolio (<a href=\"http:\/\/fi.wikipedia.org\/wiki\/Portfolio\" target=\"_blank\">http:\/\/fi.wikipedia.org\/wiki\/Portfolio<\/a>)<br \/>\n&#8211;\u00a0\u00a0\u00a0\u00a0\u00a0\u00a0 Lista tehdyist\u00e4 oppimisteht\u00e4vist\u00e4 =&gt; osaamisen kuvaus<br \/>\n&#8211;\u00a0\u00a0\u00a0\u00a0\u00a0\u00a0 Osa omaa ansioluetteloa =&gt; K\u00e4ytet\u00e4\u00e4n ty\u00f6nhaussa<br \/>\n&#8211;\u00a0\u00a0\u00a0\u00a0\u00a0\u00a0 Blogi opinn\u00e4ytteen\u00e4<br \/>\n&#8211;\u00a0\u00a0\u00a0\u00a0\u00a0\u00a0 Oppimisprosessi n\u00e4kyv\u00e4ksi<br \/>\n&#8211;\u00a0\u00a0\u00a0\u00a0\u00a0\u00a0 Ammatti-identiteetin rakentuminen<br \/>\n&#8211;\u00a0\u00a0\u00a0\u00a0\u00a0\u00a0 Vertaisoppiminen<\/p>\n<p><b>Hy\u00f6dyt<br \/>\n<\/b>&#8211;\u00a0\u00a0\u00a0\u00a0\u00a0\u00a0 Omalla tekemisell\u00e4 enemm\u00e4n merkityst\u00e4<br \/>\n&#8211;\u00a0\u00a0\u00a0\u00a0\u00a0\u00a0 Opit tuottamaan tietoa<br \/>\n&#8211;\u00a0\u00a0\u00a0\u00a0\u00a0\u00a0 Opit kritisoimaan tietoa<br \/>\n&#8211;\u00a0\u00a0\u00a0\u00a0\u00a0\u00a0 Opit reflektoimaan omaa oppimistasi (<a href=\"http:\/\/fi.wikipedia.org\/wiki\/Reflektio\" target=\"_blank\">http:\/\/fi.wikipedia.org\/wiki\/Reflektio<\/a>)<\/p>\n<p><b>Mit\u00e4 vaaditaan opiskelijalta<\/b><br \/>\n&#8211;\u00a0\u00a0\u00a0\u00a0\u00a0\u00a0 Motivaatio<br \/>\n&#8211;\u00a0\u00a0\u00a0\u00a0\u00a0\u00a0 Tavoite<br \/>\n&#8211;\u00a0\u00a0\u00a0\u00a0\u00a0\u00a0 Asenne<br \/>\n&#8211;\u00a0\u00a0\u00a0\u00a0\u00a0\u00a0 Halu oppia uutta<br \/>\n&#8211;\u00a0\u00a0\u00a0\u00a0\u00a0\u00a0 Sosiaalisen median luku- ja k\u00e4ytt\u00f6taidot<\/p>\n<p><b>3 peruss\u00e4\u00e4nt\u00f6\u00e4 BLOGI-tekstin l\u00e4hteisiin<br \/>\n<\/b><\/p>\n<ol>\n<li>Merkitse lainausten l\u00e4hteet \u2013 jos haluat lainata oman tekstisi joukkoon jonkun muun tuottamaa teksti\u00e4, sinun on merkitt\u00e4v\u00e4 l\u00e4hdetieto. Lauseen tai muutaman sanan kopioiminen ei riko tekij\u00e4noikeuksia. Siit\u00e4 huolimatta on v\u00e4hint\u00e4\u00e4n kohteliasta mainita niiss\u00e4kin l\u00e4hde (tekij\u00e4n nimi ja linkki).<\/li>\n<li>Kysy lupaa \u2013 kuvien kopiointi on p\u00e4\u00e4s\u00e4\u00e4nt\u00f6isesti kielletty. Joissain tapauksissa kuvien jakaminen on kuitenkin sallittu, jos l\u00e4hde ja kuvaaja mainitaan. Sama p\u00e4tee my\u00f6s tekstiin eli jos haluat lainata lauseen tai fraasin, kysy alkuper\u00e4iselt\u00e4 kirjoittajalta lupa sen k\u00e4ytt\u00e4miseen.<\/li>\n<li>Pelaa reilusti \u2013 Vaikka blogi on omasi, se ei tarkoita sit\u00e4 ett\u00e4 sinulla on vapaat k\u00e4det kirjoittaa mit\u00e4 haluat ilman seurauksia. Muista ett\u00e4 blogisi sis\u00e4lt\u00f6 on koko maailman n\u00e4ht\u00e4vill\u00e4. Tutustu kunnianloukkauksen tai herjauksen kriteereihin. Et koskaan tied\u00e4 kuka l\u00f6yt\u00e4\u00e4 blogisi \u2013 vaikkapa tuleva ty\u00f6nantaja.<\/li>\n<li>K\u00e4yt\u00e4 l\u00e4hdekritiikki\u00e4. Netiss\u00e4 ei ole julkaisukynnyst\u00e4 eli kaikki netiss\u00e4 l\u00f6yt\u00e4m\u00e4si ei v\u00e4ltt\u00e4m\u00e4tt\u00e4 pid\u00e4 paikkaansa.<\/li>\n<\/ol>\n<p><a href=\"http:\/\/www.internetopas.com\/netiketti\/\" target=\"_blank\">http:\/\/www.internetopas.com\/netiketti\/<\/a><\/p>\n<p>&nbsp;<\/p>\n","protected":false},"excerpt":{"rendered":"<p>Blogin tarkoitus &#8211;\u00a0\u00a0\u00a0\u00a0\u00a0\u00a0 S\u00e4hk\u00f6inen CV ja Portfolio (http:\/\/fi.wikipedia.org\/wiki\/Portfolio) &#8211;\u00a0\u00a0\u00a0\u00a0\u00a0\u00a0 Lista tehdyist\u00e4 oppimisteht\u00e4vist\u00e4 =&gt; osaamisen kuvaus &#8211;\u00a0\u00a0\u00a0\u00a0\u00a0\u00a0 Osa omaa ansioluetteloa =&gt; K\u00e4ytet\u00e4\u00e4n ty\u00f6nhaussa &#8211;\u00a0\u00a0\u00a0\u00a0\u00a0\u00a0 Blogi opinn\u00e4ytteen\u00e4 &#8211;\u00a0\u00a0\u00a0\u00a0\u00a0\u00a0 Oppimisprosessi n\u00e4kyv\u00e4ksi &#8211;\u00a0\u00a0\u00a0\u00a0\u00a0\u00a0 Ammatti-identiteetin rakentuminen &#8211;\u00a0\u00a0\u00a0\u00a0\u00a0\u00a0 Vertaisoppiminen Hy\u00f6dyt &#8211;\u00a0\u00a0\u00a0\u00a0\u00a0\u00a0 Omalla tekemisell\u00e4 enemm\u00e4n merkityst\u00e4 &#8211;\u00a0\u00a0\u00a0\u00a0\u00a0\u00a0 Opit tuottamaan tietoa &#8211;\u00a0\u00a0\u00a0\u00a0\u00a0\u00a0 Opit kritisoimaan tietoa &#8211;\u00a0\u00a0\u00a0\u00a0\u00a0\u00a0 Opit reflektoimaan omaa oppimistasi (http:\/\/fi.wikipedia.org\/wiki\/Reflektio) Mit\u00e4 vaaditaan &hellip; <a href=\"https:\/\/blogit.gradia.fi\/sahkonet\/etusivu\/blogi-ohje\/\" class=\"more-link\">Jatka lukemista <span class=\"screen-reader-text\">Blogi-ohje<\/span> <span class=\"meta-nav\">&rarr;<\/span><\/a><\/p>\n","protected":false},"author":179,"featured_media":0,"parent":30,"menu_order":2,"comment_status":"closed","ping_status":"closed","template":"","meta":{"_uag_custom_page_level_css":"","footnotes":""},"class_list":["post-617","page","type-page","status-publish","hentry"],"yoast_head":"<!-- This site is optimized with the Yoast SEO plugin v27.4 - https:\/\/yoast.com\/product\/yoast-seo-wordpress\/ -->\n<title>Blogi-ohje - S\u00e4hk\u00f6Net<\/title>\n<meta name=\"robots\" content=\"index, follow, max-snippet:-1, max-image-preview:large, max-video-preview:-1\" \/>\n<link rel=\"canonical\" href=\"https:\/\/blogit.gradia.fi\/sahkonet\/etusivu\/blogi-ohje\/\" \/>\n<meta property=\"og:locale\" content=\"fi_FI\" \/>\n<meta property=\"og:type\" content=\"article\" \/>\n<meta property=\"og:title\" content=\"Blogi-ohje - S\u00e4hk\u00f6Net\" \/>\n<meta property=\"og:description\" content=\"Blogin tarkoitus &#8211;\u00a0\u00a0\u00a0\u00a0\u00a0\u00a0 S\u00e4hk\u00f6inen CV ja Portfolio (http:\/\/fi.wikipedia.org\/wiki\/Portfolio) &#8211;\u00a0\u00a0\u00a0\u00a0\u00a0\u00a0 Lista tehdyist\u00e4 oppimisteht\u00e4vist\u00e4 =&gt; osaamisen kuvaus &#8211;\u00a0\u00a0\u00a0\u00a0\u00a0\u00a0 Osa omaa ansioluetteloa =&gt; K\u00e4ytet\u00e4\u00e4n ty\u00f6nhaussa &#8211;\u00a0\u00a0\u00a0\u00a0\u00a0\u00a0 Blogi opinn\u00e4ytteen\u00e4 &#8211;\u00a0\u00a0\u00a0\u00a0\u00a0\u00a0 Oppimisprosessi n\u00e4kyv\u00e4ksi &#8211;\u00a0\u00a0\u00a0\u00a0\u00a0\u00a0 Ammatti-identiteetin rakentuminen &#8211;\u00a0\u00a0\u00a0\u00a0\u00a0\u00a0 Vertaisoppiminen Hy\u00f6dyt &#8211;\u00a0\u00a0\u00a0\u00a0\u00a0\u00a0 Omalla tekemisell\u00e4 enemm\u00e4n merkityst\u00e4 &#8211;\u00a0\u00a0\u00a0\u00a0\u00a0\u00a0 Opit tuottamaan tietoa &#8211;\u00a0\u00a0\u00a0\u00a0\u00a0\u00a0 Opit kritisoimaan tietoa &#8211;\u00a0\u00a0\u00a0\u00a0\u00a0\u00a0 Opit reflektoimaan omaa oppimistasi (http:\/\/fi.wikipedia.org\/wiki\/Reflektio) Mit\u00e4 vaaditaan &hellip; Jatka lukemista Blogi-ohje &rarr;\" \/>\n<meta property=\"og:url\" content=\"https:\/\/blogit.gradia.fi\/sahkonet\/etusivu\/blogi-ohje\/\" \/>\n<meta property=\"og:site_name\" content=\"S\u00e4hk\u00f6Net\" \/>\n<meta property=\"article:modified_time\" content=\"2014-08-07T06:12:44+00:00\" \/>\n<meta name=\"twitter:card\" content=\"summary_large_image\" \/>\n<meta name=\"twitter:label1\" content=\"Arvioitu lukuaika\" \/>\n\t<meta name=\"twitter:data1\" content=\"1 minuutti\" \/>\n<script type=\"application\/ld+json\" class=\"yoast-schema-graph\">{\"@context\":\"https:\\\/\\\/schema.org\",\"@graph\":[{\"@type\":\"WebPage\",\"@id\":\"https:\\\/\\\/blogit.gradia.fi\\\/sahkonet\\\/etusivu\\\/blogi-ohje\\\/\",\"url\":\"https:\\\/\\\/blogit.gradia.fi\\\/sahkonet\\\/etusivu\\\/blogi-ohje\\\/\",\"name\":\"Blogi-ohje - S\u00e4hk\u00f6Net\",\"isPartOf\":{\"@id\":\"https:\\\/\\\/blogit.gradia.fi\\\/sahkonet\\\/#website\"},\"datePublished\":\"2014-08-07T05:18:38+00:00\",\"dateModified\":\"2014-08-07T06:12:44+00:00\",\"breadcrumb\":{\"@id\":\"https:\\\/\\\/blogit.gradia.fi\\\/sahkonet\\\/etusivu\\\/blogi-ohje\\\/#breadcrumb\"},\"inLanguage\":\"fi\",\"potentialAction\":[{\"@type\":\"ReadAction\",\"target\":[\"https:\\\/\\\/blogit.gradia.fi\\\/sahkonet\\\/etusivu\\\/blogi-ohje\\\/\"]}]},{\"@type\":\"BreadcrumbList\",\"@id\":\"https:\\\/\\\/blogit.gradia.fi\\\/sahkonet\\\/etusivu\\\/blogi-ohje\\\/#breadcrumb\",\"itemListElement\":[{\"@type\":\"ListItem\",\"position\":1,\"name\":\"P\u00e4\u00e4sivu\",\"item\":\"https:\\\/\\\/blogit.gradia.fi\\\/sahkonet\\\/\"},{\"@type\":\"ListItem\",\"position\":2,\"name\":\"Blogi-ohje\"}]},{\"@type\":\"WebSite\",\"@id\":\"https:\\\/\\\/blogit.gradia.fi\\\/sahkonet\\\/#website\",\"url\":\"https:\\\/\\\/blogit.gradia.fi\\\/sahkonet\\\/\",\"name\":\"S\u00e4hk\u00f6Net\",\"description\":\"S\u00e4hk\u00f6- ja automaatiotekniikan perustutkinto\",\"potentialAction\":[{\"@type\":\"SearchAction\",\"target\":{\"@type\":\"EntryPoint\",\"urlTemplate\":\"https:\\\/\\\/blogit.gradia.fi\\\/sahkonet\\\/?s={search_term_string}\"},\"query-input\":{\"@type\":\"PropertyValueSpecification\",\"valueRequired\":true,\"valueName\":\"search_term_string\"}}],\"inLanguage\":\"fi\"}]}<\/script>\n<!-- \/ Yoast SEO plugin. -->","yoast_head_json":{"title":"Blogi-ohje - S\u00e4hk\u00f6Net","robots":{"index":"index","follow":"follow","max-snippet":"max-snippet:-1","max-image-preview":"max-image-preview:large","max-video-preview":"max-video-preview:-1"},"canonical":"https:\/\/blogit.gradia.fi\/sahkonet\/etusivu\/blogi-ohje\/","og_locale":"fi_FI","og_type":"article","og_title":"Blogi-ohje - S\u00e4hk\u00f6Net","og_description":"Blogin tarkoitus &#8211;\u00a0\u00a0\u00a0\u00a0\u00a0\u00a0 S\u00e4hk\u00f6inen CV ja Portfolio (http:\/\/fi.wikipedia.org\/wiki\/Portfolio) &#8211;\u00a0\u00a0\u00a0\u00a0\u00a0\u00a0 Lista tehdyist\u00e4 oppimisteht\u00e4vist\u00e4 =&gt; osaamisen kuvaus &#8211;\u00a0\u00a0\u00a0\u00a0\u00a0\u00a0 Osa omaa ansioluetteloa =&gt; K\u00e4ytet\u00e4\u00e4n ty\u00f6nhaussa &#8211;\u00a0\u00a0\u00a0\u00a0\u00a0\u00a0 Blogi opinn\u00e4ytteen\u00e4 &#8211;\u00a0\u00a0\u00a0\u00a0\u00a0\u00a0 Oppimisprosessi n\u00e4kyv\u00e4ksi &#8211;\u00a0\u00a0\u00a0\u00a0\u00a0\u00a0 Ammatti-identiteetin rakentuminen &#8211;\u00a0\u00a0\u00a0\u00a0\u00a0\u00a0 Vertaisoppiminen Hy\u00f6dyt &#8211;\u00a0\u00a0\u00a0\u00a0\u00a0\u00a0 Omalla tekemisell\u00e4 enemm\u00e4n merkityst\u00e4 &#8211;\u00a0\u00a0\u00a0\u00a0\u00a0\u00a0 Opit tuottamaan tietoa &#8211;\u00a0\u00a0\u00a0\u00a0\u00a0\u00a0 Opit kritisoimaan tietoa &#8211;\u00a0\u00a0\u00a0\u00a0\u00a0\u00a0 Opit reflektoimaan omaa oppimistasi (http:\/\/fi.wikipedia.org\/wiki\/Reflektio) Mit\u00e4 vaaditaan &hellip; Jatka lukemista Blogi-ohje &rarr;","og_url":"https:\/\/blogit.gradia.fi\/sahkonet\/etusivu\/blogi-ohje\/","og_site_name":"S\u00e4hk\u00f6Net","article_modified_time":"2014-08-07T06:12:44+00:00","twitter_card":"summary_large_image","twitter_misc":{"Arvioitu lukuaika":"1 minuutti"},"schema":{"@context":"https:\/\/schema.org","@graph":[{"@type":"WebPage","@id":"https:\/\/blogit.gradia.fi\/sahkonet\/etusivu\/blogi-ohje\/","url":"https:\/\/blogit.gradia.fi\/sahkonet\/etusivu\/blogi-ohje\/","name":"Blogi-ohje - S\u00e4hk\u00f6Net","isPartOf":{"@id":"https:\/\/blogit.gradia.fi\/sahkonet\/#website"},"datePublished":"2014-08-07T05:18:38+00:00","dateModified":"2014-08-07T06:12:44+00:00","breadcrumb":{"@id":"https:\/\/blogit.gradia.fi\/sahkonet\/etusivu\/blogi-ohje\/#breadcrumb"},"inLanguage":"fi","potentialAction":[{"@type":"ReadAction","target":["https:\/\/blogit.gradia.fi\/sahkonet\/etusivu\/blogi-ohje\/"]}]},{"@type":"BreadcrumbList","@id":"https:\/\/blogit.gradia.fi\/sahkonet\/etusivu\/blogi-ohje\/#breadcrumb","itemListElement":[{"@type":"ListItem","position":1,"name":"P\u00e4\u00e4sivu","item":"https:\/\/blogit.gradia.fi\/sahkonet\/"},{"@type":"ListItem","position":2,"name":"Blogi-ohje"}]},{"@type":"WebSite","@id":"https:\/\/blogit.gradia.fi\/sahkonet\/#website","url":"https:\/\/blogit.gradia.fi\/sahkonet\/","name":"S\u00e4hk\u00f6Net","description":"S\u00e4hk\u00f6- ja automaatiotekniikan perustutkinto","potentialAction":[{"@type":"SearchAction","target":{"@type":"EntryPoint","urlTemplate":"https:\/\/blogit.gradia.fi\/sahkonet\/?s={search_term_string}"},"query-input":{"@type":"PropertyValueSpecification","valueRequired":true,"valueName":"search_term_string"}}],"inLanguage":"fi"}]}},"uagb_featured_image_src":{"full":false,"thumbnail":false,"medium":false,"medium_large":false,"large":false,"1536x1536":false,"2048x2048":false,"post-thumbnail":false,"twentyfourteen-full-width":false},"uagb_author_info":{"display_name":"Pia Tolonen","author_link":"https:\/\/blogit.gradia.fi\/sahkonet\/author\/halmepia\/"},"uagb_comment_info":0,"uagb_excerpt":"Blogin tarkoitus &#8211;\u00a0\u00a0\u00a0\u00a0\u00a0\u00a0 S\u00e4hk\u00f6inen CV ja Portfolio (http:\/\/fi.wikipedia.org\/wiki\/Portfolio) &#8211;\u00a0\u00a0\u00a0\u00a0\u00a0\u00a0 Lista tehdyist\u00e4 oppimisteht\u00e4vist\u00e4 =&gt; osaamisen kuvaus &#8211;\u00a0\u00a0\u00a0\u00a0\u00a0\u00a0 Osa omaa ansioluetteloa =&gt; K\u00e4ytet\u00e4\u00e4n ty\u00f6nhaussa &#8211;\u00a0\u00a0\u00a0\u00a0\u00a0\u00a0 Blogi opinn\u00e4ytteen\u00e4 &#8211;\u00a0\u00a0\u00a0\u00a0\u00a0\u00a0 Oppimisprosessi n\u00e4kyv\u00e4ksi &#8211;\u00a0\u00a0\u00a0\u00a0\u00a0\u00a0 Ammatti-identiteetin rakentuminen &#8211;\u00a0\u00a0\u00a0\u00a0\u00a0\u00a0 Vertaisoppiminen Hy\u00f6dyt &#8211;\u00a0\u00a0\u00a0\u00a0\u00a0\u00a0 Omalla tekemisell\u00e4 enemm\u00e4n merkityst\u00e4 &#8211;\u00a0\u00a0\u00a0\u00a0\u00a0\u00a0 Opit tuottamaan tietoa &#8211;\u00a0\u00a0\u00a0\u00a0\u00a0\u00a0 Opit kritisoimaan tietoa &#8211;\u00a0\u00a0\u00a0\u00a0\u00a0\u00a0 Opit reflektoimaan omaa oppimistasi (http:\/\/fi.wikipedia.org\/wiki\/Reflektio) Mit\u00e4 vaaditaan&hellip;","_links":{"self":[{"href":"https:\/\/blogit.gradia.fi\/sahkonet\/wp-json\/wp\/v2\/pages\/617","targetHints":{"allow":["GET"]}}],"collection":[{"href":"https:\/\/blogit.gradia.fi\/sahkonet\/wp-json\/wp\/v2\/pages"}],"about":[{"href":"https:\/\/blogit.gradia.fi\/sahkonet\/wp-json\/wp\/v2\/types\/page"}],"author":[{"embeddable":true,"href":"https:\/\/blogit.gradia.fi\/sahkonet\/wp-json\/wp\/v2\/users\/179"}],"replies":[{"embeddable":true,"href":"https:\/\/blogit.gradia.fi\/sahkonet\/wp-json\/wp\/v2\/comments?post=617"}],"version-history":[{"count":0,"href":"https:\/\/blogit.gradia.fi\/sahkonet\/wp-json\/wp\/v2\/pages\/617\/revisions"}],"up":[{"embeddable":true,"href":"https:\/\/blogit.gradia.fi\/sahkonet\/wp-json\/wp\/v2\/pages\/30"}],"wp:attachment":[{"href":"https:\/\/blogit.gradia.fi\/sahkonet\/wp-json\/wp\/v2\/media?parent=617"}],"curies":[{"name":"wp","href":"https:\/\/api.w.org\/{rel}","templated":true}]}}