{"id":30,"date":"2014-04-17T09:33:28","date_gmt":"2014-04-17T06:33:28","guid":{"rendered":"https:\/\/blogit.gradia.fi\/sahkonet\/?page_id=30"},"modified":"2015-08-14T11:03:40","modified_gmt":"2015-08-14T08:03:40","slug":"etusivu","status":"publish","type":"page","link":"https:\/\/blogit.gradia.fi\/sahkonet\/","title":{"rendered":"P\u00e4\u00e4sivu"},"content":{"rendered":"<p>Tervetuloa s\u00e4hk\u00f6- ja automaatiotekniikan perustutkinnon oppimateriaalisivustoille!<\/p>\n<p>Sivustot ovat rakennettu tutkinnon perusteiden ja oppilaitoksen opetussuunnitelman pohjalta.<\/p>\n<p>Sivustoille p\u00e4ivitett\u00e4\u00e4n vaiheittain oppimmisen yhteydess\u00e4 k\u00e4ytett\u00e4v\u00e4\u00e4 materiaalia sek\u00e4 oppimisteht\u00e4vi\u00e4.<\/p>\n<p>&nbsp;<\/p>\n<p><strong>Yhteydenotot:<\/strong><br \/>\nMarkku Lasarov<br \/>\n<a href=\"mailto:markku.lasarov@jao.fi\">markku.lasarov@jao.fi<br \/>\n<\/a>puh. 040 341 5712<\/p>\n","protected":false},"excerpt":{"rendered":"<p>Tervetuloa s\u00e4hk\u00f6- ja automaatiotekniikan perustutkinnon oppimateriaalisivustoille! Sivustot ovat rakennettu tutkinnon perusteiden ja oppilaitoksen opetussuunnitelman pohjalta. Sivustoille p\u00e4ivitett\u00e4\u00e4n vaiheittain oppimmisen yhteydess\u00e4 k\u00e4ytett\u00e4v\u00e4\u00e4 materiaalia sek\u00e4 oppimisteht\u00e4vi\u00e4. &nbsp; Yhteydenotot: Markku Lasarov markku.lasarov@jao.fi puh. 040 341 5712<\/p>\n","protected":false},"author":153,"featured_media":0,"parent":0,"menu_order":0,"comment_status":"closed","ping_status":"closed","template":"","meta":{"_uag_custom_page_level_css":"","footnotes":""},"class_list":["post-30","page","type-page","status-publish","hentry"],"yoast_head":"<!-- This site is optimized with the Yoast SEO plugin v27.4 - https:\/\/yoast.com\/product\/yoast-seo-wordpress\/ -->\n<title>P\u00e4\u00e4sivu - S\u00e4hk\u00f6Net<\/title>\n<meta name=\"robots\" content=\"index, follow, max-snippet:-1, max-image-preview:large, max-video-preview:-1\" \/>\n<link rel=\"canonical\" href=\"https:\/\/blogit.gradia.fi\/sahkonet\/\" \/>\n<meta property=\"og:locale\" content=\"fi_FI\" \/>\n<meta property=\"og:type\" content=\"article\" \/>\n<meta property=\"og:title\" content=\"P\u00e4\u00e4sivu - S\u00e4hk\u00f6Net\" \/>\n<meta property=\"og:description\" content=\"Tervetuloa s\u00e4hk\u00f6- ja automaatiotekniikan perustutkinnon oppimateriaalisivustoille! Sivustot ovat rakennettu tutkinnon perusteiden ja oppilaitoksen opetussuunnitelman pohjalta. Sivustoille p\u00e4ivitett\u00e4\u00e4n vaiheittain oppimmisen yhteydess\u00e4 k\u00e4ytett\u00e4v\u00e4\u00e4 materiaalia sek\u00e4 oppimisteht\u00e4vi\u00e4. &nbsp; Yhteydenotot: Markku Lasarov markku.lasarov@jao.fi puh. 040 341 5712\" \/>\n<meta property=\"og:url\" content=\"https:\/\/blogit.gradia.fi\/sahkonet\/\" \/>\n<meta property=\"og:site_name\" content=\"S\u00e4hk\u00f6Net\" \/>\n<meta property=\"article:modified_time\" content=\"2015-08-14T08:03:40+00:00\" \/>\n<meta name=\"twitter:card\" content=\"summary_large_image\" \/>\n<script type=\"application\/ld+json\" class=\"yoast-schema-graph\">{\"@context\":\"https:\\\/\\\/schema.org\",\"@graph\":[{\"@type\":\"WebPage\",\"@id\":\"https:\\\/\\\/blogit.gradia.fi\\\/sahkonet\\\/\",\"url\":\"https:\\\/\\\/blogit.gradia.fi\\\/sahkonet\\\/\",\"name\":\"P\u00e4\u00e4sivu - S\u00e4hk\u00f6Net\",\"isPartOf\":{\"@id\":\"https:\\\/\\\/blogit.gradia.fi\\\/sahkonet\\\/#website\"},\"datePublished\":\"2014-04-17T06:33:28+00:00\",\"dateModified\":\"2015-08-14T08:03:40+00:00\",\"inLanguage\":\"fi\",\"potentialAction\":[{\"@type\":\"ReadAction\",\"target\":[\"https:\\\/\\\/blogit.gradia.fi\\\/sahkonet\\\/\"]}]},{\"@type\":\"WebSite\",\"@id\":\"https:\\\/\\\/blogit.gradia.fi\\\/sahkonet\\\/#website\",\"url\":\"https:\\\/\\\/blogit.gradia.fi\\\/sahkonet\\\/\",\"name\":\"S\u00e4hk\u00f6Net\",\"description\":\"S\u00e4hk\u00f6- ja automaatiotekniikan perustutkinto\",\"potentialAction\":[{\"@type\":\"SearchAction\",\"target\":{\"@type\":\"EntryPoint\",\"urlTemplate\":\"https:\\\/\\\/blogit.gradia.fi\\\/sahkonet\\\/?s={search_term_string}\"},\"query-input\":{\"@type\":\"PropertyValueSpecification\",\"valueRequired\":true,\"valueName\":\"search_term_string\"}}],\"inLanguage\":\"fi\"}]}<\/script>\n<!-- \/ Yoast SEO plugin. -->","yoast_head_json":{"title":"P\u00e4\u00e4sivu - S\u00e4hk\u00f6Net","robots":{"index":"index","follow":"follow","max-snippet":"max-snippet:-1","max-image-preview":"max-image-preview:large","max-video-preview":"max-video-preview:-1"},"canonical":"https:\/\/blogit.gradia.fi\/sahkonet\/","og_locale":"fi_FI","og_type":"article","og_title":"P\u00e4\u00e4sivu - S\u00e4hk\u00f6Net","og_description":"Tervetuloa s\u00e4hk\u00f6- ja automaatiotekniikan perustutkinnon oppimateriaalisivustoille! Sivustot ovat rakennettu tutkinnon perusteiden ja oppilaitoksen opetussuunnitelman pohjalta. Sivustoille p\u00e4ivitett\u00e4\u00e4n vaiheittain oppimmisen yhteydess\u00e4 k\u00e4ytett\u00e4v\u00e4\u00e4 materiaalia sek\u00e4 oppimisteht\u00e4vi\u00e4. &nbsp; Yhteydenotot: Markku Lasarov markku.lasarov@jao.fi puh. 040 341 5712","og_url":"https:\/\/blogit.gradia.fi\/sahkonet\/","og_site_name":"S\u00e4hk\u00f6Net","article_modified_time":"2015-08-14T08:03:40+00:00","twitter_card":"summary_large_image","schema":{"@context":"https:\/\/schema.org","@graph":[{"@type":"WebPage","@id":"https:\/\/blogit.gradia.fi\/sahkonet\/","url":"https:\/\/blogit.gradia.fi\/sahkonet\/","name":"P\u00e4\u00e4sivu - S\u00e4hk\u00f6Net","isPartOf":{"@id":"https:\/\/blogit.gradia.fi\/sahkonet\/#website"},"datePublished":"2014-04-17T06:33:28+00:00","dateModified":"2015-08-14T08:03:40+00:00","inLanguage":"fi","potentialAction":[{"@type":"ReadAction","target":["https:\/\/blogit.gradia.fi\/sahkonet\/"]}]},{"@type":"WebSite","@id":"https:\/\/blogit.gradia.fi\/sahkonet\/#website","url":"https:\/\/blogit.gradia.fi\/sahkonet\/","name":"S\u00e4hk\u00f6Net","description":"S\u00e4hk\u00f6- ja automaatiotekniikan perustutkinto","potentialAction":[{"@type":"SearchAction","target":{"@type":"EntryPoint","urlTemplate":"https:\/\/blogit.gradia.fi\/sahkonet\/?s={search_term_string}"},"query-input":{"@type":"PropertyValueSpecification","valueRequired":true,"valueName":"search_term_string"}}],"inLanguage":"fi"}]}},"uagb_featured_image_src":{"full":false,"thumbnail":false,"medium":false,"medium_large":false,"large":false,"1536x1536":false,"2048x2048":false,"post-thumbnail":false,"twentyfourteen-full-width":false},"uagb_author_info":{"display_name":"Minna Puoliv\u00e4li","author_link":"https:\/\/blogit.gradia.fi\/sahkonet\/author\/puolimin\/"},"uagb_comment_info":0,"uagb_excerpt":"Tervetuloa s\u00e4hk\u00f6- ja automaatiotekniikan perustutkinnon oppimateriaalisivustoille! Sivustot ovat rakennettu tutkinnon perusteiden ja oppilaitoksen opetussuunnitelman pohjalta. Sivustoille p\u00e4ivitett\u00e4\u00e4n vaiheittain oppimmisen yhteydess\u00e4 k\u00e4ytett\u00e4v\u00e4\u00e4 materiaalia sek\u00e4 oppimisteht\u00e4vi\u00e4. &nbsp; Yhteydenotot: Markku Lasarov markku.lasarov@jao.fi puh. 040 341 5712","_links":{"self":[{"href":"https:\/\/blogit.gradia.fi\/sahkonet\/wp-json\/wp\/v2\/pages\/30","targetHints":{"allow":["GET"]}}],"collection":[{"href":"https:\/\/blogit.gradia.fi\/sahkonet\/wp-json\/wp\/v2\/pages"}],"about":[{"href":"https:\/\/blogit.gradia.fi\/sahkonet\/wp-json\/wp\/v2\/types\/page"}],"author":[{"embeddable":true,"href":"https:\/\/blogit.gradia.fi\/sahkonet\/wp-json\/wp\/v2\/users\/153"}],"replies":[{"embeddable":true,"href":"https:\/\/blogit.gradia.fi\/sahkonet\/wp-json\/wp\/v2\/comments?post=30"}],"version-history":[{"count":0,"href":"https:\/\/blogit.gradia.fi\/sahkonet\/wp-json\/wp\/v2\/pages\/30\/revisions"}],"wp:attachment":[{"href":"https:\/\/blogit.gradia.fi\/sahkonet\/wp-json\/wp\/v2\/media?parent=30"}],"curies":[{"name":"wp","href":"https:\/\/api.w.org\/{rel}","templated":true}]}}