{"id":2,"date":"2013-09-23T11:41:18","date_gmt":"2013-09-23T08:41:18","guid":{"rendered":"https:\/\/blogit.gradia.fi\/sahkonet\/?page_id=2"},"modified":"2014-10-15T09:32:11","modified_gmt":"2014-10-15T06:32:11","slug":"sahko-ja-automaatioasennukset","status":"publish","type":"page","link":"https:\/\/blogit.gradia.fi\/sahkonet\/sahko-ja-automaatioasennukset\/","title":{"rendered":"S\u00e4hk\u00f6- ja automaatioasennukset (20ov)"},"content":{"rendered":"<h3>Yleist\u00e4:<\/h3>\n<p>S\u00e4hk\u00f6- ja automaatioasennuksen tutkinnon osa on ns. pakollinen tutkinnon osa, jonka jokaisen s\u00e4hk\u00f6- tai automaatioasentajan tulee suorittaa.<\/p>\n<p>Tutkinnon osa sis\u00e4lt\u00e4\u00e4 seuraavat kurssit:<\/p>\n<ul>\n<li>Kiinteist\u00f6jen s\u00e4hk\u00f6- ja automaatioasennukset<\/li>\n<li>Teollisuuden s\u00e4hk\u00f6- ja automaatioasennukset<\/li>\n<li>Turvallisuus<\/li>\n<\/ul>\n<h5>Kiinteist\u00f6jen s\u00e4hk\u00f6- ja automaatioasennukset<\/h5>\n<p>Kurssi sis\u00e4lt\u00e4\u00e4 perusteet huoneisto tason s\u00e4hk\u00f6asennuksista. Kursilla k\u00e4yd\u00e4\u00e4n l\u00e4pi seuraavia osa-alueita:<\/p>\n<ul>\n<li>Sis\u00e4johtoasennus tarvikkeet<\/li>\n<li>Uppoasennuskalusteet<\/li>\n<li>Ty\u00f6menetelmi\u00e4 sis\u00e4johtoasennuksissa<\/li>\n<li>Yleisimm\u00e4t valaistus ja pistorasia asennukset<\/li>\n<li>Linjasaneeraus<\/li>\n<li>Johtokouru ja -lista asennukset<\/li>\n<li>Hybridi valokuitup\u00e4\u00e4te<\/li>\n<li>Valaisinripustuskisko asennukset<\/li>\n<li>Asennusdokumenttien korjaus (punakyn\u00e4)<\/li>\n<\/ul>\n<p>Osuuden n\u00e4ytt\u00f6 tehd\u00e4\u00e4n ty\u00f6ss\u00e4oppimisjakson yhteydess\u00e4.<\/p>\n<h5>Teollisuuden s\u00e4hk\u00f6- ja automaatioasennukset<\/h5>\n<p>Kurssi sis\u00e4lt\u00e4\u00e4 perusteet teollisuuden moottoriasennuksista, hydrauliikka- ja pneumatiikka asennuksista sek\u00e4 logiikkaohjauksista. Kursilla k\u00e4yd\u00e4\u00e4n l\u00e4pi seuraavia osa-alueita:<\/p>\n<ul>\n<li>Kolmivaihej\u00e4rjestelm\u00e4n sovelluksia (laskuteht\u00e4vi\u00e4)<\/li>\n<li>Moottori k\u00e4yt\u00f6t\n<ul>\n<li>Suora k\u00e4ynnistys<\/li>\n<li>Suunnanvaihto k\u00e4ynnistys<\/li>\n<li>Taajuusmuuttaja ohjaus<\/li>\n<li>Pehmok\u00e4ynnistin<\/li>\n<li>Erilaiset soveltavat k\u00e4yt\u00f6t\/ohjaukset<\/li>\n<\/ul>\n<\/li>\n<li>Kaapeli- ja lankahyllyjen asennukset<\/li>\n<li>Moottorin kunnon tutkinta<\/li>\n<li>Hydrauliikka- ja pneumatiikka-asennukset<\/li>\n<li>PLC-ohjaukset<\/li>\n<\/ul>\n<p>Osuuden n\u00e4ytt\u00f6 tehd\u00e4\u00e4n oppilaitoksessa.<\/p>\n<h5>Turvallisuus<\/h5>\n<p>Turvallisuus osiossa k\u00e4yd\u00e4\u00e4n Liikenneviraston virallinen Tieturva 1-kurssi, joka oikeuttaa ty\u00f6skentelem\u00e4\u00e4n Liikenneviraston (eli valtion) tiety\u00f6mailla tai tieosuuksilla jonka omistajana Liikennevirasto on. S\u00e4hk\u00f6- ja automaatioasentajilta vaaditaan ko. p\u00e4tevyys jos he esim. rakentavat s\u00e4hk\u00f6verkostoa tiealuella tai esim. kunnostavat tiealueen s\u00e4hk\u00f6verkostoa.<\/p>\n<p>Tieturva 1 -kurssi kest\u00e4\u00e4 8h. Kurssi sis\u00e4lt\u00e4\u00e4 kokeen, joka on suoritettava hyv\u00e4ksytysti.<\/p>\n","protected":false},"excerpt":{"rendered":"<p>Yleist\u00e4: S\u00e4hk\u00f6- ja automaatioasennuksen tutkinnon osa on ns. pakollinen tutkinnon osa, jonka jokaisen s\u00e4hk\u00f6- tai automaatioasentajan tulee suorittaa. Tutkinnon osa sis\u00e4lt\u00e4\u00e4 seuraavat kurssit: Kiinteist\u00f6jen s\u00e4hk\u00f6- ja automaatioasennukset Teollisuuden s\u00e4hk\u00f6- ja automaatioasennukset Turvallisuus Kiinteist\u00f6jen s\u00e4hk\u00f6- ja automaatioasennukset Kurssi sis\u00e4lt\u00e4\u00e4 perusteet huoneisto tason s\u00e4hk\u00f6asennuksista. Kursilla k\u00e4yd\u00e4\u00e4n l\u00e4pi seuraavia osa-alueita: Sis\u00e4johtoasennus tarvikkeet Uppoasennuskalusteet Ty\u00f6menetelmi\u00e4 sis\u00e4johtoasennuksissa Yleisimm\u00e4t valaistus ja &hellip; <a href=\"https:\/\/blogit.gradia.fi\/sahkonet\/sahko-ja-automaatioasennukset\/\" class=\"more-link\">Jatka lukemista <span class=\"screen-reader-text\">S\u00e4hk\u00f6- ja automaatioasennukset (20ov)<\/span> <span class=\"meta-nav\">&rarr;<\/span><\/a><\/p>\n","protected":false},"author":153,"featured_media":0,"parent":0,"menu_order":2,"comment_status":"closed","ping_status":"closed","template":"","meta":{"_uag_custom_page_level_css":"","footnotes":""},"class_list":["post-2","page","type-page","status-publish","hentry"],"yoast_head":"<!-- This site is optimized with the Yoast SEO plugin v27.4 - https:\/\/yoast.com\/product\/yoast-seo-wordpress\/ -->\n<title>S\u00e4hk\u00f6- ja automaatioasennukset (20ov) - S\u00e4hk\u00f6Net<\/title>\n<meta name=\"robots\" content=\"index, follow, max-snippet:-1, max-image-preview:large, max-video-preview:-1\" \/>\n<link rel=\"canonical\" href=\"https:\/\/blogit.gradia.fi\/sahkonet\/sahko-ja-automaatioasennukset\/\" \/>\n<meta property=\"og:locale\" content=\"fi_FI\" \/>\n<meta property=\"og:type\" content=\"article\" \/>\n<meta property=\"og:title\" content=\"S\u00e4hk\u00f6- ja automaatioasennukset (20ov) - S\u00e4hk\u00f6Net\" \/>\n<meta property=\"og:description\" content=\"Yleist\u00e4: S\u00e4hk\u00f6- ja automaatioasennuksen tutkinnon osa on ns. pakollinen tutkinnon osa, jonka jokaisen s\u00e4hk\u00f6- tai automaatioasentajan tulee suorittaa. Tutkinnon osa sis\u00e4lt\u00e4\u00e4 seuraavat kurssit: Kiinteist\u00f6jen s\u00e4hk\u00f6- ja automaatioasennukset Teollisuuden s\u00e4hk\u00f6- ja automaatioasennukset Turvallisuus Kiinteist\u00f6jen s\u00e4hk\u00f6- ja automaatioasennukset Kurssi sis\u00e4lt\u00e4\u00e4 perusteet huoneisto tason s\u00e4hk\u00f6asennuksista. Kursilla k\u00e4yd\u00e4\u00e4n l\u00e4pi seuraavia osa-alueita: Sis\u00e4johtoasennus tarvikkeet Uppoasennuskalusteet Ty\u00f6menetelmi\u00e4 sis\u00e4johtoasennuksissa Yleisimm\u00e4t valaistus ja &hellip; Jatka lukemista S\u00e4hk\u00f6- ja automaatioasennukset (20ov) &rarr;\" \/>\n<meta property=\"og:url\" content=\"https:\/\/blogit.gradia.fi\/sahkonet\/sahko-ja-automaatioasennukset\/\" \/>\n<meta property=\"og:site_name\" content=\"S\u00e4hk\u00f6Net\" \/>\n<meta property=\"article:modified_time\" content=\"2014-10-15T06:32:11+00:00\" \/>\n<meta name=\"twitter:card\" content=\"summary_large_image\" \/>\n<meta name=\"twitter:label1\" content=\"Arvioitu lukuaika\" \/>\n\t<meta name=\"twitter:data1\" content=\"1 minuutti\" \/>\n<script type=\"application\/ld+json\" class=\"yoast-schema-graph\">{\"@context\":\"https:\\\/\\\/schema.org\",\"@graph\":[{\"@type\":\"WebPage\",\"@id\":\"https:\\\/\\\/blogit.gradia.fi\\\/sahkonet\\\/sahko-ja-automaatioasennukset\\\/\",\"url\":\"https:\\\/\\\/blogit.gradia.fi\\\/sahkonet\\\/sahko-ja-automaatioasennukset\\\/\",\"name\":\"S\u00e4hk\u00f6- ja automaatioasennukset (20ov) - S\u00e4hk\u00f6Net\",\"isPartOf\":{\"@id\":\"https:\\\/\\\/blogit.gradia.fi\\\/sahkonet\\\/#website\"},\"datePublished\":\"2013-09-23T08:41:18+00:00\",\"dateModified\":\"2014-10-15T06:32:11+00:00\",\"inLanguage\":\"fi\",\"potentialAction\":[{\"@type\":\"ReadAction\",\"target\":[\"https:\\\/\\\/blogit.gradia.fi\\\/sahkonet\\\/sahko-ja-automaatioasennukset\\\/\"]}]},{\"@type\":\"WebSite\",\"@id\":\"https:\\\/\\\/blogit.gradia.fi\\\/sahkonet\\\/#website\",\"url\":\"https:\\\/\\\/blogit.gradia.fi\\\/sahkonet\\\/\",\"name\":\"S\u00e4hk\u00f6Net\",\"description\":\"S\u00e4hk\u00f6- ja automaatiotekniikan perustutkinto\",\"potentialAction\":[{\"@type\":\"SearchAction\",\"target\":{\"@type\":\"EntryPoint\",\"urlTemplate\":\"https:\\\/\\\/blogit.gradia.fi\\\/sahkonet\\\/?s={search_term_string}\"},\"query-input\":{\"@type\":\"PropertyValueSpecification\",\"valueRequired\":true,\"valueName\":\"search_term_string\"}}],\"inLanguage\":\"fi\"}]}<\/script>\n<!-- \/ Yoast SEO plugin. -->","yoast_head_json":{"title":"S\u00e4hk\u00f6- ja automaatioasennukset (20ov) - S\u00e4hk\u00f6Net","robots":{"index":"index","follow":"follow","max-snippet":"max-snippet:-1","max-image-preview":"max-image-preview:large","max-video-preview":"max-video-preview:-1"},"canonical":"https:\/\/blogit.gradia.fi\/sahkonet\/sahko-ja-automaatioasennukset\/","og_locale":"fi_FI","og_type":"article","og_title":"S\u00e4hk\u00f6- ja automaatioasennukset (20ov) - S\u00e4hk\u00f6Net","og_description":"Yleist\u00e4: S\u00e4hk\u00f6- ja automaatioasennuksen tutkinnon osa on ns. pakollinen tutkinnon osa, jonka jokaisen s\u00e4hk\u00f6- tai automaatioasentajan tulee suorittaa. Tutkinnon osa sis\u00e4lt\u00e4\u00e4 seuraavat kurssit: Kiinteist\u00f6jen s\u00e4hk\u00f6- ja automaatioasennukset Teollisuuden s\u00e4hk\u00f6- ja automaatioasennukset Turvallisuus Kiinteist\u00f6jen s\u00e4hk\u00f6- ja automaatioasennukset Kurssi sis\u00e4lt\u00e4\u00e4 perusteet huoneisto tason s\u00e4hk\u00f6asennuksista. Kursilla k\u00e4yd\u00e4\u00e4n l\u00e4pi seuraavia osa-alueita: Sis\u00e4johtoasennus tarvikkeet Uppoasennuskalusteet Ty\u00f6menetelmi\u00e4 sis\u00e4johtoasennuksissa Yleisimm\u00e4t valaistus ja &hellip; Jatka lukemista S\u00e4hk\u00f6- ja automaatioasennukset (20ov) &rarr;","og_url":"https:\/\/blogit.gradia.fi\/sahkonet\/sahko-ja-automaatioasennukset\/","og_site_name":"S\u00e4hk\u00f6Net","article_modified_time":"2014-10-15T06:32:11+00:00","twitter_card":"summary_large_image","twitter_misc":{"Arvioitu lukuaika":"1 minuutti"},"schema":{"@context":"https:\/\/schema.org","@graph":[{"@type":"WebPage","@id":"https:\/\/blogit.gradia.fi\/sahkonet\/sahko-ja-automaatioasennukset\/","url":"https:\/\/blogit.gradia.fi\/sahkonet\/sahko-ja-automaatioasennukset\/","name":"S\u00e4hk\u00f6- ja automaatioasennukset (20ov) - S\u00e4hk\u00f6Net","isPartOf":{"@id":"https:\/\/blogit.gradia.fi\/sahkonet\/#website"},"datePublished":"2013-09-23T08:41:18+00:00","dateModified":"2014-10-15T06:32:11+00:00","inLanguage":"fi","potentialAction":[{"@type":"ReadAction","target":["https:\/\/blogit.gradia.fi\/sahkonet\/sahko-ja-automaatioasennukset\/"]}]},{"@type":"WebSite","@id":"https:\/\/blogit.gradia.fi\/sahkonet\/#website","url":"https:\/\/blogit.gradia.fi\/sahkonet\/","name":"S\u00e4hk\u00f6Net","description":"S\u00e4hk\u00f6- ja automaatiotekniikan perustutkinto","potentialAction":[{"@type":"SearchAction","target":{"@type":"EntryPoint","urlTemplate":"https:\/\/blogit.gradia.fi\/sahkonet\/?s={search_term_string}"},"query-input":{"@type":"PropertyValueSpecification","valueRequired":true,"valueName":"search_term_string"}}],"inLanguage":"fi"}]}},"uagb_featured_image_src":{"full":false,"thumbnail":false,"medium":false,"medium_large":false,"large":false,"1536x1536":false,"2048x2048":false,"post-thumbnail":false,"twentyfourteen-full-width":false},"uagb_author_info":{"display_name":"Minna Puoliv\u00e4li","author_link":"https:\/\/blogit.gradia.fi\/sahkonet\/author\/puolimin\/"},"uagb_comment_info":0,"uagb_excerpt":"Yleist\u00e4: S\u00e4hk\u00f6- ja automaatioasennuksen tutkinnon osa on ns. pakollinen tutkinnon osa, jonka jokaisen s\u00e4hk\u00f6- tai automaatioasentajan tulee suorittaa. Tutkinnon osa sis\u00e4lt\u00e4\u00e4 seuraavat kurssit: Kiinteist\u00f6jen s\u00e4hk\u00f6- ja automaatioasennukset Teollisuuden s\u00e4hk\u00f6- ja automaatioasennukset Turvallisuus Kiinteist\u00f6jen s\u00e4hk\u00f6- ja automaatioasennukset Kurssi sis\u00e4lt\u00e4\u00e4 perusteet huoneisto tason s\u00e4hk\u00f6asennuksista. Kursilla k\u00e4yd\u00e4\u00e4n l\u00e4pi seuraavia osa-alueita: Sis\u00e4johtoasennus tarvikkeet Uppoasennuskalusteet Ty\u00f6menetelmi\u00e4 sis\u00e4johtoasennuksissa Yleisimm\u00e4t valaistus ja&hellip;","_links":{"self":[{"href":"https:\/\/blogit.gradia.fi\/sahkonet\/wp-json\/wp\/v2\/pages\/2","targetHints":{"allow":["GET"]}}],"collection":[{"href":"https:\/\/blogit.gradia.fi\/sahkonet\/wp-json\/wp\/v2\/pages"}],"about":[{"href":"https:\/\/blogit.gradia.fi\/sahkonet\/wp-json\/wp\/v2\/types\/page"}],"author":[{"embeddable":true,"href":"https:\/\/blogit.gradia.fi\/sahkonet\/wp-json\/wp\/v2\/users\/153"}],"replies":[{"embeddable":true,"href":"https:\/\/blogit.gradia.fi\/sahkonet\/wp-json\/wp\/v2\/comments?post=2"}],"version-history":[{"count":0,"href":"https:\/\/blogit.gradia.fi\/sahkonet\/wp-json\/wp\/v2\/pages\/2\/revisions"}],"wp:attachment":[{"href":"https:\/\/blogit.gradia.fi\/sahkonet\/wp-json\/wp\/v2\/media?parent=2"}],"curies":[{"name":"wp","href":"https:\/\/api.w.org\/{rel}","templated":true}]}}