{"id":198,"date":"2014-07-24T11:06:47","date_gmt":"2014-07-24T08:06:47","guid":{"rendered":"https:\/\/blogit.gradia.fi\/sahkonet\/?page_id=198"},"modified":"2015-03-03T14:06:23","modified_gmt":"2015-03-03T12:06:23","slug":"aineistotehtavat","status":"publish","type":"page","link":"https:\/\/blogit.gradia.fi\/sahkonet\/sahko-ja-energiatekniikka\/oppimistehtavat\/sahkontuotanto-ja-jakelujarjestelmat-seka-pienjanniteverkostot-1kv\/aineistotehtavat\/","title":{"rendered":"Aineistoteht\u00e4v\u00e4t"},"content":{"rendered":"<p>25.10.2014<br \/>\nJari Peura<\/p>\n<h3><span style=\"text-decoration: underline\">Oppimisteht\u00e4v\u00e4t liittyv\u00e4t seuraaviin opintoihin:<\/span><\/h3>\n<p><strong><span style=\"text-decoration: underline\">Tutkinnon osan nimi:<\/span><\/strong>\u00a0S\u00e4hk\u00f6- ja energiatekniikka<br \/>\n<strong><span style=\"text-decoration: underline\">Opintojakson nimi:<\/span><\/strong>\u00a0S\u00e4hk\u00f6n tuotanto ja -jakeluj\u00e4rjestelm\u00e4t sek\u00e4 pienj\u00e4nniteverkostot (&lt;1kV)<br \/>\n<span style=\"text-decoration: underline\"><strong>Opintojakson kesto:<\/strong><\/span> 2 ov<br \/>\n<span style=\"text-decoration: underline\"><strong>Oppimisteht\u00e4v\u00e4n nimi:<\/strong><\/span>\u00a0S\u00e4hk\u00f6n tuotanto ja -jakeluj\u00e4rjestelm\u00e4t sek\u00e4 pienj\u00e4nniteverkostot (&lt;1kV) Aineistoteht\u00e4v\u00e4t<br \/>\n<strong><span style=\"text-decoration: underline\">Vastuu opettaja(t):<\/span><\/strong>\u00a0Jari Peura<\/p>\n<p>Oppimisteht\u00e4v\u00e4t:<\/p>\n<ul>\n<ul>\n<li><a title=\"SEOT50, S\u00e4hk\u00f6n tuotanto\" href=\"https:\/\/blogit.gradia.fi\/sahkonet\/sahko-ja-energiatekniikka\/oppimistehtavat\/sahkontuotanto-ja-jakelujarjestelmat-seka-pienjanniteverkostot-1kv\/aineistotehtavat\/seot50_sahkontuotanto\/\" target=\"_blank\">SEOT50, S\u00e4hk\u00f6n tuotanto<\/a><\/li>\n<li><a title=\"SEOT51, Voimalaitokset\" href=\"https:\/\/blogit.gradia.fi\/sahkonet\/sahko-ja-energiatekniikka\/oppimistehtavat\/sahkontuotanto-ja-jakelujarjestelmat-seka-pienjanniteverkostot-1kv\/aineistotehtavat\/seot51-voimalaitokset\/\" target=\"_blank\">SEOT51, Voimalaitokset<\/a><\/li>\n<li><a title=\"SEOT52, Jakeluj\u00e4rjestelm\u00e4n rakenne\" href=\"https:\/\/blogit.gradia.fi\/sahkonet\/sahko-ja-energiatekniikka\/oppimistehtavat\/sahkontuotanto-ja-jakelujarjestelmat-seka-pienjanniteverkostot-1kv\/aineistotehtavat\/seot52-jakelujarjestelman-rakenne\/\" target=\"_blank\">SEOT52, Jakeluj\u00e4rjestelm\u00e4n rakenne<\/a><\/li>\n<li><a title=\"SEOT53, Ilmajohtoverkostoty\u00f6t\" href=\"https:\/\/blogit.gradia.fi\/sahkonet\/sahko-ja-energiatekniikka\/oppimistehtavat\/sahkontuotanto-ja-jakelujarjestelmat-seka-pienjanniteverkostot-1kv\/aineistotehtavat\/seot53-ilmajohtoverkostotyot\/\" target=\"_blank\">SEOT53,\u00a0<span style=\"line-height: 1.5\">Ilmajohtoverkostoty\u00f6t<\/span><\/a><\/li>\n<li><a title=\"SEOT54, Maakaapeliverkostoty\u00f6t\" href=\"https:\/\/blogit.gradia.fi\/sahkonet\/sahko-ja-energiatekniikka\/oppimistehtavat\/sahkontuotanto-ja-jakelujarjestelmat-seka-pienjanniteverkostot-1kv\/aineistotehtavat\/seot54-maakaapeliverkostotyot\/\" target=\"_blank\">SEOT54, Maakaapeliverkostoty\u00f6t<\/a><\/li>\n<li><a title=\"SEOT55, Ty\u00f6maas\u00e4hk\u00f6istys\" href=\"https:\/\/blogit.gradia.fi\/sahkonet\/sahko-ja-energiatekniikka\/oppimistehtavat\/sahkontuotanto-ja-jakelujarjestelmat-seka-pienjanniteverkostot-1kv\/aineistotehtavat\/seot55-tyomaasahkoistys\/\" target=\"_blank\">SEOT55,\u00a0Ty\u00f6maas\u00e4hk\u00f6istys<\/a><\/li>\n<li><a title=\"SEOT56, Energianmittaus\" href=\"https:\/\/blogit.gradia.fi\/sahkonet\/sahko-ja-energiatekniikka\/oppimistehtavat\/sahkontuotanto-ja-jakelujarjestelmat-seka-pienjanniteverkostot-1kv\/aineistotehtavat\/seot56-energianmittaus\/\" target=\"_blank\">SEOT56,\u00a0Energianmittaus<\/a><\/li>\n<\/ul>\n<\/ul>\n<h3><span style=\"text-decoration: underline\">\u00a0TAVOITE:<\/span><\/h3>\n<ul>\n<ul>\n<ul>\n<li>Oppimisteht\u00e4vien j\u00e4lkeen opiskelija:\n<ul>\n<li>tiet\u00e4\u00e4 kuinka s\u00e4hk\u00f6n tuotanto on toteutettu Suomessa<\/li>\n<li>tiet\u00e4\u00e4 eri voimalaitostyypit ja k\u00e4ytt\u00f6tarkoitukset<\/li>\n<li>tiet\u00e4\u00e4 valtakunnallisen s\u00e4hk\u00f6njakelun periaatteen ja eri siirto- ja jakeluj\u00e4nnitteet<\/li>\n<li>tiet\u00e4\u00e4 s\u00e4hk\u00f6n siirto- ja jakeluverkoissa k\u00e4ytett\u00e4v\u00e4t p\u00e4\u00e4komponentit<\/li>\n<li>osaa selvitt\u00e4\u00e4 s\u00e4hk\u00f6n siirron voimalaitokselta kuluttajalle<\/li>\n<li>tiet\u00e4\u00e4 pienj\u00e4nniteverkoston rakenteet, k\u00e4ytett\u00e4v\u00e4t komponenti sek\u00e4 asennuksien kulun<\/li>\n<li>tiet\u00e4\u00e4 kuinka pienj\u00e4nniteliittym\u00e4 rakennettaan<\/li>\n<li>tiet\u00e4\u00e4 ty\u00f6maas\u00e4hk\u00f6istyksen vaatimukset sek\u00e4 k\u00e4ytett\u00e4v\u00e4t p\u00e4\u00e4komponentit<\/li>\n<li>tiet\u00e4\u00e4 energiamittauksen periaatteet ja k\u00e4ytett\u00e4v\u00e4t mittaustavat<\/li>\n<\/ul>\n<p>&nbsp;<\/li>\n<\/ul>\n<\/ul>\n<\/ul>\n<h3><span style=\"text-decoration: underline\">TAUSTA TIETOA:<\/span><\/h3>\n<ul>\n<li>S\u00e4hk\u00f6verkkoasennukset, Markku Monni<\/li>\n<li>www.energia.fi<\/li>\n<li>www.finngrid.fi<\/li>\n<li>S\u00e4hk\u00f6n tuottajien, s\u00e4hk\u00f6verkostojenhaltjoiden ja verkostourakoitsijoiden materiaalit<\/li>\n<li>Laitteisto- ja laitetoimittajien materiaalit<\/li>\n<\/ul>\n<h3>S\u00c4HK\u00d6TURVALLISUUS:<\/h3>\n<p>N\u00e4iden opintojen yhteydess\u00e4 tutustutaan verkostoasennuksien, pienj\u00e4nniteliittymien ja ty\u00f6maas\u00e4hk\u00f6istyksen s\u00e4hk\u00f6- ja ty\u00f6turvallisuus standardeihin ja asetuksiin.<\/p>\n<p>Asennusteht\u00e4vien yhteydess\u00e4 kiinnitett\u00e4\u00e4n erityist\u00e4 huomiota s\u00e4hk\u00f6ty\u00f6turvallisuuteen sek\u00e4 k\u00e4ytt\u00f6\u00f6nottotarkastusten tekoon.<\/p>\n<h3>TEHT\u00c4VIEN PALAUTUS:<\/h3>\n<h5><span style=\"line-height: 1.3333333333\">Itsen\u00e4iset oppimisteht\u00e4v\u00e4t:<\/span><\/h5>\n<ul>\n<ul>\n<ul>\n<li><span style=\"line-height: 1.5\">Lue\/katso ensin tausta tiedot ja tee sen j\u00e4lkeen teht\u00e4v\u00e4t.<\/span><\/li>\n<li>Kun opiskelija on tehnyt teht\u00e4v\u00e4t h\u00e4n n\u00e4ytt\u00e4\u00e4 ne opettajalle -&gt; opettaja kirjaa suoritusmerkinn\u00e4n wilmaan.<\/li>\n<\/ul>\n<\/ul>\n<\/ul>\n<h5>Tiimin oppimisteht\u00e4v\u00e4t:<\/h5>\n<ul>\n<ul>\n<ul>\n<li>Tiimin oppimisteht\u00e4vist\u00e4 jokainen opiskelija tekee blogi p\u00e4ivityksen omaan blogiinsa = oppimisp\u00e4iv\u00e4kirja\n<ul>\n<li>Videoita, kuvia ja teksti\u00e4<\/li>\n<\/ul>\n<\/li>\n<li>Oppimisteht\u00e4vien edetess\u00e4 tehd\u00e4\u00e4n k\u00e4ytt\u00f6\u00f6nottotarkastukset SFS6002 ohjeiden mukaisesti.<\/li>\n<li>Oppimisteht\u00e4v\u00e4n ollessa valmis se tarkastutetaan ohjaavalla opettajalla.<\/li>\n<li>Opettajan annetua lupa, tiimi purkaa asennukset, vie tarviikkeet paikalleen ja siivoa ty\u00f6pisteen -&gt; Lopputarkastus opettajalla -&gt; Opettaja kirjaa t\u00e4ss\u00e4 vaiheessa suoritusmerkinn\u00e4t wilmaan.<\/li>\n<\/ul>\n<\/ul>\n<\/ul>\n<p>&nbsp;<\/p>\n","protected":false},"excerpt":{"rendered":"<p>25.10.2014 Jari Peura Oppimisteht\u00e4v\u00e4t liittyv\u00e4t seuraaviin opintoihin: Tutkinnon osan nimi:\u00a0S\u00e4hk\u00f6- ja energiatekniikka Opintojakson nimi:\u00a0S\u00e4hk\u00f6n tuotanto ja -jakeluj\u00e4rjestelm\u00e4t sek\u00e4 pienj\u00e4nniteverkostot (&lt;1kV) Opintojakson kesto: 2 ov Oppimisteht\u00e4v\u00e4n nimi:\u00a0S\u00e4hk\u00f6n tuotanto ja -jakeluj\u00e4rjestelm\u00e4t sek\u00e4 pienj\u00e4nniteverkostot (&lt;1kV) Aineistoteht\u00e4v\u00e4t Vastuu opettaja(t):\u00a0Jari Peura Oppimisteht\u00e4v\u00e4t: SEOT50, S\u00e4hk\u00f6n tuotanto SEOT51, Voimalaitokset SEOT52, Jakeluj\u00e4rjestelm\u00e4n rakenne SEOT53,\u00a0Ilmajohtoverkostoty\u00f6t SEOT54, Maakaapeliverkostoty\u00f6t SEOT55,\u00a0Ty\u00f6maas\u00e4hk\u00f6istys SEOT56,\u00a0Energianmittaus \u00a0TAVOITE: Oppimisteht\u00e4vien j\u00e4lkeen opiskelija: tiet\u00e4\u00e4 &hellip; <a href=\"https:\/\/blogit.gradia.fi\/sahkonet\/sahko-ja-energiatekniikka\/oppimistehtavat\/sahkontuotanto-ja-jakelujarjestelmat-seka-pienjanniteverkostot-1kv\/aineistotehtavat\/\" class=\"more-link\">Jatka lukemista <span class=\"screen-reader-text\">Aineistoteht\u00e4v\u00e4t<\/span> <span class=\"meta-nav\">&rarr;<\/span><\/a><\/p>\n","protected":false},"author":153,"featured_media":0,"parent":196,"menu_order":1,"comment_status":"closed","ping_status":"closed","template":"","meta":{"_uag_custom_page_level_css":"","footnotes":""},"class_list":["post-198","page","type-page","status-publish","hentry"],"yoast_head":"<!-- This site is optimized with the Yoast SEO plugin v27.4 - https:\/\/yoast.com\/product\/yoast-seo-wordpress\/ -->\n<title>Aineistoteht\u00e4v\u00e4t - S\u00e4hk\u00f6Net<\/title>\n<meta name=\"robots\" content=\"index, follow, max-snippet:-1, max-image-preview:large, max-video-preview:-1\" \/>\n<link rel=\"canonical\" href=\"https:\/\/blogit.gradia.fi\/sahkonet\/sahko-ja-energiatekniikka\/oppimistehtavat\/sahkontuotanto-ja-jakelujarjestelmat-seka-pienjanniteverkostot-1kv\/aineistotehtavat\/\" \/>\n<meta property=\"og:locale\" content=\"fi_FI\" \/>\n<meta property=\"og:type\" content=\"article\" \/>\n<meta property=\"og:title\" content=\"Aineistoteht\u00e4v\u00e4t - S\u00e4hk\u00f6Net\" \/>\n<meta property=\"og:description\" content=\"25.10.2014 Jari Peura Oppimisteht\u00e4v\u00e4t liittyv\u00e4t seuraaviin opintoihin: Tutkinnon osan nimi:\u00a0S\u00e4hk\u00f6- ja energiatekniikka Opintojakson nimi:\u00a0S\u00e4hk\u00f6n tuotanto ja -jakeluj\u00e4rjestelm\u00e4t sek\u00e4 pienj\u00e4nniteverkostot (&lt;1kV) Opintojakson kesto: 2 ov Oppimisteht\u00e4v\u00e4n nimi:\u00a0S\u00e4hk\u00f6n tuotanto ja -jakeluj\u00e4rjestelm\u00e4t sek\u00e4 pienj\u00e4nniteverkostot (&lt;1kV) Aineistoteht\u00e4v\u00e4t Vastuu opettaja(t):\u00a0Jari Peura Oppimisteht\u00e4v\u00e4t: SEOT50, S\u00e4hk\u00f6n tuotanto SEOT51, Voimalaitokset SEOT52, Jakeluj\u00e4rjestelm\u00e4n rakenne SEOT53,\u00a0Ilmajohtoverkostoty\u00f6t SEOT54, Maakaapeliverkostoty\u00f6t SEOT55,\u00a0Ty\u00f6maas\u00e4hk\u00f6istys SEOT56,\u00a0Energianmittaus \u00a0TAVOITE: Oppimisteht\u00e4vien j\u00e4lkeen opiskelija: tiet\u00e4\u00e4 &hellip; Jatka lukemista Aineistoteht\u00e4v\u00e4t &rarr;\" \/>\n<meta property=\"og:url\" content=\"https:\/\/blogit.gradia.fi\/sahkonet\/sahko-ja-energiatekniikka\/oppimistehtavat\/sahkontuotanto-ja-jakelujarjestelmat-seka-pienjanniteverkostot-1kv\/aineistotehtavat\/\" \/>\n<meta property=\"og:site_name\" content=\"S\u00e4hk\u00f6Net\" \/>\n<meta property=\"article:modified_time\" content=\"2015-03-03T12:06:23+00:00\" \/>\n<meta name=\"twitter:card\" content=\"summary_large_image\" \/>\n<meta name=\"twitter:label1\" content=\"Arvioitu lukuaika\" \/>\n\t<meta name=\"twitter:data1\" content=\"2 minuuttia\" \/>\n<script type=\"application\/ld+json\" class=\"yoast-schema-graph\">{\"@context\":\"https:\\\/\\\/schema.org\",\"@graph\":[{\"@type\":\"WebPage\",\"@id\":\"https:\\\/\\\/blogit.gradia.fi\\\/sahkonet\\\/sahko-ja-energiatekniikka\\\/oppimistehtavat\\\/sahkontuotanto-ja-jakelujarjestelmat-seka-pienjanniteverkostot-1kv\\\/aineistotehtavat\\\/\",\"url\":\"https:\\\/\\\/blogit.gradia.fi\\\/sahkonet\\\/sahko-ja-energiatekniikka\\\/oppimistehtavat\\\/sahkontuotanto-ja-jakelujarjestelmat-seka-pienjanniteverkostot-1kv\\\/aineistotehtavat\\\/\",\"name\":\"Aineistoteht\u00e4v\u00e4t - S\u00e4hk\u00f6Net\",\"isPartOf\":{\"@id\":\"https:\\\/\\\/blogit.gradia.fi\\\/sahkonet\\\/#website\"},\"datePublished\":\"2014-07-24T08:06:47+00:00\",\"dateModified\":\"2015-03-03T12:06:23+00:00\",\"breadcrumb\":{\"@id\":\"https:\\\/\\\/blogit.gradia.fi\\\/sahkonet\\\/sahko-ja-energiatekniikka\\\/oppimistehtavat\\\/sahkontuotanto-ja-jakelujarjestelmat-seka-pienjanniteverkostot-1kv\\\/aineistotehtavat\\\/#breadcrumb\"},\"inLanguage\":\"fi\",\"potentialAction\":[{\"@type\":\"ReadAction\",\"target\":[\"https:\\\/\\\/blogit.gradia.fi\\\/sahkonet\\\/sahko-ja-energiatekniikka\\\/oppimistehtavat\\\/sahkontuotanto-ja-jakelujarjestelmat-seka-pienjanniteverkostot-1kv\\\/aineistotehtavat\\\/\"]}]},{\"@type\":\"BreadcrumbList\",\"@id\":\"https:\\\/\\\/blogit.gradia.fi\\\/sahkonet\\\/sahko-ja-energiatekniikka\\\/oppimistehtavat\\\/sahkontuotanto-ja-jakelujarjestelmat-seka-pienjanniteverkostot-1kv\\\/aineistotehtavat\\\/#breadcrumb\",\"itemListElement\":[{\"@type\":\"ListItem\",\"position\":1,\"name\":\"S\u00e4hk\u00f6- ja energiatekniikka (20ov)\",\"item\":\"https:\\\/\\\/blogit.gradia.fi\\\/sahkonet\\\/sahko-ja-energiatekniikka\\\/\"},{\"@type\":\"ListItem\",\"position\":2,\"name\":\"Oppimisteht\u00e4v\u00e4t\",\"item\":\"https:\\\/\\\/blogit.gradia.fi\\\/sahkonet\\\/sahko-ja-energiatekniikka\\\/oppimistehtavat\\\/\"},{\"@type\":\"ListItem\",\"position\":3,\"name\":\"S\u00e4hk\u00f6ntuotanto ja -jakeluj\u00e4rjestelm\u00e4t sek\u00e4 pienj\u00e4nniteverkostot (&lt;1kV)\",\"item\":\"https:\\\/\\\/blogit.gradia.fi\\\/sahkonet\\\/sahko-ja-energiatekniikka\\\/oppimistehtavat\\\/sahkontuotanto-ja-jakelujarjestelmat-seka-pienjanniteverkostot-1kv\\\/\"},{\"@type\":\"ListItem\",\"position\":4,\"name\":\"Aineistoteht\u00e4v\u00e4t\"}]},{\"@type\":\"WebSite\",\"@id\":\"https:\\\/\\\/blogit.gradia.fi\\\/sahkonet\\\/#website\",\"url\":\"https:\\\/\\\/blogit.gradia.fi\\\/sahkonet\\\/\",\"name\":\"S\u00e4hk\u00f6Net\",\"description\":\"S\u00e4hk\u00f6- ja automaatiotekniikan perustutkinto\",\"potentialAction\":[{\"@type\":\"SearchAction\",\"target\":{\"@type\":\"EntryPoint\",\"urlTemplate\":\"https:\\\/\\\/blogit.gradia.fi\\\/sahkonet\\\/?s={search_term_string}\"},\"query-input\":{\"@type\":\"PropertyValueSpecification\",\"valueRequired\":true,\"valueName\":\"search_term_string\"}}],\"inLanguage\":\"fi\"}]}<\/script>\n<!-- \/ Yoast SEO plugin. -->","yoast_head_json":{"title":"Aineistoteht\u00e4v\u00e4t - S\u00e4hk\u00f6Net","robots":{"index":"index","follow":"follow","max-snippet":"max-snippet:-1","max-image-preview":"max-image-preview:large","max-video-preview":"max-video-preview:-1"},"canonical":"https:\/\/blogit.gradia.fi\/sahkonet\/sahko-ja-energiatekniikka\/oppimistehtavat\/sahkontuotanto-ja-jakelujarjestelmat-seka-pienjanniteverkostot-1kv\/aineistotehtavat\/","og_locale":"fi_FI","og_type":"article","og_title":"Aineistoteht\u00e4v\u00e4t - S\u00e4hk\u00f6Net","og_description":"25.10.2014 Jari Peura Oppimisteht\u00e4v\u00e4t liittyv\u00e4t seuraaviin opintoihin: Tutkinnon osan nimi:\u00a0S\u00e4hk\u00f6- ja energiatekniikka Opintojakson nimi:\u00a0S\u00e4hk\u00f6n tuotanto ja -jakeluj\u00e4rjestelm\u00e4t sek\u00e4 pienj\u00e4nniteverkostot (&lt;1kV) Opintojakson kesto: 2 ov Oppimisteht\u00e4v\u00e4n nimi:\u00a0S\u00e4hk\u00f6n tuotanto ja -jakeluj\u00e4rjestelm\u00e4t sek\u00e4 pienj\u00e4nniteverkostot (&lt;1kV) Aineistoteht\u00e4v\u00e4t Vastuu opettaja(t):\u00a0Jari Peura Oppimisteht\u00e4v\u00e4t: SEOT50, S\u00e4hk\u00f6n tuotanto SEOT51, Voimalaitokset SEOT52, Jakeluj\u00e4rjestelm\u00e4n rakenne SEOT53,\u00a0Ilmajohtoverkostoty\u00f6t SEOT54, Maakaapeliverkostoty\u00f6t SEOT55,\u00a0Ty\u00f6maas\u00e4hk\u00f6istys SEOT56,\u00a0Energianmittaus \u00a0TAVOITE: Oppimisteht\u00e4vien j\u00e4lkeen opiskelija: tiet\u00e4\u00e4 &hellip; Jatka lukemista Aineistoteht\u00e4v\u00e4t &rarr;","og_url":"https:\/\/blogit.gradia.fi\/sahkonet\/sahko-ja-energiatekniikka\/oppimistehtavat\/sahkontuotanto-ja-jakelujarjestelmat-seka-pienjanniteverkostot-1kv\/aineistotehtavat\/","og_site_name":"S\u00e4hk\u00f6Net","article_modified_time":"2015-03-03T12:06:23+00:00","twitter_card":"summary_large_image","twitter_misc":{"Arvioitu lukuaika":"2 minuuttia"},"schema":{"@context":"https:\/\/schema.org","@graph":[{"@type":"WebPage","@id":"https:\/\/blogit.gradia.fi\/sahkonet\/sahko-ja-energiatekniikka\/oppimistehtavat\/sahkontuotanto-ja-jakelujarjestelmat-seka-pienjanniteverkostot-1kv\/aineistotehtavat\/","url":"https:\/\/blogit.gradia.fi\/sahkonet\/sahko-ja-energiatekniikka\/oppimistehtavat\/sahkontuotanto-ja-jakelujarjestelmat-seka-pienjanniteverkostot-1kv\/aineistotehtavat\/","name":"Aineistoteht\u00e4v\u00e4t - S\u00e4hk\u00f6Net","isPartOf":{"@id":"https:\/\/blogit.gradia.fi\/sahkonet\/#website"},"datePublished":"2014-07-24T08:06:47+00:00","dateModified":"2015-03-03T12:06:23+00:00","breadcrumb":{"@id":"https:\/\/blogit.gradia.fi\/sahkonet\/sahko-ja-energiatekniikka\/oppimistehtavat\/sahkontuotanto-ja-jakelujarjestelmat-seka-pienjanniteverkostot-1kv\/aineistotehtavat\/#breadcrumb"},"inLanguage":"fi","potentialAction":[{"@type":"ReadAction","target":["https:\/\/blogit.gradia.fi\/sahkonet\/sahko-ja-energiatekniikka\/oppimistehtavat\/sahkontuotanto-ja-jakelujarjestelmat-seka-pienjanniteverkostot-1kv\/aineistotehtavat\/"]}]},{"@type":"BreadcrumbList","@id":"https:\/\/blogit.gradia.fi\/sahkonet\/sahko-ja-energiatekniikka\/oppimistehtavat\/sahkontuotanto-ja-jakelujarjestelmat-seka-pienjanniteverkostot-1kv\/aineistotehtavat\/#breadcrumb","itemListElement":[{"@type":"ListItem","position":1,"name":"S\u00e4hk\u00f6- ja energiatekniikka (20ov)","item":"https:\/\/blogit.gradia.fi\/sahkonet\/sahko-ja-energiatekniikka\/"},{"@type":"ListItem","position":2,"name":"Oppimisteht\u00e4v\u00e4t","item":"https:\/\/blogit.gradia.fi\/sahkonet\/sahko-ja-energiatekniikka\/oppimistehtavat\/"},{"@type":"ListItem","position":3,"name":"S\u00e4hk\u00f6ntuotanto ja -jakeluj\u00e4rjestelm\u00e4t sek\u00e4 pienj\u00e4nniteverkostot (&lt;1kV)","item":"https:\/\/blogit.gradia.fi\/sahkonet\/sahko-ja-energiatekniikka\/oppimistehtavat\/sahkontuotanto-ja-jakelujarjestelmat-seka-pienjanniteverkostot-1kv\/"},{"@type":"ListItem","position":4,"name":"Aineistoteht\u00e4v\u00e4t"}]},{"@type":"WebSite","@id":"https:\/\/blogit.gradia.fi\/sahkonet\/#website","url":"https:\/\/blogit.gradia.fi\/sahkonet\/","name":"S\u00e4hk\u00f6Net","description":"S\u00e4hk\u00f6- ja automaatiotekniikan perustutkinto","potentialAction":[{"@type":"SearchAction","target":{"@type":"EntryPoint","urlTemplate":"https:\/\/blogit.gradia.fi\/sahkonet\/?s={search_term_string}"},"query-input":{"@type":"PropertyValueSpecification","valueRequired":true,"valueName":"search_term_string"}}],"inLanguage":"fi"}]}},"uagb_featured_image_src":{"full":false,"thumbnail":false,"medium":false,"medium_large":false,"large":false,"1536x1536":false,"2048x2048":false,"post-thumbnail":false,"twentyfourteen-full-width":false},"uagb_author_info":{"display_name":"Minna Puoliv\u00e4li","author_link":"https:\/\/blogit.gradia.fi\/sahkonet\/author\/puolimin\/"},"uagb_comment_info":0,"uagb_excerpt":"25.10.2014 Jari Peura Oppimisteht\u00e4v\u00e4t liittyv\u00e4t seuraaviin opintoihin: Tutkinnon osan nimi:\u00a0S\u00e4hk\u00f6- ja energiatekniikka Opintojakson nimi:\u00a0S\u00e4hk\u00f6n tuotanto ja -jakeluj\u00e4rjestelm\u00e4t sek\u00e4 pienj\u00e4nniteverkostot (&lt;1kV) Opintojakson kesto: 2 ov Oppimisteht\u00e4v\u00e4n nimi:\u00a0S\u00e4hk\u00f6n tuotanto ja -jakeluj\u00e4rjestelm\u00e4t sek\u00e4 pienj\u00e4nniteverkostot (&lt;1kV) Aineistoteht\u00e4v\u00e4t Vastuu opettaja(t):\u00a0Jari Peura Oppimisteht\u00e4v\u00e4t: SEOT50, S\u00e4hk\u00f6n tuotanto SEOT51, Voimalaitokset SEOT52, Jakeluj\u00e4rjestelm\u00e4n rakenne SEOT53,\u00a0Ilmajohtoverkostoty\u00f6t SEOT54, Maakaapeliverkostoty\u00f6t SEOT55,\u00a0Ty\u00f6maas\u00e4hk\u00f6istys SEOT56,\u00a0Energianmittaus \u00a0TAVOITE: Oppimisteht\u00e4vien j\u00e4lkeen opiskelija: tiet\u00e4\u00e4&hellip;","_links":{"self":[{"href":"https:\/\/blogit.gradia.fi\/sahkonet\/wp-json\/wp\/v2\/pages\/198","targetHints":{"allow":["GET"]}}],"collection":[{"href":"https:\/\/blogit.gradia.fi\/sahkonet\/wp-json\/wp\/v2\/pages"}],"about":[{"href":"https:\/\/blogit.gradia.fi\/sahkonet\/wp-json\/wp\/v2\/types\/page"}],"author":[{"embeddable":true,"href":"https:\/\/blogit.gradia.fi\/sahkonet\/wp-json\/wp\/v2\/users\/153"}],"replies":[{"embeddable":true,"href":"https:\/\/blogit.gradia.fi\/sahkonet\/wp-json\/wp\/v2\/comments?post=198"}],"version-history":[{"count":0,"href":"https:\/\/blogit.gradia.fi\/sahkonet\/wp-json\/wp\/v2\/pages\/198\/revisions"}],"up":[{"embeddable":true,"href":"https:\/\/blogit.gradia.fi\/sahkonet\/wp-json\/wp\/v2\/pages\/196"}],"wp:attachment":[{"href":"https:\/\/blogit.gradia.fi\/sahkonet\/wp-json\/wp\/v2\/media?parent=198"}],"curies":[{"name":"wp","href":"https:\/\/api.w.org\/{rel}","templated":true}]}}