{"id":180,"date":"2014-05-01T13:30:23","date_gmt":"2014-05-01T10:30:23","guid":{"rendered":"https:\/\/blogit.gradia.fi\/sahkonet\/?page_id=180"},"modified":"2014-10-15T10:15:33","modified_gmt":"2014-10-15T07:15:33","slug":"tieturva-1","status":"publish","type":"page","link":"https:\/\/blogit.gradia.fi\/sahkonet\/sahko-ja-automaatioasennukset\/oppimistehtavat\/turvallisuus\/tieturva-1\/","title":{"rendered":"Tieturva 1"},"content":{"rendered":"<p>15.10.2014<br \/>\nJari Peura<\/p>\n<p>Tieturva 1-kurssi on virallinen Liikenneviraston kurssi, joka oikeuttaa ty\u00f6skentelem\u00e4\u00e4n Liikenneviraston (eli valtion) tiety\u00f6mailla tai tieosuuksilla jonka omistajana on Liikennevirasto (valtio).<\/p>\n<p>S\u00e4hk\u00f6- ja automaatioasentajilta vaaditaan ko. p\u00e4tevyys jos he esim. rakentavat s\u00e4hk\u00f6verkostoa tiealuella tai esim. kunnostavat tiealueen s\u00e4hk\u00f6verkostoa.<\/p>\n<p>Tieturva 1 -kurssi kest\u00e4\u00e4 8h. Kurssi sis\u00e4lt\u00e4\u00e4 kokeen, joka on suoritettava hyv\u00e4ksytysti.<\/p>\n<p>Kurssia ennen jaetaan virallinen kurssimateriaali (vihkonen), johon pit\u00e4\u00e4 tutustua ennen kurssia.<\/p>\n<p><span style=\"color: #ff0000\">Kurssin ajankohta ilmoitetaan opiskelijalle henkil\u00f6kohtaisella viestill\u00e4.<\/span><\/p>\n<p>Lis\u00e4tietoa ja -materiaali l\u00f6ytyy seuraavista linkeist\u00e4:<\/p>\n<p><a title=\"SPEK, TIETURVA 1 KURSSI\" href=\"http:\/\/www.spek.fi\/Suomeksi\/Koulutus\/Tieturvakoulutus\/Tieturva-1\" target=\"_blank\">SPEK, TIETURVA 1<\/a><\/p>\n<p><a title=\"TIETURVA 1 OPPIKIRJA\" href=\"http:\/\/www2.liikennevirasto.fi\/julkaisut\/pdf8\/lop_2014-03_tieturva_1_web.pdf\" target=\"_blank\">LIIKENNEVIRASTO, TIETURVA 1 OPPIKIRJA (laaja)<\/a><\/p>\n<p><a title=\"LIIKENNEVIRASTO\" href=\"http:\/\/portal.liikennevirasto.fi\/sivu\/www\/f\" target=\"_blank\"><img loading=\"lazy\" decoding=\"async\" class=\"wp-image-868 aligncenter\" alt=\"Liikennevirasto_logo\" src=\"https:\/\/blogit.gradia.fi\/sahkonet\/wp-content\/uploads\/sites\/80\/2014\/05\/Liikennevirasto_logo-263x300.jpg\" width=\"156\" height=\"178\" srcset=\"https:\/\/blogit.gradia.fi\/sahkonet\/wp-content\/uploads\/sites\/80\/2014\/05\/Liikennevirasto_logo-263x300.jpg 263w, https:\/\/blogit.gradia.fi\/sahkonet\/wp-content\/uploads\/sites\/80\/2014\/05\/Liikennevirasto_logo.jpg 299w\" sizes=\"auto, (max-width: 156px) 100vw, 156px\" \/><\/a><\/p>\n<p>&nbsp;<\/p>\n","protected":false},"excerpt":{"rendered":"<p>15.10.2014 Jari Peura Tieturva 1-kurssi on virallinen Liikenneviraston kurssi, joka oikeuttaa ty\u00f6skentelem\u00e4\u00e4n Liikenneviraston (eli valtion) tiety\u00f6mailla tai tieosuuksilla jonka omistajana on Liikennevirasto (valtio). S\u00e4hk\u00f6- ja automaatioasentajilta vaaditaan ko. p\u00e4tevyys jos he esim. rakentavat s\u00e4hk\u00f6verkostoa tiealuella tai esim. kunnostavat tiealueen s\u00e4hk\u00f6verkostoa. Tieturva 1 -kurssi kest\u00e4\u00e4 8h. Kurssi sis\u00e4lt\u00e4\u00e4 kokeen, joka on suoritettava hyv\u00e4ksytysti. Kurssia ennen jaetaan &hellip; <a href=\"https:\/\/blogit.gradia.fi\/sahkonet\/sahko-ja-automaatioasennukset\/oppimistehtavat\/turvallisuus\/tieturva-1\/\" class=\"more-link\">Jatka lukemista <span class=\"screen-reader-text\">Tieturva 1<\/span> <span class=\"meta-nav\">&rarr;<\/span><\/a><\/p>\n","protected":false},"author":153,"featured_media":0,"parent":74,"menu_order":0,"comment_status":"closed","ping_status":"closed","template":"","meta":{"_uag_custom_page_level_css":"","footnotes":""},"class_list":["post-180","page","type-page","status-publish","hentry"],"yoast_head":"<!-- This site is optimized with the Yoast SEO plugin v27.4 - https:\/\/yoast.com\/product\/yoast-seo-wordpress\/ -->\n<title>Tieturva 1 - S\u00e4hk\u00f6Net<\/title>\n<meta name=\"robots\" content=\"index, follow, max-snippet:-1, max-image-preview:large, max-video-preview:-1\" \/>\n<link rel=\"canonical\" href=\"https:\/\/blogit.gradia.fi\/sahkonet\/sahko-ja-automaatioasennukset\/oppimistehtavat\/turvallisuus\/tieturva-1\/\" \/>\n<meta property=\"og:locale\" content=\"fi_FI\" \/>\n<meta property=\"og:type\" content=\"article\" \/>\n<meta property=\"og:title\" content=\"Tieturva 1 - S\u00e4hk\u00f6Net\" \/>\n<meta property=\"og:description\" content=\"15.10.2014 Jari Peura Tieturva 1-kurssi on virallinen Liikenneviraston kurssi, joka oikeuttaa ty\u00f6skentelem\u00e4\u00e4n Liikenneviraston (eli valtion) tiety\u00f6mailla tai tieosuuksilla jonka omistajana on Liikennevirasto (valtio). S\u00e4hk\u00f6- ja automaatioasentajilta vaaditaan ko. p\u00e4tevyys jos he esim. rakentavat s\u00e4hk\u00f6verkostoa tiealuella tai esim. kunnostavat tiealueen s\u00e4hk\u00f6verkostoa. Tieturva 1 -kurssi kest\u00e4\u00e4 8h. Kurssi sis\u00e4lt\u00e4\u00e4 kokeen, joka on suoritettava hyv\u00e4ksytysti. Kurssia ennen jaetaan &hellip; Jatka lukemista Tieturva 1 &rarr;\" \/>\n<meta property=\"og:url\" content=\"https:\/\/blogit.gradia.fi\/sahkonet\/sahko-ja-automaatioasennukset\/oppimistehtavat\/turvallisuus\/tieturva-1\/\" \/>\n<meta property=\"og:site_name\" content=\"S\u00e4hk\u00f6Net\" \/>\n<meta property=\"article:modified_time\" content=\"2014-10-15T07:15:33+00:00\" \/>\n<meta property=\"og:image\" content=\"https:\/\/blogit.gradia.fi\/sahkonet\/wp-content\/uploads\/sites\/80\/2014\/05\/Liikennevirasto_logo-263x300.jpg\" \/>\n<meta name=\"twitter:card\" content=\"summary_large_image\" \/>\n<script type=\"application\/ld+json\" class=\"yoast-schema-graph\">{\"@context\":\"https:\\\/\\\/schema.org\",\"@graph\":[{\"@type\":\"WebPage\",\"@id\":\"https:\\\/\\\/blogit.gradia.fi\\\/sahkonet\\\/sahko-ja-automaatioasennukset\\\/oppimistehtavat\\\/turvallisuus\\\/tieturva-1\\\/\",\"url\":\"https:\\\/\\\/blogit.gradia.fi\\\/sahkonet\\\/sahko-ja-automaatioasennukset\\\/oppimistehtavat\\\/turvallisuus\\\/tieturva-1\\\/\",\"name\":\"Tieturva 1 - S\u00e4hk\u00f6Net\",\"isPartOf\":{\"@id\":\"https:\\\/\\\/blogit.gradia.fi\\\/sahkonet\\\/#website\"},\"primaryImageOfPage\":{\"@id\":\"https:\\\/\\\/blogit.gradia.fi\\\/sahkonet\\\/sahko-ja-automaatioasennukset\\\/oppimistehtavat\\\/turvallisuus\\\/tieturva-1\\\/#primaryimage\"},\"image\":{\"@id\":\"https:\\\/\\\/blogit.gradia.fi\\\/sahkonet\\\/sahko-ja-automaatioasennukset\\\/oppimistehtavat\\\/turvallisuus\\\/tieturva-1\\\/#primaryimage\"},\"thumbnailUrl\":\"https:\\\/\\\/blogit.gradia.fi\\\/sahkonet\\\/wp-content\\\/uploads\\\/sites\\\/80\\\/2014\\\/05\\\/Liikennevirasto_logo-263x300.jpg\",\"datePublished\":\"2014-05-01T10:30:23+00:00\",\"dateModified\":\"2014-10-15T07:15:33+00:00\",\"breadcrumb\":{\"@id\":\"https:\\\/\\\/blogit.gradia.fi\\\/sahkonet\\\/sahko-ja-automaatioasennukset\\\/oppimistehtavat\\\/turvallisuus\\\/tieturva-1\\\/#breadcrumb\"},\"inLanguage\":\"fi\",\"potentialAction\":[{\"@type\":\"ReadAction\",\"target\":[\"https:\\\/\\\/blogit.gradia.fi\\\/sahkonet\\\/sahko-ja-automaatioasennukset\\\/oppimistehtavat\\\/turvallisuus\\\/tieturva-1\\\/\"]}]},{\"@type\":\"ImageObject\",\"inLanguage\":\"fi\",\"@id\":\"https:\\\/\\\/blogit.gradia.fi\\\/sahkonet\\\/sahko-ja-automaatioasennukset\\\/oppimistehtavat\\\/turvallisuus\\\/tieturva-1\\\/#primaryimage\",\"url\":\"https:\\\/\\\/blogit.gradia.fi\\\/sahkonet\\\/wp-content\\\/uploads\\\/sites\\\/80\\\/2014\\\/05\\\/Liikennevirasto_logo.jpg\",\"contentUrl\":\"https:\\\/\\\/blogit.gradia.fi\\\/sahkonet\\\/wp-content\\\/uploads\\\/sites\\\/80\\\/2014\\\/05\\\/Liikennevirasto_logo.jpg\",\"width\":299,\"height\":341},{\"@type\":\"BreadcrumbList\",\"@id\":\"https:\\\/\\\/blogit.gradia.fi\\\/sahkonet\\\/sahko-ja-automaatioasennukset\\\/oppimistehtavat\\\/turvallisuus\\\/tieturva-1\\\/#breadcrumb\",\"itemListElement\":[{\"@type\":\"ListItem\",\"position\":1,\"name\":\"S\u00e4hk\u00f6- ja automaatioasennukset (20ov)\",\"item\":\"https:\\\/\\\/blogit.gradia.fi\\\/sahkonet\\\/sahko-ja-automaatioasennukset\\\/\"},{\"@type\":\"ListItem\",\"position\":2,\"name\":\"Oppimisteht\u00e4v\u00e4t\",\"item\":\"https:\\\/\\\/blogit.gradia.fi\\\/sahkonet\\\/sahko-ja-automaatioasennukset\\\/oppimistehtavat\\\/\"},{\"@type\":\"ListItem\",\"position\":3,\"name\":\"Turvallisuus\",\"item\":\"https:\\\/\\\/blogit.gradia.fi\\\/sahkonet\\\/sahko-ja-automaatioasennukset\\\/oppimistehtavat\\\/turvallisuus\\\/\"},{\"@type\":\"ListItem\",\"position\":4,\"name\":\"Tieturva 1\"}]},{\"@type\":\"WebSite\",\"@id\":\"https:\\\/\\\/blogit.gradia.fi\\\/sahkonet\\\/#website\",\"url\":\"https:\\\/\\\/blogit.gradia.fi\\\/sahkonet\\\/\",\"name\":\"S\u00e4hk\u00f6Net\",\"description\":\"S\u00e4hk\u00f6- ja automaatiotekniikan perustutkinto\",\"potentialAction\":[{\"@type\":\"SearchAction\",\"target\":{\"@type\":\"EntryPoint\",\"urlTemplate\":\"https:\\\/\\\/blogit.gradia.fi\\\/sahkonet\\\/?s={search_term_string}\"},\"query-input\":{\"@type\":\"PropertyValueSpecification\",\"valueRequired\":true,\"valueName\":\"search_term_string\"}}],\"inLanguage\":\"fi\"}]}<\/script>\n<!-- \/ Yoast SEO plugin. -->","yoast_head_json":{"title":"Tieturva 1 - S\u00e4hk\u00f6Net","robots":{"index":"index","follow":"follow","max-snippet":"max-snippet:-1","max-image-preview":"max-image-preview:large","max-video-preview":"max-video-preview:-1"},"canonical":"https:\/\/blogit.gradia.fi\/sahkonet\/sahko-ja-automaatioasennukset\/oppimistehtavat\/turvallisuus\/tieturva-1\/","og_locale":"fi_FI","og_type":"article","og_title":"Tieturva 1 - S\u00e4hk\u00f6Net","og_description":"15.10.2014 Jari Peura Tieturva 1-kurssi on virallinen Liikenneviraston kurssi, joka oikeuttaa ty\u00f6skentelem\u00e4\u00e4n Liikenneviraston (eli valtion) tiety\u00f6mailla tai tieosuuksilla jonka omistajana on Liikennevirasto (valtio). S\u00e4hk\u00f6- ja automaatioasentajilta vaaditaan ko. p\u00e4tevyys jos he esim. rakentavat s\u00e4hk\u00f6verkostoa tiealuella tai esim. kunnostavat tiealueen s\u00e4hk\u00f6verkostoa. Tieturva 1 -kurssi kest\u00e4\u00e4 8h. Kurssi sis\u00e4lt\u00e4\u00e4 kokeen, joka on suoritettava hyv\u00e4ksytysti. Kurssia ennen jaetaan &hellip; Jatka lukemista Tieturva 1 &rarr;","og_url":"https:\/\/blogit.gradia.fi\/sahkonet\/sahko-ja-automaatioasennukset\/oppimistehtavat\/turvallisuus\/tieturva-1\/","og_site_name":"S\u00e4hk\u00f6Net","article_modified_time":"2014-10-15T07:15:33+00:00","og_image":[{"url":"https:\/\/blogit.gradia.fi\/sahkonet\/wp-content\/uploads\/sites\/80\/2014\/05\/Liikennevirasto_logo-263x300.jpg","type":"","width":"","height":""}],"twitter_card":"summary_large_image","schema":{"@context":"https:\/\/schema.org","@graph":[{"@type":"WebPage","@id":"https:\/\/blogit.gradia.fi\/sahkonet\/sahko-ja-automaatioasennukset\/oppimistehtavat\/turvallisuus\/tieturva-1\/","url":"https:\/\/blogit.gradia.fi\/sahkonet\/sahko-ja-automaatioasennukset\/oppimistehtavat\/turvallisuus\/tieturva-1\/","name":"Tieturva 1 - S\u00e4hk\u00f6Net","isPartOf":{"@id":"https:\/\/blogit.gradia.fi\/sahkonet\/#website"},"primaryImageOfPage":{"@id":"https:\/\/blogit.gradia.fi\/sahkonet\/sahko-ja-automaatioasennukset\/oppimistehtavat\/turvallisuus\/tieturva-1\/#primaryimage"},"image":{"@id":"https:\/\/blogit.gradia.fi\/sahkonet\/sahko-ja-automaatioasennukset\/oppimistehtavat\/turvallisuus\/tieturva-1\/#primaryimage"},"thumbnailUrl":"https:\/\/blogit.gradia.fi\/sahkonet\/wp-content\/uploads\/sites\/80\/2014\/05\/Liikennevirasto_logo-263x300.jpg","datePublished":"2014-05-01T10:30:23+00:00","dateModified":"2014-10-15T07:15:33+00:00","breadcrumb":{"@id":"https:\/\/blogit.gradia.fi\/sahkonet\/sahko-ja-automaatioasennukset\/oppimistehtavat\/turvallisuus\/tieturva-1\/#breadcrumb"},"inLanguage":"fi","potentialAction":[{"@type":"ReadAction","target":["https:\/\/blogit.gradia.fi\/sahkonet\/sahko-ja-automaatioasennukset\/oppimistehtavat\/turvallisuus\/tieturva-1\/"]}]},{"@type":"ImageObject","inLanguage":"fi","@id":"https:\/\/blogit.gradia.fi\/sahkonet\/sahko-ja-automaatioasennukset\/oppimistehtavat\/turvallisuus\/tieturva-1\/#primaryimage","url":"https:\/\/blogit.gradia.fi\/sahkonet\/wp-content\/uploads\/sites\/80\/2014\/05\/Liikennevirasto_logo.jpg","contentUrl":"https:\/\/blogit.gradia.fi\/sahkonet\/wp-content\/uploads\/sites\/80\/2014\/05\/Liikennevirasto_logo.jpg","width":299,"height":341},{"@type":"BreadcrumbList","@id":"https:\/\/blogit.gradia.fi\/sahkonet\/sahko-ja-automaatioasennukset\/oppimistehtavat\/turvallisuus\/tieturva-1\/#breadcrumb","itemListElement":[{"@type":"ListItem","position":1,"name":"S\u00e4hk\u00f6- ja automaatioasennukset (20ov)","item":"https:\/\/blogit.gradia.fi\/sahkonet\/sahko-ja-automaatioasennukset\/"},{"@type":"ListItem","position":2,"name":"Oppimisteht\u00e4v\u00e4t","item":"https:\/\/blogit.gradia.fi\/sahkonet\/sahko-ja-automaatioasennukset\/oppimistehtavat\/"},{"@type":"ListItem","position":3,"name":"Turvallisuus","item":"https:\/\/blogit.gradia.fi\/sahkonet\/sahko-ja-automaatioasennukset\/oppimistehtavat\/turvallisuus\/"},{"@type":"ListItem","position":4,"name":"Tieturva 1"}]},{"@type":"WebSite","@id":"https:\/\/blogit.gradia.fi\/sahkonet\/#website","url":"https:\/\/blogit.gradia.fi\/sahkonet\/","name":"S\u00e4hk\u00f6Net","description":"S\u00e4hk\u00f6- ja automaatiotekniikan perustutkinto","potentialAction":[{"@type":"SearchAction","target":{"@type":"EntryPoint","urlTemplate":"https:\/\/blogit.gradia.fi\/sahkonet\/?s={search_term_string}"},"query-input":{"@type":"PropertyValueSpecification","valueRequired":true,"valueName":"search_term_string"}}],"inLanguage":"fi"}]}},"uagb_featured_image_src":{"full":false,"thumbnail":false,"medium":false,"medium_large":false,"large":false,"1536x1536":false,"2048x2048":false,"post-thumbnail":false,"twentyfourteen-full-width":false},"uagb_author_info":{"display_name":"Minna Puoliv\u00e4li","author_link":"https:\/\/blogit.gradia.fi\/sahkonet\/author\/puolimin\/"},"uagb_comment_info":0,"uagb_excerpt":"15.10.2014 Jari Peura Tieturva 1-kurssi on virallinen Liikenneviraston kurssi, joka oikeuttaa ty\u00f6skentelem\u00e4\u00e4n Liikenneviraston (eli valtion) tiety\u00f6mailla tai tieosuuksilla jonka omistajana on Liikennevirasto (valtio). S\u00e4hk\u00f6- ja automaatioasentajilta vaaditaan ko. p\u00e4tevyys jos he esim. rakentavat s\u00e4hk\u00f6verkostoa tiealuella tai esim. kunnostavat tiealueen s\u00e4hk\u00f6verkostoa. Tieturva 1 -kurssi kest\u00e4\u00e4 8h. Kurssi sis\u00e4lt\u00e4\u00e4 kokeen, joka on suoritettava hyv\u00e4ksytysti. Kurssia ennen jaetaan&hellip;","_links":{"self":[{"href":"https:\/\/blogit.gradia.fi\/sahkonet\/wp-json\/wp\/v2\/pages\/180","targetHints":{"allow":["GET"]}}],"collection":[{"href":"https:\/\/blogit.gradia.fi\/sahkonet\/wp-json\/wp\/v2\/pages"}],"about":[{"href":"https:\/\/blogit.gradia.fi\/sahkonet\/wp-json\/wp\/v2\/types\/page"}],"author":[{"embeddable":true,"href":"https:\/\/blogit.gradia.fi\/sahkonet\/wp-json\/wp\/v2\/users\/153"}],"replies":[{"embeddable":true,"href":"https:\/\/blogit.gradia.fi\/sahkonet\/wp-json\/wp\/v2\/comments?post=180"}],"version-history":[{"count":0,"href":"https:\/\/blogit.gradia.fi\/sahkonet\/wp-json\/wp\/v2\/pages\/180\/revisions"}],"up":[{"embeddable":true,"href":"https:\/\/blogit.gradia.fi\/sahkonet\/wp-json\/wp\/v2\/pages\/74"}],"wp:attachment":[{"href":"https:\/\/blogit.gradia.fi\/sahkonet\/wp-json\/wp\/v2\/media?parent=180"}],"curies":[{"name":"wp","href":"https:\/\/api.w.org\/{rel}","templated":true}]}}