{"id":1672,"date":"2017-05-09T14:02:33","date_gmt":"2017-05-09T11:02:33","guid":{"rendered":"https:\/\/blogit.gradia.fi\/sahkonet\/?page_id=1672"},"modified":"2017-05-09T14:04:05","modified_gmt":"2017-05-09T11:04:05","slug":"9-kameravalvonta","status":"publish","type":"page","link":"https:\/\/blogit.gradia.fi\/sahkonet\/kiinteistoautomaatio\/raspberry-pi-harjoitukset\/9-kameravalvonta\/","title":{"rendered":"9. Kameravalvonta"},"content":{"rendered":"<p>Pyyd\u00e4 opettajalta Logitechin web-kamera Logitechilta. Kameran malli on V-U0023 eli HD Webcam C525. Jotta web-kamera l\u00e4htee toimimaan sille pit\u00e4\u00e4 asentaa ohjelmaa Terminalista komennolla:<\/p>\n<pre>sudo apt-get install fswebcam<\/pre>\n<p>T\u00f6kk\u00e4\u00e4 kameran usb-liitin raspberryn usb-porttiin. Kuvan webkameralla voi ottaa kirjoittelemalla Terminalista komento:<\/p>\n<pre>cd \/var\/www\/html\/kamera \r\nfswebcam webcamimage.jpg<\/pre>\n<p>Kuvan resoluutiota voi muuttaa tarkenteella \u2013r vaikkapa seuraavasti:<\/p>\n<pre>fswebcam -r 1280x720 image2.jpg<\/pre>\n<p>Liiketunnistusta varten asennetaan Motion \u2013ohjelmisto<\/p>\n<pre>sudo apt-get install motion<\/pre>\n<h3>Automaattinen liikkeentunnistus<\/h3>\n<p>Toimiakseen liiketunnistuksessa ja tallentaakseen videota Motion-ohjelmiston asennuksen j\u00e4lkeen pit\u00e4\u00e4 tehd\u00e4 seuraavat toimet.<br \/>\nMuokataan ensin configuraatiotiedostoa:<\/p>\n<pre>sudo nano \/etc\/motion\/motion.conf<\/pre>\n<p>Tiedostossa on ainakin 600 rivi\u00e4, mutta seuraavat pit\u00e4\u00e4 muuttaa:<\/p>\n<p><em>daemon on #oletus off (voidaan ajaa taustalla)<\/em><br \/>\n<em>framerate 30 #default 2 (lis\u00e4t\u00e4\u00e4n frameratea)<\/em><br \/>\n<em>width 640 #oletus 320 (webkameran kyky\u00e4 vastaava)<\/em><br \/>\n<em>height 480 #oletus 240 (kts. width)threshold 2000 #oletus 1500 (*montako pixeli\u00e4 pit\u00e4\u00e4 muuttua kuvassa, jotta tunnistetaan liike)<\/em><br \/>\n<em>pre_capture 2 #oletus 0 (tallentaa 2 framea ennen kuin liike tunnistetaan)<\/em><br \/>\n<em>post_capture 5 #oletus 0<\/em><br \/>\n<em>output_normal off #oletus on (ei kuvia, vain videota)<\/em><br \/>\n<em>ffmpeg_video_codec msmpeg4 #oletus swf (windows media player -yhteensopiva)<\/em><br \/>\n<em>target_dir \/home\/pi\/motionvideos #oletus \/tmp\/motion (mihin videot tallennetaan)<\/em><br \/>\n<em>webcam_maxrate 5 #oletus 1 (nostetaan v\u00e4h\u00e4n frameratea on live streamissa)<\/em><br \/>\n<em>webcam_localhost off #oletus on (paikallisverkosta voi katsoa livestreamia)<\/em><br \/>\n<em>output_pictures on (tallentaa kuvia -&gt; picture filename \u201dlastsnap\u201d)<\/em><br \/>\n<em>picture_filename lastsnap (tallennetuksi j\u00e4\u00e4 viimeisin kuva videosta)<\/em><br \/>\n<em>ffmpeg_output_movies on (tallentaa videon)<\/em><br \/>\n<em>ffmpeg_video_codec msmpeg4 (avi-videoita)<\/em><\/p>\n<p>Tallenna ctrl+o ja poistu ctrl+x<br \/>\n(ctrl+W = etsi nano-editorissa)<\/p>\n<p>Kannattaa my\u00f6s tarkistaa, ett\u00e4 USB-kamera on valittu kameraksi.<\/p>\n<pre>videodevice \/dev\/video0<\/pre>\n<p>Komennolla \u201clsusb\u201d saa listan USB-laitteista.<\/p>\n<pre>pi@raspberrypi:~\/motionvideos $ lsusb\r\nBus 001 Device 007: ID 046d:0826 Logitech, Inc.<\/pre>\n<p>Tallennettaville videoille tarvitaan kansio ja sille oikeudet:<\/p>\n<pre>sudo mkdir \/home\/pi\/motionvideos\r\nsudo chown motion \/home\/pi\/motionvideos\r\nsudo chmod a+rwxt \/home\/pi\/motionvideos\/<\/pre>\n<p>Sitten muokataan motion daemoniksi:<\/p>\n<pre>sudo nano \/etc\/default\/motion<\/pre>\n<p>Muokkaa rivi\u00e4 start_motion_daemon=no -&gt; yes<br \/>\nVarmuuden vuoksi v\u00e4h\u00e4n oikeuksien muokkauksia (ei l\u00e4htenyt toimimaan ilman t\u00e4t\u00e4)<\/p>\n<pre>sudo chown root.root \/var\/run\/motion\/\r\nsudo chmod 755 \/var\/run\/motion\/<\/pre>\n<p>Seuraavaksi voisi rohkeasti kokeilla raspberryn uudelleenk\u00e4ynnistuksen (&#8221;sudo reboot&#8221;) j\u00e4lkeen motionin k\u00e4ynnistyst\u00e4.<\/p>\n<pre>sudo service motion start<\/pre>\n<p>Ja jotta lastsnap.jpg l\u00e4htisi s\u00e4hk\u00f6postilla pit\u00e4\u00e4 viel\u00e4 tiedostoon \u201d\/etc\/motion\/motion.conf\u201d muokata rivi\u00e4<\/p>\n<pre># Command to be executed when an event ends after a period of no motion\r\n# (default: none). The period of no motion is defined by option event_gap.\r\n; on_event_end value sposti.py\r\n\r\n<\/pre>\n<h3>On-line kuva web-kamerasta selaimelle<\/h3>\n<p>Edellisen kohdan muokkaukset avaavat jo web-kameran porttiin 8081, mutta alla pikakertaus.<\/p>\n<p>Muokataan konfiguraatiota \u201dsudo nano \/etc\/motion\/motion.conf\u201d<\/p>\n<pre># Start in daemon (background) mode and release terminal (default: off)\r\ndaemon off -&gt; on\r\n\r\n# Restrict stream connections to localhost only (default: on)\r\nstream_localhost on -&gt; off\r\n# Image width (pixels). Valid range: Camera dependent, default: 352\r\nwidth 640\r\n\r\n# Image height (pixels). Valid range: Camera dependent, default: 288\r\nheight 480\r\n# Maximum number of frames to be captured per second.\r\n# Valid range: 2-100. Default: 100 (almost no limit).\r\nframerate 100\r\n\r\noutput_pictures off<\/pre>\n<p>Muokataan tiedostoa \u201csudo nano \/etc\/default\/motion\u201d<\/p>\n<pre># set to 'yes' to enable the motion daemon\r\nstart_motion_daemon=yes<\/pre>\n<p>K\u00e4ynnist\u00e4 palvelu komennolla (servicen\u00e4 ei v\u00e4ltt\u00e4m\u00e4tt\u00e4 suostu k\u00e4ynnistym\u00e4\u00e4n):<\/p>\n<pre>sudo motion -n<\/pre>\n<p>T\u00e4m\u00e4n j\u00e4lkeen web-kameran kuva n\u00e4kyy samassa l\u00e4hiverkossa olevan PC:n selaimelle osoitteessa &lt;raspberryn_ip&gt;:8081, eli raspberryn ip-osoite ja portti 8081 (esim. 192.168.1.2:8081). Huomaa ett\u00e4 raspberryn ja esimerkiksi puhelimen pit\u00e4\u00e4 olla samassa l\u00e4hiverkossa.<\/p>\n<h3>Email \u2013l\u00e4hetys liikkeest\u00e4 omaan s\u00e4hk\u00f6postiin<\/h3>\n<p>Ensin asennetaan ssmtp- ja mailutils-paketit komennolla:<\/p>\n<pre>sudo apt-get install ssmtp mailutils<\/pre>\n<p>S\u00e4hk\u00f6postin l\u00e4hett\u00e4miseen pit\u00e4\u00e4 tehd\u00e4 Python ohjelma, joka kuitenkaan ei todenn\u00e4k\u00f6isesti toimi, sill\u00e4 suurimmassa osassa (kaikissa) s\u00e4hk\u00f6postipalvelimissa on ulkopuolinen l\u00e4hetys \u201dep\u00e4m\u00e4\u00e4r\u00e4isist\u00e4 kohteista\u201d estetty. Kokeilin l\u00e4hett\u00e4\u00e4 gmailin ja oman palvelimeni kautta, mutta ei anna kirjautua edes salatulla yhteydell\u00e4. Vir-heilmoitus \u201dmail: cannot send message: Process exited with a non-zero status\u201d<\/p>\n<p>S\u00e4hk\u00f6postin l\u00e4hetys \u201dsposti.py\u201d:<\/p>\n<pre>#!\/usr\/bin\/python\r\n# -*- coding: utf-8 -*-\r\n\r\nimport smtplib\r\nimport time\r\n\r\nfrom datetime import datetime\r\nfrom email.mime.image import MIMEImage\r\nfrom email.mime.multipart import MIMEMultipart\r\n\r\nsmtpUser = \u2019sahkoposti@osoite.com\u2019\r\nsmtpPass = \u2019salasana\u2019\r\ntoAddr = \u2019vastaanottaja@osoite.com\u2019\r\nfromAddr = smtpUser\r\naikaleima = datetime.now().strftime('%a %d %b @ %H:%M')\r\nsubject = \u2019Kuva kamerasta \u2019 + aikaleima\r\n\r\nmsg = MIMEMultipart()\r\nmsg['Subject'] = subject\r\nmsg['From'] = fromAddr\r\nmsg['To'] = toAddr\r\nmsg.preamble = \"Kameran kuva @ \" + f_time\r\n\r\nkuva = open(' lastsnap.jpg', 'rb')\r\nimg = MIMEImage(kuva.read())\r\nkuva.close()\r\nmsg.attach(img)\r\n\r\ns = smtplib.SMTP(\u2019smtp.lahteva.com\u2019,587)\r\ns.ehlo()\r\ns.starttls()\r\ns.ehlo()\r\ns.login(smtpUser, smtpPass)\r\ns.send_message(msg)\r\ns.quit<\/pre>\n","protected":false},"excerpt":{"rendered":"<p>Pyyd\u00e4 opettajalta Logitechin web-kamera Logitechilta. Kameran malli on V-U0023 eli HD Webcam C525. Jotta web-kamera l\u00e4htee toimimaan sille pit\u00e4\u00e4 asentaa ohjelmaa Terminalista komennolla: sudo apt-get install fswebcam T\u00f6kk\u00e4\u00e4 kameran usb-liitin raspberryn usb-porttiin. Kuvan webkameralla voi ottaa kirjoittelemalla Terminalista komento: cd \/var\/www\/html\/kamera fswebcam webcamimage.jpg Kuvan resoluutiota voi muuttaa tarkenteella \u2013r vaikkapa seuraavasti: fswebcam -r 1280&#215;720 image2.jpg &hellip; <a href=\"https:\/\/blogit.gradia.fi\/sahkonet\/kiinteistoautomaatio\/raspberry-pi-harjoitukset\/9-kameravalvonta\/\" class=\"more-link\">Jatka lukemista <span class=\"screen-reader-text\">9. Kameravalvonta<\/span> <span class=\"meta-nav\">&rarr;<\/span><\/a><\/p>\n","protected":false},"author":179,"featured_media":0,"parent":1320,"menu_order":9,"comment_status":"closed","ping_status":"closed","template":"","meta":{"_uag_custom_page_level_css":"","footnotes":""},"class_list":["post-1672","page","type-page","status-publish","hentry"],"yoast_head":"<!-- This site is optimized with the Yoast SEO plugin v27.4 - https:\/\/yoast.com\/product\/yoast-seo-wordpress\/ -->\n<title>9. Kameravalvonta - S\u00e4hk\u00f6Net<\/title>\n<meta name=\"robots\" content=\"index, follow, max-snippet:-1, max-image-preview:large, max-video-preview:-1\" \/>\n<link rel=\"canonical\" href=\"https:\/\/blogit.gradia.fi\/sahkonet\/kiinteistoautomaatio\/raspberry-pi-harjoitukset\/9-kameravalvonta\/\" \/>\n<meta property=\"og:locale\" content=\"fi_FI\" \/>\n<meta property=\"og:type\" content=\"article\" \/>\n<meta property=\"og:title\" content=\"9. Kameravalvonta - S\u00e4hk\u00f6Net\" \/>\n<meta property=\"og:description\" content=\"Pyyd\u00e4 opettajalta Logitechin web-kamera Logitechilta. Kameran malli on V-U0023 eli HD Webcam C525. Jotta web-kamera l\u00e4htee toimimaan sille pit\u00e4\u00e4 asentaa ohjelmaa Terminalista komennolla: sudo apt-get install fswebcam T\u00f6kk\u00e4\u00e4 kameran usb-liitin raspberryn usb-porttiin. Kuvan webkameralla voi ottaa kirjoittelemalla Terminalista komento: cd \/var\/www\/html\/kamera fswebcam webcamimage.jpg Kuvan resoluutiota voi muuttaa tarkenteella \u2013r vaikkapa seuraavasti: fswebcam -r 1280x720 image2.jpg &hellip; Jatka lukemista 9. Kameravalvonta &rarr;\" \/>\n<meta property=\"og:url\" content=\"https:\/\/blogit.gradia.fi\/sahkonet\/kiinteistoautomaatio\/raspberry-pi-harjoitukset\/9-kameravalvonta\/\" \/>\n<meta property=\"og:site_name\" content=\"S\u00e4hk\u00f6Net\" \/>\n<meta property=\"article:modified_time\" content=\"2017-05-09T11:04:05+00:00\" \/>\n<meta name=\"twitter:card\" content=\"summary_large_image\" \/>\n<meta name=\"twitter:label1\" content=\"Arvioitu lukuaika\" \/>\n\t<meta name=\"twitter:data1\" content=\"4 minuuttia\" \/>\n<script type=\"application\/ld+json\" class=\"yoast-schema-graph\">{\"@context\":\"https:\\\/\\\/schema.org\",\"@graph\":[{\"@type\":\"WebPage\",\"@id\":\"https:\\\/\\\/blogit.gradia.fi\\\/sahkonet\\\/kiinteistoautomaatio\\\/raspberry-pi-harjoitukset\\\/9-kameravalvonta\\\/\",\"url\":\"https:\\\/\\\/blogit.gradia.fi\\\/sahkonet\\\/kiinteistoautomaatio\\\/raspberry-pi-harjoitukset\\\/9-kameravalvonta\\\/\",\"name\":\"9. Kameravalvonta - S\u00e4hk\u00f6Net\",\"isPartOf\":{\"@id\":\"https:\\\/\\\/blogit.gradia.fi\\\/sahkonet\\\/#website\"},\"datePublished\":\"2017-05-09T11:02:33+00:00\",\"dateModified\":\"2017-05-09T11:04:05+00:00\",\"breadcrumb\":{\"@id\":\"https:\\\/\\\/blogit.gradia.fi\\\/sahkonet\\\/kiinteistoautomaatio\\\/raspberry-pi-harjoitukset\\\/9-kameravalvonta\\\/#breadcrumb\"},\"inLanguage\":\"fi\",\"potentialAction\":[{\"@type\":\"ReadAction\",\"target\":[\"https:\\\/\\\/blogit.gradia.fi\\\/sahkonet\\\/kiinteistoautomaatio\\\/raspberry-pi-harjoitukset\\\/9-kameravalvonta\\\/\"]}]},{\"@type\":\"BreadcrumbList\",\"@id\":\"https:\\\/\\\/blogit.gradia.fi\\\/sahkonet\\\/kiinteistoautomaatio\\\/raspberry-pi-harjoitukset\\\/9-kameravalvonta\\\/#breadcrumb\",\"itemListElement\":[{\"@type\":\"ListItem\",\"position\":1,\"name\":\"Kiinteist\u00f6jen automaatio- ja tietoj\u00e4rjestelm\u00e4t (30 osp)\",\"item\":\"https:\\\/\\\/blogit.gradia.fi\\\/sahkonet\\\/kiinteistoautomaatio\\\/\"},{\"@type\":\"ListItem\",\"position\":2,\"name\":\"Raspberry Pi -harjoitukset\",\"item\":\"https:\\\/\\\/blogit.gradia.fi\\\/sahkonet\\\/kiinteistoautomaatio\\\/raspberry-pi-harjoitukset\\\/\"},{\"@type\":\"ListItem\",\"position\":3,\"name\":\"9. Kameravalvonta\"}]},{\"@type\":\"WebSite\",\"@id\":\"https:\\\/\\\/blogit.gradia.fi\\\/sahkonet\\\/#website\",\"url\":\"https:\\\/\\\/blogit.gradia.fi\\\/sahkonet\\\/\",\"name\":\"S\u00e4hk\u00f6Net\",\"description\":\"S\u00e4hk\u00f6- ja automaatiotekniikan perustutkinto\",\"potentialAction\":[{\"@type\":\"SearchAction\",\"target\":{\"@type\":\"EntryPoint\",\"urlTemplate\":\"https:\\\/\\\/blogit.gradia.fi\\\/sahkonet\\\/?s={search_term_string}\"},\"query-input\":{\"@type\":\"PropertyValueSpecification\",\"valueRequired\":true,\"valueName\":\"search_term_string\"}}],\"inLanguage\":\"fi\"}]}<\/script>\n<!-- \/ Yoast SEO plugin. -->","yoast_head_json":{"title":"9. Kameravalvonta - S\u00e4hk\u00f6Net","robots":{"index":"index","follow":"follow","max-snippet":"max-snippet:-1","max-image-preview":"max-image-preview:large","max-video-preview":"max-video-preview:-1"},"canonical":"https:\/\/blogit.gradia.fi\/sahkonet\/kiinteistoautomaatio\/raspberry-pi-harjoitukset\/9-kameravalvonta\/","og_locale":"fi_FI","og_type":"article","og_title":"9. Kameravalvonta - S\u00e4hk\u00f6Net","og_description":"Pyyd\u00e4 opettajalta Logitechin web-kamera Logitechilta. Kameran malli on V-U0023 eli HD Webcam C525. Jotta web-kamera l\u00e4htee toimimaan sille pit\u00e4\u00e4 asentaa ohjelmaa Terminalista komennolla: sudo apt-get install fswebcam T\u00f6kk\u00e4\u00e4 kameran usb-liitin raspberryn usb-porttiin. Kuvan webkameralla voi ottaa kirjoittelemalla Terminalista komento: cd \/var\/www\/html\/kamera fswebcam webcamimage.jpg Kuvan resoluutiota voi muuttaa tarkenteella \u2013r vaikkapa seuraavasti: fswebcam -r 1280x720 image2.jpg &hellip; Jatka lukemista 9. Kameravalvonta &rarr;","og_url":"https:\/\/blogit.gradia.fi\/sahkonet\/kiinteistoautomaatio\/raspberry-pi-harjoitukset\/9-kameravalvonta\/","og_site_name":"S\u00e4hk\u00f6Net","article_modified_time":"2017-05-09T11:04:05+00:00","twitter_card":"summary_large_image","twitter_misc":{"Arvioitu lukuaika":"4 minuuttia"},"schema":{"@context":"https:\/\/schema.org","@graph":[{"@type":"WebPage","@id":"https:\/\/blogit.gradia.fi\/sahkonet\/kiinteistoautomaatio\/raspberry-pi-harjoitukset\/9-kameravalvonta\/","url":"https:\/\/blogit.gradia.fi\/sahkonet\/kiinteistoautomaatio\/raspberry-pi-harjoitukset\/9-kameravalvonta\/","name":"9. Kameravalvonta - S\u00e4hk\u00f6Net","isPartOf":{"@id":"https:\/\/blogit.gradia.fi\/sahkonet\/#website"},"datePublished":"2017-05-09T11:02:33+00:00","dateModified":"2017-05-09T11:04:05+00:00","breadcrumb":{"@id":"https:\/\/blogit.gradia.fi\/sahkonet\/kiinteistoautomaatio\/raspberry-pi-harjoitukset\/9-kameravalvonta\/#breadcrumb"},"inLanguage":"fi","potentialAction":[{"@type":"ReadAction","target":["https:\/\/blogit.gradia.fi\/sahkonet\/kiinteistoautomaatio\/raspberry-pi-harjoitukset\/9-kameravalvonta\/"]}]},{"@type":"BreadcrumbList","@id":"https:\/\/blogit.gradia.fi\/sahkonet\/kiinteistoautomaatio\/raspberry-pi-harjoitukset\/9-kameravalvonta\/#breadcrumb","itemListElement":[{"@type":"ListItem","position":1,"name":"Kiinteist\u00f6jen automaatio- ja tietoj\u00e4rjestelm\u00e4t (30 osp)","item":"https:\/\/blogit.gradia.fi\/sahkonet\/kiinteistoautomaatio\/"},{"@type":"ListItem","position":2,"name":"Raspberry Pi -harjoitukset","item":"https:\/\/blogit.gradia.fi\/sahkonet\/kiinteistoautomaatio\/raspberry-pi-harjoitukset\/"},{"@type":"ListItem","position":3,"name":"9. Kameravalvonta"}]},{"@type":"WebSite","@id":"https:\/\/blogit.gradia.fi\/sahkonet\/#website","url":"https:\/\/blogit.gradia.fi\/sahkonet\/","name":"S\u00e4hk\u00f6Net","description":"S\u00e4hk\u00f6- ja automaatiotekniikan perustutkinto","potentialAction":[{"@type":"SearchAction","target":{"@type":"EntryPoint","urlTemplate":"https:\/\/blogit.gradia.fi\/sahkonet\/?s={search_term_string}"},"query-input":{"@type":"PropertyValueSpecification","valueRequired":true,"valueName":"search_term_string"}}],"inLanguage":"fi"}]}},"uagb_featured_image_src":{"full":false,"thumbnail":false,"medium":false,"medium_large":false,"large":false,"1536x1536":false,"2048x2048":false,"post-thumbnail":false,"twentyfourteen-full-width":false},"uagb_author_info":{"display_name":"Pia Tolonen","author_link":"https:\/\/blogit.gradia.fi\/sahkonet\/author\/halmepia\/"},"uagb_comment_info":0,"uagb_excerpt":"Pyyd\u00e4 opettajalta Logitechin web-kamera Logitechilta. Kameran malli on V-U0023 eli HD Webcam C525. Jotta web-kamera l\u00e4htee toimimaan sille pit\u00e4\u00e4 asentaa ohjelmaa Terminalista komennolla: sudo apt-get install fswebcam T\u00f6kk\u00e4\u00e4 kameran usb-liitin raspberryn usb-porttiin. Kuvan webkameralla voi ottaa kirjoittelemalla Terminalista komento: cd \/var\/www\/html\/kamera fswebcam webcamimage.jpg Kuvan resoluutiota voi muuttaa tarkenteella \u2013r vaikkapa seuraavasti: fswebcam -r 1280x720 image2.jpg&hellip;","_links":{"self":[{"href":"https:\/\/blogit.gradia.fi\/sahkonet\/wp-json\/wp\/v2\/pages\/1672","targetHints":{"allow":["GET"]}}],"collection":[{"href":"https:\/\/blogit.gradia.fi\/sahkonet\/wp-json\/wp\/v2\/pages"}],"about":[{"href":"https:\/\/blogit.gradia.fi\/sahkonet\/wp-json\/wp\/v2\/types\/page"}],"author":[{"embeddable":true,"href":"https:\/\/blogit.gradia.fi\/sahkonet\/wp-json\/wp\/v2\/users\/179"}],"replies":[{"embeddable":true,"href":"https:\/\/blogit.gradia.fi\/sahkonet\/wp-json\/wp\/v2\/comments?post=1672"}],"version-history":[{"count":0,"href":"https:\/\/blogit.gradia.fi\/sahkonet\/wp-json\/wp\/v2\/pages\/1672\/revisions"}],"up":[{"embeddable":true,"href":"https:\/\/blogit.gradia.fi\/sahkonet\/wp-json\/wp\/v2\/pages\/1320"}],"wp:attachment":[{"href":"https:\/\/blogit.gradia.fi\/sahkonet\/wp-json\/wp\/v2\/media?parent=1672"}],"curies":[{"name":"wp","href":"https:\/\/api.w.org\/{rel}","templated":true}]}}