{"id":1642,"date":"2017-04-18T12:23:47","date_gmt":"2017-04-18T09:23:47","guid":{"rendered":"https:\/\/blogit.gradia.fi\/sahkonet\/?page_id=1642"},"modified":"2017-05-04T12:54:17","modified_gmt":"2017-05-04T09:54:17","slug":"off-grid-mokki","status":"publish","type":"page","link":"https:\/\/blogit.gradia.fi\/sahkonet\/kiinteistoautomaatio\/perusteet\/lammityksen-ohjaus\/off-grid-mokki\/","title":{"rendered":"Off-grid m\u00f6kki"},"content":{"rendered":"<h2>ENERGIAOMAVARAISEN OFF-GRID m\u00f6kin s\u00e4hk\u00f6istys<\/h2>\n<p>Teht\u00e4v\u00e4n\u00e4si on hahmotella valtakunnan s\u00e4hk\u00f6verkosta kaukana olevan m\u00f6kin s\u00e4hk\u00f6suunnitelma.<\/p>\n<p><em><strong>Opas:<\/strong><a href=\"http:\/\/theseus.fi\/bitstream\/handle\/10024\/63875\/energiaomavarainen_asuintalo.pdf?sequence=1\" target=\"_blank\"> Energiaomavaraisen asuinkiinteist\u00f6n s\u00e4hk\u00f6suunnitteluopas<\/a><\/em><\/p>\n<p><strong><span style=\"text-decoration: underline\">Teht\u00e4v\u00e4<\/span> &#8211; pohdi ja vastaa alla listattuihin kohtiin:<\/strong><\/p>\n<ul>\n<li>Listaa m\u00f6kill\u00e4 tyypillisesti s\u00e4hk\u00f6ll\u00e4 toimivat laitteet\n<ul>\n<li>niiden tyypillinen k\u00e4ytt\u00f6aika ja<\/li>\n<li>tehonkulutus.<\/li>\n<\/ul>\n<\/li>\n<li>Akkukapasiteetti? J\u00e4rkev\u00e4 m\u00e4\u00e4r\u00e4 akkukapasiteettia? Lataus akkuun?<\/li>\n<li>Invertteri?<\/li>\n<li>Valaistuksen toteutus, jotta tehonkulutus saadaan pieneksi valotehon k\u00e4rsim\u00e4tt\u00e4.<\/li>\n<li>Virtaavan veden hy\u00f6dynt\u00e4minen?<\/li>\n<li>Tuulivoimala?<\/li>\n<li>Aggregaatti? Teho? Akkujen lataus? Automaattik\u00e4ynnistys?<\/li>\n<li>\u00a0Investoinnin suhde j\u00e4rkevyyteen?<\/li>\n<\/ul>\n<p>&#8221;<em>Aurinkokennohan siihen pit\u00e4\u00e4 laittaa, lis\u00e4s\u00e4hk\u00f6\u00e4 voisi tuottaa aggregaatilla. Tuulivoiman hy\u00f6dynt\u00e4minen? Valot joka huoneseen, pistorasiat\u00a0 makuuhuoneisiin ja olohuoneseen yksi pistorasia jossa tv. Hella, uuni, j\u00e4\u00e4kaappi kaasulla. Saunan kiuas puul\u00e4mmitteinen.<\/em>&#8221;<\/p>\n<p>M\u00f6kki Inarissa. Miten aurinkopanelit toimivat? Akusto ja talvi? J\u00e4rkev\u00e4 budjetti s\u00e4hk\u00f6ille? Onko virtaavaa vett\u00e4?<\/p>\n<p>Esimerkki aurinkos\u00e4hk\u00f6j\u00e4rjestelm\u00e4st\u00e4 akustolla: <a href=\"https:\/\/sites.google.com\/site\/projectphotovoltaicsystem\/\">https:\/\/sites.google.com\/site\/projectphotovoltaicsystem\/<\/a><\/p>\n<p><a href=\"https:\/\/blogit.gradia.fi\/sahkonet\/wp-content\/uploads\/sites\/80\/2017\/04\/aurinkos\u00e4hk\u00f6.png\"><img loading=\"lazy\" decoding=\"async\" class=\"alignnone size-full wp-image-1647\" src=\"https:\/\/blogit.gradia.fi\/sahkonet\/wp-content\/uploads\/sites\/80\/2017\/04\/aurinkos\u00e4hk\u00f6.png\" alt=\"\" width=\"591\" height=\"316\" srcset=\"https:\/\/blogit.gradia.fi\/sahkonet\/wp-content\/uploads\/sites\/80\/2017\/04\/aurinkos\u00e4hk\u00f6.png 591w, https:\/\/blogit.gradia.fi\/sahkonet\/wp-content\/uploads\/sites\/80\/2017\/04\/aurinkos\u00e4hk\u00f6-300x160.png 300w\" sizes=\"auto, (max-width: 591px) 100vw, 591px\" \/><\/a><\/p>\n<p>Kuva 1. Aurinkos\u00e4hk\u00f6 akustolla ja invertterill\u00e4.<\/p>\n<p><a href=\"https:\/\/blogit.gradia.fi\/sahkonet\/wp-content\/uploads\/sites\/80\/2017\/04\/m\u00f6kki.png\"><img loading=\"lazy\" decoding=\"async\" class=\"alignnone size-full wp-image-1641\" src=\"https:\/\/blogit.gradia.fi\/sahkonet\/wp-content\/uploads\/sites\/80\/2017\/04\/m\u00f6kki.png\" alt=\"\" width=\"836\" height=\"503\" srcset=\"https:\/\/blogit.gradia.fi\/sahkonet\/wp-content\/uploads\/sites\/80\/2017\/04\/m\u00f6kki.png 836w, https:\/\/blogit.gradia.fi\/sahkonet\/wp-content\/uploads\/sites\/80\/2017\/04\/m\u00f6kki-300x181.png 300w, https:\/\/blogit.gradia.fi\/sahkonet\/wp-content\/uploads\/sites\/80\/2017\/04\/m\u00f6kki-768x462.png 768w\" sizes=\"auto, (max-width: 836px) 100vw, 836px\" \/><\/a><\/p>\n<p>Kuva2. M\u00f6kin pohjakuva<\/p>\n<p>Virtaavan veden hy\u00f6dynt\u00e4minen:<a href=\"https:\/\/www.youtube.com\/channel\/UCYauTtEi435niOhEg20f9Hg\" target=\"_blank\"> http:\/\/waterotor.com\/<\/a><\/p>\n<p>Tuuligeneraattori (perinteinen &#8221;potkuri&#8221; vs pystyroottori): <a href=\"http:\/\/www.windside.com\/fi\/tuotteet\" target=\"_blank\">http:\/\/www.windside.com\/fi\/tuotteet<\/a><\/p>\n","protected":false},"excerpt":{"rendered":"<p>ENERGIAOMAVARAISEN OFF-GRID m\u00f6kin s\u00e4hk\u00f6istys Teht\u00e4v\u00e4n\u00e4si on hahmotella valtakunnan s\u00e4hk\u00f6verkosta kaukana olevan m\u00f6kin s\u00e4hk\u00f6suunnitelma. Opas: Energiaomavaraisen asuinkiinteist\u00f6n s\u00e4hk\u00f6suunnitteluopas Teht\u00e4v\u00e4 &#8211; pohdi ja vastaa alla listattuihin kohtiin: Listaa m\u00f6kill\u00e4 tyypillisesti s\u00e4hk\u00f6ll\u00e4 toimivat laitteet niiden tyypillinen k\u00e4ytt\u00f6aika ja tehonkulutus. Akkukapasiteetti? J\u00e4rkev\u00e4 m\u00e4\u00e4r\u00e4 akkukapasiteettia? Lataus akkuun? Invertteri? Valaistuksen toteutus, jotta tehonkulutus saadaan pieneksi valotehon k\u00e4rsim\u00e4tt\u00e4. Virtaavan veden hy\u00f6dynt\u00e4minen? Tuulivoimala? &hellip; <a href=\"https:\/\/blogit.gradia.fi\/sahkonet\/kiinteistoautomaatio\/perusteet\/lammityksen-ohjaus\/off-grid-mokki\/\" class=\"more-link\">Jatka lukemista <span class=\"screen-reader-text\">Off-grid m\u00f6kki<\/span> <span class=\"meta-nav\">&rarr;<\/span><\/a><\/p>\n","protected":false},"author":179,"featured_media":0,"parent":80,"menu_order":29,"comment_status":"closed","ping_status":"closed","template":"","meta":{"_uag_custom_page_level_css":"","footnotes":""},"class_list":["post-1642","page","type-page","status-publish","hentry"],"yoast_head":"<!-- This site is optimized with the Yoast SEO plugin v27.4 - https:\/\/yoast.com\/product\/yoast-seo-wordpress\/ -->\n<title>Off-grid m\u00f6kki - S\u00e4hk\u00f6Net<\/title>\n<meta name=\"robots\" content=\"index, follow, max-snippet:-1, max-image-preview:large, max-video-preview:-1\" \/>\n<link rel=\"canonical\" href=\"https:\/\/blogit.gradia.fi\/sahkonet\/kiinteistoautomaatio\/perusteet\/lammityksen-ohjaus\/off-grid-mokki\/\" \/>\n<meta property=\"og:locale\" content=\"fi_FI\" \/>\n<meta property=\"og:type\" content=\"article\" \/>\n<meta property=\"og:title\" content=\"Off-grid m\u00f6kki - S\u00e4hk\u00f6Net\" \/>\n<meta property=\"og:description\" content=\"ENERGIAOMAVARAISEN OFF-GRID m\u00f6kin s\u00e4hk\u00f6istys Teht\u00e4v\u00e4n\u00e4si on hahmotella valtakunnan s\u00e4hk\u00f6verkosta kaukana olevan m\u00f6kin s\u00e4hk\u00f6suunnitelma. Opas: Energiaomavaraisen asuinkiinteist\u00f6n s\u00e4hk\u00f6suunnitteluopas Teht\u00e4v\u00e4 &#8211; pohdi ja vastaa alla listattuihin kohtiin: Listaa m\u00f6kill\u00e4 tyypillisesti s\u00e4hk\u00f6ll\u00e4 toimivat laitteet niiden tyypillinen k\u00e4ytt\u00f6aika ja tehonkulutus. Akkukapasiteetti? J\u00e4rkev\u00e4 m\u00e4\u00e4r\u00e4 akkukapasiteettia? Lataus akkuun? Invertteri? Valaistuksen toteutus, jotta tehonkulutus saadaan pieneksi valotehon k\u00e4rsim\u00e4tt\u00e4. Virtaavan veden hy\u00f6dynt\u00e4minen? Tuulivoimala? &hellip; Jatka lukemista Off-grid m\u00f6kki &rarr;\" \/>\n<meta property=\"og:url\" content=\"https:\/\/blogit.gradia.fi\/sahkonet\/kiinteistoautomaatio\/perusteet\/lammityksen-ohjaus\/off-grid-mokki\/\" \/>\n<meta property=\"og:site_name\" content=\"S\u00e4hk\u00f6Net\" \/>\n<meta property=\"article:modified_time\" content=\"2017-05-04T09:54:17+00:00\" \/>\n<meta property=\"og:image\" content=\"https:\/\/blogit.gradia.fi\/sahkonet\/wp-content\/uploads\/sites\/80\/2017\/04\/aurinkos\u00e4hk\u00f6.png\" \/>\n<meta name=\"twitter:card\" content=\"summary_large_image\" \/>\n<meta name=\"twitter:label1\" content=\"Arvioitu lukuaika\" \/>\n\t<meta name=\"twitter:data1\" content=\"1 minuutti\" \/>\n<script type=\"application\/ld+json\" class=\"yoast-schema-graph\">{\"@context\":\"https:\\\/\\\/schema.org\",\"@graph\":[{\"@type\":\"WebPage\",\"@id\":\"https:\\\/\\\/blogit.gradia.fi\\\/sahkonet\\\/kiinteistoautomaatio\\\/perusteet\\\/lammityksen-ohjaus\\\/off-grid-mokki\\\/\",\"url\":\"https:\\\/\\\/blogit.gradia.fi\\\/sahkonet\\\/kiinteistoautomaatio\\\/perusteet\\\/lammityksen-ohjaus\\\/off-grid-mokki\\\/\",\"name\":\"Off-grid m\u00f6kki - S\u00e4hk\u00f6Net\",\"isPartOf\":{\"@id\":\"https:\\\/\\\/blogit.gradia.fi\\\/sahkonet\\\/#website\"},\"datePublished\":\"2017-04-18T09:23:47+00:00\",\"dateModified\":\"2017-05-04T09:54:17+00:00\",\"breadcrumb\":{\"@id\":\"https:\\\/\\\/blogit.gradia.fi\\\/sahkonet\\\/kiinteistoautomaatio\\\/perusteet\\\/lammityksen-ohjaus\\\/off-grid-mokki\\\/#breadcrumb\"},\"inLanguage\":\"fi\",\"potentialAction\":[{\"@type\":\"ReadAction\",\"target\":[\"https:\\\/\\\/blogit.gradia.fi\\\/sahkonet\\\/kiinteistoautomaatio\\\/perusteet\\\/lammityksen-ohjaus\\\/off-grid-mokki\\\/\"]}]},{\"@type\":\"BreadcrumbList\",\"@id\":\"https:\\\/\\\/blogit.gradia.fi\\\/sahkonet\\\/kiinteistoautomaatio\\\/perusteet\\\/lammityksen-ohjaus\\\/off-grid-mokki\\\/#breadcrumb\",\"itemListElement\":[{\"@type\":\"ListItem\",\"position\":1,\"name\":\"Kiinteist\u00f6jen automaatio- ja tietoj\u00e4rjestelm\u00e4t (30 osp)\",\"item\":\"https:\\\/\\\/blogit.gradia.fi\\\/sahkonet\\\/kiinteistoautomaatio\\\/\"},{\"@type\":\"ListItem\",\"position\":2,\"name\":\"Perusteet\",\"item\":\"https:\\\/\\\/blogit.gradia.fi\\\/sahkonet\\\/kiinteistoautomaatio\\\/perusteet\\\/\"},{\"@type\":\"ListItem\",\"position\":3,\"name\":\"Oppimisteht\u00e4v\u00e4t\",\"item\":\"https:\\\/\\\/blogit.gradia.fi\\\/sahkonet\\\/kiinteistoautomaatio\\\/perusteet\\\/lammityksen-ohjaus\\\/\"},{\"@type\":\"ListItem\",\"position\":4,\"name\":\"Off-grid m\u00f6kki\"}]},{\"@type\":\"WebSite\",\"@id\":\"https:\\\/\\\/blogit.gradia.fi\\\/sahkonet\\\/#website\",\"url\":\"https:\\\/\\\/blogit.gradia.fi\\\/sahkonet\\\/\",\"name\":\"S\u00e4hk\u00f6Net\",\"description\":\"S\u00e4hk\u00f6- ja automaatiotekniikan perustutkinto\",\"potentialAction\":[{\"@type\":\"SearchAction\",\"target\":{\"@type\":\"EntryPoint\",\"urlTemplate\":\"https:\\\/\\\/blogit.gradia.fi\\\/sahkonet\\\/?s={search_term_string}\"},\"query-input\":{\"@type\":\"PropertyValueSpecification\",\"valueRequired\":true,\"valueName\":\"search_term_string\"}}],\"inLanguage\":\"fi\"}]}<\/script>\n<!-- \/ Yoast SEO plugin. -->","yoast_head_json":{"title":"Off-grid m\u00f6kki - S\u00e4hk\u00f6Net","robots":{"index":"index","follow":"follow","max-snippet":"max-snippet:-1","max-image-preview":"max-image-preview:large","max-video-preview":"max-video-preview:-1"},"canonical":"https:\/\/blogit.gradia.fi\/sahkonet\/kiinteistoautomaatio\/perusteet\/lammityksen-ohjaus\/off-grid-mokki\/","og_locale":"fi_FI","og_type":"article","og_title":"Off-grid m\u00f6kki - S\u00e4hk\u00f6Net","og_description":"ENERGIAOMAVARAISEN OFF-GRID m\u00f6kin s\u00e4hk\u00f6istys Teht\u00e4v\u00e4n\u00e4si on hahmotella valtakunnan s\u00e4hk\u00f6verkosta kaukana olevan m\u00f6kin s\u00e4hk\u00f6suunnitelma. Opas: Energiaomavaraisen asuinkiinteist\u00f6n s\u00e4hk\u00f6suunnitteluopas Teht\u00e4v\u00e4 &#8211; pohdi ja vastaa alla listattuihin kohtiin: Listaa m\u00f6kill\u00e4 tyypillisesti s\u00e4hk\u00f6ll\u00e4 toimivat laitteet niiden tyypillinen k\u00e4ytt\u00f6aika ja tehonkulutus. Akkukapasiteetti? J\u00e4rkev\u00e4 m\u00e4\u00e4r\u00e4 akkukapasiteettia? Lataus akkuun? Invertteri? Valaistuksen toteutus, jotta tehonkulutus saadaan pieneksi valotehon k\u00e4rsim\u00e4tt\u00e4. Virtaavan veden hy\u00f6dynt\u00e4minen? Tuulivoimala? &hellip; Jatka lukemista Off-grid m\u00f6kki &rarr;","og_url":"https:\/\/blogit.gradia.fi\/sahkonet\/kiinteistoautomaatio\/perusteet\/lammityksen-ohjaus\/off-grid-mokki\/","og_site_name":"S\u00e4hk\u00f6Net","article_modified_time":"2017-05-04T09:54:17+00:00","og_image":[{"url":"https:\/\/blogit.gradia.fi\/sahkonet\/wp-content\/uploads\/sites\/80\/2017\/04\/aurinkos\u00e4hk\u00f6.png","type":"","width":"","height":""}],"twitter_card":"summary_large_image","twitter_misc":{"Arvioitu lukuaika":"1 minuutti"},"schema":{"@context":"https:\/\/schema.org","@graph":[{"@type":"WebPage","@id":"https:\/\/blogit.gradia.fi\/sahkonet\/kiinteistoautomaatio\/perusteet\/lammityksen-ohjaus\/off-grid-mokki\/","url":"https:\/\/blogit.gradia.fi\/sahkonet\/kiinteistoautomaatio\/perusteet\/lammityksen-ohjaus\/off-grid-mokki\/","name":"Off-grid m\u00f6kki - S\u00e4hk\u00f6Net","isPartOf":{"@id":"https:\/\/blogit.gradia.fi\/sahkonet\/#website"},"datePublished":"2017-04-18T09:23:47+00:00","dateModified":"2017-05-04T09:54:17+00:00","breadcrumb":{"@id":"https:\/\/blogit.gradia.fi\/sahkonet\/kiinteistoautomaatio\/perusteet\/lammityksen-ohjaus\/off-grid-mokki\/#breadcrumb"},"inLanguage":"fi","potentialAction":[{"@type":"ReadAction","target":["https:\/\/blogit.gradia.fi\/sahkonet\/kiinteistoautomaatio\/perusteet\/lammityksen-ohjaus\/off-grid-mokki\/"]}]},{"@type":"BreadcrumbList","@id":"https:\/\/blogit.gradia.fi\/sahkonet\/kiinteistoautomaatio\/perusteet\/lammityksen-ohjaus\/off-grid-mokki\/#breadcrumb","itemListElement":[{"@type":"ListItem","position":1,"name":"Kiinteist\u00f6jen automaatio- ja tietoj\u00e4rjestelm\u00e4t (30 osp)","item":"https:\/\/blogit.gradia.fi\/sahkonet\/kiinteistoautomaatio\/"},{"@type":"ListItem","position":2,"name":"Perusteet","item":"https:\/\/blogit.gradia.fi\/sahkonet\/kiinteistoautomaatio\/perusteet\/"},{"@type":"ListItem","position":3,"name":"Oppimisteht\u00e4v\u00e4t","item":"https:\/\/blogit.gradia.fi\/sahkonet\/kiinteistoautomaatio\/perusteet\/lammityksen-ohjaus\/"},{"@type":"ListItem","position":4,"name":"Off-grid m\u00f6kki"}]},{"@type":"WebSite","@id":"https:\/\/blogit.gradia.fi\/sahkonet\/#website","url":"https:\/\/blogit.gradia.fi\/sahkonet\/","name":"S\u00e4hk\u00f6Net","description":"S\u00e4hk\u00f6- ja automaatiotekniikan perustutkinto","potentialAction":[{"@type":"SearchAction","target":{"@type":"EntryPoint","urlTemplate":"https:\/\/blogit.gradia.fi\/sahkonet\/?s={search_term_string}"},"query-input":{"@type":"PropertyValueSpecification","valueRequired":true,"valueName":"search_term_string"}}],"inLanguage":"fi"}]}},"uagb_featured_image_src":{"full":false,"thumbnail":false,"medium":false,"medium_large":false,"large":false,"1536x1536":false,"2048x2048":false,"post-thumbnail":false,"twentyfourteen-full-width":false},"uagb_author_info":{"display_name":"Pia Tolonen","author_link":"https:\/\/blogit.gradia.fi\/sahkonet\/author\/halmepia\/"},"uagb_comment_info":0,"uagb_excerpt":"ENERGIAOMAVARAISEN OFF-GRID m\u00f6kin s\u00e4hk\u00f6istys Teht\u00e4v\u00e4n\u00e4si on hahmotella valtakunnan s\u00e4hk\u00f6verkosta kaukana olevan m\u00f6kin s\u00e4hk\u00f6suunnitelma. Opas: Energiaomavaraisen asuinkiinteist\u00f6n s\u00e4hk\u00f6suunnitteluopas Teht\u00e4v\u00e4 &#8211; pohdi ja vastaa alla listattuihin kohtiin: Listaa m\u00f6kill\u00e4 tyypillisesti s\u00e4hk\u00f6ll\u00e4 toimivat laitteet niiden tyypillinen k\u00e4ytt\u00f6aika ja tehonkulutus. Akkukapasiteetti? J\u00e4rkev\u00e4 m\u00e4\u00e4r\u00e4 akkukapasiteettia? Lataus akkuun? Invertteri? Valaistuksen toteutus, jotta tehonkulutus saadaan pieneksi valotehon k\u00e4rsim\u00e4tt\u00e4. Virtaavan veden hy\u00f6dynt\u00e4minen? Tuulivoimala?&hellip;","_links":{"self":[{"href":"https:\/\/blogit.gradia.fi\/sahkonet\/wp-json\/wp\/v2\/pages\/1642","targetHints":{"allow":["GET"]}}],"collection":[{"href":"https:\/\/blogit.gradia.fi\/sahkonet\/wp-json\/wp\/v2\/pages"}],"about":[{"href":"https:\/\/blogit.gradia.fi\/sahkonet\/wp-json\/wp\/v2\/types\/page"}],"author":[{"embeddable":true,"href":"https:\/\/blogit.gradia.fi\/sahkonet\/wp-json\/wp\/v2\/users\/179"}],"replies":[{"embeddable":true,"href":"https:\/\/blogit.gradia.fi\/sahkonet\/wp-json\/wp\/v2\/comments?post=1642"}],"version-history":[{"count":0,"href":"https:\/\/blogit.gradia.fi\/sahkonet\/wp-json\/wp\/v2\/pages\/1642\/revisions"}],"up":[{"embeddable":true,"href":"https:\/\/blogit.gradia.fi\/sahkonet\/wp-json\/wp\/v2\/pages\/80"}],"wp:attachment":[{"href":"https:\/\/blogit.gradia.fi\/sahkonet\/wp-json\/wp\/v2\/media?parent=1642"}],"curies":[{"name":"wp","href":"https:\/\/api.w.org\/{rel}","templated":true}]}}