{"id":1634,"date":"2017-03-27T09:00:47","date_gmt":"2017-03-27T06:00:47","guid":{"rendered":"https:\/\/blogit.gradia.fi\/sahkonet\/?page_id=1634"},"modified":"2017-03-27T09:53:06","modified_gmt":"2017-03-27T06:53:06","slug":"3-tahti-kolmio-kaynnistys","status":"publish","type":"page","link":"https:\/\/blogit.gradia.fi\/sahkonet\/sahko-ja-energiatekniikka\/oppimistehtavat\/asennusharjoitukset\/3-tahti-kolmio-kaynnistys\/","title":{"rendered":"3. T\u00e4hti-kolmio-k\u00e4ynnistys"},"content":{"rendered":"<h3>Kuvaus<\/h3>\n<p>Ty\u00f6n tarkoituksena on tutustua oikosulkumoottorin t\u00e4hti-kolmio-k\u00e4ynnistyksen kytkenn\u00e4n toteuttamiseen.<\/p>\n<p>Ennen asennusty\u00f6n aloittamista tulee kirjalliset teht\u00e4v\u00e4t olla tehtyn\u00e4 ja esitettyn\u00e4 opettajalle.<\/p>\n<p>Ty\u00f6 tulee suunnitella huolellisesti ennen asennusten aloittamista.<\/p>\n<h3>Asennukset<\/h3>\n<p>J\u00e4nnitteit\u00e4 ei saa kytke\u00e4 ilman opettajan lupaa. Huomaa ett\u00e4 dokumenteissa voi olla virheit\u00e4.<\/p>\n<ol>\n<li>Tutustu piirikaavioihin<\/li>\n<li>Tee ty\u00f6suunnitelma (kaapelointi, tarvikkeet jne)<\/li>\n<li>Kytke ohjauskeskus ja kaapeloi kentt\u00e4.<\/li>\n<li>Tee tarvittavat asennustarkastus ja k\u00e4ytt\u00f6\u00f6nottomittaukset.<\/li>\n<\/ol>\n<p><strong>Dokumentit:<\/strong><\/p>\n<ul>\n<li><a href=\"https:\/\/blogit.gradia.fi\/sahkonet\/wp-content\/uploads\/sites\/80\/2017\/03\/harjoitus10_n\u00e4ytt\u00f6.pdf\">harjoitus10_n\u00e4ytt\u00f6<\/a><\/li>\n<li><a href=\"https:\/\/blogit.gradia.fi\/sahkonet\/wp-content\/uploads\/sites\/80\/2017\/03\/T\u00c4HTI_KOLMIO_logolla.pdf\">T\u00c4HTI_KOLMIO_logolla<\/a><\/li>\n<\/ul>\n","protected":false},"excerpt":{"rendered":"<p>Kuvaus Ty\u00f6n tarkoituksena on tutustua oikosulkumoottorin t\u00e4hti-kolmio-k\u00e4ynnistyksen kytkenn\u00e4n toteuttamiseen. Ennen asennusty\u00f6n aloittamista tulee kirjalliset teht\u00e4v\u00e4t olla tehtyn\u00e4 ja esitettyn\u00e4 opettajalle. Ty\u00f6 tulee suunnitella huolellisesti ennen asennusten aloittamista. Asennukset J\u00e4nnitteit\u00e4 ei saa kytke\u00e4 ilman opettajan lupaa. Huomaa ett\u00e4 dokumenteissa voi olla virheit\u00e4. Tutustu piirikaavioihin Tee ty\u00f6suunnitelma (kaapelointi, tarvikkeet jne) Kytke ohjauskeskus ja kaapeloi kentt\u00e4. Tee tarvittavat &hellip; <a href=\"https:\/\/blogit.gradia.fi\/sahkonet\/sahko-ja-energiatekniikka\/oppimistehtavat\/asennusharjoitukset\/3-tahti-kolmio-kaynnistys\/\" class=\"more-link\">Jatka lukemista <span class=\"screen-reader-text\">3. T\u00e4hti-kolmio-k\u00e4ynnistys<\/span> <span class=\"meta-nav\">&rarr;<\/span><\/a><\/p>\n","protected":false},"author":179,"featured_media":0,"parent":1604,"menu_order":3,"comment_status":"closed","ping_status":"closed","template":"","meta":{"_uag_custom_page_level_css":"","footnotes":""},"class_list":["post-1634","page","type-page","status-publish","hentry"],"yoast_head":"<!-- This site is optimized with the Yoast SEO plugin v27.4 - https:\/\/yoast.com\/product\/yoast-seo-wordpress\/ -->\n<title>3. T\u00e4hti-kolmio-k\u00e4ynnistys - S\u00e4hk\u00f6Net<\/title>\n<meta name=\"robots\" content=\"index, follow, max-snippet:-1, max-image-preview:large, max-video-preview:-1\" \/>\n<link rel=\"canonical\" href=\"https:\/\/blogit.gradia.fi\/sahkonet\/sahko-ja-energiatekniikka\/oppimistehtavat\/asennusharjoitukset\/3-tahti-kolmio-kaynnistys\/\" \/>\n<meta property=\"og:locale\" content=\"fi_FI\" \/>\n<meta property=\"og:type\" content=\"article\" \/>\n<meta property=\"og:title\" content=\"3. T\u00e4hti-kolmio-k\u00e4ynnistys - S\u00e4hk\u00f6Net\" \/>\n<meta property=\"og:description\" content=\"Kuvaus Ty\u00f6n tarkoituksena on tutustua oikosulkumoottorin t\u00e4hti-kolmio-k\u00e4ynnistyksen kytkenn\u00e4n toteuttamiseen. Ennen asennusty\u00f6n aloittamista tulee kirjalliset teht\u00e4v\u00e4t olla tehtyn\u00e4 ja esitettyn\u00e4 opettajalle. Ty\u00f6 tulee suunnitella huolellisesti ennen asennusten aloittamista. Asennukset J\u00e4nnitteit\u00e4 ei saa kytke\u00e4 ilman opettajan lupaa. Huomaa ett\u00e4 dokumenteissa voi olla virheit\u00e4. Tutustu piirikaavioihin Tee ty\u00f6suunnitelma (kaapelointi, tarvikkeet jne) Kytke ohjauskeskus ja kaapeloi kentt\u00e4. Tee tarvittavat &hellip; Jatka lukemista 3. T\u00e4hti-kolmio-k\u00e4ynnistys &rarr;\" \/>\n<meta property=\"og:url\" content=\"https:\/\/blogit.gradia.fi\/sahkonet\/sahko-ja-energiatekniikka\/oppimistehtavat\/asennusharjoitukset\/3-tahti-kolmio-kaynnistys\/\" \/>\n<meta property=\"og:site_name\" content=\"S\u00e4hk\u00f6Net\" \/>\n<meta property=\"article:modified_time\" content=\"2017-03-27T06:53:06+00:00\" \/>\n<meta name=\"twitter:card\" content=\"summary_large_image\" \/>\n<script type=\"application\/ld+json\" class=\"yoast-schema-graph\">{\"@context\":\"https:\\\/\\\/schema.org\",\"@graph\":[{\"@type\":\"WebPage\",\"@id\":\"https:\\\/\\\/blogit.gradia.fi\\\/sahkonet\\\/sahko-ja-energiatekniikka\\\/oppimistehtavat\\\/asennusharjoitukset\\\/3-tahti-kolmio-kaynnistys\\\/\",\"url\":\"https:\\\/\\\/blogit.gradia.fi\\\/sahkonet\\\/sahko-ja-energiatekniikka\\\/oppimistehtavat\\\/asennusharjoitukset\\\/3-tahti-kolmio-kaynnistys\\\/\",\"name\":\"3. T\u00e4hti-kolmio-k\u00e4ynnistys - S\u00e4hk\u00f6Net\",\"isPartOf\":{\"@id\":\"https:\\\/\\\/blogit.gradia.fi\\\/sahkonet\\\/#website\"},\"datePublished\":\"2017-03-27T06:00:47+00:00\",\"dateModified\":\"2017-03-27T06:53:06+00:00\",\"breadcrumb\":{\"@id\":\"https:\\\/\\\/blogit.gradia.fi\\\/sahkonet\\\/sahko-ja-energiatekniikka\\\/oppimistehtavat\\\/asennusharjoitukset\\\/3-tahti-kolmio-kaynnistys\\\/#breadcrumb\"},\"inLanguage\":\"fi\",\"potentialAction\":[{\"@type\":\"ReadAction\",\"target\":[\"https:\\\/\\\/blogit.gradia.fi\\\/sahkonet\\\/sahko-ja-energiatekniikka\\\/oppimistehtavat\\\/asennusharjoitukset\\\/3-tahti-kolmio-kaynnistys\\\/\"]}]},{\"@type\":\"BreadcrumbList\",\"@id\":\"https:\\\/\\\/blogit.gradia.fi\\\/sahkonet\\\/sahko-ja-energiatekniikka\\\/oppimistehtavat\\\/asennusharjoitukset\\\/3-tahti-kolmio-kaynnistys\\\/#breadcrumb\",\"itemListElement\":[{\"@type\":\"ListItem\",\"position\":1,\"name\":\"S\u00e4hk\u00f6- ja energiatekniikka (20ov)\",\"item\":\"https:\\\/\\\/blogit.gradia.fi\\\/sahkonet\\\/sahko-ja-energiatekniikka\\\/\"},{\"@type\":\"ListItem\",\"position\":2,\"name\":\"Oppimisteht\u00e4v\u00e4t\",\"item\":\"https:\\\/\\\/blogit.gradia.fi\\\/sahkonet\\\/sahko-ja-energiatekniikka\\\/oppimistehtavat\\\/\"},{\"@type\":\"ListItem\",\"position\":3,\"name\":\"Asennusharjoitukset\",\"item\":\"https:\\\/\\\/blogit.gradia.fi\\\/sahkonet\\\/sahko-ja-energiatekniikka\\\/oppimistehtavat\\\/asennusharjoitukset\\\/\"},{\"@type\":\"ListItem\",\"position\":4,\"name\":\"3. T\u00e4hti-kolmio-k\u00e4ynnistys\"}]},{\"@type\":\"WebSite\",\"@id\":\"https:\\\/\\\/blogit.gradia.fi\\\/sahkonet\\\/#website\",\"url\":\"https:\\\/\\\/blogit.gradia.fi\\\/sahkonet\\\/\",\"name\":\"S\u00e4hk\u00f6Net\",\"description\":\"S\u00e4hk\u00f6- ja automaatiotekniikan perustutkinto\",\"potentialAction\":[{\"@type\":\"SearchAction\",\"target\":{\"@type\":\"EntryPoint\",\"urlTemplate\":\"https:\\\/\\\/blogit.gradia.fi\\\/sahkonet\\\/?s={search_term_string}\"},\"query-input\":{\"@type\":\"PropertyValueSpecification\",\"valueRequired\":true,\"valueName\":\"search_term_string\"}}],\"inLanguage\":\"fi\"}]}<\/script>\n<!-- \/ Yoast SEO plugin. -->","yoast_head_json":{"title":"3. T\u00e4hti-kolmio-k\u00e4ynnistys - S\u00e4hk\u00f6Net","robots":{"index":"index","follow":"follow","max-snippet":"max-snippet:-1","max-image-preview":"max-image-preview:large","max-video-preview":"max-video-preview:-1"},"canonical":"https:\/\/blogit.gradia.fi\/sahkonet\/sahko-ja-energiatekniikka\/oppimistehtavat\/asennusharjoitukset\/3-tahti-kolmio-kaynnistys\/","og_locale":"fi_FI","og_type":"article","og_title":"3. T\u00e4hti-kolmio-k\u00e4ynnistys - S\u00e4hk\u00f6Net","og_description":"Kuvaus Ty\u00f6n tarkoituksena on tutustua oikosulkumoottorin t\u00e4hti-kolmio-k\u00e4ynnistyksen kytkenn\u00e4n toteuttamiseen. Ennen asennusty\u00f6n aloittamista tulee kirjalliset teht\u00e4v\u00e4t olla tehtyn\u00e4 ja esitettyn\u00e4 opettajalle. Ty\u00f6 tulee suunnitella huolellisesti ennen asennusten aloittamista. Asennukset J\u00e4nnitteit\u00e4 ei saa kytke\u00e4 ilman opettajan lupaa. Huomaa ett\u00e4 dokumenteissa voi olla virheit\u00e4. Tutustu piirikaavioihin Tee ty\u00f6suunnitelma (kaapelointi, tarvikkeet jne) Kytke ohjauskeskus ja kaapeloi kentt\u00e4. Tee tarvittavat &hellip; Jatka lukemista 3. T\u00e4hti-kolmio-k\u00e4ynnistys &rarr;","og_url":"https:\/\/blogit.gradia.fi\/sahkonet\/sahko-ja-energiatekniikka\/oppimistehtavat\/asennusharjoitukset\/3-tahti-kolmio-kaynnistys\/","og_site_name":"S\u00e4hk\u00f6Net","article_modified_time":"2017-03-27T06:53:06+00:00","twitter_card":"summary_large_image","schema":{"@context":"https:\/\/schema.org","@graph":[{"@type":"WebPage","@id":"https:\/\/blogit.gradia.fi\/sahkonet\/sahko-ja-energiatekniikka\/oppimistehtavat\/asennusharjoitukset\/3-tahti-kolmio-kaynnistys\/","url":"https:\/\/blogit.gradia.fi\/sahkonet\/sahko-ja-energiatekniikka\/oppimistehtavat\/asennusharjoitukset\/3-tahti-kolmio-kaynnistys\/","name":"3. T\u00e4hti-kolmio-k\u00e4ynnistys - S\u00e4hk\u00f6Net","isPartOf":{"@id":"https:\/\/blogit.gradia.fi\/sahkonet\/#website"},"datePublished":"2017-03-27T06:00:47+00:00","dateModified":"2017-03-27T06:53:06+00:00","breadcrumb":{"@id":"https:\/\/blogit.gradia.fi\/sahkonet\/sahko-ja-energiatekniikka\/oppimistehtavat\/asennusharjoitukset\/3-tahti-kolmio-kaynnistys\/#breadcrumb"},"inLanguage":"fi","potentialAction":[{"@type":"ReadAction","target":["https:\/\/blogit.gradia.fi\/sahkonet\/sahko-ja-energiatekniikka\/oppimistehtavat\/asennusharjoitukset\/3-tahti-kolmio-kaynnistys\/"]}]},{"@type":"BreadcrumbList","@id":"https:\/\/blogit.gradia.fi\/sahkonet\/sahko-ja-energiatekniikka\/oppimistehtavat\/asennusharjoitukset\/3-tahti-kolmio-kaynnistys\/#breadcrumb","itemListElement":[{"@type":"ListItem","position":1,"name":"S\u00e4hk\u00f6- ja energiatekniikka (20ov)","item":"https:\/\/blogit.gradia.fi\/sahkonet\/sahko-ja-energiatekniikka\/"},{"@type":"ListItem","position":2,"name":"Oppimisteht\u00e4v\u00e4t","item":"https:\/\/blogit.gradia.fi\/sahkonet\/sahko-ja-energiatekniikka\/oppimistehtavat\/"},{"@type":"ListItem","position":3,"name":"Asennusharjoitukset","item":"https:\/\/blogit.gradia.fi\/sahkonet\/sahko-ja-energiatekniikka\/oppimistehtavat\/asennusharjoitukset\/"},{"@type":"ListItem","position":4,"name":"3. T\u00e4hti-kolmio-k\u00e4ynnistys"}]},{"@type":"WebSite","@id":"https:\/\/blogit.gradia.fi\/sahkonet\/#website","url":"https:\/\/blogit.gradia.fi\/sahkonet\/","name":"S\u00e4hk\u00f6Net","description":"S\u00e4hk\u00f6- ja automaatiotekniikan perustutkinto","potentialAction":[{"@type":"SearchAction","target":{"@type":"EntryPoint","urlTemplate":"https:\/\/blogit.gradia.fi\/sahkonet\/?s={search_term_string}"},"query-input":{"@type":"PropertyValueSpecification","valueRequired":true,"valueName":"search_term_string"}}],"inLanguage":"fi"}]}},"uagb_featured_image_src":{"full":false,"thumbnail":false,"medium":false,"medium_large":false,"large":false,"1536x1536":false,"2048x2048":false,"post-thumbnail":false,"twentyfourteen-full-width":false},"uagb_author_info":{"display_name":"Pia Tolonen","author_link":"https:\/\/blogit.gradia.fi\/sahkonet\/author\/halmepia\/"},"uagb_comment_info":0,"uagb_excerpt":"Kuvaus Ty\u00f6n tarkoituksena on tutustua oikosulkumoottorin t\u00e4hti-kolmio-k\u00e4ynnistyksen kytkenn\u00e4n toteuttamiseen. Ennen asennusty\u00f6n aloittamista tulee kirjalliset teht\u00e4v\u00e4t olla tehtyn\u00e4 ja esitettyn\u00e4 opettajalle. Ty\u00f6 tulee suunnitella huolellisesti ennen asennusten aloittamista. Asennukset J\u00e4nnitteit\u00e4 ei saa kytke\u00e4 ilman opettajan lupaa. Huomaa ett\u00e4 dokumenteissa voi olla virheit\u00e4. Tutustu piirikaavioihin Tee ty\u00f6suunnitelma (kaapelointi, tarvikkeet jne) Kytke ohjauskeskus ja kaapeloi kentt\u00e4. Tee tarvittavat&hellip;","_links":{"self":[{"href":"https:\/\/blogit.gradia.fi\/sahkonet\/wp-json\/wp\/v2\/pages\/1634","targetHints":{"allow":["GET"]}}],"collection":[{"href":"https:\/\/blogit.gradia.fi\/sahkonet\/wp-json\/wp\/v2\/pages"}],"about":[{"href":"https:\/\/blogit.gradia.fi\/sahkonet\/wp-json\/wp\/v2\/types\/page"}],"author":[{"embeddable":true,"href":"https:\/\/blogit.gradia.fi\/sahkonet\/wp-json\/wp\/v2\/users\/179"}],"replies":[{"embeddable":true,"href":"https:\/\/blogit.gradia.fi\/sahkonet\/wp-json\/wp\/v2\/comments?post=1634"}],"version-history":[{"count":0,"href":"https:\/\/blogit.gradia.fi\/sahkonet\/wp-json\/wp\/v2\/pages\/1634\/revisions"}],"up":[{"embeddable":true,"href":"https:\/\/blogit.gradia.fi\/sahkonet\/wp-json\/wp\/v2\/pages\/1604"}],"wp:attachment":[{"href":"https:\/\/blogit.gradia.fi\/sahkonet\/wp-json\/wp\/v2\/media?parent=1634"}],"curies":[{"name":"wp","href":"https:\/\/api.w.org\/{rel}","templated":true}]}}