{"id":1624,"date":"2017-03-24T11:12:34","date_gmt":"2017-03-24T09:12:34","guid":{"rendered":"https:\/\/blogit.gradia.fi\/sahkonet\/?page_id=1624"},"modified":"2017-03-24T11:14:47","modified_gmt":"2017-03-24T09:14:47","slug":"kaapelijatkos","status":"publish","type":"page","link":"https:\/\/blogit.gradia.fi\/sahkonet\/sahko-ja-energiatekniikka\/oppimistehtavat\/asennusharjoitukset\/kaapelijatkos\/","title":{"rendered":"6. Kaapelijatkos"},"content":{"rendered":"<h3>Kuvaus<\/h3>\n<p>Ty\u00f6n tarkoituksena on tutustua maakaapelijatkoksen tekemiseen.<\/p>\n<p>Ty\u00f6 tulee suunnitella huolellisesti ennen asennusten aloittamista. Ennen maakaapelijatkoksen tekemist\u00e4, opiskelijan tulee tutustua ohjeisiin huolellisesti.<\/p>\n<h3>Asennukset<\/h3>\n<ol>\n<li>Pyyd\u00e4 opettajalta l\u00e4mp\u00f6kutistejatkos ja AXMK-kaapelia.<\/li>\n<li>Tutustu huolellisesti maakaapelijatkoksen paketissa mukana olevaan asennusohjeeseen ja tarvikkeisiin.<\/li>\n<li>J\u00e4rjest\u00e4 tarvittavat ty\u00f6kalut ja tarvikkeet ty\u00f6n suorittamista varten.<\/li>\n<li>Tee maakaapelijatkos<\/li>\n<li>Hyv\u00e4ksyt\u00e4 ty\u00f6si opettajalla.<\/li>\n<\/ol>\n<p>Dokumentit:<\/p>\n<ul>\n<li><a href=\"https:\/\/blogit.gradia.fi\/sahkonet\/wp-content\/uploads\/sites\/80\/2017\/03\/maakaapelijatkos_PEM1230_II.pdf\">Asennusohje_maakaapelijatkos_PEM1230_II<\/a><\/li>\n<\/ul>\n","protected":false},"excerpt":{"rendered":"<p>Kuvaus Ty\u00f6n tarkoituksena on tutustua maakaapelijatkoksen tekemiseen. Ty\u00f6 tulee suunnitella huolellisesti ennen asennusten aloittamista. Ennen maakaapelijatkoksen tekemist\u00e4, opiskelijan tulee tutustua ohjeisiin huolellisesti. Asennukset Pyyd\u00e4 opettajalta l\u00e4mp\u00f6kutistejatkos ja AXMK-kaapelia. Tutustu huolellisesti maakaapelijatkoksen paketissa mukana olevaan asennusohjeeseen ja tarvikkeisiin. J\u00e4rjest\u00e4 tarvittavat ty\u00f6kalut ja tarvikkeet ty\u00f6n suorittamista varten. Tee maakaapelijatkos Hyv\u00e4ksyt\u00e4 ty\u00f6si opettajalla. Dokumentit: Asennusohje_maakaapelijatkos_PEM1230_II<\/p>\n","protected":false},"author":179,"featured_media":0,"parent":1604,"menu_order":6,"comment_status":"closed","ping_status":"closed","template":"","meta":{"_uag_custom_page_level_css":"","footnotes":""},"class_list":["post-1624","page","type-page","status-publish","hentry"],"yoast_head":"<!-- This site is optimized with the Yoast SEO plugin v27.4 - https:\/\/yoast.com\/product\/yoast-seo-wordpress\/ -->\n<title>6. Kaapelijatkos - S\u00e4hk\u00f6Net<\/title>\n<meta name=\"robots\" content=\"index, follow, max-snippet:-1, max-image-preview:large, max-video-preview:-1\" \/>\n<link rel=\"canonical\" href=\"https:\/\/blogit.gradia.fi\/sahkonet\/sahko-ja-energiatekniikka\/oppimistehtavat\/asennusharjoitukset\/kaapelijatkos\/\" \/>\n<meta property=\"og:locale\" content=\"fi_FI\" \/>\n<meta property=\"og:type\" content=\"article\" \/>\n<meta property=\"og:title\" content=\"6. Kaapelijatkos - S\u00e4hk\u00f6Net\" \/>\n<meta property=\"og:description\" content=\"Kuvaus Ty\u00f6n tarkoituksena on tutustua maakaapelijatkoksen tekemiseen. Ty\u00f6 tulee suunnitella huolellisesti ennen asennusten aloittamista. Ennen maakaapelijatkoksen tekemist\u00e4, opiskelijan tulee tutustua ohjeisiin huolellisesti. Asennukset Pyyd\u00e4 opettajalta l\u00e4mp\u00f6kutistejatkos ja AXMK-kaapelia. Tutustu huolellisesti maakaapelijatkoksen paketissa mukana olevaan asennusohjeeseen ja tarvikkeisiin. J\u00e4rjest\u00e4 tarvittavat ty\u00f6kalut ja tarvikkeet ty\u00f6n suorittamista varten. Tee maakaapelijatkos Hyv\u00e4ksyt\u00e4 ty\u00f6si opettajalla. Dokumentit: Asennusohje_maakaapelijatkos_PEM1230_II\" \/>\n<meta property=\"og:url\" content=\"https:\/\/blogit.gradia.fi\/sahkonet\/sahko-ja-energiatekniikka\/oppimistehtavat\/asennusharjoitukset\/kaapelijatkos\/\" \/>\n<meta property=\"og:site_name\" content=\"S\u00e4hk\u00f6Net\" \/>\n<meta property=\"article:modified_time\" content=\"2017-03-24T09:14:47+00:00\" \/>\n<meta name=\"twitter:card\" content=\"summary_large_image\" \/>\n<script type=\"application\/ld+json\" class=\"yoast-schema-graph\">{\"@context\":\"https:\\\/\\\/schema.org\",\"@graph\":[{\"@type\":\"WebPage\",\"@id\":\"https:\\\/\\\/blogit.gradia.fi\\\/sahkonet\\\/sahko-ja-energiatekniikka\\\/oppimistehtavat\\\/asennusharjoitukset\\\/kaapelijatkos\\\/\",\"url\":\"https:\\\/\\\/blogit.gradia.fi\\\/sahkonet\\\/sahko-ja-energiatekniikka\\\/oppimistehtavat\\\/asennusharjoitukset\\\/kaapelijatkos\\\/\",\"name\":\"6. Kaapelijatkos - S\u00e4hk\u00f6Net\",\"isPartOf\":{\"@id\":\"https:\\\/\\\/blogit.gradia.fi\\\/sahkonet\\\/#website\"},\"datePublished\":\"2017-03-24T09:12:34+00:00\",\"dateModified\":\"2017-03-24T09:14:47+00:00\",\"breadcrumb\":{\"@id\":\"https:\\\/\\\/blogit.gradia.fi\\\/sahkonet\\\/sahko-ja-energiatekniikka\\\/oppimistehtavat\\\/asennusharjoitukset\\\/kaapelijatkos\\\/#breadcrumb\"},\"inLanguage\":\"fi\",\"potentialAction\":[{\"@type\":\"ReadAction\",\"target\":[\"https:\\\/\\\/blogit.gradia.fi\\\/sahkonet\\\/sahko-ja-energiatekniikka\\\/oppimistehtavat\\\/asennusharjoitukset\\\/kaapelijatkos\\\/\"]}]},{\"@type\":\"BreadcrumbList\",\"@id\":\"https:\\\/\\\/blogit.gradia.fi\\\/sahkonet\\\/sahko-ja-energiatekniikka\\\/oppimistehtavat\\\/asennusharjoitukset\\\/kaapelijatkos\\\/#breadcrumb\",\"itemListElement\":[{\"@type\":\"ListItem\",\"position\":1,\"name\":\"S\u00e4hk\u00f6- ja energiatekniikka (20ov)\",\"item\":\"https:\\\/\\\/blogit.gradia.fi\\\/sahkonet\\\/sahko-ja-energiatekniikka\\\/\"},{\"@type\":\"ListItem\",\"position\":2,\"name\":\"Oppimisteht\u00e4v\u00e4t\",\"item\":\"https:\\\/\\\/blogit.gradia.fi\\\/sahkonet\\\/sahko-ja-energiatekniikka\\\/oppimistehtavat\\\/\"},{\"@type\":\"ListItem\",\"position\":3,\"name\":\"Asennusharjoitukset\",\"item\":\"https:\\\/\\\/blogit.gradia.fi\\\/sahkonet\\\/sahko-ja-energiatekniikka\\\/oppimistehtavat\\\/asennusharjoitukset\\\/\"},{\"@type\":\"ListItem\",\"position\":4,\"name\":\"6. Kaapelijatkos\"}]},{\"@type\":\"WebSite\",\"@id\":\"https:\\\/\\\/blogit.gradia.fi\\\/sahkonet\\\/#website\",\"url\":\"https:\\\/\\\/blogit.gradia.fi\\\/sahkonet\\\/\",\"name\":\"S\u00e4hk\u00f6Net\",\"description\":\"S\u00e4hk\u00f6- ja automaatiotekniikan perustutkinto\",\"potentialAction\":[{\"@type\":\"SearchAction\",\"target\":{\"@type\":\"EntryPoint\",\"urlTemplate\":\"https:\\\/\\\/blogit.gradia.fi\\\/sahkonet\\\/?s={search_term_string}\"},\"query-input\":{\"@type\":\"PropertyValueSpecification\",\"valueRequired\":true,\"valueName\":\"search_term_string\"}}],\"inLanguage\":\"fi\"}]}<\/script>\n<!-- \/ Yoast SEO plugin. -->","yoast_head_json":{"title":"6. Kaapelijatkos - S\u00e4hk\u00f6Net","robots":{"index":"index","follow":"follow","max-snippet":"max-snippet:-1","max-image-preview":"max-image-preview:large","max-video-preview":"max-video-preview:-1"},"canonical":"https:\/\/blogit.gradia.fi\/sahkonet\/sahko-ja-energiatekniikka\/oppimistehtavat\/asennusharjoitukset\/kaapelijatkos\/","og_locale":"fi_FI","og_type":"article","og_title":"6. Kaapelijatkos - S\u00e4hk\u00f6Net","og_description":"Kuvaus Ty\u00f6n tarkoituksena on tutustua maakaapelijatkoksen tekemiseen. Ty\u00f6 tulee suunnitella huolellisesti ennen asennusten aloittamista. Ennen maakaapelijatkoksen tekemist\u00e4, opiskelijan tulee tutustua ohjeisiin huolellisesti. Asennukset Pyyd\u00e4 opettajalta l\u00e4mp\u00f6kutistejatkos ja AXMK-kaapelia. Tutustu huolellisesti maakaapelijatkoksen paketissa mukana olevaan asennusohjeeseen ja tarvikkeisiin. J\u00e4rjest\u00e4 tarvittavat ty\u00f6kalut ja tarvikkeet ty\u00f6n suorittamista varten. Tee maakaapelijatkos Hyv\u00e4ksyt\u00e4 ty\u00f6si opettajalla. Dokumentit: Asennusohje_maakaapelijatkos_PEM1230_II","og_url":"https:\/\/blogit.gradia.fi\/sahkonet\/sahko-ja-energiatekniikka\/oppimistehtavat\/asennusharjoitukset\/kaapelijatkos\/","og_site_name":"S\u00e4hk\u00f6Net","article_modified_time":"2017-03-24T09:14:47+00:00","twitter_card":"summary_large_image","schema":{"@context":"https:\/\/schema.org","@graph":[{"@type":"WebPage","@id":"https:\/\/blogit.gradia.fi\/sahkonet\/sahko-ja-energiatekniikka\/oppimistehtavat\/asennusharjoitukset\/kaapelijatkos\/","url":"https:\/\/blogit.gradia.fi\/sahkonet\/sahko-ja-energiatekniikka\/oppimistehtavat\/asennusharjoitukset\/kaapelijatkos\/","name":"6. Kaapelijatkos - S\u00e4hk\u00f6Net","isPartOf":{"@id":"https:\/\/blogit.gradia.fi\/sahkonet\/#website"},"datePublished":"2017-03-24T09:12:34+00:00","dateModified":"2017-03-24T09:14:47+00:00","breadcrumb":{"@id":"https:\/\/blogit.gradia.fi\/sahkonet\/sahko-ja-energiatekniikka\/oppimistehtavat\/asennusharjoitukset\/kaapelijatkos\/#breadcrumb"},"inLanguage":"fi","potentialAction":[{"@type":"ReadAction","target":["https:\/\/blogit.gradia.fi\/sahkonet\/sahko-ja-energiatekniikka\/oppimistehtavat\/asennusharjoitukset\/kaapelijatkos\/"]}]},{"@type":"BreadcrumbList","@id":"https:\/\/blogit.gradia.fi\/sahkonet\/sahko-ja-energiatekniikka\/oppimistehtavat\/asennusharjoitukset\/kaapelijatkos\/#breadcrumb","itemListElement":[{"@type":"ListItem","position":1,"name":"S\u00e4hk\u00f6- ja energiatekniikka (20ov)","item":"https:\/\/blogit.gradia.fi\/sahkonet\/sahko-ja-energiatekniikka\/"},{"@type":"ListItem","position":2,"name":"Oppimisteht\u00e4v\u00e4t","item":"https:\/\/blogit.gradia.fi\/sahkonet\/sahko-ja-energiatekniikka\/oppimistehtavat\/"},{"@type":"ListItem","position":3,"name":"Asennusharjoitukset","item":"https:\/\/blogit.gradia.fi\/sahkonet\/sahko-ja-energiatekniikka\/oppimistehtavat\/asennusharjoitukset\/"},{"@type":"ListItem","position":4,"name":"6. Kaapelijatkos"}]},{"@type":"WebSite","@id":"https:\/\/blogit.gradia.fi\/sahkonet\/#website","url":"https:\/\/blogit.gradia.fi\/sahkonet\/","name":"S\u00e4hk\u00f6Net","description":"S\u00e4hk\u00f6- ja automaatiotekniikan perustutkinto","potentialAction":[{"@type":"SearchAction","target":{"@type":"EntryPoint","urlTemplate":"https:\/\/blogit.gradia.fi\/sahkonet\/?s={search_term_string}"},"query-input":{"@type":"PropertyValueSpecification","valueRequired":true,"valueName":"search_term_string"}}],"inLanguage":"fi"}]}},"uagb_featured_image_src":{"full":false,"thumbnail":false,"medium":false,"medium_large":false,"large":false,"1536x1536":false,"2048x2048":false,"post-thumbnail":false,"twentyfourteen-full-width":false},"uagb_author_info":{"display_name":"Pia Tolonen","author_link":"https:\/\/blogit.gradia.fi\/sahkonet\/author\/halmepia\/"},"uagb_comment_info":0,"uagb_excerpt":"Kuvaus Ty\u00f6n tarkoituksena on tutustua maakaapelijatkoksen tekemiseen. Ty\u00f6 tulee suunnitella huolellisesti ennen asennusten aloittamista. Ennen maakaapelijatkoksen tekemist\u00e4, opiskelijan tulee tutustua ohjeisiin huolellisesti. Asennukset Pyyd\u00e4 opettajalta l\u00e4mp\u00f6kutistejatkos ja AXMK-kaapelia. Tutustu huolellisesti maakaapelijatkoksen paketissa mukana olevaan asennusohjeeseen ja tarvikkeisiin. J\u00e4rjest\u00e4 tarvittavat ty\u00f6kalut ja tarvikkeet ty\u00f6n suorittamista varten. Tee maakaapelijatkos Hyv\u00e4ksyt\u00e4 ty\u00f6si opettajalla. Dokumentit: Asennusohje_maakaapelijatkos_PEM1230_II","_links":{"self":[{"href":"https:\/\/blogit.gradia.fi\/sahkonet\/wp-json\/wp\/v2\/pages\/1624","targetHints":{"allow":["GET"]}}],"collection":[{"href":"https:\/\/blogit.gradia.fi\/sahkonet\/wp-json\/wp\/v2\/pages"}],"about":[{"href":"https:\/\/blogit.gradia.fi\/sahkonet\/wp-json\/wp\/v2\/types\/page"}],"author":[{"embeddable":true,"href":"https:\/\/blogit.gradia.fi\/sahkonet\/wp-json\/wp\/v2\/users\/179"}],"replies":[{"embeddable":true,"href":"https:\/\/blogit.gradia.fi\/sahkonet\/wp-json\/wp\/v2\/comments?post=1624"}],"version-history":[{"count":0,"href":"https:\/\/blogit.gradia.fi\/sahkonet\/wp-json\/wp\/v2\/pages\/1624\/revisions"}],"up":[{"embeddable":true,"href":"https:\/\/blogit.gradia.fi\/sahkonet\/wp-json\/wp\/v2\/pages\/1604"}],"wp:attachment":[{"href":"https:\/\/blogit.gradia.fi\/sahkonet\/wp-json\/wp\/v2\/media?parent=1624"}],"curies":[{"name":"wp","href":"https:\/\/api.w.org\/{rel}","templated":true}]}}