{"id":1615,"date":"2017-03-24T09:32:22","date_gmt":"2017-03-24T07:32:22","guid":{"rendered":"https:\/\/blogit.gradia.fi\/sahkonet\/?page_id=1615"},"modified":"2017-03-24T11:15:17","modified_gmt":"2017-03-24T09:15:17","slug":"uppoasennuskoppi","status":"publish","type":"page","link":"https:\/\/blogit.gradia.fi\/sahkonet\/sahko-ja-energiatekniikka\/oppimistehtavat\/asennusharjoitukset\/uppoasennuskoppi\/","title":{"rendered":"2. Uppoasennuskoppi"},"content":{"rendered":"<h3>Kuvaus<\/h3>\n<p>Ty\u00f6n tarkoituksena on tutustua uppoasennuksen toteutukseen. Toteutuksessa on valaistukseen, pistorasioihin ja l\u00e4mmitykseen liittyvi\u00e4 elementtej\u00e4.<\/p>\n<p>Ty\u00f6 tulee suunnitella huolellisesti ennen asennusten aloittamista.<\/p>\n<h3>Asennukset<\/h3>\n<p>J\u00e4nnitteit\u00e4 ei saa kytke\u00e4 ilman opettajan lupaa.<\/p>\n<ol>\n<li>Tee tarvikeluettelo asennuksessa k\u00e4ytett\u00e4vist\u00e4 tarvikkeista<\/li>\n<li>Suunnittele kaapelointi<\/li>\n<li>T\u00e4ydenn\u00e4 keskuskaavio<\/li>\n<li>Kaapeloi ja kytke uppoasennuskoppi<\/li>\n<li>Suorita asennus- ja k\u00e4ytt\u00f6\u00f6nottotarkastus<\/li>\n<li>Tee toimintatestaus<\/li>\n<\/ol>\n<p><strong>Dokumentit:<\/strong><\/p>\n<ul>\n<li><a href=\"https:\/\/blogit.gradia.fi\/sahkonet\/wp-content\/uploads\/sites\/80\/2017\/03\/uppoasennuskoppi.pdf\">Tasokuva &#8211; uppoasennuskoppi<\/a><\/li>\n<li><a href=\"https:\/\/blogit.gradia.fi\/sahkonet\/wp-content\/uploads\/sites\/80\/2017\/03\/RU4E21S.pdf\">RU4E21S<\/a> p\u00e4\u00e4kaavio<\/li>\n<li><a href=\"https:\/\/blogit.gradia.fi\/sahkonet\/wp-content\/uploads\/sites\/80\/2017\/03\/Asennustarkastusp\u00f6yt\u00e4kirjan-t\u00e4ytt\u00f6ohje.pdf\">Asennustarkastusp\u00f6yt\u00e4kirjan t\u00e4ytt\u00f6ohje<\/a><\/li>\n<li><a href=\"https:\/\/blogit.gradia.fi\/sahkonet\/wp-content\/uploads\/sites\/80\/2017\/03\/Asennustarkastuslomake2.pdf\">Asennustarkastuslomake2<\/a><\/li>\n<\/ul>\n","protected":false},"excerpt":{"rendered":"<p>Kuvaus Ty\u00f6n tarkoituksena on tutustua uppoasennuksen toteutukseen. Toteutuksessa on valaistukseen, pistorasioihin ja l\u00e4mmitykseen liittyvi\u00e4 elementtej\u00e4. Ty\u00f6 tulee suunnitella huolellisesti ennen asennusten aloittamista. Asennukset J\u00e4nnitteit\u00e4 ei saa kytke\u00e4 ilman opettajan lupaa. Tee tarvikeluettelo asennuksessa k\u00e4ytett\u00e4vist\u00e4 tarvikkeista Suunnittele kaapelointi T\u00e4ydenn\u00e4 keskuskaavio Kaapeloi ja kytke uppoasennuskoppi Suorita asennus- ja k\u00e4ytt\u00f6\u00f6nottotarkastus Tee toimintatestaus Dokumentit: Tasokuva &#8211; uppoasennuskoppi RU4E21S p\u00e4\u00e4kaavio &hellip; <a href=\"https:\/\/blogit.gradia.fi\/sahkonet\/sahko-ja-energiatekniikka\/oppimistehtavat\/asennusharjoitukset\/uppoasennuskoppi\/\" class=\"more-link\">Jatka lukemista <span class=\"screen-reader-text\">2. Uppoasennuskoppi<\/span> <span class=\"meta-nav\">&rarr;<\/span><\/a><\/p>\n","protected":false},"author":179,"featured_media":0,"parent":1604,"menu_order":2,"comment_status":"closed","ping_status":"closed","template":"","meta":{"_uag_custom_page_level_css":"","footnotes":""},"class_list":["post-1615","page","type-page","status-publish","hentry"],"yoast_head":"<!-- This site is optimized with the Yoast SEO plugin v27.4 - https:\/\/yoast.com\/product\/yoast-seo-wordpress\/ -->\n<title>2. Uppoasennuskoppi - S\u00e4hk\u00f6Net<\/title>\n<meta name=\"robots\" content=\"index, follow, max-snippet:-1, max-image-preview:large, max-video-preview:-1\" \/>\n<link rel=\"canonical\" href=\"https:\/\/blogit.gradia.fi\/sahkonet\/sahko-ja-energiatekniikka\/oppimistehtavat\/asennusharjoitukset\/uppoasennuskoppi\/\" \/>\n<meta property=\"og:locale\" content=\"fi_FI\" \/>\n<meta property=\"og:type\" content=\"article\" \/>\n<meta property=\"og:title\" content=\"2. Uppoasennuskoppi - S\u00e4hk\u00f6Net\" \/>\n<meta property=\"og:description\" content=\"Kuvaus Ty\u00f6n tarkoituksena on tutustua uppoasennuksen toteutukseen. Toteutuksessa on valaistukseen, pistorasioihin ja l\u00e4mmitykseen liittyvi\u00e4 elementtej\u00e4. Ty\u00f6 tulee suunnitella huolellisesti ennen asennusten aloittamista. Asennukset J\u00e4nnitteit\u00e4 ei saa kytke\u00e4 ilman opettajan lupaa. Tee tarvikeluettelo asennuksessa k\u00e4ytett\u00e4vist\u00e4 tarvikkeista Suunnittele kaapelointi T\u00e4ydenn\u00e4 keskuskaavio Kaapeloi ja kytke uppoasennuskoppi Suorita asennus- ja k\u00e4ytt\u00f6\u00f6nottotarkastus Tee toimintatestaus Dokumentit: Tasokuva &#8211; uppoasennuskoppi RU4E21S p\u00e4\u00e4kaavio &hellip; Jatka lukemista 2. Uppoasennuskoppi &rarr;\" \/>\n<meta property=\"og:url\" content=\"https:\/\/blogit.gradia.fi\/sahkonet\/sahko-ja-energiatekniikka\/oppimistehtavat\/asennusharjoitukset\/uppoasennuskoppi\/\" \/>\n<meta property=\"og:site_name\" content=\"S\u00e4hk\u00f6Net\" \/>\n<meta property=\"article:modified_time\" content=\"2017-03-24T09:15:17+00:00\" \/>\n<meta name=\"twitter:card\" content=\"summary_large_image\" \/>\n<script type=\"application\/ld+json\" class=\"yoast-schema-graph\">{\"@context\":\"https:\\\/\\\/schema.org\",\"@graph\":[{\"@type\":\"WebPage\",\"@id\":\"https:\\\/\\\/blogit.gradia.fi\\\/sahkonet\\\/sahko-ja-energiatekniikka\\\/oppimistehtavat\\\/asennusharjoitukset\\\/uppoasennuskoppi\\\/\",\"url\":\"https:\\\/\\\/blogit.gradia.fi\\\/sahkonet\\\/sahko-ja-energiatekniikka\\\/oppimistehtavat\\\/asennusharjoitukset\\\/uppoasennuskoppi\\\/\",\"name\":\"2. Uppoasennuskoppi - S\u00e4hk\u00f6Net\",\"isPartOf\":{\"@id\":\"https:\\\/\\\/blogit.gradia.fi\\\/sahkonet\\\/#website\"},\"datePublished\":\"2017-03-24T07:32:22+00:00\",\"dateModified\":\"2017-03-24T09:15:17+00:00\",\"breadcrumb\":{\"@id\":\"https:\\\/\\\/blogit.gradia.fi\\\/sahkonet\\\/sahko-ja-energiatekniikka\\\/oppimistehtavat\\\/asennusharjoitukset\\\/uppoasennuskoppi\\\/#breadcrumb\"},\"inLanguage\":\"fi\",\"potentialAction\":[{\"@type\":\"ReadAction\",\"target\":[\"https:\\\/\\\/blogit.gradia.fi\\\/sahkonet\\\/sahko-ja-energiatekniikka\\\/oppimistehtavat\\\/asennusharjoitukset\\\/uppoasennuskoppi\\\/\"]}]},{\"@type\":\"BreadcrumbList\",\"@id\":\"https:\\\/\\\/blogit.gradia.fi\\\/sahkonet\\\/sahko-ja-energiatekniikka\\\/oppimistehtavat\\\/asennusharjoitukset\\\/uppoasennuskoppi\\\/#breadcrumb\",\"itemListElement\":[{\"@type\":\"ListItem\",\"position\":1,\"name\":\"S\u00e4hk\u00f6- ja energiatekniikka (20ov)\",\"item\":\"https:\\\/\\\/blogit.gradia.fi\\\/sahkonet\\\/sahko-ja-energiatekniikka\\\/\"},{\"@type\":\"ListItem\",\"position\":2,\"name\":\"Oppimisteht\u00e4v\u00e4t\",\"item\":\"https:\\\/\\\/blogit.gradia.fi\\\/sahkonet\\\/sahko-ja-energiatekniikka\\\/oppimistehtavat\\\/\"},{\"@type\":\"ListItem\",\"position\":3,\"name\":\"Asennusharjoitukset\",\"item\":\"https:\\\/\\\/blogit.gradia.fi\\\/sahkonet\\\/sahko-ja-energiatekniikka\\\/oppimistehtavat\\\/asennusharjoitukset\\\/\"},{\"@type\":\"ListItem\",\"position\":4,\"name\":\"2. Uppoasennuskoppi\"}]},{\"@type\":\"WebSite\",\"@id\":\"https:\\\/\\\/blogit.gradia.fi\\\/sahkonet\\\/#website\",\"url\":\"https:\\\/\\\/blogit.gradia.fi\\\/sahkonet\\\/\",\"name\":\"S\u00e4hk\u00f6Net\",\"description\":\"S\u00e4hk\u00f6- ja automaatiotekniikan perustutkinto\",\"potentialAction\":[{\"@type\":\"SearchAction\",\"target\":{\"@type\":\"EntryPoint\",\"urlTemplate\":\"https:\\\/\\\/blogit.gradia.fi\\\/sahkonet\\\/?s={search_term_string}\"},\"query-input\":{\"@type\":\"PropertyValueSpecification\",\"valueRequired\":true,\"valueName\":\"search_term_string\"}}],\"inLanguage\":\"fi\"}]}<\/script>\n<!-- \/ Yoast SEO plugin. -->","yoast_head_json":{"title":"2. Uppoasennuskoppi - S\u00e4hk\u00f6Net","robots":{"index":"index","follow":"follow","max-snippet":"max-snippet:-1","max-image-preview":"max-image-preview:large","max-video-preview":"max-video-preview:-1"},"canonical":"https:\/\/blogit.gradia.fi\/sahkonet\/sahko-ja-energiatekniikka\/oppimistehtavat\/asennusharjoitukset\/uppoasennuskoppi\/","og_locale":"fi_FI","og_type":"article","og_title":"2. Uppoasennuskoppi - S\u00e4hk\u00f6Net","og_description":"Kuvaus Ty\u00f6n tarkoituksena on tutustua uppoasennuksen toteutukseen. Toteutuksessa on valaistukseen, pistorasioihin ja l\u00e4mmitykseen liittyvi\u00e4 elementtej\u00e4. Ty\u00f6 tulee suunnitella huolellisesti ennen asennusten aloittamista. Asennukset J\u00e4nnitteit\u00e4 ei saa kytke\u00e4 ilman opettajan lupaa. Tee tarvikeluettelo asennuksessa k\u00e4ytett\u00e4vist\u00e4 tarvikkeista Suunnittele kaapelointi T\u00e4ydenn\u00e4 keskuskaavio Kaapeloi ja kytke uppoasennuskoppi Suorita asennus- ja k\u00e4ytt\u00f6\u00f6nottotarkastus Tee toimintatestaus Dokumentit: Tasokuva &#8211; uppoasennuskoppi RU4E21S p\u00e4\u00e4kaavio &hellip; Jatka lukemista 2. Uppoasennuskoppi &rarr;","og_url":"https:\/\/blogit.gradia.fi\/sahkonet\/sahko-ja-energiatekniikka\/oppimistehtavat\/asennusharjoitukset\/uppoasennuskoppi\/","og_site_name":"S\u00e4hk\u00f6Net","article_modified_time":"2017-03-24T09:15:17+00:00","twitter_card":"summary_large_image","schema":{"@context":"https:\/\/schema.org","@graph":[{"@type":"WebPage","@id":"https:\/\/blogit.gradia.fi\/sahkonet\/sahko-ja-energiatekniikka\/oppimistehtavat\/asennusharjoitukset\/uppoasennuskoppi\/","url":"https:\/\/blogit.gradia.fi\/sahkonet\/sahko-ja-energiatekniikka\/oppimistehtavat\/asennusharjoitukset\/uppoasennuskoppi\/","name":"2. Uppoasennuskoppi - S\u00e4hk\u00f6Net","isPartOf":{"@id":"https:\/\/blogit.gradia.fi\/sahkonet\/#website"},"datePublished":"2017-03-24T07:32:22+00:00","dateModified":"2017-03-24T09:15:17+00:00","breadcrumb":{"@id":"https:\/\/blogit.gradia.fi\/sahkonet\/sahko-ja-energiatekniikka\/oppimistehtavat\/asennusharjoitukset\/uppoasennuskoppi\/#breadcrumb"},"inLanguage":"fi","potentialAction":[{"@type":"ReadAction","target":["https:\/\/blogit.gradia.fi\/sahkonet\/sahko-ja-energiatekniikka\/oppimistehtavat\/asennusharjoitukset\/uppoasennuskoppi\/"]}]},{"@type":"BreadcrumbList","@id":"https:\/\/blogit.gradia.fi\/sahkonet\/sahko-ja-energiatekniikka\/oppimistehtavat\/asennusharjoitukset\/uppoasennuskoppi\/#breadcrumb","itemListElement":[{"@type":"ListItem","position":1,"name":"S\u00e4hk\u00f6- ja energiatekniikka (20ov)","item":"https:\/\/blogit.gradia.fi\/sahkonet\/sahko-ja-energiatekniikka\/"},{"@type":"ListItem","position":2,"name":"Oppimisteht\u00e4v\u00e4t","item":"https:\/\/blogit.gradia.fi\/sahkonet\/sahko-ja-energiatekniikka\/oppimistehtavat\/"},{"@type":"ListItem","position":3,"name":"Asennusharjoitukset","item":"https:\/\/blogit.gradia.fi\/sahkonet\/sahko-ja-energiatekniikka\/oppimistehtavat\/asennusharjoitukset\/"},{"@type":"ListItem","position":4,"name":"2. Uppoasennuskoppi"}]},{"@type":"WebSite","@id":"https:\/\/blogit.gradia.fi\/sahkonet\/#website","url":"https:\/\/blogit.gradia.fi\/sahkonet\/","name":"S\u00e4hk\u00f6Net","description":"S\u00e4hk\u00f6- ja automaatiotekniikan perustutkinto","potentialAction":[{"@type":"SearchAction","target":{"@type":"EntryPoint","urlTemplate":"https:\/\/blogit.gradia.fi\/sahkonet\/?s={search_term_string}"},"query-input":{"@type":"PropertyValueSpecification","valueRequired":true,"valueName":"search_term_string"}}],"inLanguage":"fi"}]}},"uagb_featured_image_src":{"full":false,"thumbnail":false,"medium":false,"medium_large":false,"large":false,"1536x1536":false,"2048x2048":false,"post-thumbnail":false,"twentyfourteen-full-width":false},"uagb_author_info":{"display_name":"Pia Tolonen","author_link":"https:\/\/blogit.gradia.fi\/sahkonet\/author\/halmepia\/"},"uagb_comment_info":0,"uagb_excerpt":"Kuvaus Ty\u00f6n tarkoituksena on tutustua uppoasennuksen toteutukseen. Toteutuksessa on valaistukseen, pistorasioihin ja l\u00e4mmitykseen liittyvi\u00e4 elementtej\u00e4. Ty\u00f6 tulee suunnitella huolellisesti ennen asennusten aloittamista. Asennukset J\u00e4nnitteit\u00e4 ei saa kytke\u00e4 ilman opettajan lupaa. Tee tarvikeluettelo asennuksessa k\u00e4ytett\u00e4vist\u00e4 tarvikkeista Suunnittele kaapelointi T\u00e4ydenn\u00e4 keskuskaavio Kaapeloi ja kytke uppoasennuskoppi Suorita asennus- ja k\u00e4ytt\u00f6\u00f6nottotarkastus Tee toimintatestaus Dokumentit: Tasokuva &#8211; uppoasennuskoppi RU4E21S p\u00e4\u00e4kaavio&hellip;","_links":{"self":[{"href":"https:\/\/blogit.gradia.fi\/sahkonet\/wp-json\/wp\/v2\/pages\/1615","targetHints":{"allow":["GET"]}}],"collection":[{"href":"https:\/\/blogit.gradia.fi\/sahkonet\/wp-json\/wp\/v2\/pages"}],"about":[{"href":"https:\/\/blogit.gradia.fi\/sahkonet\/wp-json\/wp\/v2\/types\/page"}],"author":[{"embeddable":true,"href":"https:\/\/blogit.gradia.fi\/sahkonet\/wp-json\/wp\/v2\/users\/179"}],"replies":[{"embeddable":true,"href":"https:\/\/blogit.gradia.fi\/sahkonet\/wp-json\/wp\/v2\/comments?post=1615"}],"version-history":[{"count":0,"href":"https:\/\/blogit.gradia.fi\/sahkonet\/wp-json\/wp\/v2\/pages\/1615\/revisions"}],"up":[{"embeddable":true,"href":"https:\/\/blogit.gradia.fi\/sahkonet\/wp-json\/wp\/v2\/pages\/1604"}],"wp:attachment":[{"href":"https:\/\/blogit.gradia.fi\/sahkonet\/wp-json\/wp\/v2\/media?parent=1615"}],"curies":[{"name":"wp","href":"https:\/\/api.w.org\/{rel}","templated":true}]}}