{"id":1607,"date":"2017-03-23T13:18:13","date_gmt":"2017-03-23T11:18:13","guid":{"rendered":"https:\/\/blogit.gradia.fi\/sahkonet\/?page_id=1607"},"modified":"2017-03-24T11:15:29","modified_gmt":"2017-03-24T09:15:29","slug":"rivitalon-pk-ja-rk","status":"publish","type":"page","link":"https:\/\/blogit.gradia.fi\/sahkonet\/sahko-ja-energiatekniikka\/oppimistehtavat\/asennusharjoitukset\/rivitalon-pk-ja-rk\/","title":{"rendered":"4. Rivitalon PK ja RK"},"content":{"rendered":"<h3>Kuvaus<\/h3>\n<p>Ty\u00f6n tarkoituksena on tutustua rivitalon p\u00e4\u00e4- ja ryhm\u00e4keskusten kytkent\u00e4\u00e4n.<\/p>\n<p>Ty\u00f6 tulee suunnitella huolellisesti ennen asennusten aloittamista.<\/p>\n<h3>Asennukset<\/h3>\n<ol>\n<li>Talokaapelin ja kuluttajamaadoituksen asennus<\/li>\n<li>Nousujohtojen asennus<\/li>\n<li>Ohjausjohtojen asennus<\/li>\n<li>Ulkovalaistuksen asennus<\/li>\n<li>Autol\u00e4mmitystolppien asennus<\/li>\n<li>kWh-mittareiden asennus<\/li>\n<li>Kellokytkimen ohjelmointi<\/li>\n<li>Huoneistojen nousu- ja ohjausjohtojen kytkent\u00e4<\/li>\n<\/ol>\n<p><strong>Huoneistojen ryhm\u00e4keskukselta l\u00e4htee seuraavat ryhm\u00e4johdot:<\/strong><\/p>\n<ol>\n<li>Ohjaava tasol\u00e4mmitin (master) ja orjal\u00e4mmitin (slave)<\/li>\n<li>Kiuas<\/li>\n<li>&#8221;K\u00e4yt\u00e4v\u00e4valaistus&#8221;. Ohjaus painikkeilla sys\u00e4ysreleelle keskuksella<\/li>\n<li>&#8221;Ulkovalaistus&#8221;. ohjaus p\u00e4\u00e4ll\u00e4\/pois\/automaatti kello-h\u00e4m\u00e4r\u00e4-l\u00e4hestymiskytkin<\/li>\n<li>3-vaihepistorasia 5x16A<\/li>\n<li>Pistorasia 16A<\/li>\n<li>SLY1.3 kytkenn\u00e4n teko ryhm\u00e4keskukseen<\/li>\n<li>Ryhm\u00e4keskuksen kytkeminen<\/li>\n<\/ol>\n<p><strong>Lis\u00e4tietoja:<\/strong><\/p>\n<p>Kun kiuas l\u00e4htee p\u00e4\u00e4lle, tasol\u00e4mmittimet menev\u00e4t pois p\u00e4\u00e4lt\u00e4 tai vaihtoehtoisesti k\u00e4ytet\u00e4\u00e4n l\u00e4mp\u00f6tilan pudotusta.<\/p>\n<p>Suoritetaan m\u00e4\u00e4r\u00e4ysten mukaiset asennus- ja k\u00e4ytt\u00f6\u00f6nottotarkastukset.<\/p>\n<p>J\u00e4nnite kytket\u00e4\u00e4n vasta sen j\u00e4lkeen kun vastuuopettaja on antanut luvan.<\/p>\n<p>Suoritetaan toimintatestaus.<\/p>\n<p><strong>Dokumentit:<\/strong><\/p>\n<ul>\n<li><a href=\"https:\/\/www.ensto.com\/files\/documents\/keskukset\/Paakaaviot\/PDF\/ESSV365-42_E.pdf\" target=\"_blank\">https:\/\/www.ensto.com\/files\/documents\/keskukset\/Paakaaviot\/PDF\/ESSV365-42_E.pdf<\/a><\/li>\n<li><a href=\"https:\/\/blogit.gradia.fi\/sahkonet\/wp-content\/uploads\/sites\/80\/2017\/03\/RIVITALOKESKUS_ENSTO_ESSV365-42_E.pdf\">RIVITALOKESKUS_ENSTO_ESSV365-42_E<\/a><\/li>\n<li>Kello:<a href=\"https:\/\/blogit.gradia.fi\/sahkonet\/wp-content\/uploads\/sites\/80\/2017\/03\/kaksiaikamittaus_rivitalot.pdf\"> kaksiaikamittaus_rivitalot<\/a><\/li>\n<\/ul>\n","protected":false},"excerpt":{"rendered":"<p>Kuvaus Ty\u00f6n tarkoituksena on tutustua rivitalon p\u00e4\u00e4- ja ryhm\u00e4keskusten kytkent\u00e4\u00e4n. Ty\u00f6 tulee suunnitella huolellisesti ennen asennusten aloittamista. Asennukset Talokaapelin ja kuluttajamaadoituksen asennus Nousujohtojen asennus Ohjausjohtojen asennus Ulkovalaistuksen asennus Autol\u00e4mmitystolppien asennus kWh-mittareiden asennus Kellokytkimen ohjelmointi Huoneistojen nousu- ja ohjausjohtojen kytkent\u00e4 Huoneistojen ryhm\u00e4keskukselta l\u00e4htee seuraavat ryhm\u00e4johdot: Ohjaava tasol\u00e4mmitin (master) ja orjal\u00e4mmitin (slave) Kiuas &#8221;K\u00e4yt\u00e4v\u00e4valaistus&#8221;. Ohjaus painikkeilla sys\u00e4ysreleelle &hellip; <a href=\"https:\/\/blogit.gradia.fi\/sahkonet\/sahko-ja-energiatekniikka\/oppimistehtavat\/asennusharjoitukset\/rivitalon-pk-ja-rk\/\" class=\"more-link\">Jatka lukemista <span class=\"screen-reader-text\">4. Rivitalon PK ja RK<\/span> <span class=\"meta-nav\">&rarr;<\/span><\/a><\/p>\n","protected":false},"author":179,"featured_media":0,"parent":1604,"menu_order":4,"comment_status":"closed","ping_status":"closed","template":"","meta":{"_uag_custom_page_level_css":"","footnotes":""},"class_list":["post-1607","page","type-page","status-publish","hentry"],"yoast_head":"<!-- This site is optimized with the Yoast SEO plugin v27.4 - https:\/\/yoast.com\/product\/yoast-seo-wordpress\/ -->\n<title>4. Rivitalon PK ja RK - S\u00e4hk\u00f6Net<\/title>\n<meta name=\"robots\" content=\"index, follow, max-snippet:-1, max-image-preview:large, max-video-preview:-1\" \/>\n<link rel=\"canonical\" href=\"https:\/\/blogit.gradia.fi\/sahkonet\/sahko-ja-energiatekniikka\/oppimistehtavat\/asennusharjoitukset\/rivitalon-pk-ja-rk\/\" \/>\n<meta property=\"og:locale\" content=\"fi_FI\" \/>\n<meta property=\"og:type\" content=\"article\" \/>\n<meta property=\"og:title\" content=\"4. Rivitalon PK ja RK - S\u00e4hk\u00f6Net\" \/>\n<meta property=\"og:description\" content=\"Kuvaus Ty\u00f6n tarkoituksena on tutustua rivitalon p\u00e4\u00e4- ja ryhm\u00e4keskusten kytkent\u00e4\u00e4n. Ty\u00f6 tulee suunnitella huolellisesti ennen asennusten aloittamista. Asennukset Talokaapelin ja kuluttajamaadoituksen asennus Nousujohtojen asennus Ohjausjohtojen asennus Ulkovalaistuksen asennus Autol\u00e4mmitystolppien asennus kWh-mittareiden asennus Kellokytkimen ohjelmointi Huoneistojen nousu- ja ohjausjohtojen kytkent\u00e4 Huoneistojen ryhm\u00e4keskukselta l\u00e4htee seuraavat ryhm\u00e4johdot: Ohjaava tasol\u00e4mmitin (master) ja orjal\u00e4mmitin (slave) Kiuas &#8221;K\u00e4yt\u00e4v\u00e4valaistus&#8221;. Ohjaus painikkeilla sys\u00e4ysreleelle &hellip; Jatka lukemista 4. Rivitalon PK ja RK &rarr;\" \/>\n<meta property=\"og:url\" content=\"https:\/\/blogit.gradia.fi\/sahkonet\/sahko-ja-energiatekniikka\/oppimistehtavat\/asennusharjoitukset\/rivitalon-pk-ja-rk\/\" \/>\n<meta property=\"og:site_name\" content=\"S\u00e4hk\u00f6Net\" \/>\n<meta property=\"article:modified_time\" content=\"2017-03-24T09:15:29+00:00\" \/>\n<meta name=\"twitter:card\" content=\"summary_large_image\" \/>\n<meta name=\"twitter:label1\" content=\"Arvioitu lukuaika\" \/>\n\t<meta name=\"twitter:data1\" content=\"1 minuutti\" \/>\n<script type=\"application\/ld+json\" class=\"yoast-schema-graph\">{\"@context\":\"https:\\\/\\\/schema.org\",\"@graph\":[{\"@type\":\"WebPage\",\"@id\":\"https:\\\/\\\/blogit.gradia.fi\\\/sahkonet\\\/sahko-ja-energiatekniikka\\\/oppimistehtavat\\\/asennusharjoitukset\\\/rivitalon-pk-ja-rk\\\/\",\"url\":\"https:\\\/\\\/blogit.gradia.fi\\\/sahkonet\\\/sahko-ja-energiatekniikka\\\/oppimistehtavat\\\/asennusharjoitukset\\\/rivitalon-pk-ja-rk\\\/\",\"name\":\"4. Rivitalon PK ja RK - S\u00e4hk\u00f6Net\",\"isPartOf\":{\"@id\":\"https:\\\/\\\/blogit.gradia.fi\\\/sahkonet\\\/#website\"},\"datePublished\":\"2017-03-23T11:18:13+00:00\",\"dateModified\":\"2017-03-24T09:15:29+00:00\",\"breadcrumb\":{\"@id\":\"https:\\\/\\\/blogit.gradia.fi\\\/sahkonet\\\/sahko-ja-energiatekniikka\\\/oppimistehtavat\\\/asennusharjoitukset\\\/rivitalon-pk-ja-rk\\\/#breadcrumb\"},\"inLanguage\":\"fi\",\"potentialAction\":[{\"@type\":\"ReadAction\",\"target\":[\"https:\\\/\\\/blogit.gradia.fi\\\/sahkonet\\\/sahko-ja-energiatekniikka\\\/oppimistehtavat\\\/asennusharjoitukset\\\/rivitalon-pk-ja-rk\\\/\"]}]},{\"@type\":\"BreadcrumbList\",\"@id\":\"https:\\\/\\\/blogit.gradia.fi\\\/sahkonet\\\/sahko-ja-energiatekniikka\\\/oppimistehtavat\\\/asennusharjoitukset\\\/rivitalon-pk-ja-rk\\\/#breadcrumb\",\"itemListElement\":[{\"@type\":\"ListItem\",\"position\":1,\"name\":\"S\u00e4hk\u00f6- ja energiatekniikka (20ov)\",\"item\":\"https:\\\/\\\/blogit.gradia.fi\\\/sahkonet\\\/sahko-ja-energiatekniikka\\\/\"},{\"@type\":\"ListItem\",\"position\":2,\"name\":\"Oppimisteht\u00e4v\u00e4t\",\"item\":\"https:\\\/\\\/blogit.gradia.fi\\\/sahkonet\\\/sahko-ja-energiatekniikka\\\/oppimistehtavat\\\/\"},{\"@type\":\"ListItem\",\"position\":3,\"name\":\"Asennusharjoitukset\",\"item\":\"https:\\\/\\\/blogit.gradia.fi\\\/sahkonet\\\/sahko-ja-energiatekniikka\\\/oppimistehtavat\\\/asennusharjoitukset\\\/\"},{\"@type\":\"ListItem\",\"position\":4,\"name\":\"4. Rivitalon PK ja RK\"}]},{\"@type\":\"WebSite\",\"@id\":\"https:\\\/\\\/blogit.gradia.fi\\\/sahkonet\\\/#website\",\"url\":\"https:\\\/\\\/blogit.gradia.fi\\\/sahkonet\\\/\",\"name\":\"S\u00e4hk\u00f6Net\",\"description\":\"S\u00e4hk\u00f6- ja automaatiotekniikan perustutkinto\",\"potentialAction\":[{\"@type\":\"SearchAction\",\"target\":{\"@type\":\"EntryPoint\",\"urlTemplate\":\"https:\\\/\\\/blogit.gradia.fi\\\/sahkonet\\\/?s={search_term_string}\"},\"query-input\":{\"@type\":\"PropertyValueSpecification\",\"valueRequired\":true,\"valueName\":\"search_term_string\"}}],\"inLanguage\":\"fi\"}]}<\/script>\n<!-- \/ Yoast SEO plugin. -->","yoast_head_json":{"title":"4. Rivitalon PK ja RK - S\u00e4hk\u00f6Net","robots":{"index":"index","follow":"follow","max-snippet":"max-snippet:-1","max-image-preview":"max-image-preview:large","max-video-preview":"max-video-preview:-1"},"canonical":"https:\/\/blogit.gradia.fi\/sahkonet\/sahko-ja-energiatekniikka\/oppimistehtavat\/asennusharjoitukset\/rivitalon-pk-ja-rk\/","og_locale":"fi_FI","og_type":"article","og_title":"4. Rivitalon PK ja RK - S\u00e4hk\u00f6Net","og_description":"Kuvaus Ty\u00f6n tarkoituksena on tutustua rivitalon p\u00e4\u00e4- ja ryhm\u00e4keskusten kytkent\u00e4\u00e4n. Ty\u00f6 tulee suunnitella huolellisesti ennen asennusten aloittamista. Asennukset Talokaapelin ja kuluttajamaadoituksen asennus Nousujohtojen asennus Ohjausjohtojen asennus Ulkovalaistuksen asennus Autol\u00e4mmitystolppien asennus kWh-mittareiden asennus Kellokytkimen ohjelmointi Huoneistojen nousu- ja ohjausjohtojen kytkent\u00e4 Huoneistojen ryhm\u00e4keskukselta l\u00e4htee seuraavat ryhm\u00e4johdot: Ohjaava tasol\u00e4mmitin (master) ja orjal\u00e4mmitin (slave) Kiuas &#8221;K\u00e4yt\u00e4v\u00e4valaistus&#8221;. Ohjaus painikkeilla sys\u00e4ysreleelle &hellip; Jatka lukemista 4. Rivitalon PK ja RK &rarr;","og_url":"https:\/\/blogit.gradia.fi\/sahkonet\/sahko-ja-energiatekniikka\/oppimistehtavat\/asennusharjoitukset\/rivitalon-pk-ja-rk\/","og_site_name":"S\u00e4hk\u00f6Net","article_modified_time":"2017-03-24T09:15:29+00:00","twitter_card":"summary_large_image","twitter_misc":{"Arvioitu lukuaika":"1 minuutti"},"schema":{"@context":"https:\/\/schema.org","@graph":[{"@type":"WebPage","@id":"https:\/\/blogit.gradia.fi\/sahkonet\/sahko-ja-energiatekniikka\/oppimistehtavat\/asennusharjoitukset\/rivitalon-pk-ja-rk\/","url":"https:\/\/blogit.gradia.fi\/sahkonet\/sahko-ja-energiatekniikka\/oppimistehtavat\/asennusharjoitukset\/rivitalon-pk-ja-rk\/","name":"4. Rivitalon PK ja RK - S\u00e4hk\u00f6Net","isPartOf":{"@id":"https:\/\/blogit.gradia.fi\/sahkonet\/#website"},"datePublished":"2017-03-23T11:18:13+00:00","dateModified":"2017-03-24T09:15:29+00:00","breadcrumb":{"@id":"https:\/\/blogit.gradia.fi\/sahkonet\/sahko-ja-energiatekniikka\/oppimistehtavat\/asennusharjoitukset\/rivitalon-pk-ja-rk\/#breadcrumb"},"inLanguage":"fi","potentialAction":[{"@type":"ReadAction","target":["https:\/\/blogit.gradia.fi\/sahkonet\/sahko-ja-energiatekniikka\/oppimistehtavat\/asennusharjoitukset\/rivitalon-pk-ja-rk\/"]}]},{"@type":"BreadcrumbList","@id":"https:\/\/blogit.gradia.fi\/sahkonet\/sahko-ja-energiatekniikka\/oppimistehtavat\/asennusharjoitukset\/rivitalon-pk-ja-rk\/#breadcrumb","itemListElement":[{"@type":"ListItem","position":1,"name":"S\u00e4hk\u00f6- ja energiatekniikka (20ov)","item":"https:\/\/blogit.gradia.fi\/sahkonet\/sahko-ja-energiatekniikka\/"},{"@type":"ListItem","position":2,"name":"Oppimisteht\u00e4v\u00e4t","item":"https:\/\/blogit.gradia.fi\/sahkonet\/sahko-ja-energiatekniikka\/oppimistehtavat\/"},{"@type":"ListItem","position":3,"name":"Asennusharjoitukset","item":"https:\/\/blogit.gradia.fi\/sahkonet\/sahko-ja-energiatekniikka\/oppimistehtavat\/asennusharjoitukset\/"},{"@type":"ListItem","position":4,"name":"4. Rivitalon PK ja RK"}]},{"@type":"WebSite","@id":"https:\/\/blogit.gradia.fi\/sahkonet\/#website","url":"https:\/\/blogit.gradia.fi\/sahkonet\/","name":"S\u00e4hk\u00f6Net","description":"S\u00e4hk\u00f6- ja automaatiotekniikan perustutkinto","potentialAction":[{"@type":"SearchAction","target":{"@type":"EntryPoint","urlTemplate":"https:\/\/blogit.gradia.fi\/sahkonet\/?s={search_term_string}"},"query-input":{"@type":"PropertyValueSpecification","valueRequired":true,"valueName":"search_term_string"}}],"inLanguage":"fi"}]}},"uagb_featured_image_src":{"full":false,"thumbnail":false,"medium":false,"medium_large":false,"large":false,"1536x1536":false,"2048x2048":false,"post-thumbnail":false,"twentyfourteen-full-width":false},"uagb_author_info":{"display_name":"Pia Tolonen","author_link":"https:\/\/blogit.gradia.fi\/sahkonet\/author\/halmepia\/"},"uagb_comment_info":0,"uagb_excerpt":"Kuvaus Ty\u00f6n tarkoituksena on tutustua rivitalon p\u00e4\u00e4- ja ryhm\u00e4keskusten kytkent\u00e4\u00e4n. Ty\u00f6 tulee suunnitella huolellisesti ennen asennusten aloittamista. Asennukset Talokaapelin ja kuluttajamaadoituksen asennus Nousujohtojen asennus Ohjausjohtojen asennus Ulkovalaistuksen asennus Autol\u00e4mmitystolppien asennus kWh-mittareiden asennus Kellokytkimen ohjelmointi Huoneistojen nousu- ja ohjausjohtojen kytkent\u00e4 Huoneistojen ryhm\u00e4keskukselta l\u00e4htee seuraavat ryhm\u00e4johdot: Ohjaava tasol\u00e4mmitin (master) ja orjal\u00e4mmitin (slave) Kiuas &#8221;K\u00e4yt\u00e4v\u00e4valaistus&#8221;. Ohjaus painikkeilla sys\u00e4ysreleelle&hellip;","_links":{"self":[{"href":"https:\/\/blogit.gradia.fi\/sahkonet\/wp-json\/wp\/v2\/pages\/1607","targetHints":{"allow":["GET"]}}],"collection":[{"href":"https:\/\/blogit.gradia.fi\/sahkonet\/wp-json\/wp\/v2\/pages"}],"about":[{"href":"https:\/\/blogit.gradia.fi\/sahkonet\/wp-json\/wp\/v2\/types\/page"}],"author":[{"embeddable":true,"href":"https:\/\/blogit.gradia.fi\/sahkonet\/wp-json\/wp\/v2\/users\/179"}],"replies":[{"embeddable":true,"href":"https:\/\/blogit.gradia.fi\/sahkonet\/wp-json\/wp\/v2\/comments?post=1607"}],"version-history":[{"count":0,"href":"https:\/\/blogit.gradia.fi\/sahkonet\/wp-json\/wp\/v2\/pages\/1607\/revisions"}],"up":[{"embeddable":true,"href":"https:\/\/blogit.gradia.fi\/sahkonet\/wp-json\/wp\/v2\/pages\/1604"}],"wp:attachment":[{"href":"https:\/\/blogit.gradia.fi\/sahkonet\/wp-json\/wp\/v2\/media?parent=1607"}],"curies":[{"name":"wp","href":"https:\/\/api.w.org\/{rel}","templated":true}]}}