{"id":1587,"date":"2016-11-10T13:11:32","date_gmt":"2016-11-10T11:11:32","guid":{"rendered":"https:\/\/blogit.gradia.fi\/sahkonet\/?page_id=1587"},"modified":"2016-11-10T13:11:32","modified_gmt":"2016-11-10T11:11:32","slug":"anturit","status":"publish","type":"page","link":"https:\/\/blogit.gradia.fi\/sahkonet\/kappaletavara-automaatio\/tehtavat\/anturit\/","title":{"rendered":"Anturit"},"content":{"rendered":"<p><strong>L\u00e4sn\u00e4oloa tunnistavat anturit:<\/strong><\/p>\n<ul>\n<li>Mekaaninen rajakytkin<\/li>\n<li>Induktiivinen anturi<\/li>\n<li>Kapasitiivinen anturi<\/li>\n<li>Valokenno<\/li>\n<li>Reed-rele<\/li>\n<\/ul>\n<p>Lue materiaali &#8211; <a href=\"https:\/\/blogit.gradia.fi\/sahkonet\/wp-content\/uploads\/sites\/80\/2016\/11\/anturit.pdf\">anturit<\/a><\/p>\n<p>Selvit\u00e4 (k\u00e4yt\u00e4 hyv\u00e4ksesi anturien valmistajien datalehti\u00e4 &#8211; merkitse l\u00e4hteet = linkki anturin datalehdelle)<\/p>\n<ul>\n<li>Mink\u00e4lainen tyypillinen mekaaninen rakenne?<\/li>\n<li>Miten toimii?<\/li>\n<li>Tyypilliset kytkent\u00e4taajuudet?<\/li>\n<li>Toimintaolosuhteet? (l\u00e4mp\u00f6tila, kosteus, p\u00f6ly)<\/li>\n<li>Mit\u00e4 materiaaleja tunnistaa? (mitattava suure?) Mink\u00e4 kokoisia, muotoisia ja mit\u00e4 materiaalia tunnistettava kappale?<\/li>\n<li>Milt\u00e4 et\u00e4isyydelt\u00e4, toimintaet\u00e4isyys?<\/li>\n<li>Mill\u00e4 tarkkuudella?<\/li>\n<li>K\u00e4ytt\u00f6j\u00e4nnitteet? Kytkenn\u00e4t?<\/li>\n<li>Mink\u00e4lainen signaali outputista? (digitaalinen, analoginen)<\/li>\n<li>K\u00e4ytt\u00f6kohteita?<\/li>\n<li>Vahvuuksia ja heikkouksia?<\/li>\n<li>Hinta?<\/li>\n<\/ul>\n<ul>\n<li>Mitk\u00e4 ovat optisen l\u00e4hestymisanturin kolme toimintaperiaatetta?<\/li>\n<\/ul>\n<p>Tee yksi raportti wordill\u00e4 ja palauta se omaan tiedostokansioosi. Merkitse raporttiin my\u00f6s ryhm\u00e4\u00e4n kuuluneiden nimet.<\/p>\n<p><strong>Linkkej\u00e4:<\/strong><\/p>\n<p><a href=\"http:\/\/ecatalogue.schneider-electric.fi\/GroupList.aspx?navid=24851&amp;navoption=1\">http:\/\/ecatalogue.schneider-electric.fi\/GroupList.aspx?navid=24851&amp;navoption=1<\/a><\/p>\n<p><a href=\"http:\/\/industrial.omron.fi\/fi\/products\/catalogue\/sensing\/default.html\" target=\"_blank\">http:\/\/industrial.omron.fi\/fi\/products\/catalogue\/sensing\/default.html<\/a><\/p>\n<p><a href=\"http:\/\/www.sick.com\/fi\/fi-fi\/home\/products\/product_portfolio\/Pages\/product_overview.aspx\" target=\"_blank\">http:\/\/www.sick.com\/fi\/fi-fi\/home\/products\/product_portfolio\/Pages\/product_overview.aspx<\/a><\/p>\n<p><a href=\"http:\/\/www.bebek.fi\" target=\"_blank\">www.bebek.fi<\/a><\/p>\n<p><a href=\"http:\/\/www.finnparttia.fi\/kuvat\/fp_hinnasto.pdf\" target=\"_blank\">http:\/\/www.finnparttia.fi\/kuvat\/fp_hinnasto.pdf<\/a> (s. 105, 207-209, )<\/p>\n<p><a href=\"https:\/\/www.elfaelektroniikka.fi\/elfa3%7Efi_fi\/elfa\/init.do?toc=18996&amp;name=Anturit\" target=\"_blank\">https:\/\/www.elfaelektroniikka.fi\/elfa3~fi_fi\/elfa\/init.do?toc=18996&amp;name=Anturit<\/a><\/p>\n","protected":false},"excerpt":{"rendered":"<p>L\u00e4sn\u00e4oloa tunnistavat anturit: Mekaaninen rajakytkin Induktiivinen anturi Kapasitiivinen anturi Valokenno Reed-rele Lue materiaali &#8211; anturit Selvit\u00e4 (k\u00e4yt\u00e4 hyv\u00e4ksesi anturien valmistajien datalehti\u00e4 &#8211; merkitse l\u00e4hteet = linkki anturin datalehdelle) Mink\u00e4lainen tyypillinen mekaaninen rakenne? Miten toimii? Tyypilliset kytkent\u00e4taajuudet? Toimintaolosuhteet? (l\u00e4mp\u00f6tila, kosteus, p\u00f6ly) Mit\u00e4 materiaaleja tunnistaa? (mitattava suure?) Mink\u00e4 kokoisia, muotoisia ja mit\u00e4 materiaalia tunnistettava kappale? Milt\u00e4 et\u00e4isyydelt\u00e4, &hellip; <a href=\"https:\/\/blogit.gradia.fi\/sahkonet\/kappaletavara-automaatio\/tehtavat\/anturit\/\" class=\"more-link\">Jatka lukemista <span class=\"screen-reader-text\">Anturit<\/span> <span class=\"meta-nav\">&rarr;<\/span><\/a><\/p>\n","protected":false},"author":179,"featured_media":0,"parent":1573,"menu_order":3,"comment_status":"closed","ping_status":"closed","template":"","meta":{"_uag_custom_page_level_css":"","footnotes":""},"class_list":["post-1587","page","type-page","status-publish","hentry"],"yoast_head":"<!-- This site is optimized with the Yoast SEO plugin v27.4 - https:\/\/yoast.com\/product\/yoast-seo-wordpress\/ -->\n<title>Anturit - S\u00e4hk\u00f6Net<\/title>\n<meta name=\"robots\" content=\"index, follow, max-snippet:-1, max-image-preview:large, max-video-preview:-1\" \/>\n<link rel=\"canonical\" href=\"https:\/\/blogit.gradia.fi\/sahkonet\/kappaletavara-automaatio\/tehtavat\/anturit\/\" \/>\n<meta property=\"og:locale\" content=\"fi_FI\" \/>\n<meta property=\"og:type\" content=\"article\" \/>\n<meta property=\"og:title\" content=\"Anturit - S\u00e4hk\u00f6Net\" \/>\n<meta property=\"og:description\" content=\"L\u00e4sn\u00e4oloa tunnistavat anturit: Mekaaninen rajakytkin Induktiivinen anturi Kapasitiivinen anturi Valokenno Reed-rele Lue materiaali &#8211; anturit Selvit\u00e4 (k\u00e4yt\u00e4 hyv\u00e4ksesi anturien valmistajien datalehti\u00e4 &#8211; merkitse l\u00e4hteet = linkki anturin datalehdelle) Mink\u00e4lainen tyypillinen mekaaninen rakenne? Miten toimii? Tyypilliset kytkent\u00e4taajuudet? Toimintaolosuhteet? (l\u00e4mp\u00f6tila, kosteus, p\u00f6ly) Mit\u00e4 materiaaleja tunnistaa? (mitattava suure?) Mink\u00e4 kokoisia, muotoisia ja mit\u00e4 materiaalia tunnistettava kappale? Milt\u00e4 et\u00e4isyydelt\u00e4, &hellip; Jatka lukemista Anturit &rarr;\" \/>\n<meta property=\"og:url\" content=\"https:\/\/blogit.gradia.fi\/sahkonet\/kappaletavara-automaatio\/tehtavat\/anturit\/\" \/>\n<meta property=\"og:site_name\" content=\"S\u00e4hk\u00f6Net\" \/>\n<meta name=\"twitter:card\" content=\"summary_large_image\" \/>\n<meta name=\"twitter:label1\" content=\"Arvioitu lukuaika\" \/>\n\t<meta name=\"twitter:data1\" content=\"1 minuutti\" \/>\n<script type=\"application\/ld+json\" class=\"yoast-schema-graph\">{\"@context\":\"https:\\\/\\\/schema.org\",\"@graph\":[{\"@type\":\"WebPage\",\"@id\":\"https:\\\/\\\/blogit.gradia.fi\\\/sahkonet\\\/kappaletavara-automaatio\\\/tehtavat\\\/anturit\\\/\",\"url\":\"https:\\\/\\\/blogit.gradia.fi\\\/sahkonet\\\/kappaletavara-automaatio\\\/tehtavat\\\/anturit\\\/\",\"name\":\"Anturit - S\u00e4hk\u00f6Net\",\"isPartOf\":{\"@id\":\"https:\\\/\\\/blogit.gradia.fi\\\/sahkonet\\\/#website\"},\"datePublished\":\"2016-11-10T11:11:32+00:00\",\"breadcrumb\":{\"@id\":\"https:\\\/\\\/blogit.gradia.fi\\\/sahkonet\\\/kappaletavara-automaatio\\\/tehtavat\\\/anturit\\\/#breadcrumb\"},\"inLanguage\":\"fi\",\"potentialAction\":[{\"@type\":\"ReadAction\",\"target\":[\"https:\\\/\\\/blogit.gradia.fi\\\/sahkonet\\\/kappaletavara-automaatio\\\/tehtavat\\\/anturit\\\/\"]}]},{\"@type\":\"BreadcrumbList\",\"@id\":\"https:\\\/\\\/blogit.gradia.fi\\\/sahkonet\\\/kappaletavara-automaatio\\\/tehtavat\\\/anturit\\\/#breadcrumb\",\"itemListElement\":[{\"@type\":\"ListItem\",\"position\":1,\"name\":\"Kappaletavara-automaatio (20ov)\",\"item\":\"https:\\\/\\\/blogit.gradia.fi\\\/sahkonet\\\/kappaletavara-automaatio\\\/\"},{\"@type\":\"ListItem\",\"position\":2,\"name\":\"Teht\u00e4v\u00e4t\",\"item\":\"https:\\\/\\\/blogit.gradia.fi\\\/sahkonet\\\/kappaletavara-automaatio\\\/tehtavat\\\/\"},{\"@type\":\"ListItem\",\"position\":3,\"name\":\"Anturit\"}]},{\"@type\":\"WebSite\",\"@id\":\"https:\\\/\\\/blogit.gradia.fi\\\/sahkonet\\\/#website\",\"url\":\"https:\\\/\\\/blogit.gradia.fi\\\/sahkonet\\\/\",\"name\":\"S\u00e4hk\u00f6Net\",\"description\":\"S\u00e4hk\u00f6- ja automaatiotekniikan perustutkinto\",\"potentialAction\":[{\"@type\":\"SearchAction\",\"target\":{\"@type\":\"EntryPoint\",\"urlTemplate\":\"https:\\\/\\\/blogit.gradia.fi\\\/sahkonet\\\/?s={search_term_string}\"},\"query-input\":{\"@type\":\"PropertyValueSpecification\",\"valueRequired\":true,\"valueName\":\"search_term_string\"}}],\"inLanguage\":\"fi\"}]}<\/script>\n<!-- \/ Yoast SEO plugin. -->","yoast_head_json":{"title":"Anturit - S\u00e4hk\u00f6Net","robots":{"index":"index","follow":"follow","max-snippet":"max-snippet:-1","max-image-preview":"max-image-preview:large","max-video-preview":"max-video-preview:-1"},"canonical":"https:\/\/blogit.gradia.fi\/sahkonet\/kappaletavara-automaatio\/tehtavat\/anturit\/","og_locale":"fi_FI","og_type":"article","og_title":"Anturit - S\u00e4hk\u00f6Net","og_description":"L\u00e4sn\u00e4oloa tunnistavat anturit: Mekaaninen rajakytkin Induktiivinen anturi Kapasitiivinen anturi Valokenno Reed-rele Lue materiaali &#8211; anturit Selvit\u00e4 (k\u00e4yt\u00e4 hyv\u00e4ksesi anturien valmistajien datalehti\u00e4 &#8211; merkitse l\u00e4hteet = linkki anturin datalehdelle) Mink\u00e4lainen tyypillinen mekaaninen rakenne? Miten toimii? Tyypilliset kytkent\u00e4taajuudet? Toimintaolosuhteet? (l\u00e4mp\u00f6tila, kosteus, p\u00f6ly) Mit\u00e4 materiaaleja tunnistaa? (mitattava suure?) Mink\u00e4 kokoisia, muotoisia ja mit\u00e4 materiaalia tunnistettava kappale? Milt\u00e4 et\u00e4isyydelt\u00e4, &hellip; Jatka lukemista Anturit &rarr;","og_url":"https:\/\/blogit.gradia.fi\/sahkonet\/kappaletavara-automaatio\/tehtavat\/anturit\/","og_site_name":"S\u00e4hk\u00f6Net","twitter_card":"summary_large_image","twitter_misc":{"Arvioitu lukuaika":"1 minuutti"},"schema":{"@context":"https:\/\/schema.org","@graph":[{"@type":"WebPage","@id":"https:\/\/blogit.gradia.fi\/sahkonet\/kappaletavara-automaatio\/tehtavat\/anturit\/","url":"https:\/\/blogit.gradia.fi\/sahkonet\/kappaletavara-automaatio\/tehtavat\/anturit\/","name":"Anturit - S\u00e4hk\u00f6Net","isPartOf":{"@id":"https:\/\/blogit.gradia.fi\/sahkonet\/#website"},"datePublished":"2016-11-10T11:11:32+00:00","breadcrumb":{"@id":"https:\/\/blogit.gradia.fi\/sahkonet\/kappaletavara-automaatio\/tehtavat\/anturit\/#breadcrumb"},"inLanguage":"fi","potentialAction":[{"@type":"ReadAction","target":["https:\/\/blogit.gradia.fi\/sahkonet\/kappaletavara-automaatio\/tehtavat\/anturit\/"]}]},{"@type":"BreadcrumbList","@id":"https:\/\/blogit.gradia.fi\/sahkonet\/kappaletavara-automaatio\/tehtavat\/anturit\/#breadcrumb","itemListElement":[{"@type":"ListItem","position":1,"name":"Kappaletavara-automaatio (20ov)","item":"https:\/\/blogit.gradia.fi\/sahkonet\/kappaletavara-automaatio\/"},{"@type":"ListItem","position":2,"name":"Teht\u00e4v\u00e4t","item":"https:\/\/blogit.gradia.fi\/sahkonet\/kappaletavara-automaatio\/tehtavat\/"},{"@type":"ListItem","position":3,"name":"Anturit"}]},{"@type":"WebSite","@id":"https:\/\/blogit.gradia.fi\/sahkonet\/#website","url":"https:\/\/blogit.gradia.fi\/sahkonet\/","name":"S\u00e4hk\u00f6Net","description":"S\u00e4hk\u00f6- ja automaatiotekniikan perustutkinto","potentialAction":[{"@type":"SearchAction","target":{"@type":"EntryPoint","urlTemplate":"https:\/\/blogit.gradia.fi\/sahkonet\/?s={search_term_string}"},"query-input":{"@type":"PropertyValueSpecification","valueRequired":true,"valueName":"search_term_string"}}],"inLanguage":"fi"}]}},"uagb_featured_image_src":{"full":false,"thumbnail":false,"medium":false,"medium_large":false,"large":false,"1536x1536":false,"2048x2048":false,"post-thumbnail":false,"twentyfourteen-full-width":false},"uagb_author_info":{"display_name":"Pia Tolonen","author_link":"https:\/\/blogit.gradia.fi\/sahkonet\/author\/halmepia\/"},"uagb_comment_info":0,"uagb_excerpt":"L\u00e4sn\u00e4oloa tunnistavat anturit: Mekaaninen rajakytkin Induktiivinen anturi Kapasitiivinen anturi Valokenno Reed-rele Lue materiaali &#8211; anturit Selvit\u00e4 (k\u00e4yt\u00e4 hyv\u00e4ksesi anturien valmistajien datalehti\u00e4 &#8211; merkitse l\u00e4hteet = linkki anturin datalehdelle) Mink\u00e4lainen tyypillinen mekaaninen rakenne? Miten toimii? Tyypilliset kytkent\u00e4taajuudet? Toimintaolosuhteet? (l\u00e4mp\u00f6tila, kosteus, p\u00f6ly) Mit\u00e4 materiaaleja tunnistaa? (mitattava suure?) Mink\u00e4 kokoisia, muotoisia ja mit\u00e4 materiaalia tunnistettava kappale? Milt\u00e4 et\u00e4isyydelt\u00e4,&hellip;","_links":{"self":[{"href":"https:\/\/blogit.gradia.fi\/sahkonet\/wp-json\/wp\/v2\/pages\/1587","targetHints":{"allow":["GET"]}}],"collection":[{"href":"https:\/\/blogit.gradia.fi\/sahkonet\/wp-json\/wp\/v2\/pages"}],"about":[{"href":"https:\/\/blogit.gradia.fi\/sahkonet\/wp-json\/wp\/v2\/types\/page"}],"author":[{"embeddable":true,"href":"https:\/\/blogit.gradia.fi\/sahkonet\/wp-json\/wp\/v2\/users\/179"}],"replies":[{"embeddable":true,"href":"https:\/\/blogit.gradia.fi\/sahkonet\/wp-json\/wp\/v2\/comments?post=1587"}],"version-history":[{"count":0,"href":"https:\/\/blogit.gradia.fi\/sahkonet\/wp-json\/wp\/v2\/pages\/1587\/revisions"}],"up":[{"embeddable":true,"href":"https:\/\/blogit.gradia.fi\/sahkonet\/wp-json\/wp\/v2\/pages\/1573"}],"wp:attachment":[{"href":"https:\/\/blogit.gradia.fi\/sahkonet\/wp-json\/wp\/v2\/media?parent=1587"}],"curies":[{"name":"wp","href":"https:\/\/api.w.org\/{rel}","templated":true}]}}