{"id":1583,"date":"2016-11-10T13:05:17","date_gmt":"2016-11-10T11:05:17","guid":{"rendered":"https:\/\/blogit.gradia.fi\/sahkonet\/?page_id=1583"},"modified":"2016-11-10T13:05:17","modified_gmt":"2016-11-10T11:05:17","slug":"lampotila-anturit","status":"publish","type":"page","link":"https:\/\/blogit.gradia.fi\/sahkonet\/kappaletavara-automaatio\/tehtavat\/lampotila-anturit\/","title":{"rendered":"L\u00e4mp\u00f6tila-anturit"},"content":{"rendered":"<p>Tee raportti wordill\u00e4 ja palauta se opettajalle. Ei ryhm\u00e4t\u00f6it\u00e4, jokainen palauttaa oman raportin. Raporttiin kirjataan alla selvitett\u00e4v\u00e4ksi pyydetyt tiedot jokaisesta viidest\u00e4 l\u00e4mp\u00f6tila-anturityypist\u00e4 erikseen.<\/p>\n<p><strong>Tyypit:<\/strong><\/p>\n<ul>\n<li>Termostaatti<\/li>\n<li>Termoelementti<\/li>\n<li>NTC-vastus<\/li>\n<li>PTC-vastus<\/li>\n<li>PT100 \/ PT1000<\/li>\n<\/ul>\n<p><strong>Selvit\u00e4<\/strong><\/p>\n<ul>\n<li>Mink\u00e4lainen tyypillinen mekaaninen rakenne?<\/li>\n<li>Miten toimii eli mihin toiminta perustuu?<\/li>\n<li>Tyypillisimm\u00e4t mittausalueet?<\/li>\n<li>Mill\u00e4 tarkkuudella?<\/li>\n<li>S\u00e4hk\u00f6inen kytkent\u00e4? Montako johdinta? Mit\u00e4 kytkent\u00e4\u00e4n kuuluu? Miten &#8221;signaalia&#8221; k\u00e4sitell\u00e4\u00e4n?<\/li>\n<li>Mink\u00e4lainen signaali outputista? (digitaalinen, analoginen?)<\/li>\n<li>K\u00e4ytt\u00f6kohteita?<\/li>\n<li>Vahvuuksia ja heikkouksia?<\/li>\n<li>Hinta?<\/li>\n<\/ul>\n<p><strong>Lis\u00e4ksi vastaa kysymyksiin:<\/strong><\/p>\n<ul>\n<li>Mik\u00e4 on l\u00e4mp\u00f6tilal\u00e4hettimen rooli l\u00e4mp\u00f6tilan mittauksessa?<\/li>\n<li>Mit\u00e4 tarkoitetaan kalibroinnilla?<\/li>\n<li>Miten l\u00e4mp\u00f6tila-anturi valitaan?<\/li>\n<li>Mik\u00e4 on l\u00e4mp\u00f6tilan mittaamisen merkitys yleisesti?<\/li>\n<\/ul>\n<p>Tee raportti wordill\u00e4 ja palauta se t\u00e4m\u00e4n kansion\u00a0<a href=\"https:\/\/optima.discendum.com\/learning\/id353\/bin\/doc_show?id=494891\" target=\"_blank\">palautuskansioon<\/a>.<\/p>\n<p><strong>Linkkej\u00e4<\/strong>:<\/p>\n<p><a href=\"https:\/\/www.elfaelektroniikka.fi\/elfa3%7Efi_fi\/elfa\/init.do?toc=18996&amp;name=anturit\">https:\/\/www.elfaelektroniikka.fi\/elfa3~fi_fi\/elfa\/init.do?toc=18996&amp;name=anturit<\/a><\/p>\n<p><a href=\"https:\/\/www.elfaelektroniikka.fi\/elfa3%7Efi_fi\/elfa\/init.do?toc=19414&amp;name=vastukset_\/_potentiometrit\">https:\/\/www.elfaelektroniikka.fi\/elfa3~fi_fi\/elfa\/init.do?toc=19414&amp;name=vastukset_\/_potentiometrit<\/a><\/p>\n<p><a href=\"http:\/\/www.mikes.fi\/documents\/upload\/MIKES_J1_2002.pdf\">http:\/\/www.mikes.fi\/documents\/upload\/MIKES_J1_2002.pdf<\/a><\/p>\n<p><a href=\"http:\/\/www03.edu.fi\/oppimateriaalit\/koneautomaatio\/antureiden_luotettavuus.html\">http:\/\/www03.edu.fi\/oppimateriaalit\/koneautomaatio\/antureiden_luotettavuus.html<\/a><\/p>\n<p><strong>Kirjat<\/strong>:<\/p>\n<p>S\u00e4hk\u00f6asennustekniikka<\/p>\n<p>Prosessiteollisuuden s\u00e4hk\u00f6- ja automaatioasennukset (s. 168) (kirjastosta l\u00f6ytyy)<\/p>\n","protected":false},"excerpt":{"rendered":"<p>Tee raportti wordill\u00e4 ja palauta se opettajalle. Ei ryhm\u00e4t\u00f6it\u00e4, jokainen palauttaa oman raportin. Raporttiin kirjataan alla selvitett\u00e4v\u00e4ksi pyydetyt tiedot jokaisesta viidest\u00e4 l\u00e4mp\u00f6tila-anturityypist\u00e4 erikseen. Tyypit: Termostaatti Termoelementti NTC-vastus PTC-vastus PT100 \/ PT1000 Selvit\u00e4 Mink\u00e4lainen tyypillinen mekaaninen rakenne? Miten toimii eli mihin toiminta perustuu? Tyypillisimm\u00e4t mittausalueet? Mill\u00e4 tarkkuudella? S\u00e4hk\u00f6inen kytkent\u00e4? Montako johdinta? Mit\u00e4 kytkent\u00e4\u00e4n kuuluu? Miten &#8221;signaalia&#8221; &hellip; <a href=\"https:\/\/blogit.gradia.fi\/sahkonet\/kappaletavara-automaatio\/tehtavat\/lampotila-anturit\/\" class=\"more-link\">Jatka lukemista <span class=\"screen-reader-text\">L\u00e4mp\u00f6tila-anturit<\/span> <span class=\"meta-nav\">&rarr;<\/span><\/a><\/p>\n","protected":false},"author":179,"featured_media":0,"parent":1573,"menu_order":0,"comment_status":"closed","ping_status":"closed","template":"","meta":{"_uag_custom_page_level_css":"","footnotes":""},"class_list":["post-1583","page","type-page","status-publish","hentry"],"yoast_head":"<!-- This site is optimized with the Yoast SEO plugin v27.4 - https:\/\/yoast.com\/product\/yoast-seo-wordpress\/ -->\n<title>L\u00e4mp\u00f6tila-anturit - S\u00e4hk\u00f6Net<\/title>\n<meta name=\"robots\" content=\"index, follow, max-snippet:-1, max-image-preview:large, max-video-preview:-1\" \/>\n<link rel=\"canonical\" href=\"https:\/\/blogit.gradia.fi\/sahkonet\/kappaletavara-automaatio\/tehtavat\/lampotila-anturit\/\" \/>\n<meta property=\"og:locale\" content=\"fi_FI\" \/>\n<meta property=\"og:type\" content=\"article\" \/>\n<meta property=\"og:title\" content=\"L\u00e4mp\u00f6tila-anturit - S\u00e4hk\u00f6Net\" \/>\n<meta property=\"og:description\" content=\"Tee raportti wordill\u00e4 ja palauta se opettajalle. Ei ryhm\u00e4t\u00f6it\u00e4, jokainen palauttaa oman raportin. Raporttiin kirjataan alla selvitett\u00e4v\u00e4ksi pyydetyt tiedot jokaisesta viidest\u00e4 l\u00e4mp\u00f6tila-anturityypist\u00e4 erikseen. Tyypit: Termostaatti Termoelementti NTC-vastus PTC-vastus PT100 \/ PT1000 Selvit\u00e4 Mink\u00e4lainen tyypillinen mekaaninen rakenne? Miten toimii eli mihin toiminta perustuu? Tyypillisimm\u00e4t mittausalueet? Mill\u00e4 tarkkuudella? S\u00e4hk\u00f6inen kytkent\u00e4? Montako johdinta? Mit\u00e4 kytkent\u00e4\u00e4n kuuluu? Miten &#8221;signaalia&#8221; &hellip; Jatka lukemista L\u00e4mp\u00f6tila-anturit &rarr;\" \/>\n<meta property=\"og:url\" content=\"https:\/\/blogit.gradia.fi\/sahkonet\/kappaletavara-automaatio\/tehtavat\/lampotila-anturit\/\" \/>\n<meta property=\"og:site_name\" content=\"S\u00e4hk\u00f6Net\" \/>\n<meta name=\"twitter:card\" content=\"summary_large_image\" \/>\n<meta name=\"twitter:label1\" content=\"Arvioitu lukuaika\" \/>\n\t<meta name=\"twitter:data1\" content=\"1 minuutti\" \/>\n<script type=\"application\/ld+json\" class=\"yoast-schema-graph\">{\"@context\":\"https:\\\/\\\/schema.org\",\"@graph\":[{\"@type\":\"WebPage\",\"@id\":\"https:\\\/\\\/blogit.gradia.fi\\\/sahkonet\\\/kappaletavara-automaatio\\\/tehtavat\\\/lampotila-anturit\\\/\",\"url\":\"https:\\\/\\\/blogit.gradia.fi\\\/sahkonet\\\/kappaletavara-automaatio\\\/tehtavat\\\/lampotila-anturit\\\/\",\"name\":\"L\u00e4mp\u00f6tila-anturit - S\u00e4hk\u00f6Net\",\"isPartOf\":{\"@id\":\"https:\\\/\\\/blogit.gradia.fi\\\/sahkonet\\\/#website\"},\"datePublished\":\"2016-11-10T11:05:17+00:00\",\"breadcrumb\":{\"@id\":\"https:\\\/\\\/blogit.gradia.fi\\\/sahkonet\\\/kappaletavara-automaatio\\\/tehtavat\\\/lampotila-anturit\\\/#breadcrumb\"},\"inLanguage\":\"fi\",\"potentialAction\":[{\"@type\":\"ReadAction\",\"target\":[\"https:\\\/\\\/blogit.gradia.fi\\\/sahkonet\\\/kappaletavara-automaatio\\\/tehtavat\\\/lampotila-anturit\\\/\"]}]},{\"@type\":\"BreadcrumbList\",\"@id\":\"https:\\\/\\\/blogit.gradia.fi\\\/sahkonet\\\/kappaletavara-automaatio\\\/tehtavat\\\/lampotila-anturit\\\/#breadcrumb\",\"itemListElement\":[{\"@type\":\"ListItem\",\"position\":1,\"name\":\"Kappaletavara-automaatio (20ov)\",\"item\":\"https:\\\/\\\/blogit.gradia.fi\\\/sahkonet\\\/kappaletavara-automaatio\\\/\"},{\"@type\":\"ListItem\",\"position\":2,\"name\":\"Teht\u00e4v\u00e4t\",\"item\":\"https:\\\/\\\/blogit.gradia.fi\\\/sahkonet\\\/kappaletavara-automaatio\\\/tehtavat\\\/\"},{\"@type\":\"ListItem\",\"position\":3,\"name\":\"L\u00e4mp\u00f6tila-anturit\"}]},{\"@type\":\"WebSite\",\"@id\":\"https:\\\/\\\/blogit.gradia.fi\\\/sahkonet\\\/#website\",\"url\":\"https:\\\/\\\/blogit.gradia.fi\\\/sahkonet\\\/\",\"name\":\"S\u00e4hk\u00f6Net\",\"description\":\"S\u00e4hk\u00f6- ja automaatiotekniikan perustutkinto\",\"potentialAction\":[{\"@type\":\"SearchAction\",\"target\":{\"@type\":\"EntryPoint\",\"urlTemplate\":\"https:\\\/\\\/blogit.gradia.fi\\\/sahkonet\\\/?s={search_term_string}\"},\"query-input\":{\"@type\":\"PropertyValueSpecification\",\"valueRequired\":true,\"valueName\":\"search_term_string\"}}],\"inLanguage\":\"fi\"}]}<\/script>\n<!-- \/ Yoast SEO plugin. -->","yoast_head_json":{"title":"L\u00e4mp\u00f6tila-anturit - S\u00e4hk\u00f6Net","robots":{"index":"index","follow":"follow","max-snippet":"max-snippet:-1","max-image-preview":"max-image-preview:large","max-video-preview":"max-video-preview:-1"},"canonical":"https:\/\/blogit.gradia.fi\/sahkonet\/kappaletavara-automaatio\/tehtavat\/lampotila-anturit\/","og_locale":"fi_FI","og_type":"article","og_title":"L\u00e4mp\u00f6tila-anturit - S\u00e4hk\u00f6Net","og_description":"Tee raportti wordill\u00e4 ja palauta se opettajalle. Ei ryhm\u00e4t\u00f6it\u00e4, jokainen palauttaa oman raportin. Raporttiin kirjataan alla selvitett\u00e4v\u00e4ksi pyydetyt tiedot jokaisesta viidest\u00e4 l\u00e4mp\u00f6tila-anturityypist\u00e4 erikseen. Tyypit: Termostaatti Termoelementti NTC-vastus PTC-vastus PT100 \/ PT1000 Selvit\u00e4 Mink\u00e4lainen tyypillinen mekaaninen rakenne? Miten toimii eli mihin toiminta perustuu? Tyypillisimm\u00e4t mittausalueet? Mill\u00e4 tarkkuudella? S\u00e4hk\u00f6inen kytkent\u00e4? Montako johdinta? Mit\u00e4 kytkent\u00e4\u00e4n kuuluu? Miten &#8221;signaalia&#8221; &hellip; Jatka lukemista L\u00e4mp\u00f6tila-anturit &rarr;","og_url":"https:\/\/blogit.gradia.fi\/sahkonet\/kappaletavara-automaatio\/tehtavat\/lampotila-anturit\/","og_site_name":"S\u00e4hk\u00f6Net","twitter_card":"summary_large_image","twitter_misc":{"Arvioitu lukuaika":"1 minuutti"},"schema":{"@context":"https:\/\/schema.org","@graph":[{"@type":"WebPage","@id":"https:\/\/blogit.gradia.fi\/sahkonet\/kappaletavara-automaatio\/tehtavat\/lampotila-anturit\/","url":"https:\/\/blogit.gradia.fi\/sahkonet\/kappaletavara-automaatio\/tehtavat\/lampotila-anturit\/","name":"L\u00e4mp\u00f6tila-anturit - S\u00e4hk\u00f6Net","isPartOf":{"@id":"https:\/\/blogit.gradia.fi\/sahkonet\/#website"},"datePublished":"2016-11-10T11:05:17+00:00","breadcrumb":{"@id":"https:\/\/blogit.gradia.fi\/sahkonet\/kappaletavara-automaatio\/tehtavat\/lampotila-anturit\/#breadcrumb"},"inLanguage":"fi","potentialAction":[{"@type":"ReadAction","target":["https:\/\/blogit.gradia.fi\/sahkonet\/kappaletavara-automaatio\/tehtavat\/lampotila-anturit\/"]}]},{"@type":"BreadcrumbList","@id":"https:\/\/blogit.gradia.fi\/sahkonet\/kappaletavara-automaatio\/tehtavat\/lampotila-anturit\/#breadcrumb","itemListElement":[{"@type":"ListItem","position":1,"name":"Kappaletavara-automaatio (20ov)","item":"https:\/\/blogit.gradia.fi\/sahkonet\/kappaletavara-automaatio\/"},{"@type":"ListItem","position":2,"name":"Teht\u00e4v\u00e4t","item":"https:\/\/blogit.gradia.fi\/sahkonet\/kappaletavara-automaatio\/tehtavat\/"},{"@type":"ListItem","position":3,"name":"L\u00e4mp\u00f6tila-anturit"}]},{"@type":"WebSite","@id":"https:\/\/blogit.gradia.fi\/sahkonet\/#website","url":"https:\/\/blogit.gradia.fi\/sahkonet\/","name":"S\u00e4hk\u00f6Net","description":"S\u00e4hk\u00f6- ja automaatiotekniikan perustutkinto","potentialAction":[{"@type":"SearchAction","target":{"@type":"EntryPoint","urlTemplate":"https:\/\/blogit.gradia.fi\/sahkonet\/?s={search_term_string}"},"query-input":{"@type":"PropertyValueSpecification","valueRequired":true,"valueName":"search_term_string"}}],"inLanguage":"fi"}]}},"uagb_featured_image_src":{"full":false,"thumbnail":false,"medium":false,"medium_large":false,"large":false,"1536x1536":false,"2048x2048":false,"post-thumbnail":false,"twentyfourteen-full-width":false},"uagb_author_info":{"display_name":"Pia Tolonen","author_link":"https:\/\/blogit.gradia.fi\/sahkonet\/author\/halmepia\/"},"uagb_comment_info":0,"uagb_excerpt":"Tee raportti wordill\u00e4 ja palauta se opettajalle. Ei ryhm\u00e4t\u00f6it\u00e4, jokainen palauttaa oman raportin. Raporttiin kirjataan alla selvitett\u00e4v\u00e4ksi pyydetyt tiedot jokaisesta viidest\u00e4 l\u00e4mp\u00f6tila-anturityypist\u00e4 erikseen. Tyypit: Termostaatti Termoelementti NTC-vastus PTC-vastus PT100 \/ PT1000 Selvit\u00e4 Mink\u00e4lainen tyypillinen mekaaninen rakenne? Miten toimii eli mihin toiminta perustuu? Tyypillisimm\u00e4t mittausalueet? Mill\u00e4 tarkkuudella? S\u00e4hk\u00f6inen kytkent\u00e4? Montako johdinta? Mit\u00e4 kytkent\u00e4\u00e4n kuuluu? Miten &#8221;signaalia&#8221;&hellip;","_links":{"self":[{"href":"https:\/\/blogit.gradia.fi\/sahkonet\/wp-json\/wp\/v2\/pages\/1583","targetHints":{"allow":["GET"]}}],"collection":[{"href":"https:\/\/blogit.gradia.fi\/sahkonet\/wp-json\/wp\/v2\/pages"}],"about":[{"href":"https:\/\/blogit.gradia.fi\/sahkonet\/wp-json\/wp\/v2\/types\/page"}],"author":[{"embeddable":true,"href":"https:\/\/blogit.gradia.fi\/sahkonet\/wp-json\/wp\/v2\/users\/179"}],"replies":[{"embeddable":true,"href":"https:\/\/blogit.gradia.fi\/sahkonet\/wp-json\/wp\/v2\/comments?post=1583"}],"version-history":[{"count":0,"href":"https:\/\/blogit.gradia.fi\/sahkonet\/wp-json\/wp\/v2\/pages\/1583\/revisions"}],"up":[{"embeddable":true,"href":"https:\/\/blogit.gradia.fi\/sahkonet\/wp-json\/wp\/v2\/pages\/1573"}],"wp:attachment":[{"href":"https:\/\/blogit.gradia.fi\/sahkonet\/wp-json\/wp\/v2\/media?parent=1583"}],"curies":[{"name":"wp","href":"https:\/\/api.w.org\/{rel}","templated":true}]}}