{"id":1573,"date":"2016-11-10T12:07:24","date_gmt":"2016-11-10T10:07:24","guid":{"rendered":"https:\/\/blogit.gradia.fi\/sahkonet\/?page_id=1573"},"modified":"2016-11-11T08:51:02","modified_gmt":"2016-11-11T06:51:02","slug":"tehtavat","status":"publish","type":"page","link":"https:\/\/blogit.gradia.fi\/sahkonet\/kappaletavara-automaatio\/tehtavat\/","title":{"rendered":"Teht\u00e4v\u00e4t"},"content":{"rendered":"<p>Kappaletavara-automaation osa 1 teht\u00e4v\u00e4t:<\/p>\n<ol>\n<li>Automaatiokaapeleiden kytkent\u00e4 &#8211; <a href=\"https:\/\/blogit.gradia.fi\/sahkonet\/wp-content\/uploads\/sites\/80\/2016\/11\/automaatiokaapeleiden_kytkent\u00e4.pdf\">Ty\u00f6ohje<\/a><\/li>\n<li>Moottorin ohjaus Logo!lla\n<ul>\n<li>Suunnanvaihto &#8211;<a href=\"https:\/\/blogit.gradia.fi\/sahkonet\/wp-content\/uploads\/sites\/80\/2016\/11\/harjoitus-5_n\u00e4ytt\u00f6.pdf\"> Ty\u00f6ohje<\/a><\/li>\n<li>Taajuusmuuttaja &#8211; <a href=\"https:\/\/blogit.gradia.fi\/sahkonet\/wp-content\/uploads\/sites\/80\/2016\/11\/harjoitus-8_n\u00e4ytt\u00f6.pdf\">Ty\u00f6ohje<\/a><\/li>\n<\/ul>\n<\/li>\n<li>Moottorin taajuusmuuttajaohjattu k\u00e4ytt\u00f6, vakionopeus + analoginen<\/li>\n<li>T\u00e4hti-kolmio-k\u00e4ynnistys (logo?) &#8211; <a href=\"https:\/\/blogit.gradia.fi\/sahkonet\/wp-content\/uploads\/sites\/80\/2016\/11\/harjoitus10_n\u00e4ytt\u00f6.pdf\">Ty\u00f6ohje<\/a><\/li>\n<li>Nosto-ovi\n<ul>\n<li><a href=\"https:\/\/blogit.gradia.fi\/sahkonet\/wp-content\/uploads\/sites\/80\/2016\/11\/nosto-ovi.pdf\">Kytkent\u00e4 ja ohjaus<\/a><\/li>\n<li><a href=\"https:\/\/blogit.gradia.fi\/sahkonet\/wp-content\/uploads\/sites\/80\/2016\/11\/nosto-ovi-teht\u00e4v\u00e4t.pdf\">Nosto-ovi teht\u00e4v\u00e4t<\/a><\/li>\n<\/ul>\n<\/li>\n<li>Antureiden toiminta\n<ul>\n<li><a href=\"https:\/\/blogit.gradia.fi\/sahkonet\/kappaletavara-automaatio\/tehtavat\/anturit\/\">L\u00e4sn\u00e4oloa tunnistavat anturit<\/a><\/li>\n<li><a href=\"https:\/\/blogit.gradia.fi\/sahkonet\/kappaletavara-automaatio\/tehtavat\/lampotila-anturit\/\">L\u00e4mp\u00f6tila-anturit<\/a><\/li>\n<li><a href=\"https:\/\/blogit.gradia.fi\/sahkonet\/wp-content\/uploads\/sites\/80\/2016\/11\/anturit-1.pdf\">Tietoa antureista<\/a><\/li>\n<\/ul>\n<\/li>\n<li>Kuljetin + pneumatiikka<\/li>\n<li>Moottorin kunnon m\u00e4\u00e4ritt\u00e4minen<\/li>\n<li>Raspberry Pi\n<ul>\n<li><a href=\"https:\/\/blogit.gradia.fi\/sahkonet\/kiinteistoautomaatio\/raspberry-pi-harjoitukset\/\">I\/O, A\/D-muunnos + sarjaliikenne, v\u00e4yl\u00e4<\/a><\/li>\n<li>html-ohjattu i\/o<\/li>\n<li>Anturit<\/li>\n<li>Valvontakamera<\/li>\n<\/ul>\n<\/li>\n<li>Pneumatiikkasekvenssi syksytin<\/li>\n<li>Robotti<\/li>\n<li>Erin\u00e4inen m\u00e4\u00e4r\u00e4 kirjallisia teht\u00e4vi\u00e4\n<ul>\n<li>Ohjaustekniikan teht\u00e4v\u00e4moniste<\/li>\n<\/ul>\n<\/li>\n<\/ol>\n<p>&nbsp;<\/p>\n","protected":false},"excerpt":{"rendered":"<p>Kappaletavara-automaation osa 1 teht\u00e4v\u00e4t: Automaatiokaapeleiden kytkent\u00e4 &#8211; Ty\u00f6ohje Moottorin ohjaus Logo!lla Suunnanvaihto &#8211; Ty\u00f6ohje Taajuusmuuttaja &#8211; Ty\u00f6ohje Moottorin taajuusmuuttajaohjattu k\u00e4ytt\u00f6, vakionopeus + analoginen T\u00e4hti-kolmio-k\u00e4ynnistys (logo?) &#8211; Ty\u00f6ohje Nosto-ovi Kytkent\u00e4 ja ohjaus Nosto-ovi teht\u00e4v\u00e4t Antureiden toiminta L\u00e4sn\u00e4oloa tunnistavat anturit L\u00e4mp\u00f6tila-anturit Tietoa antureista Kuljetin + pneumatiikka Moottorin kunnon m\u00e4\u00e4ritt\u00e4minen Raspberry Pi I\/O, A\/D-muunnos + sarjaliikenne, v\u00e4yl\u00e4 html-ohjattu &hellip; <a href=\"https:\/\/blogit.gradia.fi\/sahkonet\/kappaletavara-automaatio\/tehtavat\/\" class=\"more-link\">Jatka lukemista <span class=\"screen-reader-text\">Teht\u00e4v\u00e4t<\/span> <span class=\"meta-nav\">&rarr;<\/span><\/a><\/p>\n","protected":false},"author":179,"featured_media":0,"parent":15,"menu_order":1,"comment_status":"closed","ping_status":"closed","template":"","meta":{"_uag_custom_page_level_css":"","footnotes":""},"class_list":["post-1573","page","type-page","status-publish","hentry"],"yoast_head":"<!-- This site is optimized with the Yoast SEO plugin v27.4 - https:\/\/yoast.com\/product\/yoast-seo-wordpress\/ -->\n<title>Teht\u00e4v\u00e4t - S\u00e4hk\u00f6Net<\/title>\n<meta name=\"robots\" content=\"index, follow, max-snippet:-1, max-image-preview:large, max-video-preview:-1\" \/>\n<link rel=\"canonical\" href=\"https:\/\/blogit.gradia.fi\/sahkonet\/kappaletavara-automaatio\/tehtavat\/\" \/>\n<meta property=\"og:locale\" content=\"fi_FI\" \/>\n<meta property=\"og:type\" content=\"article\" \/>\n<meta property=\"og:title\" content=\"Teht\u00e4v\u00e4t - S\u00e4hk\u00f6Net\" \/>\n<meta property=\"og:description\" content=\"Kappaletavara-automaation osa 1 teht\u00e4v\u00e4t: Automaatiokaapeleiden kytkent\u00e4 &#8211; Ty\u00f6ohje Moottorin ohjaus Logo!lla Suunnanvaihto &#8211; Ty\u00f6ohje Taajuusmuuttaja &#8211; Ty\u00f6ohje Moottorin taajuusmuuttajaohjattu k\u00e4ytt\u00f6, vakionopeus + analoginen T\u00e4hti-kolmio-k\u00e4ynnistys (logo?) &#8211; Ty\u00f6ohje Nosto-ovi Kytkent\u00e4 ja ohjaus Nosto-ovi teht\u00e4v\u00e4t Antureiden toiminta L\u00e4sn\u00e4oloa tunnistavat anturit L\u00e4mp\u00f6tila-anturit Tietoa antureista Kuljetin + pneumatiikka Moottorin kunnon m\u00e4\u00e4ritt\u00e4minen Raspberry Pi I\/O, A\/D-muunnos + sarjaliikenne, v\u00e4yl\u00e4 html-ohjattu &hellip; Jatka lukemista Teht\u00e4v\u00e4t &rarr;\" \/>\n<meta property=\"og:url\" content=\"https:\/\/blogit.gradia.fi\/sahkonet\/kappaletavara-automaatio\/tehtavat\/\" \/>\n<meta property=\"og:site_name\" content=\"S\u00e4hk\u00f6Net\" \/>\n<meta property=\"article:modified_time\" content=\"2016-11-11T06:51:02+00:00\" \/>\n<meta name=\"twitter:card\" content=\"summary_large_image\" \/>\n<script type=\"application\/ld+json\" class=\"yoast-schema-graph\">{\"@context\":\"https:\\\/\\\/schema.org\",\"@graph\":[{\"@type\":\"WebPage\",\"@id\":\"https:\\\/\\\/blogit.gradia.fi\\\/sahkonet\\\/kappaletavara-automaatio\\\/tehtavat\\\/\",\"url\":\"https:\\\/\\\/blogit.gradia.fi\\\/sahkonet\\\/kappaletavara-automaatio\\\/tehtavat\\\/\",\"name\":\"Teht\u00e4v\u00e4t - S\u00e4hk\u00f6Net\",\"isPartOf\":{\"@id\":\"https:\\\/\\\/blogit.gradia.fi\\\/sahkonet\\\/#website\"},\"datePublished\":\"2016-11-10T10:07:24+00:00\",\"dateModified\":\"2016-11-11T06:51:02+00:00\",\"breadcrumb\":{\"@id\":\"https:\\\/\\\/blogit.gradia.fi\\\/sahkonet\\\/kappaletavara-automaatio\\\/tehtavat\\\/#breadcrumb\"},\"inLanguage\":\"fi\",\"potentialAction\":[{\"@type\":\"ReadAction\",\"target\":[\"https:\\\/\\\/blogit.gradia.fi\\\/sahkonet\\\/kappaletavara-automaatio\\\/tehtavat\\\/\"]}]},{\"@type\":\"BreadcrumbList\",\"@id\":\"https:\\\/\\\/blogit.gradia.fi\\\/sahkonet\\\/kappaletavara-automaatio\\\/tehtavat\\\/#breadcrumb\",\"itemListElement\":[{\"@type\":\"ListItem\",\"position\":1,\"name\":\"Kappaletavara-automaatio (20ov)\",\"item\":\"https:\\\/\\\/blogit.gradia.fi\\\/sahkonet\\\/kappaletavara-automaatio\\\/\"},{\"@type\":\"ListItem\",\"position\":2,\"name\":\"Teht\u00e4v\u00e4t\"}]},{\"@type\":\"WebSite\",\"@id\":\"https:\\\/\\\/blogit.gradia.fi\\\/sahkonet\\\/#website\",\"url\":\"https:\\\/\\\/blogit.gradia.fi\\\/sahkonet\\\/\",\"name\":\"S\u00e4hk\u00f6Net\",\"description\":\"S\u00e4hk\u00f6- ja automaatiotekniikan perustutkinto\",\"potentialAction\":[{\"@type\":\"SearchAction\",\"target\":{\"@type\":\"EntryPoint\",\"urlTemplate\":\"https:\\\/\\\/blogit.gradia.fi\\\/sahkonet\\\/?s={search_term_string}\"},\"query-input\":{\"@type\":\"PropertyValueSpecification\",\"valueRequired\":true,\"valueName\":\"search_term_string\"}}],\"inLanguage\":\"fi\"}]}<\/script>\n<!-- \/ Yoast SEO plugin. -->","yoast_head_json":{"title":"Teht\u00e4v\u00e4t - S\u00e4hk\u00f6Net","robots":{"index":"index","follow":"follow","max-snippet":"max-snippet:-1","max-image-preview":"max-image-preview:large","max-video-preview":"max-video-preview:-1"},"canonical":"https:\/\/blogit.gradia.fi\/sahkonet\/kappaletavara-automaatio\/tehtavat\/","og_locale":"fi_FI","og_type":"article","og_title":"Teht\u00e4v\u00e4t - S\u00e4hk\u00f6Net","og_description":"Kappaletavara-automaation osa 1 teht\u00e4v\u00e4t: Automaatiokaapeleiden kytkent\u00e4 &#8211; Ty\u00f6ohje Moottorin ohjaus Logo!lla Suunnanvaihto &#8211; Ty\u00f6ohje Taajuusmuuttaja &#8211; Ty\u00f6ohje Moottorin taajuusmuuttajaohjattu k\u00e4ytt\u00f6, vakionopeus + analoginen T\u00e4hti-kolmio-k\u00e4ynnistys (logo?) &#8211; Ty\u00f6ohje Nosto-ovi Kytkent\u00e4 ja ohjaus Nosto-ovi teht\u00e4v\u00e4t Antureiden toiminta L\u00e4sn\u00e4oloa tunnistavat anturit L\u00e4mp\u00f6tila-anturit Tietoa antureista Kuljetin + pneumatiikka Moottorin kunnon m\u00e4\u00e4ritt\u00e4minen Raspberry Pi I\/O, A\/D-muunnos + sarjaliikenne, v\u00e4yl\u00e4 html-ohjattu &hellip; Jatka lukemista Teht\u00e4v\u00e4t &rarr;","og_url":"https:\/\/blogit.gradia.fi\/sahkonet\/kappaletavara-automaatio\/tehtavat\/","og_site_name":"S\u00e4hk\u00f6Net","article_modified_time":"2016-11-11T06:51:02+00:00","twitter_card":"summary_large_image","schema":{"@context":"https:\/\/schema.org","@graph":[{"@type":"WebPage","@id":"https:\/\/blogit.gradia.fi\/sahkonet\/kappaletavara-automaatio\/tehtavat\/","url":"https:\/\/blogit.gradia.fi\/sahkonet\/kappaletavara-automaatio\/tehtavat\/","name":"Teht\u00e4v\u00e4t - S\u00e4hk\u00f6Net","isPartOf":{"@id":"https:\/\/blogit.gradia.fi\/sahkonet\/#website"},"datePublished":"2016-11-10T10:07:24+00:00","dateModified":"2016-11-11T06:51:02+00:00","breadcrumb":{"@id":"https:\/\/blogit.gradia.fi\/sahkonet\/kappaletavara-automaatio\/tehtavat\/#breadcrumb"},"inLanguage":"fi","potentialAction":[{"@type":"ReadAction","target":["https:\/\/blogit.gradia.fi\/sahkonet\/kappaletavara-automaatio\/tehtavat\/"]}]},{"@type":"BreadcrumbList","@id":"https:\/\/blogit.gradia.fi\/sahkonet\/kappaletavara-automaatio\/tehtavat\/#breadcrumb","itemListElement":[{"@type":"ListItem","position":1,"name":"Kappaletavara-automaatio (20ov)","item":"https:\/\/blogit.gradia.fi\/sahkonet\/kappaletavara-automaatio\/"},{"@type":"ListItem","position":2,"name":"Teht\u00e4v\u00e4t"}]},{"@type":"WebSite","@id":"https:\/\/blogit.gradia.fi\/sahkonet\/#website","url":"https:\/\/blogit.gradia.fi\/sahkonet\/","name":"S\u00e4hk\u00f6Net","description":"S\u00e4hk\u00f6- ja automaatiotekniikan perustutkinto","potentialAction":[{"@type":"SearchAction","target":{"@type":"EntryPoint","urlTemplate":"https:\/\/blogit.gradia.fi\/sahkonet\/?s={search_term_string}"},"query-input":{"@type":"PropertyValueSpecification","valueRequired":true,"valueName":"search_term_string"}}],"inLanguage":"fi"}]}},"uagb_featured_image_src":{"full":false,"thumbnail":false,"medium":false,"medium_large":false,"large":false,"1536x1536":false,"2048x2048":false,"post-thumbnail":false,"twentyfourteen-full-width":false},"uagb_author_info":{"display_name":"Pia Tolonen","author_link":"https:\/\/blogit.gradia.fi\/sahkonet\/author\/halmepia\/"},"uagb_comment_info":0,"uagb_excerpt":"Kappaletavara-automaation osa 1 teht\u00e4v\u00e4t: Automaatiokaapeleiden kytkent\u00e4 &#8211; Ty\u00f6ohje Moottorin ohjaus Logo!lla Suunnanvaihto &#8211; Ty\u00f6ohje Taajuusmuuttaja &#8211; Ty\u00f6ohje Moottorin taajuusmuuttajaohjattu k\u00e4ytt\u00f6, vakionopeus + analoginen T\u00e4hti-kolmio-k\u00e4ynnistys (logo?) &#8211; Ty\u00f6ohje Nosto-ovi Kytkent\u00e4 ja ohjaus Nosto-ovi teht\u00e4v\u00e4t Antureiden toiminta L\u00e4sn\u00e4oloa tunnistavat anturit L\u00e4mp\u00f6tila-anturit Tietoa antureista Kuljetin + pneumatiikka Moottorin kunnon m\u00e4\u00e4ritt\u00e4minen Raspberry Pi I\/O, A\/D-muunnos + sarjaliikenne, v\u00e4yl\u00e4 html-ohjattu&hellip;","_links":{"self":[{"href":"https:\/\/blogit.gradia.fi\/sahkonet\/wp-json\/wp\/v2\/pages\/1573","targetHints":{"allow":["GET"]}}],"collection":[{"href":"https:\/\/blogit.gradia.fi\/sahkonet\/wp-json\/wp\/v2\/pages"}],"about":[{"href":"https:\/\/blogit.gradia.fi\/sahkonet\/wp-json\/wp\/v2\/types\/page"}],"author":[{"embeddable":true,"href":"https:\/\/blogit.gradia.fi\/sahkonet\/wp-json\/wp\/v2\/users\/179"}],"replies":[{"embeddable":true,"href":"https:\/\/blogit.gradia.fi\/sahkonet\/wp-json\/wp\/v2\/comments?post=1573"}],"version-history":[{"count":0,"href":"https:\/\/blogit.gradia.fi\/sahkonet\/wp-json\/wp\/v2\/pages\/1573\/revisions"}],"up":[{"embeddable":true,"href":"https:\/\/blogit.gradia.fi\/sahkonet\/wp-json\/wp\/v2\/pages\/15"}],"wp:attachment":[{"href":"https:\/\/blogit.gradia.fi\/sahkonet\/wp-json\/wp\/v2\/media?parent=1573"}],"curies":[{"name":"wp","href":"https:\/\/api.w.org\/{rel}","templated":true}]}}