{"id":1565,"date":"2016-10-25T10:03:39","date_gmt":"2016-10-25T07:03:39","guid":{"rendered":"https:\/\/blogit.gradia.fi\/sahkonet\/?page_id=1565"},"modified":"2016-10-25T10:03:39","modified_gmt":"2016-10-25T07:03:39","slug":"moottoriohjaukset-asennukset","status":"publish","type":"page","link":"https:\/\/blogit.gradia.fi\/sahkonet\/sahko-ja-automaatioasennukset\/oppimistehtavat\/teollisuuden-sahkoasennukset\/moottori-kaytot\/moottoriohjaukset-asennukset\/","title":{"rendered":"Moottoriohjaukset &#8211; asennukset"},"content":{"rendered":"<p>Moottoriohjauksissa on 4 kpl asennusharjoituksia.<\/p>\n<ol>\n<li>Suora ohjaus &#8211;<a href=\"https:\/\/blogit.gradia.fi\/sahkonet\/wp-content\/uploads\/sites\/80\/2016\/10\/harjoitus-1.pdf\"> harjoitus-1<\/a><\/li>\n<li>Suunnanvaihto &#8211; <a href=\"https:\/\/blogit.gradia.fi\/sahkonet\/wp-content\/uploads\/sites\/80\/2016\/10\/harjoitus-2.pdf\">harjoitus-2<\/a><\/li>\n<li>Pehmok\u00e4ynnistys &#8211; <a href=\"https:\/\/blogit.gradia.fi\/sahkonet\/wp-content\/uploads\/sites\/80\/2016\/10\/harjoitus-3.pdf\">harjoitus-3<\/a><\/li>\n<li>Taajuusmuuttaja &#8211; <a href=\"https:\/\/blogit.gradia.fi\/sahkonet\/wp-content\/uploads\/sites\/80\/2016\/10\/harjoitus-4-\u20131-vaihe.pdf\">harjoitus-4-1-vaihe<\/a><\/li>\n<\/ol>\n<p>Lue teht\u00e4v\u00e4paperin teht\u00e4v\u00e4 huolellisesti ja ennen asennusharjoituksen suorittamista esit\u00e4 esiteht\u00e4v\u00e4 opettajalle.<\/p>\n<p><strong>Ongelmanratkaisuteht\u00e4v\u00e4t:<\/strong><\/p>\n<p>a) Suorassa k\u00e4ynnistyksess\u00e4 (1.) hahmottele muutokset kytkent\u00e4\u00e4n siten, ett\u00e4 ei-toivottu k\u00e4ynnistyminen saadaan estetty\u00e4.<\/p>\n<p>b) Suunnanvaihtokytkenn\u00e4ss\u00e4 (2.) hahmottele muutokset kytkent\u00e4\u00e4n, jolla saat estetty\u00e4 k\u00e4ynnistyksen toiseen suuntaan asetellun ajan kuluessa. Eli moottorin py\u00f6riess\u00e4 &#8221;my\u00f6t\u00e4p\u00e4iv\u00e4\u00e4n&#8221; ja painaessasi STOP-painiketta, k\u00e4ynnistys ei ole mahdollista asetellun ajan <em>t<\/em> sis\u00e4ll\u00e4.<\/p>\n<p>Esit\u00e4 ratkaisuehdotukset opettajalle.<\/p>\n","protected":false},"excerpt":{"rendered":"<p>Moottoriohjauksissa on 4 kpl asennusharjoituksia. Suora ohjaus &#8211; harjoitus-1 Suunnanvaihto &#8211; harjoitus-2 Pehmok\u00e4ynnistys &#8211; harjoitus-3 Taajuusmuuttaja &#8211; harjoitus-4-1-vaihe Lue teht\u00e4v\u00e4paperin teht\u00e4v\u00e4 huolellisesti ja ennen asennusharjoituksen suorittamista esit\u00e4 esiteht\u00e4v\u00e4 opettajalle. Ongelmanratkaisuteht\u00e4v\u00e4t: a) Suorassa k\u00e4ynnistyksess\u00e4 (1.) hahmottele muutokset kytkent\u00e4\u00e4n siten, ett\u00e4 ei-toivottu k\u00e4ynnistyminen saadaan estetty\u00e4. b) Suunnanvaihtokytkenn\u00e4ss\u00e4 (2.) hahmottele muutokset kytkent\u00e4\u00e4n, jolla saat estetty\u00e4 k\u00e4ynnistyksen toiseen suuntaan &hellip; <a href=\"https:\/\/blogit.gradia.fi\/sahkonet\/sahko-ja-automaatioasennukset\/oppimistehtavat\/teollisuuden-sahkoasennukset\/moottori-kaytot\/moottoriohjaukset-asennukset\/\" class=\"more-link\">Jatka lukemista <span class=\"screen-reader-text\">Moottoriohjaukset &#8211; asennukset<\/span> <span class=\"meta-nav\">&rarr;<\/span><\/a><\/p>\n","protected":false},"author":179,"featured_media":0,"parent":168,"menu_order":0,"comment_status":"closed","ping_status":"closed","template":"","meta":{"_uag_custom_page_level_css":"","footnotes":""},"class_list":["post-1565","page","type-page","status-publish","hentry"],"yoast_head":"<!-- This site is optimized with the Yoast SEO plugin v27.4 - https:\/\/yoast.com\/product\/yoast-seo-wordpress\/ -->\n<title>Moottoriohjaukset - asennukset - S\u00e4hk\u00f6Net<\/title>\n<meta name=\"robots\" content=\"index, follow, max-snippet:-1, max-image-preview:large, max-video-preview:-1\" \/>\n<link rel=\"canonical\" href=\"https:\/\/blogit.gradia.fi\/sahkonet\/sahko-ja-automaatioasennukset\/oppimistehtavat\/teollisuuden-sahkoasennukset\/moottori-kaytot\/moottoriohjaukset-asennukset\/\" \/>\n<meta property=\"og:locale\" content=\"fi_FI\" \/>\n<meta property=\"og:type\" content=\"article\" \/>\n<meta property=\"og:title\" content=\"Moottoriohjaukset - asennukset - S\u00e4hk\u00f6Net\" \/>\n<meta property=\"og:description\" content=\"Moottoriohjauksissa on 4 kpl asennusharjoituksia. Suora ohjaus &#8211; harjoitus-1 Suunnanvaihto &#8211; harjoitus-2 Pehmok\u00e4ynnistys &#8211; harjoitus-3 Taajuusmuuttaja &#8211; harjoitus-4-1-vaihe Lue teht\u00e4v\u00e4paperin teht\u00e4v\u00e4 huolellisesti ja ennen asennusharjoituksen suorittamista esit\u00e4 esiteht\u00e4v\u00e4 opettajalle. Ongelmanratkaisuteht\u00e4v\u00e4t: a) Suorassa k\u00e4ynnistyksess\u00e4 (1.) hahmottele muutokset kytkent\u00e4\u00e4n siten, ett\u00e4 ei-toivottu k\u00e4ynnistyminen saadaan estetty\u00e4. b) Suunnanvaihtokytkenn\u00e4ss\u00e4 (2.) hahmottele muutokset kytkent\u00e4\u00e4n, jolla saat estetty\u00e4 k\u00e4ynnistyksen toiseen suuntaan &hellip; Jatka lukemista Moottoriohjaukset &#8211; asennukset &rarr;\" \/>\n<meta property=\"og:url\" content=\"https:\/\/blogit.gradia.fi\/sahkonet\/sahko-ja-automaatioasennukset\/oppimistehtavat\/teollisuuden-sahkoasennukset\/moottori-kaytot\/moottoriohjaukset-asennukset\/\" \/>\n<meta property=\"og:site_name\" content=\"S\u00e4hk\u00f6Net\" \/>\n<meta name=\"twitter:card\" content=\"summary_large_image\" \/>\n<script type=\"application\/ld+json\" class=\"yoast-schema-graph\">{\"@context\":\"https:\\\/\\\/schema.org\",\"@graph\":[{\"@type\":\"WebPage\",\"@id\":\"https:\\\/\\\/blogit.gradia.fi\\\/sahkonet\\\/sahko-ja-automaatioasennukset\\\/oppimistehtavat\\\/teollisuuden-sahkoasennukset\\\/moottori-kaytot\\\/moottoriohjaukset-asennukset\\\/\",\"url\":\"https:\\\/\\\/blogit.gradia.fi\\\/sahkonet\\\/sahko-ja-automaatioasennukset\\\/oppimistehtavat\\\/teollisuuden-sahkoasennukset\\\/moottori-kaytot\\\/moottoriohjaukset-asennukset\\\/\",\"name\":\"Moottoriohjaukset - asennukset - S\u00e4hk\u00f6Net\",\"isPartOf\":{\"@id\":\"https:\\\/\\\/blogit.gradia.fi\\\/sahkonet\\\/#website\"},\"datePublished\":\"2016-10-25T07:03:39+00:00\",\"breadcrumb\":{\"@id\":\"https:\\\/\\\/blogit.gradia.fi\\\/sahkonet\\\/sahko-ja-automaatioasennukset\\\/oppimistehtavat\\\/teollisuuden-sahkoasennukset\\\/moottori-kaytot\\\/moottoriohjaukset-asennukset\\\/#breadcrumb\"},\"inLanguage\":\"fi\",\"potentialAction\":[{\"@type\":\"ReadAction\",\"target\":[\"https:\\\/\\\/blogit.gradia.fi\\\/sahkonet\\\/sahko-ja-automaatioasennukset\\\/oppimistehtavat\\\/teollisuuden-sahkoasennukset\\\/moottori-kaytot\\\/moottoriohjaukset-asennukset\\\/\"]}]},{\"@type\":\"BreadcrumbList\",\"@id\":\"https:\\\/\\\/blogit.gradia.fi\\\/sahkonet\\\/sahko-ja-automaatioasennukset\\\/oppimistehtavat\\\/teollisuuden-sahkoasennukset\\\/moottori-kaytot\\\/moottoriohjaukset-asennukset\\\/#breadcrumb\",\"itemListElement\":[{\"@type\":\"ListItem\",\"position\":1,\"name\":\"S\u00e4hk\u00f6- ja automaatioasennukset (20ov)\",\"item\":\"https:\\\/\\\/blogit.gradia.fi\\\/sahkonet\\\/sahko-ja-automaatioasennukset\\\/\"},{\"@type\":\"ListItem\",\"position\":2,\"name\":\"Oppimisteht\u00e4v\u00e4t\",\"item\":\"https:\\\/\\\/blogit.gradia.fi\\\/sahkonet\\\/sahko-ja-automaatioasennukset\\\/oppimistehtavat\\\/\"},{\"@type\":\"ListItem\",\"position\":3,\"name\":\"Teollisuuden s\u00e4hk\u00f6asennukset\",\"item\":\"https:\\\/\\\/blogit.gradia.fi\\\/sahkonet\\\/sahko-ja-automaatioasennukset\\\/oppimistehtavat\\\/teollisuuden-sahkoasennukset\\\/\"},{\"@type\":\"ListItem\",\"position\":4,\"name\":\"Moottori k\u00e4yt\u00f6t\",\"item\":\"https:\\\/\\\/blogit.gradia.fi\\\/sahkonet\\\/sahko-ja-automaatioasennukset\\\/oppimistehtavat\\\/teollisuuden-sahkoasennukset\\\/moottori-kaytot\\\/\"},{\"@type\":\"ListItem\",\"position\":5,\"name\":\"Moottoriohjaukset &#8211; asennukset\"}]},{\"@type\":\"WebSite\",\"@id\":\"https:\\\/\\\/blogit.gradia.fi\\\/sahkonet\\\/#website\",\"url\":\"https:\\\/\\\/blogit.gradia.fi\\\/sahkonet\\\/\",\"name\":\"S\u00e4hk\u00f6Net\",\"description\":\"S\u00e4hk\u00f6- ja automaatiotekniikan perustutkinto\",\"potentialAction\":[{\"@type\":\"SearchAction\",\"target\":{\"@type\":\"EntryPoint\",\"urlTemplate\":\"https:\\\/\\\/blogit.gradia.fi\\\/sahkonet\\\/?s={search_term_string}\"},\"query-input\":{\"@type\":\"PropertyValueSpecification\",\"valueRequired\":true,\"valueName\":\"search_term_string\"}}],\"inLanguage\":\"fi\"}]}<\/script>\n<!-- \/ Yoast SEO plugin. -->","yoast_head_json":{"title":"Moottoriohjaukset - asennukset - S\u00e4hk\u00f6Net","robots":{"index":"index","follow":"follow","max-snippet":"max-snippet:-1","max-image-preview":"max-image-preview:large","max-video-preview":"max-video-preview:-1"},"canonical":"https:\/\/blogit.gradia.fi\/sahkonet\/sahko-ja-automaatioasennukset\/oppimistehtavat\/teollisuuden-sahkoasennukset\/moottori-kaytot\/moottoriohjaukset-asennukset\/","og_locale":"fi_FI","og_type":"article","og_title":"Moottoriohjaukset - asennukset - S\u00e4hk\u00f6Net","og_description":"Moottoriohjauksissa on 4 kpl asennusharjoituksia. Suora ohjaus &#8211; harjoitus-1 Suunnanvaihto &#8211; harjoitus-2 Pehmok\u00e4ynnistys &#8211; harjoitus-3 Taajuusmuuttaja &#8211; harjoitus-4-1-vaihe Lue teht\u00e4v\u00e4paperin teht\u00e4v\u00e4 huolellisesti ja ennen asennusharjoituksen suorittamista esit\u00e4 esiteht\u00e4v\u00e4 opettajalle. Ongelmanratkaisuteht\u00e4v\u00e4t: a) Suorassa k\u00e4ynnistyksess\u00e4 (1.) hahmottele muutokset kytkent\u00e4\u00e4n siten, ett\u00e4 ei-toivottu k\u00e4ynnistyminen saadaan estetty\u00e4. b) Suunnanvaihtokytkenn\u00e4ss\u00e4 (2.) hahmottele muutokset kytkent\u00e4\u00e4n, jolla saat estetty\u00e4 k\u00e4ynnistyksen toiseen suuntaan &hellip; Jatka lukemista Moottoriohjaukset &#8211; asennukset &rarr;","og_url":"https:\/\/blogit.gradia.fi\/sahkonet\/sahko-ja-automaatioasennukset\/oppimistehtavat\/teollisuuden-sahkoasennukset\/moottori-kaytot\/moottoriohjaukset-asennukset\/","og_site_name":"S\u00e4hk\u00f6Net","twitter_card":"summary_large_image","schema":{"@context":"https:\/\/schema.org","@graph":[{"@type":"WebPage","@id":"https:\/\/blogit.gradia.fi\/sahkonet\/sahko-ja-automaatioasennukset\/oppimistehtavat\/teollisuuden-sahkoasennukset\/moottori-kaytot\/moottoriohjaukset-asennukset\/","url":"https:\/\/blogit.gradia.fi\/sahkonet\/sahko-ja-automaatioasennukset\/oppimistehtavat\/teollisuuden-sahkoasennukset\/moottori-kaytot\/moottoriohjaukset-asennukset\/","name":"Moottoriohjaukset - asennukset - S\u00e4hk\u00f6Net","isPartOf":{"@id":"https:\/\/blogit.gradia.fi\/sahkonet\/#website"},"datePublished":"2016-10-25T07:03:39+00:00","breadcrumb":{"@id":"https:\/\/blogit.gradia.fi\/sahkonet\/sahko-ja-automaatioasennukset\/oppimistehtavat\/teollisuuden-sahkoasennukset\/moottori-kaytot\/moottoriohjaukset-asennukset\/#breadcrumb"},"inLanguage":"fi","potentialAction":[{"@type":"ReadAction","target":["https:\/\/blogit.gradia.fi\/sahkonet\/sahko-ja-automaatioasennukset\/oppimistehtavat\/teollisuuden-sahkoasennukset\/moottori-kaytot\/moottoriohjaukset-asennukset\/"]}]},{"@type":"BreadcrumbList","@id":"https:\/\/blogit.gradia.fi\/sahkonet\/sahko-ja-automaatioasennukset\/oppimistehtavat\/teollisuuden-sahkoasennukset\/moottori-kaytot\/moottoriohjaukset-asennukset\/#breadcrumb","itemListElement":[{"@type":"ListItem","position":1,"name":"S\u00e4hk\u00f6- ja automaatioasennukset (20ov)","item":"https:\/\/blogit.gradia.fi\/sahkonet\/sahko-ja-automaatioasennukset\/"},{"@type":"ListItem","position":2,"name":"Oppimisteht\u00e4v\u00e4t","item":"https:\/\/blogit.gradia.fi\/sahkonet\/sahko-ja-automaatioasennukset\/oppimistehtavat\/"},{"@type":"ListItem","position":3,"name":"Teollisuuden s\u00e4hk\u00f6asennukset","item":"https:\/\/blogit.gradia.fi\/sahkonet\/sahko-ja-automaatioasennukset\/oppimistehtavat\/teollisuuden-sahkoasennukset\/"},{"@type":"ListItem","position":4,"name":"Moottori k\u00e4yt\u00f6t","item":"https:\/\/blogit.gradia.fi\/sahkonet\/sahko-ja-automaatioasennukset\/oppimistehtavat\/teollisuuden-sahkoasennukset\/moottori-kaytot\/"},{"@type":"ListItem","position":5,"name":"Moottoriohjaukset &#8211; asennukset"}]},{"@type":"WebSite","@id":"https:\/\/blogit.gradia.fi\/sahkonet\/#website","url":"https:\/\/blogit.gradia.fi\/sahkonet\/","name":"S\u00e4hk\u00f6Net","description":"S\u00e4hk\u00f6- ja automaatiotekniikan perustutkinto","potentialAction":[{"@type":"SearchAction","target":{"@type":"EntryPoint","urlTemplate":"https:\/\/blogit.gradia.fi\/sahkonet\/?s={search_term_string}"},"query-input":{"@type":"PropertyValueSpecification","valueRequired":true,"valueName":"search_term_string"}}],"inLanguage":"fi"}]}},"uagb_featured_image_src":{"full":false,"thumbnail":false,"medium":false,"medium_large":false,"large":false,"1536x1536":false,"2048x2048":false,"post-thumbnail":false,"twentyfourteen-full-width":false},"uagb_author_info":{"display_name":"Pia Tolonen","author_link":"https:\/\/blogit.gradia.fi\/sahkonet\/author\/halmepia\/"},"uagb_comment_info":0,"uagb_excerpt":"Moottoriohjauksissa on 4 kpl asennusharjoituksia. Suora ohjaus &#8211; harjoitus-1 Suunnanvaihto &#8211; harjoitus-2 Pehmok\u00e4ynnistys &#8211; harjoitus-3 Taajuusmuuttaja &#8211; harjoitus-4-1-vaihe Lue teht\u00e4v\u00e4paperin teht\u00e4v\u00e4 huolellisesti ja ennen asennusharjoituksen suorittamista esit\u00e4 esiteht\u00e4v\u00e4 opettajalle. Ongelmanratkaisuteht\u00e4v\u00e4t: a) Suorassa k\u00e4ynnistyksess\u00e4 (1.) hahmottele muutokset kytkent\u00e4\u00e4n siten, ett\u00e4 ei-toivottu k\u00e4ynnistyminen saadaan estetty\u00e4. b) Suunnanvaihtokytkenn\u00e4ss\u00e4 (2.) hahmottele muutokset kytkent\u00e4\u00e4n, jolla saat estetty\u00e4 k\u00e4ynnistyksen toiseen suuntaan&hellip;","_links":{"self":[{"href":"https:\/\/blogit.gradia.fi\/sahkonet\/wp-json\/wp\/v2\/pages\/1565","targetHints":{"allow":["GET"]}}],"collection":[{"href":"https:\/\/blogit.gradia.fi\/sahkonet\/wp-json\/wp\/v2\/pages"}],"about":[{"href":"https:\/\/blogit.gradia.fi\/sahkonet\/wp-json\/wp\/v2\/types\/page"}],"author":[{"embeddable":true,"href":"https:\/\/blogit.gradia.fi\/sahkonet\/wp-json\/wp\/v2\/users\/179"}],"replies":[{"embeddable":true,"href":"https:\/\/blogit.gradia.fi\/sahkonet\/wp-json\/wp\/v2\/comments?post=1565"}],"version-history":[{"count":0,"href":"https:\/\/blogit.gradia.fi\/sahkonet\/wp-json\/wp\/v2\/pages\/1565\/revisions"}],"up":[{"embeddable":true,"href":"https:\/\/blogit.gradia.fi\/sahkonet\/wp-json\/wp\/v2\/pages\/168"}],"wp:attachment":[{"href":"https:\/\/blogit.gradia.fi\/sahkonet\/wp-json\/wp\/v2\/media?parent=1565"}],"curies":[{"name":"wp","href":"https:\/\/api.w.org\/{rel}","templated":true}]}}