{"id":1556,"date":"2016-09-14T18:27:36","date_gmt":"2016-09-14T15:27:36","guid":{"rendered":"https:\/\/blogit.gradia.fi\/sahkonet\/?page_id=1556"},"modified":"2016-09-14T19:00:00","modified_gmt":"2016-09-14T16:00:00","slug":"sahko-ja-automaatio-2016-17","status":"publish","type":"page","link":"https:\/\/blogit.gradia.fi\/sahkonet\/etusivu\/sahko-ja-automaatio-2016-17\/","title":{"rendered":"S\u00e4hk\u00f6- ja automaatio 2016-17"},"content":{"rendered":"<h3>S\u00e4hk\u00f6- ja automaatioasennuksen luokkien jaksotus<\/h3>\n<ul>\n<li>S&amp;A = S\u00e4hk\u00f6- ja automaatioasennukset<\/li>\n<li>S&amp;E = S\u00e4hk\u00f6- ja energiatekniikka<\/li>\n<li>TOP = ty\u00f6ss\u00e4oppiminen<\/li>\n<\/ul>\n<p><a href=\"https:\/\/www.jao.fi\/loader.aspx?id=372cb707-715a-4797-9101-9d89d2fc1ec0\" target=\"_blank\">Opetussuunnitelma<\/a><\/p>\n<h3>Opettajalyhenteet<\/h3>\n<ul>\n<li>AR = Antti Rajaniemi<\/li>\n<li>ML = Markku Lasarov<\/li>\n<li>JR = Janne R\u00e4is\u00e4nen<\/li>\n<li>JH = Juha Honkam\u00e4ki<\/li>\n<li>JT = Juha Toivanen<\/li>\n<li>JI = Jari Ikonen<\/li>\n<\/ul>\n<p><a href=\"https:\/\/blogit.gradia.fi\/sahkonet\/wp-content\/uploads\/sites\/80\/2016\/09\/jaksot16-17-2.jpg\"><img loading=\"lazy\" decoding=\"async\" class=\"alignnone wp-image-1562 size-full\" src=\"https:\/\/blogit.gradia.fi\/sahkonet\/wp-content\/uploads\/sites\/80\/2016\/09\/jaksot16-17-2.jpg\" width=\"1352\" height=\"608\" srcset=\"https:\/\/blogit.gradia.fi\/sahkonet\/wp-content\/uploads\/sites\/80\/2016\/09\/jaksot16-17-2.jpg 1352w, https:\/\/blogit.gradia.fi\/sahkonet\/wp-content\/uploads\/sites\/80\/2016\/09\/jaksot16-17-2-300x135.jpg 300w, https:\/\/blogit.gradia.fi\/sahkonet\/wp-content\/uploads\/sites\/80\/2016\/09\/jaksot16-17-2-768x345.jpg 768w, https:\/\/blogit.gradia.fi\/sahkonet\/wp-content\/uploads\/sites\/80\/2016\/09\/jaksot16-17-2-1024x460.jpg 1024w\" sizes=\"auto, (max-width: 1352px) 100vw, 1352px\" \/><\/a><\/p>\n","protected":false},"excerpt":{"rendered":"<p>S\u00e4hk\u00f6- ja automaatioasennuksen luokkien jaksotus S&amp;A = S\u00e4hk\u00f6- ja automaatioasennukset S&amp;E = S\u00e4hk\u00f6- ja energiatekniikka TOP = ty\u00f6ss\u00e4oppiminen Opetussuunnitelma Opettajalyhenteet AR = Antti Rajaniemi ML = Markku Lasarov JR = Janne R\u00e4is\u00e4nen JH = Juha Honkam\u00e4ki JT = Juha Toivanen JI = Jari Ikonen<\/p>\n","protected":false},"author":179,"featured_media":0,"parent":30,"menu_order":6,"comment_status":"closed","ping_status":"closed","template":"","meta":{"_uag_custom_page_level_css":"","footnotes":""},"class_list":["post-1556","page","type-page","status-publish","hentry"],"yoast_head":"<!-- This site is optimized with the Yoast SEO plugin v27.4 - https:\/\/yoast.com\/product\/yoast-seo-wordpress\/ -->\n<title>S\u00e4hk\u00f6- ja automaatio 2016-17 - S\u00e4hk\u00f6Net<\/title>\n<meta name=\"robots\" content=\"index, follow, max-snippet:-1, max-image-preview:large, max-video-preview:-1\" \/>\n<link rel=\"canonical\" href=\"https:\/\/blogit.gradia.fi\/sahkonet\/etusivu\/sahko-ja-automaatio-2016-17\/\" \/>\n<meta property=\"og:locale\" content=\"fi_FI\" \/>\n<meta property=\"og:type\" content=\"article\" \/>\n<meta property=\"og:title\" content=\"S\u00e4hk\u00f6- ja automaatio 2016-17 - S\u00e4hk\u00f6Net\" \/>\n<meta property=\"og:description\" content=\"S\u00e4hk\u00f6- ja automaatioasennuksen luokkien jaksotus S&amp;A = S\u00e4hk\u00f6- ja automaatioasennukset S&amp;E = S\u00e4hk\u00f6- ja energiatekniikka TOP = ty\u00f6ss\u00e4oppiminen Opetussuunnitelma Opettajalyhenteet AR = Antti Rajaniemi ML = Markku Lasarov JR = Janne R\u00e4is\u00e4nen JH = Juha Honkam\u00e4ki JT = Juha Toivanen JI = Jari Ikonen\" \/>\n<meta property=\"og:url\" content=\"https:\/\/blogit.gradia.fi\/sahkonet\/etusivu\/sahko-ja-automaatio-2016-17\/\" \/>\n<meta property=\"og:site_name\" content=\"S\u00e4hk\u00f6Net\" \/>\n<meta property=\"article:modified_time\" content=\"2016-09-14T16:00:00+00:00\" \/>\n<meta property=\"og:image\" content=\"https:\/\/blogit.gradia.fi\/sahkonet\/wp-content\/uploads\/sites\/80\/2016\/09\/jaksot16-17-2.jpg\" \/>\n<meta name=\"twitter:card\" content=\"summary_large_image\" \/>\n<script type=\"application\/ld+json\" class=\"yoast-schema-graph\">{\"@context\":\"https:\\\/\\\/schema.org\",\"@graph\":[{\"@type\":\"WebPage\",\"@id\":\"https:\\\/\\\/blogit.gradia.fi\\\/sahkonet\\\/etusivu\\\/sahko-ja-automaatio-2016-17\\\/\",\"url\":\"https:\\\/\\\/blogit.gradia.fi\\\/sahkonet\\\/etusivu\\\/sahko-ja-automaatio-2016-17\\\/\",\"name\":\"S\u00e4hk\u00f6- ja automaatio 2016-17 - S\u00e4hk\u00f6Net\",\"isPartOf\":{\"@id\":\"https:\\\/\\\/blogit.gradia.fi\\\/sahkonet\\\/#website\"},\"primaryImageOfPage\":{\"@id\":\"https:\\\/\\\/blogit.gradia.fi\\\/sahkonet\\\/etusivu\\\/sahko-ja-automaatio-2016-17\\\/#primaryimage\"},\"image\":{\"@id\":\"https:\\\/\\\/blogit.gradia.fi\\\/sahkonet\\\/etusivu\\\/sahko-ja-automaatio-2016-17\\\/#primaryimage\"},\"thumbnailUrl\":\"https:\\\/\\\/blogit.gradia.fi\\\/sahkonet\\\/wp-content\\\/uploads\\\/sites\\\/80\\\/2016\\\/09\\\/jaksot16-17-2.jpg\",\"datePublished\":\"2016-09-14T15:27:36+00:00\",\"dateModified\":\"2016-09-14T16:00:00+00:00\",\"breadcrumb\":{\"@id\":\"https:\\\/\\\/blogit.gradia.fi\\\/sahkonet\\\/etusivu\\\/sahko-ja-automaatio-2016-17\\\/#breadcrumb\"},\"inLanguage\":\"fi\",\"potentialAction\":[{\"@type\":\"ReadAction\",\"target\":[\"https:\\\/\\\/blogit.gradia.fi\\\/sahkonet\\\/etusivu\\\/sahko-ja-automaatio-2016-17\\\/\"]}]},{\"@type\":\"ImageObject\",\"inLanguage\":\"fi\",\"@id\":\"https:\\\/\\\/blogit.gradia.fi\\\/sahkonet\\\/etusivu\\\/sahko-ja-automaatio-2016-17\\\/#primaryimage\",\"url\":\"https:\\\/\\\/blogit.gradia.fi\\\/sahkonet\\\/wp-content\\\/uploads\\\/sites\\\/80\\\/2016\\\/09\\\/jaksot16-17-2.jpg\",\"contentUrl\":\"https:\\\/\\\/blogit.gradia.fi\\\/sahkonet\\\/wp-content\\\/uploads\\\/sites\\\/80\\\/2016\\\/09\\\/jaksot16-17-2.jpg\",\"width\":1352,\"height\":608},{\"@type\":\"BreadcrumbList\",\"@id\":\"https:\\\/\\\/blogit.gradia.fi\\\/sahkonet\\\/etusivu\\\/sahko-ja-automaatio-2016-17\\\/#breadcrumb\",\"itemListElement\":[{\"@type\":\"ListItem\",\"position\":1,\"name\":\"P\u00e4\u00e4sivu\",\"item\":\"https:\\\/\\\/blogit.gradia.fi\\\/sahkonet\\\/\"},{\"@type\":\"ListItem\",\"position\":2,\"name\":\"S\u00e4hk\u00f6- ja automaatio 2016-17\"}]},{\"@type\":\"WebSite\",\"@id\":\"https:\\\/\\\/blogit.gradia.fi\\\/sahkonet\\\/#website\",\"url\":\"https:\\\/\\\/blogit.gradia.fi\\\/sahkonet\\\/\",\"name\":\"S\u00e4hk\u00f6Net\",\"description\":\"S\u00e4hk\u00f6- ja automaatiotekniikan perustutkinto\",\"potentialAction\":[{\"@type\":\"SearchAction\",\"target\":{\"@type\":\"EntryPoint\",\"urlTemplate\":\"https:\\\/\\\/blogit.gradia.fi\\\/sahkonet\\\/?s={search_term_string}\"},\"query-input\":{\"@type\":\"PropertyValueSpecification\",\"valueRequired\":true,\"valueName\":\"search_term_string\"}}],\"inLanguage\":\"fi\"}]}<\/script>\n<!-- \/ Yoast SEO plugin. -->","yoast_head_json":{"title":"S\u00e4hk\u00f6- ja automaatio 2016-17 - S\u00e4hk\u00f6Net","robots":{"index":"index","follow":"follow","max-snippet":"max-snippet:-1","max-image-preview":"max-image-preview:large","max-video-preview":"max-video-preview:-1"},"canonical":"https:\/\/blogit.gradia.fi\/sahkonet\/etusivu\/sahko-ja-automaatio-2016-17\/","og_locale":"fi_FI","og_type":"article","og_title":"S\u00e4hk\u00f6- ja automaatio 2016-17 - S\u00e4hk\u00f6Net","og_description":"S\u00e4hk\u00f6- ja automaatioasennuksen luokkien jaksotus S&amp;A = S\u00e4hk\u00f6- ja automaatioasennukset S&amp;E = S\u00e4hk\u00f6- ja energiatekniikka TOP = ty\u00f6ss\u00e4oppiminen Opetussuunnitelma Opettajalyhenteet AR = Antti Rajaniemi ML = Markku Lasarov JR = Janne R\u00e4is\u00e4nen JH = Juha Honkam\u00e4ki JT = Juha Toivanen JI = Jari Ikonen","og_url":"https:\/\/blogit.gradia.fi\/sahkonet\/etusivu\/sahko-ja-automaatio-2016-17\/","og_site_name":"S\u00e4hk\u00f6Net","article_modified_time":"2016-09-14T16:00:00+00:00","og_image":[{"url":"https:\/\/blogit.gradia.fi\/sahkonet\/wp-content\/uploads\/sites\/80\/2016\/09\/jaksot16-17-2.jpg","type":"","width":"","height":""}],"twitter_card":"summary_large_image","schema":{"@context":"https:\/\/schema.org","@graph":[{"@type":"WebPage","@id":"https:\/\/blogit.gradia.fi\/sahkonet\/etusivu\/sahko-ja-automaatio-2016-17\/","url":"https:\/\/blogit.gradia.fi\/sahkonet\/etusivu\/sahko-ja-automaatio-2016-17\/","name":"S\u00e4hk\u00f6- ja automaatio 2016-17 - S\u00e4hk\u00f6Net","isPartOf":{"@id":"https:\/\/blogit.gradia.fi\/sahkonet\/#website"},"primaryImageOfPage":{"@id":"https:\/\/blogit.gradia.fi\/sahkonet\/etusivu\/sahko-ja-automaatio-2016-17\/#primaryimage"},"image":{"@id":"https:\/\/blogit.gradia.fi\/sahkonet\/etusivu\/sahko-ja-automaatio-2016-17\/#primaryimage"},"thumbnailUrl":"https:\/\/blogit.gradia.fi\/sahkonet\/wp-content\/uploads\/sites\/80\/2016\/09\/jaksot16-17-2.jpg","datePublished":"2016-09-14T15:27:36+00:00","dateModified":"2016-09-14T16:00:00+00:00","breadcrumb":{"@id":"https:\/\/blogit.gradia.fi\/sahkonet\/etusivu\/sahko-ja-automaatio-2016-17\/#breadcrumb"},"inLanguage":"fi","potentialAction":[{"@type":"ReadAction","target":["https:\/\/blogit.gradia.fi\/sahkonet\/etusivu\/sahko-ja-automaatio-2016-17\/"]}]},{"@type":"ImageObject","inLanguage":"fi","@id":"https:\/\/blogit.gradia.fi\/sahkonet\/etusivu\/sahko-ja-automaatio-2016-17\/#primaryimage","url":"https:\/\/blogit.gradia.fi\/sahkonet\/wp-content\/uploads\/sites\/80\/2016\/09\/jaksot16-17-2.jpg","contentUrl":"https:\/\/blogit.gradia.fi\/sahkonet\/wp-content\/uploads\/sites\/80\/2016\/09\/jaksot16-17-2.jpg","width":1352,"height":608},{"@type":"BreadcrumbList","@id":"https:\/\/blogit.gradia.fi\/sahkonet\/etusivu\/sahko-ja-automaatio-2016-17\/#breadcrumb","itemListElement":[{"@type":"ListItem","position":1,"name":"P\u00e4\u00e4sivu","item":"https:\/\/blogit.gradia.fi\/sahkonet\/"},{"@type":"ListItem","position":2,"name":"S\u00e4hk\u00f6- ja automaatio 2016-17"}]},{"@type":"WebSite","@id":"https:\/\/blogit.gradia.fi\/sahkonet\/#website","url":"https:\/\/blogit.gradia.fi\/sahkonet\/","name":"S\u00e4hk\u00f6Net","description":"S\u00e4hk\u00f6- ja automaatiotekniikan perustutkinto","potentialAction":[{"@type":"SearchAction","target":{"@type":"EntryPoint","urlTemplate":"https:\/\/blogit.gradia.fi\/sahkonet\/?s={search_term_string}"},"query-input":{"@type":"PropertyValueSpecification","valueRequired":true,"valueName":"search_term_string"}}],"inLanguage":"fi"}]}},"uagb_featured_image_src":{"full":false,"thumbnail":false,"medium":false,"medium_large":false,"large":false,"1536x1536":false,"2048x2048":false,"post-thumbnail":false,"twentyfourteen-full-width":false},"uagb_author_info":{"display_name":"Pia Tolonen","author_link":"https:\/\/blogit.gradia.fi\/sahkonet\/author\/halmepia\/"},"uagb_comment_info":0,"uagb_excerpt":"S\u00e4hk\u00f6- ja automaatioasennuksen luokkien jaksotus S&amp;A = S\u00e4hk\u00f6- ja automaatioasennukset S&amp;E = S\u00e4hk\u00f6- ja energiatekniikka TOP = ty\u00f6ss\u00e4oppiminen Opetussuunnitelma Opettajalyhenteet AR = Antti Rajaniemi ML = Markku Lasarov JR = Janne R\u00e4is\u00e4nen JH = Juha Honkam\u00e4ki JT = Juha Toivanen JI = Jari Ikonen","_links":{"self":[{"href":"https:\/\/blogit.gradia.fi\/sahkonet\/wp-json\/wp\/v2\/pages\/1556","targetHints":{"allow":["GET"]}}],"collection":[{"href":"https:\/\/blogit.gradia.fi\/sahkonet\/wp-json\/wp\/v2\/pages"}],"about":[{"href":"https:\/\/blogit.gradia.fi\/sahkonet\/wp-json\/wp\/v2\/types\/page"}],"author":[{"embeddable":true,"href":"https:\/\/blogit.gradia.fi\/sahkonet\/wp-json\/wp\/v2\/users\/179"}],"replies":[{"embeddable":true,"href":"https:\/\/blogit.gradia.fi\/sahkonet\/wp-json\/wp\/v2\/comments?post=1556"}],"version-history":[{"count":0,"href":"https:\/\/blogit.gradia.fi\/sahkonet\/wp-json\/wp\/v2\/pages\/1556\/revisions"}],"up":[{"embeddable":true,"href":"https:\/\/blogit.gradia.fi\/sahkonet\/wp-json\/wp\/v2\/pages\/30"}],"wp:attachment":[{"href":"https:\/\/blogit.gradia.fi\/sahkonet\/wp-json\/wp\/v2\/media?parent=1556"}],"curies":[{"name":"wp","href":"https:\/\/api.w.org\/{rel}","templated":true}]}}