{"id":1519,"date":"2016-05-29T17:23:51","date_gmt":"2016-05-29T14:23:51","guid":{"rendered":"https:\/\/blogit.gradia.fi\/sahkonet\/?page_id=1519"},"modified":"2016-05-29T20:09:01","modified_gmt":"2016-05-29T17:09:01","slug":"oppimistehtava-5","status":"publish","type":"page","link":"https:\/\/blogit.gradia.fi\/sahkonet\/prosessiautomaatio\/vesiprosessi\/oppimistehtava-5\/","title":{"rendered":"Oppimisteht\u00e4v\u00e4 5"},"content":{"rendered":"<p>Virtausmittausanturin toiminta sek\u00e4\u00a0virtausmittauksen j\u00e4lkeen HV4 magneettiventtiilin k\u00e4ytt\u00f6.<\/p>\n<ul>\n<li>Lis\u00e4\u00e4 kosketusn\u00e4yt\u00f6lle ohjaus venttiilille HV4.<\/li>\n<li>Magneettisen m\u00e4\u00e4r\u00e4mittauksen (FT2) mittausalue on 0-100 l\/min.<\/li>\n<li>Taajuusmuuttajan taajuusalue 0-50Hz.<\/li>\n<li>Rakennetaan virtauss\u00e4\u00e4t\u00f6piiri FIC 2 (PI-s\u00e4\u00e4din).<\/li>\n<li>Virtausmittauksen h\u00e4lytysrajat LOW 0 l\/min ja HIGH 70 l\/min.<\/li>\n<li>Jos HV4 kiinni =&gt;\u00a0pumppu 2 (P2) pakko-seis.<\/li>\n<li>Yl\u00e4s\u00e4ili\u00f6 2 pinnan yl\u00e4raja LS5 aktiivinen =&gt;\u00a0pumppu 2 (P2) pakko-seis.<\/li>\n<li>Varastos\u00e4ili\u00f6n alaraja LSZ1ei aktiivinen =&gt;\u00a0pumppu 2 (P2) pakko-seis.<\/li>\n<li>MAN \/ AUTOM \u2013 moodit. Jos jokin yll\u00e4 olevista pumppujen pakko-seis tiloista p\u00e4\u00e4ll\u00e4, s\u00e4\u00e4t\u00e4j\u00e4 ei\u00a0saa menn\u00e4 automaatti-tilaan. S\u00e4\u00e4t\u00e4j\u00e4 on \u201dpakko-ohjaus\u201d tilassa ja MAN-tilassa, kunnes P2 on<br \/>\nvapautunut pakko-seis tilasta.<\/li>\n<li>Etsi PI-s\u00e4\u00e4t\u00e4j\u00e4lle (FIC2) parametrit v\u00e4r\u00e4htelykoe-menetelm\u00e4ll\u00e4.<\/li>\n<\/ul>\n<p>&nbsp;<\/p>\n<p><em>V\u00e4r\u00e4htelykoemenetelm\u00e4ss\u00e4 s\u00e4\u00e4t\u00f6piiri pidet\u00e4\u00e4n suljettuna. S\u00e4\u00e4din kytket\u00e4\u00e4n P-s\u00e4\u00e4timeksi. T\u00e4m\u00e4n j\u00e4lkeen s\u00e4\u00e4timen vahvistusta kasvatetaan kunnes s\u00e4\u00e4t\u00f6piirin s\u00e4\u00e4dettysuure alkaa v\u00e4r\u00e4hdell\u00e4 vakio amplitudilla, t\u00e4m\u00e4 vahvistuksen arvo on kriittinen vahvistus \u00a0ja se siis m\u00e4\u00e4ritet\u00e4\u00e4n. Lis\u00e4ksi m\u00e4\u00e4ritet\u00e4\u00e4n vakioamplitudisen v\u00e4r\u00e4htelyn jakson pituus \u00a0, joka on kriittinen jaksonaika. Lasketaan valmiita kaavoja k\u00e4ytt\u00e4en parametriarvot P-, PI &#8211; ja PID &#8211; s\u00e4\u00e4timille.<\/em><\/p>\n<p><em>Asetetaan s\u00e4\u00e4din P-s\u00e4\u00e4timeksi ja muodostetaan suljettu s\u00e4\u00e4t\u00f6piiri. Kasvatetaan s\u00e4\u00e4timen vahvistusta \u00a0nollasta alkaen, kunnes s\u00e4\u00e4dettysuure alkaa v\u00e4r\u00e4hdell\u00e4. Vahvistukselle etsit\u00e4\u00e4n pienin arvo, jolla s\u00e4\u00e4dettysuure v\u00e4r\u00e4htelee vakioamplitudilla. M\u00e4\u00e4ritet\u00e4\u00e4n piirturin paperilta kriittinen jaksonaika \u00a0ja luetaan s\u00e4\u00e4timen vahvistus , mik\u00e4 on kriittinen vahvistus . N\u00e4ill\u00e4 arvoilla lasketaan s\u00e4\u00e4timen parametrit \u00a0alla olevan taulukon \u00a0avulla.<\/em><\/p>\n<p><em><a href=\"https:\/\/blogit.gradia.fi\/sahkonet\/wp-content\/uploads\/sites\/80\/2016\/05\/v\u00e4r\u00e4htelykoe.png\"><img loading=\"lazy\" decoding=\"async\" class=\"alignnone size-medium wp-image-1520\" src=\"https:\/\/blogit.gradia.fi\/sahkonet\/wp-content\/uploads\/sites\/80\/2016\/05\/v\u00e4r\u00e4htelykoe-300x155.png\" alt=\"v\u00e4r\u00e4htelykoe\" width=\"300\" height=\"155\" srcset=\"https:\/\/blogit.gradia.fi\/sahkonet\/wp-content\/uploads\/sites\/80\/2016\/05\/v\u00e4r\u00e4htelykoe-300x155.png 300w, https:\/\/blogit.gradia.fi\/sahkonet\/wp-content\/uploads\/sites\/80\/2016\/05\/v\u00e4r\u00e4htelykoe.png 455w\" sizes=\"auto, (max-width: 300px) 100vw, 300px\" \/><\/a><\/em><\/p>\n<p>&nbsp;<\/p>\n<p><em>Viritet\u00e4\u00e4n s\u00e4\u00e4din lasketuilla parametrien arvoilla ja ajetaan askelvasteet suljetulla s\u00e4\u00e4t\u00f6piirill\u00e4 kaiken tyyppisill\u00e4 s\u00e4\u00e4timill\u00e4 (P, PI ja PID). Arvioidaan tuloksia piirturin k\u00e4yrien avulla ja verrataan niit\u00e4 askelvastemenetelm\u00e4ll\u00e4 saatuihin tuloksiin. Piirret\u00e4\u00e4n suljetun s\u00e4\u00e4t\u00f6piirin lohkokaavioesitys.<\/em><\/p>\n<p>&nbsp;<\/p>\n","protected":false},"excerpt":{"rendered":"<p>Virtausmittausanturin toiminta sek\u00e4\u00a0virtausmittauksen j\u00e4lkeen HV4 magneettiventtiilin k\u00e4ytt\u00f6. Lis\u00e4\u00e4 kosketusn\u00e4yt\u00f6lle ohjaus venttiilille HV4. Magneettisen m\u00e4\u00e4r\u00e4mittauksen (FT2) mittausalue on 0-100 l\/min. Taajuusmuuttajan taajuusalue 0-50Hz. Rakennetaan virtauss\u00e4\u00e4t\u00f6piiri FIC 2 (PI-s\u00e4\u00e4din). Virtausmittauksen h\u00e4lytysrajat LOW 0 l\/min ja HIGH 70 l\/min. Jos HV4 kiinni =&gt;\u00a0pumppu 2 (P2) pakko-seis. Yl\u00e4s\u00e4ili\u00f6 2 pinnan yl\u00e4raja LS5 aktiivinen =&gt;\u00a0pumppu 2 (P2) pakko-seis. Varastos\u00e4ili\u00f6n alaraja &hellip; <a href=\"https:\/\/blogit.gradia.fi\/sahkonet\/prosessiautomaatio\/vesiprosessi\/oppimistehtava-5\/\" class=\"more-link\">Jatka lukemista <span class=\"screen-reader-text\">Oppimisteht\u00e4v\u00e4 5<\/span> <span class=\"meta-nav\">&rarr;<\/span><\/a><\/p>\n","protected":false},"author":179,"featured_media":0,"parent":1463,"menu_order":15,"comment_status":"closed","ping_status":"closed","template":"","meta":{"_uag_custom_page_level_css":"","footnotes":""},"class_list":["post-1519","page","type-page","status-publish","hentry"],"yoast_head":"<!-- This site is optimized with the Yoast SEO plugin v27.4 - https:\/\/yoast.com\/product\/yoast-seo-wordpress\/ -->\n<title>Oppimisteht\u00e4v\u00e4 5 - S\u00e4hk\u00f6Net<\/title>\n<meta name=\"robots\" content=\"index, follow, max-snippet:-1, max-image-preview:large, max-video-preview:-1\" \/>\n<link rel=\"canonical\" href=\"https:\/\/blogit.gradia.fi\/sahkonet\/prosessiautomaatio\/vesiprosessi\/oppimistehtava-5\/\" \/>\n<meta property=\"og:locale\" content=\"fi_FI\" \/>\n<meta property=\"og:type\" content=\"article\" \/>\n<meta property=\"og:title\" content=\"Oppimisteht\u00e4v\u00e4 5 - S\u00e4hk\u00f6Net\" \/>\n<meta property=\"og:description\" content=\"Virtausmittausanturin toiminta sek\u00e4\u00a0virtausmittauksen j\u00e4lkeen HV4 magneettiventtiilin k\u00e4ytt\u00f6. Lis\u00e4\u00e4 kosketusn\u00e4yt\u00f6lle ohjaus venttiilille HV4. Magneettisen m\u00e4\u00e4r\u00e4mittauksen (FT2) mittausalue on 0-100 l\/min. Taajuusmuuttajan taajuusalue 0-50Hz. Rakennetaan virtauss\u00e4\u00e4t\u00f6piiri FIC 2 (PI-s\u00e4\u00e4din). Virtausmittauksen h\u00e4lytysrajat LOW 0 l\/min ja HIGH 70 l\/min. Jos HV4 kiinni =&gt;\u00a0pumppu 2 (P2) pakko-seis. Yl\u00e4s\u00e4ili\u00f6 2 pinnan yl\u00e4raja LS5 aktiivinen =&gt;\u00a0pumppu 2 (P2) pakko-seis. Varastos\u00e4ili\u00f6n alaraja &hellip; Jatka lukemista Oppimisteht\u00e4v\u00e4 5 &rarr;\" \/>\n<meta property=\"og:url\" content=\"https:\/\/blogit.gradia.fi\/sahkonet\/prosessiautomaatio\/vesiprosessi\/oppimistehtava-5\/\" \/>\n<meta property=\"og:site_name\" content=\"S\u00e4hk\u00f6Net\" \/>\n<meta property=\"article:modified_time\" content=\"2016-05-29T17:09:01+00:00\" \/>\n<meta property=\"og:image\" content=\"https:\/\/blogit.gradia.fi\/sahkonet\/wp-content\/uploads\/sites\/80\/2016\/05\/v\u00e4r\u00e4htelykoe-300x155.png\" \/>\n<meta name=\"twitter:card\" content=\"summary_large_image\" \/>\n<meta name=\"twitter:label1\" content=\"Arvioitu lukuaika\" \/>\n\t<meta name=\"twitter:data1\" content=\"2 minuuttia\" \/>\n<script type=\"application\/ld+json\" class=\"yoast-schema-graph\">{\"@context\":\"https:\\\/\\\/schema.org\",\"@graph\":[{\"@type\":\"WebPage\",\"@id\":\"https:\\\/\\\/blogit.gradia.fi\\\/sahkonet\\\/prosessiautomaatio\\\/vesiprosessi\\\/oppimistehtava-5\\\/\",\"url\":\"https:\\\/\\\/blogit.gradia.fi\\\/sahkonet\\\/prosessiautomaatio\\\/vesiprosessi\\\/oppimistehtava-5\\\/\",\"name\":\"Oppimisteht\u00e4v\u00e4 5 - S\u00e4hk\u00f6Net\",\"isPartOf\":{\"@id\":\"https:\\\/\\\/blogit.gradia.fi\\\/sahkonet\\\/#website\"},\"datePublished\":\"2016-05-29T14:23:51+00:00\",\"dateModified\":\"2016-05-29T17:09:01+00:00\",\"breadcrumb\":{\"@id\":\"https:\\\/\\\/blogit.gradia.fi\\\/sahkonet\\\/prosessiautomaatio\\\/vesiprosessi\\\/oppimistehtava-5\\\/#breadcrumb\"},\"inLanguage\":\"fi\",\"potentialAction\":[{\"@type\":\"ReadAction\",\"target\":[\"https:\\\/\\\/blogit.gradia.fi\\\/sahkonet\\\/prosessiautomaatio\\\/vesiprosessi\\\/oppimistehtava-5\\\/\"]}]},{\"@type\":\"BreadcrumbList\",\"@id\":\"https:\\\/\\\/blogit.gradia.fi\\\/sahkonet\\\/prosessiautomaatio\\\/vesiprosessi\\\/oppimistehtava-5\\\/#breadcrumb\",\"itemListElement\":[{\"@type\":\"ListItem\",\"position\":1,\"name\":\"Prosessiautomaatio (30 osp)\",\"item\":\"https:\\\/\\\/blogit.gradia.fi\\\/sahkonet\\\/prosessiautomaatio\\\/\"},{\"@type\":\"ListItem\",\"position\":2,\"name\":\"Vesiprosessi\",\"item\":\"https:\\\/\\\/blogit.gradia.fi\\\/sahkonet\\\/prosessiautomaatio\\\/vesiprosessi\\\/\"},{\"@type\":\"ListItem\",\"position\":3,\"name\":\"Oppimisteht\u00e4v\u00e4 5\"}]},{\"@type\":\"WebSite\",\"@id\":\"https:\\\/\\\/blogit.gradia.fi\\\/sahkonet\\\/#website\",\"url\":\"https:\\\/\\\/blogit.gradia.fi\\\/sahkonet\\\/\",\"name\":\"S\u00e4hk\u00f6Net\",\"description\":\"S\u00e4hk\u00f6- ja automaatiotekniikan perustutkinto\",\"potentialAction\":[{\"@type\":\"SearchAction\",\"target\":{\"@type\":\"EntryPoint\",\"urlTemplate\":\"https:\\\/\\\/blogit.gradia.fi\\\/sahkonet\\\/?s={search_term_string}\"},\"query-input\":{\"@type\":\"PropertyValueSpecification\",\"valueRequired\":true,\"valueName\":\"search_term_string\"}}],\"inLanguage\":\"fi\"}]}<\/script>\n<!-- \/ Yoast SEO plugin. -->","yoast_head_json":{"title":"Oppimisteht\u00e4v\u00e4 5 - S\u00e4hk\u00f6Net","robots":{"index":"index","follow":"follow","max-snippet":"max-snippet:-1","max-image-preview":"max-image-preview:large","max-video-preview":"max-video-preview:-1"},"canonical":"https:\/\/blogit.gradia.fi\/sahkonet\/prosessiautomaatio\/vesiprosessi\/oppimistehtava-5\/","og_locale":"fi_FI","og_type":"article","og_title":"Oppimisteht\u00e4v\u00e4 5 - S\u00e4hk\u00f6Net","og_description":"Virtausmittausanturin toiminta sek\u00e4\u00a0virtausmittauksen j\u00e4lkeen HV4 magneettiventtiilin k\u00e4ytt\u00f6. Lis\u00e4\u00e4 kosketusn\u00e4yt\u00f6lle ohjaus venttiilille HV4. Magneettisen m\u00e4\u00e4r\u00e4mittauksen (FT2) mittausalue on 0-100 l\/min. Taajuusmuuttajan taajuusalue 0-50Hz. Rakennetaan virtauss\u00e4\u00e4t\u00f6piiri FIC 2 (PI-s\u00e4\u00e4din). Virtausmittauksen h\u00e4lytysrajat LOW 0 l\/min ja HIGH 70 l\/min. Jos HV4 kiinni =&gt;\u00a0pumppu 2 (P2) pakko-seis. Yl\u00e4s\u00e4ili\u00f6 2 pinnan yl\u00e4raja LS5 aktiivinen =&gt;\u00a0pumppu 2 (P2) pakko-seis. Varastos\u00e4ili\u00f6n alaraja &hellip; Jatka lukemista Oppimisteht\u00e4v\u00e4 5 &rarr;","og_url":"https:\/\/blogit.gradia.fi\/sahkonet\/prosessiautomaatio\/vesiprosessi\/oppimistehtava-5\/","og_site_name":"S\u00e4hk\u00f6Net","article_modified_time":"2016-05-29T17:09:01+00:00","og_image":[{"url":"https:\/\/blogit.gradia.fi\/sahkonet\/wp-content\/uploads\/sites\/80\/2016\/05\/v\u00e4r\u00e4htelykoe-300x155.png","type":"","width":"","height":""}],"twitter_card":"summary_large_image","twitter_misc":{"Arvioitu lukuaika":"2 minuuttia"},"schema":{"@context":"https:\/\/schema.org","@graph":[{"@type":"WebPage","@id":"https:\/\/blogit.gradia.fi\/sahkonet\/prosessiautomaatio\/vesiprosessi\/oppimistehtava-5\/","url":"https:\/\/blogit.gradia.fi\/sahkonet\/prosessiautomaatio\/vesiprosessi\/oppimistehtava-5\/","name":"Oppimisteht\u00e4v\u00e4 5 - S\u00e4hk\u00f6Net","isPartOf":{"@id":"https:\/\/blogit.gradia.fi\/sahkonet\/#website"},"datePublished":"2016-05-29T14:23:51+00:00","dateModified":"2016-05-29T17:09:01+00:00","breadcrumb":{"@id":"https:\/\/blogit.gradia.fi\/sahkonet\/prosessiautomaatio\/vesiprosessi\/oppimistehtava-5\/#breadcrumb"},"inLanguage":"fi","potentialAction":[{"@type":"ReadAction","target":["https:\/\/blogit.gradia.fi\/sahkonet\/prosessiautomaatio\/vesiprosessi\/oppimistehtava-5\/"]}]},{"@type":"BreadcrumbList","@id":"https:\/\/blogit.gradia.fi\/sahkonet\/prosessiautomaatio\/vesiprosessi\/oppimistehtava-5\/#breadcrumb","itemListElement":[{"@type":"ListItem","position":1,"name":"Prosessiautomaatio (30 osp)","item":"https:\/\/blogit.gradia.fi\/sahkonet\/prosessiautomaatio\/"},{"@type":"ListItem","position":2,"name":"Vesiprosessi","item":"https:\/\/blogit.gradia.fi\/sahkonet\/prosessiautomaatio\/vesiprosessi\/"},{"@type":"ListItem","position":3,"name":"Oppimisteht\u00e4v\u00e4 5"}]},{"@type":"WebSite","@id":"https:\/\/blogit.gradia.fi\/sahkonet\/#website","url":"https:\/\/blogit.gradia.fi\/sahkonet\/","name":"S\u00e4hk\u00f6Net","description":"S\u00e4hk\u00f6- ja automaatiotekniikan perustutkinto","potentialAction":[{"@type":"SearchAction","target":{"@type":"EntryPoint","urlTemplate":"https:\/\/blogit.gradia.fi\/sahkonet\/?s={search_term_string}"},"query-input":{"@type":"PropertyValueSpecification","valueRequired":true,"valueName":"search_term_string"}}],"inLanguage":"fi"}]}},"uagb_featured_image_src":{"full":false,"thumbnail":false,"medium":false,"medium_large":false,"large":false,"1536x1536":false,"2048x2048":false,"post-thumbnail":false,"twentyfourteen-full-width":false},"uagb_author_info":{"display_name":"Pia Tolonen","author_link":"https:\/\/blogit.gradia.fi\/sahkonet\/author\/halmepia\/"},"uagb_comment_info":0,"uagb_excerpt":"Virtausmittausanturin toiminta sek\u00e4\u00a0virtausmittauksen j\u00e4lkeen HV4 magneettiventtiilin k\u00e4ytt\u00f6. Lis\u00e4\u00e4 kosketusn\u00e4yt\u00f6lle ohjaus venttiilille HV4. Magneettisen m\u00e4\u00e4r\u00e4mittauksen (FT2) mittausalue on 0-100 l\/min. Taajuusmuuttajan taajuusalue 0-50Hz. Rakennetaan virtauss\u00e4\u00e4t\u00f6piiri FIC 2 (PI-s\u00e4\u00e4din). Virtausmittauksen h\u00e4lytysrajat LOW 0 l\/min ja HIGH 70 l\/min. Jos HV4 kiinni =&gt;\u00a0pumppu 2 (P2) pakko-seis. Yl\u00e4s\u00e4ili\u00f6 2 pinnan yl\u00e4raja LS5 aktiivinen =&gt;\u00a0pumppu 2 (P2) pakko-seis. Varastos\u00e4ili\u00f6n alaraja&hellip;","_links":{"self":[{"href":"https:\/\/blogit.gradia.fi\/sahkonet\/wp-json\/wp\/v2\/pages\/1519","targetHints":{"allow":["GET"]}}],"collection":[{"href":"https:\/\/blogit.gradia.fi\/sahkonet\/wp-json\/wp\/v2\/pages"}],"about":[{"href":"https:\/\/blogit.gradia.fi\/sahkonet\/wp-json\/wp\/v2\/types\/page"}],"author":[{"embeddable":true,"href":"https:\/\/blogit.gradia.fi\/sahkonet\/wp-json\/wp\/v2\/users\/179"}],"replies":[{"embeddable":true,"href":"https:\/\/blogit.gradia.fi\/sahkonet\/wp-json\/wp\/v2\/comments?post=1519"}],"version-history":[{"count":0,"href":"https:\/\/blogit.gradia.fi\/sahkonet\/wp-json\/wp\/v2\/pages\/1519\/revisions"}],"up":[{"embeddable":true,"href":"https:\/\/blogit.gradia.fi\/sahkonet\/wp-json\/wp\/v2\/pages\/1463"}],"wp:attachment":[{"href":"https:\/\/blogit.gradia.fi\/sahkonet\/wp-json\/wp\/v2\/media?parent=1519"}],"curies":[{"name":"wp","href":"https:\/\/api.w.org\/{rel}","templated":true}]}}