{"id":1517,"date":"2016-05-29T17:13:43","date_gmt":"2016-05-29T14:13:43","guid":{"rendered":"https:\/\/blogit.gradia.fi\/sahkonet\/?page_id=1517"},"modified":"2016-05-29T17:14:48","modified_gmt":"2016-05-29T14:14:48","slug":"oppimistehtava-4","status":"publish","type":"page","link":"https:\/\/blogit.gradia.fi\/sahkonet\/prosessiautomaatio\/vesiprosessi\/oppimistehtava-4\/","title":{"rendered":"Oppimisteht\u00e4v\u00e4 4"},"content":{"rendered":"<p>Tee alla oleva sekvenssi ja testaa se. Sekvenssi k\u00e4ynnistet\u00e4\u00e4n kosketusn\u00e4yt\u00f6lt\u00e4<\/p>\n<p><strong>K\u00e4ynnistyssekvenssi (START)<\/strong><\/p>\n<ol>\n<li>LIC2 manuaalille ja HV6 auki<\/li>\n<li>odota 3 s<\/li>\n<li>HV4 auki<\/li>\n<li>odota 3 s<\/li>\n<li>P2 ohjearvoksi 20%<\/li>\n<li>P2 k\u00e4yntiin<\/li>\n<li>LIC2 asetusarvoksi 50%<\/li>\n<li>Tarkista ett\u00e4 LIC2 s\u00e4\u00e4t\u00e4j\u00e4n l\u00e4ht\u00f6 20%<\/li>\n<li>LIC2 automaatille<\/li>\n<li>odota 5 minuuttia<\/li>\n<li>pys\u00e4yt\u00e4 pumppu P2<\/li>\n<li>odota 2 minuuttia<\/li>\n<li>HV6 ja HV4 kiinni sek\u00e4 LIC2 manuaalille<\/li>\n<li>loppu<\/li>\n<\/ol>\n<p><strong>Pys\u00e4ytyssekvenssi (STOP)<\/strong><\/p>\n<ol>\n<li>resetoi k\u00e4ynnistyssekvenssi<\/li>\n<li>pys\u00e4yt\u00e4 pumppu P2, HV6 ja HV4 auki<\/li>\n<li>odota 2 minuuttia<\/li>\n<li>HV4 ja HV6 kiinni<\/li>\n<li>loppu<\/li>\n<\/ol>\n<p>Muokkaa ohjelmaa seuraavasti:<\/p>\n<ul>\n<li>Lis\u00e4\u00e4 P2 k\u00e4ynnistys kosketusn\u00e4yt\u00f6lt\u00e4 tapahtuvaksi<\/li>\n<li>Lis\u00e4\u00e4 P2 pumpun taajuusmuuttajan ohjearvon sy\u00f6tt\u00f6 kosketusn\u00e4yt\u00f6lt\u00e4<\/li>\n<li>Lis\u00e4\u00e4 s\u00e4ili\u00f6n yl\u00e4rajakytkin pumpun P2 lukitukseksi<\/li>\n<\/ul>\n<p>Muuta\u00a0k\u00e4ynnistyssekvenssin LIC2 asetusarvoksi 25% kohdassa 7. ja k\u00e4ynnist\u00e4 sekvenssi. Virit\u00e4 LIC2 s\u00e4\u00e4t\u00f6piiri.<\/p>\n","protected":false},"excerpt":{"rendered":"<p>Tee alla oleva sekvenssi ja testaa se. Sekvenssi k\u00e4ynnistet\u00e4\u00e4n kosketusn\u00e4yt\u00f6lt\u00e4 K\u00e4ynnistyssekvenssi (START) LIC2 manuaalille ja HV6 auki odota 3 s HV4 auki odota 3 s P2 ohjearvoksi 20% P2 k\u00e4yntiin LIC2 asetusarvoksi 50% Tarkista ett\u00e4 LIC2 s\u00e4\u00e4t\u00e4j\u00e4n l\u00e4ht\u00f6 20% LIC2 automaatille odota 5 minuuttia pys\u00e4yt\u00e4 pumppu P2 odota 2 minuuttia HV6 ja HV4 kiinni sek\u00e4 &hellip; <a href=\"https:\/\/blogit.gradia.fi\/sahkonet\/prosessiautomaatio\/vesiprosessi\/oppimistehtava-4\/\" class=\"more-link\">Jatka lukemista <span class=\"screen-reader-text\">Oppimisteht\u00e4v\u00e4 4<\/span> <span class=\"meta-nav\">&rarr;<\/span><\/a><\/p>\n","protected":false},"author":179,"featured_media":0,"parent":1463,"menu_order":10,"comment_status":"closed","ping_status":"closed","template":"","meta":{"_uag_custom_page_level_css":"","footnotes":""},"class_list":["post-1517","page","type-page","status-publish","hentry"],"yoast_head":"<!-- This site is optimized with the Yoast SEO plugin v27.4 - https:\/\/yoast.com\/product\/yoast-seo-wordpress\/ -->\n<title>Oppimisteht\u00e4v\u00e4 4 - S\u00e4hk\u00f6Net<\/title>\n<meta name=\"robots\" content=\"index, follow, max-snippet:-1, max-image-preview:large, max-video-preview:-1\" \/>\n<link rel=\"canonical\" href=\"https:\/\/blogit.gradia.fi\/sahkonet\/prosessiautomaatio\/vesiprosessi\/oppimistehtava-4\/\" \/>\n<meta property=\"og:locale\" content=\"fi_FI\" \/>\n<meta property=\"og:type\" content=\"article\" \/>\n<meta property=\"og:title\" content=\"Oppimisteht\u00e4v\u00e4 4 - S\u00e4hk\u00f6Net\" \/>\n<meta property=\"og:description\" content=\"Tee alla oleva sekvenssi ja testaa se. Sekvenssi k\u00e4ynnistet\u00e4\u00e4n kosketusn\u00e4yt\u00f6lt\u00e4 K\u00e4ynnistyssekvenssi (START) LIC2 manuaalille ja HV6 auki odota 3 s HV4 auki odota 3 s P2 ohjearvoksi 20% P2 k\u00e4yntiin LIC2 asetusarvoksi 50% Tarkista ett\u00e4 LIC2 s\u00e4\u00e4t\u00e4j\u00e4n l\u00e4ht\u00f6 20% LIC2 automaatille odota 5 minuuttia pys\u00e4yt\u00e4 pumppu P2 odota 2 minuuttia HV6 ja HV4 kiinni sek\u00e4 &hellip; Jatka lukemista Oppimisteht\u00e4v\u00e4 4 &rarr;\" \/>\n<meta property=\"og:url\" content=\"https:\/\/blogit.gradia.fi\/sahkonet\/prosessiautomaatio\/vesiprosessi\/oppimistehtava-4\/\" \/>\n<meta property=\"og:site_name\" content=\"S\u00e4hk\u00f6Net\" \/>\n<meta property=\"article:modified_time\" content=\"2016-05-29T14:14:48+00:00\" \/>\n<meta name=\"twitter:card\" content=\"summary_large_image\" \/>\n<meta name=\"twitter:label1\" content=\"Arvioitu lukuaika\" \/>\n\t<meta name=\"twitter:data1\" content=\"1 minuutti\" \/>\n<script type=\"application\/ld+json\" class=\"yoast-schema-graph\">{\"@context\":\"https:\\\/\\\/schema.org\",\"@graph\":[{\"@type\":\"WebPage\",\"@id\":\"https:\\\/\\\/blogit.gradia.fi\\\/sahkonet\\\/prosessiautomaatio\\\/vesiprosessi\\\/oppimistehtava-4\\\/\",\"url\":\"https:\\\/\\\/blogit.gradia.fi\\\/sahkonet\\\/prosessiautomaatio\\\/vesiprosessi\\\/oppimistehtava-4\\\/\",\"name\":\"Oppimisteht\u00e4v\u00e4 4 - S\u00e4hk\u00f6Net\",\"isPartOf\":{\"@id\":\"https:\\\/\\\/blogit.gradia.fi\\\/sahkonet\\\/#website\"},\"datePublished\":\"2016-05-29T14:13:43+00:00\",\"dateModified\":\"2016-05-29T14:14:48+00:00\",\"breadcrumb\":{\"@id\":\"https:\\\/\\\/blogit.gradia.fi\\\/sahkonet\\\/prosessiautomaatio\\\/vesiprosessi\\\/oppimistehtava-4\\\/#breadcrumb\"},\"inLanguage\":\"fi\",\"potentialAction\":[{\"@type\":\"ReadAction\",\"target\":[\"https:\\\/\\\/blogit.gradia.fi\\\/sahkonet\\\/prosessiautomaatio\\\/vesiprosessi\\\/oppimistehtava-4\\\/\"]}]},{\"@type\":\"BreadcrumbList\",\"@id\":\"https:\\\/\\\/blogit.gradia.fi\\\/sahkonet\\\/prosessiautomaatio\\\/vesiprosessi\\\/oppimistehtava-4\\\/#breadcrumb\",\"itemListElement\":[{\"@type\":\"ListItem\",\"position\":1,\"name\":\"Prosessiautomaatio (30 osp)\",\"item\":\"https:\\\/\\\/blogit.gradia.fi\\\/sahkonet\\\/prosessiautomaatio\\\/\"},{\"@type\":\"ListItem\",\"position\":2,\"name\":\"Vesiprosessi\",\"item\":\"https:\\\/\\\/blogit.gradia.fi\\\/sahkonet\\\/prosessiautomaatio\\\/vesiprosessi\\\/\"},{\"@type\":\"ListItem\",\"position\":3,\"name\":\"Oppimisteht\u00e4v\u00e4 4\"}]},{\"@type\":\"WebSite\",\"@id\":\"https:\\\/\\\/blogit.gradia.fi\\\/sahkonet\\\/#website\",\"url\":\"https:\\\/\\\/blogit.gradia.fi\\\/sahkonet\\\/\",\"name\":\"S\u00e4hk\u00f6Net\",\"description\":\"S\u00e4hk\u00f6- ja automaatiotekniikan perustutkinto\",\"potentialAction\":[{\"@type\":\"SearchAction\",\"target\":{\"@type\":\"EntryPoint\",\"urlTemplate\":\"https:\\\/\\\/blogit.gradia.fi\\\/sahkonet\\\/?s={search_term_string}\"},\"query-input\":{\"@type\":\"PropertyValueSpecification\",\"valueRequired\":true,\"valueName\":\"search_term_string\"}}],\"inLanguage\":\"fi\"}]}<\/script>\n<!-- \/ Yoast SEO plugin. -->","yoast_head_json":{"title":"Oppimisteht\u00e4v\u00e4 4 - S\u00e4hk\u00f6Net","robots":{"index":"index","follow":"follow","max-snippet":"max-snippet:-1","max-image-preview":"max-image-preview:large","max-video-preview":"max-video-preview:-1"},"canonical":"https:\/\/blogit.gradia.fi\/sahkonet\/prosessiautomaatio\/vesiprosessi\/oppimistehtava-4\/","og_locale":"fi_FI","og_type":"article","og_title":"Oppimisteht\u00e4v\u00e4 4 - S\u00e4hk\u00f6Net","og_description":"Tee alla oleva sekvenssi ja testaa se. Sekvenssi k\u00e4ynnistet\u00e4\u00e4n kosketusn\u00e4yt\u00f6lt\u00e4 K\u00e4ynnistyssekvenssi (START) LIC2 manuaalille ja HV6 auki odota 3 s HV4 auki odota 3 s P2 ohjearvoksi 20% P2 k\u00e4yntiin LIC2 asetusarvoksi 50% Tarkista ett\u00e4 LIC2 s\u00e4\u00e4t\u00e4j\u00e4n l\u00e4ht\u00f6 20% LIC2 automaatille odota 5 minuuttia pys\u00e4yt\u00e4 pumppu P2 odota 2 minuuttia HV6 ja HV4 kiinni sek\u00e4 &hellip; Jatka lukemista Oppimisteht\u00e4v\u00e4 4 &rarr;","og_url":"https:\/\/blogit.gradia.fi\/sahkonet\/prosessiautomaatio\/vesiprosessi\/oppimistehtava-4\/","og_site_name":"S\u00e4hk\u00f6Net","article_modified_time":"2016-05-29T14:14:48+00:00","twitter_card":"summary_large_image","twitter_misc":{"Arvioitu lukuaika":"1 minuutti"},"schema":{"@context":"https:\/\/schema.org","@graph":[{"@type":"WebPage","@id":"https:\/\/blogit.gradia.fi\/sahkonet\/prosessiautomaatio\/vesiprosessi\/oppimistehtava-4\/","url":"https:\/\/blogit.gradia.fi\/sahkonet\/prosessiautomaatio\/vesiprosessi\/oppimistehtava-4\/","name":"Oppimisteht\u00e4v\u00e4 4 - S\u00e4hk\u00f6Net","isPartOf":{"@id":"https:\/\/blogit.gradia.fi\/sahkonet\/#website"},"datePublished":"2016-05-29T14:13:43+00:00","dateModified":"2016-05-29T14:14:48+00:00","breadcrumb":{"@id":"https:\/\/blogit.gradia.fi\/sahkonet\/prosessiautomaatio\/vesiprosessi\/oppimistehtava-4\/#breadcrumb"},"inLanguage":"fi","potentialAction":[{"@type":"ReadAction","target":["https:\/\/blogit.gradia.fi\/sahkonet\/prosessiautomaatio\/vesiprosessi\/oppimistehtava-4\/"]}]},{"@type":"BreadcrumbList","@id":"https:\/\/blogit.gradia.fi\/sahkonet\/prosessiautomaatio\/vesiprosessi\/oppimistehtava-4\/#breadcrumb","itemListElement":[{"@type":"ListItem","position":1,"name":"Prosessiautomaatio (30 osp)","item":"https:\/\/blogit.gradia.fi\/sahkonet\/prosessiautomaatio\/"},{"@type":"ListItem","position":2,"name":"Vesiprosessi","item":"https:\/\/blogit.gradia.fi\/sahkonet\/prosessiautomaatio\/vesiprosessi\/"},{"@type":"ListItem","position":3,"name":"Oppimisteht\u00e4v\u00e4 4"}]},{"@type":"WebSite","@id":"https:\/\/blogit.gradia.fi\/sahkonet\/#website","url":"https:\/\/blogit.gradia.fi\/sahkonet\/","name":"S\u00e4hk\u00f6Net","description":"S\u00e4hk\u00f6- ja automaatiotekniikan perustutkinto","potentialAction":[{"@type":"SearchAction","target":{"@type":"EntryPoint","urlTemplate":"https:\/\/blogit.gradia.fi\/sahkonet\/?s={search_term_string}"},"query-input":{"@type":"PropertyValueSpecification","valueRequired":true,"valueName":"search_term_string"}}],"inLanguage":"fi"}]}},"uagb_featured_image_src":{"full":false,"thumbnail":false,"medium":false,"medium_large":false,"large":false,"1536x1536":false,"2048x2048":false,"post-thumbnail":false,"twentyfourteen-full-width":false},"uagb_author_info":{"display_name":"Pia Tolonen","author_link":"https:\/\/blogit.gradia.fi\/sahkonet\/author\/halmepia\/"},"uagb_comment_info":0,"uagb_excerpt":"Tee alla oleva sekvenssi ja testaa se. Sekvenssi k\u00e4ynnistet\u00e4\u00e4n kosketusn\u00e4yt\u00f6lt\u00e4 K\u00e4ynnistyssekvenssi (START) LIC2 manuaalille ja HV6 auki odota 3 s HV4 auki odota 3 s P2 ohjearvoksi 20% P2 k\u00e4yntiin LIC2 asetusarvoksi 50% Tarkista ett\u00e4 LIC2 s\u00e4\u00e4t\u00e4j\u00e4n l\u00e4ht\u00f6 20% LIC2 automaatille odota 5 minuuttia pys\u00e4yt\u00e4 pumppu P2 odota 2 minuuttia HV6 ja HV4 kiinni sek\u00e4&hellip;","_links":{"self":[{"href":"https:\/\/blogit.gradia.fi\/sahkonet\/wp-json\/wp\/v2\/pages\/1517","targetHints":{"allow":["GET"]}}],"collection":[{"href":"https:\/\/blogit.gradia.fi\/sahkonet\/wp-json\/wp\/v2\/pages"}],"about":[{"href":"https:\/\/blogit.gradia.fi\/sahkonet\/wp-json\/wp\/v2\/types\/page"}],"author":[{"embeddable":true,"href":"https:\/\/blogit.gradia.fi\/sahkonet\/wp-json\/wp\/v2\/users\/179"}],"replies":[{"embeddable":true,"href":"https:\/\/blogit.gradia.fi\/sahkonet\/wp-json\/wp\/v2\/comments?post=1517"}],"version-history":[{"count":0,"href":"https:\/\/blogit.gradia.fi\/sahkonet\/wp-json\/wp\/v2\/pages\/1517\/revisions"}],"up":[{"embeddable":true,"href":"https:\/\/blogit.gradia.fi\/sahkonet\/wp-json\/wp\/v2\/pages\/1463"}],"wp:attachment":[{"href":"https:\/\/blogit.gradia.fi\/sahkonet\/wp-json\/wp\/v2\/media?parent=1517"}],"curies":[{"name":"wp","href":"https:\/\/api.w.org\/{rel}","templated":true}]}}