{"id":1513,"date":"2016-05-29T16:57:20","date_gmt":"2016-05-29T13:57:20","guid":{"rendered":"https:\/\/blogit.gradia.fi\/sahkonet\/?page_id=1513"},"modified":"2016-05-29T16:57:20","modified_gmt":"2016-05-29T13:57:20","slug":"oppimistehtava-2","status":"publish","type":"page","link":"https:\/\/blogit.gradia.fi\/sahkonet\/prosessiautomaatio\/vesiprosessi\/oppimistehtava-2\/","title":{"rendered":"Oppimisteht\u00e4v\u00e4 2"},"content":{"rendered":"<p>Oletuksena ett\u00e4 olet t\u00e4ss\u00e4 on se, ett\u00e4 prosessi on johdotettu, kaapelointi ja ett\u00e4 k\u00e4ytt\u00f6\u00f6nottotarkastus on tehty SFS6000 mukaisesti opettajan valvonnan alaisena. Ilman opettajan lupaa prosessiin ei saa kytke\u00e4 j\u00e4nnitteit\u00e4.<\/p>\n<p>Aja logiikkaan ennalta valmisteltu instrumenttien testisekvenssi. J\u00e4t\u00e4 prosessi k\u00e4yntiin.<\/p>\n<p>&nbsp;<\/p>\n","protected":false},"excerpt":{"rendered":"<p>Oletuksena ett\u00e4 olet t\u00e4ss\u00e4 on se, ett\u00e4 prosessi on johdotettu, kaapelointi ja ett\u00e4 k\u00e4ytt\u00f6\u00f6nottotarkastus on tehty SFS6000 mukaisesti opettajan valvonnan alaisena. Ilman opettajan lupaa prosessiin ei saa kytke\u00e4 j\u00e4nnitteit\u00e4. Aja logiikkaan ennalta valmisteltu instrumenttien testisekvenssi. J\u00e4t\u00e4 prosessi k\u00e4yntiin. &nbsp;<\/p>\n","protected":false},"author":179,"featured_media":0,"parent":1463,"menu_order":6,"comment_status":"closed","ping_status":"closed","template":"","meta":{"_uag_custom_page_level_css":"","footnotes":""},"class_list":["post-1513","page","type-page","status-publish","hentry"],"yoast_head":"<!-- This site is optimized with the Yoast SEO plugin v27.4 - https:\/\/yoast.com\/product\/yoast-seo-wordpress\/ -->\n<title>Oppimisteht\u00e4v\u00e4 2 - S\u00e4hk\u00f6Net<\/title>\n<meta name=\"robots\" content=\"index, follow, max-snippet:-1, max-image-preview:large, max-video-preview:-1\" \/>\n<link rel=\"canonical\" href=\"https:\/\/blogit.gradia.fi\/sahkonet\/prosessiautomaatio\/vesiprosessi\/oppimistehtava-2\/\" \/>\n<meta property=\"og:locale\" content=\"fi_FI\" \/>\n<meta property=\"og:type\" content=\"article\" \/>\n<meta property=\"og:title\" content=\"Oppimisteht\u00e4v\u00e4 2 - S\u00e4hk\u00f6Net\" \/>\n<meta property=\"og:description\" content=\"Oletuksena ett\u00e4 olet t\u00e4ss\u00e4 on se, ett\u00e4 prosessi on johdotettu, kaapelointi ja ett\u00e4 k\u00e4ytt\u00f6\u00f6nottotarkastus on tehty SFS6000 mukaisesti opettajan valvonnan alaisena. Ilman opettajan lupaa prosessiin ei saa kytke\u00e4 j\u00e4nnitteit\u00e4. Aja logiikkaan ennalta valmisteltu instrumenttien testisekvenssi. J\u00e4t\u00e4 prosessi k\u00e4yntiin. &nbsp;\" \/>\n<meta property=\"og:url\" content=\"https:\/\/blogit.gradia.fi\/sahkonet\/prosessiautomaatio\/vesiprosessi\/oppimistehtava-2\/\" \/>\n<meta property=\"og:site_name\" content=\"S\u00e4hk\u00f6Net\" \/>\n<meta name=\"twitter:card\" content=\"summary_large_image\" \/>\n<script type=\"application\/ld+json\" class=\"yoast-schema-graph\">{\"@context\":\"https:\\\/\\\/schema.org\",\"@graph\":[{\"@type\":\"WebPage\",\"@id\":\"https:\\\/\\\/blogit.gradia.fi\\\/sahkonet\\\/prosessiautomaatio\\\/vesiprosessi\\\/oppimistehtava-2\\\/\",\"url\":\"https:\\\/\\\/blogit.gradia.fi\\\/sahkonet\\\/prosessiautomaatio\\\/vesiprosessi\\\/oppimistehtava-2\\\/\",\"name\":\"Oppimisteht\u00e4v\u00e4 2 - S\u00e4hk\u00f6Net\",\"isPartOf\":{\"@id\":\"https:\\\/\\\/blogit.gradia.fi\\\/sahkonet\\\/#website\"},\"datePublished\":\"2016-05-29T13:57:20+00:00\",\"breadcrumb\":{\"@id\":\"https:\\\/\\\/blogit.gradia.fi\\\/sahkonet\\\/prosessiautomaatio\\\/vesiprosessi\\\/oppimistehtava-2\\\/#breadcrumb\"},\"inLanguage\":\"fi\",\"potentialAction\":[{\"@type\":\"ReadAction\",\"target\":[\"https:\\\/\\\/blogit.gradia.fi\\\/sahkonet\\\/prosessiautomaatio\\\/vesiprosessi\\\/oppimistehtava-2\\\/\"]}]},{\"@type\":\"BreadcrumbList\",\"@id\":\"https:\\\/\\\/blogit.gradia.fi\\\/sahkonet\\\/prosessiautomaatio\\\/vesiprosessi\\\/oppimistehtava-2\\\/#breadcrumb\",\"itemListElement\":[{\"@type\":\"ListItem\",\"position\":1,\"name\":\"Prosessiautomaatio (30 osp)\",\"item\":\"https:\\\/\\\/blogit.gradia.fi\\\/sahkonet\\\/prosessiautomaatio\\\/\"},{\"@type\":\"ListItem\",\"position\":2,\"name\":\"Vesiprosessi\",\"item\":\"https:\\\/\\\/blogit.gradia.fi\\\/sahkonet\\\/prosessiautomaatio\\\/vesiprosessi\\\/\"},{\"@type\":\"ListItem\",\"position\":3,\"name\":\"Oppimisteht\u00e4v\u00e4 2\"}]},{\"@type\":\"WebSite\",\"@id\":\"https:\\\/\\\/blogit.gradia.fi\\\/sahkonet\\\/#website\",\"url\":\"https:\\\/\\\/blogit.gradia.fi\\\/sahkonet\\\/\",\"name\":\"S\u00e4hk\u00f6Net\",\"description\":\"S\u00e4hk\u00f6- ja automaatiotekniikan perustutkinto\",\"potentialAction\":[{\"@type\":\"SearchAction\",\"target\":{\"@type\":\"EntryPoint\",\"urlTemplate\":\"https:\\\/\\\/blogit.gradia.fi\\\/sahkonet\\\/?s={search_term_string}\"},\"query-input\":{\"@type\":\"PropertyValueSpecification\",\"valueRequired\":true,\"valueName\":\"search_term_string\"}}],\"inLanguage\":\"fi\"}]}<\/script>\n<!-- \/ Yoast SEO plugin. -->","yoast_head_json":{"title":"Oppimisteht\u00e4v\u00e4 2 - S\u00e4hk\u00f6Net","robots":{"index":"index","follow":"follow","max-snippet":"max-snippet:-1","max-image-preview":"max-image-preview:large","max-video-preview":"max-video-preview:-1"},"canonical":"https:\/\/blogit.gradia.fi\/sahkonet\/prosessiautomaatio\/vesiprosessi\/oppimistehtava-2\/","og_locale":"fi_FI","og_type":"article","og_title":"Oppimisteht\u00e4v\u00e4 2 - S\u00e4hk\u00f6Net","og_description":"Oletuksena ett\u00e4 olet t\u00e4ss\u00e4 on se, ett\u00e4 prosessi on johdotettu, kaapelointi ja ett\u00e4 k\u00e4ytt\u00f6\u00f6nottotarkastus on tehty SFS6000 mukaisesti opettajan valvonnan alaisena. Ilman opettajan lupaa prosessiin ei saa kytke\u00e4 j\u00e4nnitteit\u00e4. Aja logiikkaan ennalta valmisteltu instrumenttien testisekvenssi. J\u00e4t\u00e4 prosessi k\u00e4yntiin. &nbsp;","og_url":"https:\/\/blogit.gradia.fi\/sahkonet\/prosessiautomaatio\/vesiprosessi\/oppimistehtava-2\/","og_site_name":"S\u00e4hk\u00f6Net","twitter_card":"summary_large_image","schema":{"@context":"https:\/\/schema.org","@graph":[{"@type":"WebPage","@id":"https:\/\/blogit.gradia.fi\/sahkonet\/prosessiautomaatio\/vesiprosessi\/oppimistehtava-2\/","url":"https:\/\/blogit.gradia.fi\/sahkonet\/prosessiautomaatio\/vesiprosessi\/oppimistehtava-2\/","name":"Oppimisteht\u00e4v\u00e4 2 - S\u00e4hk\u00f6Net","isPartOf":{"@id":"https:\/\/blogit.gradia.fi\/sahkonet\/#website"},"datePublished":"2016-05-29T13:57:20+00:00","breadcrumb":{"@id":"https:\/\/blogit.gradia.fi\/sahkonet\/prosessiautomaatio\/vesiprosessi\/oppimistehtava-2\/#breadcrumb"},"inLanguage":"fi","potentialAction":[{"@type":"ReadAction","target":["https:\/\/blogit.gradia.fi\/sahkonet\/prosessiautomaatio\/vesiprosessi\/oppimistehtava-2\/"]}]},{"@type":"BreadcrumbList","@id":"https:\/\/blogit.gradia.fi\/sahkonet\/prosessiautomaatio\/vesiprosessi\/oppimistehtava-2\/#breadcrumb","itemListElement":[{"@type":"ListItem","position":1,"name":"Prosessiautomaatio (30 osp)","item":"https:\/\/blogit.gradia.fi\/sahkonet\/prosessiautomaatio\/"},{"@type":"ListItem","position":2,"name":"Vesiprosessi","item":"https:\/\/blogit.gradia.fi\/sahkonet\/prosessiautomaatio\/vesiprosessi\/"},{"@type":"ListItem","position":3,"name":"Oppimisteht\u00e4v\u00e4 2"}]},{"@type":"WebSite","@id":"https:\/\/blogit.gradia.fi\/sahkonet\/#website","url":"https:\/\/blogit.gradia.fi\/sahkonet\/","name":"S\u00e4hk\u00f6Net","description":"S\u00e4hk\u00f6- ja automaatiotekniikan perustutkinto","potentialAction":[{"@type":"SearchAction","target":{"@type":"EntryPoint","urlTemplate":"https:\/\/blogit.gradia.fi\/sahkonet\/?s={search_term_string}"},"query-input":{"@type":"PropertyValueSpecification","valueRequired":true,"valueName":"search_term_string"}}],"inLanguage":"fi"}]}},"uagb_featured_image_src":{"full":false,"thumbnail":false,"medium":false,"medium_large":false,"large":false,"1536x1536":false,"2048x2048":false,"post-thumbnail":false,"twentyfourteen-full-width":false},"uagb_author_info":{"display_name":"Pia Tolonen","author_link":"https:\/\/blogit.gradia.fi\/sahkonet\/author\/halmepia\/"},"uagb_comment_info":0,"uagb_excerpt":"Oletuksena ett\u00e4 olet t\u00e4ss\u00e4 on se, ett\u00e4 prosessi on johdotettu, kaapelointi ja ett\u00e4 k\u00e4ytt\u00f6\u00f6nottotarkastus on tehty SFS6000 mukaisesti opettajan valvonnan alaisena. Ilman opettajan lupaa prosessiin ei saa kytke\u00e4 j\u00e4nnitteit\u00e4. Aja logiikkaan ennalta valmisteltu instrumenttien testisekvenssi. J\u00e4t\u00e4 prosessi k\u00e4yntiin. &nbsp;","_links":{"self":[{"href":"https:\/\/blogit.gradia.fi\/sahkonet\/wp-json\/wp\/v2\/pages\/1513","targetHints":{"allow":["GET"]}}],"collection":[{"href":"https:\/\/blogit.gradia.fi\/sahkonet\/wp-json\/wp\/v2\/pages"}],"about":[{"href":"https:\/\/blogit.gradia.fi\/sahkonet\/wp-json\/wp\/v2\/types\/page"}],"author":[{"embeddable":true,"href":"https:\/\/blogit.gradia.fi\/sahkonet\/wp-json\/wp\/v2\/users\/179"}],"replies":[{"embeddable":true,"href":"https:\/\/blogit.gradia.fi\/sahkonet\/wp-json\/wp\/v2\/comments?post=1513"}],"version-history":[{"count":0,"href":"https:\/\/blogit.gradia.fi\/sahkonet\/wp-json\/wp\/v2\/pages\/1513\/revisions"}],"up":[{"embeddable":true,"href":"https:\/\/blogit.gradia.fi\/sahkonet\/wp-json\/wp\/v2\/pages\/1463"}],"wp:attachment":[{"href":"https:\/\/blogit.gradia.fi\/sahkonet\/wp-json\/wp\/v2\/media?parent=1513"}],"curies":[{"name":"wp","href":"https:\/\/api.w.org\/{rel}","templated":true}]}}