{"id":1500,"date":"2016-05-29T16:22:27","date_gmt":"2016-05-29T13:22:27","guid":{"rendered":"https:\/\/blogit.gradia.fi\/sahkonet\/?page_id=1500"},"modified":"2016-05-29T16:25:03","modified_gmt":"2016-05-29T13:25:03","slug":"sahkokuvat","status":"publish","type":"page","link":"https:\/\/blogit.gradia.fi\/sahkonet\/prosessiautomaatio\/vesiprosessi\/sahkokuvat\/","title":{"rendered":"S\u00e4hk\u00f6kuvat"},"content":{"rendered":"<h4>P\u00e4\u00e4virtapiiri<\/h4>\n<p><a href=\"https:\/\/blogit.gradia.fi\/sahkonet\/wp-content\/uploads\/sites\/80\/2016\/05\/P\u00e4\u00e4virtapiirit_29052016.pdf\">P\u00e4\u00e4virtapiirit_29052016<\/a><\/p>\n<p><a href=\"https:\/\/blogit.gradia.fi\/sahkonet\/wp-content\/uploads\/sites\/80\/2016\/05\/V\u00e4lireleet_29052016.pdf\">V\u00e4lireleet_29052016<\/a><\/p>\n<h4>Tulot<\/h4>\n<p><a href=\"https:\/\/blogit.gradia.fi\/sahkonet\/wp-content\/uploads\/sites\/80\/2016\/05\/Logiikan_tulotavu_0_29052016.pdf\">Logiikan_tulotavu_0_29052016<\/a><\/p>\n<p><a href=\"https:\/\/blogit.gradia.fi\/sahkonet\/wp-content\/uploads\/sites\/80\/2016\/05\/Logiikan_tulotavu_1_29062016.pdf\">Logiikan_tulotavu_1_29062016<\/a><\/p>\n<p><a href=\"https:\/\/blogit.gradia.fi\/sahkonet\/wp-content\/uploads\/sites\/80\/2016\/05\/Logiikan_tulotavu_2_29062016.pdf\">Logiikan_tulotavu_2_29062016<\/a><\/p>\n<h4>L\u00e4hd\u00f6t<\/h4>\n<p><a href=\"https:\/\/blogit.gradia.fi\/sahkonet\/wp-content\/uploads\/sites\/80\/2016\/05\/Logiikan_l\u00e4ht\u00f6tavu_1_29052016.pdf\">Logiikan_l\u00e4ht\u00f6tavu-0_29052016<\/a><\/p>\n<p><a href=\"https:\/\/blogit.gradia.fi\/sahkonet\/wp-content\/uploads\/sites\/80\/2016\/05\/Logiikan_l\u00e4ht\u00f6tavu_1_29052016.pdf\">Logiikan_l\u00e4ht\u00f6tavu_1_29052016<\/a><\/p>\n<h4>Analogiatulot<\/h4>\n<p><a href=\"https:\/\/blogit.gradia.fi\/sahkonet\/wp-content\/uploads\/sites\/80\/2016\/05\/Analogitulot_0_3_29052016.pdf\">Analogitulot_0_3_29052016<\/a><\/p>\n<h4>Analogial\u00e4hd\u00f6t<\/h4>\n<p><a href=\"https:\/\/blogit.gradia.fi\/sahkonet\/wp-content\/uploads\/sites\/80\/2016\/05\/Analogil\u00e4hd\u00f6t_0_3_29052016.pdf\">Analogil\u00e4hd\u00f6t_0_3_29052016<\/a><\/p>\n<p>&nbsp;<\/p>\n<p>&nbsp;<\/p>\n<p>&nbsp;<\/p>\n","protected":false},"excerpt":{"rendered":"<p>P\u00e4\u00e4virtapiiri P\u00e4\u00e4virtapiirit_29052016 V\u00e4lireleet_29052016 Tulot Logiikan_tulotavu_0_29052016 Logiikan_tulotavu_1_29062016 Logiikan_tulotavu_2_29062016 L\u00e4hd\u00f6t Logiikan_l\u00e4ht\u00f6tavu-0_29052016 Logiikan_l\u00e4ht\u00f6tavu_1_29052016 Analogiatulot Analogitulot_0_3_29052016 Analogial\u00e4hd\u00f6t Analogil\u00e4hd\u00f6t_0_3_29052016 &nbsp; &nbsp; &nbsp;<\/p>\n","protected":false},"author":179,"featured_media":0,"parent":1463,"menu_order":90,"comment_status":"closed","ping_status":"closed","template":"","meta":{"_uag_custom_page_level_css":"","footnotes":""},"class_list":["post-1500","page","type-page","status-publish","hentry"],"yoast_head":"<!-- This site is optimized with the Yoast SEO plugin v27.4 - https:\/\/yoast.com\/product\/yoast-seo-wordpress\/ -->\n<title>S\u00e4hk\u00f6kuvat - S\u00e4hk\u00f6Net<\/title>\n<meta name=\"robots\" content=\"index, follow, max-snippet:-1, max-image-preview:large, max-video-preview:-1\" \/>\n<link rel=\"canonical\" href=\"https:\/\/blogit.gradia.fi\/sahkonet\/prosessiautomaatio\/vesiprosessi\/sahkokuvat\/\" \/>\n<meta property=\"og:locale\" content=\"fi_FI\" \/>\n<meta property=\"og:type\" content=\"article\" \/>\n<meta property=\"og:title\" content=\"S\u00e4hk\u00f6kuvat - S\u00e4hk\u00f6Net\" \/>\n<meta property=\"og:description\" content=\"P\u00e4\u00e4virtapiiri P\u00e4\u00e4virtapiirit_29052016 V\u00e4lireleet_29052016 Tulot Logiikan_tulotavu_0_29052016 Logiikan_tulotavu_1_29062016 Logiikan_tulotavu_2_29062016 L\u00e4hd\u00f6t Logiikan_l\u00e4ht\u00f6tavu-0_29052016 Logiikan_l\u00e4ht\u00f6tavu_1_29052016 Analogiatulot Analogitulot_0_3_29052016 Analogial\u00e4hd\u00f6t Analogil\u00e4hd\u00f6t_0_3_29052016 &nbsp; &nbsp; &nbsp;\" \/>\n<meta property=\"og:url\" content=\"https:\/\/blogit.gradia.fi\/sahkonet\/prosessiautomaatio\/vesiprosessi\/sahkokuvat\/\" \/>\n<meta property=\"og:site_name\" content=\"S\u00e4hk\u00f6Net\" \/>\n<meta property=\"article:modified_time\" content=\"2016-05-29T13:25:03+00:00\" \/>\n<meta name=\"twitter:card\" content=\"summary_large_image\" \/>\n<script type=\"application\/ld+json\" class=\"yoast-schema-graph\">{\"@context\":\"https:\\\/\\\/schema.org\",\"@graph\":[{\"@type\":\"WebPage\",\"@id\":\"https:\\\/\\\/blogit.gradia.fi\\\/sahkonet\\\/prosessiautomaatio\\\/vesiprosessi\\\/sahkokuvat\\\/\",\"url\":\"https:\\\/\\\/blogit.gradia.fi\\\/sahkonet\\\/prosessiautomaatio\\\/vesiprosessi\\\/sahkokuvat\\\/\",\"name\":\"S\u00e4hk\u00f6kuvat - S\u00e4hk\u00f6Net\",\"isPartOf\":{\"@id\":\"https:\\\/\\\/blogit.gradia.fi\\\/sahkonet\\\/#website\"},\"datePublished\":\"2016-05-29T13:22:27+00:00\",\"dateModified\":\"2016-05-29T13:25:03+00:00\",\"breadcrumb\":{\"@id\":\"https:\\\/\\\/blogit.gradia.fi\\\/sahkonet\\\/prosessiautomaatio\\\/vesiprosessi\\\/sahkokuvat\\\/#breadcrumb\"},\"inLanguage\":\"fi\",\"potentialAction\":[{\"@type\":\"ReadAction\",\"target\":[\"https:\\\/\\\/blogit.gradia.fi\\\/sahkonet\\\/prosessiautomaatio\\\/vesiprosessi\\\/sahkokuvat\\\/\"]}]},{\"@type\":\"BreadcrumbList\",\"@id\":\"https:\\\/\\\/blogit.gradia.fi\\\/sahkonet\\\/prosessiautomaatio\\\/vesiprosessi\\\/sahkokuvat\\\/#breadcrumb\",\"itemListElement\":[{\"@type\":\"ListItem\",\"position\":1,\"name\":\"Prosessiautomaatio (30 osp)\",\"item\":\"https:\\\/\\\/blogit.gradia.fi\\\/sahkonet\\\/prosessiautomaatio\\\/\"},{\"@type\":\"ListItem\",\"position\":2,\"name\":\"Vesiprosessi\",\"item\":\"https:\\\/\\\/blogit.gradia.fi\\\/sahkonet\\\/prosessiautomaatio\\\/vesiprosessi\\\/\"},{\"@type\":\"ListItem\",\"position\":3,\"name\":\"S\u00e4hk\u00f6kuvat\"}]},{\"@type\":\"WebSite\",\"@id\":\"https:\\\/\\\/blogit.gradia.fi\\\/sahkonet\\\/#website\",\"url\":\"https:\\\/\\\/blogit.gradia.fi\\\/sahkonet\\\/\",\"name\":\"S\u00e4hk\u00f6Net\",\"description\":\"S\u00e4hk\u00f6- ja automaatiotekniikan perustutkinto\",\"potentialAction\":[{\"@type\":\"SearchAction\",\"target\":{\"@type\":\"EntryPoint\",\"urlTemplate\":\"https:\\\/\\\/blogit.gradia.fi\\\/sahkonet\\\/?s={search_term_string}\"},\"query-input\":{\"@type\":\"PropertyValueSpecification\",\"valueRequired\":true,\"valueName\":\"search_term_string\"}}],\"inLanguage\":\"fi\"}]}<\/script>\n<!-- \/ Yoast SEO plugin. -->","yoast_head_json":{"title":"S\u00e4hk\u00f6kuvat - S\u00e4hk\u00f6Net","robots":{"index":"index","follow":"follow","max-snippet":"max-snippet:-1","max-image-preview":"max-image-preview:large","max-video-preview":"max-video-preview:-1"},"canonical":"https:\/\/blogit.gradia.fi\/sahkonet\/prosessiautomaatio\/vesiprosessi\/sahkokuvat\/","og_locale":"fi_FI","og_type":"article","og_title":"S\u00e4hk\u00f6kuvat - S\u00e4hk\u00f6Net","og_description":"P\u00e4\u00e4virtapiiri P\u00e4\u00e4virtapiirit_29052016 V\u00e4lireleet_29052016 Tulot Logiikan_tulotavu_0_29052016 Logiikan_tulotavu_1_29062016 Logiikan_tulotavu_2_29062016 L\u00e4hd\u00f6t Logiikan_l\u00e4ht\u00f6tavu-0_29052016 Logiikan_l\u00e4ht\u00f6tavu_1_29052016 Analogiatulot Analogitulot_0_3_29052016 Analogial\u00e4hd\u00f6t Analogil\u00e4hd\u00f6t_0_3_29052016 &nbsp; &nbsp; &nbsp;","og_url":"https:\/\/blogit.gradia.fi\/sahkonet\/prosessiautomaatio\/vesiprosessi\/sahkokuvat\/","og_site_name":"S\u00e4hk\u00f6Net","article_modified_time":"2016-05-29T13:25:03+00:00","twitter_card":"summary_large_image","schema":{"@context":"https:\/\/schema.org","@graph":[{"@type":"WebPage","@id":"https:\/\/blogit.gradia.fi\/sahkonet\/prosessiautomaatio\/vesiprosessi\/sahkokuvat\/","url":"https:\/\/blogit.gradia.fi\/sahkonet\/prosessiautomaatio\/vesiprosessi\/sahkokuvat\/","name":"S\u00e4hk\u00f6kuvat - S\u00e4hk\u00f6Net","isPartOf":{"@id":"https:\/\/blogit.gradia.fi\/sahkonet\/#website"},"datePublished":"2016-05-29T13:22:27+00:00","dateModified":"2016-05-29T13:25:03+00:00","breadcrumb":{"@id":"https:\/\/blogit.gradia.fi\/sahkonet\/prosessiautomaatio\/vesiprosessi\/sahkokuvat\/#breadcrumb"},"inLanguage":"fi","potentialAction":[{"@type":"ReadAction","target":["https:\/\/blogit.gradia.fi\/sahkonet\/prosessiautomaatio\/vesiprosessi\/sahkokuvat\/"]}]},{"@type":"BreadcrumbList","@id":"https:\/\/blogit.gradia.fi\/sahkonet\/prosessiautomaatio\/vesiprosessi\/sahkokuvat\/#breadcrumb","itemListElement":[{"@type":"ListItem","position":1,"name":"Prosessiautomaatio (30 osp)","item":"https:\/\/blogit.gradia.fi\/sahkonet\/prosessiautomaatio\/"},{"@type":"ListItem","position":2,"name":"Vesiprosessi","item":"https:\/\/blogit.gradia.fi\/sahkonet\/prosessiautomaatio\/vesiprosessi\/"},{"@type":"ListItem","position":3,"name":"S\u00e4hk\u00f6kuvat"}]},{"@type":"WebSite","@id":"https:\/\/blogit.gradia.fi\/sahkonet\/#website","url":"https:\/\/blogit.gradia.fi\/sahkonet\/","name":"S\u00e4hk\u00f6Net","description":"S\u00e4hk\u00f6- ja automaatiotekniikan perustutkinto","potentialAction":[{"@type":"SearchAction","target":{"@type":"EntryPoint","urlTemplate":"https:\/\/blogit.gradia.fi\/sahkonet\/?s={search_term_string}"},"query-input":{"@type":"PropertyValueSpecification","valueRequired":true,"valueName":"search_term_string"}}],"inLanguage":"fi"}]}},"uagb_featured_image_src":{"full":false,"thumbnail":false,"medium":false,"medium_large":false,"large":false,"1536x1536":false,"2048x2048":false,"post-thumbnail":false,"twentyfourteen-full-width":false},"uagb_author_info":{"display_name":"Pia Tolonen","author_link":"https:\/\/blogit.gradia.fi\/sahkonet\/author\/halmepia\/"},"uagb_comment_info":0,"uagb_excerpt":"P\u00e4\u00e4virtapiiri P\u00e4\u00e4virtapiirit_29052016 V\u00e4lireleet_29052016 Tulot Logiikan_tulotavu_0_29052016 Logiikan_tulotavu_1_29062016 Logiikan_tulotavu_2_29062016 L\u00e4hd\u00f6t Logiikan_l\u00e4ht\u00f6tavu-0_29052016 Logiikan_l\u00e4ht\u00f6tavu_1_29052016 Analogiatulot Analogitulot_0_3_29052016 Analogial\u00e4hd\u00f6t Analogil\u00e4hd\u00f6t_0_3_29052016 &nbsp; &nbsp; &nbsp;","_links":{"self":[{"href":"https:\/\/blogit.gradia.fi\/sahkonet\/wp-json\/wp\/v2\/pages\/1500","targetHints":{"allow":["GET"]}}],"collection":[{"href":"https:\/\/blogit.gradia.fi\/sahkonet\/wp-json\/wp\/v2\/pages"}],"about":[{"href":"https:\/\/blogit.gradia.fi\/sahkonet\/wp-json\/wp\/v2\/types\/page"}],"author":[{"embeddable":true,"href":"https:\/\/blogit.gradia.fi\/sahkonet\/wp-json\/wp\/v2\/users\/179"}],"replies":[{"embeddable":true,"href":"https:\/\/blogit.gradia.fi\/sahkonet\/wp-json\/wp\/v2\/comments?post=1500"}],"version-history":[{"count":0,"href":"https:\/\/blogit.gradia.fi\/sahkonet\/wp-json\/wp\/v2\/pages\/1500\/revisions"}],"up":[{"embeddable":true,"href":"https:\/\/blogit.gradia.fi\/sahkonet\/wp-json\/wp\/v2\/pages\/1463"}],"wp:attachment":[{"href":"https:\/\/blogit.gradia.fi\/sahkonet\/wp-json\/wp\/v2\/media?parent=1500"}],"curies":[{"name":"wp","href":"https:\/\/api.w.org\/{rel}","templated":true}]}}