{"id":1486,"date":"2016-05-22T14:42:43","date_gmt":"2016-05-22T11:42:43","guid":{"rendered":"https:\/\/blogit.gradia.fi\/sahkonet\/?page_id=1486"},"modified":"2016-05-22T16:09:13","modified_gmt":"2016-05-22T13:09:13","slug":"pi-kaavio","status":"publish","type":"page","link":"https:\/\/blogit.gradia.fi\/sahkonet\/pi-kaavio\/","title":{"rendered":"PI-kaavio"},"content":{"rendered":"<p>Tarkoitus:<\/p>\n<ul>\n<li>antaa tiedot prosessin teknillisest\u00e4 ratkaisusta .<\/li>\n<li>esitt\u00e4\u00e4 putkien ja muiden kuljetusteiden yksityiskohtainen kulku<\/li>\n<li>antaa perustiedot putki-, instrumentointi- ja asennuspiirustusten laatimista varten<\/li>\n<li>antaa tiedot materiaaliluettelon ja kustannusarvion laatimista varten<\/li>\n<\/ul>\n<p>Sis\u00e4lt\u00f6:<\/p>\n<ul>\n<li>kaikki laitteet<\/li>\n<li>putket ja muut kuljetustiet<\/li>\n<li>kaikki venttiilit<\/li>\n<li>mittauspisteet ja s\u00e4\u00e4t\u00f6piirit yleispiirrosmerkkej\u00e4 k\u00e4ytt\u00e4en<\/li>\n<li>laitenumerot<\/li>\n<li>putkitunnukset<\/li>\n<li>venttiilien tunnukset<\/li>\n<li>tulevien ja l\u00e4htevien virtojen osoitteet<\/li>\n<\/ul>\n<p>&nbsp;<\/p>\n<p>&nbsp;<\/p>\n<p>&nbsp;<\/p>\n","protected":false},"excerpt":{"rendered":"<p>Tarkoitus: antaa tiedot prosessin teknillisest\u00e4 ratkaisusta . esitt\u00e4\u00e4 putkien ja muiden kuljetusteiden yksityiskohtainen kulku antaa perustiedot putki-, instrumentointi- ja asennuspiirustusten laatimista varten antaa tiedot materiaaliluettelon ja kustannusarvion laatimista varten Sis\u00e4lt\u00f6: kaikki laitteet putket ja muut kuljetustiet kaikki venttiilit mittauspisteet ja s\u00e4\u00e4t\u00f6piirit yleispiirrosmerkkej\u00e4 k\u00e4ytt\u00e4en laitenumerot putkitunnukset venttiilien tunnukset tulevien ja l\u00e4htevien virtojen osoitteet &nbsp; &nbsp; &nbsp;<\/p>\n","protected":false},"author":179,"featured_media":0,"parent":0,"menu_order":97,"comment_status":"closed","ping_status":"closed","template":"","meta":{"_uag_custom_page_level_css":"","footnotes":""},"class_list":["post-1486","page","type-page","status-publish","hentry"],"yoast_head":"<!-- This site is optimized with the Yoast SEO plugin v27.4 - https:\/\/yoast.com\/product\/yoast-seo-wordpress\/ -->\n<title>PI-kaavio - S\u00e4hk\u00f6Net<\/title>\n<meta name=\"robots\" content=\"index, follow, max-snippet:-1, max-image-preview:large, max-video-preview:-1\" \/>\n<link rel=\"canonical\" href=\"https:\/\/blogit.gradia.fi\/sahkonet\/pi-kaavio\/\" \/>\n<meta property=\"og:locale\" content=\"fi_FI\" \/>\n<meta property=\"og:type\" content=\"article\" \/>\n<meta property=\"og:title\" content=\"PI-kaavio - S\u00e4hk\u00f6Net\" \/>\n<meta property=\"og:description\" content=\"Tarkoitus: antaa tiedot prosessin teknillisest\u00e4 ratkaisusta . esitt\u00e4\u00e4 putkien ja muiden kuljetusteiden yksityiskohtainen kulku antaa perustiedot putki-, instrumentointi- ja asennuspiirustusten laatimista varten antaa tiedot materiaaliluettelon ja kustannusarvion laatimista varten Sis\u00e4lt\u00f6: kaikki laitteet putket ja muut kuljetustiet kaikki venttiilit mittauspisteet ja s\u00e4\u00e4t\u00f6piirit yleispiirrosmerkkej\u00e4 k\u00e4ytt\u00e4en laitenumerot putkitunnukset venttiilien tunnukset tulevien ja l\u00e4htevien virtojen osoitteet &nbsp; &nbsp; &nbsp;\" \/>\n<meta property=\"og:url\" content=\"https:\/\/blogit.gradia.fi\/sahkonet\/pi-kaavio\/\" \/>\n<meta property=\"og:site_name\" content=\"S\u00e4hk\u00f6Net\" \/>\n<meta property=\"article:modified_time\" content=\"2016-05-22T13:09:13+00:00\" \/>\n<meta name=\"twitter:card\" content=\"summary_large_image\" \/>\n<script type=\"application\/ld+json\" class=\"yoast-schema-graph\">{\"@context\":\"https:\\\/\\\/schema.org\",\"@graph\":[{\"@type\":\"WebPage\",\"@id\":\"https:\\\/\\\/blogit.gradia.fi\\\/sahkonet\\\/pi-kaavio\\\/\",\"url\":\"https:\\\/\\\/blogit.gradia.fi\\\/sahkonet\\\/pi-kaavio\\\/\",\"name\":\"PI-kaavio - S\u00e4hk\u00f6Net\",\"isPartOf\":{\"@id\":\"https:\\\/\\\/blogit.gradia.fi\\\/sahkonet\\\/#website\"},\"datePublished\":\"2016-05-22T11:42:43+00:00\",\"dateModified\":\"2016-05-22T13:09:13+00:00\",\"inLanguage\":\"fi\",\"potentialAction\":[{\"@type\":\"ReadAction\",\"target\":[\"https:\\\/\\\/blogit.gradia.fi\\\/sahkonet\\\/pi-kaavio\\\/\"]}]},{\"@type\":\"WebSite\",\"@id\":\"https:\\\/\\\/blogit.gradia.fi\\\/sahkonet\\\/#website\",\"url\":\"https:\\\/\\\/blogit.gradia.fi\\\/sahkonet\\\/\",\"name\":\"S\u00e4hk\u00f6Net\",\"description\":\"S\u00e4hk\u00f6- ja automaatiotekniikan perustutkinto\",\"potentialAction\":[{\"@type\":\"SearchAction\",\"target\":{\"@type\":\"EntryPoint\",\"urlTemplate\":\"https:\\\/\\\/blogit.gradia.fi\\\/sahkonet\\\/?s={search_term_string}\"},\"query-input\":{\"@type\":\"PropertyValueSpecification\",\"valueRequired\":true,\"valueName\":\"search_term_string\"}}],\"inLanguage\":\"fi\"}]}<\/script>\n<!-- \/ Yoast SEO plugin. -->","yoast_head_json":{"title":"PI-kaavio - S\u00e4hk\u00f6Net","robots":{"index":"index","follow":"follow","max-snippet":"max-snippet:-1","max-image-preview":"max-image-preview:large","max-video-preview":"max-video-preview:-1"},"canonical":"https:\/\/blogit.gradia.fi\/sahkonet\/pi-kaavio\/","og_locale":"fi_FI","og_type":"article","og_title":"PI-kaavio - S\u00e4hk\u00f6Net","og_description":"Tarkoitus: antaa tiedot prosessin teknillisest\u00e4 ratkaisusta . esitt\u00e4\u00e4 putkien ja muiden kuljetusteiden yksityiskohtainen kulku antaa perustiedot putki-, instrumentointi- ja asennuspiirustusten laatimista varten antaa tiedot materiaaliluettelon ja kustannusarvion laatimista varten Sis\u00e4lt\u00f6: kaikki laitteet putket ja muut kuljetustiet kaikki venttiilit mittauspisteet ja s\u00e4\u00e4t\u00f6piirit yleispiirrosmerkkej\u00e4 k\u00e4ytt\u00e4en laitenumerot putkitunnukset venttiilien tunnukset tulevien ja l\u00e4htevien virtojen osoitteet &nbsp; &nbsp; &nbsp;","og_url":"https:\/\/blogit.gradia.fi\/sahkonet\/pi-kaavio\/","og_site_name":"S\u00e4hk\u00f6Net","article_modified_time":"2016-05-22T13:09:13+00:00","twitter_card":"summary_large_image","schema":{"@context":"https:\/\/schema.org","@graph":[{"@type":"WebPage","@id":"https:\/\/blogit.gradia.fi\/sahkonet\/pi-kaavio\/","url":"https:\/\/blogit.gradia.fi\/sahkonet\/pi-kaavio\/","name":"PI-kaavio - S\u00e4hk\u00f6Net","isPartOf":{"@id":"https:\/\/blogit.gradia.fi\/sahkonet\/#website"},"datePublished":"2016-05-22T11:42:43+00:00","dateModified":"2016-05-22T13:09:13+00:00","inLanguage":"fi","potentialAction":[{"@type":"ReadAction","target":["https:\/\/blogit.gradia.fi\/sahkonet\/pi-kaavio\/"]}]},{"@type":"WebSite","@id":"https:\/\/blogit.gradia.fi\/sahkonet\/#website","url":"https:\/\/blogit.gradia.fi\/sahkonet\/","name":"S\u00e4hk\u00f6Net","description":"S\u00e4hk\u00f6- ja automaatiotekniikan perustutkinto","potentialAction":[{"@type":"SearchAction","target":{"@type":"EntryPoint","urlTemplate":"https:\/\/blogit.gradia.fi\/sahkonet\/?s={search_term_string}"},"query-input":{"@type":"PropertyValueSpecification","valueRequired":true,"valueName":"search_term_string"}}],"inLanguage":"fi"}]}},"uagb_featured_image_src":{"full":false,"thumbnail":false,"medium":false,"medium_large":false,"large":false,"1536x1536":false,"2048x2048":false,"post-thumbnail":false,"twentyfourteen-full-width":false},"uagb_author_info":{"display_name":"Pia Tolonen","author_link":"https:\/\/blogit.gradia.fi\/sahkonet\/author\/halmepia\/"},"uagb_comment_info":0,"uagb_excerpt":"Tarkoitus: antaa tiedot prosessin teknillisest\u00e4 ratkaisusta . esitt\u00e4\u00e4 putkien ja muiden kuljetusteiden yksityiskohtainen kulku antaa perustiedot putki-, instrumentointi- ja asennuspiirustusten laatimista varten antaa tiedot materiaaliluettelon ja kustannusarvion laatimista varten Sis\u00e4lt\u00f6: kaikki laitteet putket ja muut kuljetustiet kaikki venttiilit mittauspisteet ja s\u00e4\u00e4t\u00f6piirit yleispiirrosmerkkej\u00e4 k\u00e4ytt\u00e4en laitenumerot putkitunnukset venttiilien tunnukset tulevien ja l\u00e4htevien virtojen osoitteet &nbsp; &nbsp; &nbsp;","_links":{"self":[{"href":"https:\/\/blogit.gradia.fi\/sahkonet\/wp-json\/wp\/v2\/pages\/1486","targetHints":{"allow":["GET"]}}],"collection":[{"href":"https:\/\/blogit.gradia.fi\/sahkonet\/wp-json\/wp\/v2\/pages"}],"about":[{"href":"https:\/\/blogit.gradia.fi\/sahkonet\/wp-json\/wp\/v2\/types\/page"}],"author":[{"embeddable":true,"href":"https:\/\/blogit.gradia.fi\/sahkonet\/wp-json\/wp\/v2\/users\/179"}],"replies":[{"embeddable":true,"href":"https:\/\/blogit.gradia.fi\/sahkonet\/wp-json\/wp\/v2\/comments?post=1486"}],"version-history":[{"count":0,"href":"https:\/\/blogit.gradia.fi\/sahkonet\/wp-json\/wp\/v2\/pages\/1486\/revisions"}],"wp:attachment":[{"href":"https:\/\/blogit.gradia.fi\/sahkonet\/wp-json\/wp\/v2\/media?parent=1486"}],"curies":[{"name":"wp","href":"https:\/\/api.w.org\/{rel}","templated":true}]}}