{"id":1476,"date":"2016-05-22T14:10:29","date_gmt":"2016-05-22T11:10:29","guid":{"rendered":"https:\/\/blogit.gradia.fi\/sahkonet\/?page_id=1476"},"modified":"2016-05-22T14:28:58","modified_gmt":"2016-05-22T11:28:58","slug":"instrumentoinnin-piirrosmerkkien-tunnuskirjaimet","status":"publish","type":"page","link":"https:\/\/blogit.gradia.fi\/sahkonet\/prosessiautomaatio\/vesiprosessi\/instrumentoinnin-piirrosmerkkien-tunnuskirjaimet\/","title":{"rendered":"Instrumentoinnin piirrosmerkkien tunnuskirjaimet"},"content":{"rendered":"<p>Tunnuskirjaimet ja tunnusnumero muodostavat yhdess\u00e4 piirin <strong>positiotunnuksen<\/strong>, esim: LIC1, FIC2.<\/p>\n<p>Alla on taulukko instumentoinnin tunnuskirjainten k\u00e4yt\u00f6st\u00e4.<\/p>\n<table>\n<thead>\n<tr>\n<td width=\"64\"><strong>\u00a0<\/strong><\/td>\n<td width=\"186\"><strong>Ensimm\u00e4inen kirjain<br \/>\n<\/strong><strong>Mittaussuure<\/strong><\/td>\n<td width=\"175\"><strong>Lis\u00e4m\u00e4\u00e4rite<\/strong><\/td>\n<td width=\"189\"><strong>Seuraava kirjain<br \/>\n<\/strong><strong>Toiminta\u00a0<\/strong><\/td>\n<\/tr>\n<tr>\n<td width=\"64\"><strong>A\u00a0<\/strong><\/td>\n<td width=\"186\"><\/td>\n<td width=\"175\"><\/td>\n<td width=\"189\">h\u00e4lytys<\/td>\n<\/tr>\n<tr>\n<td width=\"64\"><strong>B<\/strong><\/td>\n<td width=\"186\"><\/td>\n<td width=\"175\"><\/td>\n<td width=\"189\">audiovisuaalinen toiminta<\/td>\n<\/tr>\n<tr>\n<td width=\"64\"><strong>C<\/strong><\/td>\n<td width=\"186\"><\/td>\n<td width=\"175\"><\/td>\n<td width=\"189\">s\u00e4\u00e4t\u00f6<\/td>\n<\/tr>\n<tr>\n<td width=\"64\"><strong>D<\/strong><\/td>\n<td width=\"186\">Tiheys<\/td>\n<td width=\"175\">Ero<\/td>\n<td width=\"189\"><\/td>\n<\/tr>\n<tr>\n<td width=\"64\"><strong>E<\/strong><\/td>\n<td width=\"186\">Kaikki s\u00e4hk\u00f6suureet<\/td>\n<td width=\"175\"><\/td>\n<td width=\"189\">Anturitoiminta<\/td>\n<\/tr>\n<tr>\n<td width=\"64\"><strong>F<\/strong><\/td>\n<td width=\"186\">Virtaus, -virta<\/td>\n<td width=\"175\">Suhde<\/td>\n<td width=\"189\"><\/td>\n<\/tr>\n<tr>\n<td width=\"64\"><strong>G<\/strong><\/td>\n<td width=\"186\">Pituus, asento<\/td>\n<td width=\"175\"><\/td>\n<td width=\"189\"><\/td>\n<\/tr>\n<tr>\n<td width=\"64\"><strong>H<\/strong><\/td>\n<td width=\"186\">K\u00e4siohjaus<\/td>\n<td width=\"175\"><\/td>\n<td width=\"189\"><\/td>\n<\/tr>\n<tr>\n<td width=\"64\"><strong>I<\/strong><\/td>\n<td width=\"186\"><\/td>\n<td width=\"175\"><\/td>\n<td width=\"189\">Osoitus<\/td>\n<\/tr>\n<tr>\n<td width=\"64\"><strong>J<\/strong><\/td>\n<td width=\"186\"><\/td>\n<td width=\"175\">Jaksottainen toiminta<\/td>\n<td width=\"189\"><\/td>\n<\/tr>\n<tr>\n<td width=\"64\"><strong>K<\/strong><\/td>\n<td width=\"186\">Aika tai aikaohjaus<\/td>\n<td width=\"175\"><\/td>\n<td width=\"189\"><\/td>\n<\/tr>\n<tr>\n<td width=\"64\"><strong>L<\/strong><\/td>\n<td width=\"186\">Pinnan korkeus<\/td>\n<td width=\"175\"><\/td>\n<td width=\"189\"><\/td>\n<\/tr>\n<tr>\n<td width=\"64\"><strong>M<\/strong><\/td>\n<td width=\"186\">Kosteus<\/td>\n<td width=\"175\"><\/td>\n<td width=\"189\">Viestin muunto<\/td>\n<\/tr>\n<tr>\n<td width=\"64\"><strong>N<\/strong><\/td>\n<td width=\"186\">K\u00e4ytt\u00e4j\u00e4n valittavissa<\/td>\n<td width=\"175\"><\/td>\n<td width=\"189\">K\u00e4ytt\u00e4j\u00e4n valittavissa<\/td>\n<\/tr>\n<tr>\n<td width=\"64\"><strong>O<\/strong><\/td>\n<td width=\"186\">K\u00e4ytt\u00e4j\u00e4n valittavissa<\/td>\n<td width=\"175\"><\/td>\n<td width=\"189\"><\/td>\n<\/tr>\n<tr>\n<td width=\"64\"><strong>P<\/strong><\/td>\n<td width=\"186\">Paine<\/td>\n<td width=\"175\"><\/td>\n<td width=\"189\">N\u00e4ytteen otto<\/td>\n<\/tr>\n<tr>\n<td width=\"64\"><strong>Q<\/strong><\/td>\n<td width=\"186\">Laatu, esim Analyysi V\u00e4kevyys Johtavuus<\/td>\n<td width=\"175\">Integroiva tai summaava laskenta<\/td>\n<td width=\"189\">Yhdist\u00e4minen tai summaaminen<\/td>\n<\/tr>\n<tr>\n<td width=\"64\"><strong>R<\/strong><\/td>\n<td width=\"186\">Ydins\u00e4teily<\/td>\n<td width=\"175\"><\/td>\n<td width=\"189\">Piirto<\/td>\n<\/tr>\n<tr>\n<td width=\"64\"><strong>S<\/strong><\/td>\n<td width=\"186\">Nopeus, taajuus<\/td>\n<td width=\"175\"><\/td>\n<td width=\"189\">Kytkent\u00e4toiminta<\/td>\n<\/tr>\n<tr>\n<td width=\"64\"><strong>T<\/strong><\/td>\n<td width=\"186\">L\u00e4mp\u00f6tila<\/td>\n<td width=\"175\"><\/td>\n<td width=\"189\">L\u00e4hetintoiminta<\/td>\n<\/tr>\n<tr>\n<td width=\"64\"><strong>U<\/strong><\/td>\n<td width=\"186\">Monimuuttuja<\/td>\n<td width=\"175\"><\/td>\n<td width=\"189\">Monitoiminta<\/td>\n<\/tr>\n<tr>\n<td width=\"64\"><strong>V<\/strong><\/td>\n<td width=\"186\">Viskositeetti<\/td>\n<td width=\"175\"><\/td>\n<td width=\"189\">Venttiili, toimiyksikk\u00f6<\/td>\n<\/tr>\n<tr>\n<td width=\"64\"><strong>W<\/strong><\/td>\n<td width=\"186\">Paino, voima<\/td>\n<td width=\"175\"><\/td>\n<td width=\"189\"><\/td>\n<\/tr>\n<tr>\n<td width=\"64\"><strong>X<\/strong><\/td>\n<td width=\"186\">M\u00e4\u00e4rittelem\u00e4tt\u00f6m\u00e4t suureet<\/td>\n<td width=\"175\"><\/td>\n<td width=\"189\">M\u00e4\u00e4rittelem\u00e4tt\u00f6m\u00e4t toiminnat<\/td>\n<\/tr>\n<tr>\n<td width=\"64\"><strong>Y<\/strong><\/td>\n<td width=\"186\">K\u00e4ytt\u00e4j\u00e4n valittavissa<\/td>\n<td width=\"175\"><\/td>\n<td width=\"189\">Laskentatoiminta<\/td>\n<\/tr>\n<tr>\n<td width=\"64\"><strong>Z<\/strong><\/td>\n<td width=\"186\"><\/td>\n<td width=\"175\"><\/td>\n<td width=\"189\">H\u00e4t\u00e4- tai turvatoiminta (lukitus)<\/td>\n<\/tr>\n<\/thead>\n<\/table>\n","protected":false},"excerpt":{"rendered":"<p>Tunnuskirjaimet ja tunnusnumero muodostavat yhdess\u00e4 piirin positiotunnuksen, esim: LIC1, FIC2. Alla on taulukko instumentoinnin tunnuskirjainten k\u00e4yt\u00f6st\u00e4. \u00a0 Ensimm\u00e4inen kirjain Mittaussuure Lis\u00e4m\u00e4\u00e4rite Seuraava kirjain Toiminta\u00a0 A\u00a0 h\u00e4lytys B audiovisuaalinen toiminta C s\u00e4\u00e4t\u00f6 D Tiheys Ero E Kaikki s\u00e4hk\u00f6suureet Anturitoiminta F Virtaus, -virta Suhde G Pituus, asento H K\u00e4siohjaus I Osoitus J Jaksottainen toiminta K Aika tai &hellip; <a href=\"https:\/\/blogit.gradia.fi\/sahkonet\/prosessiautomaatio\/vesiprosessi\/instrumentoinnin-piirrosmerkkien-tunnuskirjaimet\/\" class=\"more-link\">Jatka lukemista <span class=\"screen-reader-text\">Instrumentoinnin piirrosmerkkien tunnuskirjaimet<\/span> <span class=\"meta-nav\">&rarr;<\/span><\/a><\/p>\n","protected":false},"author":179,"featured_media":0,"parent":1463,"menu_order":98,"comment_status":"closed","ping_status":"closed","template":"","meta":{"_uag_custom_page_level_css":"","footnotes":""},"class_list":["post-1476","page","type-page","status-publish","hentry"],"yoast_head":"<!-- This site is optimized with the Yoast SEO plugin v27.4 - https:\/\/yoast.com\/product\/yoast-seo-wordpress\/ -->\n<title>Instrumentoinnin piirrosmerkkien tunnuskirjaimet - S\u00e4hk\u00f6Net<\/title>\n<meta name=\"robots\" content=\"index, follow, max-snippet:-1, max-image-preview:large, max-video-preview:-1\" \/>\n<link rel=\"canonical\" href=\"https:\/\/blogit.gradia.fi\/sahkonet\/prosessiautomaatio\/vesiprosessi\/instrumentoinnin-piirrosmerkkien-tunnuskirjaimet\/\" \/>\n<meta property=\"og:locale\" content=\"fi_FI\" \/>\n<meta property=\"og:type\" content=\"article\" \/>\n<meta property=\"og:title\" content=\"Instrumentoinnin piirrosmerkkien tunnuskirjaimet - S\u00e4hk\u00f6Net\" \/>\n<meta property=\"og:description\" content=\"Tunnuskirjaimet ja tunnusnumero muodostavat yhdess\u00e4 piirin positiotunnuksen, esim: LIC1, FIC2. Alla on taulukko instumentoinnin tunnuskirjainten k\u00e4yt\u00f6st\u00e4. \u00a0 Ensimm\u00e4inen kirjain Mittaussuure Lis\u00e4m\u00e4\u00e4rite Seuraava kirjain Toiminta\u00a0 A\u00a0 h\u00e4lytys B audiovisuaalinen toiminta C s\u00e4\u00e4t\u00f6 D Tiheys Ero E Kaikki s\u00e4hk\u00f6suureet Anturitoiminta F Virtaus, -virta Suhde G Pituus, asento H K\u00e4siohjaus I Osoitus J Jaksottainen toiminta K Aika tai &hellip; Jatka lukemista Instrumentoinnin piirrosmerkkien tunnuskirjaimet &rarr;\" \/>\n<meta property=\"og:url\" content=\"https:\/\/blogit.gradia.fi\/sahkonet\/prosessiautomaatio\/vesiprosessi\/instrumentoinnin-piirrosmerkkien-tunnuskirjaimet\/\" \/>\n<meta property=\"og:site_name\" content=\"S\u00e4hk\u00f6Net\" \/>\n<meta property=\"article:modified_time\" content=\"2016-05-22T11:28:58+00:00\" \/>\n<meta name=\"twitter:card\" content=\"summary_large_image\" \/>\n<meta name=\"twitter:label1\" content=\"Arvioitu lukuaika\" \/>\n\t<meta name=\"twitter:data1\" content=\"1 minuutti\" \/>\n<script type=\"application\/ld+json\" class=\"yoast-schema-graph\">{\"@context\":\"https:\\\/\\\/schema.org\",\"@graph\":[{\"@type\":\"WebPage\",\"@id\":\"https:\\\/\\\/blogit.gradia.fi\\\/sahkonet\\\/prosessiautomaatio\\\/vesiprosessi\\\/instrumentoinnin-piirrosmerkkien-tunnuskirjaimet\\\/\",\"url\":\"https:\\\/\\\/blogit.gradia.fi\\\/sahkonet\\\/prosessiautomaatio\\\/vesiprosessi\\\/instrumentoinnin-piirrosmerkkien-tunnuskirjaimet\\\/\",\"name\":\"Instrumentoinnin piirrosmerkkien tunnuskirjaimet - S\u00e4hk\u00f6Net\",\"isPartOf\":{\"@id\":\"https:\\\/\\\/blogit.gradia.fi\\\/sahkonet\\\/#website\"},\"datePublished\":\"2016-05-22T11:10:29+00:00\",\"dateModified\":\"2016-05-22T11:28:58+00:00\",\"breadcrumb\":{\"@id\":\"https:\\\/\\\/blogit.gradia.fi\\\/sahkonet\\\/prosessiautomaatio\\\/vesiprosessi\\\/instrumentoinnin-piirrosmerkkien-tunnuskirjaimet\\\/#breadcrumb\"},\"inLanguage\":\"fi\",\"potentialAction\":[{\"@type\":\"ReadAction\",\"target\":[\"https:\\\/\\\/blogit.gradia.fi\\\/sahkonet\\\/prosessiautomaatio\\\/vesiprosessi\\\/instrumentoinnin-piirrosmerkkien-tunnuskirjaimet\\\/\"]}]},{\"@type\":\"BreadcrumbList\",\"@id\":\"https:\\\/\\\/blogit.gradia.fi\\\/sahkonet\\\/prosessiautomaatio\\\/vesiprosessi\\\/instrumentoinnin-piirrosmerkkien-tunnuskirjaimet\\\/#breadcrumb\",\"itemListElement\":[{\"@type\":\"ListItem\",\"position\":1,\"name\":\"Prosessiautomaatio (30 osp)\",\"item\":\"https:\\\/\\\/blogit.gradia.fi\\\/sahkonet\\\/prosessiautomaatio\\\/\"},{\"@type\":\"ListItem\",\"position\":2,\"name\":\"Vesiprosessi\",\"item\":\"https:\\\/\\\/blogit.gradia.fi\\\/sahkonet\\\/prosessiautomaatio\\\/vesiprosessi\\\/\"},{\"@type\":\"ListItem\",\"position\":3,\"name\":\"Instrumentoinnin piirrosmerkkien tunnuskirjaimet\"}]},{\"@type\":\"WebSite\",\"@id\":\"https:\\\/\\\/blogit.gradia.fi\\\/sahkonet\\\/#website\",\"url\":\"https:\\\/\\\/blogit.gradia.fi\\\/sahkonet\\\/\",\"name\":\"S\u00e4hk\u00f6Net\",\"description\":\"S\u00e4hk\u00f6- ja automaatiotekniikan perustutkinto\",\"potentialAction\":[{\"@type\":\"SearchAction\",\"target\":{\"@type\":\"EntryPoint\",\"urlTemplate\":\"https:\\\/\\\/blogit.gradia.fi\\\/sahkonet\\\/?s={search_term_string}\"},\"query-input\":{\"@type\":\"PropertyValueSpecification\",\"valueRequired\":true,\"valueName\":\"search_term_string\"}}],\"inLanguage\":\"fi\"}]}<\/script>\n<!-- \/ Yoast SEO plugin. -->","yoast_head_json":{"title":"Instrumentoinnin piirrosmerkkien tunnuskirjaimet - S\u00e4hk\u00f6Net","robots":{"index":"index","follow":"follow","max-snippet":"max-snippet:-1","max-image-preview":"max-image-preview:large","max-video-preview":"max-video-preview:-1"},"canonical":"https:\/\/blogit.gradia.fi\/sahkonet\/prosessiautomaatio\/vesiprosessi\/instrumentoinnin-piirrosmerkkien-tunnuskirjaimet\/","og_locale":"fi_FI","og_type":"article","og_title":"Instrumentoinnin piirrosmerkkien tunnuskirjaimet - S\u00e4hk\u00f6Net","og_description":"Tunnuskirjaimet ja tunnusnumero muodostavat yhdess\u00e4 piirin positiotunnuksen, esim: LIC1, FIC2. Alla on taulukko instumentoinnin tunnuskirjainten k\u00e4yt\u00f6st\u00e4. \u00a0 Ensimm\u00e4inen kirjain Mittaussuure Lis\u00e4m\u00e4\u00e4rite Seuraava kirjain Toiminta\u00a0 A\u00a0 h\u00e4lytys B audiovisuaalinen toiminta C s\u00e4\u00e4t\u00f6 D Tiheys Ero E Kaikki s\u00e4hk\u00f6suureet Anturitoiminta F Virtaus, -virta Suhde G Pituus, asento H K\u00e4siohjaus I Osoitus J Jaksottainen toiminta K Aika tai &hellip; Jatka lukemista Instrumentoinnin piirrosmerkkien tunnuskirjaimet &rarr;","og_url":"https:\/\/blogit.gradia.fi\/sahkonet\/prosessiautomaatio\/vesiprosessi\/instrumentoinnin-piirrosmerkkien-tunnuskirjaimet\/","og_site_name":"S\u00e4hk\u00f6Net","article_modified_time":"2016-05-22T11:28:58+00:00","twitter_card":"summary_large_image","twitter_misc":{"Arvioitu lukuaika":"1 minuutti"},"schema":{"@context":"https:\/\/schema.org","@graph":[{"@type":"WebPage","@id":"https:\/\/blogit.gradia.fi\/sahkonet\/prosessiautomaatio\/vesiprosessi\/instrumentoinnin-piirrosmerkkien-tunnuskirjaimet\/","url":"https:\/\/blogit.gradia.fi\/sahkonet\/prosessiautomaatio\/vesiprosessi\/instrumentoinnin-piirrosmerkkien-tunnuskirjaimet\/","name":"Instrumentoinnin piirrosmerkkien tunnuskirjaimet - S\u00e4hk\u00f6Net","isPartOf":{"@id":"https:\/\/blogit.gradia.fi\/sahkonet\/#website"},"datePublished":"2016-05-22T11:10:29+00:00","dateModified":"2016-05-22T11:28:58+00:00","breadcrumb":{"@id":"https:\/\/blogit.gradia.fi\/sahkonet\/prosessiautomaatio\/vesiprosessi\/instrumentoinnin-piirrosmerkkien-tunnuskirjaimet\/#breadcrumb"},"inLanguage":"fi","potentialAction":[{"@type":"ReadAction","target":["https:\/\/blogit.gradia.fi\/sahkonet\/prosessiautomaatio\/vesiprosessi\/instrumentoinnin-piirrosmerkkien-tunnuskirjaimet\/"]}]},{"@type":"BreadcrumbList","@id":"https:\/\/blogit.gradia.fi\/sahkonet\/prosessiautomaatio\/vesiprosessi\/instrumentoinnin-piirrosmerkkien-tunnuskirjaimet\/#breadcrumb","itemListElement":[{"@type":"ListItem","position":1,"name":"Prosessiautomaatio (30 osp)","item":"https:\/\/blogit.gradia.fi\/sahkonet\/prosessiautomaatio\/"},{"@type":"ListItem","position":2,"name":"Vesiprosessi","item":"https:\/\/blogit.gradia.fi\/sahkonet\/prosessiautomaatio\/vesiprosessi\/"},{"@type":"ListItem","position":3,"name":"Instrumentoinnin piirrosmerkkien tunnuskirjaimet"}]},{"@type":"WebSite","@id":"https:\/\/blogit.gradia.fi\/sahkonet\/#website","url":"https:\/\/blogit.gradia.fi\/sahkonet\/","name":"S\u00e4hk\u00f6Net","description":"S\u00e4hk\u00f6- ja automaatiotekniikan perustutkinto","potentialAction":[{"@type":"SearchAction","target":{"@type":"EntryPoint","urlTemplate":"https:\/\/blogit.gradia.fi\/sahkonet\/?s={search_term_string}"},"query-input":{"@type":"PropertyValueSpecification","valueRequired":true,"valueName":"search_term_string"}}],"inLanguage":"fi"}]}},"uagb_featured_image_src":{"full":false,"thumbnail":false,"medium":false,"medium_large":false,"large":false,"1536x1536":false,"2048x2048":false,"post-thumbnail":false,"twentyfourteen-full-width":false},"uagb_author_info":{"display_name":"Pia Tolonen","author_link":"https:\/\/blogit.gradia.fi\/sahkonet\/author\/halmepia\/"},"uagb_comment_info":0,"uagb_excerpt":"Tunnuskirjaimet ja tunnusnumero muodostavat yhdess\u00e4 piirin positiotunnuksen, esim: LIC1, FIC2. Alla on taulukko instumentoinnin tunnuskirjainten k\u00e4yt\u00f6st\u00e4. \u00a0 Ensimm\u00e4inen kirjain Mittaussuure Lis\u00e4m\u00e4\u00e4rite Seuraava kirjain Toiminta\u00a0 A\u00a0 h\u00e4lytys B audiovisuaalinen toiminta C s\u00e4\u00e4t\u00f6 D Tiheys Ero E Kaikki s\u00e4hk\u00f6suureet Anturitoiminta F Virtaus, -virta Suhde G Pituus, asento H K\u00e4siohjaus I Osoitus J Jaksottainen toiminta K Aika tai&hellip;","_links":{"self":[{"href":"https:\/\/blogit.gradia.fi\/sahkonet\/wp-json\/wp\/v2\/pages\/1476","targetHints":{"allow":["GET"]}}],"collection":[{"href":"https:\/\/blogit.gradia.fi\/sahkonet\/wp-json\/wp\/v2\/pages"}],"about":[{"href":"https:\/\/blogit.gradia.fi\/sahkonet\/wp-json\/wp\/v2\/types\/page"}],"author":[{"embeddable":true,"href":"https:\/\/blogit.gradia.fi\/sahkonet\/wp-json\/wp\/v2\/users\/179"}],"replies":[{"embeddable":true,"href":"https:\/\/blogit.gradia.fi\/sahkonet\/wp-json\/wp\/v2\/comments?post=1476"}],"version-history":[{"count":0,"href":"https:\/\/blogit.gradia.fi\/sahkonet\/wp-json\/wp\/v2\/pages\/1476\/revisions"}],"up":[{"embeddable":true,"href":"https:\/\/blogit.gradia.fi\/sahkonet\/wp-json\/wp\/v2\/pages\/1463"}],"wp:attachment":[{"href":"https:\/\/blogit.gradia.fi\/sahkonet\/wp-json\/wp\/v2\/media?parent=1476"}],"curies":[{"name":"wp","href":"https:\/\/api.w.org\/{rel}","templated":true}]}}