{"id":1467,"date":"2016-05-22T13:45:48","date_gmt":"2016-05-22T10:45:48","guid":{"rendered":"https:\/\/blogit.gradia.fi\/sahkonet\/?page_id=1467"},"modified":"2016-05-22T14:09:34","modified_gmt":"2016-05-22T11:09:34","slug":"laitemanuaalit","status":"publish","type":"page","link":"https:\/\/blogit.gradia.fi\/sahkonet\/prosessiautomaatio\/vesiprosessi\/laitemanuaalit\/","title":{"rendered":"Laitemanuaalit"},"content":{"rendered":"<p><strong>Omron\u00a0E5CN\/E5CN-U digitaalinen l\u00e4mp\u00f6tilans\u00e4\u00e4din<\/strong><\/p>\n<p><a href=\"https:\/\/blogit.gradia.fi\/sahkonet\/wp-content\/uploads\/sites\/80\/2016\/05\/OMRON_l\u00e4mp\u00f6tilan_s\u00e4\u00e4din_E5CN.pdf\">OMRON_l\u00e4mp\u00f6tilan_s\u00e4\u00e4din_E5CN<\/a><\/p>\n<p><strong>B\u00fcrkert\u00a0Flow Pressure Controller (magneettis\u00e4\u00e4t\u00f6venttiili)<\/strong><\/p>\n<p><a href=\"https:\/\/blogit.gradia.fi\/sahkonet\/wp-content\/uploads\/sites\/80\/2016\/05\/MA8624-2-EU-ML.pdf\">MA8624-2-EU-ML<\/a><\/p>\n<p><strong>B\u00fcrkert Yleiss\u00e4\u00e4din 8611 (<a href=\"http:\/\/www.burkert.fi\/fi\/type\/8611\" target=\"_blank\">linkki<\/a>)<\/strong><\/p>\n<p><a href=\"https:\/\/blogit.gradia.fi\/sahkonet\/wp-content\/uploads\/sites\/80\/2016\/05\/MA8611-Standard-EU-EN.pdf\">MA8611-Standard-EU-EN<\/a><\/p>\n<p><strong>B\u00fcrkert Positioner 1067<\/strong><\/p>\n<p><a href=\"https:\/\/blogit.gradia.fi\/sahkonet\/wp-content\/uploads\/sites\/80\/2016\/05\/MA1067-Standard-EU-ML.pdf\">MA1067-Standard-EU-ML<\/a><\/p>\n<p><strong>B\u00fcrkert Magneettinen virtausl\u00e4hetin 8045<\/strong><\/p>\n<p><a href=\"https:\/\/blogit.gradia.fi\/sahkonet\/wp-content\/uploads\/sites\/80\/2016\/05\/BURKERT_8045-MAGNEETTINEN-VIRTAUSL\u00c4HETIN.pdf\">BURKERT_8045 MAGNEETTINEN VIRTAUSL\u00c4HETIN<\/a><\/p>\n<p><strong>ABB Virtausl\u00e4hetin\u00a0FXL5000 (Miniflow)<\/strong><\/p>\n<p><a href=\"https:\/\/blogit.gradia.fi\/sahkonet\/wp-content\/uploads\/sites\/80\/2016\/05\/ABB_virtausl\u00e4hetin.pdf\">ABB_virtausl\u00e4hetin<\/a><\/p>\n<p><strong>ABB Painel\u00e4hetin\u00a0261G, 261A\u00a0<\/strong><\/p>\n<p><a href=\"https:\/\/blogit.gradia.fi\/sahkonet\/wp-content\/uploads\/sites\/80\/2016\/05\/ABB_261G261A_painel\u00e4hetin.pdf\">ABB_261G261A_painel\u00e4hetin<\/a><\/p>\n","protected":false},"excerpt":{"rendered":"<p>Omron\u00a0E5CN\/E5CN-U digitaalinen l\u00e4mp\u00f6tilans\u00e4\u00e4din OMRON_l\u00e4mp\u00f6tilan_s\u00e4\u00e4din_E5CN B\u00fcrkert\u00a0Flow Pressure Controller (magneettis\u00e4\u00e4t\u00f6venttiili) MA8624-2-EU-ML B\u00fcrkert Yleiss\u00e4\u00e4din 8611 (linkki) MA8611-Standard-EU-EN B\u00fcrkert Positioner 1067 MA1067-Standard-EU-ML B\u00fcrkert Magneettinen virtausl\u00e4hetin 8045 BURKERT_8045 MAGNEETTINEN VIRTAUSL\u00c4HETIN ABB Virtausl\u00e4hetin\u00a0FXL5000 (Miniflow) ABB_virtausl\u00e4hetin ABB Painel\u00e4hetin\u00a0261G, 261A\u00a0 ABB_261G261A_painel\u00e4hetin<\/p>\n","protected":false},"author":179,"featured_media":0,"parent":1463,"menu_order":99,"comment_status":"closed","ping_status":"closed","template":"","meta":{"_uag_custom_page_level_css":"","footnotes":""},"class_list":["post-1467","page","type-page","status-publish","hentry"],"yoast_head":"<!-- This site is optimized with the Yoast SEO plugin v27.4 - https:\/\/yoast.com\/product\/yoast-seo-wordpress\/ -->\n<title>Laitemanuaalit - S\u00e4hk\u00f6Net<\/title>\n<meta name=\"robots\" content=\"index, follow, max-snippet:-1, max-image-preview:large, max-video-preview:-1\" \/>\n<link rel=\"canonical\" href=\"https:\/\/blogit.gradia.fi\/sahkonet\/prosessiautomaatio\/vesiprosessi\/laitemanuaalit\/\" \/>\n<meta property=\"og:locale\" content=\"fi_FI\" \/>\n<meta property=\"og:type\" content=\"article\" \/>\n<meta property=\"og:title\" content=\"Laitemanuaalit - S\u00e4hk\u00f6Net\" \/>\n<meta property=\"og:description\" content=\"Omron\u00a0E5CN\/E5CN-U digitaalinen l\u00e4mp\u00f6tilans\u00e4\u00e4din OMRON_l\u00e4mp\u00f6tilan_s\u00e4\u00e4din_E5CN B\u00fcrkert\u00a0Flow Pressure Controller (magneettis\u00e4\u00e4t\u00f6venttiili) MA8624-2-EU-ML B\u00fcrkert Yleiss\u00e4\u00e4din 8611 (linkki) MA8611-Standard-EU-EN B\u00fcrkert Positioner 1067 MA1067-Standard-EU-ML B\u00fcrkert Magneettinen virtausl\u00e4hetin 8045 BURKERT_8045 MAGNEETTINEN VIRTAUSL\u00c4HETIN ABB Virtausl\u00e4hetin\u00a0FXL5000 (Miniflow) ABB_virtausl\u00e4hetin ABB Painel\u00e4hetin\u00a0261G, 261A\u00a0 ABB_261G261A_painel\u00e4hetin\" \/>\n<meta property=\"og:url\" content=\"https:\/\/blogit.gradia.fi\/sahkonet\/prosessiautomaatio\/vesiprosessi\/laitemanuaalit\/\" \/>\n<meta property=\"og:site_name\" content=\"S\u00e4hk\u00f6Net\" \/>\n<meta property=\"article:modified_time\" content=\"2016-05-22T11:09:34+00:00\" \/>\n<meta name=\"twitter:card\" content=\"summary_large_image\" \/>\n<script type=\"application\/ld+json\" class=\"yoast-schema-graph\">{\"@context\":\"https:\\\/\\\/schema.org\",\"@graph\":[{\"@type\":\"WebPage\",\"@id\":\"https:\\\/\\\/blogit.gradia.fi\\\/sahkonet\\\/prosessiautomaatio\\\/vesiprosessi\\\/laitemanuaalit\\\/\",\"url\":\"https:\\\/\\\/blogit.gradia.fi\\\/sahkonet\\\/prosessiautomaatio\\\/vesiprosessi\\\/laitemanuaalit\\\/\",\"name\":\"Laitemanuaalit - S\u00e4hk\u00f6Net\",\"isPartOf\":{\"@id\":\"https:\\\/\\\/blogit.gradia.fi\\\/sahkonet\\\/#website\"},\"datePublished\":\"2016-05-22T10:45:48+00:00\",\"dateModified\":\"2016-05-22T11:09:34+00:00\",\"breadcrumb\":{\"@id\":\"https:\\\/\\\/blogit.gradia.fi\\\/sahkonet\\\/prosessiautomaatio\\\/vesiprosessi\\\/laitemanuaalit\\\/#breadcrumb\"},\"inLanguage\":\"fi\",\"potentialAction\":[{\"@type\":\"ReadAction\",\"target\":[\"https:\\\/\\\/blogit.gradia.fi\\\/sahkonet\\\/prosessiautomaatio\\\/vesiprosessi\\\/laitemanuaalit\\\/\"]}]},{\"@type\":\"BreadcrumbList\",\"@id\":\"https:\\\/\\\/blogit.gradia.fi\\\/sahkonet\\\/prosessiautomaatio\\\/vesiprosessi\\\/laitemanuaalit\\\/#breadcrumb\",\"itemListElement\":[{\"@type\":\"ListItem\",\"position\":1,\"name\":\"Prosessiautomaatio (30 osp)\",\"item\":\"https:\\\/\\\/blogit.gradia.fi\\\/sahkonet\\\/prosessiautomaatio\\\/\"},{\"@type\":\"ListItem\",\"position\":2,\"name\":\"Vesiprosessi\",\"item\":\"https:\\\/\\\/blogit.gradia.fi\\\/sahkonet\\\/prosessiautomaatio\\\/vesiprosessi\\\/\"},{\"@type\":\"ListItem\",\"position\":3,\"name\":\"Laitemanuaalit\"}]},{\"@type\":\"WebSite\",\"@id\":\"https:\\\/\\\/blogit.gradia.fi\\\/sahkonet\\\/#website\",\"url\":\"https:\\\/\\\/blogit.gradia.fi\\\/sahkonet\\\/\",\"name\":\"S\u00e4hk\u00f6Net\",\"description\":\"S\u00e4hk\u00f6- ja automaatiotekniikan perustutkinto\",\"potentialAction\":[{\"@type\":\"SearchAction\",\"target\":{\"@type\":\"EntryPoint\",\"urlTemplate\":\"https:\\\/\\\/blogit.gradia.fi\\\/sahkonet\\\/?s={search_term_string}\"},\"query-input\":{\"@type\":\"PropertyValueSpecification\",\"valueRequired\":true,\"valueName\":\"search_term_string\"}}],\"inLanguage\":\"fi\"}]}<\/script>\n<!-- \/ Yoast SEO plugin. -->","yoast_head_json":{"title":"Laitemanuaalit - S\u00e4hk\u00f6Net","robots":{"index":"index","follow":"follow","max-snippet":"max-snippet:-1","max-image-preview":"max-image-preview:large","max-video-preview":"max-video-preview:-1"},"canonical":"https:\/\/blogit.gradia.fi\/sahkonet\/prosessiautomaatio\/vesiprosessi\/laitemanuaalit\/","og_locale":"fi_FI","og_type":"article","og_title":"Laitemanuaalit - S\u00e4hk\u00f6Net","og_description":"Omron\u00a0E5CN\/E5CN-U digitaalinen l\u00e4mp\u00f6tilans\u00e4\u00e4din OMRON_l\u00e4mp\u00f6tilan_s\u00e4\u00e4din_E5CN B\u00fcrkert\u00a0Flow Pressure Controller (magneettis\u00e4\u00e4t\u00f6venttiili) MA8624-2-EU-ML B\u00fcrkert Yleiss\u00e4\u00e4din 8611 (linkki) MA8611-Standard-EU-EN B\u00fcrkert Positioner 1067 MA1067-Standard-EU-ML B\u00fcrkert Magneettinen virtausl\u00e4hetin 8045 BURKERT_8045 MAGNEETTINEN VIRTAUSL\u00c4HETIN ABB Virtausl\u00e4hetin\u00a0FXL5000 (Miniflow) ABB_virtausl\u00e4hetin ABB Painel\u00e4hetin\u00a0261G, 261A\u00a0 ABB_261G261A_painel\u00e4hetin","og_url":"https:\/\/blogit.gradia.fi\/sahkonet\/prosessiautomaatio\/vesiprosessi\/laitemanuaalit\/","og_site_name":"S\u00e4hk\u00f6Net","article_modified_time":"2016-05-22T11:09:34+00:00","twitter_card":"summary_large_image","schema":{"@context":"https:\/\/schema.org","@graph":[{"@type":"WebPage","@id":"https:\/\/blogit.gradia.fi\/sahkonet\/prosessiautomaatio\/vesiprosessi\/laitemanuaalit\/","url":"https:\/\/blogit.gradia.fi\/sahkonet\/prosessiautomaatio\/vesiprosessi\/laitemanuaalit\/","name":"Laitemanuaalit - S\u00e4hk\u00f6Net","isPartOf":{"@id":"https:\/\/blogit.gradia.fi\/sahkonet\/#website"},"datePublished":"2016-05-22T10:45:48+00:00","dateModified":"2016-05-22T11:09:34+00:00","breadcrumb":{"@id":"https:\/\/blogit.gradia.fi\/sahkonet\/prosessiautomaatio\/vesiprosessi\/laitemanuaalit\/#breadcrumb"},"inLanguage":"fi","potentialAction":[{"@type":"ReadAction","target":["https:\/\/blogit.gradia.fi\/sahkonet\/prosessiautomaatio\/vesiprosessi\/laitemanuaalit\/"]}]},{"@type":"BreadcrumbList","@id":"https:\/\/blogit.gradia.fi\/sahkonet\/prosessiautomaatio\/vesiprosessi\/laitemanuaalit\/#breadcrumb","itemListElement":[{"@type":"ListItem","position":1,"name":"Prosessiautomaatio (30 osp)","item":"https:\/\/blogit.gradia.fi\/sahkonet\/prosessiautomaatio\/"},{"@type":"ListItem","position":2,"name":"Vesiprosessi","item":"https:\/\/blogit.gradia.fi\/sahkonet\/prosessiautomaatio\/vesiprosessi\/"},{"@type":"ListItem","position":3,"name":"Laitemanuaalit"}]},{"@type":"WebSite","@id":"https:\/\/blogit.gradia.fi\/sahkonet\/#website","url":"https:\/\/blogit.gradia.fi\/sahkonet\/","name":"S\u00e4hk\u00f6Net","description":"S\u00e4hk\u00f6- ja automaatiotekniikan perustutkinto","potentialAction":[{"@type":"SearchAction","target":{"@type":"EntryPoint","urlTemplate":"https:\/\/blogit.gradia.fi\/sahkonet\/?s={search_term_string}"},"query-input":{"@type":"PropertyValueSpecification","valueRequired":true,"valueName":"search_term_string"}}],"inLanguage":"fi"}]}},"uagb_featured_image_src":{"full":false,"thumbnail":false,"medium":false,"medium_large":false,"large":false,"1536x1536":false,"2048x2048":false,"post-thumbnail":false,"twentyfourteen-full-width":false},"uagb_author_info":{"display_name":"Pia Tolonen","author_link":"https:\/\/blogit.gradia.fi\/sahkonet\/author\/halmepia\/"},"uagb_comment_info":0,"uagb_excerpt":"Omron\u00a0E5CN\/E5CN-U digitaalinen l\u00e4mp\u00f6tilans\u00e4\u00e4din OMRON_l\u00e4mp\u00f6tilan_s\u00e4\u00e4din_E5CN B\u00fcrkert\u00a0Flow Pressure Controller (magneettis\u00e4\u00e4t\u00f6venttiili) MA8624-2-EU-ML B\u00fcrkert Yleiss\u00e4\u00e4din 8611 (linkki) MA8611-Standard-EU-EN B\u00fcrkert Positioner 1067 MA1067-Standard-EU-ML B\u00fcrkert Magneettinen virtausl\u00e4hetin 8045 BURKERT_8045 MAGNEETTINEN VIRTAUSL\u00c4HETIN ABB Virtausl\u00e4hetin\u00a0FXL5000 (Miniflow) ABB_virtausl\u00e4hetin ABB Painel\u00e4hetin\u00a0261G, 261A\u00a0 ABB_261G261A_painel\u00e4hetin","_links":{"self":[{"href":"https:\/\/blogit.gradia.fi\/sahkonet\/wp-json\/wp\/v2\/pages\/1467","targetHints":{"allow":["GET"]}}],"collection":[{"href":"https:\/\/blogit.gradia.fi\/sahkonet\/wp-json\/wp\/v2\/pages"}],"about":[{"href":"https:\/\/blogit.gradia.fi\/sahkonet\/wp-json\/wp\/v2\/types\/page"}],"author":[{"embeddable":true,"href":"https:\/\/blogit.gradia.fi\/sahkonet\/wp-json\/wp\/v2\/users\/179"}],"replies":[{"embeddable":true,"href":"https:\/\/blogit.gradia.fi\/sahkonet\/wp-json\/wp\/v2\/comments?post=1467"}],"version-history":[{"count":0,"href":"https:\/\/blogit.gradia.fi\/sahkonet\/wp-json\/wp\/v2\/pages\/1467\/revisions"}],"up":[{"embeddable":true,"href":"https:\/\/blogit.gradia.fi\/sahkonet\/wp-json\/wp\/v2\/pages\/1463"}],"wp:attachment":[{"href":"https:\/\/blogit.gradia.fi\/sahkonet\/wp-json\/wp\/v2\/media?parent=1467"}],"curies":[{"name":"wp","href":"https:\/\/api.w.org\/{rel}","templated":true}]}}