{"id":1381,"date":"2016-02-10T20:37:10","date_gmt":"2016-02-10T18:37:10","guid":{"rendered":"https:\/\/blogit.gradia.fi\/sahkonet\/?page_id=1381"},"modified":"2016-02-10T22:20:26","modified_gmt":"2016-02-10T20:20:26","slug":"5-ledin-himmennys","status":"publish","type":"page","link":"https:\/\/blogit.gradia.fi\/sahkonet\/kiinteistoautomaatio\/raspberry-pi-harjoitukset\/5-ledin-himmennys\/","title":{"rendered":"5. Ledin himmennys"},"content":{"rendered":"<p>T\u00e4ss\u00e4 harjoituksessa himmenn\u00e4mme aikaisemmassa harjoituksessa kytkem\u00e4\u00e4mme ledi\u00e4. Ensin lis\u00e4\u00e4mme toisen kytkimen. Tarvitsemme siis kytkent\u00e4\u00e4n<\/p>\n<ul>\n<li>liitinjohtoja<\/li>\n<li>4,7k\u03a9 vastuksen<\/li>\n<li>painonapin<\/li>\n<\/ul>\n<p>Tee alla olevan kuvan mukainen kytkent\u00e4. Siin\u00e4 siis painonapit on kytketty seuraavasti:<\/p>\n<ul>\n<li>painonappi 1, GPIO17, pin 11, input<\/li>\n<li>painonappi 2, GPIO23, pin 16, input<\/li>\n<li>led, GPIO18, pin 12, output<\/li>\n<\/ul>\n<p><img loading=\"lazy\" decoding=\"async\" class=\"alignnone size-full wp-image-1382\" src=\"https:\/\/blogit.gradia.fi\/sahkonet\/wp-content\/uploads\/sites\/80\/2016\/02\/teht\u00e4v\u00e45_ledhimmennys_bb.png\" alt=\"teht\u00e4v\u00e45_ledhimmennys_bb\" width=\"1755\" height=\"1392\" srcset=\"https:\/\/blogit.gradia.fi\/sahkonet\/wp-content\/uploads\/sites\/80\/2016\/02\/teht\u00e4v\u00e45_ledhimmennys_bb.png 1755w, https:\/\/blogit.gradia.fi\/sahkonet\/wp-content\/uploads\/sites\/80\/2016\/02\/teht\u00e4v\u00e45_ledhimmennys_bb-300x238.png 300w, https:\/\/blogit.gradia.fi\/sahkonet\/wp-content\/uploads\/sites\/80\/2016\/02\/teht\u00e4v\u00e45_ledhimmennys_bb-768x609.png 768w, https:\/\/blogit.gradia.fi\/sahkonet\/wp-content\/uploads\/sites\/80\/2016\/02\/teht\u00e4v\u00e45_ledhimmennys_bb-1024x812.png 1024w\" sizes=\"auto, (max-width: 1755px) 100vw, 1755px\" \/><\/p>\n<p>Lis\u00e4\u00e4 Python-ohjelma himmennys.py kansioon \/home\/pi\/Python-ohjelmat\/<\/p>\n<pre class=\" language-bash\"><code class=\" language-bash\">sudo nano himmennys<span class=\"token punctuation\">.<\/span>php<\/code><\/pre>\n<p>Kirjoita alla oleva koodi<\/p>\n<p><a href=\"https:\/\/blogit.gradia.fi\/sahkonet\/wp-content\/uploads\/sites\/80\/2016\/02\/kuva5-1-2.png\" rel=\"attachment wp-att-1383\"><img loading=\"lazy\" decoding=\"async\" class=\"alignnone wp-image-1388 size-full\" src=\"https:\/\/blogit.gradia.fi\/sahkonet\/wp-content\/uploads\/sites\/80\/2016\/02\/kuva5-1-2.png\" alt=\"\" width=\"641\" height=\"717\" srcset=\"https:\/\/blogit.gradia.fi\/sahkonet\/wp-content\/uploads\/sites\/80\/2016\/02\/kuva5-1-2.png 641w, https:\/\/blogit.gradia.fi\/sahkonet\/wp-content\/uploads\/sites\/80\/2016\/02\/kuva5-1-2-268x300.png 268w\" sizes=\"auto, (max-width: 641px) 100vw, 641px\" \/><\/a><\/p>\n<p>Kirjoitettuasi ohjelman tallenna se ctrl+o ja paina enteri\u00e4 kun nano kysyy vahvistusta tiedostonimelle\u00a0<em>File Name to Write: himmennys.py<\/em><\/p>\n<p>Voit poistua ohjelmasta ctrl+x.<\/p>\n<p>Kokeillaan ohjelman ajamista antamalla Terminalissa komento<\/p>\n<pre>sudo python himmennys.py<\/pre>\n<p>Painamalla nappeja ledin pit\u00e4isi kirkastua ja himenty\u00e4.<\/p>\n<p>&nbsp;<\/p>\n","protected":false},"excerpt":{"rendered":"<p>T\u00e4ss\u00e4 harjoituksessa himmenn\u00e4mme aikaisemmassa harjoituksessa kytkem\u00e4\u00e4mme ledi\u00e4. Ensin lis\u00e4\u00e4mme toisen kytkimen. Tarvitsemme siis kytkent\u00e4\u00e4n liitinjohtoja 4,7k\u03a9 vastuksen painonapin Tee alla olevan kuvan mukainen kytkent\u00e4. Siin\u00e4 siis painonapit on kytketty seuraavasti: painonappi 1, GPIO17, pin 11, input painonappi 2, GPIO23, pin 16, input led, GPIO18, pin 12, output Lis\u00e4\u00e4 Python-ohjelma himmennys.py kansioon \/home\/pi\/Python-ohjelmat\/ sudo nano himmennys.php &hellip; <a href=\"https:\/\/blogit.gradia.fi\/sahkonet\/kiinteistoautomaatio\/raspberry-pi-harjoitukset\/5-ledin-himmennys\/\" class=\"more-link\">Jatka lukemista <span class=\"screen-reader-text\">5. Ledin himmennys<\/span> <span class=\"meta-nav\">&rarr;<\/span><\/a><\/p>\n","protected":false},"author":179,"featured_media":0,"parent":1320,"menu_order":5,"comment_status":"closed","ping_status":"closed","template":"","meta":{"_uag_custom_page_level_css":"","footnotes":""},"class_list":["post-1381","page","type-page","status-publish","hentry"],"yoast_head":"<!-- This site is optimized with the Yoast SEO plugin v27.4 - https:\/\/yoast.com\/product\/yoast-seo-wordpress\/ -->\n<title>5. Ledin himmennys - S\u00e4hk\u00f6Net<\/title>\n<meta name=\"robots\" content=\"index, follow, max-snippet:-1, max-image-preview:large, max-video-preview:-1\" \/>\n<link rel=\"canonical\" href=\"https:\/\/blogit.gradia.fi\/sahkonet\/kiinteistoautomaatio\/raspberry-pi-harjoitukset\/5-ledin-himmennys\/\" \/>\n<meta property=\"og:locale\" content=\"fi_FI\" \/>\n<meta property=\"og:type\" content=\"article\" \/>\n<meta property=\"og:title\" content=\"5. Ledin himmennys - S\u00e4hk\u00f6Net\" \/>\n<meta property=\"og:description\" content=\"T\u00e4ss\u00e4 harjoituksessa himmenn\u00e4mme aikaisemmassa harjoituksessa kytkem\u00e4\u00e4mme ledi\u00e4. Ensin lis\u00e4\u00e4mme toisen kytkimen. Tarvitsemme siis kytkent\u00e4\u00e4n liitinjohtoja 4,7k\u03a9 vastuksen painonapin Tee alla olevan kuvan mukainen kytkent\u00e4. Siin\u00e4 siis painonapit on kytketty seuraavasti: painonappi 1, GPIO17, pin 11, input painonappi 2, GPIO23, pin 16, input led, GPIO18, pin 12, output Lis\u00e4\u00e4 Python-ohjelma himmennys.py kansioon \/home\/pi\/Python-ohjelmat\/ sudo nano himmennys.php &hellip; Jatka lukemista 5. Ledin himmennys &rarr;\" \/>\n<meta property=\"og:url\" content=\"https:\/\/blogit.gradia.fi\/sahkonet\/kiinteistoautomaatio\/raspberry-pi-harjoitukset\/5-ledin-himmennys\/\" \/>\n<meta property=\"og:site_name\" content=\"S\u00e4hk\u00f6Net\" \/>\n<meta property=\"article:modified_time\" content=\"2016-02-10T20:20:26+00:00\" \/>\n<meta property=\"og:image\" content=\"https:\/\/blogit.gradia.fi\/sahkonet\/wp-content\/uploads\/sites\/80\/2016\/02\/teht\u00e4v\u00e45_ledhimmennys_bb.png\" \/>\n<meta name=\"twitter:card\" content=\"summary_large_image\" \/>\n<meta name=\"twitter:label1\" content=\"Arvioitu lukuaika\" \/>\n\t<meta name=\"twitter:data1\" content=\"1 minuutti\" \/>\n<script type=\"application\/ld+json\" class=\"yoast-schema-graph\">{\"@context\":\"https:\\\/\\\/schema.org\",\"@graph\":[{\"@type\":\"WebPage\",\"@id\":\"https:\\\/\\\/blogit.gradia.fi\\\/sahkonet\\\/kiinteistoautomaatio\\\/raspberry-pi-harjoitukset\\\/5-ledin-himmennys\\\/\",\"url\":\"https:\\\/\\\/blogit.gradia.fi\\\/sahkonet\\\/kiinteistoautomaatio\\\/raspberry-pi-harjoitukset\\\/5-ledin-himmennys\\\/\",\"name\":\"5. Ledin himmennys - S\u00e4hk\u00f6Net\",\"isPartOf\":{\"@id\":\"https:\\\/\\\/blogit.gradia.fi\\\/sahkonet\\\/#website\"},\"primaryImageOfPage\":{\"@id\":\"https:\\\/\\\/blogit.gradia.fi\\\/sahkonet\\\/kiinteistoautomaatio\\\/raspberry-pi-harjoitukset\\\/5-ledin-himmennys\\\/#primaryimage\"},\"image\":{\"@id\":\"https:\\\/\\\/blogit.gradia.fi\\\/sahkonet\\\/kiinteistoautomaatio\\\/raspberry-pi-harjoitukset\\\/5-ledin-himmennys\\\/#primaryimage\"},\"thumbnailUrl\":\"https:\\\/\\\/blogit.gradia.fi\\\/sahkonet\\\/wp-content\\\/uploads\\\/sites\\\/80\\\/2016\\\/02\\\/kuva5-1-2.png\",\"datePublished\":\"2016-02-10T18:37:10+00:00\",\"dateModified\":\"2016-02-10T20:20:26+00:00\",\"breadcrumb\":{\"@id\":\"https:\\\/\\\/blogit.gradia.fi\\\/sahkonet\\\/kiinteistoautomaatio\\\/raspberry-pi-harjoitukset\\\/5-ledin-himmennys\\\/#breadcrumb\"},\"inLanguage\":\"fi\",\"potentialAction\":[{\"@type\":\"ReadAction\",\"target\":[\"https:\\\/\\\/blogit.gradia.fi\\\/sahkonet\\\/kiinteistoautomaatio\\\/raspberry-pi-harjoitukset\\\/5-ledin-himmennys\\\/\"]}]},{\"@type\":\"ImageObject\",\"inLanguage\":\"fi\",\"@id\":\"https:\\\/\\\/blogit.gradia.fi\\\/sahkonet\\\/kiinteistoautomaatio\\\/raspberry-pi-harjoitukset\\\/5-ledin-himmennys\\\/#primaryimage\",\"url\":\"https:\\\/\\\/blogit.gradia.fi\\\/sahkonet\\\/wp-content\\\/uploads\\\/sites\\\/80\\\/2016\\\/02\\\/kuva5-1-2.png\",\"contentUrl\":\"https:\\\/\\\/blogit.gradia.fi\\\/sahkonet\\\/wp-content\\\/uploads\\\/sites\\\/80\\\/2016\\\/02\\\/kuva5-1-2.png\",\"width\":641,\"height\":717},{\"@type\":\"BreadcrumbList\",\"@id\":\"https:\\\/\\\/blogit.gradia.fi\\\/sahkonet\\\/kiinteistoautomaatio\\\/raspberry-pi-harjoitukset\\\/5-ledin-himmennys\\\/#breadcrumb\",\"itemListElement\":[{\"@type\":\"ListItem\",\"position\":1,\"name\":\"Kiinteist\u00f6jen automaatio- ja tietoj\u00e4rjestelm\u00e4t (30 osp)\",\"item\":\"https:\\\/\\\/blogit.gradia.fi\\\/sahkonet\\\/kiinteistoautomaatio\\\/\"},{\"@type\":\"ListItem\",\"position\":2,\"name\":\"Raspberry Pi -harjoitukset\",\"item\":\"https:\\\/\\\/blogit.gradia.fi\\\/sahkonet\\\/kiinteistoautomaatio\\\/raspberry-pi-harjoitukset\\\/\"},{\"@type\":\"ListItem\",\"position\":3,\"name\":\"5. Ledin himmennys\"}]},{\"@type\":\"WebSite\",\"@id\":\"https:\\\/\\\/blogit.gradia.fi\\\/sahkonet\\\/#website\",\"url\":\"https:\\\/\\\/blogit.gradia.fi\\\/sahkonet\\\/\",\"name\":\"S\u00e4hk\u00f6Net\",\"description\":\"S\u00e4hk\u00f6- ja automaatiotekniikan perustutkinto\",\"potentialAction\":[{\"@type\":\"SearchAction\",\"target\":{\"@type\":\"EntryPoint\",\"urlTemplate\":\"https:\\\/\\\/blogit.gradia.fi\\\/sahkonet\\\/?s={search_term_string}\"},\"query-input\":{\"@type\":\"PropertyValueSpecification\",\"valueRequired\":true,\"valueName\":\"search_term_string\"}}],\"inLanguage\":\"fi\"}]}<\/script>\n<!-- \/ Yoast SEO plugin. -->","yoast_head_json":{"title":"5. Ledin himmennys - S\u00e4hk\u00f6Net","robots":{"index":"index","follow":"follow","max-snippet":"max-snippet:-1","max-image-preview":"max-image-preview:large","max-video-preview":"max-video-preview:-1"},"canonical":"https:\/\/blogit.gradia.fi\/sahkonet\/kiinteistoautomaatio\/raspberry-pi-harjoitukset\/5-ledin-himmennys\/","og_locale":"fi_FI","og_type":"article","og_title":"5. Ledin himmennys - S\u00e4hk\u00f6Net","og_description":"T\u00e4ss\u00e4 harjoituksessa himmenn\u00e4mme aikaisemmassa harjoituksessa kytkem\u00e4\u00e4mme ledi\u00e4. Ensin lis\u00e4\u00e4mme toisen kytkimen. Tarvitsemme siis kytkent\u00e4\u00e4n liitinjohtoja 4,7k\u03a9 vastuksen painonapin Tee alla olevan kuvan mukainen kytkent\u00e4. Siin\u00e4 siis painonapit on kytketty seuraavasti: painonappi 1, GPIO17, pin 11, input painonappi 2, GPIO23, pin 16, input led, GPIO18, pin 12, output Lis\u00e4\u00e4 Python-ohjelma himmennys.py kansioon \/home\/pi\/Python-ohjelmat\/ sudo nano himmennys.php &hellip; Jatka lukemista 5. Ledin himmennys &rarr;","og_url":"https:\/\/blogit.gradia.fi\/sahkonet\/kiinteistoautomaatio\/raspberry-pi-harjoitukset\/5-ledin-himmennys\/","og_site_name":"S\u00e4hk\u00f6Net","article_modified_time":"2016-02-10T20:20:26+00:00","og_image":[{"url":"https:\/\/blogit.gradia.fi\/sahkonet\/wp-content\/uploads\/sites\/80\/2016\/02\/teht\u00e4v\u00e45_ledhimmennys_bb.png","type":"","width":"","height":""}],"twitter_card":"summary_large_image","twitter_misc":{"Arvioitu lukuaika":"1 minuutti"},"schema":{"@context":"https:\/\/schema.org","@graph":[{"@type":"WebPage","@id":"https:\/\/blogit.gradia.fi\/sahkonet\/kiinteistoautomaatio\/raspberry-pi-harjoitukset\/5-ledin-himmennys\/","url":"https:\/\/blogit.gradia.fi\/sahkonet\/kiinteistoautomaatio\/raspberry-pi-harjoitukset\/5-ledin-himmennys\/","name":"5. Ledin himmennys - S\u00e4hk\u00f6Net","isPartOf":{"@id":"https:\/\/blogit.gradia.fi\/sahkonet\/#website"},"primaryImageOfPage":{"@id":"https:\/\/blogit.gradia.fi\/sahkonet\/kiinteistoautomaatio\/raspberry-pi-harjoitukset\/5-ledin-himmennys\/#primaryimage"},"image":{"@id":"https:\/\/blogit.gradia.fi\/sahkonet\/kiinteistoautomaatio\/raspberry-pi-harjoitukset\/5-ledin-himmennys\/#primaryimage"},"thumbnailUrl":"https:\/\/blogit.gradia.fi\/sahkonet\/wp-content\/uploads\/sites\/80\/2016\/02\/kuva5-1-2.png","datePublished":"2016-02-10T18:37:10+00:00","dateModified":"2016-02-10T20:20:26+00:00","breadcrumb":{"@id":"https:\/\/blogit.gradia.fi\/sahkonet\/kiinteistoautomaatio\/raspberry-pi-harjoitukset\/5-ledin-himmennys\/#breadcrumb"},"inLanguage":"fi","potentialAction":[{"@type":"ReadAction","target":["https:\/\/blogit.gradia.fi\/sahkonet\/kiinteistoautomaatio\/raspberry-pi-harjoitukset\/5-ledin-himmennys\/"]}]},{"@type":"ImageObject","inLanguage":"fi","@id":"https:\/\/blogit.gradia.fi\/sahkonet\/kiinteistoautomaatio\/raspberry-pi-harjoitukset\/5-ledin-himmennys\/#primaryimage","url":"https:\/\/blogit.gradia.fi\/sahkonet\/wp-content\/uploads\/sites\/80\/2016\/02\/kuva5-1-2.png","contentUrl":"https:\/\/blogit.gradia.fi\/sahkonet\/wp-content\/uploads\/sites\/80\/2016\/02\/kuva5-1-2.png","width":641,"height":717},{"@type":"BreadcrumbList","@id":"https:\/\/blogit.gradia.fi\/sahkonet\/kiinteistoautomaatio\/raspberry-pi-harjoitukset\/5-ledin-himmennys\/#breadcrumb","itemListElement":[{"@type":"ListItem","position":1,"name":"Kiinteist\u00f6jen automaatio- ja tietoj\u00e4rjestelm\u00e4t (30 osp)","item":"https:\/\/blogit.gradia.fi\/sahkonet\/kiinteistoautomaatio\/"},{"@type":"ListItem","position":2,"name":"Raspberry Pi -harjoitukset","item":"https:\/\/blogit.gradia.fi\/sahkonet\/kiinteistoautomaatio\/raspberry-pi-harjoitukset\/"},{"@type":"ListItem","position":3,"name":"5. Ledin himmennys"}]},{"@type":"WebSite","@id":"https:\/\/blogit.gradia.fi\/sahkonet\/#website","url":"https:\/\/blogit.gradia.fi\/sahkonet\/","name":"S\u00e4hk\u00f6Net","description":"S\u00e4hk\u00f6- ja automaatiotekniikan perustutkinto","potentialAction":[{"@type":"SearchAction","target":{"@type":"EntryPoint","urlTemplate":"https:\/\/blogit.gradia.fi\/sahkonet\/?s={search_term_string}"},"query-input":{"@type":"PropertyValueSpecification","valueRequired":true,"valueName":"search_term_string"}}],"inLanguage":"fi"}]}},"uagb_featured_image_src":{"full":false,"thumbnail":false,"medium":false,"medium_large":false,"large":false,"1536x1536":false,"2048x2048":false,"post-thumbnail":false,"twentyfourteen-full-width":false},"uagb_author_info":{"display_name":"Pia Tolonen","author_link":"https:\/\/blogit.gradia.fi\/sahkonet\/author\/halmepia\/"},"uagb_comment_info":0,"uagb_excerpt":"T\u00e4ss\u00e4 harjoituksessa himmenn\u00e4mme aikaisemmassa harjoituksessa kytkem\u00e4\u00e4mme ledi\u00e4. Ensin lis\u00e4\u00e4mme toisen kytkimen. Tarvitsemme siis kytkent\u00e4\u00e4n liitinjohtoja 4,7k\u03a9 vastuksen painonapin Tee alla olevan kuvan mukainen kytkent\u00e4. Siin\u00e4 siis painonapit on kytketty seuraavasti: painonappi 1, GPIO17, pin 11, input painonappi 2, GPIO23, pin 16, input led, GPIO18, pin 12, output Lis\u00e4\u00e4 Python-ohjelma himmennys.py kansioon \/home\/pi\/Python-ohjelmat\/ sudo nano himmennys.php&hellip;","_links":{"self":[{"href":"https:\/\/blogit.gradia.fi\/sahkonet\/wp-json\/wp\/v2\/pages\/1381","targetHints":{"allow":["GET"]}}],"collection":[{"href":"https:\/\/blogit.gradia.fi\/sahkonet\/wp-json\/wp\/v2\/pages"}],"about":[{"href":"https:\/\/blogit.gradia.fi\/sahkonet\/wp-json\/wp\/v2\/types\/page"}],"author":[{"embeddable":true,"href":"https:\/\/blogit.gradia.fi\/sahkonet\/wp-json\/wp\/v2\/users\/179"}],"replies":[{"embeddable":true,"href":"https:\/\/blogit.gradia.fi\/sahkonet\/wp-json\/wp\/v2\/comments?post=1381"}],"version-history":[{"count":0,"href":"https:\/\/blogit.gradia.fi\/sahkonet\/wp-json\/wp\/v2\/pages\/1381\/revisions"}],"up":[{"embeddable":true,"href":"https:\/\/blogit.gradia.fi\/sahkonet\/wp-json\/wp\/v2\/pages\/1320"}],"wp:attachment":[{"href":"https:\/\/blogit.gradia.fi\/sahkonet\/wp-json\/wp\/v2\/media?parent=1381"}],"curies":[{"name":"wp","href":"https:\/\/api.w.org\/{rel}","templated":true}]}}