{"id":1356,"date":"2016-02-07T15:49:17","date_gmt":"2016-02-07T13:49:17","guid":{"rendered":"https:\/\/blogit.gradia.fi\/sahkonet\/?page_id=1356"},"modified":"2016-02-07T19:48:08","modified_gmt":"2016-02-07T17:48:08","slug":"3-led-ohjaus","status":"publish","type":"page","link":"https:\/\/blogit.gradia.fi\/sahkonet\/kiinteistoautomaatio\/raspberry-pi-harjoitukset\/3-led-ohjaus\/","title":{"rendered":"3. Led-ohjaus"},"content":{"rendered":"<p>Jatkoksi ensimm\u00e4iseen Python-ohjelmaan, jossa k\u00e4ytet\u00e4\u00e4n GPIO-inputtia, jatkamme harjoitusta ohjaamalla INPUTin tiedolla OUTPUTiksi m\u00e4\u00e4ritelt\u00e4v\u00e4\u00e4 GPIO-pinni\u00e4.<\/p>\n<p>Tee alla olevan kuvan mukainen kytkent\u00e4 eli lis\u00e4\u00e4 led ja sen ohjaus. Tarvitset:<\/p>\n<ul>\n<li>100\u03a9 vastuksen<\/li>\n<li>lis\u00e4\u00e4 kytkent\u00e4lankoja<\/li>\n<li>ledin<\/li>\n<\/ul>\n<p><img loading=\"lazy\" decoding=\"async\" class=\"alignnone size-full wp-image-1357\" src=\"https:\/\/blogit.gradia.fi\/sahkonet\/wp-content\/uploads\/sites\/80\/2016\/02\/teht\u00e4v\u00e43_ledvilkku_bb.png\" alt=\"teht\u00e4v\u00e43_ledvilkku_bb\" width=\"1755\" height=\"1392\" srcset=\"https:\/\/blogit.gradia.fi\/sahkonet\/wp-content\/uploads\/sites\/80\/2016\/02\/teht\u00e4v\u00e43_ledvilkku_bb.png 1755w, https:\/\/blogit.gradia.fi\/sahkonet\/wp-content\/uploads\/sites\/80\/2016\/02\/teht\u00e4v\u00e43_ledvilkku_bb-300x238.png 300w, https:\/\/blogit.gradia.fi\/sahkonet\/wp-content\/uploads\/sites\/80\/2016\/02\/teht\u00e4v\u00e43_ledvilkku_bb-768x609.png 768w, https:\/\/blogit.gradia.fi\/sahkonet\/wp-content\/uploads\/sites\/80\/2016\/02\/teht\u00e4v\u00e43_ledvilkku_bb-1024x812.png 1024w\" sizes=\"auto, (max-width: 1755px) 100vw, 1755px\" \/><\/p>\n<p>Piirikaaviona OUTPUT-kytkent\u00e4 ledille n\u00e4ytt\u00e4\u00e4 t\u00e4lt\u00e4.<\/p>\n<p><img loading=\"lazy\" decoding=\"async\" class=\"alignnone size-full wp-image-1360\" src=\"https:\/\/blogit.gradia.fi\/sahkonet\/wp-content\/uploads\/sites\/80\/2016\/02\/kuva3-1.png\" alt=\"kuva3-1\" width=\"169\" height=\"437\" srcset=\"https:\/\/blogit.gradia.fi\/sahkonet\/wp-content\/uploads\/sites\/80\/2016\/02\/kuva3-1.png 169w, https:\/\/blogit.gradia.fi\/sahkonet\/wp-content\/uploads\/sites\/80\/2016\/02\/kuva3-1-116x300.png 116w\" sizes=\"auto, (max-width: 169px) 100vw, 169px\" \/><\/p>\n<p>Tehd\u00e4\u00e4n ohjelma. Avaa terminaali ja siirry kansioon Python-ohjelmat. Suorita komento:<\/p>\n<pre>sudo nano ledvilkku.py<\/pre>\n<p>Kirjoita alla oleva koodi<\/p>\n<p><img loading=\"lazy\" decoding=\"async\" class=\"alignnone size-full wp-image-1361\" src=\"https:\/\/blogit.gradia.fi\/sahkonet\/wp-content\/uploads\/sites\/80\/2016\/02\/kuva3-2.png\" alt=\"kuva3-2\" width=\"639\" height=\"608\" srcset=\"https:\/\/blogit.gradia.fi\/sahkonet\/wp-content\/uploads\/sites\/80\/2016\/02\/kuva3-2.png 639w, https:\/\/blogit.gradia.fi\/sahkonet\/wp-content\/uploads\/sites\/80\/2016\/02\/kuva3-2-300x285.png 300w\" sizes=\"auto, (max-width: 639px) 100vw, 639px\" \/><\/p>\n<p>Kirjoitettuasi ohjelman tallenna se ctrl+o ja paina enteri\u00e4 kun nano kysyy vahvistusta tiedostonimelle\u00a0<em>File Name to Write: ledvilkku.py<\/em><\/p>\n<p>Voit poistua ohjelmasta ctrl+x.<\/p>\n<p>Kokeillaan ohjelman ajamista antamalla Terminalissa komento<\/p>\n<pre>sudo python ledvilkku.py<\/pre>\n<p>Testaa nappia painamalla miten ohjelma toimii.<\/p>\n<p>&nbsp;<\/p>\n<p>&nbsp;<\/p>\n","protected":false},"excerpt":{"rendered":"<p>Jatkoksi ensimm\u00e4iseen Python-ohjelmaan, jossa k\u00e4ytet\u00e4\u00e4n GPIO-inputtia, jatkamme harjoitusta ohjaamalla INPUTin tiedolla OUTPUTiksi m\u00e4\u00e4ritelt\u00e4v\u00e4\u00e4 GPIO-pinni\u00e4. Tee alla olevan kuvan mukainen kytkent\u00e4 eli lis\u00e4\u00e4 led ja sen ohjaus. Tarvitset: 100\u03a9 vastuksen lis\u00e4\u00e4 kytkent\u00e4lankoja ledin Piirikaaviona OUTPUT-kytkent\u00e4 ledille n\u00e4ytt\u00e4\u00e4 t\u00e4lt\u00e4. Tehd\u00e4\u00e4n ohjelma. Avaa terminaali ja siirry kansioon Python-ohjelmat. Suorita komento: sudo nano ledvilkku.py Kirjoita alla oleva koodi Kirjoitettuasi &hellip; <a href=\"https:\/\/blogit.gradia.fi\/sahkonet\/kiinteistoautomaatio\/raspberry-pi-harjoitukset\/3-led-ohjaus\/\" class=\"more-link\">Jatka lukemista <span class=\"screen-reader-text\">3. Led-ohjaus<\/span> <span class=\"meta-nav\">&rarr;<\/span><\/a><\/p>\n","protected":false},"author":179,"featured_media":0,"parent":1320,"menu_order":3,"comment_status":"closed","ping_status":"closed","template":"","meta":{"_uag_custom_page_level_css":"","footnotes":""},"class_list":["post-1356","page","type-page","status-publish","hentry"],"yoast_head":"<!-- This site is optimized with the Yoast SEO plugin v27.4 - https:\/\/yoast.com\/product\/yoast-seo-wordpress\/ -->\n<title>3. Led-ohjaus - S\u00e4hk\u00f6Net<\/title>\n<meta name=\"robots\" content=\"index, follow, max-snippet:-1, max-image-preview:large, max-video-preview:-1\" \/>\n<link rel=\"canonical\" href=\"https:\/\/blogit.gradia.fi\/sahkonet\/kiinteistoautomaatio\/raspberry-pi-harjoitukset\/3-led-ohjaus\/\" \/>\n<meta property=\"og:locale\" content=\"fi_FI\" \/>\n<meta property=\"og:type\" content=\"article\" \/>\n<meta property=\"og:title\" content=\"3. Led-ohjaus - S\u00e4hk\u00f6Net\" \/>\n<meta property=\"og:description\" content=\"Jatkoksi ensimm\u00e4iseen Python-ohjelmaan, jossa k\u00e4ytet\u00e4\u00e4n GPIO-inputtia, jatkamme harjoitusta ohjaamalla INPUTin tiedolla OUTPUTiksi m\u00e4\u00e4ritelt\u00e4v\u00e4\u00e4 GPIO-pinni\u00e4. Tee alla olevan kuvan mukainen kytkent\u00e4 eli lis\u00e4\u00e4 led ja sen ohjaus. Tarvitset: 100\u03a9 vastuksen lis\u00e4\u00e4 kytkent\u00e4lankoja ledin Piirikaaviona OUTPUT-kytkent\u00e4 ledille n\u00e4ytt\u00e4\u00e4 t\u00e4lt\u00e4. Tehd\u00e4\u00e4n ohjelma. Avaa terminaali ja siirry kansioon Python-ohjelmat. Suorita komento: sudo nano ledvilkku.py Kirjoita alla oleva koodi Kirjoitettuasi &hellip; Jatka lukemista 3. Led-ohjaus &rarr;\" \/>\n<meta property=\"og:url\" content=\"https:\/\/blogit.gradia.fi\/sahkonet\/kiinteistoautomaatio\/raspberry-pi-harjoitukset\/3-led-ohjaus\/\" \/>\n<meta property=\"og:site_name\" content=\"S\u00e4hk\u00f6Net\" \/>\n<meta property=\"article:modified_time\" content=\"2016-02-07T17:48:08+00:00\" \/>\n<meta property=\"og:image\" content=\"https:\/\/blogit.gradia.fi\/sahkonet\/wp-content\/uploads\/sites\/80\/2016\/02\/teht\u00e4v\u00e43_ledvilkku_bb.png\" \/>\n<meta name=\"twitter:card\" content=\"summary_large_image\" \/>\n<meta name=\"twitter:label1\" content=\"Arvioitu lukuaika\" \/>\n\t<meta name=\"twitter:data1\" content=\"1 minuutti\" \/>\n<script type=\"application\/ld+json\" class=\"yoast-schema-graph\">{\"@context\":\"https:\\\/\\\/schema.org\",\"@graph\":[{\"@type\":\"WebPage\",\"@id\":\"https:\\\/\\\/blogit.gradia.fi\\\/sahkonet\\\/kiinteistoautomaatio\\\/raspberry-pi-harjoitukset\\\/3-led-ohjaus\\\/\",\"url\":\"https:\\\/\\\/blogit.gradia.fi\\\/sahkonet\\\/kiinteistoautomaatio\\\/raspberry-pi-harjoitukset\\\/3-led-ohjaus\\\/\",\"name\":\"3. Led-ohjaus - S\u00e4hk\u00f6Net\",\"isPartOf\":{\"@id\":\"https:\\\/\\\/blogit.gradia.fi\\\/sahkonet\\\/#website\"},\"primaryImageOfPage\":{\"@id\":\"https:\\\/\\\/blogit.gradia.fi\\\/sahkonet\\\/kiinteistoautomaatio\\\/raspberry-pi-harjoitukset\\\/3-led-ohjaus\\\/#primaryimage\"},\"image\":{\"@id\":\"https:\\\/\\\/blogit.gradia.fi\\\/sahkonet\\\/kiinteistoautomaatio\\\/raspberry-pi-harjoitukset\\\/3-led-ohjaus\\\/#primaryimage\"},\"thumbnailUrl\":\"https:\\\/\\\/blogit.gradia.fi\\\/sahkonet\\\/wp-content\\\/uploads\\\/sites\\\/80\\\/2016\\\/02\\\/kuva3-1.png\",\"datePublished\":\"2016-02-07T13:49:17+00:00\",\"dateModified\":\"2016-02-07T17:48:08+00:00\",\"breadcrumb\":{\"@id\":\"https:\\\/\\\/blogit.gradia.fi\\\/sahkonet\\\/kiinteistoautomaatio\\\/raspberry-pi-harjoitukset\\\/3-led-ohjaus\\\/#breadcrumb\"},\"inLanguage\":\"fi\",\"potentialAction\":[{\"@type\":\"ReadAction\",\"target\":[\"https:\\\/\\\/blogit.gradia.fi\\\/sahkonet\\\/kiinteistoautomaatio\\\/raspberry-pi-harjoitukset\\\/3-led-ohjaus\\\/\"]}]},{\"@type\":\"ImageObject\",\"inLanguage\":\"fi\",\"@id\":\"https:\\\/\\\/blogit.gradia.fi\\\/sahkonet\\\/kiinteistoautomaatio\\\/raspberry-pi-harjoitukset\\\/3-led-ohjaus\\\/#primaryimage\",\"url\":\"https:\\\/\\\/blogit.gradia.fi\\\/sahkonet\\\/wp-content\\\/uploads\\\/sites\\\/80\\\/2016\\\/02\\\/kuva3-1.png\",\"contentUrl\":\"https:\\\/\\\/blogit.gradia.fi\\\/sahkonet\\\/wp-content\\\/uploads\\\/sites\\\/80\\\/2016\\\/02\\\/kuva3-1.png\",\"width\":169,\"height\":437},{\"@type\":\"BreadcrumbList\",\"@id\":\"https:\\\/\\\/blogit.gradia.fi\\\/sahkonet\\\/kiinteistoautomaatio\\\/raspberry-pi-harjoitukset\\\/3-led-ohjaus\\\/#breadcrumb\",\"itemListElement\":[{\"@type\":\"ListItem\",\"position\":1,\"name\":\"Kiinteist\u00f6jen automaatio- ja tietoj\u00e4rjestelm\u00e4t (30 osp)\",\"item\":\"https:\\\/\\\/blogit.gradia.fi\\\/sahkonet\\\/kiinteistoautomaatio\\\/\"},{\"@type\":\"ListItem\",\"position\":2,\"name\":\"Raspberry Pi -harjoitukset\",\"item\":\"https:\\\/\\\/blogit.gradia.fi\\\/sahkonet\\\/kiinteistoautomaatio\\\/raspberry-pi-harjoitukset\\\/\"},{\"@type\":\"ListItem\",\"position\":3,\"name\":\"3. Led-ohjaus\"}]},{\"@type\":\"WebSite\",\"@id\":\"https:\\\/\\\/blogit.gradia.fi\\\/sahkonet\\\/#website\",\"url\":\"https:\\\/\\\/blogit.gradia.fi\\\/sahkonet\\\/\",\"name\":\"S\u00e4hk\u00f6Net\",\"description\":\"S\u00e4hk\u00f6- ja automaatiotekniikan perustutkinto\",\"potentialAction\":[{\"@type\":\"SearchAction\",\"target\":{\"@type\":\"EntryPoint\",\"urlTemplate\":\"https:\\\/\\\/blogit.gradia.fi\\\/sahkonet\\\/?s={search_term_string}\"},\"query-input\":{\"@type\":\"PropertyValueSpecification\",\"valueRequired\":true,\"valueName\":\"search_term_string\"}}],\"inLanguage\":\"fi\"}]}<\/script>\n<!-- \/ Yoast SEO plugin. -->","yoast_head_json":{"title":"3. Led-ohjaus - S\u00e4hk\u00f6Net","robots":{"index":"index","follow":"follow","max-snippet":"max-snippet:-1","max-image-preview":"max-image-preview:large","max-video-preview":"max-video-preview:-1"},"canonical":"https:\/\/blogit.gradia.fi\/sahkonet\/kiinteistoautomaatio\/raspberry-pi-harjoitukset\/3-led-ohjaus\/","og_locale":"fi_FI","og_type":"article","og_title":"3. Led-ohjaus - S\u00e4hk\u00f6Net","og_description":"Jatkoksi ensimm\u00e4iseen Python-ohjelmaan, jossa k\u00e4ytet\u00e4\u00e4n GPIO-inputtia, jatkamme harjoitusta ohjaamalla INPUTin tiedolla OUTPUTiksi m\u00e4\u00e4ritelt\u00e4v\u00e4\u00e4 GPIO-pinni\u00e4. Tee alla olevan kuvan mukainen kytkent\u00e4 eli lis\u00e4\u00e4 led ja sen ohjaus. Tarvitset: 100\u03a9 vastuksen lis\u00e4\u00e4 kytkent\u00e4lankoja ledin Piirikaaviona OUTPUT-kytkent\u00e4 ledille n\u00e4ytt\u00e4\u00e4 t\u00e4lt\u00e4. Tehd\u00e4\u00e4n ohjelma. Avaa terminaali ja siirry kansioon Python-ohjelmat. Suorita komento: sudo nano ledvilkku.py Kirjoita alla oleva koodi Kirjoitettuasi &hellip; Jatka lukemista 3. Led-ohjaus &rarr;","og_url":"https:\/\/blogit.gradia.fi\/sahkonet\/kiinteistoautomaatio\/raspberry-pi-harjoitukset\/3-led-ohjaus\/","og_site_name":"S\u00e4hk\u00f6Net","article_modified_time":"2016-02-07T17:48:08+00:00","og_image":[{"url":"https:\/\/blogit.gradia.fi\/sahkonet\/wp-content\/uploads\/sites\/80\/2016\/02\/teht\u00e4v\u00e43_ledvilkku_bb.png","type":"","width":"","height":""}],"twitter_card":"summary_large_image","twitter_misc":{"Arvioitu lukuaika":"1 minuutti"},"schema":{"@context":"https:\/\/schema.org","@graph":[{"@type":"WebPage","@id":"https:\/\/blogit.gradia.fi\/sahkonet\/kiinteistoautomaatio\/raspberry-pi-harjoitukset\/3-led-ohjaus\/","url":"https:\/\/blogit.gradia.fi\/sahkonet\/kiinteistoautomaatio\/raspberry-pi-harjoitukset\/3-led-ohjaus\/","name":"3. Led-ohjaus - S\u00e4hk\u00f6Net","isPartOf":{"@id":"https:\/\/blogit.gradia.fi\/sahkonet\/#website"},"primaryImageOfPage":{"@id":"https:\/\/blogit.gradia.fi\/sahkonet\/kiinteistoautomaatio\/raspberry-pi-harjoitukset\/3-led-ohjaus\/#primaryimage"},"image":{"@id":"https:\/\/blogit.gradia.fi\/sahkonet\/kiinteistoautomaatio\/raspberry-pi-harjoitukset\/3-led-ohjaus\/#primaryimage"},"thumbnailUrl":"https:\/\/blogit.gradia.fi\/sahkonet\/wp-content\/uploads\/sites\/80\/2016\/02\/kuva3-1.png","datePublished":"2016-02-07T13:49:17+00:00","dateModified":"2016-02-07T17:48:08+00:00","breadcrumb":{"@id":"https:\/\/blogit.gradia.fi\/sahkonet\/kiinteistoautomaatio\/raspberry-pi-harjoitukset\/3-led-ohjaus\/#breadcrumb"},"inLanguage":"fi","potentialAction":[{"@type":"ReadAction","target":["https:\/\/blogit.gradia.fi\/sahkonet\/kiinteistoautomaatio\/raspberry-pi-harjoitukset\/3-led-ohjaus\/"]}]},{"@type":"ImageObject","inLanguage":"fi","@id":"https:\/\/blogit.gradia.fi\/sahkonet\/kiinteistoautomaatio\/raspberry-pi-harjoitukset\/3-led-ohjaus\/#primaryimage","url":"https:\/\/blogit.gradia.fi\/sahkonet\/wp-content\/uploads\/sites\/80\/2016\/02\/kuva3-1.png","contentUrl":"https:\/\/blogit.gradia.fi\/sahkonet\/wp-content\/uploads\/sites\/80\/2016\/02\/kuva3-1.png","width":169,"height":437},{"@type":"BreadcrumbList","@id":"https:\/\/blogit.gradia.fi\/sahkonet\/kiinteistoautomaatio\/raspberry-pi-harjoitukset\/3-led-ohjaus\/#breadcrumb","itemListElement":[{"@type":"ListItem","position":1,"name":"Kiinteist\u00f6jen automaatio- ja tietoj\u00e4rjestelm\u00e4t (30 osp)","item":"https:\/\/blogit.gradia.fi\/sahkonet\/kiinteistoautomaatio\/"},{"@type":"ListItem","position":2,"name":"Raspberry Pi -harjoitukset","item":"https:\/\/blogit.gradia.fi\/sahkonet\/kiinteistoautomaatio\/raspberry-pi-harjoitukset\/"},{"@type":"ListItem","position":3,"name":"3. Led-ohjaus"}]},{"@type":"WebSite","@id":"https:\/\/blogit.gradia.fi\/sahkonet\/#website","url":"https:\/\/blogit.gradia.fi\/sahkonet\/","name":"S\u00e4hk\u00f6Net","description":"S\u00e4hk\u00f6- ja automaatiotekniikan perustutkinto","potentialAction":[{"@type":"SearchAction","target":{"@type":"EntryPoint","urlTemplate":"https:\/\/blogit.gradia.fi\/sahkonet\/?s={search_term_string}"},"query-input":{"@type":"PropertyValueSpecification","valueRequired":true,"valueName":"search_term_string"}}],"inLanguage":"fi"}]}},"uagb_featured_image_src":{"full":false,"thumbnail":false,"medium":false,"medium_large":false,"large":false,"1536x1536":false,"2048x2048":false,"post-thumbnail":false,"twentyfourteen-full-width":false},"uagb_author_info":{"display_name":"Pia Tolonen","author_link":"https:\/\/blogit.gradia.fi\/sahkonet\/author\/halmepia\/"},"uagb_comment_info":0,"uagb_excerpt":"Jatkoksi ensimm\u00e4iseen Python-ohjelmaan, jossa k\u00e4ytet\u00e4\u00e4n GPIO-inputtia, jatkamme harjoitusta ohjaamalla INPUTin tiedolla OUTPUTiksi m\u00e4\u00e4ritelt\u00e4v\u00e4\u00e4 GPIO-pinni\u00e4. Tee alla olevan kuvan mukainen kytkent\u00e4 eli lis\u00e4\u00e4 led ja sen ohjaus. Tarvitset: 100\u03a9 vastuksen lis\u00e4\u00e4 kytkent\u00e4lankoja ledin Piirikaaviona OUTPUT-kytkent\u00e4 ledille n\u00e4ytt\u00e4\u00e4 t\u00e4lt\u00e4. Tehd\u00e4\u00e4n ohjelma. Avaa terminaali ja siirry kansioon Python-ohjelmat. Suorita komento: sudo nano ledvilkku.py Kirjoita alla oleva koodi Kirjoitettuasi&hellip;","_links":{"self":[{"href":"https:\/\/blogit.gradia.fi\/sahkonet\/wp-json\/wp\/v2\/pages\/1356","targetHints":{"allow":["GET"]}}],"collection":[{"href":"https:\/\/blogit.gradia.fi\/sahkonet\/wp-json\/wp\/v2\/pages"}],"about":[{"href":"https:\/\/blogit.gradia.fi\/sahkonet\/wp-json\/wp\/v2\/types\/page"}],"author":[{"embeddable":true,"href":"https:\/\/blogit.gradia.fi\/sahkonet\/wp-json\/wp\/v2\/users\/179"}],"replies":[{"embeddable":true,"href":"https:\/\/blogit.gradia.fi\/sahkonet\/wp-json\/wp\/v2\/comments?post=1356"}],"version-history":[{"count":0,"href":"https:\/\/blogit.gradia.fi\/sahkonet\/wp-json\/wp\/v2\/pages\/1356\/revisions"}],"up":[{"embeddable":true,"href":"https:\/\/blogit.gradia.fi\/sahkonet\/wp-json\/wp\/v2\/pages\/1320"}],"wp:attachment":[{"href":"https:\/\/blogit.gradia.fi\/sahkonet\/wp-json\/wp\/v2\/media?parent=1356"}],"curies":[{"name":"wp","href":"https:\/\/api.w.org\/{rel}","templated":true}]}}