{"id":1331,"date":"2016-02-06T12:12:27","date_gmt":"2016-02-06T10:12:27","guid":{"rendered":"https:\/\/blogit.gradia.fi\/sahkonet\/?page_id=1331"},"modified":"2017-05-05T09:45:00","modified_gmt":"2017-05-05T06:45:00","slug":"1-raspberry-pi-alkuasetukset","status":"publish","type":"page","link":"https:\/\/blogit.gradia.fi\/sahkonet\/kiinteistoautomaatio\/raspberry-pi-harjoitukset\/1-raspberry-pi-alkuasetukset\/","title":{"rendered":"1. Raspberry Pi alkuasetukset"},"content":{"rendered":"<p>Lataa tietokoneelle uusin versio <a href=\"https:\/\/www.raspberrypi.org\/downloads\/raspbian\/\" target=\"_blank\">Raspbianista<\/a>.<\/p>\n<p>Jos tietokoneeseen ei ole viel\u00e4 asennettu\u00a0Win32DiskImager-ohjelmaa, niin <a href=\"http:\/\/sourceforge.net\/projects\/win32diskimager\/\" target=\"_blank\">lataa<\/a> ja <a href=\"https:\/\/www.raspberrypi.org\/documentation\/installation\/installing-images\/windows.md\" target=\"_blank\">asenna<\/a> se.<\/p>\n<p>Windowsissa pit\u00e4isi avautua kuvassa 4 kaltainen ikkuna\u00a0k\u00e4ynnist\u00e4ess\u00e4si sovellus Win32DiskImager.exe.<\/p>\n<p><img loading=\"lazy\" decoding=\"async\" class=\"alignnone wp-image-1332\" src=\"https:\/\/blogit.gradia.fi\/sahkonet\/wp-content\/uploads\/sites\/80\/2016\/02\/kuva1-1-300x153.png\" alt=\"kuva1-1\" width=\"425\" height=\"217\" srcset=\"https:\/\/blogit.gradia.fi\/sahkonet\/wp-content\/uploads\/sites\/80\/2016\/02\/kuva1-1-300x153.png 300w, https:\/\/blogit.gradia.fi\/sahkonet\/wp-content\/uploads\/sites\/80\/2016\/02\/kuva1-1.png 554w\" sizes=\"auto, (max-width: 425px) 100vw, 425px\" \/><\/p>\n<p>Laita SD kortti, joko koneessasi olevaan tai erilliseen SD-kortin lukijaan.\u00a0Device alasvetovalikossa pit\u00e4isi n\u00e4ky\u00e4 koneeseesi liitt\u00e4m\u00e4 windowssin antama levyaseman tunnus SD-muistikortille. Tarkista sen oikeellisuus.<\/p>\n<p>Klikkaa kansio-kuvakketta ohjelmassa ja hae lataamasi Raspbian linuxin image (esim: 2015-09-24-raspbian-jessie.img). Image-tiedoston kirjoitus muistikortille aloitetaan painamalla &#8221;write&#8221;-painiketta. Onnistuneen kirjoituksen j\u00e4lkeen saat ilmoituksen &#8221;write successful&#8221;.<\/p>\n<p>Kytke tarvittavat oheislaitteet (n\u00e4pp\u00e4imist\u00f6, hiiri, n\u00e4ytt\u00f6) Raspberry piihin ja kytke muistikortti paikoilleen. Kytketty\u00e4si edell\u00e4 mainitut, kytke virtajohto.<\/p>\n<p>Raspberryn pit\u00e4isi nyt k\u00e4ynnisty\u00e4. Sis\u00e4\u00e4n kirjautuminen onnistuu tunnuksella &#8221;pi&#8221; ja salasana on oletuksena &#8221;raspberry&#8221;.<\/p>\n<p>Liit\u00e4 Raspberry langattomaan l\u00e4hiverkkoosi, jos k\u00e4yt\u00f6ss\u00e4si on Wi-Pi kortti. Jos k\u00e4yt\u00f6ss\u00e4si on Raspberry 3, langaton verkkokortti on integroitu eik\u00e4 erillist\u00e4 Wi-Pi korttia tarvita<\/p>\n<p>Avaa vasemman yl\u00e4reunan Menu-valikosta Accessories ja sen alta Terminal. Kirjoita komentoriville alla n\u00e4kyv\u00e4 komento k\u00e4ynnist\u00e4\u00e4ksesi ssh-palvelun.<\/p>\n<p>Sen avulla voit kirjautua raspberryyn langattomaan verkkoosi kytketyst\u00e4 toisesta tietokoneesta ssh-clientilla (esimerkiksi PuTTy).<\/p>\n<p><img loading=\"lazy\" decoding=\"async\" class=\"alignnone size-full wp-image-1333\" src=\"https:\/\/blogit.gradia.fi\/sahkonet\/wp-content\/uploads\/sites\/80\/2016\/02\/kuva1-2.png\" alt=\"kuva1-2\" width=\"717\" height=\"145\" srcset=\"https:\/\/blogit.gradia.fi\/sahkonet\/wp-content\/uploads\/sites\/80\/2016\/02\/kuva1-2.png 717w, https:\/\/blogit.gradia.fi\/sahkonet\/wp-content\/uploads\/sites\/80\/2016\/02\/kuva1-2-300x61.png 300w\" sizes=\"auto, (max-width: 717px) 100vw, 717px\" \/><\/p>\n<p>Saadaksesi yhteyden saman l\u00e4hiverkon toiselta koneelta esimerkiksi Windowsin Remote Desktopilla, Raspberryyn pit\u00e4\u00e4 asentaa RDP-protokollaa tukeva XRDP-palvelu.<\/p>\n<pre>sudo apt-get install xrdp\r\nsudo apt-get install vnc4server\r\nsudo service xrdp restart<\/pre>\n<p>Saadaksesi yhteyden Raspberryyn, sinun tulee tiet\u00e4\u00e4 sen Raspberry Pi:n ip-osoite. Voit vaihtaa Raspberryn IP-osoitten <a href=\"https:\/\/www.maketecheasier.com\/static-ip-address-setup-ssh-on-raspberry-pi\/\" target=\"_blank\">t\u00e4m\u00e4n ohjeen mukaisesti<\/a>. Kun tied\u00e4t IP-osoitteen, voit ottaa yhteytt\u00e4 tietokoneesi Windowsin Remote Desktopilla.<\/p>\n<p>Koulun verkossa kirjoita terminaaliin komento, jotta n\u00e4et Raspberryn IP-osoitteen. Huomaa ett\u00e4 IP-osoite vaihtuu joka kerta kun k\u00e4ynnist\u00e4t Raspberryn uudestaan.<\/p>\n<pre>hostname -I<\/pre>\n<p><img loading=\"lazy\" decoding=\"async\" class=\"alignnone size-full wp-image-1336\" src=\"https:\/\/blogit.gradia.fi\/sahkonet\/wp-content\/uploads\/sites\/80\/2016\/02\/kuva1-3.png\" alt=\"kuva1-3\" width=\"421\" height=\"259\" srcset=\"https:\/\/blogit.gradia.fi\/sahkonet\/wp-content\/uploads\/sites\/80\/2016\/02\/kuva1-3.png 421w, https:\/\/blogit.gradia.fi\/sahkonet\/wp-content\/uploads\/sites\/80\/2016\/02\/kuva1-3-300x185.png 300w\" sizes=\"auto, (max-width: 421px) 100vw, 421px\" \/><\/p>\n<p>Kirjautumisikkunaan k\u00e4y samat tunnukset, jotka aiemmin mainittu.<\/p>\n<p><img loading=\"lazy\" decoding=\"async\" class=\"alignnone size-full wp-image-1337\" src=\"https:\/\/blogit.gradia.fi\/sahkonet\/wp-content\/uploads\/sites\/80\/2016\/02\/kuva1-4.png\" alt=\"kuva1-4\" width=\"413\" height=\"210\" srcset=\"https:\/\/blogit.gradia.fi\/sahkonet\/wp-content\/uploads\/sites\/80\/2016\/02\/kuva1-4.png 413w, https:\/\/blogit.gradia.fi\/sahkonet\/wp-content\/uploads\/sites\/80\/2016\/02\/kuva1-4-300x153.png 300w\" sizes=\"auto, (max-width: 413px) 100vw, 413px\" \/><\/p>\n<p>Viel\u00e4 ennen tositoimiin ryhtymist\u00e4, kannattaa ajaa Terminal-ikkunasta seuraavat pari komentoa.<\/p>\n<pre>sudo apt-get update<\/pre>\n<pre>sudo apt-get upgrade<\/pre>\n<p>Jos k\u00e4yt\u00f6ss\u00e4si on skandi-n\u00e4pp\u00e4imist\u00f6, saadaksesi n\u00e4pp\u00e4imist\u00f6n suomen kieliseksi jokaisessa k\u00e4ynnistyksess\u00e4 aja komento:<\/p>\n<pre>sudo dpkg-reconfigure keyboard-configuration<\/pre>\n<p>Valitse n\u00e4pp\u00e4imist\u00f6 Generic-105 ja seuraavat valinnat alla olevien kuvien mukaan.<\/p>\n<p><img loading=\"lazy\" decoding=\"async\" class=\"alignnone size-full wp-image-1363\" src=\"https:\/\/blogit.gradia.fi\/sahkonet\/wp-content\/uploads\/sites\/80\/2016\/02\/napp1.png\" alt=\"napp1\" width=\"675\" height=\"648\" srcset=\"https:\/\/blogit.gradia.fi\/sahkonet\/wp-content\/uploads\/sites\/80\/2016\/02\/napp1.png 675w, https:\/\/blogit.gradia.fi\/sahkonet\/wp-content\/uploads\/sites\/80\/2016\/02\/napp1-300x288.png 300w\" sizes=\"auto, (max-width: 675px) 100vw, 675px\" \/> <img loading=\"lazy\" decoding=\"async\" class=\"alignnone size-full wp-image-1364\" src=\"https:\/\/blogit.gradia.fi\/sahkonet\/wp-content\/uploads\/sites\/80\/2016\/02\/napp2.png\" alt=\"napp2\" width=\"675\" height=\"648\" srcset=\"https:\/\/blogit.gradia.fi\/sahkonet\/wp-content\/uploads\/sites\/80\/2016\/02\/napp2.png 675w, https:\/\/blogit.gradia.fi\/sahkonet\/wp-content\/uploads\/sites\/80\/2016\/02\/napp2-300x288.png 300w\" sizes=\"auto, (max-width: 675px) 100vw, 675px\" \/> <img loading=\"lazy\" decoding=\"async\" class=\"alignnone size-full wp-image-1365\" src=\"https:\/\/blogit.gradia.fi\/sahkonet\/wp-content\/uploads\/sites\/80\/2016\/02\/napp3.png\" alt=\"napp3\" width=\"675\" height=\"648\" srcset=\"https:\/\/blogit.gradia.fi\/sahkonet\/wp-content\/uploads\/sites\/80\/2016\/02\/napp3.png 675w, https:\/\/blogit.gradia.fi\/sahkonet\/wp-content\/uploads\/sites\/80\/2016\/02\/napp3-300x288.png 300w\" sizes=\"auto, (max-width: 675px) 100vw, 675px\" \/> <img loading=\"lazy\" decoding=\"async\" class=\"alignnone size-full wp-image-1366\" src=\"https:\/\/blogit.gradia.fi\/sahkonet\/wp-content\/uploads\/sites\/80\/2016\/02\/napp4.png\" alt=\"napp4\" width=\"675\" height=\"648\" srcset=\"https:\/\/blogit.gradia.fi\/sahkonet\/wp-content\/uploads\/sites\/80\/2016\/02\/napp4.png 675w, https:\/\/blogit.gradia.fi\/sahkonet\/wp-content\/uploads\/sites\/80\/2016\/02\/napp4-300x288.png 300w\" sizes=\"auto, (max-width: 675px) 100vw, 675px\" \/> <img loading=\"lazy\" decoding=\"async\" class=\"alignnone size-full wp-image-1367\" src=\"https:\/\/blogit.gradia.fi\/sahkonet\/wp-content\/uploads\/sites\/80\/2016\/02\/napp5.png\" alt=\"napp5\" width=\"675\" height=\"648\" srcset=\"https:\/\/blogit.gradia.fi\/sahkonet\/wp-content\/uploads\/sites\/80\/2016\/02\/napp5.png 675w, https:\/\/blogit.gradia.fi\/sahkonet\/wp-content\/uploads\/sites\/80\/2016\/02\/napp5-300x288.png 300w\" sizes=\"auto, (max-width: 675px) 100vw, 675px\" \/><\/p>\n","protected":false},"excerpt":{"rendered":"<p>Lataa tietokoneelle uusin versio Raspbianista. Jos tietokoneeseen ei ole viel\u00e4 asennettu\u00a0Win32DiskImager-ohjelmaa, niin lataa ja asenna se. Windowsissa pit\u00e4isi avautua kuvassa 4 kaltainen ikkuna\u00a0k\u00e4ynnist\u00e4ess\u00e4si sovellus Win32DiskImager.exe. Laita SD kortti, joko koneessasi olevaan tai erilliseen SD-kortin lukijaan.\u00a0Device alasvetovalikossa pit\u00e4isi n\u00e4ky\u00e4 koneeseesi liitt\u00e4m\u00e4 windowssin antama levyaseman tunnus SD-muistikortille. Tarkista sen oikeellisuus. Klikkaa kansio-kuvakketta ohjelmassa ja hae lataamasi Raspbian &hellip; <a href=\"https:\/\/blogit.gradia.fi\/sahkonet\/kiinteistoautomaatio\/raspberry-pi-harjoitukset\/1-raspberry-pi-alkuasetukset\/\" class=\"more-link\">Jatka lukemista <span class=\"screen-reader-text\">1. Raspberry Pi alkuasetukset<\/span> <span class=\"meta-nav\">&rarr;<\/span><\/a><\/p>\n","protected":false},"author":179,"featured_media":0,"parent":1320,"menu_order":1,"comment_status":"closed","ping_status":"closed","template":"","meta":{"_uag_custom_page_level_css":"","footnotes":""},"class_list":["post-1331","page","type-page","status-publish","hentry"],"yoast_head":"<!-- This site is optimized with the Yoast SEO plugin v27.4 - https:\/\/yoast.com\/product\/yoast-seo-wordpress\/ -->\n<title>1. Raspberry Pi alkuasetukset - S\u00e4hk\u00f6Net<\/title>\n<meta name=\"robots\" content=\"index, follow, max-snippet:-1, max-image-preview:large, max-video-preview:-1\" \/>\n<link rel=\"canonical\" href=\"https:\/\/blogit.gradia.fi\/sahkonet\/kiinteistoautomaatio\/raspberry-pi-harjoitukset\/1-raspberry-pi-alkuasetukset\/\" \/>\n<meta property=\"og:locale\" content=\"fi_FI\" \/>\n<meta property=\"og:type\" content=\"article\" \/>\n<meta property=\"og:title\" content=\"1. Raspberry Pi alkuasetukset - S\u00e4hk\u00f6Net\" \/>\n<meta property=\"og:description\" content=\"Lataa tietokoneelle uusin versio Raspbianista. Jos tietokoneeseen ei ole viel\u00e4 asennettu\u00a0Win32DiskImager-ohjelmaa, niin lataa ja asenna se. Windowsissa pit\u00e4isi avautua kuvassa 4 kaltainen ikkuna\u00a0k\u00e4ynnist\u00e4ess\u00e4si sovellus Win32DiskImager.exe. Laita SD kortti, joko koneessasi olevaan tai erilliseen SD-kortin lukijaan.\u00a0Device alasvetovalikossa pit\u00e4isi n\u00e4ky\u00e4 koneeseesi liitt\u00e4m\u00e4 windowssin antama levyaseman tunnus SD-muistikortille. Tarkista sen oikeellisuus. Klikkaa kansio-kuvakketta ohjelmassa ja hae lataamasi Raspbian &hellip; Jatka lukemista 1. Raspberry Pi alkuasetukset &rarr;\" \/>\n<meta property=\"og:url\" content=\"https:\/\/blogit.gradia.fi\/sahkonet\/kiinteistoautomaatio\/raspberry-pi-harjoitukset\/1-raspberry-pi-alkuasetukset\/\" \/>\n<meta property=\"og:site_name\" content=\"S\u00e4hk\u00f6Net\" \/>\n<meta property=\"article:modified_time\" content=\"2017-05-05T06:45:00+00:00\" \/>\n<meta property=\"og:image\" content=\"https:\/\/blogit.gradia.fi\/sahkonet\/wp-content\/uploads\/sites\/80\/2016\/02\/kuva1-1-300x153.png\" \/>\n<meta name=\"twitter:card\" content=\"summary_large_image\" \/>\n<meta name=\"twitter:label1\" content=\"Arvioitu lukuaika\" \/>\n\t<meta name=\"twitter:data1\" content=\"2 minuuttia\" \/>\n<script type=\"application\/ld+json\" class=\"yoast-schema-graph\">{\"@context\":\"https:\\\/\\\/schema.org\",\"@graph\":[{\"@type\":\"WebPage\",\"@id\":\"https:\\\/\\\/blogit.gradia.fi\\\/sahkonet\\\/kiinteistoautomaatio\\\/raspberry-pi-harjoitukset\\\/1-raspberry-pi-alkuasetukset\\\/\",\"url\":\"https:\\\/\\\/blogit.gradia.fi\\\/sahkonet\\\/kiinteistoautomaatio\\\/raspberry-pi-harjoitukset\\\/1-raspberry-pi-alkuasetukset\\\/\",\"name\":\"1. Raspberry Pi alkuasetukset - S\u00e4hk\u00f6Net\",\"isPartOf\":{\"@id\":\"https:\\\/\\\/blogit.gradia.fi\\\/sahkonet\\\/#website\"},\"primaryImageOfPage\":{\"@id\":\"https:\\\/\\\/blogit.gradia.fi\\\/sahkonet\\\/kiinteistoautomaatio\\\/raspberry-pi-harjoitukset\\\/1-raspberry-pi-alkuasetukset\\\/#primaryimage\"},\"image\":{\"@id\":\"https:\\\/\\\/blogit.gradia.fi\\\/sahkonet\\\/kiinteistoautomaatio\\\/raspberry-pi-harjoitukset\\\/1-raspberry-pi-alkuasetukset\\\/#primaryimage\"},\"thumbnailUrl\":\"https:\\\/\\\/blogit.gradia.fi\\\/sahkonet\\\/wp-content\\\/uploads\\\/sites\\\/80\\\/2016\\\/02\\\/kuva1-1-300x153.png\",\"datePublished\":\"2016-02-06T10:12:27+00:00\",\"dateModified\":\"2017-05-05T06:45:00+00:00\",\"breadcrumb\":{\"@id\":\"https:\\\/\\\/blogit.gradia.fi\\\/sahkonet\\\/kiinteistoautomaatio\\\/raspberry-pi-harjoitukset\\\/1-raspberry-pi-alkuasetukset\\\/#breadcrumb\"},\"inLanguage\":\"fi\",\"potentialAction\":[{\"@type\":\"ReadAction\",\"target\":[\"https:\\\/\\\/blogit.gradia.fi\\\/sahkonet\\\/kiinteistoautomaatio\\\/raspberry-pi-harjoitukset\\\/1-raspberry-pi-alkuasetukset\\\/\"]}]},{\"@type\":\"ImageObject\",\"inLanguage\":\"fi\",\"@id\":\"https:\\\/\\\/blogit.gradia.fi\\\/sahkonet\\\/kiinteistoautomaatio\\\/raspberry-pi-harjoitukset\\\/1-raspberry-pi-alkuasetukset\\\/#primaryimage\",\"url\":\"https:\\\/\\\/blogit.gradia.fi\\\/sahkonet\\\/wp-content\\\/uploads\\\/sites\\\/80\\\/2016\\\/02\\\/kuva1-1.png\",\"contentUrl\":\"https:\\\/\\\/blogit.gradia.fi\\\/sahkonet\\\/wp-content\\\/uploads\\\/sites\\\/80\\\/2016\\\/02\\\/kuva1-1.png\",\"width\":554,\"height\":282},{\"@type\":\"BreadcrumbList\",\"@id\":\"https:\\\/\\\/blogit.gradia.fi\\\/sahkonet\\\/kiinteistoautomaatio\\\/raspberry-pi-harjoitukset\\\/1-raspberry-pi-alkuasetukset\\\/#breadcrumb\",\"itemListElement\":[{\"@type\":\"ListItem\",\"position\":1,\"name\":\"Kiinteist\u00f6jen automaatio- ja tietoj\u00e4rjestelm\u00e4t (30 osp)\",\"item\":\"https:\\\/\\\/blogit.gradia.fi\\\/sahkonet\\\/kiinteistoautomaatio\\\/\"},{\"@type\":\"ListItem\",\"position\":2,\"name\":\"Raspberry Pi -harjoitukset\",\"item\":\"https:\\\/\\\/blogit.gradia.fi\\\/sahkonet\\\/kiinteistoautomaatio\\\/raspberry-pi-harjoitukset\\\/\"},{\"@type\":\"ListItem\",\"position\":3,\"name\":\"1. Raspberry Pi alkuasetukset\"}]},{\"@type\":\"WebSite\",\"@id\":\"https:\\\/\\\/blogit.gradia.fi\\\/sahkonet\\\/#website\",\"url\":\"https:\\\/\\\/blogit.gradia.fi\\\/sahkonet\\\/\",\"name\":\"S\u00e4hk\u00f6Net\",\"description\":\"S\u00e4hk\u00f6- ja automaatiotekniikan perustutkinto\",\"potentialAction\":[{\"@type\":\"SearchAction\",\"target\":{\"@type\":\"EntryPoint\",\"urlTemplate\":\"https:\\\/\\\/blogit.gradia.fi\\\/sahkonet\\\/?s={search_term_string}\"},\"query-input\":{\"@type\":\"PropertyValueSpecification\",\"valueRequired\":true,\"valueName\":\"search_term_string\"}}],\"inLanguage\":\"fi\"}]}<\/script>\n<!-- \/ Yoast SEO plugin. -->","yoast_head_json":{"title":"1. Raspberry Pi alkuasetukset - S\u00e4hk\u00f6Net","robots":{"index":"index","follow":"follow","max-snippet":"max-snippet:-1","max-image-preview":"max-image-preview:large","max-video-preview":"max-video-preview:-1"},"canonical":"https:\/\/blogit.gradia.fi\/sahkonet\/kiinteistoautomaatio\/raspberry-pi-harjoitukset\/1-raspberry-pi-alkuasetukset\/","og_locale":"fi_FI","og_type":"article","og_title":"1. Raspberry Pi alkuasetukset - S\u00e4hk\u00f6Net","og_description":"Lataa tietokoneelle uusin versio Raspbianista. Jos tietokoneeseen ei ole viel\u00e4 asennettu\u00a0Win32DiskImager-ohjelmaa, niin lataa ja asenna se. Windowsissa pit\u00e4isi avautua kuvassa 4 kaltainen ikkuna\u00a0k\u00e4ynnist\u00e4ess\u00e4si sovellus Win32DiskImager.exe. Laita SD kortti, joko koneessasi olevaan tai erilliseen SD-kortin lukijaan.\u00a0Device alasvetovalikossa pit\u00e4isi n\u00e4ky\u00e4 koneeseesi liitt\u00e4m\u00e4 windowssin antama levyaseman tunnus SD-muistikortille. Tarkista sen oikeellisuus. Klikkaa kansio-kuvakketta ohjelmassa ja hae lataamasi Raspbian &hellip; Jatka lukemista 1. Raspberry Pi alkuasetukset &rarr;","og_url":"https:\/\/blogit.gradia.fi\/sahkonet\/kiinteistoautomaatio\/raspberry-pi-harjoitukset\/1-raspberry-pi-alkuasetukset\/","og_site_name":"S\u00e4hk\u00f6Net","article_modified_time":"2017-05-05T06:45:00+00:00","og_image":[{"url":"https:\/\/blogit.gradia.fi\/sahkonet\/wp-content\/uploads\/sites\/80\/2016\/02\/kuva1-1-300x153.png","type":"","width":"","height":""}],"twitter_card":"summary_large_image","twitter_misc":{"Arvioitu lukuaika":"2 minuuttia"},"schema":{"@context":"https:\/\/schema.org","@graph":[{"@type":"WebPage","@id":"https:\/\/blogit.gradia.fi\/sahkonet\/kiinteistoautomaatio\/raspberry-pi-harjoitukset\/1-raspberry-pi-alkuasetukset\/","url":"https:\/\/blogit.gradia.fi\/sahkonet\/kiinteistoautomaatio\/raspberry-pi-harjoitukset\/1-raspberry-pi-alkuasetukset\/","name":"1. Raspberry Pi alkuasetukset - S\u00e4hk\u00f6Net","isPartOf":{"@id":"https:\/\/blogit.gradia.fi\/sahkonet\/#website"},"primaryImageOfPage":{"@id":"https:\/\/blogit.gradia.fi\/sahkonet\/kiinteistoautomaatio\/raspberry-pi-harjoitukset\/1-raspberry-pi-alkuasetukset\/#primaryimage"},"image":{"@id":"https:\/\/blogit.gradia.fi\/sahkonet\/kiinteistoautomaatio\/raspberry-pi-harjoitukset\/1-raspberry-pi-alkuasetukset\/#primaryimage"},"thumbnailUrl":"https:\/\/blogit.gradia.fi\/sahkonet\/wp-content\/uploads\/sites\/80\/2016\/02\/kuva1-1-300x153.png","datePublished":"2016-02-06T10:12:27+00:00","dateModified":"2017-05-05T06:45:00+00:00","breadcrumb":{"@id":"https:\/\/blogit.gradia.fi\/sahkonet\/kiinteistoautomaatio\/raspberry-pi-harjoitukset\/1-raspberry-pi-alkuasetukset\/#breadcrumb"},"inLanguage":"fi","potentialAction":[{"@type":"ReadAction","target":["https:\/\/blogit.gradia.fi\/sahkonet\/kiinteistoautomaatio\/raspberry-pi-harjoitukset\/1-raspberry-pi-alkuasetukset\/"]}]},{"@type":"ImageObject","inLanguage":"fi","@id":"https:\/\/blogit.gradia.fi\/sahkonet\/kiinteistoautomaatio\/raspberry-pi-harjoitukset\/1-raspberry-pi-alkuasetukset\/#primaryimage","url":"https:\/\/blogit.gradia.fi\/sahkonet\/wp-content\/uploads\/sites\/80\/2016\/02\/kuva1-1.png","contentUrl":"https:\/\/blogit.gradia.fi\/sahkonet\/wp-content\/uploads\/sites\/80\/2016\/02\/kuva1-1.png","width":554,"height":282},{"@type":"BreadcrumbList","@id":"https:\/\/blogit.gradia.fi\/sahkonet\/kiinteistoautomaatio\/raspberry-pi-harjoitukset\/1-raspberry-pi-alkuasetukset\/#breadcrumb","itemListElement":[{"@type":"ListItem","position":1,"name":"Kiinteist\u00f6jen automaatio- ja tietoj\u00e4rjestelm\u00e4t (30 osp)","item":"https:\/\/blogit.gradia.fi\/sahkonet\/kiinteistoautomaatio\/"},{"@type":"ListItem","position":2,"name":"Raspberry Pi -harjoitukset","item":"https:\/\/blogit.gradia.fi\/sahkonet\/kiinteistoautomaatio\/raspberry-pi-harjoitukset\/"},{"@type":"ListItem","position":3,"name":"1. Raspberry Pi alkuasetukset"}]},{"@type":"WebSite","@id":"https:\/\/blogit.gradia.fi\/sahkonet\/#website","url":"https:\/\/blogit.gradia.fi\/sahkonet\/","name":"S\u00e4hk\u00f6Net","description":"S\u00e4hk\u00f6- ja automaatiotekniikan perustutkinto","potentialAction":[{"@type":"SearchAction","target":{"@type":"EntryPoint","urlTemplate":"https:\/\/blogit.gradia.fi\/sahkonet\/?s={search_term_string}"},"query-input":{"@type":"PropertyValueSpecification","valueRequired":true,"valueName":"search_term_string"}}],"inLanguage":"fi"}]}},"uagb_featured_image_src":{"full":false,"thumbnail":false,"medium":false,"medium_large":false,"large":false,"1536x1536":false,"2048x2048":false,"post-thumbnail":false,"twentyfourteen-full-width":false},"uagb_author_info":{"display_name":"Pia Tolonen","author_link":"https:\/\/blogit.gradia.fi\/sahkonet\/author\/halmepia\/"},"uagb_comment_info":0,"uagb_excerpt":"Lataa tietokoneelle uusin versio Raspbianista. Jos tietokoneeseen ei ole viel\u00e4 asennettu\u00a0Win32DiskImager-ohjelmaa, niin lataa ja asenna se. Windowsissa pit\u00e4isi avautua kuvassa 4 kaltainen ikkuna\u00a0k\u00e4ynnist\u00e4ess\u00e4si sovellus Win32DiskImager.exe. Laita SD kortti, joko koneessasi olevaan tai erilliseen SD-kortin lukijaan.\u00a0Device alasvetovalikossa pit\u00e4isi n\u00e4ky\u00e4 koneeseesi liitt\u00e4m\u00e4 windowssin antama levyaseman tunnus SD-muistikortille. Tarkista sen oikeellisuus. Klikkaa kansio-kuvakketta ohjelmassa ja hae lataamasi Raspbian&hellip;","_links":{"self":[{"href":"https:\/\/blogit.gradia.fi\/sahkonet\/wp-json\/wp\/v2\/pages\/1331","targetHints":{"allow":["GET"]}}],"collection":[{"href":"https:\/\/blogit.gradia.fi\/sahkonet\/wp-json\/wp\/v2\/pages"}],"about":[{"href":"https:\/\/blogit.gradia.fi\/sahkonet\/wp-json\/wp\/v2\/types\/page"}],"author":[{"embeddable":true,"href":"https:\/\/blogit.gradia.fi\/sahkonet\/wp-json\/wp\/v2\/users\/179"}],"replies":[{"embeddable":true,"href":"https:\/\/blogit.gradia.fi\/sahkonet\/wp-json\/wp\/v2\/comments?post=1331"}],"version-history":[{"count":0,"href":"https:\/\/blogit.gradia.fi\/sahkonet\/wp-json\/wp\/v2\/pages\/1331\/revisions"}],"up":[{"embeddable":true,"href":"https:\/\/blogit.gradia.fi\/sahkonet\/wp-json\/wp\/v2\/pages\/1320"}],"wp:attachment":[{"href":"https:\/\/blogit.gradia.fi\/sahkonet\/wp-json\/wp\/v2\/media?parent=1331"}],"curies":[{"name":"wp","href":"https:\/\/api.w.org\/{rel}","templated":true}]}}