{"id":133,"date":"2014-05-01T12:40:29","date_gmt":"2014-05-01T09:40:29","guid":{"rendered":"https:\/\/blogit.gradia.fi\/sahkonet\/?page_id=133"},"modified":"2014-10-13T19:50:19","modified_gmt":"2014-10-13T16:50:19","slug":"saot8_valojen-ohjaus-porrasvaloautomaatilla","status":"publish","type":"page","link":"https:\/\/blogit.gradia.fi\/sahkonet\/sahko-ja-automaatioasennukset\/oppimistehtavat\/kiinteistojen-sahkoasennukset\/sisajohtoasennukset\/saot8_valojen-ohjaus-porrasvaloautomaatilla\/","title":{"rendered":"SAOT8, Valojen ohjaus porrasvaloautomaatilla"},"content":{"rendered":"<p>15.8.2014<br \/>\nJari Peura<\/p>\n<h3><span style=\"text-decoration: underline\"><strong>TEHT\u00c4V\u00c4N TAVOITE<\/strong><\/span><\/h3>\n<p>Oppimisteht\u00e4v\u00e4n tavoiteena on<\/p>\n<ul>\n<li>oppia tuntemaan yleisimm\u00e4t sis\u00e4johtoasennuksissa k\u00e4ytett\u00e4v\u00e4t asennustarvikkeet<\/li>\n<li>oppia tuntemaan yleisimm\u00e4t sis\u00e4johtoasennuksissa k\u00e4ytett\u00e4v\u00e4t uppoasennuskalusteet<\/li>\n<li>tutustua sis\u00e4johtoasennuksien keskeisiin ty\u00f6vaiheisiin<\/li>\n<li>oppia tuntemaan porrasvaloautomaatin toiminta ja kytkenn\u00e4t<\/li>\n<\/ul>\n<h3><span style=\"text-decoration: underline\"><b>TIIMIN OPPIMISTEHT\u00c4V\u00c4T:<\/b><\/span><\/h3>\n<p>Kirja: Sis\u00e4johtoasennukset harjoitusty\u00f6kirja<\/p>\n<ul>\n<li>2.8 Valojen ohjaus porrasvaloautomaatilla<\/li>\n<\/ul>\n<h3><span style=\"text-decoration: underline\"><strong>TEHT\u00c4VIEN PALAUTUS:<\/strong><\/span><\/h3>\n<h5>Tiimin oppimisteht\u00e4v\u00e4t:<\/h5>\n<ul>\n<li>Tiimin oppimisteht\u00e4vist\u00e4 jokainen opiskelija tekee blogi p\u00e4ivityksen omaan blogiinsa = oppimisp\u00e4iv\u00e4kirja\n<ul>\n<li>Videoita, kuvia ja teksti\u00e4<\/li>\n<\/ul>\n<\/li>\n<li>Oppimisteht\u00e4vien edetess\u00e4 tehd\u00e4\u00e4n k\u00e4ytt\u00f6\u00f6nottotarkastukset SFS6002 ohjeiden mukaisesti.<\/li>\n<li>Oppimisteht\u00e4v\u00e4n ollessa valmis se tarkastutetaan ohjaavalla opettajalla.<\/li>\n<li>Opettajan annetua lupa, tiimi purkaa asennukset, vie tarviikkeet paikalleen ja siivoa ty\u00f6pisteen -&gt; Lopputarkastus opettajalla -&gt; Opettaja kirjaa t\u00e4ss\u00e4 vaiheessa suoritusmerkinn\u00e4t wilmaan.<\/li>\n<\/ul>\n","protected":false},"excerpt":{"rendered":"<p>15.8.2014 Jari Peura TEHT\u00c4V\u00c4N TAVOITE Oppimisteht\u00e4v\u00e4n tavoiteena on oppia tuntemaan yleisimm\u00e4t sis\u00e4johtoasennuksissa k\u00e4ytett\u00e4v\u00e4t asennustarvikkeet oppia tuntemaan yleisimm\u00e4t sis\u00e4johtoasennuksissa k\u00e4ytett\u00e4v\u00e4t uppoasennuskalusteet tutustua sis\u00e4johtoasennuksien keskeisiin ty\u00f6vaiheisiin oppia tuntemaan porrasvaloautomaatin toiminta ja kytkenn\u00e4t TIIMIN OPPIMISTEHT\u00c4V\u00c4T: Kirja: Sis\u00e4johtoasennukset harjoitusty\u00f6kirja 2.8 Valojen ohjaus porrasvaloautomaatilla TEHT\u00c4VIEN PALAUTUS: Tiimin oppimisteht\u00e4v\u00e4t: Tiimin oppimisteht\u00e4vist\u00e4 jokainen opiskelija tekee blogi p\u00e4ivityksen omaan blogiinsa = oppimisp\u00e4iv\u00e4kirja Videoita, &hellip; <a href=\"https:\/\/blogit.gradia.fi\/sahkonet\/sahko-ja-automaatioasennukset\/oppimistehtavat\/kiinteistojen-sahkoasennukset\/sisajohtoasennukset\/saot8_valojen-ohjaus-porrasvaloautomaatilla\/\" class=\"more-link\">Jatka lukemista <span class=\"screen-reader-text\">SAOT8, Valojen ohjaus porrasvaloautomaatilla<\/span> <span class=\"meta-nav\">&rarr;<\/span><\/a><\/p>\n","protected":false},"author":153,"featured_media":0,"parent":87,"menu_order":8,"comment_status":"closed","ping_status":"closed","template":"","meta":{"_uag_custom_page_level_css":"","footnotes":""},"class_list":["post-133","page","type-page","status-publish","hentry"],"yoast_head":"<!-- This site is optimized with the Yoast SEO plugin v27.4 - https:\/\/yoast.com\/product\/yoast-seo-wordpress\/ -->\n<title>SAOT8, Valojen ohjaus porrasvaloautomaatilla - S\u00e4hk\u00f6Net<\/title>\n<meta name=\"robots\" content=\"index, follow, max-snippet:-1, max-image-preview:large, max-video-preview:-1\" \/>\n<link rel=\"canonical\" href=\"https:\/\/blogit.gradia.fi\/sahkonet\/sahko-ja-automaatioasennukset\/oppimistehtavat\/kiinteistojen-sahkoasennukset\/sisajohtoasennukset\/saot8_valojen-ohjaus-porrasvaloautomaatilla\/\" \/>\n<meta property=\"og:locale\" content=\"fi_FI\" \/>\n<meta property=\"og:type\" content=\"article\" \/>\n<meta property=\"og:title\" content=\"SAOT8, Valojen ohjaus porrasvaloautomaatilla - S\u00e4hk\u00f6Net\" \/>\n<meta property=\"og:description\" content=\"15.8.2014 Jari Peura TEHT\u00c4V\u00c4N TAVOITE Oppimisteht\u00e4v\u00e4n tavoiteena on oppia tuntemaan yleisimm\u00e4t sis\u00e4johtoasennuksissa k\u00e4ytett\u00e4v\u00e4t asennustarvikkeet oppia tuntemaan yleisimm\u00e4t sis\u00e4johtoasennuksissa k\u00e4ytett\u00e4v\u00e4t uppoasennuskalusteet tutustua sis\u00e4johtoasennuksien keskeisiin ty\u00f6vaiheisiin oppia tuntemaan porrasvaloautomaatin toiminta ja kytkenn\u00e4t TIIMIN OPPIMISTEHT\u00c4V\u00c4T: Kirja: Sis\u00e4johtoasennukset harjoitusty\u00f6kirja 2.8 Valojen ohjaus porrasvaloautomaatilla TEHT\u00c4VIEN PALAUTUS: Tiimin oppimisteht\u00e4v\u00e4t: Tiimin oppimisteht\u00e4vist\u00e4 jokainen opiskelija tekee blogi p\u00e4ivityksen omaan blogiinsa = oppimisp\u00e4iv\u00e4kirja Videoita, &hellip; Jatka lukemista SAOT8, Valojen ohjaus porrasvaloautomaatilla &rarr;\" \/>\n<meta property=\"og:url\" content=\"https:\/\/blogit.gradia.fi\/sahkonet\/sahko-ja-automaatioasennukset\/oppimistehtavat\/kiinteistojen-sahkoasennukset\/sisajohtoasennukset\/saot8_valojen-ohjaus-porrasvaloautomaatilla\/\" \/>\n<meta property=\"og:site_name\" content=\"S\u00e4hk\u00f6Net\" \/>\n<meta property=\"article:modified_time\" content=\"2014-10-13T16:50:19+00:00\" \/>\n<meta name=\"twitter:card\" content=\"summary_large_image\" \/>\n<meta name=\"twitter:label1\" content=\"Arvioitu lukuaika\" \/>\n\t<meta name=\"twitter:data1\" content=\"1 minuutti\" \/>\n<script type=\"application\/ld+json\" class=\"yoast-schema-graph\">{\"@context\":\"https:\\\/\\\/schema.org\",\"@graph\":[{\"@type\":\"WebPage\",\"@id\":\"https:\\\/\\\/blogit.gradia.fi\\\/sahkonet\\\/sahko-ja-automaatioasennukset\\\/oppimistehtavat\\\/kiinteistojen-sahkoasennukset\\\/sisajohtoasennukset\\\/saot8_valojen-ohjaus-porrasvaloautomaatilla\\\/\",\"url\":\"https:\\\/\\\/blogit.gradia.fi\\\/sahkonet\\\/sahko-ja-automaatioasennukset\\\/oppimistehtavat\\\/kiinteistojen-sahkoasennukset\\\/sisajohtoasennukset\\\/saot8_valojen-ohjaus-porrasvaloautomaatilla\\\/\",\"name\":\"SAOT8, Valojen ohjaus porrasvaloautomaatilla - S\u00e4hk\u00f6Net\",\"isPartOf\":{\"@id\":\"https:\\\/\\\/blogit.gradia.fi\\\/sahkonet\\\/#website\"},\"datePublished\":\"2014-05-01T09:40:29+00:00\",\"dateModified\":\"2014-10-13T16:50:19+00:00\",\"breadcrumb\":{\"@id\":\"https:\\\/\\\/blogit.gradia.fi\\\/sahkonet\\\/sahko-ja-automaatioasennukset\\\/oppimistehtavat\\\/kiinteistojen-sahkoasennukset\\\/sisajohtoasennukset\\\/saot8_valojen-ohjaus-porrasvaloautomaatilla\\\/#breadcrumb\"},\"inLanguage\":\"fi\",\"potentialAction\":[{\"@type\":\"ReadAction\",\"target\":[\"https:\\\/\\\/blogit.gradia.fi\\\/sahkonet\\\/sahko-ja-automaatioasennukset\\\/oppimistehtavat\\\/kiinteistojen-sahkoasennukset\\\/sisajohtoasennukset\\\/saot8_valojen-ohjaus-porrasvaloautomaatilla\\\/\"]}]},{\"@type\":\"BreadcrumbList\",\"@id\":\"https:\\\/\\\/blogit.gradia.fi\\\/sahkonet\\\/sahko-ja-automaatioasennukset\\\/oppimistehtavat\\\/kiinteistojen-sahkoasennukset\\\/sisajohtoasennukset\\\/saot8_valojen-ohjaus-porrasvaloautomaatilla\\\/#breadcrumb\",\"itemListElement\":[{\"@type\":\"ListItem\",\"position\":1,\"name\":\"S\u00e4hk\u00f6- ja automaatioasennukset (20ov)\",\"item\":\"https:\\\/\\\/blogit.gradia.fi\\\/sahkonet\\\/sahko-ja-automaatioasennukset\\\/\"},{\"@type\":\"ListItem\",\"position\":2,\"name\":\"Oppimisteht\u00e4v\u00e4t\",\"item\":\"https:\\\/\\\/blogit.gradia.fi\\\/sahkonet\\\/sahko-ja-automaatioasennukset\\\/oppimistehtavat\\\/\"},{\"@type\":\"ListItem\",\"position\":3,\"name\":\"Kiinteist\u00f6jen s\u00e4hk\u00f6asennukset\",\"item\":\"https:\\\/\\\/blogit.gradia.fi\\\/sahkonet\\\/sahko-ja-automaatioasennukset\\\/oppimistehtavat\\\/kiinteistojen-sahkoasennukset\\\/\"},{\"@type\":\"ListItem\",\"position\":4,\"name\":\"Sis\u00e4johtoasennukset\",\"item\":\"https:\\\/\\\/blogit.gradia.fi\\\/sahkonet\\\/sahko-ja-automaatioasennukset\\\/oppimistehtavat\\\/kiinteistojen-sahkoasennukset\\\/sisajohtoasennukset\\\/\"},{\"@type\":\"ListItem\",\"position\":5,\"name\":\"SAOT8, Valojen ohjaus porrasvaloautomaatilla\"}]},{\"@type\":\"WebSite\",\"@id\":\"https:\\\/\\\/blogit.gradia.fi\\\/sahkonet\\\/#website\",\"url\":\"https:\\\/\\\/blogit.gradia.fi\\\/sahkonet\\\/\",\"name\":\"S\u00e4hk\u00f6Net\",\"description\":\"S\u00e4hk\u00f6- ja automaatiotekniikan perustutkinto\",\"potentialAction\":[{\"@type\":\"SearchAction\",\"target\":{\"@type\":\"EntryPoint\",\"urlTemplate\":\"https:\\\/\\\/blogit.gradia.fi\\\/sahkonet\\\/?s={search_term_string}\"},\"query-input\":{\"@type\":\"PropertyValueSpecification\",\"valueRequired\":true,\"valueName\":\"search_term_string\"}}],\"inLanguage\":\"fi\"}]}<\/script>\n<!-- \/ Yoast SEO plugin. -->","yoast_head_json":{"title":"SAOT8, Valojen ohjaus porrasvaloautomaatilla - S\u00e4hk\u00f6Net","robots":{"index":"index","follow":"follow","max-snippet":"max-snippet:-1","max-image-preview":"max-image-preview:large","max-video-preview":"max-video-preview:-1"},"canonical":"https:\/\/blogit.gradia.fi\/sahkonet\/sahko-ja-automaatioasennukset\/oppimistehtavat\/kiinteistojen-sahkoasennukset\/sisajohtoasennukset\/saot8_valojen-ohjaus-porrasvaloautomaatilla\/","og_locale":"fi_FI","og_type":"article","og_title":"SAOT8, Valojen ohjaus porrasvaloautomaatilla - S\u00e4hk\u00f6Net","og_description":"15.8.2014 Jari Peura TEHT\u00c4V\u00c4N TAVOITE Oppimisteht\u00e4v\u00e4n tavoiteena on oppia tuntemaan yleisimm\u00e4t sis\u00e4johtoasennuksissa k\u00e4ytett\u00e4v\u00e4t asennustarvikkeet oppia tuntemaan yleisimm\u00e4t sis\u00e4johtoasennuksissa k\u00e4ytett\u00e4v\u00e4t uppoasennuskalusteet tutustua sis\u00e4johtoasennuksien keskeisiin ty\u00f6vaiheisiin oppia tuntemaan porrasvaloautomaatin toiminta ja kytkenn\u00e4t TIIMIN OPPIMISTEHT\u00c4V\u00c4T: Kirja: Sis\u00e4johtoasennukset harjoitusty\u00f6kirja 2.8 Valojen ohjaus porrasvaloautomaatilla TEHT\u00c4VIEN PALAUTUS: Tiimin oppimisteht\u00e4v\u00e4t: Tiimin oppimisteht\u00e4vist\u00e4 jokainen opiskelija tekee blogi p\u00e4ivityksen omaan blogiinsa = oppimisp\u00e4iv\u00e4kirja Videoita, &hellip; Jatka lukemista SAOT8, Valojen ohjaus porrasvaloautomaatilla &rarr;","og_url":"https:\/\/blogit.gradia.fi\/sahkonet\/sahko-ja-automaatioasennukset\/oppimistehtavat\/kiinteistojen-sahkoasennukset\/sisajohtoasennukset\/saot8_valojen-ohjaus-porrasvaloautomaatilla\/","og_site_name":"S\u00e4hk\u00f6Net","article_modified_time":"2014-10-13T16:50:19+00:00","twitter_card":"summary_large_image","twitter_misc":{"Arvioitu lukuaika":"1 minuutti"},"schema":{"@context":"https:\/\/schema.org","@graph":[{"@type":"WebPage","@id":"https:\/\/blogit.gradia.fi\/sahkonet\/sahko-ja-automaatioasennukset\/oppimistehtavat\/kiinteistojen-sahkoasennukset\/sisajohtoasennukset\/saot8_valojen-ohjaus-porrasvaloautomaatilla\/","url":"https:\/\/blogit.gradia.fi\/sahkonet\/sahko-ja-automaatioasennukset\/oppimistehtavat\/kiinteistojen-sahkoasennukset\/sisajohtoasennukset\/saot8_valojen-ohjaus-porrasvaloautomaatilla\/","name":"SAOT8, Valojen ohjaus porrasvaloautomaatilla - S\u00e4hk\u00f6Net","isPartOf":{"@id":"https:\/\/blogit.gradia.fi\/sahkonet\/#website"},"datePublished":"2014-05-01T09:40:29+00:00","dateModified":"2014-10-13T16:50:19+00:00","breadcrumb":{"@id":"https:\/\/blogit.gradia.fi\/sahkonet\/sahko-ja-automaatioasennukset\/oppimistehtavat\/kiinteistojen-sahkoasennukset\/sisajohtoasennukset\/saot8_valojen-ohjaus-porrasvaloautomaatilla\/#breadcrumb"},"inLanguage":"fi","potentialAction":[{"@type":"ReadAction","target":["https:\/\/blogit.gradia.fi\/sahkonet\/sahko-ja-automaatioasennukset\/oppimistehtavat\/kiinteistojen-sahkoasennukset\/sisajohtoasennukset\/saot8_valojen-ohjaus-porrasvaloautomaatilla\/"]}]},{"@type":"BreadcrumbList","@id":"https:\/\/blogit.gradia.fi\/sahkonet\/sahko-ja-automaatioasennukset\/oppimistehtavat\/kiinteistojen-sahkoasennukset\/sisajohtoasennukset\/saot8_valojen-ohjaus-porrasvaloautomaatilla\/#breadcrumb","itemListElement":[{"@type":"ListItem","position":1,"name":"S\u00e4hk\u00f6- ja automaatioasennukset (20ov)","item":"https:\/\/blogit.gradia.fi\/sahkonet\/sahko-ja-automaatioasennukset\/"},{"@type":"ListItem","position":2,"name":"Oppimisteht\u00e4v\u00e4t","item":"https:\/\/blogit.gradia.fi\/sahkonet\/sahko-ja-automaatioasennukset\/oppimistehtavat\/"},{"@type":"ListItem","position":3,"name":"Kiinteist\u00f6jen s\u00e4hk\u00f6asennukset","item":"https:\/\/blogit.gradia.fi\/sahkonet\/sahko-ja-automaatioasennukset\/oppimistehtavat\/kiinteistojen-sahkoasennukset\/"},{"@type":"ListItem","position":4,"name":"Sis\u00e4johtoasennukset","item":"https:\/\/blogit.gradia.fi\/sahkonet\/sahko-ja-automaatioasennukset\/oppimistehtavat\/kiinteistojen-sahkoasennukset\/sisajohtoasennukset\/"},{"@type":"ListItem","position":5,"name":"SAOT8, Valojen ohjaus porrasvaloautomaatilla"}]},{"@type":"WebSite","@id":"https:\/\/blogit.gradia.fi\/sahkonet\/#website","url":"https:\/\/blogit.gradia.fi\/sahkonet\/","name":"S\u00e4hk\u00f6Net","description":"S\u00e4hk\u00f6- ja automaatiotekniikan perustutkinto","potentialAction":[{"@type":"SearchAction","target":{"@type":"EntryPoint","urlTemplate":"https:\/\/blogit.gradia.fi\/sahkonet\/?s={search_term_string}"},"query-input":{"@type":"PropertyValueSpecification","valueRequired":true,"valueName":"search_term_string"}}],"inLanguage":"fi"}]}},"uagb_featured_image_src":{"full":false,"thumbnail":false,"medium":false,"medium_large":false,"large":false,"1536x1536":false,"2048x2048":false,"post-thumbnail":false,"twentyfourteen-full-width":false},"uagb_author_info":{"display_name":"Minna Puoliv\u00e4li","author_link":"https:\/\/blogit.gradia.fi\/sahkonet\/author\/puolimin\/"},"uagb_comment_info":0,"uagb_excerpt":"15.8.2014 Jari Peura TEHT\u00c4V\u00c4N TAVOITE Oppimisteht\u00e4v\u00e4n tavoiteena on oppia tuntemaan yleisimm\u00e4t sis\u00e4johtoasennuksissa k\u00e4ytett\u00e4v\u00e4t asennustarvikkeet oppia tuntemaan yleisimm\u00e4t sis\u00e4johtoasennuksissa k\u00e4ytett\u00e4v\u00e4t uppoasennuskalusteet tutustua sis\u00e4johtoasennuksien keskeisiin ty\u00f6vaiheisiin oppia tuntemaan porrasvaloautomaatin toiminta ja kytkenn\u00e4t TIIMIN OPPIMISTEHT\u00c4V\u00c4T: Kirja: Sis\u00e4johtoasennukset harjoitusty\u00f6kirja 2.8 Valojen ohjaus porrasvaloautomaatilla TEHT\u00c4VIEN PALAUTUS: Tiimin oppimisteht\u00e4v\u00e4t: Tiimin oppimisteht\u00e4vist\u00e4 jokainen opiskelija tekee blogi p\u00e4ivityksen omaan blogiinsa = oppimisp\u00e4iv\u00e4kirja Videoita,&hellip;","_links":{"self":[{"href":"https:\/\/blogit.gradia.fi\/sahkonet\/wp-json\/wp\/v2\/pages\/133","targetHints":{"allow":["GET"]}}],"collection":[{"href":"https:\/\/blogit.gradia.fi\/sahkonet\/wp-json\/wp\/v2\/pages"}],"about":[{"href":"https:\/\/blogit.gradia.fi\/sahkonet\/wp-json\/wp\/v2\/types\/page"}],"author":[{"embeddable":true,"href":"https:\/\/blogit.gradia.fi\/sahkonet\/wp-json\/wp\/v2\/users\/153"}],"replies":[{"embeddable":true,"href":"https:\/\/blogit.gradia.fi\/sahkonet\/wp-json\/wp\/v2\/comments?post=133"}],"version-history":[{"count":0,"href":"https:\/\/blogit.gradia.fi\/sahkonet\/wp-json\/wp\/v2\/pages\/133\/revisions"}],"up":[{"embeddable":true,"href":"https:\/\/blogit.gradia.fi\/sahkonet\/wp-json\/wp\/v2\/pages\/87"}],"wp:attachment":[{"href":"https:\/\/blogit.gradia.fi\/sahkonet\/wp-json\/wp\/v2\/media?parent=133"}],"curies":[{"name":"wp","href":"https:\/\/api.w.org\/{rel}","templated":true}]}}