{"id":1320,"date":"2016-01-21T11:56:00","date_gmt":"2016-01-21T09:56:00","guid":{"rendered":"https:\/\/blogit.gradia.fi\/sahkonet\/?page_id=1320"},"modified":"2017-05-15T13:25:53","modified_gmt":"2017-05-15T10:25:53","slug":"raspberry-pi-harjoitukset","status":"publish","type":"page","link":"https:\/\/blogit.gradia.fi\/sahkonet\/kiinteistoautomaatio\/raspberry-pi-harjoitukset\/","title":{"rendered":"Raspberry Pi -harjoitukset"},"content":{"rendered":"<p>Raspberry Pi harjoitus testata inputeja (digitaalinen ja analoginen) ja outputien (analoginen, pwm) k\u00e4ytt\u00f6\u00e4.<\/p>\n<h3>Harjoitukset<\/h3>\n<ol>\n<li><a href=\"https:\/\/blogit.gradia.fi\/sahkonet\/kiinteistoautomaatio\/raspberry-pi-harjoitukset\/1-raspberry-pi-alkuasetukset\/\">Raspberry Pi alkuasetukset<\/a><\/li>\n<li><a href=\"https:\/\/blogit.gradia.fi\/sahkonet\/kiinteistoautomaatio\/raspberry-pi-harjoitukset\/2-ensimmainen-python-ohjelma\/\">Ensimm\u00e4inen Python-ohjelma<\/a><\/li>\n<li><a href=\"https:\/\/blogit.gradia.fi\/sahkonet\/kiinteistoautomaatio\/raspberry-pi-harjoitukset\/3-led-ohjaus\/\">Led-ohjaus<\/a><\/li>\n<li><a href=\"https:\/\/blogit.gradia.fi\/sahkonet\/kiinteistoautomaatio\/raspberry-pi-harjoitukset\/4-outputin-ohjaaminen-php-sivulla\/\">Outputin ohjaaminen php-sivulla<\/a><\/li>\n<li><a href=\"https:\/\/blogit.gradia.fi\/sahkonet\/kiinteistoautomaatio\/raspberry-pi-harjoitukset\/5-ledin-himmennys\/\">Ledin himmennys<\/a><\/li>\n<li><a href=\"https:\/\/blogit.gradia.fi\/sahkonet\/kiinteistoautomaatio\/raspberry-pi-harjoitukset\/6-analogitulon-kasittely\/\">Analogiatulon k\u00e4sittely<\/a><\/li>\n<li><a href=\"https:\/\/blogit.gradia.fi\/sahkonet\/kiinteistoautomaatio\/raspberry-pi-harjoitukset\/7-1-wire-lampotila-anturi\/\">OneWire l\u00e4mp\u00f6tila-anturi<\/a><\/li>\n<li><a href=\"https:\/\/blogit.gradia.fi\/sahkonet\/kiinteistoautomaatio\/raspberry-pi-harjoitukset\/8-moottoriharjoitustyo\/\">Moottoriharjoitus<\/a><\/li>\n<li><a href=\"https:\/\/blogit.gradia.fi\/sahkonet\/kiinteistoautomaatio\/raspberry-pi-harjoitukset\/9-kameravalvonta\/\">Kameravalvonta<\/a><\/li>\n<\/ol>\n<h4>Komponentit<\/h4>\n<ul>\n<li>Raspberry Pi 2 Model B, 1 Gt 900 MHz quad-core ARM Cortex-A7<\/li>\n<li>Muistikortti MicroSD<\/li>\n<li>USB-Virtal\u00e4hde microusb liit\u00e4nn\u00e4ll\u00e4<\/li>\n<li>USB-N\u00e4pp\u00e4imist\u00f6 ja USB-hiiri<\/li>\n<li>N\u00e4ytt\u00f6 HDMI liit\u00e4nn\u00e4ll\u00e4<\/li>\n<li>Tietokone, jossa SD kortin lukija<\/li>\n<li>WiFi USB Dongle (<a href=\"https:\/\/www.elfadistrelec.fi\/fi\/usb-wifi-dongle-raspberry-pi-pi-2b-raspberry-pi-raspberrypi-wifi\/p\/30037318\">Wi-Pi<\/a>)<\/li>\n<li>Liitinjohto 40-pin uros\/uros. Pituus n. 20 cm. Nauhakaapeli, jossa irroitettavia v\u00e4rikoodattuja johtoja. \u00a0<img loading=\"lazy\" decoding=\"async\" class=\"alignnone size-medium wp-image-1321\" src=\"https:\/\/blogit.gradia.fi\/sahkonet\/wp-content\/uploads\/sites\/80\/2016\/01\/johdot-300x100.jpg\" alt=\"johdot\" width=\"300\" height=\"100\" srcset=\"https:\/\/blogit.gradia.fi\/sahkonet\/wp-content\/uploads\/sites\/80\/2016\/01\/johdot-300x100.jpg 300w, https:\/\/blogit.gradia.fi\/sahkonet\/wp-content\/uploads\/sites\/80\/2016\/01\/johdot.jpg 490w\" sizes=\"auto, (max-width: 300px) 100vw, 300px\" \/><\/li>\n<li>Koekytkent\u00e4alusta<img loading=\"lazy\" decoding=\"async\" class=\"alignnone size-full wp-image-1322\" src=\"https:\/\/blogit.gradia.fi\/sahkonet\/wp-content\/uploads\/sites\/80\/2016\/01\/kkalusta.jpg\" alt=\"kkalusta\" width=\"207\" height=\"190\" \/><\/li>\n<li>Vastuksia<\/li>\n<li>Painonappi<\/li>\n<li>S\u00e4\u00e4t\u00f6vastus<\/li>\n<li>S\u00e4hk\u00f6moottori ( 5&#8230;12VDC. Vaihteistomoottori 27 &#8212;33 rpm \u00a0esim: <a href=\"http:\/\/www.bebek.fi\/kauppa\/lisatiedot.php?&amp;tuote_id=16497\">http:\/\/www.bebek.fi\/kauppa\/lisatiedot.php?&amp;tuote_id=16497<\/a>).<\/li>\n<\/ul>\n<h4>Ohjelmistot<\/h4>\n<p>Raspbian\u00a0<a href=\"https:\/\/www.raspberrypi.org\/downloads\/raspbian\/\">https:\/\/www.raspberrypi.org\/downloads\/raspbian\/<\/a><\/p>\n<p>Win32 Disk Imager -k\u00e4ytt\u00f6j\u00e4rjestelm\u00e4n asentamiseksi muistikortille Windowsissa: 1<a href=\"http:\/\/sourceforge.net\/projects\/win32diskimager\/\">http:\/\/sourceforge.net\/projects\/win32diskimager\/<\/a><\/p>\n<p><a href=\"http:\/\/fritzing.org\/download\/\">http:\/\/fritzing.org\/download\/<\/a><\/p>\n","protected":false},"excerpt":{"rendered":"<p>Raspberry Pi harjoitus testata inputeja (digitaalinen ja analoginen) ja outputien (analoginen, pwm) k\u00e4ytt\u00f6\u00e4. Harjoitukset Raspberry Pi alkuasetukset Ensimm\u00e4inen Python-ohjelma Led-ohjaus Outputin ohjaaminen php-sivulla Ledin himmennys Analogiatulon k\u00e4sittely OneWire l\u00e4mp\u00f6tila-anturi Moottoriharjoitus Kameravalvonta Komponentit Raspberry Pi 2 Model B, 1 Gt 900 MHz quad-core ARM Cortex-A7 Muistikortti MicroSD USB-Virtal\u00e4hde microusb liit\u00e4nn\u00e4ll\u00e4 USB-N\u00e4pp\u00e4imist\u00f6 ja USB-hiiri N\u00e4ytt\u00f6 HDMI liit\u00e4nn\u00e4ll\u00e4 &hellip; <a href=\"https:\/\/blogit.gradia.fi\/sahkonet\/kiinteistoautomaatio\/raspberry-pi-harjoitukset\/\" class=\"more-link\">Jatka lukemista <span class=\"screen-reader-text\">Raspberry Pi -harjoitukset<\/span> <span class=\"meta-nav\">&rarr;<\/span><\/a><\/p>\n","protected":false},"author":179,"featured_media":0,"parent":13,"menu_order":5,"comment_status":"closed","ping_status":"closed","template":"","meta":{"_uag_custom_page_level_css":"","footnotes":""},"class_list":["post-1320","page","type-page","status-publish","hentry"],"yoast_head":"<!-- This site is optimized with the Yoast SEO plugin v27.4 - https:\/\/yoast.com\/product\/yoast-seo-wordpress\/ -->\n<title>Raspberry Pi -harjoitukset - S\u00e4hk\u00f6Net<\/title>\n<meta name=\"robots\" content=\"index, follow, max-snippet:-1, max-image-preview:large, max-video-preview:-1\" \/>\n<link rel=\"canonical\" href=\"https:\/\/blogit.gradia.fi\/sahkonet\/kiinteistoautomaatio\/raspberry-pi-harjoitukset\/\" \/>\n<meta property=\"og:locale\" content=\"fi_FI\" \/>\n<meta property=\"og:type\" content=\"article\" \/>\n<meta property=\"og:title\" content=\"Raspberry Pi -harjoitukset - S\u00e4hk\u00f6Net\" \/>\n<meta property=\"og:description\" content=\"Raspberry Pi harjoitus testata inputeja (digitaalinen ja analoginen) ja outputien (analoginen, pwm) k\u00e4ytt\u00f6\u00e4. Harjoitukset Raspberry Pi alkuasetukset Ensimm\u00e4inen Python-ohjelma Led-ohjaus Outputin ohjaaminen php-sivulla Ledin himmennys Analogiatulon k\u00e4sittely OneWire l\u00e4mp\u00f6tila-anturi Moottoriharjoitus Kameravalvonta Komponentit Raspberry Pi 2 Model B, 1 Gt 900 MHz quad-core ARM Cortex-A7 Muistikortti MicroSD USB-Virtal\u00e4hde microusb liit\u00e4nn\u00e4ll\u00e4 USB-N\u00e4pp\u00e4imist\u00f6 ja USB-hiiri N\u00e4ytt\u00f6 HDMI liit\u00e4nn\u00e4ll\u00e4 &hellip; Jatka lukemista Raspberry Pi -harjoitukset &rarr;\" \/>\n<meta property=\"og:url\" content=\"https:\/\/blogit.gradia.fi\/sahkonet\/kiinteistoautomaatio\/raspberry-pi-harjoitukset\/\" \/>\n<meta property=\"og:site_name\" content=\"S\u00e4hk\u00f6Net\" \/>\n<meta property=\"article:modified_time\" content=\"2017-05-15T10:25:53+00:00\" \/>\n<meta property=\"og:image\" content=\"https:\/\/blogit.gradia.fi\/sahkonet\/wp-content\/uploads\/sites\/80\/2016\/01\/johdot-300x100.jpg\" \/>\n<meta name=\"twitter:card\" content=\"summary_large_image\" \/>\n<meta name=\"twitter:label1\" content=\"Arvioitu lukuaika\" \/>\n\t<meta name=\"twitter:data1\" content=\"1 minuutti\" \/>\n<script type=\"application\/ld+json\" class=\"yoast-schema-graph\">{\"@context\":\"https:\\\/\\\/schema.org\",\"@graph\":[{\"@type\":\"WebPage\",\"@id\":\"https:\\\/\\\/blogit.gradia.fi\\\/sahkonet\\\/kiinteistoautomaatio\\\/raspberry-pi-harjoitukset\\\/\",\"url\":\"https:\\\/\\\/blogit.gradia.fi\\\/sahkonet\\\/kiinteistoautomaatio\\\/raspberry-pi-harjoitukset\\\/\",\"name\":\"Raspberry Pi -harjoitukset - S\u00e4hk\u00f6Net\",\"isPartOf\":{\"@id\":\"https:\\\/\\\/blogit.gradia.fi\\\/sahkonet\\\/#website\"},\"primaryImageOfPage\":{\"@id\":\"https:\\\/\\\/blogit.gradia.fi\\\/sahkonet\\\/kiinteistoautomaatio\\\/raspberry-pi-harjoitukset\\\/#primaryimage\"},\"image\":{\"@id\":\"https:\\\/\\\/blogit.gradia.fi\\\/sahkonet\\\/kiinteistoautomaatio\\\/raspberry-pi-harjoitukset\\\/#primaryimage\"},\"thumbnailUrl\":\"https:\\\/\\\/blogit.gradia.fi\\\/sahkonet\\\/wp-content\\\/uploads\\\/sites\\\/80\\\/2016\\\/01\\\/johdot-300x100.jpg\",\"datePublished\":\"2016-01-21T09:56:00+00:00\",\"dateModified\":\"2017-05-15T10:25:53+00:00\",\"breadcrumb\":{\"@id\":\"https:\\\/\\\/blogit.gradia.fi\\\/sahkonet\\\/kiinteistoautomaatio\\\/raspberry-pi-harjoitukset\\\/#breadcrumb\"},\"inLanguage\":\"fi\",\"potentialAction\":[{\"@type\":\"ReadAction\",\"target\":[\"https:\\\/\\\/blogit.gradia.fi\\\/sahkonet\\\/kiinteistoautomaatio\\\/raspberry-pi-harjoitukset\\\/\"]}]},{\"@type\":\"ImageObject\",\"inLanguage\":\"fi\",\"@id\":\"https:\\\/\\\/blogit.gradia.fi\\\/sahkonet\\\/kiinteistoautomaatio\\\/raspberry-pi-harjoitukset\\\/#primaryimage\",\"url\":\"https:\\\/\\\/blogit.gradia.fi\\\/sahkonet\\\/wp-content\\\/uploads\\\/sites\\\/80\\\/2016\\\/01\\\/johdot.jpg\",\"contentUrl\":\"https:\\\/\\\/blogit.gradia.fi\\\/sahkonet\\\/wp-content\\\/uploads\\\/sites\\\/80\\\/2016\\\/01\\\/johdot.jpg\",\"width\":490,\"height\":164},{\"@type\":\"BreadcrumbList\",\"@id\":\"https:\\\/\\\/blogit.gradia.fi\\\/sahkonet\\\/kiinteistoautomaatio\\\/raspberry-pi-harjoitukset\\\/#breadcrumb\",\"itemListElement\":[{\"@type\":\"ListItem\",\"position\":1,\"name\":\"Kiinteist\u00f6jen automaatio- ja tietoj\u00e4rjestelm\u00e4t (30 osp)\",\"item\":\"https:\\\/\\\/blogit.gradia.fi\\\/sahkonet\\\/kiinteistoautomaatio\\\/\"},{\"@type\":\"ListItem\",\"position\":2,\"name\":\"Raspberry Pi -harjoitukset\"}]},{\"@type\":\"WebSite\",\"@id\":\"https:\\\/\\\/blogit.gradia.fi\\\/sahkonet\\\/#website\",\"url\":\"https:\\\/\\\/blogit.gradia.fi\\\/sahkonet\\\/\",\"name\":\"S\u00e4hk\u00f6Net\",\"description\":\"S\u00e4hk\u00f6- ja automaatiotekniikan perustutkinto\",\"potentialAction\":[{\"@type\":\"SearchAction\",\"target\":{\"@type\":\"EntryPoint\",\"urlTemplate\":\"https:\\\/\\\/blogit.gradia.fi\\\/sahkonet\\\/?s={search_term_string}\"},\"query-input\":{\"@type\":\"PropertyValueSpecification\",\"valueRequired\":true,\"valueName\":\"search_term_string\"}}],\"inLanguage\":\"fi\"}]}<\/script>\n<!-- \/ Yoast SEO plugin. -->","yoast_head_json":{"title":"Raspberry Pi -harjoitukset - S\u00e4hk\u00f6Net","robots":{"index":"index","follow":"follow","max-snippet":"max-snippet:-1","max-image-preview":"max-image-preview:large","max-video-preview":"max-video-preview:-1"},"canonical":"https:\/\/blogit.gradia.fi\/sahkonet\/kiinteistoautomaatio\/raspberry-pi-harjoitukset\/","og_locale":"fi_FI","og_type":"article","og_title":"Raspberry Pi -harjoitukset - S\u00e4hk\u00f6Net","og_description":"Raspberry Pi harjoitus testata inputeja (digitaalinen ja analoginen) ja outputien (analoginen, pwm) k\u00e4ytt\u00f6\u00e4. Harjoitukset Raspberry Pi alkuasetukset Ensimm\u00e4inen Python-ohjelma Led-ohjaus Outputin ohjaaminen php-sivulla Ledin himmennys Analogiatulon k\u00e4sittely OneWire l\u00e4mp\u00f6tila-anturi Moottoriharjoitus Kameravalvonta Komponentit Raspberry Pi 2 Model B, 1 Gt 900 MHz quad-core ARM Cortex-A7 Muistikortti MicroSD USB-Virtal\u00e4hde microusb liit\u00e4nn\u00e4ll\u00e4 USB-N\u00e4pp\u00e4imist\u00f6 ja USB-hiiri N\u00e4ytt\u00f6 HDMI liit\u00e4nn\u00e4ll\u00e4 &hellip; Jatka lukemista Raspberry Pi -harjoitukset &rarr;","og_url":"https:\/\/blogit.gradia.fi\/sahkonet\/kiinteistoautomaatio\/raspberry-pi-harjoitukset\/","og_site_name":"S\u00e4hk\u00f6Net","article_modified_time":"2017-05-15T10:25:53+00:00","og_image":[{"url":"https:\/\/blogit.gradia.fi\/sahkonet\/wp-content\/uploads\/sites\/80\/2016\/01\/johdot-300x100.jpg","type":"","width":"","height":""}],"twitter_card":"summary_large_image","twitter_misc":{"Arvioitu lukuaika":"1 minuutti"},"schema":{"@context":"https:\/\/schema.org","@graph":[{"@type":"WebPage","@id":"https:\/\/blogit.gradia.fi\/sahkonet\/kiinteistoautomaatio\/raspberry-pi-harjoitukset\/","url":"https:\/\/blogit.gradia.fi\/sahkonet\/kiinteistoautomaatio\/raspberry-pi-harjoitukset\/","name":"Raspberry Pi -harjoitukset - S\u00e4hk\u00f6Net","isPartOf":{"@id":"https:\/\/blogit.gradia.fi\/sahkonet\/#website"},"primaryImageOfPage":{"@id":"https:\/\/blogit.gradia.fi\/sahkonet\/kiinteistoautomaatio\/raspberry-pi-harjoitukset\/#primaryimage"},"image":{"@id":"https:\/\/blogit.gradia.fi\/sahkonet\/kiinteistoautomaatio\/raspberry-pi-harjoitukset\/#primaryimage"},"thumbnailUrl":"https:\/\/blogit.gradia.fi\/sahkonet\/wp-content\/uploads\/sites\/80\/2016\/01\/johdot-300x100.jpg","datePublished":"2016-01-21T09:56:00+00:00","dateModified":"2017-05-15T10:25:53+00:00","breadcrumb":{"@id":"https:\/\/blogit.gradia.fi\/sahkonet\/kiinteistoautomaatio\/raspberry-pi-harjoitukset\/#breadcrumb"},"inLanguage":"fi","potentialAction":[{"@type":"ReadAction","target":["https:\/\/blogit.gradia.fi\/sahkonet\/kiinteistoautomaatio\/raspberry-pi-harjoitukset\/"]}]},{"@type":"ImageObject","inLanguage":"fi","@id":"https:\/\/blogit.gradia.fi\/sahkonet\/kiinteistoautomaatio\/raspberry-pi-harjoitukset\/#primaryimage","url":"https:\/\/blogit.gradia.fi\/sahkonet\/wp-content\/uploads\/sites\/80\/2016\/01\/johdot.jpg","contentUrl":"https:\/\/blogit.gradia.fi\/sahkonet\/wp-content\/uploads\/sites\/80\/2016\/01\/johdot.jpg","width":490,"height":164},{"@type":"BreadcrumbList","@id":"https:\/\/blogit.gradia.fi\/sahkonet\/kiinteistoautomaatio\/raspberry-pi-harjoitukset\/#breadcrumb","itemListElement":[{"@type":"ListItem","position":1,"name":"Kiinteist\u00f6jen automaatio- ja tietoj\u00e4rjestelm\u00e4t (30 osp)","item":"https:\/\/blogit.gradia.fi\/sahkonet\/kiinteistoautomaatio\/"},{"@type":"ListItem","position":2,"name":"Raspberry Pi -harjoitukset"}]},{"@type":"WebSite","@id":"https:\/\/blogit.gradia.fi\/sahkonet\/#website","url":"https:\/\/blogit.gradia.fi\/sahkonet\/","name":"S\u00e4hk\u00f6Net","description":"S\u00e4hk\u00f6- ja automaatiotekniikan perustutkinto","potentialAction":[{"@type":"SearchAction","target":{"@type":"EntryPoint","urlTemplate":"https:\/\/blogit.gradia.fi\/sahkonet\/?s={search_term_string}"},"query-input":{"@type":"PropertyValueSpecification","valueRequired":true,"valueName":"search_term_string"}}],"inLanguage":"fi"}]}},"uagb_featured_image_src":{"full":false,"thumbnail":false,"medium":false,"medium_large":false,"large":false,"1536x1536":false,"2048x2048":false,"post-thumbnail":false,"twentyfourteen-full-width":false},"uagb_author_info":{"display_name":"Pia Tolonen","author_link":"https:\/\/blogit.gradia.fi\/sahkonet\/author\/halmepia\/"},"uagb_comment_info":0,"uagb_excerpt":"Raspberry Pi harjoitus testata inputeja (digitaalinen ja analoginen) ja outputien (analoginen, pwm) k\u00e4ytt\u00f6\u00e4. Harjoitukset Raspberry Pi alkuasetukset Ensimm\u00e4inen Python-ohjelma Led-ohjaus Outputin ohjaaminen php-sivulla Ledin himmennys Analogiatulon k\u00e4sittely OneWire l\u00e4mp\u00f6tila-anturi Moottoriharjoitus Kameravalvonta Komponentit Raspberry Pi 2 Model B, 1 Gt 900 MHz quad-core ARM Cortex-A7 Muistikortti MicroSD USB-Virtal\u00e4hde microusb liit\u00e4nn\u00e4ll\u00e4 USB-N\u00e4pp\u00e4imist\u00f6 ja USB-hiiri N\u00e4ytt\u00f6 HDMI liit\u00e4nn\u00e4ll\u00e4&hellip;","_links":{"self":[{"href":"https:\/\/blogit.gradia.fi\/sahkonet\/wp-json\/wp\/v2\/pages\/1320","targetHints":{"allow":["GET"]}}],"collection":[{"href":"https:\/\/blogit.gradia.fi\/sahkonet\/wp-json\/wp\/v2\/pages"}],"about":[{"href":"https:\/\/blogit.gradia.fi\/sahkonet\/wp-json\/wp\/v2\/types\/page"}],"author":[{"embeddable":true,"href":"https:\/\/blogit.gradia.fi\/sahkonet\/wp-json\/wp\/v2\/users\/179"}],"replies":[{"embeddable":true,"href":"https:\/\/blogit.gradia.fi\/sahkonet\/wp-json\/wp\/v2\/comments?post=1320"}],"version-history":[{"count":0,"href":"https:\/\/blogit.gradia.fi\/sahkonet\/wp-json\/wp\/v2\/pages\/1320\/revisions"}],"up":[{"embeddable":true,"href":"https:\/\/blogit.gradia.fi\/sahkonet\/wp-json\/wp\/v2\/pages\/13"}],"wp:attachment":[{"href":"https:\/\/blogit.gradia.fi\/sahkonet\/wp-json\/wp\/v2\/media?parent=1320"}],"curies":[{"name":"wp","href":"https:\/\/api.w.org\/{rel}","templated":true}]}}