{"id":1312,"date":"2015-12-11T12:39:13","date_gmt":"2015-12-11T10:39:13","guid":{"rendered":"https:\/\/blogit.gradia.fi\/sahkonet\/?page_id=1312"},"modified":"2016-02-17T12:34:12","modified_gmt":"2016-02-17T10:34:12","slug":"sfs6000-koe","status":"publish","type":"page","link":"https:\/\/blogit.gradia.fi\/sahkonet\/sahko-ja-automaatioasennukset\/oppimistehtavat\/sfs6000\/sfs6000-koe\/","title":{"rendered":"SFS6000 KOE"},"content":{"rendered":"<p>Koe j\u00e4rjestet\u00e4\u00e4n keskiviikkona\u00a017.2. ja torstaina 18.2.<\/p>\n<p>Ilmoittaudu kokeeseen:\u00a0<a href=\"http:\/\/goo.gl\/forms\/VxlkIZBxFn\">http:\/\/goo.gl\/forms\/VxlkIZBxFn<\/a><\/p>\n<p>Koe kest\u00e4\u00e4 2 tuntia ja mukana saa olla kirjat\u00a0SFS-k\u00e4sikirja 600-1 ja\u00a0SFS-k\u00e4sikirja 600-2. Lis\u00e4ksi mukana saa olla omia muistiinpanoja, mutta ei teht\u00e4v\u00e4papereita. Huomattavaa on se, ett\u00e4 kyn\u00e4 tulee olla mukana opiskelijalla itsell\u00e4\u00e4n!<\/p>\n<div class=\"freebirdFormviewerViewItemsCheckboxChoice\"><label class=\"freebirdMaterialCheckboxwithlabelContainer\"><span class=\"freebirdMaterialCheckboxwithlabelLabelText freebirdFormviewerViewItemsCheckboxLabel\" dir=\"auto\">Keskiviikko 17.2. klo 12:00 (SA13A, SA13D)<\/span><\/label><\/div>\n<div class=\"freebirdFormviewerViewItemsCheckboxChoice\"><label class=\"freebirdMaterialCheckboxwithlabelContainer\"><span class=\"freebirdMaterialCheckboxwithlabelLabelText freebirdFormviewerViewItemsCheckboxLabel\" dir=\"auto\">Torstai 18.2. klo 08:15 (SA14C)<\/span><\/label><\/div>\n<div class=\"freebirdFormviewerViewItemsCheckboxChoice\"><label class=\"freebirdMaterialCheckboxwithlabelContainer\"><span class=\"freebirdMaterialCheckboxwithlabelLabelText freebirdFormviewerViewItemsCheckboxLabel\" dir=\"auto\">Torstai 18.2. klo 11:15 (SA13B)<\/span><\/label><\/div>\n<div class=\"freebirdFormviewerViewItemsCheckboxChoice\"><label class=\"freebirdMaterialCheckboxwithlabelContainer\"><span class=\"freebirdMaterialCheckboxwithlabelLabelText freebirdFormviewerViewItemsCheckboxLabel\" dir=\"auto\">Maaliskuun lopussa viikolla 13 (28.3.-1.4.)<\/span><\/label><\/div>\n","protected":false},"excerpt":{"rendered":"<p>Koe j\u00e4rjestet\u00e4\u00e4n keskiviikkona\u00a017.2. ja torstaina 18.2. Ilmoittaudu kokeeseen:\u00a0http:\/\/goo.gl\/forms\/VxlkIZBxFn Koe kest\u00e4\u00e4 2 tuntia ja mukana saa olla kirjat\u00a0SFS-k\u00e4sikirja 600-1 ja\u00a0SFS-k\u00e4sikirja 600-2. Lis\u00e4ksi mukana saa olla omia muistiinpanoja, mutta ei teht\u00e4v\u00e4papereita. Huomattavaa on se, ett\u00e4 kyn\u00e4 tulee olla mukana opiskelijalla itsell\u00e4\u00e4n! Keskiviikko 17.2. klo 12:00 (SA13A, SA13D) Torstai 18.2. klo 08:15 (SA14C) Torstai 18.2. klo 11:15 (SA13B) &hellip; <a href=\"https:\/\/blogit.gradia.fi\/sahkonet\/sahko-ja-automaatioasennukset\/oppimistehtavat\/sfs6000\/sfs6000-koe\/\" class=\"more-link\">Jatka lukemista <span class=\"screen-reader-text\">SFS6000 KOE<\/span> <span class=\"meta-nav\">&rarr;<\/span><\/a><\/p>\n","protected":false},"author":179,"featured_media":0,"parent":1284,"menu_order":0,"comment_status":"closed","ping_status":"closed","template":"","meta":{"_uag_custom_page_level_css":"","footnotes":""},"class_list":["post-1312","page","type-page","status-publish","hentry"],"yoast_head":"<!-- This site is optimized with the Yoast SEO plugin v27.4 - https:\/\/yoast.com\/product\/yoast-seo-wordpress\/ -->\n<title>SFS6000 KOE - S\u00e4hk\u00f6Net<\/title>\n<meta name=\"robots\" content=\"index, follow, max-snippet:-1, max-image-preview:large, max-video-preview:-1\" \/>\n<link rel=\"canonical\" href=\"https:\/\/blogit.gradia.fi\/sahkonet\/sahko-ja-automaatioasennukset\/oppimistehtavat\/sfs6000\/sfs6000-koe\/\" \/>\n<meta property=\"og:locale\" content=\"fi_FI\" \/>\n<meta property=\"og:type\" content=\"article\" \/>\n<meta property=\"og:title\" content=\"SFS6000 KOE - S\u00e4hk\u00f6Net\" \/>\n<meta property=\"og:description\" content=\"Koe j\u00e4rjestet\u00e4\u00e4n keskiviikkona\u00a017.2. ja torstaina 18.2. Ilmoittaudu kokeeseen:\u00a0http:\/\/goo.gl\/forms\/VxlkIZBxFn Koe kest\u00e4\u00e4 2 tuntia ja mukana saa olla kirjat\u00a0SFS-k\u00e4sikirja 600-1 ja\u00a0SFS-k\u00e4sikirja 600-2. Lis\u00e4ksi mukana saa olla omia muistiinpanoja, mutta ei teht\u00e4v\u00e4papereita. Huomattavaa on se, ett\u00e4 kyn\u00e4 tulee olla mukana opiskelijalla itsell\u00e4\u00e4n! Keskiviikko 17.2. klo 12:00 (SA13A, SA13D) Torstai 18.2. klo 08:15 (SA14C) Torstai 18.2. klo 11:15 (SA13B) &hellip; Jatka lukemista SFS6000 KOE &rarr;\" \/>\n<meta property=\"og:url\" content=\"https:\/\/blogit.gradia.fi\/sahkonet\/sahko-ja-automaatioasennukset\/oppimistehtavat\/sfs6000\/sfs6000-koe\/\" \/>\n<meta property=\"og:site_name\" content=\"S\u00e4hk\u00f6Net\" \/>\n<meta property=\"article:modified_time\" content=\"2016-02-17T10:34:12+00:00\" \/>\n<meta name=\"twitter:card\" content=\"summary_large_image\" \/>\n<script type=\"application\/ld+json\" class=\"yoast-schema-graph\">{\"@context\":\"https:\\\/\\\/schema.org\",\"@graph\":[{\"@type\":\"WebPage\",\"@id\":\"https:\\\/\\\/blogit.gradia.fi\\\/sahkonet\\\/sahko-ja-automaatioasennukset\\\/oppimistehtavat\\\/sfs6000\\\/sfs6000-koe\\\/\",\"url\":\"https:\\\/\\\/blogit.gradia.fi\\\/sahkonet\\\/sahko-ja-automaatioasennukset\\\/oppimistehtavat\\\/sfs6000\\\/sfs6000-koe\\\/\",\"name\":\"SFS6000 KOE - S\u00e4hk\u00f6Net\",\"isPartOf\":{\"@id\":\"https:\\\/\\\/blogit.gradia.fi\\\/sahkonet\\\/#website\"},\"datePublished\":\"2015-12-11T10:39:13+00:00\",\"dateModified\":\"2016-02-17T10:34:12+00:00\",\"breadcrumb\":{\"@id\":\"https:\\\/\\\/blogit.gradia.fi\\\/sahkonet\\\/sahko-ja-automaatioasennukset\\\/oppimistehtavat\\\/sfs6000\\\/sfs6000-koe\\\/#breadcrumb\"},\"inLanguage\":\"fi\",\"potentialAction\":[{\"@type\":\"ReadAction\",\"target\":[\"https:\\\/\\\/blogit.gradia.fi\\\/sahkonet\\\/sahko-ja-automaatioasennukset\\\/oppimistehtavat\\\/sfs6000\\\/sfs6000-koe\\\/\"]}]},{\"@type\":\"BreadcrumbList\",\"@id\":\"https:\\\/\\\/blogit.gradia.fi\\\/sahkonet\\\/sahko-ja-automaatioasennukset\\\/oppimistehtavat\\\/sfs6000\\\/sfs6000-koe\\\/#breadcrumb\",\"itemListElement\":[{\"@type\":\"ListItem\",\"position\":1,\"name\":\"S\u00e4hk\u00f6- ja automaatioasennukset (20ov)\",\"item\":\"https:\\\/\\\/blogit.gradia.fi\\\/sahkonet\\\/sahko-ja-automaatioasennukset\\\/\"},{\"@type\":\"ListItem\",\"position\":2,\"name\":\"Oppimisteht\u00e4v\u00e4t\",\"item\":\"https:\\\/\\\/blogit.gradia.fi\\\/sahkonet\\\/sahko-ja-automaatioasennukset\\\/oppimistehtavat\\\/\"},{\"@type\":\"ListItem\",\"position\":3,\"name\":\"SFS6000\",\"item\":\"https:\\\/\\\/blogit.gradia.fi\\\/sahkonet\\\/sahko-ja-automaatioasennukset\\\/oppimistehtavat\\\/sfs6000\\\/\"},{\"@type\":\"ListItem\",\"position\":4,\"name\":\"SFS6000 KOE\"}]},{\"@type\":\"WebSite\",\"@id\":\"https:\\\/\\\/blogit.gradia.fi\\\/sahkonet\\\/#website\",\"url\":\"https:\\\/\\\/blogit.gradia.fi\\\/sahkonet\\\/\",\"name\":\"S\u00e4hk\u00f6Net\",\"description\":\"S\u00e4hk\u00f6- ja automaatiotekniikan perustutkinto\",\"potentialAction\":[{\"@type\":\"SearchAction\",\"target\":{\"@type\":\"EntryPoint\",\"urlTemplate\":\"https:\\\/\\\/blogit.gradia.fi\\\/sahkonet\\\/?s={search_term_string}\"},\"query-input\":{\"@type\":\"PropertyValueSpecification\",\"valueRequired\":true,\"valueName\":\"search_term_string\"}}],\"inLanguage\":\"fi\"}]}<\/script>\n<!-- \/ Yoast SEO plugin. -->","yoast_head_json":{"title":"SFS6000 KOE - S\u00e4hk\u00f6Net","robots":{"index":"index","follow":"follow","max-snippet":"max-snippet:-1","max-image-preview":"max-image-preview:large","max-video-preview":"max-video-preview:-1"},"canonical":"https:\/\/blogit.gradia.fi\/sahkonet\/sahko-ja-automaatioasennukset\/oppimistehtavat\/sfs6000\/sfs6000-koe\/","og_locale":"fi_FI","og_type":"article","og_title":"SFS6000 KOE - S\u00e4hk\u00f6Net","og_description":"Koe j\u00e4rjestet\u00e4\u00e4n keskiviikkona\u00a017.2. ja torstaina 18.2. Ilmoittaudu kokeeseen:\u00a0http:\/\/goo.gl\/forms\/VxlkIZBxFn Koe kest\u00e4\u00e4 2 tuntia ja mukana saa olla kirjat\u00a0SFS-k\u00e4sikirja 600-1 ja\u00a0SFS-k\u00e4sikirja 600-2. Lis\u00e4ksi mukana saa olla omia muistiinpanoja, mutta ei teht\u00e4v\u00e4papereita. Huomattavaa on se, ett\u00e4 kyn\u00e4 tulee olla mukana opiskelijalla itsell\u00e4\u00e4n! Keskiviikko 17.2. klo 12:00 (SA13A, SA13D) Torstai 18.2. klo 08:15 (SA14C) Torstai 18.2. klo 11:15 (SA13B) &hellip; Jatka lukemista SFS6000 KOE &rarr;","og_url":"https:\/\/blogit.gradia.fi\/sahkonet\/sahko-ja-automaatioasennukset\/oppimistehtavat\/sfs6000\/sfs6000-koe\/","og_site_name":"S\u00e4hk\u00f6Net","article_modified_time":"2016-02-17T10:34:12+00:00","twitter_card":"summary_large_image","schema":{"@context":"https:\/\/schema.org","@graph":[{"@type":"WebPage","@id":"https:\/\/blogit.gradia.fi\/sahkonet\/sahko-ja-automaatioasennukset\/oppimistehtavat\/sfs6000\/sfs6000-koe\/","url":"https:\/\/blogit.gradia.fi\/sahkonet\/sahko-ja-automaatioasennukset\/oppimistehtavat\/sfs6000\/sfs6000-koe\/","name":"SFS6000 KOE - S\u00e4hk\u00f6Net","isPartOf":{"@id":"https:\/\/blogit.gradia.fi\/sahkonet\/#website"},"datePublished":"2015-12-11T10:39:13+00:00","dateModified":"2016-02-17T10:34:12+00:00","breadcrumb":{"@id":"https:\/\/blogit.gradia.fi\/sahkonet\/sahko-ja-automaatioasennukset\/oppimistehtavat\/sfs6000\/sfs6000-koe\/#breadcrumb"},"inLanguage":"fi","potentialAction":[{"@type":"ReadAction","target":["https:\/\/blogit.gradia.fi\/sahkonet\/sahko-ja-automaatioasennukset\/oppimistehtavat\/sfs6000\/sfs6000-koe\/"]}]},{"@type":"BreadcrumbList","@id":"https:\/\/blogit.gradia.fi\/sahkonet\/sahko-ja-automaatioasennukset\/oppimistehtavat\/sfs6000\/sfs6000-koe\/#breadcrumb","itemListElement":[{"@type":"ListItem","position":1,"name":"S\u00e4hk\u00f6- ja automaatioasennukset (20ov)","item":"https:\/\/blogit.gradia.fi\/sahkonet\/sahko-ja-automaatioasennukset\/"},{"@type":"ListItem","position":2,"name":"Oppimisteht\u00e4v\u00e4t","item":"https:\/\/blogit.gradia.fi\/sahkonet\/sahko-ja-automaatioasennukset\/oppimistehtavat\/"},{"@type":"ListItem","position":3,"name":"SFS6000","item":"https:\/\/blogit.gradia.fi\/sahkonet\/sahko-ja-automaatioasennukset\/oppimistehtavat\/sfs6000\/"},{"@type":"ListItem","position":4,"name":"SFS6000 KOE"}]},{"@type":"WebSite","@id":"https:\/\/blogit.gradia.fi\/sahkonet\/#website","url":"https:\/\/blogit.gradia.fi\/sahkonet\/","name":"S\u00e4hk\u00f6Net","description":"S\u00e4hk\u00f6- ja automaatiotekniikan perustutkinto","potentialAction":[{"@type":"SearchAction","target":{"@type":"EntryPoint","urlTemplate":"https:\/\/blogit.gradia.fi\/sahkonet\/?s={search_term_string}"},"query-input":{"@type":"PropertyValueSpecification","valueRequired":true,"valueName":"search_term_string"}}],"inLanguage":"fi"}]}},"uagb_featured_image_src":{"full":false,"thumbnail":false,"medium":false,"medium_large":false,"large":false,"1536x1536":false,"2048x2048":false,"post-thumbnail":false,"twentyfourteen-full-width":false},"uagb_author_info":{"display_name":"Pia Tolonen","author_link":"https:\/\/blogit.gradia.fi\/sahkonet\/author\/halmepia\/"},"uagb_comment_info":0,"uagb_excerpt":"Koe j\u00e4rjestet\u00e4\u00e4n keskiviikkona\u00a017.2. ja torstaina 18.2. Ilmoittaudu kokeeseen:\u00a0http:\/\/goo.gl\/forms\/VxlkIZBxFn Koe kest\u00e4\u00e4 2 tuntia ja mukana saa olla kirjat\u00a0SFS-k\u00e4sikirja 600-1 ja\u00a0SFS-k\u00e4sikirja 600-2. Lis\u00e4ksi mukana saa olla omia muistiinpanoja, mutta ei teht\u00e4v\u00e4papereita. Huomattavaa on se, ett\u00e4 kyn\u00e4 tulee olla mukana opiskelijalla itsell\u00e4\u00e4n! Keskiviikko 17.2. klo 12:00 (SA13A, SA13D) Torstai 18.2. klo 08:15 (SA14C) Torstai 18.2. klo 11:15 (SA13B)&hellip;","_links":{"self":[{"href":"https:\/\/blogit.gradia.fi\/sahkonet\/wp-json\/wp\/v2\/pages\/1312","targetHints":{"allow":["GET"]}}],"collection":[{"href":"https:\/\/blogit.gradia.fi\/sahkonet\/wp-json\/wp\/v2\/pages"}],"about":[{"href":"https:\/\/blogit.gradia.fi\/sahkonet\/wp-json\/wp\/v2\/types\/page"}],"author":[{"embeddable":true,"href":"https:\/\/blogit.gradia.fi\/sahkonet\/wp-json\/wp\/v2\/users\/179"}],"replies":[{"embeddable":true,"href":"https:\/\/blogit.gradia.fi\/sahkonet\/wp-json\/wp\/v2\/comments?post=1312"}],"version-history":[{"count":0,"href":"https:\/\/blogit.gradia.fi\/sahkonet\/wp-json\/wp\/v2\/pages\/1312\/revisions"}],"up":[{"embeddable":true,"href":"https:\/\/blogit.gradia.fi\/sahkonet\/wp-json\/wp\/v2\/pages\/1284"}],"wp:attachment":[{"href":"https:\/\/blogit.gradia.fi\/sahkonet\/wp-json\/wp\/v2\/media?parent=1312"}],"curies":[{"name":"wp","href":"https:\/\/api.w.org\/{rel}","templated":true}]}}