{"id":1292,"date":"2015-11-17T08:58:13","date_gmt":"2015-11-17T06:58:13","guid":{"rendered":"https:\/\/blogit.gradia.fi\/sahkonet\/?page_id=1292"},"modified":"2016-11-07T13:30:35","modified_gmt":"2016-11-07T11:30:35","slug":"sahkoalan-kv-tyossaoppiminen","status":"publish","type":"page","link":"https:\/\/blogit.gradia.fi\/sahkonet\/sahkoalan-kv-tyossaoppiminen\/","title":{"rendered":"S\u00e4hk\u00f6alan KV-ty\u00f6ss\u00e4oppiminen"},"content":{"rendered":"<h3>Info<\/h3>\n<p>S\u00e4hk\u00f6ala on hyvin\u00a0kansainv\u00e4linen ala ja ty\u00f6teht\u00e4v\u00e4t ovat varsin samanlaisia joka puolella Eurooppaa. S\u00e4hk\u00f6alan opiskelijoiden on mahdollista suorittaa osa opintoihin kuuluvasta ty\u00f6ss\u00e4oppimisesta ulkomailla.<\/p>\n<p>Jos olet kiinnostunut ty\u00f6ss\u00e4oppimisesta, tarkasta ett\u00e4:<\/p>\n<ul>\n<li>Olet suorittanut kaikki opintosi t\u00e4h\u00e4n menness\u00e4 hyv\u00e4ksytysti<\/li>\n<li>Tied\u00e4t suunnilleen mink\u00e4laista s\u00e4hk\u00f6alan ty\u00f6t\u00e4 haluat &#8221;isona&#8221; tehd\u00e4.<\/li>\n<li>Osaat englantia tai kohdemaan kielt\u00e4 v\u00e4hint\u00e4\u00e4n hyv\u00e4ll\u00e4 tasolla.<\/li>\n<\/ul>\n<p>Tutustu JAO:n sivuihin:<\/p>\n<ul>\n<li><a href=\"https:\/\/www.jao.fi\/fi\/Jyvaskylan-ammattiopisto\/Opiskelu\/Kansainvalisyys\/Tyossaoppiminen-ulkomailla\" target=\"_blank\">Ty\u00f6ss\u00e4oppiminen ulkomailla<\/a><\/li>\n<li><a href=\"https:\/\/www.jao.fi\/fi\/Jyvaskylan-ammattiopisto\/Opiskelu\/Kansainvalisyys\/Tyossaoppiminen-ulkomailla\/Ansioluettelo-ja-hakukirje\" target=\"_blank\">Ansioluettelo ja hakukirje<\/a>\u00a0(ohjeita alla Saksan CV:n laatimiseen)<\/li>\n<\/ul>\n<p>Ota yhteytt\u00e4\u00e4 s\u00e4hk\u00f6alan KV-yhteysopettaja <a href=\"https:\/\/www.jao.fi\/fi\/Yhteystiedot?id=4631\" target=\"_blank\">Teppo Peurakumpuun<\/a> tai <a href=\"https:\/\/www.jao.fi\/fi\/Yhteystiedot?id=5355\" target=\"_blank\">Janne R\u00e4is\u00e4seen<\/a>.<\/p>\n<p>Mahdollisia vaihtomaita ovat mm. Puola, Hollanti, Saksa (Hampuri) ja Englanti (Liverpool). Saksaan l\u00e4htij\u00e4n pit\u00e4\u00e4 olla 18 vuotta t\u00e4ytt\u00e4nyt.<\/p>\n<h3>Toimintaohje<\/h3>\n<ol>\n<li>Tarkasta ett\u00e4 edellytyksesi t\u00e4yttyv\u00e4t (<a href=\"https:\/\/www.jao.fi\/fi\/Jyvaskylan-ammattiopisto\/Opiskelu\/Kansainvalisyys\/Ulkomaan-jakso\/Hakeminen-ja-valinta-\" target=\"_blank\">Edellytykset<\/a>)<\/li>\n<li>T\u00e4yt\u00e4 hakemus ja ker\u00e4\u00e4 siihen tarvittavat allekirjoitukset ja palauta hakemus KV-toimistoon. (<a href=\"https:\/\/www.jao.fi\/loader.aspx?id=543aa109-a101-4236-bcbe-ddd7f89ebcd2\" target=\"_blank\">Hakemuslomake<\/a>)\n<ul>\n<li><a href=\"https:\/\/blogit.gradia.fi\/sahkonet\/wp-content\/uploads\/sites\/80\/2015\/11\/kielten_taitotasot.pdf\">kielten_taitotasot (A-C)<\/a><\/li>\n<li><a href=\"http:\/\/www.cambridgeenglish.org\/test-your-english\/adult-learners\/\" target=\"_blank\">Test Your English<\/a><\/li>\n<\/ul>\n<\/li>\n<li>Tee Europass-ansioluettelo ja hakukirje.\n<ul>\n<li><a href=\"https:\/\/www.jao.fi\/fi\/Jyvaskylan-ammattiopisto\/Opiskelu\/Kansainvalisyys\/Ulkomaan-jakso\/Ansioluettelo-ja-hakukirje\" target=\"_blank\">Ansioluettelo ja hakukirje <\/a><\/li>\n<li><a href=\"https:\/\/www.jao.fi\/loader.aspx?id=bfeac37f-5644-46c4-8553-11e665b63446\" target=\"_blank\">Hakukirjeen malli<\/a><\/li>\n<li><a href=\"http:\/\/europass.cedefop.europa.eu\/fi\/home\" target=\"_blank\">Europass-ansioluettelo<\/a> (<a href=\"https:\/\/www.youtube.com\/watch?v=VjKB4k96j04\" target=\"_blank\">ohje<\/a>)<\/li>\n<\/ul>\n<\/li>\n<li>Ilmoittaudu vaihtovalmennukseen (opon kautta) v\u00e4hint\u00e4\u00e4n 2 jaksoa ennen ulkomaan ty\u00f6ss\u00e4oppimisjaksolle l\u00e4ht\u00f6\u00e4. Vaihtovalmennus on pakollinen ennen ulkomaan ty\u00f6ss\u00e4oppimisjaksolle l\u00e4ht\u00f6\u00e4. Vaihtovalmennuksesta saa 3 osp, joka sijoittuu YTOihin sosiaalinen ja kulttuurinen osaaminen valinnaisten alle.<\/li>\n<\/ol>\n<hr \/>\n<h5>CV<\/h5>\n<p>Kiinnitett\u00e4v\u00e4 erityist\u00e4 huomiota cv: sis\u00e4lt\u00f6ihin \u2013<br \/>\n1. mit\u00e4 opiskelija osaa jo s\u00e4hk\u00f6alalta<br \/>\n2. mitk\u00e4 ovat jakson tavoitteet eli millaista ty\u00f6t\u00e4 tavoitteena oppia ja\u00a0tehd\u00e4 (mielell\u00e4\u00e4n esim. 3 mahdollista vaihtoehtoa a) ensisijaisesti b) toissijaisesti jne. eli sis\u00e4\/ulkoty\u00f6, keskusvalmistus, sis\u00e4johtoasennukset, korjaus\/huolto jne&#8230;<\/p>\n<p><strong>S\u00e4hk\u00f6alan ty\u00f6kokemus ensisijaisesti ja mahdollisimman tarkasti kuvattuna.<\/strong> Muu ty\u00f6kokemus (mansikanpoiminta, siivous, haravointi, jne) voi olla erikseen.<\/p>\n<h5>Hampuri<\/h5>\n<p>Jaksoihin kuuluu aina 2-3 p\u00e4iv\u00e4\u00e4 kulttuuri- ja kielivalmennusta (saksan alkeita, kaupungin esittely\u00e4 ja muuta k\u00e4yt\u00e4nn\u00f6n arjessa selviytymiseen liittyvi\u00e4 asioita)<\/p>\n<p>Saksan alkeet osattava (mieluiten A 1 taso) \u2013 t\u00e4ss\u00e4 kuitenkin joustoa mutta \u201doikeisiin t\u00f6ihin\u201d p\u00e4\u00e4see todenn\u00e4k\u00f6isesti vain jos osaa edes auttavasti oman alan saksan sanastoa, tervehdyksi\u00e4 jne. Vastaanottaja ei testaa kielitaitoa mitenk\u00e4\u00e4n mutta luottaa siihen mit\u00e4 cv:ss\u00e4 sanotaan.<\/p>\n","protected":false},"excerpt":{"rendered":"<p>Info S\u00e4hk\u00f6ala on hyvin\u00a0kansainv\u00e4linen ala ja ty\u00f6teht\u00e4v\u00e4t ovat varsin samanlaisia joka puolella Eurooppaa. S\u00e4hk\u00f6alan opiskelijoiden on mahdollista suorittaa osa opintoihin kuuluvasta ty\u00f6ss\u00e4oppimisesta ulkomailla. Jos olet kiinnostunut ty\u00f6ss\u00e4oppimisesta, tarkasta ett\u00e4: Olet suorittanut kaikki opintosi t\u00e4h\u00e4n menness\u00e4 hyv\u00e4ksytysti Tied\u00e4t suunnilleen mink\u00e4laista s\u00e4hk\u00f6alan ty\u00f6t\u00e4 haluat &#8221;isona&#8221; tehd\u00e4. Osaat englantia tai kohdemaan kielt\u00e4 v\u00e4hint\u00e4\u00e4n hyv\u00e4ll\u00e4 tasolla. Tutustu JAO:n sivuihin: &hellip; <a href=\"https:\/\/blogit.gradia.fi\/sahkonet\/sahkoalan-kv-tyossaoppiminen\/\" class=\"more-link\">Jatka lukemista <span class=\"screen-reader-text\">S\u00e4hk\u00f6alan KV-ty\u00f6ss\u00e4oppiminen<\/span> <span class=\"meta-nav\">&rarr;<\/span><\/a><\/p>\n","protected":false},"author":179,"featured_media":0,"parent":0,"menu_order":10,"comment_status":"closed","ping_status":"closed","template":"page-templates\/full-width.php","meta":{"_uag_custom_page_level_css":"","footnotes":""},"class_list":["post-1292","page","type-page","status-publish","hentry"],"yoast_head":"<!-- This site is optimized with the Yoast SEO plugin v27.4 - https:\/\/yoast.com\/product\/yoast-seo-wordpress\/ -->\n<title>S\u00e4hk\u00f6alan KV-ty\u00f6ss\u00e4oppiminen - S\u00e4hk\u00f6Net<\/title>\n<meta name=\"robots\" content=\"index, follow, max-snippet:-1, max-image-preview:large, max-video-preview:-1\" \/>\n<link rel=\"canonical\" href=\"https:\/\/blogit.gradia.fi\/sahkonet\/sahkoalan-kv-tyossaoppiminen\/\" \/>\n<meta property=\"og:locale\" content=\"fi_FI\" \/>\n<meta property=\"og:type\" content=\"article\" \/>\n<meta property=\"og:title\" content=\"S\u00e4hk\u00f6alan KV-ty\u00f6ss\u00e4oppiminen - S\u00e4hk\u00f6Net\" \/>\n<meta property=\"og:description\" content=\"Info S\u00e4hk\u00f6ala on hyvin\u00a0kansainv\u00e4linen ala ja ty\u00f6teht\u00e4v\u00e4t ovat varsin samanlaisia joka puolella Eurooppaa. S\u00e4hk\u00f6alan opiskelijoiden on mahdollista suorittaa osa opintoihin kuuluvasta ty\u00f6ss\u00e4oppimisesta ulkomailla. Jos olet kiinnostunut ty\u00f6ss\u00e4oppimisesta, tarkasta ett\u00e4: Olet suorittanut kaikki opintosi t\u00e4h\u00e4n menness\u00e4 hyv\u00e4ksytysti Tied\u00e4t suunnilleen mink\u00e4laista s\u00e4hk\u00f6alan ty\u00f6t\u00e4 haluat &#8221;isona&#8221; tehd\u00e4. Osaat englantia tai kohdemaan kielt\u00e4 v\u00e4hint\u00e4\u00e4n hyv\u00e4ll\u00e4 tasolla. Tutustu JAO:n sivuihin: &hellip; Jatka lukemista S\u00e4hk\u00f6alan KV-ty\u00f6ss\u00e4oppiminen &rarr;\" \/>\n<meta property=\"og:url\" content=\"https:\/\/blogit.gradia.fi\/sahkonet\/sahkoalan-kv-tyossaoppiminen\/\" \/>\n<meta property=\"og:site_name\" content=\"S\u00e4hk\u00f6Net\" \/>\n<meta property=\"article:modified_time\" content=\"2016-11-07T11:30:35+00:00\" \/>\n<meta name=\"twitter:card\" content=\"summary_large_image\" \/>\n<meta name=\"twitter:label1\" content=\"Arvioitu lukuaika\" \/>\n\t<meta name=\"twitter:data1\" content=\"2 minuuttia\" \/>\n<script type=\"application\/ld+json\" class=\"yoast-schema-graph\">{\"@context\":\"https:\\\/\\\/schema.org\",\"@graph\":[{\"@type\":\"WebPage\",\"@id\":\"https:\\\/\\\/blogit.gradia.fi\\\/sahkonet\\\/sahkoalan-kv-tyossaoppiminen\\\/\",\"url\":\"https:\\\/\\\/blogit.gradia.fi\\\/sahkonet\\\/sahkoalan-kv-tyossaoppiminen\\\/\",\"name\":\"S\u00e4hk\u00f6alan KV-ty\u00f6ss\u00e4oppiminen - S\u00e4hk\u00f6Net\",\"isPartOf\":{\"@id\":\"https:\\\/\\\/blogit.gradia.fi\\\/sahkonet\\\/#website\"},\"datePublished\":\"2015-11-17T06:58:13+00:00\",\"dateModified\":\"2016-11-07T11:30:35+00:00\",\"inLanguage\":\"fi\",\"potentialAction\":[{\"@type\":\"ReadAction\",\"target\":[\"https:\\\/\\\/blogit.gradia.fi\\\/sahkonet\\\/sahkoalan-kv-tyossaoppiminen\\\/\"]}]},{\"@type\":\"WebSite\",\"@id\":\"https:\\\/\\\/blogit.gradia.fi\\\/sahkonet\\\/#website\",\"url\":\"https:\\\/\\\/blogit.gradia.fi\\\/sahkonet\\\/\",\"name\":\"S\u00e4hk\u00f6Net\",\"description\":\"S\u00e4hk\u00f6- ja automaatiotekniikan perustutkinto\",\"potentialAction\":[{\"@type\":\"SearchAction\",\"target\":{\"@type\":\"EntryPoint\",\"urlTemplate\":\"https:\\\/\\\/blogit.gradia.fi\\\/sahkonet\\\/?s={search_term_string}\"},\"query-input\":{\"@type\":\"PropertyValueSpecification\",\"valueRequired\":true,\"valueName\":\"search_term_string\"}}],\"inLanguage\":\"fi\"}]}<\/script>\n<!-- \/ Yoast SEO plugin. -->","yoast_head_json":{"title":"S\u00e4hk\u00f6alan KV-ty\u00f6ss\u00e4oppiminen - S\u00e4hk\u00f6Net","robots":{"index":"index","follow":"follow","max-snippet":"max-snippet:-1","max-image-preview":"max-image-preview:large","max-video-preview":"max-video-preview:-1"},"canonical":"https:\/\/blogit.gradia.fi\/sahkonet\/sahkoalan-kv-tyossaoppiminen\/","og_locale":"fi_FI","og_type":"article","og_title":"S\u00e4hk\u00f6alan KV-ty\u00f6ss\u00e4oppiminen - S\u00e4hk\u00f6Net","og_description":"Info S\u00e4hk\u00f6ala on hyvin\u00a0kansainv\u00e4linen ala ja ty\u00f6teht\u00e4v\u00e4t ovat varsin samanlaisia joka puolella Eurooppaa. S\u00e4hk\u00f6alan opiskelijoiden on mahdollista suorittaa osa opintoihin kuuluvasta ty\u00f6ss\u00e4oppimisesta ulkomailla. Jos olet kiinnostunut ty\u00f6ss\u00e4oppimisesta, tarkasta ett\u00e4: Olet suorittanut kaikki opintosi t\u00e4h\u00e4n menness\u00e4 hyv\u00e4ksytysti Tied\u00e4t suunnilleen mink\u00e4laista s\u00e4hk\u00f6alan ty\u00f6t\u00e4 haluat &#8221;isona&#8221; tehd\u00e4. Osaat englantia tai kohdemaan kielt\u00e4 v\u00e4hint\u00e4\u00e4n hyv\u00e4ll\u00e4 tasolla. Tutustu JAO:n sivuihin: &hellip; Jatka lukemista S\u00e4hk\u00f6alan KV-ty\u00f6ss\u00e4oppiminen &rarr;","og_url":"https:\/\/blogit.gradia.fi\/sahkonet\/sahkoalan-kv-tyossaoppiminen\/","og_site_name":"S\u00e4hk\u00f6Net","article_modified_time":"2016-11-07T11:30:35+00:00","twitter_card":"summary_large_image","twitter_misc":{"Arvioitu lukuaika":"2 minuuttia"},"schema":{"@context":"https:\/\/schema.org","@graph":[{"@type":"WebPage","@id":"https:\/\/blogit.gradia.fi\/sahkonet\/sahkoalan-kv-tyossaoppiminen\/","url":"https:\/\/blogit.gradia.fi\/sahkonet\/sahkoalan-kv-tyossaoppiminen\/","name":"S\u00e4hk\u00f6alan KV-ty\u00f6ss\u00e4oppiminen - S\u00e4hk\u00f6Net","isPartOf":{"@id":"https:\/\/blogit.gradia.fi\/sahkonet\/#website"},"datePublished":"2015-11-17T06:58:13+00:00","dateModified":"2016-11-07T11:30:35+00:00","inLanguage":"fi","potentialAction":[{"@type":"ReadAction","target":["https:\/\/blogit.gradia.fi\/sahkonet\/sahkoalan-kv-tyossaoppiminen\/"]}]},{"@type":"WebSite","@id":"https:\/\/blogit.gradia.fi\/sahkonet\/#website","url":"https:\/\/blogit.gradia.fi\/sahkonet\/","name":"S\u00e4hk\u00f6Net","description":"S\u00e4hk\u00f6- ja automaatiotekniikan perustutkinto","potentialAction":[{"@type":"SearchAction","target":{"@type":"EntryPoint","urlTemplate":"https:\/\/blogit.gradia.fi\/sahkonet\/?s={search_term_string}"},"query-input":{"@type":"PropertyValueSpecification","valueRequired":true,"valueName":"search_term_string"}}],"inLanguage":"fi"}]}},"uagb_featured_image_src":{"full":false,"thumbnail":false,"medium":false,"medium_large":false,"large":false,"1536x1536":false,"2048x2048":false,"post-thumbnail":false,"twentyfourteen-full-width":false},"uagb_author_info":{"display_name":"Pia Tolonen","author_link":"https:\/\/blogit.gradia.fi\/sahkonet\/author\/halmepia\/"},"uagb_comment_info":0,"uagb_excerpt":"Info S\u00e4hk\u00f6ala on hyvin\u00a0kansainv\u00e4linen ala ja ty\u00f6teht\u00e4v\u00e4t ovat varsin samanlaisia joka puolella Eurooppaa. S\u00e4hk\u00f6alan opiskelijoiden on mahdollista suorittaa osa opintoihin kuuluvasta ty\u00f6ss\u00e4oppimisesta ulkomailla. Jos olet kiinnostunut ty\u00f6ss\u00e4oppimisesta, tarkasta ett\u00e4: Olet suorittanut kaikki opintosi t\u00e4h\u00e4n menness\u00e4 hyv\u00e4ksytysti Tied\u00e4t suunnilleen mink\u00e4laista s\u00e4hk\u00f6alan ty\u00f6t\u00e4 haluat &#8221;isona&#8221; tehd\u00e4. Osaat englantia tai kohdemaan kielt\u00e4 v\u00e4hint\u00e4\u00e4n hyv\u00e4ll\u00e4 tasolla. Tutustu JAO:n sivuihin:&hellip;","_links":{"self":[{"href":"https:\/\/blogit.gradia.fi\/sahkonet\/wp-json\/wp\/v2\/pages\/1292","targetHints":{"allow":["GET"]}}],"collection":[{"href":"https:\/\/blogit.gradia.fi\/sahkonet\/wp-json\/wp\/v2\/pages"}],"about":[{"href":"https:\/\/blogit.gradia.fi\/sahkonet\/wp-json\/wp\/v2\/types\/page"}],"author":[{"embeddable":true,"href":"https:\/\/blogit.gradia.fi\/sahkonet\/wp-json\/wp\/v2\/users\/179"}],"replies":[{"embeddable":true,"href":"https:\/\/blogit.gradia.fi\/sahkonet\/wp-json\/wp\/v2\/comments?post=1292"}],"version-history":[{"count":0,"href":"https:\/\/blogit.gradia.fi\/sahkonet\/wp-json\/wp\/v2\/pages\/1292\/revisions"}],"wp:attachment":[{"href":"https:\/\/blogit.gradia.fi\/sahkonet\/wp-json\/wp\/v2\/media?parent=1292"}],"curies":[{"name":"wp","href":"https:\/\/api.w.org\/{rel}","templated":true}]}}