{"id":1284,"date":"2015-11-16T09:33:14","date_gmt":"2015-11-16T07:33:14","guid":{"rendered":"https:\/\/blogit.gradia.fi\/sahkonet\/?page_id=1284"},"modified":"2016-01-12T11:04:02","modified_gmt":"2016-01-12T09:04:02","slug":"sfs6000","status":"publish","type":"page","link":"https:\/\/blogit.gradia.fi\/sahkonet\/sahko-ja-automaatioasennukset\/oppimistehtavat\/sfs6000\/","title":{"rendered":"SFS6000"},"content":{"rendered":"<p>6S\u00e4hk\u00f6- ja automaatiotekniikan perustutkinnon osaksi kuuluu pakollisena SFS6000 standardiin tutustuminen.<\/p>\n<p>Opintokokonaisuus perustuu Kauppa- ja teollisuusministeri\u00f6n asetuksen 516 <a href=\"http:\/\/www.seti.fi\/doc\/KTMp-516--190511.pdf\" target=\"_blank\">koulutusvaatimuksiin<\/a>.<\/p>\n<p>Opintokokonaisuuteen kuuluu kolme erillist\u00e4 teht\u00e4v\u00e4monistetta:<\/p>\n<ol>\n<li>Oppimisteht\u00e4v\u00e4t\n<ul>\n<li>Asennusten perusk\u00e4sitteet<\/li>\n<li>S\u00e4hk\u00f6turvallisuuslaki 1996\/410<\/li>\n<li>S\u00e4hk\u00f6turvallisuusasetus 1996\/498<\/li>\n<li>KTMp 1694<\/li>\n<li>KTMp 516<\/li>\n<li>KTMp 517<\/li>\n<li>KTMp 1193<\/li>\n<li>Laskuteht\u00e4vi\u00e4 johtimien ja suojalaitteiden valinnasta<\/li>\n<li>Laskuteht\u00e4vi\u00e4 nopean poiskytkenn\u00e4n varmistamiseksi<\/li>\n<\/ul>\n<\/li>\n<li><a href=\"https:\/\/optima.discendum.com\/learning\/id353\/bin\/directURL_use?dval=d043c5f617765c4a63551af3616fdf825ffea1b6&amp;id=1112335&amp;ws=1037676&amp;ns=31&amp;optimastart=on&amp;backtostart=on\" target=\"_blank\">K\u00e4yt\u00e4nn\u00f6n ongelmat s\u00e4hk\u00f6asentajan ty\u00f6ss\u00e4<\/a><\/li>\n<li><a href=\"https:\/\/optima.discendum.com\/learning\/id353\/bin\/directURL_use?dval=7f8bc9d97888bc56a7e943587f03ddb4ce643df3&amp;id=1112326&amp;ws=1037676&amp;ns=31&amp;optimastart=on&amp;backtostart=on\" target=\"_blank\">Laskuteht\u00e4v\u00e4t<\/a>\n<ul>\n<li>Laskuteht\u00e4viss\u00e4 apuna voi k\u00e4ytt\u00e4\u00e4:\u00a0<a href=\"https:\/\/blogit.gradia.fi\/sahkonet\/wp-content\/uploads\/sites\/80\/2015\/11\/D1-taulukkosivut_parempi.pdf\" target=\"_blank\">D1-taulukkosivut_parempi<\/a><\/li>\n<\/ul>\n<\/li>\n<\/ol>\n<p>&nbsp;<\/p>\n<p>Lopuksi opiskelijan on suoritettava hyv\u00e4ksytysti aiheeseen liittyv\u00e4 arvioitava teht\u00e4v\u00e4 (koe).<\/p>\n<p><a href=\"https:\/\/blogit.gradia.fi\/sahkonet\/wp-content\/uploads\/sites\/80\/2015\/11\/pinta-ala_sulake_valinta.png\"><img loading=\"lazy\" decoding=\"async\" class=\"alignnone size-medium wp-image-1309\" src=\"https:\/\/blogit.gradia.fi\/sahkonet\/wp-content\/uploads\/sites\/80\/2015\/11\/pinta-ala_sulake_valinta-300x259.png\" alt=\"pinta-ala_sulake_valinta\" width=\"300\" height=\"259\" srcset=\"https:\/\/blogit.gradia.fi\/sahkonet\/wp-content\/uploads\/sites\/80\/2015\/11\/pinta-ala_sulake_valinta-300x259.png 300w, https:\/\/blogit.gradia.fi\/sahkonet\/wp-content\/uploads\/sites\/80\/2015\/11\/pinta-ala_sulake_valinta.png 640w\" sizes=\"auto, (max-width: 300px) 100vw, 300px\" \/><\/a><\/p>\n","protected":false},"excerpt":{"rendered":"<p>6S\u00e4hk\u00f6- ja automaatiotekniikan perustutkinnon osaksi kuuluu pakollisena SFS6000 standardiin tutustuminen. Opintokokonaisuus perustuu Kauppa- ja teollisuusministeri\u00f6n asetuksen 516 koulutusvaatimuksiin. Opintokokonaisuuteen kuuluu kolme erillist\u00e4 teht\u00e4v\u00e4monistetta: Oppimisteht\u00e4v\u00e4t Asennusten perusk\u00e4sitteet S\u00e4hk\u00f6turvallisuuslaki 1996\/410 S\u00e4hk\u00f6turvallisuusasetus 1996\/498 KTMp 1694 KTMp 516 KTMp 517 KTMp 1193 Laskuteht\u00e4vi\u00e4 johtimien ja suojalaitteiden valinnasta Laskuteht\u00e4vi\u00e4 nopean poiskytkenn\u00e4n varmistamiseksi K\u00e4yt\u00e4nn\u00f6n ongelmat s\u00e4hk\u00f6asentajan ty\u00f6ss\u00e4 Laskuteht\u00e4v\u00e4t Laskuteht\u00e4viss\u00e4 apuna voi &hellip; <a href=\"https:\/\/blogit.gradia.fi\/sahkonet\/sahko-ja-automaatioasennukset\/oppimistehtavat\/sfs6000\/\" class=\"more-link\">Jatka lukemista <span class=\"screen-reader-text\">SFS6000<\/span> <span class=\"meta-nav\">&rarr;<\/span><\/a><\/p>\n","protected":false},"author":179,"featured_media":0,"parent":22,"menu_order":6,"comment_status":"closed","ping_status":"closed","template":"","meta":{"_uag_custom_page_level_css":"","footnotes":""},"class_list":["post-1284","page","type-page","status-publish","hentry"],"yoast_head":"<!-- This site is optimized with the Yoast SEO plugin v27.4 - https:\/\/yoast.com\/product\/yoast-seo-wordpress\/ -->\n<title>SFS6000 - S\u00e4hk\u00f6Net<\/title>\n<meta name=\"robots\" content=\"index, follow, max-snippet:-1, max-image-preview:large, max-video-preview:-1\" \/>\n<link rel=\"canonical\" href=\"https:\/\/blogit.gradia.fi\/sahkonet\/sahko-ja-automaatioasennukset\/oppimistehtavat\/sfs6000\/\" \/>\n<meta property=\"og:locale\" content=\"fi_FI\" \/>\n<meta property=\"og:type\" content=\"article\" \/>\n<meta property=\"og:title\" content=\"SFS6000 - S\u00e4hk\u00f6Net\" \/>\n<meta property=\"og:description\" content=\"6S\u00e4hk\u00f6- ja automaatiotekniikan perustutkinnon osaksi kuuluu pakollisena SFS6000 standardiin tutustuminen. Opintokokonaisuus perustuu Kauppa- ja teollisuusministeri\u00f6n asetuksen 516 koulutusvaatimuksiin. Opintokokonaisuuteen kuuluu kolme erillist\u00e4 teht\u00e4v\u00e4monistetta: Oppimisteht\u00e4v\u00e4t Asennusten perusk\u00e4sitteet S\u00e4hk\u00f6turvallisuuslaki 1996\/410 S\u00e4hk\u00f6turvallisuusasetus 1996\/498 KTMp 1694 KTMp 516 KTMp 517 KTMp 1193 Laskuteht\u00e4vi\u00e4 johtimien ja suojalaitteiden valinnasta Laskuteht\u00e4vi\u00e4 nopean poiskytkenn\u00e4n varmistamiseksi K\u00e4yt\u00e4nn\u00f6n ongelmat s\u00e4hk\u00f6asentajan ty\u00f6ss\u00e4 Laskuteht\u00e4v\u00e4t Laskuteht\u00e4viss\u00e4 apuna voi &hellip; Jatka lukemista SFS6000 &rarr;\" \/>\n<meta property=\"og:url\" content=\"https:\/\/blogit.gradia.fi\/sahkonet\/sahko-ja-automaatioasennukset\/oppimistehtavat\/sfs6000\/\" \/>\n<meta property=\"og:site_name\" content=\"S\u00e4hk\u00f6Net\" \/>\n<meta property=\"article:modified_time\" content=\"2016-01-12T09:04:02+00:00\" \/>\n<meta property=\"og:image\" content=\"https:\/\/blogit.gradia.fi\/sahkonet\/wp-content\/uploads\/sites\/80\/2015\/11\/pinta-ala_sulake_valinta-300x259.png\" \/>\n<meta name=\"twitter:card\" content=\"summary_large_image\" \/>\n<script type=\"application\/ld+json\" class=\"yoast-schema-graph\">{\"@context\":\"https:\\\/\\\/schema.org\",\"@graph\":[{\"@type\":\"WebPage\",\"@id\":\"https:\\\/\\\/blogit.gradia.fi\\\/sahkonet\\\/sahko-ja-automaatioasennukset\\\/oppimistehtavat\\\/sfs6000\\\/\",\"url\":\"https:\\\/\\\/blogit.gradia.fi\\\/sahkonet\\\/sahko-ja-automaatioasennukset\\\/oppimistehtavat\\\/sfs6000\\\/\",\"name\":\"SFS6000 - S\u00e4hk\u00f6Net\",\"isPartOf\":{\"@id\":\"https:\\\/\\\/blogit.gradia.fi\\\/sahkonet\\\/#website\"},\"primaryImageOfPage\":{\"@id\":\"https:\\\/\\\/blogit.gradia.fi\\\/sahkonet\\\/sahko-ja-automaatioasennukset\\\/oppimistehtavat\\\/sfs6000\\\/#primaryimage\"},\"image\":{\"@id\":\"https:\\\/\\\/blogit.gradia.fi\\\/sahkonet\\\/sahko-ja-automaatioasennukset\\\/oppimistehtavat\\\/sfs6000\\\/#primaryimage\"},\"thumbnailUrl\":\"https:\\\/\\\/blogit.gradia.fi\\\/sahkonet\\\/wp-content\\\/uploads\\\/sites\\\/80\\\/2015\\\/11\\\/pinta-ala_sulake_valinta-300x259.png\",\"datePublished\":\"2015-11-16T07:33:14+00:00\",\"dateModified\":\"2016-01-12T09:04:02+00:00\",\"breadcrumb\":{\"@id\":\"https:\\\/\\\/blogit.gradia.fi\\\/sahkonet\\\/sahko-ja-automaatioasennukset\\\/oppimistehtavat\\\/sfs6000\\\/#breadcrumb\"},\"inLanguage\":\"fi\",\"potentialAction\":[{\"@type\":\"ReadAction\",\"target\":[\"https:\\\/\\\/blogit.gradia.fi\\\/sahkonet\\\/sahko-ja-automaatioasennukset\\\/oppimistehtavat\\\/sfs6000\\\/\"]}]},{\"@type\":\"ImageObject\",\"inLanguage\":\"fi\",\"@id\":\"https:\\\/\\\/blogit.gradia.fi\\\/sahkonet\\\/sahko-ja-automaatioasennukset\\\/oppimistehtavat\\\/sfs6000\\\/#primaryimage\",\"url\":\"https:\\\/\\\/blogit.gradia.fi\\\/sahkonet\\\/wp-content\\\/uploads\\\/sites\\\/80\\\/2015\\\/11\\\/pinta-ala_sulake_valinta.png\",\"contentUrl\":\"https:\\\/\\\/blogit.gradia.fi\\\/sahkonet\\\/wp-content\\\/uploads\\\/sites\\\/80\\\/2015\\\/11\\\/pinta-ala_sulake_valinta.png\",\"width\":640,\"height\":552},{\"@type\":\"BreadcrumbList\",\"@id\":\"https:\\\/\\\/blogit.gradia.fi\\\/sahkonet\\\/sahko-ja-automaatioasennukset\\\/oppimistehtavat\\\/sfs6000\\\/#breadcrumb\",\"itemListElement\":[{\"@type\":\"ListItem\",\"position\":1,\"name\":\"S\u00e4hk\u00f6- ja automaatioasennukset (20ov)\",\"item\":\"https:\\\/\\\/blogit.gradia.fi\\\/sahkonet\\\/sahko-ja-automaatioasennukset\\\/\"},{\"@type\":\"ListItem\",\"position\":2,\"name\":\"Oppimisteht\u00e4v\u00e4t\",\"item\":\"https:\\\/\\\/blogit.gradia.fi\\\/sahkonet\\\/sahko-ja-automaatioasennukset\\\/oppimistehtavat\\\/\"},{\"@type\":\"ListItem\",\"position\":3,\"name\":\"SFS6000\"}]},{\"@type\":\"WebSite\",\"@id\":\"https:\\\/\\\/blogit.gradia.fi\\\/sahkonet\\\/#website\",\"url\":\"https:\\\/\\\/blogit.gradia.fi\\\/sahkonet\\\/\",\"name\":\"S\u00e4hk\u00f6Net\",\"description\":\"S\u00e4hk\u00f6- ja automaatiotekniikan perustutkinto\",\"potentialAction\":[{\"@type\":\"SearchAction\",\"target\":{\"@type\":\"EntryPoint\",\"urlTemplate\":\"https:\\\/\\\/blogit.gradia.fi\\\/sahkonet\\\/?s={search_term_string}\"},\"query-input\":{\"@type\":\"PropertyValueSpecification\",\"valueRequired\":true,\"valueName\":\"search_term_string\"}}],\"inLanguage\":\"fi\"}]}<\/script>\n<!-- \/ Yoast SEO plugin. -->","yoast_head_json":{"title":"SFS6000 - S\u00e4hk\u00f6Net","robots":{"index":"index","follow":"follow","max-snippet":"max-snippet:-1","max-image-preview":"max-image-preview:large","max-video-preview":"max-video-preview:-1"},"canonical":"https:\/\/blogit.gradia.fi\/sahkonet\/sahko-ja-automaatioasennukset\/oppimistehtavat\/sfs6000\/","og_locale":"fi_FI","og_type":"article","og_title":"SFS6000 - S\u00e4hk\u00f6Net","og_description":"6S\u00e4hk\u00f6- ja automaatiotekniikan perustutkinnon osaksi kuuluu pakollisena SFS6000 standardiin tutustuminen. Opintokokonaisuus perustuu Kauppa- ja teollisuusministeri\u00f6n asetuksen 516 koulutusvaatimuksiin. Opintokokonaisuuteen kuuluu kolme erillist\u00e4 teht\u00e4v\u00e4monistetta: Oppimisteht\u00e4v\u00e4t Asennusten perusk\u00e4sitteet S\u00e4hk\u00f6turvallisuuslaki 1996\/410 S\u00e4hk\u00f6turvallisuusasetus 1996\/498 KTMp 1694 KTMp 516 KTMp 517 KTMp 1193 Laskuteht\u00e4vi\u00e4 johtimien ja suojalaitteiden valinnasta Laskuteht\u00e4vi\u00e4 nopean poiskytkenn\u00e4n varmistamiseksi K\u00e4yt\u00e4nn\u00f6n ongelmat s\u00e4hk\u00f6asentajan ty\u00f6ss\u00e4 Laskuteht\u00e4v\u00e4t Laskuteht\u00e4viss\u00e4 apuna voi &hellip; Jatka lukemista SFS6000 &rarr;","og_url":"https:\/\/blogit.gradia.fi\/sahkonet\/sahko-ja-automaatioasennukset\/oppimistehtavat\/sfs6000\/","og_site_name":"S\u00e4hk\u00f6Net","article_modified_time":"2016-01-12T09:04:02+00:00","og_image":[{"url":"https:\/\/blogit.gradia.fi\/sahkonet\/wp-content\/uploads\/sites\/80\/2015\/11\/pinta-ala_sulake_valinta-300x259.png","type":"","width":"","height":""}],"twitter_card":"summary_large_image","schema":{"@context":"https:\/\/schema.org","@graph":[{"@type":"WebPage","@id":"https:\/\/blogit.gradia.fi\/sahkonet\/sahko-ja-automaatioasennukset\/oppimistehtavat\/sfs6000\/","url":"https:\/\/blogit.gradia.fi\/sahkonet\/sahko-ja-automaatioasennukset\/oppimistehtavat\/sfs6000\/","name":"SFS6000 - S\u00e4hk\u00f6Net","isPartOf":{"@id":"https:\/\/blogit.gradia.fi\/sahkonet\/#website"},"primaryImageOfPage":{"@id":"https:\/\/blogit.gradia.fi\/sahkonet\/sahko-ja-automaatioasennukset\/oppimistehtavat\/sfs6000\/#primaryimage"},"image":{"@id":"https:\/\/blogit.gradia.fi\/sahkonet\/sahko-ja-automaatioasennukset\/oppimistehtavat\/sfs6000\/#primaryimage"},"thumbnailUrl":"https:\/\/blogit.gradia.fi\/sahkonet\/wp-content\/uploads\/sites\/80\/2015\/11\/pinta-ala_sulake_valinta-300x259.png","datePublished":"2015-11-16T07:33:14+00:00","dateModified":"2016-01-12T09:04:02+00:00","breadcrumb":{"@id":"https:\/\/blogit.gradia.fi\/sahkonet\/sahko-ja-automaatioasennukset\/oppimistehtavat\/sfs6000\/#breadcrumb"},"inLanguage":"fi","potentialAction":[{"@type":"ReadAction","target":["https:\/\/blogit.gradia.fi\/sahkonet\/sahko-ja-automaatioasennukset\/oppimistehtavat\/sfs6000\/"]}]},{"@type":"ImageObject","inLanguage":"fi","@id":"https:\/\/blogit.gradia.fi\/sahkonet\/sahko-ja-automaatioasennukset\/oppimistehtavat\/sfs6000\/#primaryimage","url":"https:\/\/blogit.gradia.fi\/sahkonet\/wp-content\/uploads\/sites\/80\/2015\/11\/pinta-ala_sulake_valinta.png","contentUrl":"https:\/\/blogit.gradia.fi\/sahkonet\/wp-content\/uploads\/sites\/80\/2015\/11\/pinta-ala_sulake_valinta.png","width":640,"height":552},{"@type":"BreadcrumbList","@id":"https:\/\/blogit.gradia.fi\/sahkonet\/sahko-ja-automaatioasennukset\/oppimistehtavat\/sfs6000\/#breadcrumb","itemListElement":[{"@type":"ListItem","position":1,"name":"S\u00e4hk\u00f6- ja automaatioasennukset (20ov)","item":"https:\/\/blogit.gradia.fi\/sahkonet\/sahko-ja-automaatioasennukset\/"},{"@type":"ListItem","position":2,"name":"Oppimisteht\u00e4v\u00e4t","item":"https:\/\/blogit.gradia.fi\/sahkonet\/sahko-ja-automaatioasennukset\/oppimistehtavat\/"},{"@type":"ListItem","position":3,"name":"SFS6000"}]},{"@type":"WebSite","@id":"https:\/\/blogit.gradia.fi\/sahkonet\/#website","url":"https:\/\/blogit.gradia.fi\/sahkonet\/","name":"S\u00e4hk\u00f6Net","description":"S\u00e4hk\u00f6- ja automaatiotekniikan perustutkinto","potentialAction":[{"@type":"SearchAction","target":{"@type":"EntryPoint","urlTemplate":"https:\/\/blogit.gradia.fi\/sahkonet\/?s={search_term_string}"},"query-input":{"@type":"PropertyValueSpecification","valueRequired":true,"valueName":"search_term_string"}}],"inLanguage":"fi"}]}},"uagb_featured_image_src":{"full":false,"thumbnail":false,"medium":false,"medium_large":false,"large":false,"1536x1536":false,"2048x2048":false,"post-thumbnail":false,"twentyfourteen-full-width":false},"uagb_author_info":{"display_name":"Pia Tolonen","author_link":"https:\/\/blogit.gradia.fi\/sahkonet\/author\/halmepia\/"},"uagb_comment_info":0,"uagb_excerpt":"6S\u00e4hk\u00f6- ja automaatiotekniikan perustutkinnon osaksi kuuluu pakollisena SFS6000 standardiin tutustuminen. Opintokokonaisuus perustuu Kauppa- ja teollisuusministeri\u00f6n asetuksen 516 koulutusvaatimuksiin. Opintokokonaisuuteen kuuluu kolme erillist\u00e4 teht\u00e4v\u00e4monistetta: Oppimisteht\u00e4v\u00e4t Asennusten perusk\u00e4sitteet S\u00e4hk\u00f6turvallisuuslaki 1996\/410 S\u00e4hk\u00f6turvallisuusasetus 1996\/498 KTMp 1694 KTMp 516 KTMp 517 KTMp 1193 Laskuteht\u00e4vi\u00e4 johtimien ja suojalaitteiden valinnasta Laskuteht\u00e4vi\u00e4 nopean poiskytkenn\u00e4n varmistamiseksi K\u00e4yt\u00e4nn\u00f6n ongelmat s\u00e4hk\u00f6asentajan ty\u00f6ss\u00e4 Laskuteht\u00e4v\u00e4t Laskuteht\u00e4viss\u00e4 apuna voi&hellip;","_links":{"self":[{"href":"https:\/\/blogit.gradia.fi\/sahkonet\/wp-json\/wp\/v2\/pages\/1284","targetHints":{"allow":["GET"]}}],"collection":[{"href":"https:\/\/blogit.gradia.fi\/sahkonet\/wp-json\/wp\/v2\/pages"}],"about":[{"href":"https:\/\/blogit.gradia.fi\/sahkonet\/wp-json\/wp\/v2\/types\/page"}],"author":[{"embeddable":true,"href":"https:\/\/blogit.gradia.fi\/sahkonet\/wp-json\/wp\/v2\/users\/179"}],"replies":[{"embeddable":true,"href":"https:\/\/blogit.gradia.fi\/sahkonet\/wp-json\/wp\/v2\/comments?post=1284"}],"version-history":[{"count":0,"href":"https:\/\/blogit.gradia.fi\/sahkonet\/wp-json\/wp\/v2\/pages\/1284\/revisions"}],"up":[{"embeddable":true,"href":"https:\/\/blogit.gradia.fi\/sahkonet\/wp-json\/wp\/v2\/pages\/22"}],"wp:attachment":[{"href":"https:\/\/blogit.gradia.fi\/sahkonet\/wp-json\/wp\/v2\/media?parent=1284"}],"curies":[{"name":"wp","href":"https:\/\/api.w.org\/{rel}","templated":true}]}}