{"id":1280,"date":"2015-11-06T10:30:07","date_gmt":"2015-11-06T08:30:07","guid":{"rendered":"https:\/\/blogit.gradia.fi\/sahkonet\/?page_id=1280"},"modified":"2016-03-21T12:39:41","modified_gmt":"2016-03-21T10:39:41","slug":"toteutus","status":"publish","type":"page","link":"https:\/\/blogit.gradia.fi\/sahkonet\/kiinteistoautomaatio\/knx\/toteutus\/","title":{"rendered":"SA14D ryhm\u00e4jaot ja jaksosuunnitelma"},"content":{"rendered":"<p>Sill\u00e4 aikaa kun ryhm\u00e4 tekev\u00e4t ETS-harjoituksia, muut tekev\u00e4t SFS6000 ja KNX kirjallisia teht\u00e4vi\u00e4.<\/p>\n<h1>ETS4 &#8211; KNX<\/h1>\n<p><strong>RYHM\u00c41 &#8211; Viikko 1 &#8211; 8.-14.3. (10)<\/strong><\/p>\n<p>Tarhanen<br \/>\nJeksevics<br \/>\nEk<br \/>\nMoag<br \/>\nRytk\u00f6nen<br \/>\nLehtonen<\/p>\n<p><strong>RYHM\u00c42 &#8211; Viikko 2 &#8211; 15.-21.3. (11)<\/strong><\/p>\n<p>Tuhkanen<br \/>\nSalminen<br \/>\nReijonen<br \/>\nTourunen<br \/>\nB\u00e4rlund<\/p>\n<p><strong>RYHM\u00c43 &#8211; Viikko 3 &#8211; 22.-30.3. (12)<\/strong><\/p>\n<p>Romunen<br \/>\nRannala<br \/>\nKozlov<br \/>\nKinnunen<br \/>\nMononen<br \/>\nSuomu<br \/>\nJohansson<\/p>\n","protected":false},"excerpt":{"rendered":"<p>Sill\u00e4 aikaa kun ryhm\u00e4 tekev\u00e4t ETS-harjoituksia, muut tekev\u00e4t SFS6000 ja KNX kirjallisia teht\u00e4vi\u00e4. ETS4 &#8211; KNX RYHM\u00c41 &#8211; Viikko 1 &#8211; 8.-14.3. (10) Tarhanen Jeksevics Ek Moag Rytk\u00f6nen Lehtonen RYHM\u00c42 &#8211; Viikko 2 &#8211; 15.-21.3. (11) Tuhkanen Salminen Reijonen Tourunen B\u00e4rlund RYHM\u00c43 &#8211; Viikko 3 &#8211; 22.-30.3. (12) Romunen Rannala Kozlov Kinnunen Mononen Suomu Johansson<\/p>\n","protected":false},"author":179,"featured_media":0,"parent":716,"menu_order":0,"comment_status":"closed","ping_status":"closed","template":"","meta":{"_uag_custom_page_level_css":"","footnotes":""},"class_list":["post-1280","page","type-page","status-publish","hentry"],"yoast_head":"<!-- This site is optimized with the Yoast SEO plugin v27.4 - https:\/\/yoast.com\/product\/yoast-seo-wordpress\/ -->\n<title>SA14D ryhm\u00e4jaot ja jaksosuunnitelma - S\u00e4hk\u00f6Net<\/title>\n<meta name=\"robots\" content=\"index, follow, max-snippet:-1, max-image-preview:large, max-video-preview:-1\" \/>\n<link rel=\"canonical\" href=\"https:\/\/blogit.gradia.fi\/sahkonet\/kiinteistoautomaatio\/knx\/toteutus\/\" \/>\n<meta property=\"og:locale\" content=\"fi_FI\" \/>\n<meta property=\"og:type\" content=\"article\" \/>\n<meta property=\"og:title\" content=\"SA14D ryhm\u00e4jaot ja jaksosuunnitelma - S\u00e4hk\u00f6Net\" \/>\n<meta property=\"og:description\" content=\"Sill\u00e4 aikaa kun ryhm\u00e4 tekev\u00e4t ETS-harjoituksia, muut tekev\u00e4t SFS6000 ja KNX kirjallisia teht\u00e4vi\u00e4. ETS4 &#8211; KNX RYHM\u00c41 &#8211; Viikko 1 &#8211; 8.-14.3. (10) Tarhanen Jeksevics Ek Moag Rytk\u00f6nen Lehtonen RYHM\u00c42 &#8211; Viikko 2 &#8211; 15.-21.3. (11) Tuhkanen Salminen Reijonen Tourunen B\u00e4rlund RYHM\u00c43 &#8211; Viikko 3 &#8211; 22.-30.3. (12) Romunen Rannala Kozlov Kinnunen Mononen Suomu Johansson\" \/>\n<meta property=\"og:url\" content=\"https:\/\/blogit.gradia.fi\/sahkonet\/kiinteistoautomaatio\/knx\/toteutus\/\" \/>\n<meta property=\"og:site_name\" content=\"S\u00e4hk\u00f6Net\" \/>\n<meta property=\"article:modified_time\" content=\"2016-03-21T10:39:41+00:00\" \/>\n<meta name=\"twitter:card\" content=\"summary_large_image\" \/>\n<script type=\"application\/ld+json\" class=\"yoast-schema-graph\">{\"@context\":\"https:\\\/\\\/schema.org\",\"@graph\":[{\"@type\":\"WebPage\",\"@id\":\"https:\\\/\\\/blogit.gradia.fi\\\/sahkonet\\\/kiinteistoautomaatio\\\/knx\\\/toteutus\\\/\",\"url\":\"https:\\\/\\\/blogit.gradia.fi\\\/sahkonet\\\/kiinteistoautomaatio\\\/knx\\\/toteutus\\\/\",\"name\":\"SA14D ryhm\u00e4jaot ja jaksosuunnitelma - S\u00e4hk\u00f6Net\",\"isPartOf\":{\"@id\":\"https:\\\/\\\/blogit.gradia.fi\\\/sahkonet\\\/#website\"},\"datePublished\":\"2015-11-06T08:30:07+00:00\",\"dateModified\":\"2016-03-21T10:39:41+00:00\",\"breadcrumb\":{\"@id\":\"https:\\\/\\\/blogit.gradia.fi\\\/sahkonet\\\/kiinteistoautomaatio\\\/knx\\\/toteutus\\\/#breadcrumb\"},\"inLanguage\":\"fi\",\"potentialAction\":[{\"@type\":\"ReadAction\",\"target\":[\"https:\\\/\\\/blogit.gradia.fi\\\/sahkonet\\\/kiinteistoautomaatio\\\/knx\\\/toteutus\\\/\"]}]},{\"@type\":\"BreadcrumbList\",\"@id\":\"https:\\\/\\\/blogit.gradia.fi\\\/sahkonet\\\/kiinteistoautomaatio\\\/knx\\\/toteutus\\\/#breadcrumb\",\"itemListElement\":[{\"@type\":\"ListItem\",\"position\":1,\"name\":\"Kiinteist\u00f6jen automaatio- ja tietoj\u00e4rjestelm\u00e4t (30 osp)\",\"item\":\"https:\\\/\\\/blogit.gradia.fi\\\/sahkonet\\\/kiinteistoautomaatio\\\/\"},{\"@type\":\"ListItem\",\"position\":2,\"name\":\"KNX-asennukset\",\"item\":\"https:\\\/\\\/blogit.gradia.fi\\\/sahkonet\\\/kiinteistoautomaatio\\\/knx\\\/\"},{\"@type\":\"ListItem\",\"position\":3,\"name\":\"SA14D ryhm\u00e4jaot ja jaksosuunnitelma\"}]},{\"@type\":\"WebSite\",\"@id\":\"https:\\\/\\\/blogit.gradia.fi\\\/sahkonet\\\/#website\",\"url\":\"https:\\\/\\\/blogit.gradia.fi\\\/sahkonet\\\/\",\"name\":\"S\u00e4hk\u00f6Net\",\"description\":\"S\u00e4hk\u00f6- ja automaatiotekniikan perustutkinto\",\"potentialAction\":[{\"@type\":\"SearchAction\",\"target\":{\"@type\":\"EntryPoint\",\"urlTemplate\":\"https:\\\/\\\/blogit.gradia.fi\\\/sahkonet\\\/?s={search_term_string}\"},\"query-input\":{\"@type\":\"PropertyValueSpecification\",\"valueRequired\":true,\"valueName\":\"search_term_string\"}}],\"inLanguage\":\"fi\"}]}<\/script>\n<!-- \/ Yoast SEO plugin. -->","yoast_head_json":{"title":"SA14D ryhm\u00e4jaot ja jaksosuunnitelma - S\u00e4hk\u00f6Net","robots":{"index":"index","follow":"follow","max-snippet":"max-snippet:-1","max-image-preview":"max-image-preview:large","max-video-preview":"max-video-preview:-1"},"canonical":"https:\/\/blogit.gradia.fi\/sahkonet\/kiinteistoautomaatio\/knx\/toteutus\/","og_locale":"fi_FI","og_type":"article","og_title":"SA14D ryhm\u00e4jaot ja jaksosuunnitelma - S\u00e4hk\u00f6Net","og_description":"Sill\u00e4 aikaa kun ryhm\u00e4 tekev\u00e4t ETS-harjoituksia, muut tekev\u00e4t SFS6000 ja KNX kirjallisia teht\u00e4vi\u00e4. ETS4 &#8211; KNX RYHM\u00c41 &#8211; Viikko 1 &#8211; 8.-14.3. (10) Tarhanen Jeksevics Ek Moag Rytk\u00f6nen Lehtonen RYHM\u00c42 &#8211; Viikko 2 &#8211; 15.-21.3. (11) Tuhkanen Salminen Reijonen Tourunen B\u00e4rlund RYHM\u00c43 &#8211; Viikko 3 &#8211; 22.-30.3. (12) Romunen Rannala Kozlov Kinnunen Mononen Suomu Johansson","og_url":"https:\/\/blogit.gradia.fi\/sahkonet\/kiinteistoautomaatio\/knx\/toteutus\/","og_site_name":"S\u00e4hk\u00f6Net","article_modified_time":"2016-03-21T10:39:41+00:00","twitter_card":"summary_large_image","schema":{"@context":"https:\/\/schema.org","@graph":[{"@type":"WebPage","@id":"https:\/\/blogit.gradia.fi\/sahkonet\/kiinteistoautomaatio\/knx\/toteutus\/","url":"https:\/\/blogit.gradia.fi\/sahkonet\/kiinteistoautomaatio\/knx\/toteutus\/","name":"SA14D ryhm\u00e4jaot ja jaksosuunnitelma - S\u00e4hk\u00f6Net","isPartOf":{"@id":"https:\/\/blogit.gradia.fi\/sahkonet\/#website"},"datePublished":"2015-11-06T08:30:07+00:00","dateModified":"2016-03-21T10:39:41+00:00","breadcrumb":{"@id":"https:\/\/blogit.gradia.fi\/sahkonet\/kiinteistoautomaatio\/knx\/toteutus\/#breadcrumb"},"inLanguage":"fi","potentialAction":[{"@type":"ReadAction","target":["https:\/\/blogit.gradia.fi\/sahkonet\/kiinteistoautomaatio\/knx\/toteutus\/"]}]},{"@type":"BreadcrumbList","@id":"https:\/\/blogit.gradia.fi\/sahkonet\/kiinteistoautomaatio\/knx\/toteutus\/#breadcrumb","itemListElement":[{"@type":"ListItem","position":1,"name":"Kiinteist\u00f6jen automaatio- ja tietoj\u00e4rjestelm\u00e4t (30 osp)","item":"https:\/\/blogit.gradia.fi\/sahkonet\/kiinteistoautomaatio\/"},{"@type":"ListItem","position":2,"name":"KNX-asennukset","item":"https:\/\/blogit.gradia.fi\/sahkonet\/kiinteistoautomaatio\/knx\/"},{"@type":"ListItem","position":3,"name":"SA14D ryhm\u00e4jaot ja jaksosuunnitelma"}]},{"@type":"WebSite","@id":"https:\/\/blogit.gradia.fi\/sahkonet\/#website","url":"https:\/\/blogit.gradia.fi\/sahkonet\/","name":"S\u00e4hk\u00f6Net","description":"S\u00e4hk\u00f6- ja automaatiotekniikan perustutkinto","potentialAction":[{"@type":"SearchAction","target":{"@type":"EntryPoint","urlTemplate":"https:\/\/blogit.gradia.fi\/sahkonet\/?s={search_term_string}"},"query-input":{"@type":"PropertyValueSpecification","valueRequired":true,"valueName":"search_term_string"}}],"inLanguage":"fi"}]}},"uagb_featured_image_src":{"full":false,"thumbnail":false,"medium":false,"medium_large":false,"large":false,"1536x1536":false,"2048x2048":false,"post-thumbnail":false,"twentyfourteen-full-width":false},"uagb_author_info":{"display_name":"Pia Tolonen","author_link":"https:\/\/blogit.gradia.fi\/sahkonet\/author\/halmepia\/"},"uagb_comment_info":0,"uagb_excerpt":"Sill\u00e4 aikaa kun ryhm\u00e4 tekev\u00e4t ETS-harjoituksia, muut tekev\u00e4t SFS6000 ja KNX kirjallisia teht\u00e4vi\u00e4. ETS4 &#8211; KNX RYHM\u00c41 &#8211; Viikko 1 &#8211; 8.-14.3. (10) Tarhanen Jeksevics Ek Moag Rytk\u00f6nen Lehtonen RYHM\u00c42 &#8211; Viikko 2 &#8211; 15.-21.3. (11) Tuhkanen Salminen Reijonen Tourunen B\u00e4rlund RYHM\u00c43 &#8211; Viikko 3 &#8211; 22.-30.3. (12) Romunen Rannala Kozlov Kinnunen Mononen Suomu Johansson","_links":{"self":[{"href":"https:\/\/blogit.gradia.fi\/sahkonet\/wp-json\/wp\/v2\/pages\/1280","targetHints":{"allow":["GET"]}}],"collection":[{"href":"https:\/\/blogit.gradia.fi\/sahkonet\/wp-json\/wp\/v2\/pages"}],"about":[{"href":"https:\/\/blogit.gradia.fi\/sahkonet\/wp-json\/wp\/v2\/types\/page"}],"author":[{"embeddable":true,"href":"https:\/\/blogit.gradia.fi\/sahkonet\/wp-json\/wp\/v2\/users\/179"}],"replies":[{"embeddable":true,"href":"https:\/\/blogit.gradia.fi\/sahkonet\/wp-json\/wp\/v2\/comments?post=1280"}],"version-history":[{"count":0,"href":"https:\/\/blogit.gradia.fi\/sahkonet\/wp-json\/wp\/v2\/pages\/1280\/revisions"}],"up":[{"embeddable":true,"href":"https:\/\/blogit.gradia.fi\/sahkonet\/wp-json\/wp\/v2\/pages\/716"}],"wp:attachment":[{"href":"https:\/\/blogit.gradia.fi\/sahkonet\/wp-json\/wp\/v2\/media?parent=1280"}],"curies":[{"name":"wp","href":"https:\/\/api.w.org\/{rel}","templated":true}]}}