{"id":1276,"date":"2015-11-06T08:28:41","date_gmt":"2015-11-06T06:28:41","guid":{"rendered":"https:\/\/blogit.gradia.fi\/sahkonet\/?page_id=1276"},"modified":"2016-02-11T11:53:41","modified_gmt":"2016-02-11T09:53:41","slug":"ets4-varmuuskopio","status":"publish","type":"page","link":"https:\/\/blogit.gradia.fi\/sahkonet\/kiinteistoautomaatio\/knx\/ets4-varmuuskopio\/","title":{"rendered":"ETS4 varmuuskopio"},"content":{"rendered":"<p>Ennen jakson loppumista tiimin\/ryhm\u00e4n ETS4-projektista pit\u00e4\u00e4 tehd\u00e4 varmuuskopio.<\/p>\n<p>Ohje:\u00a0<a href=\"https:\/\/optima.discendum.com\/learning\/id353\/bin\/directURL_use?dval=f0ca67225662c010c79d8155814b66c174086630&amp;id=871766&amp;ws=1037676&amp;ns=31&amp;optimastart=on&amp;backtostart=on\" target=\"_blank\">Yhteiset toiminnot. Siirtotiedostot, Varmuuskopiot<\/a><\/p>\n<p>Nime\u00e4 tietokanta ryhm\u00e4si j\u00e4senten etunimill\u00e4. Esim: <em>VilleKallePelle.bak<\/em><\/p>\n<p>Tallenna tekem\u00e4si varmuuskopio Optiman <a href=\"https:\/\/optima.discendum.com\/learning\/id353\/bin\/directURL_use?dval=5e98a8fb78239185c1bdf9b272b235db68d6f33a&amp;id=1058502&amp;ws=1037676&amp;ns=31&amp;optimastart=on&amp;backtostart=on\" target=\"_blank\">palautuslaatikkoon<\/a><\/p>\n","protected":false},"excerpt":{"rendered":"<p>Ennen jakson loppumista tiimin\/ryhm\u00e4n ETS4-projektista pit\u00e4\u00e4 tehd\u00e4 varmuuskopio. Ohje:\u00a0Yhteiset toiminnot. Siirtotiedostot, Varmuuskopiot Nime\u00e4 tietokanta ryhm\u00e4si j\u00e4senten etunimill\u00e4. Esim: VilleKallePelle.bak Tallenna tekem\u00e4si varmuuskopio Optiman palautuslaatikkoon<\/p>\n","protected":false},"author":179,"featured_media":0,"parent":716,"menu_order":0,"comment_status":"closed","ping_status":"closed","template":"","meta":{"_uag_custom_page_level_css":"","footnotes":""},"class_list":["post-1276","page","type-page","status-publish","hentry"],"yoast_head":"<!-- This site is optimized with the Yoast SEO plugin v27.4 - https:\/\/yoast.com\/product\/yoast-seo-wordpress\/ -->\n<title>ETS4 varmuuskopio - S\u00e4hk\u00f6Net<\/title>\n<meta name=\"robots\" content=\"index, follow, max-snippet:-1, max-image-preview:large, max-video-preview:-1\" \/>\n<link rel=\"canonical\" href=\"https:\/\/blogit.gradia.fi\/sahkonet\/kiinteistoautomaatio\/knx\/ets4-varmuuskopio\/\" \/>\n<meta property=\"og:locale\" content=\"fi_FI\" \/>\n<meta property=\"og:type\" content=\"article\" \/>\n<meta property=\"og:title\" content=\"ETS4 varmuuskopio - S\u00e4hk\u00f6Net\" \/>\n<meta property=\"og:description\" content=\"Ennen jakson loppumista tiimin\/ryhm\u00e4n ETS4-projektista pit\u00e4\u00e4 tehd\u00e4 varmuuskopio. Ohje:\u00a0Yhteiset toiminnot. Siirtotiedostot, Varmuuskopiot Nime\u00e4 tietokanta ryhm\u00e4si j\u00e4senten etunimill\u00e4. Esim: VilleKallePelle.bak Tallenna tekem\u00e4si varmuuskopio Optiman palautuslaatikkoon\" \/>\n<meta property=\"og:url\" content=\"https:\/\/blogit.gradia.fi\/sahkonet\/kiinteistoautomaatio\/knx\/ets4-varmuuskopio\/\" \/>\n<meta property=\"og:site_name\" content=\"S\u00e4hk\u00f6Net\" \/>\n<meta property=\"article:modified_time\" content=\"2016-02-11T09:53:41+00:00\" \/>\n<meta name=\"twitter:card\" content=\"summary_large_image\" \/>\n<script type=\"application\/ld+json\" class=\"yoast-schema-graph\">{\"@context\":\"https:\\\/\\\/schema.org\",\"@graph\":[{\"@type\":\"WebPage\",\"@id\":\"https:\\\/\\\/blogit.gradia.fi\\\/sahkonet\\\/kiinteistoautomaatio\\\/knx\\\/ets4-varmuuskopio\\\/\",\"url\":\"https:\\\/\\\/blogit.gradia.fi\\\/sahkonet\\\/kiinteistoautomaatio\\\/knx\\\/ets4-varmuuskopio\\\/\",\"name\":\"ETS4 varmuuskopio - S\u00e4hk\u00f6Net\",\"isPartOf\":{\"@id\":\"https:\\\/\\\/blogit.gradia.fi\\\/sahkonet\\\/#website\"},\"datePublished\":\"2015-11-06T06:28:41+00:00\",\"dateModified\":\"2016-02-11T09:53:41+00:00\",\"breadcrumb\":{\"@id\":\"https:\\\/\\\/blogit.gradia.fi\\\/sahkonet\\\/kiinteistoautomaatio\\\/knx\\\/ets4-varmuuskopio\\\/#breadcrumb\"},\"inLanguage\":\"fi\",\"potentialAction\":[{\"@type\":\"ReadAction\",\"target\":[\"https:\\\/\\\/blogit.gradia.fi\\\/sahkonet\\\/kiinteistoautomaatio\\\/knx\\\/ets4-varmuuskopio\\\/\"]}]},{\"@type\":\"BreadcrumbList\",\"@id\":\"https:\\\/\\\/blogit.gradia.fi\\\/sahkonet\\\/kiinteistoautomaatio\\\/knx\\\/ets4-varmuuskopio\\\/#breadcrumb\",\"itemListElement\":[{\"@type\":\"ListItem\",\"position\":1,\"name\":\"Kiinteist\u00f6jen automaatio- ja tietoj\u00e4rjestelm\u00e4t (30 osp)\",\"item\":\"https:\\\/\\\/blogit.gradia.fi\\\/sahkonet\\\/kiinteistoautomaatio\\\/\"},{\"@type\":\"ListItem\",\"position\":2,\"name\":\"KNX-asennukset\",\"item\":\"https:\\\/\\\/blogit.gradia.fi\\\/sahkonet\\\/kiinteistoautomaatio\\\/knx\\\/\"},{\"@type\":\"ListItem\",\"position\":3,\"name\":\"ETS4 varmuuskopio\"}]},{\"@type\":\"WebSite\",\"@id\":\"https:\\\/\\\/blogit.gradia.fi\\\/sahkonet\\\/#website\",\"url\":\"https:\\\/\\\/blogit.gradia.fi\\\/sahkonet\\\/\",\"name\":\"S\u00e4hk\u00f6Net\",\"description\":\"S\u00e4hk\u00f6- ja automaatiotekniikan perustutkinto\",\"potentialAction\":[{\"@type\":\"SearchAction\",\"target\":{\"@type\":\"EntryPoint\",\"urlTemplate\":\"https:\\\/\\\/blogit.gradia.fi\\\/sahkonet\\\/?s={search_term_string}\"},\"query-input\":{\"@type\":\"PropertyValueSpecification\",\"valueRequired\":true,\"valueName\":\"search_term_string\"}}],\"inLanguage\":\"fi\"}]}<\/script>\n<!-- \/ Yoast SEO plugin. -->","yoast_head_json":{"title":"ETS4 varmuuskopio - S\u00e4hk\u00f6Net","robots":{"index":"index","follow":"follow","max-snippet":"max-snippet:-1","max-image-preview":"max-image-preview:large","max-video-preview":"max-video-preview:-1"},"canonical":"https:\/\/blogit.gradia.fi\/sahkonet\/kiinteistoautomaatio\/knx\/ets4-varmuuskopio\/","og_locale":"fi_FI","og_type":"article","og_title":"ETS4 varmuuskopio - S\u00e4hk\u00f6Net","og_description":"Ennen jakson loppumista tiimin\/ryhm\u00e4n ETS4-projektista pit\u00e4\u00e4 tehd\u00e4 varmuuskopio. Ohje:\u00a0Yhteiset toiminnot. Siirtotiedostot, Varmuuskopiot Nime\u00e4 tietokanta ryhm\u00e4si j\u00e4senten etunimill\u00e4. Esim: VilleKallePelle.bak Tallenna tekem\u00e4si varmuuskopio Optiman palautuslaatikkoon","og_url":"https:\/\/blogit.gradia.fi\/sahkonet\/kiinteistoautomaatio\/knx\/ets4-varmuuskopio\/","og_site_name":"S\u00e4hk\u00f6Net","article_modified_time":"2016-02-11T09:53:41+00:00","twitter_card":"summary_large_image","schema":{"@context":"https:\/\/schema.org","@graph":[{"@type":"WebPage","@id":"https:\/\/blogit.gradia.fi\/sahkonet\/kiinteistoautomaatio\/knx\/ets4-varmuuskopio\/","url":"https:\/\/blogit.gradia.fi\/sahkonet\/kiinteistoautomaatio\/knx\/ets4-varmuuskopio\/","name":"ETS4 varmuuskopio - S\u00e4hk\u00f6Net","isPartOf":{"@id":"https:\/\/blogit.gradia.fi\/sahkonet\/#website"},"datePublished":"2015-11-06T06:28:41+00:00","dateModified":"2016-02-11T09:53:41+00:00","breadcrumb":{"@id":"https:\/\/blogit.gradia.fi\/sahkonet\/kiinteistoautomaatio\/knx\/ets4-varmuuskopio\/#breadcrumb"},"inLanguage":"fi","potentialAction":[{"@type":"ReadAction","target":["https:\/\/blogit.gradia.fi\/sahkonet\/kiinteistoautomaatio\/knx\/ets4-varmuuskopio\/"]}]},{"@type":"BreadcrumbList","@id":"https:\/\/blogit.gradia.fi\/sahkonet\/kiinteistoautomaatio\/knx\/ets4-varmuuskopio\/#breadcrumb","itemListElement":[{"@type":"ListItem","position":1,"name":"Kiinteist\u00f6jen automaatio- ja tietoj\u00e4rjestelm\u00e4t (30 osp)","item":"https:\/\/blogit.gradia.fi\/sahkonet\/kiinteistoautomaatio\/"},{"@type":"ListItem","position":2,"name":"KNX-asennukset","item":"https:\/\/blogit.gradia.fi\/sahkonet\/kiinteistoautomaatio\/knx\/"},{"@type":"ListItem","position":3,"name":"ETS4 varmuuskopio"}]},{"@type":"WebSite","@id":"https:\/\/blogit.gradia.fi\/sahkonet\/#website","url":"https:\/\/blogit.gradia.fi\/sahkonet\/","name":"S\u00e4hk\u00f6Net","description":"S\u00e4hk\u00f6- ja automaatiotekniikan perustutkinto","potentialAction":[{"@type":"SearchAction","target":{"@type":"EntryPoint","urlTemplate":"https:\/\/blogit.gradia.fi\/sahkonet\/?s={search_term_string}"},"query-input":{"@type":"PropertyValueSpecification","valueRequired":true,"valueName":"search_term_string"}}],"inLanguage":"fi"}]}},"uagb_featured_image_src":{"full":false,"thumbnail":false,"medium":false,"medium_large":false,"large":false,"1536x1536":false,"2048x2048":false,"post-thumbnail":false,"twentyfourteen-full-width":false},"uagb_author_info":{"display_name":"Pia Tolonen","author_link":"https:\/\/blogit.gradia.fi\/sahkonet\/author\/halmepia\/"},"uagb_comment_info":0,"uagb_excerpt":"Ennen jakson loppumista tiimin\/ryhm\u00e4n ETS4-projektista pit\u00e4\u00e4 tehd\u00e4 varmuuskopio. Ohje:\u00a0Yhteiset toiminnot. Siirtotiedostot, Varmuuskopiot Nime\u00e4 tietokanta ryhm\u00e4si j\u00e4senten etunimill\u00e4. Esim: VilleKallePelle.bak Tallenna tekem\u00e4si varmuuskopio Optiman palautuslaatikkoon","_links":{"self":[{"href":"https:\/\/blogit.gradia.fi\/sahkonet\/wp-json\/wp\/v2\/pages\/1276","targetHints":{"allow":["GET"]}}],"collection":[{"href":"https:\/\/blogit.gradia.fi\/sahkonet\/wp-json\/wp\/v2\/pages"}],"about":[{"href":"https:\/\/blogit.gradia.fi\/sahkonet\/wp-json\/wp\/v2\/types\/page"}],"author":[{"embeddable":true,"href":"https:\/\/blogit.gradia.fi\/sahkonet\/wp-json\/wp\/v2\/users\/179"}],"replies":[{"embeddable":true,"href":"https:\/\/blogit.gradia.fi\/sahkonet\/wp-json\/wp\/v2\/comments?post=1276"}],"version-history":[{"count":0,"href":"https:\/\/blogit.gradia.fi\/sahkonet\/wp-json\/wp\/v2\/pages\/1276\/revisions"}],"up":[{"embeddable":true,"href":"https:\/\/blogit.gradia.fi\/sahkonet\/wp-json\/wp\/v2\/pages\/716"}],"wp:attachment":[{"href":"https:\/\/blogit.gradia.fi\/sahkonet\/wp-json\/wp\/v2\/media?parent=1276"}],"curies":[{"name":"wp","href":"https:\/\/api.w.org\/{rel}","templated":true}]}}