{"id":1241,"date":"2015-09-15T09:14:53","date_gmt":"2015-09-15T06:14:53","guid":{"rendered":"https:\/\/blogit.gradia.fi\/sahkonet\/?page_id=1241"},"modified":"2015-09-17T11:21:11","modified_gmt":"2015-09-17T08:21:11","slug":"rajapinnat","status":"publish","type":"page","link":"https:\/\/blogit.gradia.fi\/sahkonet\/kiinteistoautomaatio\/knx\/rajapinnat\/","title":{"rendered":"Rajapinnat"},"content":{"rendered":"<p><strong>Siemens Logo! ja Schneider Electric Zelio<\/strong><\/p>\n<p>1. Kytke<\/p>\n<ul>\n<li>L\u00e4mp\u00f6tilal\u00e4hetin TT1 l\u00e4mp\u00f6tila-anturiin TE1<\/li>\n<li>L\u00e4mp\u00f6tilal\u00e4hetin TT1 \u00e4lyreleen ensimm\u00e4iseen AI-tuloon<\/li>\n<li>L\u00e4mp\u00f6tilal\u00e4hetin TT2 \u00e4lyreleen toiseen\u00a0AI-tuloon<\/li>\n<li>Kiertokytkin S1 vaihtok\u00e4rjet (K\u00e4si-Automaatti) \u00e4lyreleen 2. ja 3. DI-tuloon<\/li>\n<li>Kytkin S2 \u00e4lyreleen ensimm\u00e4iseen DI-tuloon<\/li>\n<li>Merkkilamppu X1 \u00e4lyreleen DO-l\u00e4ht\u00f6\u00f6n<\/li>\n<\/ul>\n<p>2. Tee ohjelma \u00e4lyreleeseen<\/p>\n<ul>\n<li>Kytkin S2 ohjaa merkkilamppua X1 sys\u00e4ysreleen\u00e4<\/li>\n<li>Kytkimen S1 asennossa (k\u00e4si) ohjaa merkkilampun X1 p\u00e4\u00e4lle<\/li>\n<li>Kytkimen S1 asennossa (automaatti) ohjaa merkkilampun p\u00e4\u00e4lle, jos TT1 l\u00e4mp\u00f6tila-arvo on 2 astetta suurempi kuin TT2 l\u00e4mp\u00f6tila-arvo.<\/li>\n<li>L\u00e4mp\u00f6tilal\u00e4hettimien TT1 ja TT2 l\u00e4mp\u00f6tila-arvot n\u00e4ytet\u00e4\u00e4n \u00e4lyreleen n\u00e4yt\u00f6ll\u00e4 Celsiuas-asteissa.<\/li>\n<\/ul>\n<p>3. Siemens Logo!<\/p>\n<ul>\n<li>Kytke Siemens Logo! lis\u00e4kortti EIB\/KNX ETS4 KNX-v\u00e4yl\u00e4\u00e4n<\/li>\n<li>Lis\u00e4\u00e4 Siemens Logo! lis\u00e4kortti EIB\/KNX ETS4 ohjelmaan<\/li>\n<li>Tee ryhm\u00e4osoitteet, joissa\n<ul>\n<li>S2 kytkin ohjaa KNX-sein\u00e4n valaisinta R1<\/li>\n<li>ohjaat KNX-sein\u00e4n ABB-kytkimell\u00e4 Siemens DO-l\u00e4ht\u00f6\u00f6n kytketty\u00e4 merkkivaloa.<\/li>\n<\/ul>\n<\/li>\n<\/ul>\n<p>&nbsp;<\/p>\n","protected":false},"excerpt":{"rendered":"<p>Siemens Logo! ja Schneider Electric Zelio 1. Kytke L\u00e4mp\u00f6tilal\u00e4hetin TT1 l\u00e4mp\u00f6tila-anturiin TE1 L\u00e4mp\u00f6tilal\u00e4hetin TT1 \u00e4lyreleen ensimm\u00e4iseen AI-tuloon L\u00e4mp\u00f6tilal\u00e4hetin TT2 \u00e4lyreleen toiseen\u00a0AI-tuloon Kiertokytkin S1 vaihtok\u00e4rjet (K\u00e4si-Automaatti) \u00e4lyreleen 2. ja 3. DI-tuloon Kytkin S2 \u00e4lyreleen ensimm\u00e4iseen DI-tuloon Merkkilamppu X1 \u00e4lyreleen DO-l\u00e4ht\u00f6\u00f6n 2. Tee ohjelma \u00e4lyreleeseen Kytkin S2 ohjaa merkkilamppua X1 sys\u00e4ysreleen\u00e4 Kytkimen S1 asennossa (k\u00e4si) ohjaa merkkilampun &hellip; <a href=\"https:\/\/blogit.gradia.fi\/sahkonet\/kiinteistoautomaatio\/knx\/rajapinnat\/\" class=\"more-link\">Jatka lukemista <span class=\"screen-reader-text\">Rajapinnat<\/span> <span class=\"meta-nav\">&rarr;<\/span><\/a><\/p>\n","protected":false},"author":179,"featured_media":0,"parent":716,"menu_order":5,"comment_status":"closed","ping_status":"closed","template":"","meta":{"_uag_custom_page_level_css":"","footnotes":""},"class_list":["post-1241","page","type-page","status-publish","hentry"],"yoast_head":"<!-- This site is optimized with the Yoast SEO plugin v27.4 - https:\/\/yoast.com\/product\/yoast-seo-wordpress\/ -->\n<title>Rajapinnat - S\u00e4hk\u00f6Net<\/title>\n<meta name=\"robots\" content=\"index, follow, max-snippet:-1, max-image-preview:large, max-video-preview:-1\" \/>\n<link rel=\"canonical\" href=\"https:\/\/blogit.gradia.fi\/sahkonet\/kiinteistoautomaatio\/knx\/rajapinnat\/\" \/>\n<meta property=\"og:locale\" content=\"fi_FI\" \/>\n<meta property=\"og:type\" content=\"article\" \/>\n<meta property=\"og:title\" content=\"Rajapinnat - S\u00e4hk\u00f6Net\" \/>\n<meta property=\"og:description\" content=\"Siemens Logo! ja Schneider Electric Zelio 1. Kytke L\u00e4mp\u00f6tilal\u00e4hetin TT1 l\u00e4mp\u00f6tila-anturiin TE1 L\u00e4mp\u00f6tilal\u00e4hetin TT1 \u00e4lyreleen ensimm\u00e4iseen AI-tuloon L\u00e4mp\u00f6tilal\u00e4hetin TT2 \u00e4lyreleen toiseen\u00a0AI-tuloon Kiertokytkin S1 vaihtok\u00e4rjet (K\u00e4si-Automaatti) \u00e4lyreleen 2. ja 3. DI-tuloon Kytkin S2 \u00e4lyreleen ensimm\u00e4iseen DI-tuloon Merkkilamppu X1 \u00e4lyreleen DO-l\u00e4ht\u00f6\u00f6n 2. Tee ohjelma \u00e4lyreleeseen Kytkin S2 ohjaa merkkilamppua X1 sys\u00e4ysreleen\u00e4 Kytkimen S1 asennossa (k\u00e4si) ohjaa merkkilampun &hellip; Jatka lukemista Rajapinnat &rarr;\" \/>\n<meta property=\"og:url\" content=\"https:\/\/blogit.gradia.fi\/sahkonet\/kiinteistoautomaatio\/knx\/rajapinnat\/\" \/>\n<meta property=\"og:site_name\" content=\"S\u00e4hk\u00f6Net\" \/>\n<meta property=\"article:modified_time\" content=\"2015-09-17T08:21:11+00:00\" \/>\n<meta name=\"twitter:card\" content=\"summary_large_image\" \/>\n<meta name=\"twitter:label1\" content=\"Arvioitu lukuaika\" \/>\n\t<meta name=\"twitter:data1\" content=\"1 minuutti\" \/>\n<script type=\"application\/ld+json\" class=\"yoast-schema-graph\">{\"@context\":\"https:\\\/\\\/schema.org\",\"@graph\":[{\"@type\":\"WebPage\",\"@id\":\"https:\\\/\\\/blogit.gradia.fi\\\/sahkonet\\\/kiinteistoautomaatio\\\/knx\\\/rajapinnat\\\/\",\"url\":\"https:\\\/\\\/blogit.gradia.fi\\\/sahkonet\\\/kiinteistoautomaatio\\\/knx\\\/rajapinnat\\\/\",\"name\":\"Rajapinnat - S\u00e4hk\u00f6Net\",\"isPartOf\":{\"@id\":\"https:\\\/\\\/blogit.gradia.fi\\\/sahkonet\\\/#website\"},\"datePublished\":\"2015-09-15T06:14:53+00:00\",\"dateModified\":\"2015-09-17T08:21:11+00:00\",\"breadcrumb\":{\"@id\":\"https:\\\/\\\/blogit.gradia.fi\\\/sahkonet\\\/kiinteistoautomaatio\\\/knx\\\/rajapinnat\\\/#breadcrumb\"},\"inLanguage\":\"fi\",\"potentialAction\":[{\"@type\":\"ReadAction\",\"target\":[\"https:\\\/\\\/blogit.gradia.fi\\\/sahkonet\\\/kiinteistoautomaatio\\\/knx\\\/rajapinnat\\\/\"]}]},{\"@type\":\"BreadcrumbList\",\"@id\":\"https:\\\/\\\/blogit.gradia.fi\\\/sahkonet\\\/kiinteistoautomaatio\\\/knx\\\/rajapinnat\\\/#breadcrumb\",\"itemListElement\":[{\"@type\":\"ListItem\",\"position\":1,\"name\":\"Kiinteist\u00f6jen automaatio- ja tietoj\u00e4rjestelm\u00e4t (30 osp)\",\"item\":\"https:\\\/\\\/blogit.gradia.fi\\\/sahkonet\\\/kiinteistoautomaatio\\\/\"},{\"@type\":\"ListItem\",\"position\":2,\"name\":\"KNX-asennukset\",\"item\":\"https:\\\/\\\/blogit.gradia.fi\\\/sahkonet\\\/kiinteistoautomaatio\\\/knx\\\/\"},{\"@type\":\"ListItem\",\"position\":3,\"name\":\"Rajapinnat\"}]},{\"@type\":\"WebSite\",\"@id\":\"https:\\\/\\\/blogit.gradia.fi\\\/sahkonet\\\/#website\",\"url\":\"https:\\\/\\\/blogit.gradia.fi\\\/sahkonet\\\/\",\"name\":\"S\u00e4hk\u00f6Net\",\"description\":\"S\u00e4hk\u00f6- ja automaatiotekniikan perustutkinto\",\"potentialAction\":[{\"@type\":\"SearchAction\",\"target\":{\"@type\":\"EntryPoint\",\"urlTemplate\":\"https:\\\/\\\/blogit.gradia.fi\\\/sahkonet\\\/?s={search_term_string}\"},\"query-input\":{\"@type\":\"PropertyValueSpecification\",\"valueRequired\":true,\"valueName\":\"search_term_string\"}}],\"inLanguage\":\"fi\"}]}<\/script>\n<!-- \/ Yoast SEO plugin. -->","yoast_head_json":{"title":"Rajapinnat - S\u00e4hk\u00f6Net","robots":{"index":"index","follow":"follow","max-snippet":"max-snippet:-1","max-image-preview":"max-image-preview:large","max-video-preview":"max-video-preview:-1"},"canonical":"https:\/\/blogit.gradia.fi\/sahkonet\/kiinteistoautomaatio\/knx\/rajapinnat\/","og_locale":"fi_FI","og_type":"article","og_title":"Rajapinnat - S\u00e4hk\u00f6Net","og_description":"Siemens Logo! ja Schneider Electric Zelio 1. Kytke L\u00e4mp\u00f6tilal\u00e4hetin TT1 l\u00e4mp\u00f6tila-anturiin TE1 L\u00e4mp\u00f6tilal\u00e4hetin TT1 \u00e4lyreleen ensimm\u00e4iseen AI-tuloon L\u00e4mp\u00f6tilal\u00e4hetin TT2 \u00e4lyreleen toiseen\u00a0AI-tuloon Kiertokytkin S1 vaihtok\u00e4rjet (K\u00e4si-Automaatti) \u00e4lyreleen 2. ja 3. DI-tuloon Kytkin S2 \u00e4lyreleen ensimm\u00e4iseen DI-tuloon Merkkilamppu X1 \u00e4lyreleen DO-l\u00e4ht\u00f6\u00f6n 2. Tee ohjelma \u00e4lyreleeseen Kytkin S2 ohjaa merkkilamppua X1 sys\u00e4ysreleen\u00e4 Kytkimen S1 asennossa (k\u00e4si) ohjaa merkkilampun &hellip; Jatka lukemista Rajapinnat &rarr;","og_url":"https:\/\/blogit.gradia.fi\/sahkonet\/kiinteistoautomaatio\/knx\/rajapinnat\/","og_site_name":"S\u00e4hk\u00f6Net","article_modified_time":"2015-09-17T08:21:11+00:00","twitter_card":"summary_large_image","twitter_misc":{"Arvioitu lukuaika":"1 minuutti"},"schema":{"@context":"https:\/\/schema.org","@graph":[{"@type":"WebPage","@id":"https:\/\/blogit.gradia.fi\/sahkonet\/kiinteistoautomaatio\/knx\/rajapinnat\/","url":"https:\/\/blogit.gradia.fi\/sahkonet\/kiinteistoautomaatio\/knx\/rajapinnat\/","name":"Rajapinnat - S\u00e4hk\u00f6Net","isPartOf":{"@id":"https:\/\/blogit.gradia.fi\/sahkonet\/#website"},"datePublished":"2015-09-15T06:14:53+00:00","dateModified":"2015-09-17T08:21:11+00:00","breadcrumb":{"@id":"https:\/\/blogit.gradia.fi\/sahkonet\/kiinteistoautomaatio\/knx\/rajapinnat\/#breadcrumb"},"inLanguage":"fi","potentialAction":[{"@type":"ReadAction","target":["https:\/\/blogit.gradia.fi\/sahkonet\/kiinteistoautomaatio\/knx\/rajapinnat\/"]}]},{"@type":"BreadcrumbList","@id":"https:\/\/blogit.gradia.fi\/sahkonet\/kiinteistoautomaatio\/knx\/rajapinnat\/#breadcrumb","itemListElement":[{"@type":"ListItem","position":1,"name":"Kiinteist\u00f6jen automaatio- ja tietoj\u00e4rjestelm\u00e4t (30 osp)","item":"https:\/\/blogit.gradia.fi\/sahkonet\/kiinteistoautomaatio\/"},{"@type":"ListItem","position":2,"name":"KNX-asennukset","item":"https:\/\/blogit.gradia.fi\/sahkonet\/kiinteistoautomaatio\/knx\/"},{"@type":"ListItem","position":3,"name":"Rajapinnat"}]},{"@type":"WebSite","@id":"https:\/\/blogit.gradia.fi\/sahkonet\/#website","url":"https:\/\/blogit.gradia.fi\/sahkonet\/","name":"S\u00e4hk\u00f6Net","description":"S\u00e4hk\u00f6- ja automaatiotekniikan perustutkinto","potentialAction":[{"@type":"SearchAction","target":{"@type":"EntryPoint","urlTemplate":"https:\/\/blogit.gradia.fi\/sahkonet\/?s={search_term_string}"},"query-input":{"@type":"PropertyValueSpecification","valueRequired":true,"valueName":"search_term_string"}}],"inLanguage":"fi"}]}},"uagb_featured_image_src":{"full":false,"thumbnail":false,"medium":false,"medium_large":false,"large":false,"1536x1536":false,"2048x2048":false,"post-thumbnail":false,"twentyfourteen-full-width":false},"uagb_author_info":{"display_name":"Pia Tolonen","author_link":"https:\/\/blogit.gradia.fi\/sahkonet\/author\/halmepia\/"},"uagb_comment_info":0,"uagb_excerpt":"Siemens Logo! ja Schneider Electric Zelio 1. Kytke L\u00e4mp\u00f6tilal\u00e4hetin TT1 l\u00e4mp\u00f6tila-anturiin TE1 L\u00e4mp\u00f6tilal\u00e4hetin TT1 \u00e4lyreleen ensimm\u00e4iseen AI-tuloon L\u00e4mp\u00f6tilal\u00e4hetin TT2 \u00e4lyreleen toiseen\u00a0AI-tuloon Kiertokytkin S1 vaihtok\u00e4rjet (K\u00e4si-Automaatti) \u00e4lyreleen 2. ja 3. DI-tuloon Kytkin S2 \u00e4lyreleen ensimm\u00e4iseen DI-tuloon Merkkilamppu X1 \u00e4lyreleen DO-l\u00e4ht\u00f6\u00f6n 2. Tee ohjelma \u00e4lyreleeseen Kytkin S2 ohjaa merkkilamppua X1 sys\u00e4ysreleen\u00e4 Kytkimen S1 asennossa (k\u00e4si) ohjaa merkkilampun&hellip;","_links":{"self":[{"href":"https:\/\/blogit.gradia.fi\/sahkonet\/wp-json\/wp\/v2\/pages\/1241","targetHints":{"allow":["GET"]}}],"collection":[{"href":"https:\/\/blogit.gradia.fi\/sahkonet\/wp-json\/wp\/v2\/pages"}],"about":[{"href":"https:\/\/blogit.gradia.fi\/sahkonet\/wp-json\/wp\/v2\/types\/page"}],"author":[{"embeddable":true,"href":"https:\/\/blogit.gradia.fi\/sahkonet\/wp-json\/wp\/v2\/users\/179"}],"replies":[{"embeddable":true,"href":"https:\/\/blogit.gradia.fi\/sahkonet\/wp-json\/wp\/v2\/comments?post=1241"}],"version-history":[{"count":0,"href":"https:\/\/blogit.gradia.fi\/sahkonet\/wp-json\/wp\/v2\/pages\/1241\/revisions"}],"up":[{"embeddable":true,"href":"https:\/\/blogit.gradia.fi\/sahkonet\/wp-json\/wp\/v2\/pages\/716"}],"wp:attachment":[{"href":"https:\/\/blogit.gradia.fi\/sahkonet\/wp-json\/wp\/v2\/media?parent=1241"}],"curies":[{"name":"wp","href":"https:\/\/api.w.org\/{rel}","templated":true}]}}