{"id":122,"date":"2014-05-01T12:38:11","date_gmt":"2014-05-01T09:38:11","guid":{"rendered":"https:\/\/blogit.gradia.fi\/sahkonet\/?page_id=122"},"modified":"2014-10-13T20:18:18","modified_gmt":"2014-10-13T17:18:18","slug":"saot3_sisajohtoasennukset-tarvikkeiden-tuntemus","status":"publish","type":"page","link":"https:\/\/blogit.gradia.fi\/sahkonet\/sahko-ja-automaatioasennukset\/oppimistehtavat\/kiinteistojen-sahkoasennukset\/sisajohtoasennukset\/saot3_sisajohtoasennukset-tarvikkeiden-tuntemus\/","title":{"rendered":"SAOT3, Sis\u00e4johtoasennukset, tarvikkeiden tuntemus"},"content":{"rendered":"<p>P\u00e4ivitetty 13.10.2014\/JPe<br \/>\n9.8.2014<br \/>\nJari Peura<\/p>\n<h3><strong><span style=\"text-decoration: underline\">TEHT\u00c4V\u00c4N TAVOITE<\/span><\/strong><\/h3>\n<p>Oppimisteht\u00e4v\u00e4n tavoiteena on<\/p>\n<ul>\n<li>oppia tuntemaan yleisimm\u00e4t sis\u00e4johtoasennuksissa k\u00e4ytett\u00e4v\u00e4t asennustarvikkeet<\/li>\n<li>oppia tuntemaan yleisimm\u00e4t sis\u00e4johtoasennuksissa k\u00e4ytett\u00e4v\u00e4t uppoasennuskalusteet<\/li>\n<li>tutustua sis\u00e4johtoasennuksien keskeisiin ty\u00f6vaiheisiin<\/li>\n<\/ul>\n<h3><span style=\"text-decoration: underline\"><b>ITSEN\u00c4ISET OPPIMISTEHT\u00c4V\u00c4T:<\/b><\/span><\/h3>\n<p>Kirja: Sis\u00e4johtoasennukset (kirjallisista teht\u00e4vist\u00e4 teht\u00e4v\u00e4 kaikki &#8211; itsen\u00e4inen opiskelu)<\/p>\n<p>Lue ja tee teht\u00e4v\u00e4t!<\/p>\n<p>VALAISTUSKYTKENN\u00c4T<\/p>\n<ul>\n<li>s. 100-111, teht\u00e4v\u00e4t 1-13<\/li>\n<\/ul>\n<p>MUOVIVAIPPAKAAPELIN ASENNUS<\/p>\n<ul>\n<li>s. 122-125, teht\u00e4v\u00e4t 1, 3, 4<\/li>\n<li>s. 127-128, teht\u00e4v\u00e4t 7, 8<\/li>\n<li>s. 130, teht\u00e4v\u00e4t 10b, 10c<\/li>\n<li>s. 139-140, teht\u00e4v\u00e4t 1-3<\/li>\n<\/ul>\n<h3><span style=\"text-decoration: underline\"><b>TIIMIN OPPIMISTEHT\u00c4V\u00c4T:<\/b><\/span><\/h3>\n<p>Kirja: Sis\u00e4johtoasennukset harjoitusty\u00f6kirja<\/p>\n<ul>\n<li>1.1 Kojerasiatarvikkeet, s. 7-12<\/li>\n<li>1.2 Jakorasiatarvikkeet s. 13-16<\/li>\n<li>1.3 Uppoasennuskalusteet s. 17-24<\/li>\n<li>2.1 Harjoitust\u00f6iden keskeiset ty\u00f6vaiheet<\/li>\n<\/ul>\n<h3><b><span style=\"text-decoration: underline;color: #000000\"><span style=\"text-decoration: underline\">TEHT\u00c4VIEN PALAUTUS:<\/span><\/span><br \/>\n<\/b><\/h3>\n<h5>Itsen\u00e4iset oppimisteht\u00e4v\u00e4t:<\/h5>\n<ul>\n<li>Itsen\u00e4isi\u00e4 oppimisteht\u00e4vi\u00e4 varten opiskelija hankkii kirjan Sis\u00e4johtoasennukset &#8211; Jukka Ahoranta.<\/li>\n<li>Lue ensin kappaleet ja tee sen j\u00e4lkeen teht\u00e4v\u00e4t tehd\u00e4\u00e4n kirjaan.<\/li>\n<li>Kun opiskelija on tehnyt teht\u00e4v\u00e4t h\u00e4n n\u00e4ytt\u00e4\u00e4 ne opettajalle -&gt; opettaja kirjaa suoritusmerkinn\u00e4n wilmaan.<\/li>\n<\/ul>\n<h5>Tiimin oppimisteht\u00e4v\u00e4t:<\/h5>\n<ul>\n<li>Tiimin oppimisteht\u00e4vist\u00e4 jokainen opiskelija tekee blogi p\u00e4ivityksen omaan blogiinsa = oppimisp\u00e4iv\u00e4kirja\n<ul>\n<li>Videoita, kuvia ja teksti\u00e4<\/li>\n<\/ul>\n<\/li>\n<li>Oppimisteht\u00e4v\u00e4n ollessa valmis se tarkastutetaan ohjaavalla opettajalla.<\/li>\n<li>Opettajan annetua lupa, tiimi purkaa asennukset, vie tarviikkeet paikalleen ja siivoa ty\u00f6pisteen -&gt; Lopputarkastus opettajalla -&gt; Opettaja kirjaa t\u00e4ss\u00e4 vaiheessa suoritusmerkinn\u00e4t wilmaan.<\/li>\n<\/ul>\n","protected":false},"excerpt":{"rendered":"<p>P\u00e4ivitetty 13.10.2014\/JPe 9.8.2014 Jari Peura TEHT\u00c4V\u00c4N TAVOITE Oppimisteht\u00e4v\u00e4n tavoiteena on oppia tuntemaan yleisimm\u00e4t sis\u00e4johtoasennuksissa k\u00e4ytett\u00e4v\u00e4t asennustarvikkeet oppia tuntemaan yleisimm\u00e4t sis\u00e4johtoasennuksissa k\u00e4ytett\u00e4v\u00e4t uppoasennuskalusteet tutustua sis\u00e4johtoasennuksien keskeisiin ty\u00f6vaiheisiin ITSEN\u00c4ISET OPPIMISTEHT\u00c4V\u00c4T: Kirja: Sis\u00e4johtoasennukset (kirjallisista teht\u00e4vist\u00e4 teht\u00e4v\u00e4 kaikki &#8211; itsen\u00e4inen opiskelu) Lue ja tee teht\u00e4v\u00e4t! VALAISTUSKYTKENN\u00c4T s. 100-111, teht\u00e4v\u00e4t 1-13 MUOVIVAIPPAKAAPELIN ASENNUS s. 122-125, teht\u00e4v\u00e4t 1, 3, 4 s. &hellip; <a href=\"https:\/\/blogit.gradia.fi\/sahkonet\/sahko-ja-automaatioasennukset\/oppimistehtavat\/kiinteistojen-sahkoasennukset\/sisajohtoasennukset\/saot3_sisajohtoasennukset-tarvikkeiden-tuntemus\/\" class=\"more-link\">Jatka lukemista <span class=\"screen-reader-text\">SAOT3, Sis\u00e4johtoasennukset, tarvikkeiden tuntemus<\/span> <span class=\"meta-nav\">&rarr;<\/span><\/a><\/p>\n","protected":false},"author":153,"featured_media":0,"parent":87,"menu_order":3,"comment_status":"closed","ping_status":"closed","template":"","meta":{"_uag_custom_page_level_css":"","footnotes":""},"class_list":["post-122","page","type-page","status-publish","hentry"],"yoast_head":"<!-- This site is optimized with the Yoast SEO plugin v27.4 - https:\/\/yoast.com\/product\/yoast-seo-wordpress\/ -->\n<title>SAOT3, Sis\u00e4johtoasennukset, tarvikkeiden tuntemus - S\u00e4hk\u00f6Net<\/title>\n<meta name=\"robots\" content=\"index, follow, max-snippet:-1, max-image-preview:large, max-video-preview:-1\" \/>\n<link rel=\"canonical\" href=\"https:\/\/blogit.gradia.fi\/sahkonet\/sahko-ja-automaatioasennukset\/oppimistehtavat\/kiinteistojen-sahkoasennukset\/sisajohtoasennukset\/saot3_sisajohtoasennukset-tarvikkeiden-tuntemus\/\" \/>\n<meta property=\"og:locale\" content=\"fi_FI\" \/>\n<meta property=\"og:type\" content=\"article\" \/>\n<meta property=\"og:title\" content=\"SAOT3, Sis\u00e4johtoasennukset, tarvikkeiden tuntemus - S\u00e4hk\u00f6Net\" \/>\n<meta property=\"og:description\" content=\"P\u00e4ivitetty 13.10.2014\/JPe 9.8.2014 Jari Peura TEHT\u00c4V\u00c4N TAVOITE Oppimisteht\u00e4v\u00e4n tavoiteena on oppia tuntemaan yleisimm\u00e4t sis\u00e4johtoasennuksissa k\u00e4ytett\u00e4v\u00e4t asennustarvikkeet oppia tuntemaan yleisimm\u00e4t sis\u00e4johtoasennuksissa k\u00e4ytett\u00e4v\u00e4t uppoasennuskalusteet tutustua sis\u00e4johtoasennuksien keskeisiin ty\u00f6vaiheisiin ITSEN\u00c4ISET OPPIMISTEHT\u00c4V\u00c4T: Kirja: Sis\u00e4johtoasennukset (kirjallisista teht\u00e4vist\u00e4 teht\u00e4v\u00e4 kaikki &#8211; itsen\u00e4inen opiskelu) Lue ja tee teht\u00e4v\u00e4t! VALAISTUSKYTKENN\u00c4T s. 100-111, teht\u00e4v\u00e4t 1-13 MUOVIVAIPPAKAAPELIN ASENNUS s. 122-125, teht\u00e4v\u00e4t 1, 3, 4 s. &hellip; Jatka lukemista SAOT3, Sis\u00e4johtoasennukset, tarvikkeiden tuntemus &rarr;\" \/>\n<meta property=\"og:url\" content=\"https:\/\/blogit.gradia.fi\/sahkonet\/sahko-ja-automaatioasennukset\/oppimistehtavat\/kiinteistojen-sahkoasennukset\/sisajohtoasennukset\/saot3_sisajohtoasennukset-tarvikkeiden-tuntemus\/\" \/>\n<meta property=\"og:site_name\" content=\"S\u00e4hk\u00f6Net\" \/>\n<meta property=\"article:modified_time\" content=\"2014-10-13T17:18:18+00:00\" \/>\n<meta name=\"twitter:card\" content=\"summary_large_image\" \/>\n<meta name=\"twitter:label1\" content=\"Arvioitu lukuaika\" \/>\n\t<meta name=\"twitter:data1\" content=\"1 minuutti\" \/>\n<script type=\"application\/ld+json\" class=\"yoast-schema-graph\">{\"@context\":\"https:\\\/\\\/schema.org\",\"@graph\":[{\"@type\":\"WebPage\",\"@id\":\"https:\\\/\\\/blogit.gradia.fi\\\/sahkonet\\\/sahko-ja-automaatioasennukset\\\/oppimistehtavat\\\/kiinteistojen-sahkoasennukset\\\/sisajohtoasennukset\\\/saot3_sisajohtoasennukset-tarvikkeiden-tuntemus\\\/\",\"url\":\"https:\\\/\\\/blogit.gradia.fi\\\/sahkonet\\\/sahko-ja-automaatioasennukset\\\/oppimistehtavat\\\/kiinteistojen-sahkoasennukset\\\/sisajohtoasennukset\\\/saot3_sisajohtoasennukset-tarvikkeiden-tuntemus\\\/\",\"name\":\"SAOT3, Sis\u00e4johtoasennukset, tarvikkeiden tuntemus - S\u00e4hk\u00f6Net\",\"isPartOf\":{\"@id\":\"https:\\\/\\\/blogit.gradia.fi\\\/sahkonet\\\/#website\"},\"datePublished\":\"2014-05-01T09:38:11+00:00\",\"dateModified\":\"2014-10-13T17:18:18+00:00\",\"breadcrumb\":{\"@id\":\"https:\\\/\\\/blogit.gradia.fi\\\/sahkonet\\\/sahko-ja-automaatioasennukset\\\/oppimistehtavat\\\/kiinteistojen-sahkoasennukset\\\/sisajohtoasennukset\\\/saot3_sisajohtoasennukset-tarvikkeiden-tuntemus\\\/#breadcrumb\"},\"inLanguage\":\"fi\",\"potentialAction\":[{\"@type\":\"ReadAction\",\"target\":[\"https:\\\/\\\/blogit.gradia.fi\\\/sahkonet\\\/sahko-ja-automaatioasennukset\\\/oppimistehtavat\\\/kiinteistojen-sahkoasennukset\\\/sisajohtoasennukset\\\/saot3_sisajohtoasennukset-tarvikkeiden-tuntemus\\\/\"]}]},{\"@type\":\"BreadcrumbList\",\"@id\":\"https:\\\/\\\/blogit.gradia.fi\\\/sahkonet\\\/sahko-ja-automaatioasennukset\\\/oppimistehtavat\\\/kiinteistojen-sahkoasennukset\\\/sisajohtoasennukset\\\/saot3_sisajohtoasennukset-tarvikkeiden-tuntemus\\\/#breadcrumb\",\"itemListElement\":[{\"@type\":\"ListItem\",\"position\":1,\"name\":\"S\u00e4hk\u00f6- ja automaatioasennukset (20ov)\",\"item\":\"https:\\\/\\\/blogit.gradia.fi\\\/sahkonet\\\/sahko-ja-automaatioasennukset\\\/\"},{\"@type\":\"ListItem\",\"position\":2,\"name\":\"Oppimisteht\u00e4v\u00e4t\",\"item\":\"https:\\\/\\\/blogit.gradia.fi\\\/sahkonet\\\/sahko-ja-automaatioasennukset\\\/oppimistehtavat\\\/\"},{\"@type\":\"ListItem\",\"position\":3,\"name\":\"Kiinteist\u00f6jen s\u00e4hk\u00f6asennukset\",\"item\":\"https:\\\/\\\/blogit.gradia.fi\\\/sahkonet\\\/sahko-ja-automaatioasennukset\\\/oppimistehtavat\\\/kiinteistojen-sahkoasennukset\\\/\"},{\"@type\":\"ListItem\",\"position\":4,\"name\":\"Sis\u00e4johtoasennukset\",\"item\":\"https:\\\/\\\/blogit.gradia.fi\\\/sahkonet\\\/sahko-ja-automaatioasennukset\\\/oppimistehtavat\\\/kiinteistojen-sahkoasennukset\\\/sisajohtoasennukset\\\/\"},{\"@type\":\"ListItem\",\"position\":5,\"name\":\"SAOT3, Sis\u00e4johtoasennukset, tarvikkeiden tuntemus\"}]},{\"@type\":\"WebSite\",\"@id\":\"https:\\\/\\\/blogit.gradia.fi\\\/sahkonet\\\/#website\",\"url\":\"https:\\\/\\\/blogit.gradia.fi\\\/sahkonet\\\/\",\"name\":\"S\u00e4hk\u00f6Net\",\"description\":\"S\u00e4hk\u00f6- ja automaatiotekniikan perustutkinto\",\"potentialAction\":[{\"@type\":\"SearchAction\",\"target\":{\"@type\":\"EntryPoint\",\"urlTemplate\":\"https:\\\/\\\/blogit.gradia.fi\\\/sahkonet\\\/?s={search_term_string}\"},\"query-input\":{\"@type\":\"PropertyValueSpecification\",\"valueRequired\":true,\"valueName\":\"search_term_string\"}}],\"inLanguage\":\"fi\"}]}<\/script>\n<!-- \/ Yoast SEO plugin. -->","yoast_head_json":{"title":"SAOT3, Sis\u00e4johtoasennukset, tarvikkeiden tuntemus - S\u00e4hk\u00f6Net","robots":{"index":"index","follow":"follow","max-snippet":"max-snippet:-1","max-image-preview":"max-image-preview:large","max-video-preview":"max-video-preview:-1"},"canonical":"https:\/\/blogit.gradia.fi\/sahkonet\/sahko-ja-automaatioasennukset\/oppimistehtavat\/kiinteistojen-sahkoasennukset\/sisajohtoasennukset\/saot3_sisajohtoasennukset-tarvikkeiden-tuntemus\/","og_locale":"fi_FI","og_type":"article","og_title":"SAOT3, Sis\u00e4johtoasennukset, tarvikkeiden tuntemus - S\u00e4hk\u00f6Net","og_description":"P\u00e4ivitetty 13.10.2014\/JPe 9.8.2014 Jari Peura TEHT\u00c4V\u00c4N TAVOITE Oppimisteht\u00e4v\u00e4n tavoiteena on oppia tuntemaan yleisimm\u00e4t sis\u00e4johtoasennuksissa k\u00e4ytett\u00e4v\u00e4t asennustarvikkeet oppia tuntemaan yleisimm\u00e4t sis\u00e4johtoasennuksissa k\u00e4ytett\u00e4v\u00e4t uppoasennuskalusteet tutustua sis\u00e4johtoasennuksien keskeisiin ty\u00f6vaiheisiin ITSEN\u00c4ISET OPPIMISTEHT\u00c4V\u00c4T: Kirja: Sis\u00e4johtoasennukset (kirjallisista teht\u00e4vist\u00e4 teht\u00e4v\u00e4 kaikki &#8211; itsen\u00e4inen opiskelu) Lue ja tee teht\u00e4v\u00e4t! VALAISTUSKYTKENN\u00c4T s. 100-111, teht\u00e4v\u00e4t 1-13 MUOVIVAIPPAKAAPELIN ASENNUS s. 122-125, teht\u00e4v\u00e4t 1, 3, 4 s. &hellip; Jatka lukemista SAOT3, Sis\u00e4johtoasennukset, tarvikkeiden tuntemus &rarr;","og_url":"https:\/\/blogit.gradia.fi\/sahkonet\/sahko-ja-automaatioasennukset\/oppimistehtavat\/kiinteistojen-sahkoasennukset\/sisajohtoasennukset\/saot3_sisajohtoasennukset-tarvikkeiden-tuntemus\/","og_site_name":"S\u00e4hk\u00f6Net","article_modified_time":"2014-10-13T17:18:18+00:00","twitter_card":"summary_large_image","twitter_misc":{"Arvioitu lukuaika":"1 minuutti"},"schema":{"@context":"https:\/\/schema.org","@graph":[{"@type":"WebPage","@id":"https:\/\/blogit.gradia.fi\/sahkonet\/sahko-ja-automaatioasennukset\/oppimistehtavat\/kiinteistojen-sahkoasennukset\/sisajohtoasennukset\/saot3_sisajohtoasennukset-tarvikkeiden-tuntemus\/","url":"https:\/\/blogit.gradia.fi\/sahkonet\/sahko-ja-automaatioasennukset\/oppimistehtavat\/kiinteistojen-sahkoasennukset\/sisajohtoasennukset\/saot3_sisajohtoasennukset-tarvikkeiden-tuntemus\/","name":"SAOT3, Sis\u00e4johtoasennukset, tarvikkeiden tuntemus - S\u00e4hk\u00f6Net","isPartOf":{"@id":"https:\/\/blogit.gradia.fi\/sahkonet\/#website"},"datePublished":"2014-05-01T09:38:11+00:00","dateModified":"2014-10-13T17:18:18+00:00","breadcrumb":{"@id":"https:\/\/blogit.gradia.fi\/sahkonet\/sahko-ja-automaatioasennukset\/oppimistehtavat\/kiinteistojen-sahkoasennukset\/sisajohtoasennukset\/saot3_sisajohtoasennukset-tarvikkeiden-tuntemus\/#breadcrumb"},"inLanguage":"fi","potentialAction":[{"@type":"ReadAction","target":["https:\/\/blogit.gradia.fi\/sahkonet\/sahko-ja-automaatioasennukset\/oppimistehtavat\/kiinteistojen-sahkoasennukset\/sisajohtoasennukset\/saot3_sisajohtoasennukset-tarvikkeiden-tuntemus\/"]}]},{"@type":"BreadcrumbList","@id":"https:\/\/blogit.gradia.fi\/sahkonet\/sahko-ja-automaatioasennukset\/oppimistehtavat\/kiinteistojen-sahkoasennukset\/sisajohtoasennukset\/saot3_sisajohtoasennukset-tarvikkeiden-tuntemus\/#breadcrumb","itemListElement":[{"@type":"ListItem","position":1,"name":"S\u00e4hk\u00f6- ja automaatioasennukset (20ov)","item":"https:\/\/blogit.gradia.fi\/sahkonet\/sahko-ja-automaatioasennukset\/"},{"@type":"ListItem","position":2,"name":"Oppimisteht\u00e4v\u00e4t","item":"https:\/\/blogit.gradia.fi\/sahkonet\/sahko-ja-automaatioasennukset\/oppimistehtavat\/"},{"@type":"ListItem","position":3,"name":"Kiinteist\u00f6jen s\u00e4hk\u00f6asennukset","item":"https:\/\/blogit.gradia.fi\/sahkonet\/sahko-ja-automaatioasennukset\/oppimistehtavat\/kiinteistojen-sahkoasennukset\/"},{"@type":"ListItem","position":4,"name":"Sis\u00e4johtoasennukset","item":"https:\/\/blogit.gradia.fi\/sahkonet\/sahko-ja-automaatioasennukset\/oppimistehtavat\/kiinteistojen-sahkoasennukset\/sisajohtoasennukset\/"},{"@type":"ListItem","position":5,"name":"SAOT3, Sis\u00e4johtoasennukset, tarvikkeiden tuntemus"}]},{"@type":"WebSite","@id":"https:\/\/blogit.gradia.fi\/sahkonet\/#website","url":"https:\/\/blogit.gradia.fi\/sahkonet\/","name":"S\u00e4hk\u00f6Net","description":"S\u00e4hk\u00f6- ja automaatiotekniikan perustutkinto","potentialAction":[{"@type":"SearchAction","target":{"@type":"EntryPoint","urlTemplate":"https:\/\/blogit.gradia.fi\/sahkonet\/?s={search_term_string}"},"query-input":{"@type":"PropertyValueSpecification","valueRequired":true,"valueName":"search_term_string"}}],"inLanguage":"fi"}]}},"uagb_featured_image_src":{"full":false,"thumbnail":false,"medium":false,"medium_large":false,"large":false,"1536x1536":false,"2048x2048":false,"post-thumbnail":false,"twentyfourteen-full-width":false},"uagb_author_info":{"display_name":"Minna Puoliv\u00e4li","author_link":"https:\/\/blogit.gradia.fi\/sahkonet\/author\/puolimin\/"},"uagb_comment_info":0,"uagb_excerpt":"P\u00e4ivitetty 13.10.2014\/JPe 9.8.2014 Jari Peura TEHT\u00c4V\u00c4N TAVOITE Oppimisteht\u00e4v\u00e4n tavoiteena on oppia tuntemaan yleisimm\u00e4t sis\u00e4johtoasennuksissa k\u00e4ytett\u00e4v\u00e4t asennustarvikkeet oppia tuntemaan yleisimm\u00e4t sis\u00e4johtoasennuksissa k\u00e4ytett\u00e4v\u00e4t uppoasennuskalusteet tutustua sis\u00e4johtoasennuksien keskeisiin ty\u00f6vaiheisiin ITSEN\u00c4ISET OPPIMISTEHT\u00c4V\u00c4T: Kirja: Sis\u00e4johtoasennukset (kirjallisista teht\u00e4vist\u00e4 teht\u00e4v\u00e4 kaikki &#8211; itsen\u00e4inen opiskelu) Lue ja tee teht\u00e4v\u00e4t! VALAISTUSKYTKENN\u00c4T s. 100-111, teht\u00e4v\u00e4t 1-13 MUOVIVAIPPAKAAPELIN ASENNUS s. 122-125, teht\u00e4v\u00e4t 1, 3, 4 s.&hellip;","_links":{"self":[{"href":"https:\/\/blogit.gradia.fi\/sahkonet\/wp-json\/wp\/v2\/pages\/122","targetHints":{"allow":["GET"]}}],"collection":[{"href":"https:\/\/blogit.gradia.fi\/sahkonet\/wp-json\/wp\/v2\/pages"}],"about":[{"href":"https:\/\/blogit.gradia.fi\/sahkonet\/wp-json\/wp\/v2\/types\/page"}],"author":[{"embeddable":true,"href":"https:\/\/blogit.gradia.fi\/sahkonet\/wp-json\/wp\/v2\/users\/153"}],"replies":[{"embeddable":true,"href":"https:\/\/blogit.gradia.fi\/sahkonet\/wp-json\/wp\/v2\/comments?post=122"}],"version-history":[{"count":0,"href":"https:\/\/blogit.gradia.fi\/sahkonet\/wp-json\/wp\/v2\/pages\/122\/revisions"}],"up":[{"embeddable":true,"href":"https:\/\/blogit.gradia.fi\/sahkonet\/wp-json\/wp\/v2\/pages\/87"}],"wp:attachment":[{"href":"https:\/\/blogit.gradia.fi\/sahkonet\/wp-json\/wp\/v2\/media?parent=122"}],"curies":[{"name":"wp","href":"https:\/\/api.w.org\/{rel}","templated":true}]}}