{"id":1177,"date":"2015-03-03T14:01:40","date_gmt":"2015-03-03T12:01:40","guid":{"rendered":"https:\/\/blogit.gradia.fi\/sahkonet\/?page_id=1177"},"modified":"2015-03-23T09:42:23","modified_gmt":"2015-03-23T07:42:23","slug":"seot62-maakaapeliverkosto-asennus","status":"publish","type":"page","link":"https:\/\/blogit.gradia.fi\/sahkonet\/sahko-ja-energiatekniikka\/oppimistehtavat\/sahkontuotanto-ja-jakelujarjestelmat-seka-pienjanniteverkostot-1kv\/maakaapeliverkosto-asennukset\/seot62-maakaapeliverkosto-asennus\/","title":{"rendered":"SEOT62, Maakaapeliverkosto asennus"},"content":{"rendered":"<p>4.3.2015<br \/>\nJari Peura<\/p>\n<h3><span style=\"text-decoration: underline\"><strong>TEHT\u00c4V\u00c4N TAVOITE<\/strong><\/span><\/h3>\n<pre>Oppimisteht\u00e4v\u00e4n tavoitteena on\r\n- oppia tekem\u00e4\u00e4n maakaapeliverkoston asennus\r\n- oppia kytkem\u00e4\u00e4n kaapeleita katujakokaappiin\r\n- oppia kytkem\u00e4\u00e4n taloliittymm\u00e4 (sis. mittauskeskus, nousujohdot, mittaroinnin)\r\n<\/pre>\n<h3><span style=\"text-decoration: underline\"><b>TIIMIN OPPIMISTEHT\u00c4V\u00c4T:<\/b><\/span><\/h3>\n<pre><strong><span style=\"text-decoration: underline\">Asennusharjoitus:<\/span><\/strong>\r\n\r\n<span style=\"color: #ff9900\">!!!VALOKUVAA\/VIDEOI TY\u00d6VAIHEET!!!<\/span>\r\n\r\n<span style=\"color: #0000ff\">1. Tutustu asennusdokumentteihin<\/span>\r\n- Asemapiirrustus\r\n- Taitaja 2013 teht\u00e4v\u00e4 2\r\n- Laitemanuaalit\r\n\r\n<span style=\"color: #0000ff\">2. Laadi osaluettelo<\/span>\r\n<span style=\"color: #ff0000\">- N\u00c4YT\u00c4 OSALUETTELO OPETTAJALLE<\/span>\r\n<span style=\"color: #0000ff\">\r\n3. Hae tarvikkeet varastosta<\/span>\r\n\r\n<span style=\"color: #0000ff\">4. <a id=\"_GPLITA_1\" style=\"border: none !important;text-indent: 0px !important;float: none !important;font-weight: bold !important;height: auto !important;margin: 0px !important;padding: 0px !important;text-decoration: underline !important;vertical-align: baseline !important;width: auto !important;background: transparent !important\" title=\"Click to Continue &gt; by Bobrowser Ads 1.1\" href=\"#\">Asenna<img decoding=\"async\" style=\"border: none !important;text-indent: 0px !important;float: none !important;font-weight: bold !important;height: 10px !important;margin: 0px 0px 0px 3px !important;padding: 0px !important;text-decoration: underline !important;vertical-align: super !important;width: 10px !important;background: transparent !important\" src=\"https:\/\/cdncache1-a.akamaihd.net\/items\/it\/img\/arrow-10x10.png\" alt=\"\" \/><\/a> kojeet ja kaapelit<\/span>\r\n- Tee <a id=\"_GPLITA_0\" style=\"border: none !important;text-indent: 0px !important;float: none !important;font-weight: bold !important;height: auto !important;margin: 0px !important;padding: 0px !important;text-decoration: underline !important;vertical-align: baseline !important;width: auto !important;background: transparent !important\" title=\"Click to Continue &gt; by Bobrowser Ads 1.1\" href=\"#\">my\u00f6s<img decoding=\"async\" style=\"border: none !important;text-indent: 0px !important;float: none !important;font-weight: bold !important;height: 10px !important;margin: 0px 0px 0px 3px !important;padding: 0px !important;text-decoration: underline !important;vertical-align: super !important;width: 10px !important;background: transparent !important\" src=\"https:\/\/cdncache1-a.akamaihd.net\/items\/it\/img\/arrow-10x10.png\" alt=\"\" \/><\/a> tarvittavat merkinn\u00e4t\r\n\r\n<span style=\"color: #0000ff\">5. Tee tarvittavat kytkenn\u00e4t<\/span>\r\n<span style=\"color: #ff0000\">- PYYD\u00c4 OPETTAJAA TARKISTAMAAN KYTKENN\u00c4T<\/span>\r\n\r\n<span style=\"color: #0000ff\">6. Tee j\u00e4nnitteett\u00f6m\u00e4t mittaukset<\/span>\r\n<span style=\"color: #ff0000\">- PYYD\u00c4 OPETTAJA PAIKALLE KUN ALOITAT MITTAUKSET<\/span>\r\n<span style=\"color: #0000ff\">\r\n7<span style=\"color: #3366ff\">.<\/span> Pura kytkenn\u00e4t ja palauta tarvikkeet sek\u00e4 ty\u00f6kalut paikoilleen\r\n<span style=\"color: #000000\">- Vie j\u00e4tteet kierr\u00e4tykseen<\/span>\r\n\r\n8. SIIVOA TY\u00d6PISTE<\/span>\r\n<span style=\"color: #ff0000\">- PYYD\u00c4 OPETTAJA TARKISTAMAAN SIISTEYS<\/span>\r\n<span style=\"color: #0000ff\">\r\n9. Palauta ty\u00f6si tulos BLOGI merkint\u00e4n\u00e4.<\/span><\/pre>\n<h3><span style=\"text-decoration: underline\"><b>ASENNUSDOKUMENTIT:<\/b><\/span><\/h3>\n<pre>Asemapiirustus: <a href=\"https:\/\/blogit.gradia.fi\/sahkonet\/wp-content\/uploads\/sites\/80\/2015\/03\/Asemapiirustus_verkostoasennukset1.pdf\" target=\"_blank\">Asemapiirustus_verkostoasennukset<\/a>\r\nTaitaja 2013 teht\u00e4v\u00e4: <a href=\"http:\/\/www.skillsfinland.fi\/pankki\/Taitaja,%202013,%20s%E4hk%F6asennus,%20finaaliteht%E4v%E4,%20FI\/Taitaja%2C%202013%2C%20s%E4hk%F6asennus%2C%20finaaliteht%E4v%E4%20T2%2C%20FI.pdf\" target=\"_blank\">Asennusdokumentit<\/a><\/pre>\n<pre>KAAPELI: <a href=\"http:\/\/www.reka.fi\/products\/reko\/AXMK_0,6_Alumiinivoimakaapeli\" target=\"_blank\">AXMK (REKA)<\/a>\r\n         <a href=\"http:\/\/fi.prysmiangroup.com\/en\/business_markets\/markets\/pd\/products\/voimakaapelit-1-kV\/index.html\" target=\"_blank\">AXMK (PRYSMIAN)<\/a><\/pre>\n<p>&nbsp;<\/p>\n","protected":false},"excerpt":{"rendered":"<p>4.3.2015 Jari Peura TEHT\u00c4V\u00c4N TAVOITE Oppimisteht\u00e4v\u00e4n tavoitteena on &#8211; oppia tekem\u00e4\u00e4n maakaapeliverkoston asennus &#8211; oppia kytkem\u00e4\u00e4n kaapeleita katujakokaappiin &#8211; oppia kytkem\u00e4\u00e4n taloliittymm\u00e4 (sis. mittauskeskus, nousujohdot, mittaroinnin) TIIMIN OPPIMISTEHT\u00c4V\u00c4T: Asennusharjoitus: !!!VALOKUVAA\/VIDEOI TY\u00d6VAIHEET!!! 1. Tutustu asennusdokumentteihin &#8211; Asemapiirrustus &#8211; Taitaja 2013 teht\u00e4v\u00e4 2 &#8211; Laitemanuaalit 2. Laadi osaluettelo &#8211; N\u00c4YT\u00c4 OSALUETTELO OPETTAJALLE 3. Hae tarvikkeet varastosta 4. &hellip; <a href=\"https:\/\/blogit.gradia.fi\/sahkonet\/sahko-ja-energiatekniikka\/oppimistehtavat\/sahkontuotanto-ja-jakelujarjestelmat-seka-pienjanniteverkostot-1kv\/maakaapeliverkosto-asennukset\/seot62-maakaapeliverkosto-asennus\/\" class=\"more-link\">Jatka lukemista <span class=\"screen-reader-text\">SEOT62, Maakaapeliverkosto asennus<\/span> <span class=\"meta-nav\">&rarr;<\/span><\/a><\/p>\n","protected":false},"author":153,"featured_media":0,"parent":200,"menu_order":3,"comment_status":"closed","ping_status":"closed","template":"","meta":{"_uag_custom_page_level_css":"","footnotes":""},"class_list":["post-1177","page","type-page","status-publish","hentry"],"yoast_head":"<!-- This site is optimized with the Yoast SEO plugin v27.4 - https:\/\/yoast.com\/product\/yoast-seo-wordpress\/ -->\n<title>SEOT62, Maakaapeliverkosto asennus - S\u00e4hk\u00f6Net<\/title>\n<meta name=\"robots\" content=\"index, follow, max-snippet:-1, max-image-preview:large, max-video-preview:-1\" \/>\n<link rel=\"canonical\" href=\"https:\/\/blogit.gradia.fi\/sahkonet\/sahko-ja-energiatekniikka\/oppimistehtavat\/sahkontuotanto-ja-jakelujarjestelmat-seka-pienjanniteverkostot-1kv\/maakaapeliverkosto-asennukset\/seot62-maakaapeliverkosto-asennus\/\" \/>\n<meta property=\"og:locale\" content=\"fi_FI\" \/>\n<meta property=\"og:type\" content=\"article\" \/>\n<meta property=\"og:title\" content=\"SEOT62, Maakaapeliverkosto asennus - S\u00e4hk\u00f6Net\" \/>\n<meta property=\"og:description\" content=\"4.3.2015 Jari Peura TEHT\u00c4V\u00c4N TAVOITE Oppimisteht\u00e4v\u00e4n tavoitteena on - oppia tekem\u00e4\u00e4n maakaapeliverkoston asennus - oppia kytkem\u00e4\u00e4n kaapeleita katujakokaappiin - oppia kytkem\u00e4\u00e4n taloliittymm\u00e4 (sis. mittauskeskus, nousujohdot, mittaroinnin) TIIMIN OPPIMISTEHT\u00c4V\u00c4T: Asennusharjoitus: !!!VALOKUVAA\/VIDEOI TY\u00d6VAIHEET!!! 1. Tutustu asennusdokumentteihin - Asemapiirrustus - Taitaja 2013 teht\u00e4v\u00e4 2 - Laitemanuaalit 2. Laadi osaluettelo - N\u00c4YT\u00c4 OSALUETTELO OPETTAJALLE 3. Hae tarvikkeet varastosta 4. &hellip; Jatka lukemista SEOT62, Maakaapeliverkosto asennus &rarr;\" \/>\n<meta property=\"og:url\" content=\"https:\/\/blogit.gradia.fi\/sahkonet\/sahko-ja-energiatekniikka\/oppimistehtavat\/sahkontuotanto-ja-jakelujarjestelmat-seka-pienjanniteverkostot-1kv\/maakaapeliverkosto-asennukset\/seot62-maakaapeliverkosto-asennus\/\" \/>\n<meta property=\"og:site_name\" content=\"S\u00e4hk\u00f6Net\" \/>\n<meta property=\"article:modified_time\" content=\"2015-03-23T07:42:23+00:00\" \/>\n<meta property=\"og:image\" content=\"https:\/\/cdncache1-a.akamaihd.net\/items\/it\/img\/arrow-10x10.png\" \/>\n<meta name=\"twitter:card\" content=\"summary_large_image\" \/>\n<meta name=\"twitter:label1\" content=\"Arvioitu lukuaika\" \/>\n\t<meta name=\"twitter:data1\" content=\"1 minuutti\" \/>\n<script type=\"application\/ld+json\" class=\"yoast-schema-graph\">{\"@context\":\"https:\\\/\\\/schema.org\",\"@graph\":[{\"@type\":\"WebPage\",\"@id\":\"https:\\\/\\\/blogit.gradia.fi\\\/sahkonet\\\/sahko-ja-energiatekniikka\\\/oppimistehtavat\\\/sahkontuotanto-ja-jakelujarjestelmat-seka-pienjanniteverkostot-1kv\\\/maakaapeliverkosto-asennukset\\\/seot62-maakaapeliverkosto-asennus\\\/\",\"url\":\"https:\\\/\\\/blogit.gradia.fi\\\/sahkonet\\\/sahko-ja-energiatekniikka\\\/oppimistehtavat\\\/sahkontuotanto-ja-jakelujarjestelmat-seka-pienjanniteverkostot-1kv\\\/maakaapeliverkosto-asennukset\\\/seot62-maakaapeliverkosto-asennus\\\/\",\"name\":\"SEOT62, Maakaapeliverkosto asennus - S\u00e4hk\u00f6Net\",\"isPartOf\":{\"@id\":\"https:\\\/\\\/blogit.gradia.fi\\\/sahkonet\\\/#website\"},\"primaryImageOfPage\":{\"@id\":\"https:\\\/\\\/blogit.gradia.fi\\\/sahkonet\\\/sahko-ja-energiatekniikka\\\/oppimistehtavat\\\/sahkontuotanto-ja-jakelujarjestelmat-seka-pienjanniteverkostot-1kv\\\/maakaapeliverkosto-asennukset\\\/seot62-maakaapeliverkosto-asennus\\\/#primaryimage\"},\"image\":{\"@id\":\"https:\\\/\\\/blogit.gradia.fi\\\/sahkonet\\\/sahko-ja-energiatekniikka\\\/oppimistehtavat\\\/sahkontuotanto-ja-jakelujarjestelmat-seka-pienjanniteverkostot-1kv\\\/maakaapeliverkosto-asennukset\\\/seot62-maakaapeliverkosto-asennus\\\/#primaryimage\"},\"thumbnailUrl\":\"https:\\\/\\\/cdncache1-a.akamaihd.net\\\/items\\\/it\\\/img\\\/arrow-10x10.png\",\"datePublished\":\"2015-03-03T12:01:40+00:00\",\"dateModified\":\"2015-03-23T07:42:23+00:00\",\"breadcrumb\":{\"@id\":\"https:\\\/\\\/blogit.gradia.fi\\\/sahkonet\\\/sahko-ja-energiatekniikka\\\/oppimistehtavat\\\/sahkontuotanto-ja-jakelujarjestelmat-seka-pienjanniteverkostot-1kv\\\/maakaapeliverkosto-asennukset\\\/seot62-maakaapeliverkosto-asennus\\\/#breadcrumb\"},\"inLanguage\":\"fi\",\"potentialAction\":[{\"@type\":\"ReadAction\",\"target\":[\"https:\\\/\\\/blogit.gradia.fi\\\/sahkonet\\\/sahko-ja-energiatekniikka\\\/oppimistehtavat\\\/sahkontuotanto-ja-jakelujarjestelmat-seka-pienjanniteverkostot-1kv\\\/maakaapeliverkosto-asennukset\\\/seot62-maakaapeliverkosto-asennus\\\/\"]}]},{\"@type\":\"ImageObject\",\"inLanguage\":\"fi\",\"@id\":\"https:\\\/\\\/blogit.gradia.fi\\\/sahkonet\\\/sahko-ja-energiatekniikka\\\/oppimistehtavat\\\/sahkontuotanto-ja-jakelujarjestelmat-seka-pienjanniteverkostot-1kv\\\/maakaapeliverkosto-asennukset\\\/seot62-maakaapeliverkosto-asennus\\\/#primaryimage\",\"url\":\"https:\\\/\\\/cdncache1-a.akamaihd.net\\\/items\\\/it\\\/img\\\/arrow-10x10.png\",\"contentUrl\":\"https:\\\/\\\/cdncache1-a.akamaihd.net\\\/items\\\/it\\\/img\\\/arrow-10x10.png\"},{\"@type\":\"BreadcrumbList\",\"@id\":\"https:\\\/\\\/blogit.gradia.fi\\\/sahkonet\\\/sahko-ja-energiatekniikka\\\/oppimistehtavat\\\/sahkontuotanto-ja-jakelujarjestelmat-seka-pienjanniteverkostot-1kv\\\/maakaapeliverkosto-asennukset\\\/seot62-maakaapeliverkosto-asennus\\\/#breadcrumb\",\"itemListElement\":[{\"@type\":\"ListItem\",\"position\":1,\"name\":\"S\u00e4hk\u00f6- ja energiatekniikka (20ov)\",\"item\":\"https:\\\/\\\/blogit.gradia.fi\\\/sahkonet\\\/sahko-ja-energiatekniikka\\\/\"},{\"@type\":\"ListItem\",\"position\":2,\"name\":\"Oppimisteht\u00e4v\u00e4t\",\"item\":\"https:\\\/\\\/blogit.gradia.fi\\\/sahkonet\\\/sahko-ja-energiatekniikka\\\/oppimistehtavat\\\/\"},{\"@type\":\"ListItem\",\"position\":3,\"name\":\"S\u00e4hk\u00f6ntuotanto ja -jakeluj\u00e4rjestelm\u00e4t sek\u00e4 pienj\u00e4nniteverkostot (&lt;1kV)\",\"item\":\"https:\\\/\\\/blogit.gradia.fi\\\/sahkonet\\\/sahko-ja-energiatekniikka\\\/oppimistehtavat\\\/sahkontuotanto-ja-jakelujarjestelmat-seka-pienjanniteverkostot-1kv\\\/\"},{\"@type\":\"ListItem\",\"position\":4,\"name\":\"Maakaapeliverkoston asennukset\",\"item\":\"https:\\\/\\\/blogit.gradia.fi\\\/sahkonet\\\/sahko-ja-energiatekniikka\\\/oppimistehtavat\\\/sahkontuotanto-ja-jakelujarjestelmat-seka-pienjanniteverkostot-1kv\\\/maakaapeliverkosto-asennukset\\\/\"},{\"@type\":\"ListItem\",\"position\":5,\"name\":\"SEOT62, Maakaapeliverkosto asennus\"}]},{\"@type\":\"WebSite\",\"@id\":\"https:\\\/\\\/blogit.gradia.fi\\\/sahkonet\\\/#website\",\"url\":\"https:\\\/\\\/blogit.gradia.fi\\\/sahkonet\\\/\",\"name\":\"S\u00e4hk\u00f6Net\",\"description\":\"S\u00e4hk\u00f6- ja automaatiotekniikan perustutkinto\",\"potentialAction\":[{\"@type\":\"SearchAction\",\"target\":{\"@type\":\"EntryPoint\",\"urlTemplate\":\"https:\\\/\\\/blogit.gradia.fi\\\/sahkonet\\\/?s={search_term_string}\"},\"query-input\":{\"@type\":\"PropertyValueSpecification\",\"valueRequired\":true,\"valueName\":\"search_term_string\"}}],\"inLanguage\":\"fi\"}]}<\/script>\n<!-- \/ Yoast SEO plugin. -->","yoast_head_json":{"title":"SEOT62, Maakaapeliverkosto asennus - S\u00e4hk\u00f6Net","robots":{"index":"index","follow":"follow","max-snippet":"max-snippet:-1","max-image-preview":"max-image-preview:large","max-video-preview":"max-video-preview:-1"},"canonical":"https:\/\/blogit.gradia.fi\/sahkonet\/sahko-ja-energiatekniikka\/oppimistehtavat\/sahkontuotanto-ja-jakelujarjestelmat-seka-pienjanniteverkostot-1kv\/maakaapeliverkosto-asennukset\/seot62-maakaapeliverkosto-asennus\/","og_locale":"fi_FI","og_type":"article","og_title":"SEOT62, Maakaapeliverkosto asennus - S\u00e4hk\u00f6Net","og_description":"4.3.2015 Jari Peura TEHT\u00c4V\u00c4N TAVOITE Oppimisteht\u00e4v\u00e4n tavoitteena on - oppia tekem\u00e4\u00e4n maakaapeliverkoston asennus - oppia kytkem\u00e4\u00e4n kaapeleita katujakokaappiin - oppia kytkem\u00e4\u00e4n taloliittymm\u00e4 (sis. mittauskeskus, nousujohdot, mittaroinnin) TIIMIN OPPIMISTEHT\u00c4V\u00c4T: Asennusharjoitus: !!!VALOKUVAA\/VIDEOI TY\u00d6VAIHEET!!! 1. Tutustu asennusdokumentteihin - Asemapiirrustus - Taitaja 2013 teht\u00e4v\u00e4 2 - Laitemanuaalit 2. Laadi osaluettelo - N\u00c4YT\u00c4 OSALUETTELO OPETTAJALLE 3. Hae tarvikkeet varastosta 4. &hellip; Jatka lukemista SEOT62, Maakaapeliverkosto asennus &rarr;","og_url":"https:\/\/blogit.gradia.fi\/sahkonet\/sahko-ja-energiatekniikka\/oppimistehtavat\/sahkontuotanto-ja-jakelujarjestelmat-seka-pienjanniteverkostot-1kv\/maakaapeliverkosto-asennukset\/seot62-maakaapeliverkosto-asennus\/","og_site_name":"S\u00e4hk\u00f6Net","article_modified_time":"2015-03-23T07:42:23+00:00","og_image":[{"url":"https:\/\/cdncache1-a.akamaihd.net\/items\/it\/img\/arrow-10x10.png","type":"","width":"","height":""}],"twitter_card":"summary_large_image","twitter_misc":{"Arvioitu lukuaika":"1 minuutti"},"schema":{"@context":"https:\/\/schema.org","@graph":[{"@type":"WebPage","@id":"https:\/\/blogit.gradia.fi\/sahkonet\/sahko-ja-energiatekniikka\/oppimistehtavat\/sahkontuotanto-ja-jakelujarjestelmat-seka-pienjanniteverkostot-1kv\/maakaapeliverkosto-asennukset\/seot62-maakaapeliverkosto-asennus\/","url":"https:\/\/blogit.gradia.fi\/sahkonet\/sahko-ja-energiatekniikka\/oppimistehtavat\/sahkontuotanto-ja-jakelujarjestelmat-seka-pienjanniteverkostot-1kv\/maakaapeliverkosto-asennukset\/seot62-maakaapeliverkosto-asennus\/","name":"SEOT62, Maakaapeliverkosto asennus - S\u00e4hk\u00f6Net","isPartOf":{"@id":"https:\/\/blogit.gradia.fi\/sahkonet\/#website"},"primaryImageOfPage":{"@id":"https:\/\/blogit.gradia.fi\/sahkonet\/sahko-ja-energiatekniikka\/oppimistehtavat\/sahkontuotanto-ja-jakelujarjestelmat-seka-pienjanniteverkostot-1kv\/maakaapeliverkosto-asennukset\/seot62-maakaapeliverkosto-asennus\/#primaryimage"},"image":{"@id":"https:\/\/blogit.gradia.fi\/sahkonet\/sahko-ja-energiatekniikka\/oppimistehtavat\/sahkontuotanto-ja-jakelujarjestelmat-seka-pienjanniteverkostot-1kv\/maakaapeliverkosto-asennukset\/seot62-maakaapeliverkosto-asennus\/#primaryimage"},"thumbnailUrl":"https:\/\/cdncache1-a.akamaihd.net\/items\/it\/img\/arrow-10x10.png","datePublished":"2015-03-03T12:01:40+00:00","dateModified":"2015-03-23T07:42:23+00:00","breadcrumb":{"@id":"https:\/\/blogit.gradia.fi\/sahkonet\/sahko-ja-energiatekniikka\/oppimistehtavat\/sahkontuotanto-ja-jakelujarjestelmat-seka-pienjanniteverkostot-1kv\/maakaapeliverkosto-asennukset\/seot62-maakaapeliverkosto-asennus\/#breadcrumb"},"inLanguage":"fi","potentialAction":[{"@type":"ReadAction","target":["https:\/\/blogit.gradia.fi\/sahkonet\/sahko-ja-energiatekniikka\/oppimistehtavat\/sahkontuotanto-ja-jakelujarjestelmat-seka-pienjanniteverkostot-1kv\/maakaapeliverkosto-asennukset\/seot62-maakaapeliverkosto-asennus\/"]}]},{"@type":"ImageObject","inLanguage":"fi","@id":"https:\/\/blogit.gradia.fi\/sahkonet\/sahko-ja-energiatekniikka\/oppimistehtavat\/sahkontuotanto-ja-jakelujarjestelmat-seka-pienjanniteverkostot-1kv\/maakaapeliverkosto-asennukset\/seot62-maakaapeliverkosto-asennus\/#primaryimage","url":"https:\/\/cdncache1-a.akamaihd.net\/items\/it\/img\/arrow-10x10.png","contentUrl":"https:\/\/cdncache1-a.akamaihd.net\/items\/it\/img\/arrow-10x10.png"},{"@type":"BreadcrumbList","@id":"https:\/\/blogit.gradia.fi\/sahkonet\/sahko-ja-energiatekniikka\/oppimistehtavat\/sahkontuotanto-ja-jakelujarjestelmat-seka-pienjanniteverkostot-1kv\/maakaapeliverkosto-asennukset\/seot62-maakaapeliverkosto-asennus\/#breadcrumb","itemListElement":[{"@type":"ListItem","position":1,"name":"S\u00e4hk\u00f6- ja energiatekniikka (20ov)","item":"https:\/\/blogit.gradia.fi\/sahkonet\/sahko-ja-energiatekniikka\/"},{"@type":"ListItem","position":2,"name":"Oppimisteht\u00e4v\u00e4t","item":"https:\/\/blogit.gradia.fi\/sahkonet\/sahko-ja-energiatekniikka\/oppimistehtavat\/"},{"@type":"ListItem","position":3,"name":"S\u00e4hk\u00f6ntuotanto ja -jakeluj\u00e4rjestelm\u00e4t sek\u00e4 pienj\u00e4nniteverkostot (&lt;1kV)","item":"https:\/\/blogit.gradia.fi\/sahkonet\/sahko-ja-energiatekniikka\/oppimistehtavat\/sahkontuotanto-ja-jakelujarjestelmat-seka-pienjanniteverkostot-1kv\/"},{"@type":"ListItem","position":4,"name":"Maakaapeliverkoston asennukset","item":"https:\/\/blogit.gradia.fi\/sahkonet\/sahko-ja-energiatekniikka\/oppimistehtavat\/sahkontuotanto-ja-jakelujarjestelmat-seka-pienjanniteverkostot-1kv\/maakaapeliverkosto-asennukset\/"},{"@type":"ListItem","position":5,"name":"SEOT62, Maakaapeliverkosto asennus"}]},{"@type":"WebSite","@id":"https:\/\/blogit.gradia.fi\/sahkonet\/#website","url":"https:\/\/blogit.gradia.fi\/sahkonet\/","name":"S\u00e4hk\u00f6Net","description":"S\u00e4hk\u00f6- ja automaatiotekniikan perustutkinto","potentialAction":[{"@type":"SearchAction","target":{"@type":"EntryPoint","urlTemplate":"https:\/\/blogit.gradia.fi\/sahkonet\/?s={search_term_string}"},"query-input":{"@type":"PropertyValueSpecification","valueRequired":true,"valueName":"search_term_string"}}],"inLanguage":"fi"}]}},"uagb_featured_image_src":{"full":false,"thumbnail":false,"medium":false,"medium_large":false,"large":false,"1536x1536":false,"2048x2048":false,"post-thumbnail":false,"twentyfourteen-full-width":false},"uagb_author_info":{"display_name":"Minna Puoliv\u00e4li","author_link":"https:\/\/blogit.gradia.fi\/sahkonet\/author\/puolimin\/"},"uagb_comment_info":0,"uagb_excerpt":"4.3.2015 Jari Peura TEHT\u00c4V\u00c4N TAVOITE Oppimisteht\u00e4v\u00e4n tavoitteena on - oppia tekem\u00e4\u00e4n maakaapeliverkoston asennus - oppia kytkem\u00e4\u00e4n kaapeleita katujakokaappiin - oppia kytkem\u00e4\u00e4n taloliittymm\u00e4 (sis. mittauskeskus, nousujohdot, mittaroinnin) TIIMIN OPPIMISTEHT\u00c4V\u00c4T: Asennusharjoitus: !!!VALOKUVAA\/VIDEOI TY\u00d6VAIHEET!!! 1. Tutustu asennusdokumentteihin - Asemapiirrustus - Taitaja 2013 teht\u00e4v\u00e4 2 - Laitemanuaalit 2. Laadi osaluettelo - N\u00c4YT\u00c4 OSALUETTELO OPETTAJALLE 3. Hae tarvikkeet varastosta 4.&hellip;","_links":{"self":[{"href":"https:\/\/blogit.gradia.fi\/sahkonet\/wp-json\/wp\/v2\/pages\/1177","targetHints":{"allow":["GET"]}}],"collection":[{"href":"https:\/\/blogit.gradia.fi\/sahkonet\/wp-json\/wp\/v2\/pages"}],"about":[{"href":"https:\/\/blogit.gradia.fi\/sahkonet\/wp-json\/wp\/v2\/types\/page"}],"author":[{"embeddable":true,"href":"https:\/\/blogit.gradia.fi\/sahkonet\/wp-json\/wp\/v2\/users\/153"}],"replies":[{"embeddable":true,"href":"https:\/\/blogit.gradia.fi\/sahkonet\/wp-json\/wp\/v2\/comments?post=1177"}],"version-history":[{"count":0,"href":"https:\/\/blogit.gradia.fi\/sahkonet\/wp-json\/wp\/v2\/pages\/1177\/revisions"}],"up":[{"embeddable":true,"href":"https:\/\/blogit.gradia.fi\/sahkonet\/wp-json\/wp\/v2\/pages\/200"}],"wp:attachment":[{"href":"https:\/\/blogit.gradia.fi\/sahkonet\/wp-json\/wp\/v2\/media?parent=1177"}],"curies":[{"name":"wp","href":"https:\/\/api.w.org\/{rel}","templated":true}]}}