{"id":1133,"date":"2015-01-16T19:25:43","date_gmt":"2015-01-16T17:25:43","guid":{"rendered":"https:\/\/blogit.gradia.fi\/sahkonet\/?page_id=1133"},"modified":"2015-01-16T19:52:57","modified_gmt":"2015-01-16T17:52:57","slug":"ennakkotehtavat-enstonet","status":"publish","type":"page","link":"https:\/\/blogit.gradia.fi\/sahkonet\/sahko-ja-energiatekniikka\/oppimistehtavat\/sahkoasennustekniikka-ja-laiteasennukset\/seot20-metallirankaseinaan-asentaminen-enstonet\/ennakkotehtavat-enstonet\/","title":{"rendered":"Ennakkoteht\u00e4v\u00e4t (ENSTONET)"},"content":{"rendered":"<p>16.1.2015<br \/>\nJari Peura<\/p>\n<p>Tee n\u00e4m\u00e4 ennakkoteht\u00e4v\u00e4t ennen varsinaista asennusharjoitusta.<\/p>\n<pre>Toimintamalli:\r\n1. Tee teht\u00e4v\u00e4t ennakkoon\r\n- Palautus blogiin (tekstin\u00e4, valokuvana tai liitetiedostona)\r\n\r\n2. Esit\u00e4 opettajalle vastaukset -&gt; keskustelkaa aiheesta\r\n\r\n3. Kun opettaja on hyv\u00e4ksynyt ennakkoteht\u00e4v\u00e4t voitte siirty\u00e4 asennusharjoitukseen<\/pre>\n<p>&nbsp;<\/p>\n<p>METALLIRANKA V\u00c4LISEIN\u00c4<\/p>\n<pre><span style=\"text-decoration: underline\">Teht\u00e4v\u00e4 1.1\r\n<\/span>Kirjasta \"Kiinteist\u00f6jen s\u00e4hk\u00f6asennukset\" kappaleet 1.8 - 1.9 teht\u00e4vineen.<\/pre>\n<p>ENSTONET<\/p>\n<pre><span style=\"text-decoration: underline\">Teht\u00e4v\u00e4 2.1\r\n<\/span>Luettele kohteita joissa voisit k\u00e4ytt\u00e4\u00e4 ENSTONET j\u00e4rjestelm\u00e4\u00e4?\r\n\r\n<span style=\"text-decoration: underline\">Teht\u00e4v\u00e4 2.2<\/span>\r\nMit\u00e4 etuja ENSTONET j\u00e4rjestelm\u00e4ll\u00e4 saavutettaan verrattuna kiinteisiin asennuksiin?\r\n\r\n<span style=\"text-decoration: underline\">Teht\u00e4v\u00e4 2.3<\/span>\r\nMihin ENSTONET j\u00e4rjestelm\u00e4n toiminta perustuu?\r\n\r\n<span style=\"text-decoration: underline\">Teht\u00e4v\u00e4 2.4<\/span>\r\nEtsi seuraavien ENSTONET tarvikkeiden nimitykset ja selvit\u00e4 miss\u00e4\/miten n\u00e4it\u00e4 k\u00e4ytet\u00e4\u00e4n:\r\n- NGJKM335:\r\n- NGJRM31:\r\n- NAD3T.W:\r\n- NAD5T.W:\r\n- NAC31S.W:\r\n- NAC32S.W:<\/pre>\n<p>MSK-kaapeli<\/p>\n<pre><span style=\"text-decoration: underline\">Teht\u00e4v\u00e4 3.1<\/span>\r\nMiksi ENSTONET kaapeloinnissa k\u00e4ytet\u00e4\u00e4n MSK kaapelia?\r\n\r\n<span style=\"text-decoration: underline\">Teht\u00e4v\u00e4 3.2<\/span>\r\nMiten MSK kaapeli eroaa esim. MMJ kaapelista?<\/pre>\n","protected":false},"excerpt":{"rendered":"<p>16.1.2015 Jari Peura Tee n\u00e4m\u00e4 ennakkoteht\u00e4v\u00e4t ennen varsinaista asennusharjoitusta. Toimintamalli: 1. Tee teht\u00e4v\u00e4t ennakkoon &#8211; Palautus blogiin (tekstin\u00e4, valokuvana tai liitetiedostona) 2. Esit\u00e4 opettajalle vastaukset -&gt; keskustelkaa aiheesta 3. Kun opettaja on hyv\u00e4ksynyt ennakkoteht\u00e4v\u00e4t voitte siirty\u00e4 asennusharjoitukseen &nbsp; METALLIRANKA V\u00c4LISEIN\u00c4 Teht\u00e4v\u00e4 1.1 Kirjasta &#8221;Kiinteist\u00f6jen s\u00e4hk\u00f6asennukset&#8221; kappaleet 1.8 &#8211; 1.9 teht\u00e4vineen. ENSTONET Teht\u00e4v\u00e4 2.1 Luettele kohteita &hellip; <a href=\"https:\/\/blogit.gradia.fi\/sahkonet\/sahko-ja-energiatekniikka\/oppimistehtavat\/sahkoasennustekniikka-ja-laiteasennukset\/seot20-metallirankaseinaan-asentaminen-enstonet\/ennakkotehtavat-enstonet\/\" class=\"more-link\">Jatka lukemista <span class=\"screen-reader-text\">Ennakkoteht\u00e4v\u00e4t (ENSTONET)<\/span> <span class=\"meta-nav\">&rarr;<\/span><\/a><\/p>\n","protected":false},"author":153,"featured_media":0,"parent":1117,"menu_order":1,"comment_status":"closed","ping_status":"closed","template":"","meta":{"_uag_custom_page_level_css":"","footnotes":""},"class_list":["post-1133","page","type-page","status-publish","hentry"],"yoast_head":"<!-- This site is optimized with the Yoast SEO plugin v27.4 - https:\/\/yoast.com\/product\/yoast-seo-wordpress\/ -->\n<title>Ennakkoteht\u00e4v\u00e4t (ENSTONET) - S\u00e4hk\u00f6Net<\/title>\n<meta name=\"robots\" content=\"index, follow, max-snippet:-1, max-image-preview:large, max-video-preview:-1\" \/>\n<link rel=\"canonical\" href=\"https:\/\/blogit.gradia.fi\/sahkonet\/sahko-ja-energiatekniikka\/oppimistehtavat\/sahkoasennustekniikka-ja-laiteasennukset\/seot20-metallirankaseinaan-asentaminen-enstonet\/ennakkotehtavat-enstonet\/\" \/>\n<meta property=\"og:locale\" content=\"fi_FI\" \/>\n<meta property=\"og:type\" content=\"article\" \/>\n<meta property=\"og:title\" content=\"Ennakkoteht\u00e4v\u00e4t (ENSTONET) - S\u00e4hk\u00f6Net\" \/>\n<meta property=\"og:description\" content=\"16.1.2015 Jari Peura Tee n\u00e4m\u00e4 ennakkoteht\u00e4v\u00e4t ennen varsinaista asennusharjoitusta. Toimintamalli: 1. Tee teht\u00e4v\u00e4t ennakkoon - Palautus blogiin (tekstin\u00e4, valokuvana tai liitetiedostona) 2. Esit\u00e4 opettajalle vastaukset -&gt; keskustelkaa aiheesta 3. Kun opettaja on hyv\u00e4ksynyt ennakkoteht\u00e4v\u00e4t voitte siirty\u00e4 asennusharjoitukseen &nbsp; METALLIRANKA V\u00c4LISEIN\u00c4 Teht\u00e4v\u00e4 1.1 Kirjasta &quot;Kiinteist\u00f6jen s\u00e4hk\u00f6asennukset&quot; kappaleet 1.8 - 1.9 teht\u00e4vineen. ENSTONET Teht\u00e4v\u00e4 2.1 Luettele kohteita &hellip; Jatka lukemista Ennakkoteht\u00e4v\u00e4t (ENSTONET) &rarr;\" \/>\n<meta property=\"og:url\" content=\"https:\/\/blogit.gradia.fi\/sahkonet\/sahko-ja-energiatekniikka\/oppimistehtavat\/sahkoasennustekniikka-ja-laiteasennukset\/seot20-metallirankaseinaan-asentaminen-enstonet\/ennakkotehtavat-enstonet\/\" \/>\n<meta property=\"og:site_name\" content=\"S\u00e4hk\u00f6Net\" \/>\n<meta property=\"article:modified_time\" content=\"2015-01-16T17:52:57+00:00\" \/>\n<meta name=\"twitter:card\" content=\"summary_large_image\" \/>\n<meta name=\"twitter:label1\" content=\"Arvioitu lukuaika\" \/>\n\t<meta name=\"twitter:data1\" content=\"1 minuutti\" \/>\n<script type=\"application\/ld+json\" class=\"yoast-schema-graph\">{\"@context\":\"https:\\\/\\\/schema.org\",\"@graph\":[{\"@type\":\"WebPage\",\"@id\":\"https:\\\/\\\/blogit.gradia.fi\\\/sahkonet\\\/sahko-ja-energiatekniikka\\\/oppimistehtavat\\\/sahkoasennustekniikka-ja-laiteasennukset\\\/seot20-metallirankaseinaan-asentaminen-enstonet\\\/ennakkotehtavat-enstonet\\\/\",\"url\":\"https:\\\/\\\/blogit.gradia.fi\\\/sahkonet\\\/sahko-ja-energiatekniikka\\\/oppimistehtavat\\\/sahkoasennustekniikka-ja-laiteasennukset\\\/seot20-metallirankaseinaan-asentaminen-enstonet\\\/ennakkotehtavat-enstonet\\\/\",\"name\":\"Ennakkoteht\u00e4v\u00e4t (ENSTONET) - S\u00e4hk\u00f6Net\",\"isPartOf\":{\"@id\":\"https:\\\/\\\/blogit.gradia.fi\\\/sahkonet\\\/#website\"},\"datePublished\":\"2015-01-16T17:25:43+00:00\",\"dateModified\":\"2015-01-16T17:52:57+00:00\",\"breadcrumb\":{\"@id\":\"https:\\\/\\\/blogit.gradia.fi\\\/sahkonet\\\/sahko-ja-energiatekniikka\\\/oppimistehtavat\\\/sahkoasennustekniikka-ja-laiteasennukset\\\/seot20-metallirankaseinaan-asentaminen-enstonet\\\/ennakkotehtavat-enstonet\\\/#breadcrumb\"},\"inLanguage\":\"fi\",\"potentialAction\":[{\"@type\":\"ReadAction\",\"target\":[\"https:\\\/\\\/blogit.gradia.fi\\\/sahkonet\\\/sahko-ja-energiatekniikka\\\/oppimistehtavat\\\/sahkoasennustekniikka-ja-laiteasennukset\\\/seot20-metallirankaseinaan-asentaminen-enstonet\\\/ennakkotehtavat-enstonet\\\/\"]}]},{\"@type\":\"BreadcrumbList\",\"@id\":\"https:\\\/\\\/blogit.gradia.fi\\\/sahkonet\\\/sahko-ja-energiatekniikka\\\/oppimistehtavat\\\/sahkoasennustekniikka-ja-laiteasennukset\\\/seot20-metallirankaseinaan-asentaminen-enstonet\\\/ennakkotehtavat-enstonet\\\/#breadcrumb\",\"itemListElement\":[{\"@type\":\"ListItem\",\"position\":1,\"name\":\"S\u00e4hk\u00f6- ja energiatekniikka (20ov)\",\"item\":\"https:\\\/\\\/blogit.gradia.fi\\\/sahkonet\\\/sahko-ja-energiatekniikka\\\/\"},{\"@type\":\"ListItem\",\"position\":2,\"name\":\"Oppimisteht\u00e4v\u00e4t\",\"item\":\"https:\\\/\\\/blogit.gradia.fi\\\/sahkonet\\\/sahko-ja-energiatekniikka\\\/oppimistehtavat\\\/\"},{\"@type\":\"ListItem\",\"position\":3,\"name\":\"S\u00e4hk\u00f6asennustekniikka ja -laiteasennukset\",\"item\":\"https:\\\/\\\/blogit.gradia.fi\\\/sahkonet\\\/sahko-ja-energiatekniikka\\\/oppimistehtavat\\\/sahkoasennustekniikka-ja-laiteasennukset\\\/\"},{\"@type\":\"ListItem\",\"position\":4,\"name\":\"SEOT20, Metallirankasein\u00e4\u00e4n asentaminen (ENSTONET)\",\"item\":\"https:\\\/\\\/blogit.gradia.fi\\\/sahkonet\\\/sahko-ja-energiatekniikka\\\/oppimistehtavat\\\/sahkoasennustekniikka-ja-laiteasennukset\\\/seot20-metallirankaseinaan-asentaminen-enstonet\\\/\"},{\"@type\":\"ListItem\",\"position\":5,\"name\":\"Ennakkoteht\u00e4v\u00e4t (ENSTONET)\"}]},{\"@type\":\"WebSite\",\"@id\":\"https:\\\/\\\/blogit.gradia.fi\\\/sahkonet\\\/#website\",\"url\":\"https:\\\/\\\/blogit.gradia.fi\\\/sahkonet\\\/\",\"name\":\"S\u00e4hk\u00f6Net\",\"description\":\"S\u00e4hk\u00f6- ja automaatiotekniikan perustutkinto\",\"potentialAction\":[{\"@type\":\"SearchAction\",\"target\":{\"@type\":\"EntryPoint\",\"urlTemplate\":\"https:\\\/\\\/blogit.gradia.fi\\\/sahkonet\\\/?s={search_term_string}\"},\"query-input\":{\"@type\":\"PropertyValueSpecification\",\"valueRequired\":true,\"valueName\":\"search_term_string\"}}],\"inLanguage\":\"fi\"}]}<\/script>\n<!-- \/ Yoast SEO plugin. -->","yoast_head_json":{"title":"Ennakkoteht\u00e4v\u00e4t (ENSTONET) - S\u00e4hk\u00f6Net","robots":{"index":"index","follow":"follow","max-snippet":"max-snippet:-1","max-image-preview":"max-image-preview:large","max-video-preview":"max-video-preview:-1"},"canonical":"https:\/\/blogit.gradia.fi\/sahkonet\/sahko-ja-energiatekniikka\/oppimistehtavat\/sahkoasennustekniikka-ja-laiteasennukset\/seot20-metallirankaseinaan-asentaminen-enstonet\/ennakkotehtavat-enstonet\/","og_locale":"fi_FI","og_type":"article","og_title":"Ennakkoteht\u00e4v\u00e4t (ENSTONET) - S\u00e4hk\u00f6Net","og_description":"16.1.2015 Jari Peura Tee n\u00e4m\u00e4 ennakkoteht\u00e4v\u00e4t ennen varsinaista asennusharjoitusta. Toimintamalli: 1. Tee teht\u00e4v\u00e4t ennakkoon - Palautus blogiin (tekstin\u00e4, valokuvana tai liitetiedostona) 2. Esit\u00e4 opettajalle vastaukset -&gt; keskustelkaa aiheesta 3. Kun opettaja on hyv\u00e4ksynyt ennakkoteht\u00e4v\u00e4t voitte siirty\u00e4 asennusharjoitukseen &nbsp; METALLIRANKA V\u00c4LISEIN\u00c4 Teht\u00e4v\u00e4 1.1 Kirjasta \"Kiinteist\u00f6jen s\u00e4hk\u00f6asennukset\" kappaleet 1.8 - 1.9 teht\u00e4vineen. ENSTONET Teht\u00e4v\u00e4 2.1 Luettele kohteita &hellip; Jatka lukemista Ennakkoteht\u00e4v\u00e4t (ENSTONET) &rarr;","og_url":"https:\/\/blogit.gradia.fi\/sahkonet\/sahko-ja-energiatekniikka\/oppimistehtavat\/sahkoasennustekniikka-ja-laiteasennukset\/seot20-metallirankaseinaan-asentaminen-enstonet\/ennakkotehtavat-enstonet\/","og_site_name":"S\u00e4hk\u00f6Net","article_modified_time":"2015-01-16T17:52:57+00:00","twitter_card":"summary_large_image","twitter_misc":{"Arvioitu lukuaika":"1 minuutti"},"schema":{"@context":"https:\/\/schema.org","@graph":[{"@type":"WebPage","@id":"https:\/\/blogit.gradia.fi\/sahkonet\/sahko-ja-energiatekniikka\/oppimistehtavat\/sahkoasennustekniikka-ja-laiteasennukset\/seot20-metallirankaseinaan-asentaminen-enstonet\/ennakkotehtavat-enstonet\/","url":"https:\/\/blogit.gradia.fi\/sahkonet\/sahko-ja-energiatekniikka\/oppimistehtavat\/sahkoasennustekniikka-ja-laiteasennukset\/seot20-metallirankaseinaan-asentaminen-enstonet\/ennakkotehtavat-enstonet\/","name":"Ennakkoteht\u00e4v\u00e4t (ENSTONET) - S\u00e4hk\u00f6Net","isPartOf":{"@id":"https:\/\/blogit.gradia.fi\/sahkonet\/#website"},"datePublished":"2015-01-16T17:25:43+00:00","dateModified":"2015-01-16T17:52:57+00:00","breadcrumb":{"@id":"https:\/\/blogit.gradia.fi\/sahkonet\/sahko-ja-energiatekniikka\/oppimistehtavat\/sahkoasennustekniikka-ja-laiteasennukset\/seot20-metallirankaseinaan-asentaminen-enstonet\/ennakkotehtavat-enstonet\/#breadcrumb"},"inLanguage":"fi","potentialAction":[{"@type":"ReadAction","target":["https:\/\/blogit.gradia.fi\/sahkonet\/sahko-ja-energiatekniikka\/oppimistehtavat\/sahkoasennustekniikka-ja-laiteasennukset\/seot20-metallirankaseinaan-asentaminen-enstonet\/ennakkotehtavat-enstonet\/"]}]},{"@type":"BreadcrumbList","@id":"https:\/\/blogit.gradia.fi\/sahkonet\/sahko-ja-energiatekniikka\/oppimistehtavat\/sahkoasennustekniikka-ja-laiteasennukset\/seot20-metallirankaseinaan-asentaminen-enstonet\/ennakkotehtavat-enstonet\/#breadcrumb","itemListElement":[{"@type":"ListItem","position":1,"name":"S\u00e4hk\u00f6- ja energiatekniikka (20ov)","item":"https:\/\/blogit.gradia.fi\/sahkonet\/sahko-ja-energiatekniikka\/"},{"@type":"ListItem","position":2,"name":"Oppimisteht\u00e4v\u00e4t","item":"https:\/\/blogit.gradia.fi\/sahkonet\/sahko-ja-energiatekniikka\/oppimistehtavat\/"},{"@type":"ListItem","position":3,"name":"S\u00e4hk\u00f6asennustekniikka ja -laiteasennukset","item":"https:\/\/blogit.gradia.fi\/sahkonet\/sahko-ja-energiatekniikka\/oppimistehtavat\/sahkoasennustekniikka-ja-laiteasennukset\/"},{"@type":"ListItem","position":4,"name":"SEOT20, Metallirankasein\u00e4\u00e4n asentaminen (ENSTONET)","item":"https:\/\/blogit.gradia.fi\/sahkonet\/sahko-ja-energiatekniikka\/oppimistehtavat\/sahkoasennustekniikka-ja-laiteasennukset\/seot20-metallirankaseinaan-asentaminen-enstonet\/"},{"@type":"ListItem","position":5,"name":"Ennakkoteht\u00e4v\u00e4t (ENSTONET)"}]},{"@type":"WebSite","@id":"https:\/\/blogit.gradia.fi\/sahkonet\/#website","url":"https:\/\/blogit.gradia.fi\/sahkonet\/","name":"S\u00e4hk\u00f6Net","description":"S\u00e4hk\u00f6- ja automaatiotekniikan perustutkinto","potentialAction":[{"@type":"SearchAction","target":{"@type":"EntryPoint","urlTemplate":"https:\/\/blogit.gradia.fi\/sahkonet\/?s={search_term_string}"},"query-input":{"@type":"PropertyValueSpecification","valueRequired":true,"valueName":"search_term_string"}}],"inLanguage":"fi"}]}},"uagb_featured_image_src":{"full":false,"thumbnail":false,"medium":false,"medium_large":false,"large":false,"1536x1536":false,"2048x2048":false,"post-thumbnail":false,"twentyfourteen-full-width":false},"uagb_author_info":{"display_name":"Minna Puoliv\u00e4li","author_link":"https:\/\/blogit.gradia.fi\/sahkonet\/author\/puolimin\/"},"uagb_comment_info":0,"uagb_excerpt":"16.1.2015 Jari Peura Tee n\u00e4m\u00e4 ennakkoteht\u00e4v\u00e4t ennen varsinaista asennusharjoitusta. Toimintamalli: 1. Tee teht\u00e4v\u00e4t ennakkoon - Palautus blogiin (tekstin\u00e4, valokuvana tai liitetiedostona) 2. Esit\u00e4 opettajalle vastaukset -&gt; keskustelkaa aiheesta 3. Kun opettaja on hyv\u00e4ksynyt ennakkoteht\u00e4v\u00e4t voitte siirty\u00e4 asennusharjoitukseen &nbsp; METALLIRANKA V\u00c4LISEIN\u00c4 Teht\u00e4v\u00e4 1.1 Kirjasta \"Kiinteist\u00f6jen s\u00e4hk\u00f6asennukset\" kappaleet 1.8 - 1.9 teht\u00e4vineen. ENSTONET Teht\u00e4v\u00e4 2.1 Luettele kohteita&hellip;","_links":{"self":[{"href":"https:\/\/blogit.gradia.fi\/sahkonet\/wp-json\/wp\/v2\/pages\/1133","targetHints":{"allow":["GET"]}}],"collection":[{"href":"https:\/\/blogit.gradia.fi\/sahkonet\/wp-json\/wp\/v2\/pages"}],"about":[{"href":"https:\/\/blogit.gradia.fi\/sahkonet\/wp-json\/wp\/v2\/types\/page"}],"author":[{"embeddable":true,"href":"https:\/\/blogit.gradia.fi\/sahkonet\/wp-json\/wp\/v2\/users\/153"}],"replies":[{"embeddable":true,"href":"https:\/\/blogit.gradia.fi\/sahkonet\/wp-json\/wp\/v2\/comments?post=1133"}],"version-history":[{"count":0,"href":"https:\/\/blogit.gradia.fi\/sahkonet\/wp-json\/wp\/v2\/pages\/1133\/revisions"}],"up":[{"embeddable":true,"href":"https:\/\/blogit.gradia.fi\/sahkonet\/wp-json\/wp\/v2\/pages\/1117"}],"wp:attachment":[{"href":"https:\/\/blogit.gradia.fi\/sahkonet\/wp-json\/wp\/v2\/media?parent=1133"}],"curies":[{"name":"wp","href":"https:\/\/api.w.org\/{rel}","templated":true}]}}