{"id":1119,"date":"2015-01-16T18:39:36","date_gmt":"2015-01-16T16:39:36","guid":{"rendered":"https:\/\/blogit.gradia.fi\/sahkonet\/?page_id=1119"},"modified":"2015-01-19T07:34:50","modified_gmt":"2015-01-19T05:34:50","slug":"seot25-hirsirakenteeseen-asentaminen","status":"publish","type":"page","link":"https:\/\/blogit.gradia.fi\/sahkonet\/sahko-ja-energiatekniikka\/oppimistehtavat\/sahkoasennustekniikka-ja-laiteasennukset\/seot25-hirsirakenteeseen-asentaminen\/","title":{"rendered":"SEOT25, Hirsirakenteeseen asentaminen"},"content":{"rendered":"<p>P\u00e4ivitetty 19.1.2015 MH\u00e4<br \/>\n19.1.2015<br \/>\nMarkku H\u00e4nninen<\/p>\n<p>TEHT\u00c4V\u00c4N TAVOITE:<\/p>\n<p>Oppimisteht\u00e4v\u00e4n tavoitteena on:<br \/>\n&#8211; Tutustua hirsirakenteisiin ja hirsirakenteiden asettamiin vaatimuksiin s\u00e4hk\u00f6asennuksille.<br \/>\n&#8211; Perehty\u00e4 erilaisiin aasennustapoihin ja oppia valitsemaan tilanteeseen parhaiten sopiva asennustapa.<\/p>\n<p>ITSEN\u00c4ISET OPPIMISTEHT\u00c4V\u00c4T:<\/p>\n<p>Kirja: Sis\u00e4johtoasennukset (kirjallisista teht\u00e4vist\u00e4 teht\u00e4v\u00e4 kaikki \u2013 itsen\u00e4inen opiskelu)<\/p>\n<p>Lue ja tee teht\u00e4v\u00e4t!<\/p>\n<p>ASENTAMINEN HIRSIRAKENTEISIIN<br \/>\nSivut 257-281<\/p>\n<p>TIIMIN OPPIMISTEHT\u00c4V\u00c4T:<\/p>\n<p>Kesken<\/p>\n<p>TEHT\u00c4VIEN PALAUTUS:<\/p>\n<p>Itsen\u00e4iset oppimisteht\u00e4v\u00e4t:<\/p>\n<p>Itsen\u00e4isi\u00e4 oppimisteht\u00e4vi\u00e4 varten opiskelija hankkii kirjan Sis\u00e4johtoasennukset \u2013 Jukka Ahoranta.<br \/>\nLue ensin kappaleet ja tee sen j\u00e4lkeen teht\u00e4v\u00e4t tehd\u00e4\u00e4n kirjaan.<br \/>\nKun opiskelija on tehnyt teht\u00e4v\u00e4t h\u00e4n n\u00e4ytt\u00e4\u00e4 ne opettajalle -&gt; opettaja kirjaa suoritusmerkinn\u00e4n wilmaan.<\/p>\n<p>Tiimin oppimisteht\u00e4v\u00e4t:<\/p>\n<p>&#8211; Tiimin oppimisteht\u00e4vist\u00e4 jokainen opiskelija tekee blogip\u00e4ivityksen omaan blogiinsa = oppimisp\u00e4iv\u00e4kirja<br \/>\n    &#8211; Videoita, kuvia ja teksti\u00e4<br \/>\n&#8211; Oppimisteht\u00e4vien edetess\u00e4 tehd\u00e4\u00e4n k\u00e4ytt\u00f6\u00f6nottotarkastukset SFS6002 ohjeiden mukaisesti.<br \/>\n&#8211; Oppimisteht\u00e4v\u00e4n ollessa valmis se tarkastutetaan ohjaavalla opettajalla.<br \/>\n&#8211; Opettajan annetua lupa, tiimi purkaa asennukset, vie tarvikkeet paikalleen ja siivoaa ty\u00f6pisteen Lopputarkastus opettajalla Opettaja kirjaa t\u00e4ss\u00e4 vaiheessa suoritusmerkinn\u00e4t wilmaan.<\/p>\n","protected":false},"excerpt":{"rendered":"<p>P\u00e4ivitetty 19.1.2015 MH\u00e4 19.1.2015 Markku H\u00e4nninen TEHT\u00c4V\u00c4N TAVOITE: Oppimisteht\u00e4v\u00e4n tavoitteena on: &#8211; Tutustua hirsirakenteisiin ja hirsirakenteiden asettamiin vaatimuksiin s\u00e4hk\u00f6asennuksille. &#8211; Perehty\u00e4 erilaisiin aasennustapoihin ja oppia valitsemaan tilanteeseen parhaiten sopiva asennustapa. ITSEN\u00c4ISET OPPIMISTEHT\u00c4V\u00c4T: Kirja: Sis\u00e4johtoasennukset (kirjallisista teht\u00e4vist\u00e4 teht\u00e4v\u00e4 kaikki \u2013 itsen\u00e4inen opiskelu) Lue ja tee teht\u00e4v\u00e4t! ASENTAMINEN HIRSIRAKENTEISIIN Sivut 257-281 TIIMIN OPPIMISTEHT\u00c4V\u00c4T: Kesken TEHT\u00c4VIEN PALAUTUS: Itsen\u00e4iset &hellip; <a href=\"https:\/\/blogit.gradia.fi\/sahkonet\/sahko-ja-energiatekniikka\/oppimistehtavat\/sahkoasennustekniikka-ja-laiteasennukset\/seot25-hirsirakenteeseen-asentaminen\/\" class=\"more-link\">Jatka lukemista <span class=\"screen-reader-text\">SEOT25, Hirsirakenteeseen asentaminen<\/span> <span class=\"meta-nav\">&rarr;<\/span><\/a><\/p>\n","protected":false},"author":153,"featured_media":0,"parent":193,"menu_order":8,"comment_status":"closed","ping_status":"closed","template":"","meta":{"_uag_custom_page_level_css":"","footnotes":""},"class_list":["post-1119","page","type-page","status-publish","hentry"],"yoast_head":"<!-- This site is optimized with the Yoast SEO plugin v27.4 - https:\/\/yoast.com\/product\/yoast-seo-wordpress\/ -->\n<title>SEOT25, Hirsirakenteeseen asentaminen - S\u00e4hk\u00f6Net<\/title>\n<meta name=\"robots\" content=\"index, follow, max-snippet:-1, max-image-preview:large, max-video-preview:-1\" \/>\n<link rel=\"canonical\" href=\"https:\/\/blogit.gradia.fi\/sahkonet\/sahko-ja-energiatekniikka\/oppimistehtavat\/sahkoasennustekniikka-ja-laiteasennukset\/seot25-hirsirakenteeseen-asentaminen\/\" \/>\n<meta property=\"og:locale\" content=\"fi_FI\" \/>\n<meta property=\"og:type\" content=\"article\" \/>\n<meta property=\"og:title\" content=\"SEOT25, Hirsirakenteeseen asentaminen - S\u00e4hk\u00f6Net\" \/>\n<meta property=\"og:description\" content=\"P\u00e4ivitetty 19.1.2015 MH\u00e4 19.1.2015 Markku H\u00e4nninen TEHT\u00c4V\u00c4N TAVOITE: Oppimisteht\u00e4v\u00e4n tavoitteena on: &#8211; Tutustua hirsirakenteisiin ja hirsirakenteiden asettamiin vaatimuksiin s\u00e4hk\u00f6asennuksille. &#8211; Perehty\u00e4 erilaisiin aasennustapoihin ja oppia valitsemaan tilanteeseen parhaiten sopiva asennustapa. ITSEN\u00c4ISET OPPIMISTEHT\u00c4V\u00c4T: Kirja: Sis\u00e4johtoasennukset (kirjallisista teht\u00e4vist\u00e4 teht\u00e4v\u00e4 kaikki \u2013 itsen\u00e4inen opiskelu) Lue ja tee teht\u00e4v\u00e4t! ASENTAMINEN HIRSIRAKENTEISIIN Sivut 257-281 TIIMIN OPPIMISTEHT\u00c4V\u00c4T: Kesken TEHT\u00c4VIEN PALAUTUS: Itsen\u00e4iset &hellip; Jatka lukemista SEOT25, Hirsirakenteeseen asentaminen &rarr;\" \/>\n<meta property=\"og:url\" content=\"https:\/\/blogit.gradia.fi\/sahkonet\/sahko-ja-energiatekniikka\/oppimistehtavat\/sahkoasennustekniikka-ja-laiteasennukset\/seot25-hirsirakenteeseen-asentaminen\/\" \/>\n<meta property=\"og:site_name\" content=\"S\u00e4hk\u00f6Net\" \/>\n<meta property=\"article:modified_time\" content=\"2015-01-19T05:34:50+00:00\" \/>\n<meta name=\"twitter:card\" content=\"summary_large_image\" \/>\n<meta name=\"twitter:label1\" content=\"Arvioitu lukuaika\" \/>\n\t<meta name=\"twitter:data1\" content=\"1 minuutti\" \/>\n<script type=\"application\/ld+json\" class=\"yoast-schema-graph\">{\"@context\":\"https:\\\/\\\/schema.org\",\"@graph\":[{\"@type\":\"WebPage\",\"@id\":\"https:\\\/\\\/blogit.gradia.fi\\\/sahkonet\\\/sahko-ja-energiatekniikka\\\/oppimistehtavat\\\/sahkoasennustekniikka-ja-laiteasennukset\\\/seot25-hirsirakenteeseen-asentaminen\\\/\",\"url\":\"https:\\\/\\\/blogit.gradia.fi\\\/sahkonet\\\/sahko-ja-energiatekniikka\\\/oppimistehtavat\\\/sahkoasennustekniikka-ja-laiteasennukset\\\/seot25-hirsirakenteeseen-asentaminen\\\/\",\"name\":\"SEOT25, Hirsirakenteeseen asentaminen - S\u00e4hk\u00f6Net\",\"isPartOf\":{\"@id\":\"https:\\\/\\\/blogit.gradia.fi\\\/sahkonet\\\/#website\"},\"datePublished\":\"2015-01-16T16:39:36+00:00\",\"dateModified\":\"2015-01-19T05:34:50+00:00\",\"breadcrumb\":{\"@id\":\"https:\\\/\\\/blogit.gradia.fi\\\/sahkonet\\\/sahko-ja-energiatekniikka\\\/oppimistehtavat\\\/sahkoasennustekniikka-ja-laiteasennukset\\\/seot25-hirsirakenteeseen-asentaminen\\\/#breadcrumb\"},\"inLanguage\":\"fi\",\"potentialAction\":[{\"@type\":\"ReadAction\",\"target\":[\"https:\\\/\\\/blogit.gradia.fi\\\/sahkonet\\\/sahko-ja-energiatekniikka\\\/oppimistehtavat\\\/sahkoasennustekniikka-ja-laiteasennukset\\\/seot25-hirsirakenteeseen-asentaminen\\\/\"]}]},{\"@type\":\"BreadcrumbList\",\"@id\":\"https:\\\/\\\/blogit.gradia.fi\\\/sahkonet\\\/sahko-ja-energiatekniikka\\\/oppimistehtavat\\\/sahkoasennustekniikka-ja-laiteasennukset\\\/seot25-hirsirakenteeseen-asentaminen\\\/#breadcrumb\",\"itemListElement\":[{\"@type\":\"ListItem\",\"position\":1,\"name\":\"S\u00e4hk\u00f6- ja energiatekniikka (20ov)\",\"item\":\"https:\\\/\\\/blogit.gradia.fi\\\/sahkonet\\\/sahko-ja-energiatekniikka\\\/\"},{\"@type\":\"ListItem\",\"position\":2,\"name\":\"Oppimisteht\u00e4v\u00e4t\",\"item\":\"https:\\\/\\\/blogit.gradia.fi\\\/sahkonet\\\/sahko-ja-energiatekniikka\\\/oppimistehtavat\\\/\"},{\"@type\":\"ListItem\",\"position\":3,\"name\":\"S\u00e4hk\u00f6asennustekniikka ja -laiteasennukset\",\"item\":\"https:\\\/\\\/blogit.gradia.fi\\\/sahkonet\\\/sahko-ja-energiatekniikka\\\/oppimistehtavat\\\/sahkoasennustekniikka-ja-laiteasennukset\\\/\"},{\"@type\":\"ListItem\",\"position\":4,\"name\":\"SEOT25, Hirsirakenteeseen asentaminen\"}]},{\"@type\":\"WebSite\",\"@id\":\"https:\\\/\\\/blogit.gradia.fi\\\/sahkonet\\\/#website\",\"url\":\"https:\\\/\\\/blogit.gradia.fi\\\/sahkonet\\\/\",\"name\":\"S\u00e4hk\u00f6Net\",\"description\":\"S\u00e4hk\u00f6- ja automaatiotekniikan perustutkinto\",\"potentialAction\":[{\"@type\":\"SearchAction\",\"target\":{\"@type\":\"EntryPoint\",\"urlTemplate\":\"https:\\\/\\\/blogit.gradia.fi\\\/sahkonet\\\/?s={search_term_string}\"},\"query-input\":{\"@type\":\"PropertyValueSpecification\",\"valueRequired\":true,\"valueName\":\"search_term_string\"}}],\"inLanguage\":\"fi\"}]}<\/script>\n<!-- \/ Yoast SEO plugin. -->","yoast_head_json":{"title":"SEOT25, Hirsirakenteeseen asentaminen - S\u00e4hk\u00f6Net","robots":{"index":"index","follow":"follow","max-snippet":"max-snippet:-1","max-image-preview":"max-image-preview:large","max-video-preview":"max-video-preview:-1"},"canonical":"https:\/\/blogit.gradia.fi\/sahkonet\/sahko-ja-energiatekniikka\/oppimistehtavat\/sahkoasennustekniikka-ja-laiteasennukset\/seot25-hirsirakenteeseen-asentaminen\/","og_locale":"fi_FI","og_type":"article","og_title":"SEOT25, Hirsirakenteeseen asentaminen - S\u00e4hk\u00f6Net","og_description":"P\u00e4ivitetty 19.1.2015 MH\u00e4 19.1.2015 Markku H\u00e4nninen TEHT\u00c4V\u00c4N TAVOITE: Oppimisteht\u00e4v\u00e4n tavoitteena on: &#8211; Tutustua hirsirakenteisiin ja hirsirakenteiden asettamiin vaatimuksiin s\u00e4hk\u00f6asennuksille. &#8211; Perehty\u00e4 erilaisiin aasennustapoihin ja oppia valitsemaan tilanteeseen parhaiten sopiva asennustapa. ITSEN\u00c4ISET OPPIMISTEHT\u00c4V\u00c4T: Kirja: Sis\u00e4johtoasennukset (kirjallisista teht\u00e4vist\u00e4 teht\u00e4v\u00e4 kaikki \u2013 itsen\u00e4inen opiskelu) Lue ja tee teht\u00e4v\u00e4t! ASENTAMINEN HIRSIRAKENTEISIIN Sivut 257-281 TIIMIN OPPIMISTEHT\u00c4V\u00c4T: Kesken TEHT\u00c4VIEN PALAUTUS: Itsen\u00e4iset &hellip; Jatka lukemista SEOT25, Hirsirakenteeseen asentaminen &rarr;","og_url":"https:\/\/blogit.gradia.fi\/sahkonet\/sahko-ja-energiatekniikka\/oppimistehtavat\/sahkoasennustekniikka-ja-laiteasennukset\/seot25-hirsirakenteeseen-asentaminen\/","og_site_name":"S\u00e4hk\u00f6Net","article_modified_time":"2015-01-19T05:34:50+00:00","twitter_card":"summary_large_image","twitter_misc":{"Arvioitu lukuaika":"1 minuutti"},"schema":{"@context":"https:\/\/schema.org","@graph":[{"@type":"WebPage","@id":"https:\/\/blogit.gradia.fi\/sahkonet\/sahko-ja-energiatekniikka\/oppimistehtavat\/sahkoasennustekniikka-ja-laiteasennukset\/seot25-hirsirakenteeseen-asentaminen\/","url":"https:\/\/blogit.gradia.fi\/sahkonet\/sahko-ja-energiatekniikka\/oppimistehtavat\/sahkoasennustekniikka-ja-laiteasennukset\/seot25-hirsirakenteeseen-asentaminen\/","name":"SEOT25, Hirsirakenteeseen asentaminen - S\u00e4hk\u00f6Net","isPartOf":{"@id":"https:\/\/blogit.gradia.fi\/sahkonet\/#website"},"datePublished":"2015-01-16T16:39:36+00:00","dateModified":"2015-01-19T05:34:50+00:00","breadcrumb":{"@id":"https:\/\/blogit.gradia.fi\/sahkonet\/sahko-ja-energiatekniikka\/oppimistehtavat\/sahkoasennustekniikka-ja-laiteasennukset\/seot25-hirsirakenteeseen-asentaminen\/#breadcrumb"},"inLanguage":"fi","potentialAction":[{"@type":"ReadAction","target":["https:\/\/blogit.gradia.fi\/sahkonet\/sahko-ja-energiatekniikka\/oppimistehtavat\/sahkoasennustekniikka-ja-laiteasennukset\/seot25-hirsirakenteeseen-asentaminen\/"]}]},{"@type":"BreadcrumbList","@id":"https:\/\/blogit.gradia.fi\/sahkonet\/sahko-ja-energiatekniikka\/oppimistehtavat\/sahkoasennustekniikka-ja-laiteasennukset\/seot25-hirsirakenteeseen-asentaminen\/#breadcrumb","itemListElement":[{"@type":"ListItem","position":1,"name":"S\u00e4hk\u00f6- ja energiatekniikka (20ov)","item":"https:\/\/blogit.gradia.fi\/sahkonet\/sahko-ja-energiatekniikka\/"},{"@type":"ListItem","position":2,"name":"Oppimisteht\u00e4v\u00e4t","item":"https:\/\/blogit.gradia.fi\/sahkonet\/sahko-ja-energiatekniikka\/oppimistehtavat\/"},{"@type":"ListItem","position":3,"name":"S\u00e4hk\u00f6asennustekniikka ja -laiteasennukset","item":"https:\/\/blogit.gradia.fi\/sahkonet\/sahko-ja-energiatekniikka\/oppimistehtavat\/sahkoasennustekniikka-ja-laiteasennukset\/"},{"@type":"ListItem","position":4,"name":"SEOT25, Hirsirakenteeseen asentaminen"}]},{"@type":"WebSite","@id":"https:\/\/blogit.gradia.fi\/sahkonet\/#website","url":"https:\/\/blogit.gradia.fi\/sahkonet\/","name":"S\u00e4hk\u00f6Net","description":"S\u00e4hk\u00f6- ja automaatiotekniikan perustutkinto","potentialAction":[{"@type":"SearchAction","target":{"@type":"EntryPoint","urlTemplate":"https:\/\/blogit.gradia.fi\/sahkonet\/?s={search_term_string}"},"query-input":{"@type":"PropertyValueSpecification","valueRequired":true,"valueName":"search_term_string"}}],"inLanguage":"fi"}]}},"uagb_featured_image_src":{"full":false,"thumbnail":false,"medium":false,"medium_large":false,"large":false,"1536x1536":false,"2048x2048":false,"post-thumbnail":false,"twentyfourteen-full-width":false},"uagb_author_info":{"display_name":"Minna Puoliv\u00e4li","author_link":"https:\/\/blogit.gradia.fi\/sahkonet\/author\/puolimin\/"},"uagb_comment_info":0,"uagb_excerpt":"P\u00e4ivitetty 19.1.2015 MH\u00e4 19.1.2015 Markku H\u00e4nninen TEHT\u00c4V\u00c4N TAVOITE: Oppimisteht\u00e4v\u00e4n tavoitteena on: &#8211; Tutustua hirsirakenteisiin ja hirsirakenteiden asettamiin vaatimuksiin s\u00e4hk\u00f6asennuksille. &#8211; Perehty\u00e4 erilaisiin aasennustapoihin ja oppia valitsemaan tilanteeseen parhaiten sopiva asennustapa. ITSEN\u00c4ISET OPPIMISTEHT\u00c4V\u00c4T: Kirja: Sis\u00e4johtoasennukset (kirjallisista teht\u00e4vist\u00e4 teht\u00e4v\u00e4 kaikki \u2013 itsen\u00e4inen opiskelu) Lue ja tee teht\u00e4v\u00e4t! ASENTAMINEN HIRSIRAKENTEISIIN Sivut 257-281 TIIMIN OPPIMISTEHT\u00c4V\u00c4T: Kesken TEHT\u00c4VIEN PALAUTUS: Itsen\u00e4iset&hellip;","_links":{"self":[{"href":"https:\/\/blogit.gradia.fi\/sahkonet\/wp-json\/wp\/v2\/pages\/1119","targetHints":{"allow":["GET"]}}],"collection":[{"href":"https:\/\/blogit.gradia.fi\/sahkonet\/wp-json\/wp\/v2\/pages"}],"about":[{"href":"https:\/\/blogit.gradia.fi\/sahkonet\/wp-json\/wp\/v2\/types\/page"}],"author":[{"embeddable":true,"href":"https:\/\/blogit.gradia.fi\/sahkonet\/wp-json\/wp\/v2\/users\/153"}],"replies":[{"embeddable":true,"href":"https:\/\/blogit.gradia.fi\/sahkonet\/wp-json\/wp\/v2\/comments?post=1119"}],"version-history":[{"count":0,"href":"https:\/\/blogit.gradia.fi\/sahkonet\/wp-json\/wp\/v2\/pages\/1119\/revisions"}],"up":[{"embeddable":true,"href":"https:\/\/blogit.gradia.fi\/sahkonet\/wp-json\/wp\/v2\/pages\/193"}],"wp:attachment":[{"href":"https:\/\/blogit.gradia.fi\/sahkonet\/wp-json\/wp\/v2\/media?parent=1119"}],"curies":[{"name":"wp","href":"https:\/\/api.w.org\/{rel}","templated":true}]}}