{"id":1117,"date":"2015-01-16T18:38:59","date_gmt":"2015-01-16T16:38:59","guid":{"rendered":"https:\/\/blogit.gradia.fi\/sahkonet\/?page_id=1117"},"modified":"2015-01-17T15:03:38","modified_gmt":"2015-01-17T13:03:38","slug":"seot20-metallirankaseinaan-asentaminen-enstonet","status":"publish","type":"page","link":"https:\/\/blogit.gradia.fi\/sahkonet\/sahko-ja-energiatekniikka\/oppimistehtavat\/sahkoasennustekniikka-ja-laiteasennukset\/seot20-metallirankaseinaan-asentaminen-enstonet\/","title":{"rendered":"SEOT20, Metallirankasein\u00e4\u00e4n asentaminen (ENSTONET)"},"content":{"rendered":"<p>16.1.2015<br \/>\nJari Peura<\/p>\n<h3><span style=\"text-decoration: underline\"><strong>TEHT\u00c4V\u00c4N TAVOITE<\/strong><\/span><\/h3>\n<pre>Oppimisteht\u00e4v\u00e4n tavoiteena on\r\n- oppia tuntemaan metallirankasein\u00e4\u00e4n asentamisen\r\n- oppia tuntemaan ENSTONET j\u00e4rjestelm\u00e4n komponentit, asentamisen, kytkenn\u00e4t sek\u00e4 k\u00e4ytt\u00f6kohteet\r\n<\/pre>\n<h3><span style=\"text-decoration: underline\"><b>TIIMIN OPPIMISTEHT\u00c4V\u00c4T:<\/b><\/span><\/h3>\n<pre><span style=\"text-decoration: underline\"><strong>Ennakkoteht\u00e4v\u00e4:<\/strong><\/span>\r\nEnnen asennusharjoitusta tee ennakkoteht\u00e4v\u00e4 (l\u00f6ytyy alikansiosta \"ENNAKKOTEHT\u00c4V\u00c4T\")<\/pre>\n<pre><strong><span style=\"text-decoration: underline\">Asennusharjoitus:<\/span><\/strong>\r\n\r\n<span style=\"color: #ff9900\">!!!VALOKUVAA\/VIDEOI TY\u00d6VAIHEET!!!<\/span>\r\n\r\n<span style=\"color: #0000ff\">1. Tutustu asennusdokumentteihin<\/span>\r\n- Tasopiirustus\r\n- Keskuskaavio\r\n- Laitemanuaalit\r\n\r\n<span style=\"color: #0000ff\">2. Laadi osaluettelo<\/span>\r\n<span style=\"color: #ff0000\">- N\u00c4YT\u00c4 OSALUETTELO OPETTAJALLE<\/span>\r\n<span style=\"color: #0000ff\">\r\n3. Hae tarvikkeet varastosta<\/span>\r\n\r\n<span style=\"color: #0000ff\">4. Asenna kojeet ja kaapelit<\/span>\r\n- Tee my\u00f6s tarvittavat merkinn\u00e4t\r\n\r\n<span style=\"color: #0000ff\">5. Tee tarvittavat kytkenn\u00e4t<\/span>\r\n<span style=\"color: #ff0000\">- PYYD\u00c4 OPETTAJAA TARKISTAMAAN KYTKENN\u00c4T<\/span>\r\n\r\n<span style=\"color: #0000ff\">6. Tee j\u00e4nnitteett\u00f6m\u00e4t mittaukset<\/span>\r\n<span style=\"color: #ff0000\">- PYYD\u00c4 OPETTAJA PAIKALLE J\u00c4NNITEEN KYTKEMIST\u00c4 VARTEN<\/span>\r\n\r\n<span style=\"color: #0000ff\">7. Tee j\u00e4nnitteelliset mittaukset\r\n\r\n8. Koek\u00e4yt\u00e4 asennus<\/span>\r\n<span style=\"color: #ff0000\">- PYYD\u00c4 OPETTAJA TARKISTAMAAN TOIMINTA<\/span>\r\n\r\n<span style=\"color: #0000ff\">9. Pura kytkenn\u00e4t ja palauta tarvikkeet paikoilleen<\/span>\r\n\r\n<span style=\"color: #0000ff\">10. SIIVOA TY\u00d6PISTE<\/span>\r\n<span style=\"color: #ff0000\">- PYYD\u00c4 OPETTAJA TARKISTAMAAN SIISTEYS<\/span>\r\n<span style=\"color: #0000ff\">\r\n11. Palauta ty\u00f6si tulos BLOGI merkint\u00e4n\u00e4.<\/span><\/pre>\n<h3><span style=\"text-decoration: underline\"><b>ASENNUSDOKUMENTIT:<\/b><\/span><\/h3>\n<pre>Tasopiirrustus: <a href=\"https:\/\/blogit.gradia.fi\/sahkonet\/wp-content\/uploads\/sites\/80\/2015\/01\/SEOT20_ENSTONET_Tasokuva.pdf\">SEOT20_ENSTONET_Tasokuva<\/a>\r\nKeskuskaavio: <a href=\"https:\/\/blogit.gradia.fi\/sahkonet\/wp-content\/uploads\/sites\/80\/2015\/01\/SEOT20_ENSTONET_RU4E21S.pdf\">SEOT20_ENSTONET_RU4E21S<\/a><\/pre>\n<pre>METALLIRANKASEIN\u00c4:\r\nKnauf? (tulossa)<\/pre>\n<pre>ENSTONET:\r\nYleisesite: <a href=\"http:\/\/www.ensto.com\/download\/13236_enstonet_2008_netti_24972.pdf\" target=\"_blank\">http:\/\/www.ensto.com\/download\/13236_enstonet_2008_netti_24972.pdf<\/a> Suunniteluopas: <a href=\"http:\/\/www.ensto.com\/download\/13235_designersguide_fi_netti.pdf\" target=\"_blank\">http:\/\/www.ensto.com\/download\/13235_designersguide_fi_netti.pdf<\/a>\r\nKytkent\u00e4tarvikkeet <a href=\"http:\/\/www.ensto.com\/download\/19040_kytkentatarvikkeet_fi.pdf\" target=\"_blank\">http:\/\/www.ensto.com\/download\/19040_kytkentatarvikkeet_fi.pdf<\/a>\r\nTarviikkeet: <a href=\"http:\/\/products.ensto.com\/catalog\/17520\/EnstoNet-asennusj%C3%A4rjestelm%C3%A4tuotteet_FIN1.html\" target=\"_blank\">http:\/\/products.ensto.com\/catalog\/17520\/EnstoNet-asennusj%C3%A4rjestelm%C3%A4tuotteet_FIN1.html<\/a><\/pre>\n<pre>MSK-KAAPELI:\r\nPrysmian: <a href=\"http:\/\/fi.prysmiangroup.com\/en\/business_markets\/markets\/ti\/downloads\/datasheets\/MSK-LSZH.pdf\" target=\"_blank\">http:\/\/fi.prysmiangroup.com\/en\/business_markets\/markets\/ti\/downloads\/datasheets\/MSK-LSZH.pdf<\/a><\/pre>\n<pre>KOSKETINKISKO:\r\nSylvania: <a href=\"http:\/\/www.havells-sylvania.com\/en\/products\/3019010\" target=\"_blank\">http:\/\/www.havells-sylvania.com\/en\/products\/3019010<\/a><\/pre>\n<p>&nbsp;<\/p>\n<p>&nbsp;<\/p>\n","protected":false},"excerpt":{"rendered":"<p>16.1.2015 Jari Peura TEHT\u00c4V\u00c4N TAVOITE Oppimisteht\u00e4v\u00e4n tavoiteena on &#8211; oppia tuntemaan metallirankasein\u00e4\u00e4n asentamisen &#8211; oppia tuntemaan ENSTONET j\u00e4rjestelm\u00e4n komponentit, asentamisen, kytkenn\u00e4t sek\u00e4 k\u00e4ytt\u00f6kohteet TIIMIN OPPIMISTEHT\u00c4V\u00c4T: Ennakkoteht\u00e4v\u00e4: Ennen asennusharjoitusta tee ennakkoteht\u00e4v\u00e4 (l\u00f6ytyy alikansiosta &#8221;ENNAKKOTEHT\u00c4V\u00c4T&#8221;) Asennusharjoitus: !!!VALOKUVAA\/VIDEOI TY\u00d6VAIHEET!!! 1. Tutustu asennusdokumentteihin &#8211; Tasopiirustus &#8211; Keskuskaavio &#8211; Laitemanuaalit 2. Laadi osaluettelo &#8211; N\u00c4YT\u00c4 OSALUETTELO OPETTAJALLE 3. Hae tarvikkeet &hellip; <a href=\"https:\/\/blogit.gradia.fi\/sahkonet\/sahko-ja-energiatekniikka\/oppimistehtavat\/sahkoasennustekniikka-ja-laiteasennukset\/seot20-metallirankaseinaan-asentaminen-enstonet\/\" class=\"more-link\">Jatka lukemista <span class=\"screen-reader-text\">SEOT20, Metallirankasein\u00e4\u00e4n asentaminen (ENSTONET)<\/span> <span class=\"meta-nav\">&rarr;<\/span><\/a><\/p>\n","protected":false},"author":153,"featured_media":0,"parent":193,"menu_order":7,"comment_status":"closed","ping_status":"closed","template":"","meta":{"_uag_custom_page_level_css":"","footnotes":""},"class_list":["post-1117","page","type-page","status-publish","hentry"],"yoast_head":"<!-- This site is optimized with the Yoast SEO plugin v27.4 - https:\/\/yoast.com\/product\/yoast-seo-wordpress\/ -->\n<title>SEOT20, Metallirankasein\u00e4\u00e4n asentaminen (ENSTONET) - S\u00e4hk\u00f6Net<\/title>\n<meta name=\"robots\" content=\"index, follow, max-snippet:-1, max-image-preview:large, max-video-preview:-1\" \/>\n<link rel=\"canonical\" href=\"https:\/\/blogit.gradia.fi\/sahkonet\/sahko-ja-energiatekniikka\/oppimistehtavat\/sahkoasennustekniikka-ja-laiteasennukset\/seot20-metallirankaseinaan-asentaminen-enstonet\/\" \/>\n<meta property=\"og:locale\" content=\"fi_FI\" \/>\n<meta property=\"og:type\" content=\"article\" \/>\n<meta property=\"og:title\" content=\"SEOT20, Metallirankasein\u00e4\u00e4n asentaminen (ENSTONET) - S\u00e4hk\u00f6Net\" \/>\n<meta property=\"og:description\" content=\"16.1.2015 Jari Peura TEHT\u00c4V\u00c4N TAVOITE Oppimisteht\u00e4v\u00e4n tavoiteena on - oppia tuntemaan metallirankasein\u00e4\u00e4n asentamisen - oppia tuntemaan ENSTONET j\u00e4rjestelm\u00e4n komponentit, asentamisen, kytkenn\u00e4t sek\u00e4 k\u00e4ytt\u00f6kohteet TIIMIN OPPIMISTEHT\u00c4V\u00c4T: Ennakkoteht\u00e4v\u00e4: Ennen asennusharjoitusta tee ennakkoteht\u00e4v\u00e4 (l\u00f6ytyy alikansiosta &quot;ENNAKKOTEHT\u00c4V\u00c4T&quot;) Asennusharjoitus: !!!VALOKUVAA\/VIDEOI TY\u00d6VAIHEET!!! 1. Tutustu asennusdokumentteihin - Tasopiirustus - Keskuskaavio - Laitemanuaalit 2. Laadi osaluettelo - N\u00c4YT\u00c4 OSALUETTELO OPETTAJALLE 3. Hae tarvikkeet &hellip; Jatka lukemista SEOT20, Metallirankasein\u00e4\u00e4n asentaminen (ENSTONET) &rarr;\" \/>\n<meta property=\"og:url\" content=\"https:\/\/blogit.gradia.fi\/sahkonet\/sahko-ja-energiatekniikka\/oppimistehtavat\/sahkoasennustekniikka-ja-laiteasennukset\/seot20-metallirankaseinaan-asentaminen-enstonet\/\" \/>\n<meta property=\"og:site_name\" content=\"S\u00e4hk\u00f6Net\" \/>\n<meta property=\"article:modified_time\" content=\"2015-01-17T13:03:38+00:00\" \/>\n<meta name=\"twitter:card\" content=\"summary_large_image\" \/>\n<meta name=\"twitter:label1\" content=\"Arvioitu lukuaika\" \/>\n\t<meta name=\"twitter:data1\" content=\"1 minuutti\" \/>\n<script type=\"application\/ld+json\" class=\"yoast-schema-graph\">{\"@context\":\"https:\\\/\\\/schema.org\",\"@graph\":[{\"@type\":\"WebPage\",\"@id\":\"https:\\\/\\\/blogit.gradia.fi\\\/sahkonet\\\/sahko-ja-energiatekniikka\\\/oppimistehtavat\\\/sahkoasennustekniikka-ja-laiteasennukset\\\/seot20-metallirankaseinaan-asentaminen-enstonet\\\/\",\"url\":\"https:\\\/\\\/blogit.gradia.fi\\\/sahkonet\\\/sahko-ja-energiatekniikka\\\/oppimistehtavat\\\/sahkoasennustekniikka-ja-laiteasennukset\\\/seot20-metallirankaseinaan-asentaminen-enstonet\\\/\",\"name\":\"SEOT20, Metallirankasein\u00e4\u00e4n asentaminen (ENSTONET) - S\u00e4hk\u00f6Net\",\"isPartOf\":{\"@id\":\"https:\\\/\\\/blogit.gradia.fi\\\/sahkonet\\\/#website\"},\"datePublished\":\"2015-01-16T16:38:59+00:00\",\"dateModified\":\"2015-01-17T13:03:38+00:00\",\"breadcrumb\":{\"@id\":\"https:\\\/\\\/blogit.gradia.fi\\\/sahkonet\\\/sahko-ja-energiatekniikka\\\/oppimistehtavat\\\/sahkoasennustekniikka-ja-laiteasennukset\\\/seot20-metallirankaseinaan-asentaminen-enstonet\\\/#breadcrumb\"},\"inLanguage\":\"fi\",\"potentialAction\":[{\"@type\":\"ReadAction\",\"target\":[\"https:\\\/\\\/blogit.gradia.fi\\\/sahkonet\\\/sahko-ja-energiatekniikka\\\/oppimistehtavat\\\/sahkoasennustekniikka-ja-laiteasennukset\\\/seot20-metallirankaseinaan-asentaminen-enstonet\\\/\"]}]},{\"@type\":\"BreadcrumbList\",\"@id\":\"https:\\\/\\\/blogit.gradia.fi\\\/sahkonet\\\/sahko-ja-energiatekniikka\\\/oppimistehtavat\\\/sahkoasennustekniikka-ja-laiteasennukset\\\/seot20-metallirankaseinaan-asentaminen-enstonet\\\/#breadcrumb\",\"itemListElement\":[{\"@type\":\"ListItem\",\"position\":1,\"name\":\"S\u00e4hk\u00f6- ja energiatekniikka (20ov)\",\"item\":\"https:\\\/\\\/blogit.gradia.fi\\\/sahkonet\\\/sahko-ja-energiatekniikka\\\/\"},{\"@type\":\"ListItem\",\"position\":2,\"name\":\"Oppimisteht\u00e4v\u00e4t\",\"item\":\"https:\\\/\\\/blogit.gradia.fi\\\/sahkonet\\\/sahko-ja-energiatekniikka\\\/oppimistehtavat\\\/\"},{\"@type\":\"ListItem\",\"position\":3,\"name\":\"S\u00e4hk\u00f6asennustekniikka ja -laiteasennukset\",\"item\":\"https:\\\/\\\/blogit.gradia.fi\\\/sahkonet\\\/sahko-ja-energiatekniikka\\\/oppimistehtavat\\\/sahkoasennustekniikka-ja-laiteasennukset\\\/\"},{\"@type\":\"ListItem\",\"position\":4,\"name\":\"SEOT20, Metallirankasein\u00e4\u00e4n asentaminen (ENSTONET)\"}]},{\"@type\":\"WebSite\",\"@id\":\"https:\\\/\\\/blogit.gradia.fi\\\/sahkonet\\\/#website\",\"url\":\"https:\\\/\\\/blogit.gradia.fi\\\/sahkonet\\\/\",\"name\":\"S\u00e4hk\u00f6Net\",\"description\":\"S\u00e4hk\u00f6- ja automaatiotekniikan perustutkinto\",\"potentialAction\":[{\"@type\":\"SearchAction\",\"target\":{\"@type\":\"EntryPoint\",\"urlTemplate\":\"https:\\\/\\\/blogit.gradia.fi\\\/sahkonet\\\/?s={search_term_string}\"},\"query-input\":{\"@type\":\"PropertyValueSpecification\",\"valueRequired\":true,\"valueName\":\"search_term_string\"}}],\"inLanguage\":\"fi\"}]}<\/script>\n<!-- \/ Yoast SEO plugin. -->","yoast_head_json":{"title":"SEOT20, Metallirankasein\u00e4\u00e4n asentaminen (ENSTONET) - S\u00e4hk\u00f6Net","robots":{"index":"index","follow":"follow","max-snippet":"max-snippet:-1","max-image-preview":"max-image-preview:large","max-video-preview":"max-video-preview:-1"},"canonical":"https:\/\/blogit.gradia.fi\/sahkonet\/sahko-ja-energiatekniikka\/oppimistehtavat\/sahkoasennustekniikka-ja-laiteasennukset\/seot20-metallirankaseinaan-asentaminen-enstonet\/","og_locale":"fi_FI","og_type":"article","og_title":"SEOT20, Metallirankasein\u00e4\u00e4n asentaminen (ENSTONET) - S\u00e4hk\u00f6Net","og_description":"16.1.2015 Jari Peura TEHT\u00c4V\u00c4N TAVOITE Oppimisteht\u00e4v\u00e4n tavoiteena on - oppia tuntemaan metallirankasein\u00e4\u00e4n asentamisen - oppia tuntemaan ENSTONET j\u00e4rjestelm\u00e4n komponentit, asentamisen, kytkenn\u00e4t sek\u00e4 k\u00e4ytt\u00f6kohteet TIIMIN OPPIMISTEHT\u00c4V\u00c4T: Ennakkoteht\u00e4v\u00e4: Ennen asennusharjoitusta tee ennakkoteht\u00e4v\u00e4 (l\u00f6ytyy alikansiosta \"ENNAKKOTEHT\u00c4V\u00c4T\") Asennusharjoitus: !!!VALOKUVAA\/VIDEOI TY\u00d6VAIHEET!!! 1. Tutustu asennusdokumentteihin - Tasopiirustus - Keskuskaavio - Laitemanuaalit 2. Laadi osaluettelo - N\u00c4YT\u00c4 OSALUETTELO OPETTAJALLE 3. Hae tarvikkeet &hellip; Jatka lukemista SEOT20, Metallirankasein\u00e4\u00e4n asentaminen (ENSTONET) &rarr;","og_url":"https:\/\/blogit.gradia.fi\/sahkonet\/sahko-ja-energiatekniikka\/oppimistehtavat\/sahkoasennustekniikka-ja-laiteasennukset\/seot20-metallirankaseinaan-asentaminen-enstonet\/","og_site_name":"S\u00e4hk\u00f6Net","article_modified_time":"2015-01-17T13:03:38+00:00","twitter_card":"summary_large_image","twitter_misc":{"Arvioitu lukuaika":"1 minuutti"},"schema":{"@context":"https:\/\/schema.org","@graph":[{"@type":"WebPage","@id":"https:\/\/blogit.gradia.fi\/sahkonet\/sahko-ja-energiatekniikka\/oppimistehtavat\/sahkoasennustekniikka-ja-laiteasennukset\/seot20-metallirankaseinaan-asentaminen-enstonet\/","url":"https:\/\/blogit.gradia.fi\/sahkonet\/sahko-ja-energiatekniikka\/oppimistehtavat\/sahkoasennustekniikka-ja-laiteasennukset\/seot20-metallirankaseinaan-asentaminen-enstonet\/","name":"SEOT20, Metallirankasein\u00e4\u00e4n asentaminen (ENSTONET) - S\u00e4hk\u00f6Net","isPartOf":{"@id":"https:\/\/blogit.gradia.fi\/sahkonet\/#website"},"datePublished":"2015-01-16T16:38:59+00:00","dateModified":"2015-01-17T13:03:38+00:00","breadcrumb":{"@id":"https:\/\/blogit.gradia.fi\/sahkonet\/sahko-ja-energiatekniikka\/oppimistehtavat\/sahkoasennustekniikka-ja-laiteasennukset\/seot20-metallirankaseinaan-asentaminen-enstonet\/#breadcrumb"},"inLanguage":"fi","potentialAction":[{"@type":"ReadAction","target":["https:\/\/blogit.gradia.fi\/sahkonet\/sahko-ja-energiatekniikka\/oppimistehtavat\/sahkoasennustekniikka-ja-laiteasennukset\/seot20-metallirankaseinaan-asentaminen-enstonet\/"]}]},{"@type":"BreadcrumbList","@id":"https:\/\/blogit.gradia.fi\/sahkonet\/sahko-ja-energiatekniikka\/oppimistehtavat\/sahkoasennustekniikka-ja-laiteasennukset\/seot20-metallirankaseinaan-asentaminen-enstonet\/#breadcrumb","itemListElement":[{"@type":"ListItem","position":1,"name":"S\u00e4hk\u00f6- ja energiatekniikka (20ov)","item":"https:\/\/blogit.gradia.fi\/sahkonet\/sahko-ja-energiatekniikka\/"},{"@type":"ListItem","position":2,"name":"Oppimisteht\u00e4v\u00e4t","item":"https:\/\/blogit.gradia.fi\/sahkonet\/sahko-ja-energiatekniikka\/oppimistehtavat\/"},{"@type":"ListItem","position":3,"name":"S\u00e4hk\u00f6asennustekniikka ja -laiteasennukset","item":"https:\/\/blogit.gradia.fi\/sahkonet\/sahko-ja-energiatekniikka\/oppimistehtavat\/sahkoasennustekniikka-ja-laiteasennukset\/"},{"@type":"ListItem","position":4,"name":"SEOT20, Metallirankasein\u00e4\u00e4n asentaminen (ENSTONET)"}]},{"@type":"WebSite","@id":"https:\/\/blogit.gradia.fi\/sahkonet\/#website","url":"https:\/\/blogit.gradia.fi\/sahkonet\/","name":"S\u00e4hk\u00f6Net","description":"S\u00e4hk\u00f6- ja automaatiotekniikan perustutkinto","potentialAction":[{"@type":"SearchAction","target":{"@type":"EntryPoint","urlTemplate":"https:\/\/blogit.gradia.fi\/sahkonet\/?s={search_term_string}"},"query-input":{"@type":"PropertyValueSpecification","valueRequired":true,"valueName":"search_term_string"}}],"inLanguage":"fi"}]}},"uagb_featured_image_src":{"full":false,"thumbnail":false,"medium":false,"medium_large":false,"large":false,"1536x1536":false,"2048x2048":false,"post-thumbnail":false,"twentyfourteen-full-width":false},"uagb_author_info":{"display_name":"Minna Puoliv\u00e4li","author_link":"https:\/\/blogit.gradia.fi\/sahkonet\/author\/puolimin\/"},"uagb_comment_info":0,"uagb_excerpt":"16.1.2015 Jari Peura TEHT\u00c4V\u00c4N TAVOITE Oppimisteht\u00e4v\u00e4n tavoiteena on - oppia tuntemaan metallirankasein\u00e4\u00e4n asentamisen - oppia tuntemaan ENSTONET j\u00e4rjestelm\u00e4n komponentit, asentamisen, kytkenn\u00e4t sek\u00e4 k\u00e4ytt\u00f6kohteet TIIMIN OPPIMISTEHT\u00c4V\u00c4T: Ennakkoteht\u00e4v\u00e4: Ennen asennusharjoitusta tee ennakkoteht\u00e4v\u00e4 (l\u00f6ytyy alikansiosta \"ENNAKKOTEHT\u00c4V\u00c4T\") Asennusharjoitus: !!!VALOKUVAA\/VIDEOI TY\u00d6VAIHEET!!! 1. Tutustu asennusdokumentteihin - Tasopiirustus - Keskuskaavio - Laitemanuaalit 2. Laadi osaluettelo - N\u00c4YT\u00c4 OSALUETTELO OPETTAJALLE 3. Hae tarvikkeet&hellip;","_links":{"self":[{"href":"https:\/\/blogit.gradia.fi\/sahkonet\/wp-json\/wp\/v2\/pages\/1117","targetHints":{"allow":["GET"]}}],"collection":[{"href":"https:\/\/blogit.gradia.fi\/sahkonet\/wp-json\/wp\/v2\/pages"}],"about":[{"href":"https:\/\/blogit.gradia.fi\/sahkonet\/wp-json\/wp\/v2\/types\/page"}],"author":[{"embeddable":true,"href":"https:\/\/blogit.gradia.fi\/sahkonet\/wp-json\/wp\/v2\/users\/153"}],"replies":[{"embeddable":true,"href":"https:\/\/blogit.gradia.fi\/sahkonet\/wp-json\/wp\/v2\/comments?post=1117"}],"version-history":[{"count":0,"href":"https:\/\/blogit.gradia.fi\/sahkonet\/wp-json\/wp\/v2\/pages\/1117\/revisions"}],"up":[{"embeddable":true,"href":"https:\/\/blogit.gradia.fi\/sahkonet\/wp-json\/wp\/v2\/pages\/193"}],"wp:attachment":[{"href":"https:\/\/blogit.gradia.fi\/sahkonet\/wp-json\/wp\/v2\/media?parent=1117"}],"curies":[{"name":"wp","href":"https:\/\/api.w.org\/{rel}","templated":true}]}}